{"id":48053,"date":"2023-07-13T13:30:45","date_gmt":"2023-07-13T10:30:45","guid":{"rendered":"https:\/\/toidupakk.ee\/toode\/palapine-richmond-1\/"},"modified":"2026-04-29T16:32:02","modified_gmt":"2026-04-29T13:32:02","slug":"palapine-richmond-1","status":"publish","type":"product","link":"https:\/\/toidupakk.ee\/lt\/toode\/palapine-richmond-1\/","title":{"rendered":"Palapin\u0117 Richmond 1"},"content":{"rendered":"<h1>Palapin\u0117 Richmond 1<\/h1>\n<p>Tunelin\u0117s konstrukcijos palapin\u0117s pasi\u017eymi labai geru atsparumu v\u0117jui. Net ir audring\u0105 dien\u0105 stovyklaujant nereikia jaudintis d\u0117l palapin\u0117s stabilumo. Teisingai kuoliukais pritvirtinta palapin\u0117 nenuskris net ir esant stipriam v\u0117jui. Palapin\u0117 Richmond 1 susideda i\u0161 vidin\u0117s ir i\u0161orin\u0117s dalies. Abi dalis galima statyti ir atskirai. Stovyklaujant \u0161ilto klimato zonose kar\u0161tomis naktimis galima naudoti tik vidin\u0119 palapin\u0119. Taip geriau cirkuliuoja oras, suteikdamas v\u0117sos, o tinklelis apsaugo nuo \u012fkyri\u0173 vabzd\u017ei\u0173. Papildomas privalumas \u2013 jei pasiseks, gal\u0117si u\u017emigti steb\u0117damas \u017evaig\u017ed\u0117t\u0105 dang\u0173.       <\/p>\n<h2>Palapin\u0117 Richmond 1 \u2013 kokios med\u017eiagos naudojamos?<\/h2>\n<p>Palapin\u0117s dangos ir konstrukcijos med\u017eiagos yra itin lengvos. Naudojamos plonos, bet patvarios \u201ei\u0161maniosios\u201c med\u017eiagos. D\u0117l to bendras palapin\u0117s svoris yra minimalus, tod\u0117l \u017eygeiviai gali j\u0105 lengvai ne\u0161tis su savimi. I\u0161orinis sluoksnis ir dugnas padengti poliuretanu, kad b\u016bt\u0173 u\u017etikrintas geras atsparumas vandeniui. Si\u016bl\u0117s yra sandarintos. Tai pad\u0117s tau i\u0161likti \u0161iltai ir sausai net ir dr\u0117gnu oru.      <\/p>\n<p><img fetchpriority=\"high\" decoding=\"async\" class=\"alignnone size-medium wp-image-11348\" src=\"https:\/\/toidupakk.ee\/wp-content\/uploads\/2023\/07\/grandcanyon-logo-300x189.png\" alt=\"\" width=\"300\" height=\"189\" srcset=\"https:\/\/toidupakk.ee\/wp-content\/uploads\/2023\/07\/grandcanyon-logo-300x189.png 300w, https:\/\/toidupakk.ee\/wp-content\/uploads\/2023\/07\/grandcanyon-logo.png 340w\" sizes=\"(max-width: 300px) 100vw, 300px\" \/><\/p>\n<p>&nbsp;<\/p>\n<h2>Papildomos palapin\u0117s dalys<\/h2>\n<p>Palapin\u0117s \u0161one esantis prieangis leid\u017eia laikyti \u012frang\u0105 apsaugot\u0105 nuo krituli\u0173 ir \u0161alia sav\u0119s. Jis skirtas dr\u0117gniems drabu\u017eiams, batams ir kuprinei laikyti. D\u0117l to vidin\u0117 miegamoji dalis i\u0161lieka sausa. Palapin\u0117s lankas galvos pus\u0117je yra didesnis ir auk\u0161tesnis, kad b\u016bt\u0173 patogiau jud\u0117ti ir b\u016bt\u0173 daugiau erdv\u0117s.   <\/p>\n<p>NB! Palapin\u0117s virv\u0117s yra su at\u0161vaitais, tod\u0117l tamsoje jos kur kas geriau matomos. Daugiau nebereik\u0117s kli\u016bti u\u017e virvi\u0173 nakt\u012f. Be to, taip lengviau rasi savo palapin\u0119 tamsoje.   <\/p>\n<p><img decoding=\"async\" class=\"alignnone size-full wp-image-11347\" src=\"https:\/\/toidupakk.ee\/wp-content\/uploads\/2023\/07\/richmond-1-size.png\" alt=\"\" width=\"250\" height=\"250\" srcset=\"https:\/\/toidupakk.ee\/wp-content\/uploads\/2023\/07\/richmond-1-size.png 250w, https:\/\/toidupakk.ee\/wp-content\/uploads\/2023\/07\/richmond-1-size-100x100.png 100w\" sizes=\"(max-width: 250px) 100vw, 250px\" \/><\/p>\n<p>Daugiau turizmo preki\u0173 rasi <a href=\"https:\/\/toidupakk.ee\/lt\/tootekategooria\/zygio-iranga\/#section-3-79\">\u010cIA<\/a><\/p>\n<p>O gal domiesi \u017eygio maistu? \u017di\u016br\u0117k <a href=\"\/?product_cat=snakk#section-3-79\">\u010cIA<\/a><\/p>\n<p>Pasisemk \u012fkv\u0117pimo kitiems nuotykiams Toidupakk <a href=\"https:\/\/www.instagram.com\/toidupakk\/\">Instagram<\/a> ir <a href=\"https:\/\/www.facebook.com\/Toidupakk\/\">Facebook<\/a> paskyrose.<\/p>\n","protected":false},"excerpt":{"rendered":"<p><strong>Richmond 1 vienviet\u0117 palapin\u0117<\/strong> yra <strong>lengviausias modelis<\/strong> tarp GRAND CANYON\u00ae palapini\u0173, sveriantis vos <strong>1700 gram\u0173.<\/strong> Ma\u017eas svoris ir kompakti\u0161kas dydis paver\u010dia Richmond 1 idealia tavo \u017eygi\u0173 palydove. Richmond 1 patogiai talpina 1 asmen\u012f su visa \u017eygio \u012franga. \u017dema ir aerodinami\u0161ka forma daro palapin\u0119 <strong>labai atspari\u0105 v\u0117jui<\/strong>. \u0160one esan\u010diame <strong>prieangyje puikiai tilps \u0161lapi drabu\u017eiai ir avalyn\u0117<\/strong>. Kar\u0161tomis s\u0105lygomis <strong>galima naudoti tik vidin\u0119 palapin\u0117s dal\u012f<\/strong>. Tai u\u017etikrina oro cirkuliacij\u0105, apsaugo nuo uod\u0173 bei vabzd\u017ei\u0173, o giedr\u0105 nakt\u012f leid\u017eia net <strong>steb\u0117ti \u017evaig\u017edes<\/strong>.     <\/p>\n<p>&nbsp;<\/p>\n<ul>\n<li><strong>Viet\u0173 skai\u010dius:<\/strong> 1 asmuo<\/li>\n<li><strong>I\u0161orinio sluoksnio med\u017eiaga:<\/strong> 100 % poliesteris 68D (190T)<\/li>\n<li><strong>Vidin\u0117s palapin\u0117s med\u017eiaga:<\/strong> patvarus tinklinis audinys (apsaugo nuo uod\u0173 ir kit\u0173 vabzd\u017ei\u0173)<\/li>\n<li><strong>Dugno med\u017eiaga:<\/strong> polietilenas, padengtas poliuretano sluoksniu<\/li>\n<li><strong>Lankai:<\/strong> stiklo pluo\u0161tas<\/li>\n<li><strong>Kuoliukai:<\/strong> plienas<\/li>\n<li><strong>Svoris:<\/strong> 1700 gram\u0173<\/li>\n<li><strong>Matmenys:<\/strong> 13 x 28 cm (supakuotos)<\/li>\n<li><strong>Atsparumas vandeniui:<\/strong> 3000 mm<\/li>\n<li><strong>Spalva:<\/strong> Blue Grass (m\u0117lyna) arba Capulet Olive (mi\u0161ko \u017ealia)<\/li>\n<\/ul>\n<p>\u2705 Turime sand\u0117lyje, greitas pristatymas per 1\u20133 d. d.<br \/>\n\u2705 Pirk dabar, mok\u0117k v\u0117liau (pal\u016bkanos 0 %)<\/p>\n","protected":false},"featured_media":48087,"comment_status":"open","ping_status":"closed","template":"","meta":{"_acf_changed":false},"product_brand":[],"product_cat":[217,257,189,190],"product_tag":[],"class_list":{"0":"post-48053","1":"product","2":"type-product","3":"status-publish","4":"has-post-thumbnail","6":"product_cat-nakvyne-gamtoje","7":"product_cat-palapines","8":"product_cat-zygio-iranga","9":"product_cat-zygio-prekes","11":"first","12":"instock","13":"taxable","14":"shipping-taxable","15":"purchasable","16":"product-type-variable","17":"has-default-attributes"},"bundled_by":[],"bundle_stock_status":"instock","bundle_stock_quantity":null,"bundle_virtual":false,"bundle_layout":"","bundle_add_to_cart_form_location":"","bundle_editable_in_cart":false,"bundle_sold_individually_context":"","bundle_item_grouping":"","bundle_min_size":"","bundle_max_size":"","bundle_price":[],"bundled_items":[],"bundle_sell_ids":[],"acf":[],"yoast_head":"<!-- This site is optimized with the Yoast SEO plugin v27.3 - https:\/\/yoast.com\/product\/yoast-seo-wordpress\/ -->\n<title>Palapin\u0117 Richmond 1<\/title>\n<meta name=\"description\" content=\"Richmond 1 yra GRAND CANYON serijos vienviet\u0117 palapin\u0117, kuri yra lengviausias \u0161ios serijos modelis (1700 g). Ma\u017eas svoris ir kompakti\u0161kas dydis.\" \/>\n<meta name=\"robots\" content=\"index, follow, max-snippet:-1, max-image-preview:large, max-video-preview:-1\" \/>\n<link rel=\"canonical\" href=\"https:\/\/toidupakk.ee\/lt\/toode\/palapine-richmond-1\/\" \/>\n<meta property=\"og:locale\" content=\"lt_LT\" \/>\n<meta property=\"og:type\" content=\"article\" \/>\n<meta property=\"og:title\" content=\"Palapin\u0117 Richmond 1\" \/>\n<meta property=\"og:description\" content=\"Richmond 1 yra GRAND CANYON serijos vienviet\u0117 palapin\u0117, kuri yra lengviausias \u0161ios serijos modelis (1700 g). Ma\u017eas svoris ir kompakti\u0161kas dydis.\" \/>\n<meta property=\"og:url\" content=\"https:\/\/toidupakk.ee\/lt\/toode\/palapine-richmond-1\/\" \/>\n<meta property=\"og:site_name\" content=\"Toidupakk.ee - Tactical Foodpack toidupakid\" \/>\n<meta property=\"article:publisher\" content=\"https:\/\/www.facebook.com\/Toidupakk\" \/>\n<meta property=\"article:modified_time\" content=\"2026-04-29T13:32:02+00:00\" \/>\n<meta property=\"og:image\" content=\"https:\/\/toidupakk.ee\/wp-content\/uploads\/2023\/07\/Telk-Richmond-1-roheline.png\" \/>\n\t<meta property=\"og:image:width\" content=\"800\" \/>\n\t<meta property=\"og:image:height\" content=\"800\" \/>\n\t<meta property=\"og:image:type\" content=\"image\/png\" \/>\n<meta name=\"twitter:card\" content=\"summary_large_image\" \/>\n<meta name=\"twitter:label1\" content=\"Est. reading time\" \/>\n\t<meta name=\"twitter:data1\" content=\"1 minut\u0117\" \/>\n<script type=\"application\/ld+json\" class=\"yoast-schema-graph\">{\"@context\":\"https:\\\/\\\/schema.org\",\"@graph\":[{\"@type\":\"WebPage\",\"@id\":\"https:\\\/\\\/toidupakk.ee\\\/lt\\\/toode\\\/palapine-richmond-1\\\/\",\"url\":\"https:\\\/\\\/toidupakk.ee\\\/lt\\\/toode\\\/palapine-richmond-1\\\/\",\"name\":\"Palapin\u0117 Richmond 1\",\"isPartOf\":{\"@id\":\"https:\\\/\\\/toidupakk.ee\\\/lt\\\/#website\"},\"primaryImageOfPage\":{\"@id\":\"https:\\\/\\\/toidupakk.ee\\\/lt\\\/toode\\\/palapine-richmond-1\\\/#primaryimage\"},\"image\":{\"@id\":\"https:\\\/\\\/toidupakk.ee\\\/lt\\\/toode\\\/palapine-richmond-1\\\/#primaryimage\"},\"thumbnailUrl\":\"https:\\\/\\\/toidupakk.ee\\\/wp-content\\\/uploads\\\/2023\\\/07\\\/Telk-Richmond-1-roheline.png\",\"datePublished\":\"2023-07-13T10:30:45+00:00\",\"dateModified\":\"2026-04-29T13:32:02+00:00\",\"description\":\"Richmond 1 yra GRAND CANYON serijos vienviet\u0117 palapin\u0117, kuri yra lengviausias \u0161ios serijos modelis (1700 g). Ma\u017eas svoris ir kompakti\u0161kas dydis.\",\"breadcrumb\":{\"@id\":\"https:\\\/\\\/toidupakk.ee\\\/lt\\\/toode\\\/palapine-richmond-1\\\/#breadcrumb\"},\"inLanguage\":\"lt-LT\",\"potentialAction\":[{\"@type\":\"ReadAction\",\"target\":[\"https:\\\/\\\/toidupakk.ee\\\/lt\\\/toode\\\/palapine-richmond-1\\\/\"]}]},{\"@type\":\"ImageObject\",\"inLanguage\":\"lt-LT\",\"@id\":\"https:\\\/\\\/toidupakk.ee\\\/lt\\\/toode\\\/palapine-richmond-1\\\/#primaryimage\",\"url\":\"https:\\\/\\\/toidupakk.ee\\\/wp-content\\\/uploads\\\/2023\\\/07\\\/Telk-Richmond-1-roheline.png\",\"contentUrl\":\"https:\\\/\\\/toidupakk.ee\\\/wp-content\\\/uploads\\\/2023\\\/07\\\/Telk-Richmond-1-roheline.png\",\"width\":800,\"height\":800,\"caption\":\"Vienviet\u0117 palapin\u0117 Grand Canyon Richmond 1 olive green\"},{\"@type\":\"BreadcrumbList\",\"@id\":\"https:\\\/\\\/toidupakk.ee\\\/lt\\\/toode\\\/palapine-richmond-1\\\/#breadcrumb\",\"itemListElement\":[{\"@type\":\"ListItem\",\"position\":1,\"name\":\"Avaleht\",\"item\":\"https:\\\/\\\/toidupakk.ee\\\/lt\\\/\"},{\"@type\":\"ListItem\",\"position\":2,\"name\":\"El. parduotuv\u0117\",\"item\":\"https:\\\/\\\/toidupakk.ee\\\/lt\\\/el-parduotuve\\\/\"},{\"@type\":\"ListItem\",\"position\":3,\"name\":\"Palapin\u0117 Richmond 1\"}]},{\"@type\":\"WebSite\",\"@id\":\"https:\\\/\\\/toidupakk.ee\\\/lt\\\/#website\",\"url\":\"https:\\\/\\\/toidupakk.ee\\\/lt\\\/\",\"name\":\"Toidupakk.ee - Tactical Foodpack toidupakid\",\"description\":\"Tactical Foodpack k\u00fclmkuivatatud toidupakid ja matkaeined\",\"publisher\":{\"@id\":\"https:\\\/\\\/toidupakk.ee\\\/lt\\\/#organization\"},\"potentialAction\":[{\"@type\":\"SearchAction\",\"target\":{\"@type\":\"EntryPoint\",\"urlTemplate\":\"https:\\\/\\\/toidupakk.ee\\\/lt\\\/?s={search_term_string}\"},\"query-input\":{\"@type\":\"PropertyValueSpecification\",\"valueRequired\":true,\"valueName\":\"search_term_string\"}}],\"inLanguage\":\"lt-LT\"},{\"@type\":\"Organization\",\"@id\":\"https:\\\/\\\/toidupakk.ee\\\/lt\\\/#organization\",\"name\":\"Tactical Foodpack matkaeined\",\"url\":\"https:\\\/\\\/toidupakk.ee\\\/lt\\\/\",\"logo\":{\"@type\":\"ImageObject\",\"inLanguage\":\"lt-LT\",\"@id\":\"https:\\\/\\\/toidupakk.ee\\\/lt\\\/#\\\/schema\\\/logo\\\/image\\\/\",\"url\":\"https:\\\/\\\/toidupakk.ee\\\/wp-content\\\/uploads\\\/2022\\\/01\\\/Toidupakk-matkapood-logo-transparent.png\",\"contentUrl\":\"https:\\\/\\\/toidupakk.ee\\\/wp-content\\\/uploads\\\/2022\\\/01\\\/Toidupakk-matkapood-logo-transparent.png\",\"width\":500,\"height\":500,\"caption\":\"Tactical Foodpack matkaeined\"},\"image\":{\"@id\":\"https:\\\/\\\/toidupakk.ee\\\/lt\\\/#\\\/schema\\\/logo\\\/image\\\/\"},\"sameAs\":[\"https:\\\/\\\/www.facebook.com\\\/Toidupakk\",\"https:\\\/\\\/www.instagram.com\\\/toidupakk\\\/\"]}]}<\/script>\n<!-- \/ Yoast SEO plugin. -->","yoast_head_json":{"title":"Palapin\u0117 Richmond 1","description":"Richmond 1 yra GRAND CANYON serijos vienviet\u0117 palapin\u0117, kuri yra lengviausias \u0161ios serijos modelis (1700 g). Ma\u017eas svoris ir kompakti\u0161kas dydis.","robots":{"index":"index","follow":"follow","max-snippet":"max-snippet:-1","max-image-preview":"max-image-preview:large","max-video-preview":"max-video-preview:-1"},"canonical":"https:\/\/toidupakk.ee\/lt\/toode\/palapine-richmond-1\/","og_locale":"lt_LT","og_type":"article","og_title":"Palapin\u0117 Richmond 1","og_description":"Richmond 1 yra GRAND CANYON serijos vienviet\u0117 palapin\u0117, kuri yra lengviausias \u0161ios serijos modelis (1700 g). Ma\u017eas svoris ir kompakti\u0161kas dydis.","og_url":"https:\/\/toidupakk.ee\/lt\/toode\/palapine-richmond-1\/","og_site_name":"Toidupakk.ee - Tactical Foodpack toidupakid","article_publisher":"https:\/\/www.facebook.com\/Toidupakk","article_modified_time":"2026-04-29T13:32:02+00:00","og_image":[{"width":800,"height":800,"url":"https:\/\/toidupakk.ee\/wp-content\/uploads\/2023\/07\/Telk-Richmond-1-roheline.png","type":"image\/png"}],"twitter_card":"summary_large_image","twitter_misc":{"Est. reading time":"1 minut\u0117"},"schema":{"@context":"https:\/\/schema.org","@graph":[{"@type":"WebPage","@id":"https:\/\/toidupakk.ee\/lt\/toode\/palapine-richmond-1\/","url":"https:\/\/toidupakk.ee\/lt\/toode\/palapine-richmond-1\/","name":"Palapin\u0117 Richmond 1","isPartOf":{"@id":"https:\/\/toidupakk.ee\/lt\/#website"},"primaryImageOfPage":{"@id":"https:\/\/toidupakk.ee\/lt\/toode\/palapine-richmond-1\/#primaryimage"},"image":{"@id":"https:\/\/toidupakk.ee\/lt\/toode\/palapine-richmond-1\/#primaryimage"},"thumbnailUrl":"https:\/\/toidupakk.ee\/wp-content\/uploads\/2023\/07\/Telk-Richmond-1-roheline.png","datePublished":"2023-07-13T10:30:45+00:00","dateModified":"2026-04-29T13:32:02+00:00","description":"Richmond 1 yra GRAND CANYON serijos vienviet\u0117 palapin\u0117, kuri yra lengviausias \u0161ios serijos modelis (1700 g). Ma\u017eas svoris ir kompakti\u0161kas dydis.","breadcrumb":{"@id":"https:\/\/toidupakk.ee\/lt\/toode\/palapine-richmond-1\/#breadcrumb"},"inLanguage":"lt-LT","potentialAction":[{"@type":"ReadAction","target":["https:\/\/toidupakk.ee\/lt\/toode\/palapine-richmond-1\/"]}]},{"@type":"ImageObject","inLanguage":"lt-LT","@id":"https:\/\/toidupakk.ee\/lt\/toode\/palapine-richmond-1\/#primaryimage","url":"https:\/\/toidupakk.ee\/wp-content\/uploads\/2023\/07\/Telk-Richmond-1-roheline.png","contentUrl":"https:\/\/toidupakk.ee\/wp-content\/uploads\/2023\/07\/Telk-Richmond-1-roheline.png","width":800,"height":800,"caption":"Vienviet\u0117 palapin\u0117 Grand Canyon Richmond 1 olive green"},{"@type":"BreadcrumbList","@id":"https:\/\/toidupakk.ee\/lt\/toode\/palapine-richmond-1\/#breadcrumb","itemListElement":[{"@type":"ListItem","position":1,"name":"Avaleht","item":"https:\/\/toidupakk.ee\/lt\/"},{"@type":"ListItem","position":2,"name":"El. parduotuv\u0117","item":"https:\/\/toidupakk.ee\/lt\/el-parduotuve\/"},{"@type":"ListItem","position":3,"name":"Palapin\u0117 Richmond 1"}]},{"@type":"WebSite","@id":"https:\/\/toidupakk.ee\/lt\/#website","url":"https:\/\/toidupakk.ee\/lt\/","name":"Toidupakk.ee - Tactical Foodpack toidupakid","description":"Tactical Foodpack k\u00fclmkuivatatud toidupakid ja matkaeined","publisher":{"@id":"https:\/\/toidupakk.ee\/lt\/#organization"},"potentialAction":[{"@type":"SearchAction","target":{"@type":"EntryPoint","urlTemplate":"https:\/\/toidupakk.ee\/lt\/?s={search_term_string}"},"query-input":{"@type":"PropertyValueSpecification","valueRequired":true,"valueName":"search_term_string"}}],"inLanguage":"lt-LT"},{"@type":"Organization","@id":"https:\/\/toidupakk.ee\/lt\/#organization","name":"Tactical Foodpack matkaeined","url":"https:\/\/toidupakk.ee\/lt\/","logo":{"@type":"ImageObject","inLanguage":"lt-LT","@id":"https:\/\/toidupakk.ee\/lt\/#\/schema\/logo\/image\/","url":"https:\/\/toidupakk.ee\/wp-content\/uploads\/2022\/01\/Toidupakk-matkapood-logo-transparent.png","contentUrl":"https:\/\/toidupakk.ee\/wp-content\/uploads\/2022\/01\/Toidupakk-matkapood-logo-transparent.png","width":500,"height":500,"caption":"Tactical Foodpack matkaeined"},"image":{"@id":"https:\/\/toidupakk.ee\/lt\/#\/schema\/logo\/image\/"},"sameAs":["https:\/\/www.facebook.com\/Toidupakk","https:\/\/www.instagram.com\/toidupakk\/"]}]}},"jetpack_sharing_enabled":true,"_links":{"self":[{"href":"https:\/\/toidupakk.ee\/lt\/wp-json\/wp\/v2\/product\/48053","targetHints":{"allow":["GET"]}}],"collection":[{"href":"https:\/\/toidupakk.ee\/lt\/wp-json\/wp\/v2\/product"}],"about":[{"href":"https:\/\/toidupakk.ee\/lt\/wp-json\/wp\/v2\/types\/product"}],"replies":[{"embeddable":true,"href":"https:\/\/toidupakk.ee\/lt\/wp-json\/wp\/v2\/comments?post=48053"}],"wp:featuredmedia":[{"embeddable":true,"href":"https:\/\/toidupakk.ee\/lt\/wp-json\/wp\/v2\/media\/48087"}],"wp:attachment":[{"href":"https:\/\/toidupakk.ee\/lt\/wp-json\/wp\/v2\/media?parent=48053"}],"wp:term":[{"taxonomy":"product_brand","embeddable":true,"href":"https:\/\/toidupakk.ee\/lt\/wp-json\/wp\/v2\/product_brand?post=48053"},{"taxonomy":"product_cat","embeddable":true,"href":"https:\/\/toidupakk.ee\/lt\/wp-json\/wp\/v2\/product_cat?post=48053"},{"taxonomy":"product_tag","embeddable":true,"href":"https:\/\/toidupakk.ee\/lt\/wp-json\/wp\/v2\/product_tag?post=48053"}],"curies":[{"name":"wp","href":"https:\/\/api.w.org\/{rel}","templated":true}]}}