{"id":48052,"date":"2023-07-04T14:22:20","date_gmt":"2023-07-04T11:22:20","guid":{"rendered":"https:\/\/toidupakk.ee\/toode\/vandeniui-atsparus-krepsys-bear-creek-drybag-100-l\/"},"modified":"2026-04-14T14:30:59","modified_gmt":"2026-04-14T11:30:59","slug":"vandeniui-atsparus-krepsys-bear-creek-drybag-100-l","status":"publish","type":"product","link":"https:\/\/toidupakk.ee\/lt\/toode\/vandeniui-atsparus-krepsys-bear-creek-drybag-100-l\/","title":{"rendered":"Vandeniui atsparus krep\u0161ys \u201eBear Creek Drybag\u201c 100 l"},"content":{"rendered":"<p>&nbsp;<\/p>\n<p>\u201eTF-2215 Bear Creek\u201c 100 l sausmai\u0161is yra patvarus, vandeniui atsparus krep\u0161ys, specialiai sukurtas i\u0161\u0161\u016bki\u0173 kupinoms veikloms gamtoje.<\/p>\n<p><img fetchpriority=\"high\" decoding=\"async\" class=\"alignright size-full wp-image-42623\" src=\"https:\/\/toidupakk.ee\/wp-content\/uploads\/2023\/07\/Nimetu-kujundus-4.png\" alt=\"\" width=\"800\" height=\"800\" srcset=\"https:\/\/toidupakk.ee\/wp-content\/uploads\/2023\/07\/Nimetu-kujundus-4.png 800w, https:\/\/toidupakk.ee\/wp-content\/uploads\/2023\/07\/Nimetu-kujundus-4-300x300.png 300w, https:\/\/toidupakk.ee\/wp-content\/uploads\/2023\/07\/Nimetu-kujundus-4-500x500.png 500w, https:\/\/toidupakk.ee\/wp-content\/uploads\/2023\/07\/Nimetu-kujundus-4-768x768.png 768w, https:\/\/toidupakk.ee\/wp-content\/uploads\/2023\/07\/Nimetu-kujundus-4-400x400.png 400w, https:\/\/toidupakk.ee\/wp-content\/uploads\/2023\/07\/Nimetu-kujundus-4-100x100.png 100w, https:\/\/toidupakk.ee\/wp-content\/uploads\/2023\/07\/Nimetu-kujundus-4-50x50.png 50w\" sizes=\"(max-width: 800px) 100vw, 800px\" \/><\/p>\n<p>\u0160is vandeniui atsparus krep\u0161ys yra itin talpus ir puikiai tinka visai \u012frangai gabenti.<\/p>\n<p>Krep\u0161ys turi ventiliacijos sistem\u0105, leid\u017eian\u010di\u0105 i\u0161leisti or\u0105. D\u0117l vandeniui atsparios PVC med\u017eiagos, sandari\u0173 si\u016bli\u0173 ir funkcionalios u\u017edarymo sistemos turinys i\u0161lieka sausas. <\/p>\n<p>&nbsp;<\/p>\n<p>Atsparumas vandeniui: atsparus purslams ir trumpam panardinimui \u012f vanden\u012f. Puikiai tinka tokioms veikloms kaip plaukimas baidar\u0117mis, plaustais, buriavimas, \u017eygiai p\u0117s\u010diomis, kempingas, \u017evejyba, \u017eiemos sportas, plaukimas kanojomis ir kt. <\/p>\n<p>U\u017edarymo sistema: nor\u0117damas u\u017etikrinti atsparum\u0105 vandeniui, u\u017edaryk krep\u0161io ang\u0105, susuk j\u0105 2\u20133 kartus ir u\u017efiksuok sagtimi.<\/p>\n<p>Atkreipk d\u0117mes\u012f! Krep\u0161ys n\u0117ra skirtas laikyti po vandeniu. Netinka nardymui ir pan.  <\/p>\n<p>&nbsp;<\/p>\n<p>Per\u017ei\u016br\u0117k visus u\u017ekand\u017eius <a href=\"\/?product_cat=snakk#section-3-79\">\u010cIA<\/a><\/p>\n<p>Per\u017ei\u016br\u0117k \u017eygio prekes <a href=\"https:\/\/toidupakk.ee\/lt\/tootekategooria\/zygio-iranga\/#section-3-79\">\u010cIA<\/a><\/p>\n<p>Pasisemk \u012fkv\u0117pimo kitiems nuotykiams Toidupakk <a href=\"https:\/\/www.instagram.com\/toidupakk\/\">Instagram<\/a> ir <a href=\"https:\/\/www.facebook.com\/Toidupakk\/\">Facebook<\/a> paskyrose.<\/p>\n","protected":false},"excerpt":{"rendered":"<p><strong>Vandeniui atsparus krep\u0161ys \u201eBear Creek Drybag\u201c 100 l puikiai tinka tokioms veikloms kaip plaukimas baidar\u0117mis, plaustais, buriavimas, \u017eygiai p\u0117s\u010diomis, va\u017ein\u0117jimas motociklu, kempingas, \u017evejyba, \u017eiemos sportas, plaukimas kanojomis ir kt.<\/strong><\/p>\n<ul>\n<li>Krep\u0161ys i\u0161 tvirtos vandeniui atsparios med\u017eiagos<\/li>\n<li>Telpa visa reikalinga \u012franga (krep\u0161io talpa 100 litr\u0173)<\/li>\n<li>Ventiliacijos vo\u017etuvas pertekliniam orui i\u0161leisti<\/li>\n<li>Tvirta, dilimui atspari med\u017eiaga<\/li>\n<li>Sustiprinta ne\u0161imo rankena<\/li>\n<li>Dvigubai pamink\u0161tintas peties dir\u017eas patogiam ne\u0161iojimui<\/li>\n<li>Funkcionali u\u017edarymo sistema atsparumui vandeniui u\u017etikrinti<\/li>\n<li>Matmenys: 82 x 32 x 40 cm (u\u017edarytas krep\u0161ys)<\/li>\n<li>Talpa: 100 litr\u0173<\/li>\n<li>Svoris: 1,35 kg<\/li>\n<li>Spalva: geltona<\/li>\n<li>Med\u017eiaga: 100 % PVC<\/li>\n<li>Atsparumas vandeniui: atsparus vandens la\u0161ams ir trumpalaikiam buvimui vandens aplinkoje.<\/li>\n<\/ul>\n<p>\u2705 Turime sand\u0117lyje, greitas pristatymas per 1\u20133 d. d.<br \/>\n\u2705 Pirk dabar, mok\u0117k v\u0117liau (pal\u016bkanos 0 %)<\/p>\n","protected":false},"featured_media":10151,"comment_status":"open","ping_status":"closed","template":"","meta":{"_acf_changed":false},"product_brand":[],"product_cat":[274,202,264,189,190],"product_tag":[],"class_list":{"0":"post-48052","1":"product","2":"type-product","3":"status-publish","4":"has-post-thumbnail","6":"product_cat-kelioniniai-krepsiai","7":"product_cat-krepsiai","8":"product_cat-vandeniui-atsparus-krepsiai-drybag","9":"product_cat-zygio-iranga","10":"product_cat-zygio-prekes","12":"first","13":"instock","14":"sale","15":"taxable","16":"shipping-taxable","17":"purchasable","18":"product-type-simple"},"bundled_by":[],"bundle_stock_status":"instock","bundle_stock_quantity":2,"bundle_virtual":false,"bundle_layout":"","bundle_add_to_cart_form_location":"","bundle_editable_in_cart":false,"bundle_sold_individually_context":"","bundle_item_grouping":"","bundle_min_size":"","bundle_max_size":"","bundle_price":[],"bundled_items":[],"bundle_sell_ids":[],"acf":[],"yoast_head":"<!-- This site is optimized with the Yoast SEO plugin v27.3 - https:\/\/yoast.com\/product\/yoast-seo-wordpress\/ -->\n<title>Vandeniui atsparus krep\u0161ys \u201eBear Creek Drybag\u201c 100 l<\/title>\n<meta name=\"description\" content=\"\u201eBear Creek\u201c yra patvarus ir vandeniui atsparus krep\u0161ys \u012frangai, pasi\u017eymintis didele talpa (100 l) ir idealiai tinkantis veiklai lauke.\" \/>\n<meta name=\"robots\" content=\"index, follow, max-snippet:-1, max-image-preview:large, max-video-preview:-1\" \/>\n<link rel=\"canonical\" href=\"https:\/\/toidupakk.ee\/lt\/toode\/vandeniui-atsparus-krepsys-bear-creek-drybag-100-l\/\" \/>\n<meta property=\"og:locale\" content=\"lt_LT\" \/>\n<meta property=\"og:type\" content=\"article\" \/>\n<meta property=\"og:title\" content=\"Vandeniui atsparus krep\u0161ys \u201eBear Creek Drybag\u201c 100 l\" \/>\n<meta property=\"og:description\" content=\"\u201eBear Creek\u201c yra patvarus ir vandeniui atsparus krep\u0161ys \u012frangai, pasi\u017eymintis didele talpa (100 l) ir idealiai tinkantis veiklai lauke.\" \/>\n<meta property=\"og:url\" content=\"https:\/\/toidupakk.ee\/lt\/toode\/vandeniui-atsparus-krepsys-bear-creek-drybag-100-l\/\" \/>\n<meta property=\"og:site_name\" content=\"Toidupakk.ee - Tactical Foodpack toidupakid\" \/>\n<meta property=\"article:publisher\" content=\"https:\/\/www.facebook.com\/Toidupakk\" \/>\n<meta property=\"article:modified_time\" content=\"2026-04-14T11:30:59+00:00\" \/>\n<meta property=\"og:image\" content=\"https:\/\/toidupakk.ee\/wp-content\/uploads\/2023\/06\/Veekindel-kott-Bear-Creek-Drybag-100L58.png\" \/>\n\t<meta property=\"og:image:width\" content=\"1080\" \/>\n\t<meta property=\"og:image:height\" content=\"1080\" \/>\n\t<meta property=\"og:image:type\" content=\"image\/png\" \/>\n<meta name=\"twitter:card\" content=\"summary_large_image\" \/>\n<meta name=\"twitter:label1\" content=\"Est. reading time\" \/>\n\t<meta name=\"twitter:data1\" content=\"1 minut\u0117\" \/>\n<script type=\"application\/ld+json\" class=\"yoast-schema-graph\">{\"@context\":\"https:\\\/\\\/schema.org\",\"@graph\":[{\"@type\":\"WebPage\",\"@id\":\"https:\\\/\\\/toidupakk.ee\\\/lt\\\/toode\\\/vandeniui-atsparus-krepsys-bear-creek-drybag-100-l\\\/\",\"url\":\"https:\\\/\\\/toidupakk.ee\\\/lt\\\/toode\\\/vandeniui-atsparus-krepsys-bear-creek-drybag-100-l\\\/\",\"name\":\"Vandeniui atsparus krep\u0161ys \u201eBear Creek Drybag\u201c 100 l\",\"isPartOf\":{\"@id\":\"https:\\\/\\\/toidupakk.ee\\\/lt\\\/#website\"},\"primaryImageOfPage\":{\"@id\":\"https:\\\/\\\/toidupakk.ee\\\/lt\\\/toode\\\/vandeniui-atsparus-krepsys-bear-creek-drybag-100-l\\\/#primaryimage\"},\"image\":{\"@id\":\"https:\\\/\\\/toidupakk.ee\\\/lt\\\/toode\\\/vandeniui-atsparus-krepsys-bear-creek-drybag-100-l\\\/#primaryimage\"},\"thumbnailUrl\":\"https:\\\/\\\/toidupakk.ee\\\/wp-content\\\/uploads\\\/2023\\\/06\\\/Veekindel-kott-Bear-Creek-Drybag-100L58.png\",\"datePublished\":\"2023-07-04T11:22:20+00:00\",\"dateModified\":\"2026-04-14T11:30:59+00:00\",\"description\":\"\u201eBear Creek\u201c yra patvarus ir vandeniui atsparus krep\u0161ys \u012frangai, pasi\u017eymintis didele talpa (100 l) ir idealiai tinkantis veiklai lauke.\",\"breadcrumb\":{\"@id\":\"https:\\\/\\\/toidupakk.ee\\\/lt\\\/toode\\\/vandeniui-atsparus-krepsys-bear-creek-drybag-100-l\\\/#breadcrumb\"},\"inLanguage\":\"lt-LT\",\"potentialAction\":[{\"@type\":\"ReadAction\",\"target\":[\"https:\\\/\\\/toidupakk.ee\\\/lt\\\/toode\\\/vandeniui-atsparus-krepsys-bear-creek-drybag-100-l\\\/\"]}]},{\"@type\":\"ImageObject\",\"inLanguage\":\"lt-LT\",\"@id\":\"https:\\\/\\\/toidupakk.ee\\\/lt\\\/toode\\\/vandeniui-atsparus-krepsys-bear-creek-drybag-100-l\\\/#primaryimage\",\"url\":\"https:\\\/\\\/toidupakk.ee\\\/wp-content\\\/uploads\\\/2023\\\/06\\\/Veekindel-kott-Bear-Creek-Drybag-100L58.png\",\"contentUrl\":\"https:\\\/\\\/toidupakk.ee\\\/wp-content\\\/uploads\\\/2023\\\/06\\\/Veekindel-kott-Bear-Creek-Drybag-100L58.png\",\"width\":1080,\"height\":1080,\"caption\":\"Veekindel kott Bear Creek Drybag 100L 1\"},{\"@type\":\"BreadcrumbList\",\"@id\":\"https:\\\/\\\/toidupakk.ee\\\/lt\\\/toode\\\/vandeniui-atsparus-krepsys-bear-creek-drybag-100-l\\\/#breadcrumb\",\"itemListElement\":[{\"@type\":\"ListItem\",\"position\":1,\"name\":\"Avaleht\",\"item\":\"https:\\\/\\\/toidupakk.ee\\\/lt\\\/\"},{\"@type\":\"ListItem\",\"position\":2,\"name\":\"El. parduotuv\u0117\",\"item\":\"https:\\\/\\\/toidupakk.ee\\\/lt\\\/el-parduotuve\\\/\"},{\"@type\":\"ListItem\",\"position\":3,\"name\":\"Vandeniui atsparus krep\u0161ys \u201eBear Creek Drybag\u201c 100 l\"}]},{\"@type\":\"WebSite\",\"@id\":\"https:\\\/\\\/toidupakk.ee\\\/lt\\\/#website\",\"url\":\"https:\\\/\\\/toidupakk.ee\\\/lt\\\/\",\"name\":\"Toidupakk.ee - Tactical Foodpack toidupakid\",\"description\":\"Tactical Foodpack k\u00fclmkuivatatud toidupakid ja matkaeined\",\"publisher\":{\"@id\":\"https:\\\/\\\/toidupakk.ee\\\/lt\\\/#organization\"},\"potentialAction\":[{\"@type\":\"SearchAction\",\"target\":{\"@type\":\"EntryPoint\",\"urlTemplate\":\"https:\\\/\\\/toidupakk.ee\\\/lt\\\/?s={search_term_string}\"},\"query-input\":{\"@type\":\"PropertyValueSpecification\",\"valueRequired\":true,\"valueName\":\"search_term_string\"}}],\"inLanguage\":\"lt-LT\"},{\"@type\":\"Organization\",\"@id\":\"https:\\\/\\\/toidupakk.ee\\\/lt\\\/#organization\",\"name\":\"Tactical Foodpack matkaeined\",\"url\":\"https:\\\/\\\/toidupakk.ee\\\/lt\\\/\",\"logo\":{\"@type\":\"ImageObject\",\"inLanguage\":\"lt-LT\",\"@id\":\"https:\\\/\\\/toidupakk.ee\\\/lt\\\/#\\\/schema\\\/logo\\\/image\\\/\",\"url\":\"https:\\\/\\\/toidupakk.ee\\\/wp-content\\\/uploads\\\/2022\\\/01\\\/Toidupakk-matkapood-logo-transparent.png\",\"contentUrl\":\"https:\\\/\\\/toidupakk.ee\\\/wp-content\\\/uploads\\\/2022\\\/01\\\/Toidupakk-matkapood-logo-transparent.png\",\"width\":500,\"height\":500,\"caption\":\"Tactical Foodpack matkaeined\"},\"image\":{\"@id\":\"https:\\\/\\\/toidupakk.ee\\\/lt\\\/#\\\/schema\\\/logo\\\/image\\\/\"},\"sameAs\":[\"https:\\\/\\\/www.facebook.com\\\/Toidupakk\",\"https:\\\/\\\/www.instagram.com\\\/toidupakk\\\/\"]}]}<\/script>\n<!-- \/ Yoast SEO plugin. -->","yoast_head_json":{"title":"Vandeniui atsparus krep\u0161ys \u201eBear Creek Drybag\u201c 100 l","description":"\u201eBear Creek\u201c yra patvarus ir vandeniui atsparus krep\u0161ys \u012frangai, pasi\u017eymintis didele talpa (100 l) ir idealiai tinkantis veiklai lauke.","robots":{"index":"index","follow":"follow","max-snippet":"max-snippet:-1","max-image-preview":"max-image-preview:large","max-video-preview":"max-video-preview:-1"},"canonical":"https:\/\/toidupakk.ee\/lt\/toode\/vandeniui-atsparus-krepsys-bear-creek-drybag-100-l\/","og_locale":"lt_LT","og_type":"article","og_title":"Vandeniui atsparus krep\u0161ys \u201eBear Creek Drybag\u201c 100 l","og_description":"\u201eBear Creek\u201c yra patvarus ir vandeniui atsparus krep\u0161ys \u012frangai, pasi\u017eymintis didele talpa (100 l) ir idealiai tinkantis veiklai lauke.","og_url":"https:\/\/toidupakk.ee\/lt\/toode\/vandeniui-atsparus-krepsys-bear-creek-drybag-100-l\/","og_site_name":"Toidupakk.ee - Tactical Foodpack toidupakid","article_publisher":"https:\/\/www.facebook.com\/Toidupakk","article_modified_time":"2026-04-14T11:30:59+00:00","og_image":[{"width":1080,"height":1080,"url":"https:\/\/toidupakk.ee\/wp-content\/uploads\/2023\/06\/Veekindel-kott-Bear-Creek-Drybag-100L58.png","type":"image\/png"}],"twitter_card":"summary_large_image","twitter_misc":{"Est. reading time":"1 minut\u0117"},"schema":{"@context":"https:\/\/schema.org","@graph":[{"@type":"WebPage","@id":"https:\/\/toidupakk.ee\/lt\/toode\/vandeniui-atsparus-krepsys-bear-creek-drybag-100-l\/","url":"https:\/\/toidupakk.ee\/lt\/toode\/vandeniui-atsparus-krepsys-bear-creek-drybag-100-l\/","name":"Vandeniui atsparus krep\u0161ys \u201eBear Creek Drybag\u201c 100 l","isPartOf":{"@id":"https:\/\/toidupakk.ee\/lt\/#website"},"primaryImageOfPage":{"@id":"https:\/\/toidupakk.ee\/lt\/toode\/vandeniui-atsparus-krepsys-bear-creek-drybag-100-l\/#primaryimage"},"image":{"@id":"https:\/\/toidupakk.ee\/lt\/toode\/vandeniui-atsparus-krepsys-bear-creek-drybag-100-l\/#primaryimage"},"thumbnailUrl":"https:\/\/toidupakk.ee\/wp-content\/uploads\/2023\/06\/Veekindel-kott-Bear-Creek-Drybag-100L58.png","datePublished":"2023-07-04T11:22:20+00:00","dateModified":"2026-04-14T11:30:59+00:00","description":"\u201eBear Creek\u201c yra patvarus ir vandeniui atsparus krep\u0161ys \u012frangai, pasi\u017eymintis didele talpa (100 l) ir idealiai tinkantis veiklai lauke.","breadcrumb":{"@id":"https:\/\/toidupakk.ee\/lt\/toode\/vandeniui-atsparus-krepsys-bear-creek-drybag-100-l\/#breadcrumb"},"inLanguage":"lt-LT","potentialAction":[{"@type":"ReadAction","target":["https:\/\/toidupakk.ee\/lt\/toode\/vandeniui-atsparus-krepsys-bear-creek-drybag-100-l\/"]}]},{"@type":"ImageObject","inLanguage":"lt-LT","@id":"https:\/\/toidupakk.ee\/lt\/toode\/vandeniui-atsparus-krepsys-bear-creek-drybag-100-l\/#primaryimage","url":"https:\/\/toidupakk.ee\/wp-content\/uploads\/2023\/06\/Veekindel-kott-Bear-Creek-Drybag-100L58.png","contentUrl":"https:\/\/toidupakk.ee\/wp-content\/uploads\/2023\/06\/Veekindel-kott-Bear-Creek-Drybag-100L58.png","width":1080,"height":1080,"caption":"Veekindel kott Bear Creek Drybag 100L 1"},{"@type":"BreadcrumbList","@id":"https:\/\/toidupakk.ee\/lt\/toode\/vandeniui-atsparus-krepsys-bear-creek-drybag-100-l\/#breadcrumb","itemListElement":[{"@type":"ListItem","position":1,"name":"Avaleht","item":"https:\/\/toidupakk.ee\/lt\/"},{"@type":"ListItem","position":2,"name":"El. parduotuv\u0117","item":"https:\/\/toidupakk.ee\/lt\/el-parduotuve\/"},{"@type":"ListItem","position":3,"name":"Vandeniui atsparus krep\u0161ys \u201eBear Creek Drybag\u201c 100 l"}]},{"@type":"WebSite","@id":"https:\/\/toidupakk.ee\/lt\/#website","url":"https:\/\/toidupakk.ee\/lt\/","name":"Toidupakk.ee - Tactical Foodpack toidupakid","description":"Tactical Foodpack k\u00fclmkuivatatud toidupakid ja matkaeined","publisher":{"@id":"https:\/\/toidupakk.ee\/lt\/#organization"},"potentialAction":[{"@type":"SearchAction","target":{"@type":"EntryPoint","urlTemplate":"https:\/\/toidupakk.ee\/lt\/?s={search_term_string}"},"query-input":{"@type":"PropertyValueSpecification","valueRequired":true,"valueName":"search_term_string"}}],"inLanguage":"lt-LT"},{"@type":"Organization","@id":"https:\/\/toidupakk.ee\/lt\/#organization","name":"Tactical Foodpack matkaeined","url":"https:\/\/toidupakk.ee\/lt\/","logo":{"@type":"ImageObject","inLanguage":"lt-LT","@id":"https:\/\/toidupakk.ee\/lt\/#\/schema\/logo\/image\/","url":"https:\/\/toidupakk.ee\/wp-content\/uploads\/2022\/01\/Toidupakk-matkapood-logo-transparent.png","contentUrl":"https:\/\/toidupakk.ee\/wp-content\/uploads\/2022\/01\/Toidupakk-matkapood-logo-transparent.png","width":500,"height":500,"caption":"Tactical Foodpack matkaeined"},"image":{"@id":"https:\/\/toidupakk.ee\/lt\/#\/schema\/logo\/image\/"},"sameAs":["https:\/\/www.facebook.com\/Toidupakk","https:\/\/www.instagram.com\/toidupakk\/"]}]}},"jetpack_sharing_enabled":true,"_links":{"self":[{"href":"https:\/\/toidupakk.ee\/lt\/wp-json\/wp\/v2\/product\/48052","targetHints":{"allow":["GET"]}}],"collection":[{"href":"https:\/\/toidupakk.ee\/lt\/wp-json\/wp\/v2\/product"}],"about":[{"href":"https:\/\/toidupakk.ee\/lt\/wp-json\/wp\/v2\/types\/product"}],"replies":[{"embeddable":true,"href":"https:\/\/toidupakk.ee\/lt\/wp-json\/wp\/v2\/comments?post=48052"}],"wp:featuredmedia":[{"embeddable":true,"href":"https:\/\/toidupakk.ee\/lt\/wp-json\/wp\/v2\/media\/10151"}],"wp:attachment":[{"href":"https:\/\/toidupakk.ee\/lt\/wp-json\/wp\/v2\/media?parent=48052"}],"wp:term":[{"taxonomy":"product_brand","embeddable":true,"href":"https:\/\/toidupakk.ee\/lt\/wp-json\/wp\/v2\/product_brand?post=48052"},{"taxonomy":"product_cat","embeddable":true,"href":"https:\/\/toidupakk.ee\/lt\/wp-json\/wp\/v2\/product_cat?post=48052"},{"taxonomy":"product_tag","embeddable":true,"href":"https:\/\/toidupakk.ee\/lt\/wp-json\/wp\/v2\/product_tag?post=48052"}],"curies":[{"name":"wp","href":"https:\/\/api.w.org\/{rel}","templated":true}]}}