{"id":48035,"date":"2023-06-29T11:52:56","date_gmt":"2023-06-29T08:52:56","guid":{"rendered":"https:\/\/toidupakk.ee\/toode\/svirpliu-uzkandis-gaivioji-laima\/"},"modified":"2026-04-16T20:30:43","modified_gmt":"2026-04-16T17:30:43","slug":"svirpliu-uzkandis-gaivioji-laima","status":"publish","type":"product","link":"https:\/\/toidupakk.ee\/lt\/toode\/svirpliu-uzkandis-gaivioji-laima\/","title":{"rendered":"Svirpli\u0173 u\u017ekandis \u201eGaivioji laima\u201c"},"content":{"rendered":"<p>Svirpli\u0173 u\u017ekandis \u201eGaivioji laima\u201c yra gaivus ir r\u016bg\u0161tokas, suteikiantis puik\u0173 skon\u012f. Jis pagamintas i\u0161 kruop\u0161\u010diai atrinkt\u0173 ingredient\u0173, u\u017etikrinan\u010di\u0173 puik\u0173 skon\u012f ir maistin\u0119 vert\u0119. Svirpli\u0173 u\u017ekandis gaminamas naudojant speciali\u0105 technologij\u0105, kuri i\u0161saugo svirpli\u0173 tra\u0161kum\u0105 ir skon\u012f. Be to, u\u017ekand\u017eiai supakuoti \u012f patogi\u0105, perdirbam\u0105 pakuot\u0119, tod\u0117l jie i\u0161lieka \u0161vie\u017ei ir juos lengva pasiimti su savimi.   <\/p>\n<p><img fetchpriority=\"high\" decoding=\"async\" class=\"alignnone size-medium wp-image-10627\" src=\"https:\/\/toidupakk.ee\/wp-content\/uploads\/2023\/06\/Kilgisnakk-Green-bite--300x300.png\" alt=\"Svirpli\u0173 u\u017ekandis: garsty\u010dios ir \u0161onin\u0117 6\" width=\"300\" height=\"300\" srcset=\"https:\/\/toidupakk.ee\/wp-content\/uploads\/2023\/06\/Kilgisnakk-Green-bite--300x300.png 300w, https:\/\/toidupakk.ee\/wp-content\/uploads\/2023\/06\/Kilgisnakk-Green-bite--400x400.png 400w, https:\/\/toidupakk.ee\/wp-content\/uploads\/2023\/06\/Kilgisnakk-Green-bite--100x100.png 100w, https:\/\/toidupakk.ee\/wp-content\/uploads\/2023\/06\/Kilgisnakk-Green-bite--800x800.png 800w, https:\/\/toidupakk.ee\/wp-content\/uploads\/2023\/06\/Kilgisnakk-Green-bite--1024x1024.png 1024w, https:\/\/toidupakk.ee\/wp-content\/uploads\/2023\/06\/Kilgisnakk-Green-bite--500x500.png 500w, https:\/\/toidupakk.ee\/wp-content\/uploads\/2023\/06\/Kilgisnakk-Green-bite--768x768.png 768w, https:\/\/toidupakk.ee\/wp-content\/uploads\/2023\/06\/Kilgisnakk-Green-bite-.png 1080w\" sizes=\"(max-width: 300px) 100vw, 300px\" \/><\/p>\n<p>\u201eGreen Bite\u201c svirpli\u0173 u\u017ekand\u017eiai \u2013 puiki alternatyva tradiciniams tra\u0161ku\u010diams. \u0160ie u\u017ekand\u017eiai pasi\u017eymi naudingomis savyb\u0117mis. Pirma, rinkdamasis svirpli\u0173 u\u017ekand\u017eius, padedi taupyti vanden\u012f, nes j\u0173 gamybai reikia gerokai ma\u017eiau vandens nei tra\u0161ku\u010diams. Antra, svirpli\u0173 u\u017ekand\u017eiai yra gausus kalcio, gele\u017eies ir baltym\u0173 \u0161altinis, juose yra 84 % vitamino B12 paros normos. Vitaminas B12 svarbus ma\u017einant nuovarg\u012f bei u\u017etikrinant normali\u0105 nerv\u0173 sistemos veikl\u0105.    <\/p>\n<p>Daugiau turizmo preki\u0173 rasi <a href=\"https:\/\/toidupakk.ee\/lt\/tootekategooria\/zygio-iranga\/#section-3-79\">\u010cIA<\/a><\/p>\n<p>O gal domiesi \u017eygio maistu? \u017di\u016br\u0117k <a href=\"\/?product_cat=snakk#section-3-79\">\u010cIA<\/a><\/p>\n<p>Pasisemk \u012fkv\u0117pimo kitiems nuotykiams Toidupakk <a href=\"https:\/\/www.instagram.com\/toidupakk\/\">Instagram<\/a> ir <a href=\"https:\/\/www.facebook.com\/Toidupakk\/\">Facebook<\/a> paskyrose.<\/p>\n","protected":false},"excerpt":{"rendered":"<div class=\"page\" title=\"1 puslapis\">\n<div class=\"section\">\n<div class=\"layoutArea\">\n<div class=\"column\">\n<p><strong>RINKIS NAUDINGUS SVIRPLIUS VIETOJ TRA\u0160KU\u010cI\u0172!<\/strong><br \/>\nPatirsi \u0161iek tiek intrigos, gausi daug naudos sveikatai ir prisid\u0117si prie aplinkos saugojimo. Idealiai tinka dovanai, sveikam u\u017ekand\u017eiui ar kaip priedas prie maisto, pavyzd\u017eiui, salot\u0173. <\/p>\n<\/div>\n<\/div>\n<\/div>\n<\/div>\n<p>Svirpli\u0173 u\u017ekandis \u2013 tai skanus ir sveikas u\u017ekandis, d\u017eiuginantis tiek skonio receptorius, tiek k\u016bn\u0105. Svirpli\u0173 u\u017ekand\u017eiai pagaminti i\u0161 kokybi\u0161k\u0173, nat\u016brali\u0173 ingredient\u0173 ir puikiai tinka sveikam u\u017ekand\u017eiui ar energijos u\u017etaisui aktyvi\u0105 dien\u0105. <\/p>\n<ul>\n<li><strong>galiojimo laikas 9 m\u0117nesiai<\/strong><\/li>\n<li>kalcio \u0161altinis<\/li>\n<li>gele\u017eies \u0161altinis<\/li>\n<li>baltym\u0173 \u0161altinis<\/li>\n<li>vitamino B12 \u0161altinis (84 % paros normos) \u2013 vitaminas B12 ma\u017eina nuovarg\u012f ir i\u0161sekim\u0105 bei padeda palaikyti normali\u0105 nerv\u0173 sistemos veikl\u0105<\/li>\n<li>Produkto svoris 25 g<\/li>\n<li>Svirpliai (Acheta domesticus) u\u017eauginti Estijoje<\/li>\n<li>Be rafinuoto cukraus<\/li>\n<li>Be dirbtini\u0173 pried\u0173 ir konservant\u0173\n<div class=\"layoutArea\"><\/div>\n<\/li>\n<li>\u2705 Turime sand\u0117lyje, greitas pristatymas per 1\u20133 darbo dienas<\/li>\n<\/ul>\n","protected":false},"featured_media":10719,"comment_status":"open","ping_status":"closed","template":"","meta":{"_acf_changed":false},"product_brand":[],"product_cat":[239,215,213,189,190],"product_tag":[194],"class_list":{"0":"post-48035","1":"product","2":"type-product","3":"status-publish","4":"has-post-thumbnail","6":"product_cat-priedai","7":"product_cat-svirpliu-uzkandziai","8":"product_cat-uzkandziai","9":"product_cat-zygio-iranga","10":"product_cat-zygio-prekes","11":"product_tag-no_ads","13":"first","14":"instock","15":"taxable","16":"shipping-taxable","17":"purchasable","18":"product-type-simple"},"bundled_by":[],"bundle_stock_status":"instock","bundle_stock_quantity":10,"bundle_virtual":false,"bundle_layout":"","bundle_add_to_cart_form_location":"","bundle_editable_in_cart":false,"bundle_sold_individually_context":"","bundle_item_grouping":"","bundle_min_size":"","bundle_max_size":"","bundle_price":[],"bundled_items":[],"bundle_sell_ids":[],"acf":[],"yoast_head":"<!-- This site is optimized with the Yoast SEO plugin v27.3 - https:\/\/yoast.com\/product\/yoast-seo-wordpress\/ -->\n<title>Svirpli\u0173 u\u017ekandis \u201eGaivioji laima\u201c<\/title>\n<meta name=\"description\" content=\"Svirpli\u0173 u\u017ekandis \u2013 tai skanus, sveikas, ekologi\u0161kas ir maistingas u\u017ekandis, si\u016blantis alternatyv\u0105 tradiciniams tra\u0161ku\u010diams.\" \/>\n<meta name=\"robots\" content=\"index, follow, max-snippet:-1, max-image-preview:large, max-video-preview:-1\" \/>\n<link rel=\"canonical\" href=\"https:\/\/toidupakk.ee\/lt\/toode\/svirpliu-uzkandis-gaivioji-laima\/\" \/>\n<meta property=\"og:locale\" content=\"lt_LT\" \/>\n<meta property=\"og:type\" content=\"article\" \/>\n<meta property=\"og:title\" content=\"Svirpli\u0173 u\u017ekandis \u201eGaivioji laima\u201c\" \/>\n<meta property=\"og:description\" content=\"Svirpli\u0173 u\u017ekandis \u2013 tai skanus, sveikas, ekologi\u0161kas ir maistingas u\u017ekandis, si\u016blantis alternatyv\u0105 tradiciniams tra\u0161ku\u010diams.\" \/>\n<meta property=\"og:url\" content=\"https:\/\/toidupakk.ee\/lt\/toode\/svirpliu-uzkandis-gaivioji-laima\/\" \/>\n<meta property=\"og:site_name\" content=\"Toidupakk.ee - Tactical Foodpack toidupakid\" \/>\n<meta property=\"article:publisher\" content=\"https:\/\/www.facebook.com\/Toidupakk\" \/>\n<meta property=\"article:modified_time\" content=\"2026-04-16T17:30:43+00:00\" \/>\n<meta property=\"og:image\" content=\"https:\/\/toidupakk.ee\/wp-content\/uploads\/2023\/06\/kilgikrops-sartsakas-laim82.png\" \/>\n\t<meta property=\"og:image:width\" content=\"1080\" \/>\n\t<meta property=\"og:image:height\" content=\"1080\" \/>\n\t<meta property=\"og:image:type\" content=\"image\/png\" \/>\n<meta name=\"twitter:card\" content=\"summary_large_image\" \/>\n<meta name=\"twitter:label1\" content=\"Est. reading time\" \/>\n\t<meta name=\"twitter:data1\" content=\"1 minut\u0117\" \/>\n<script type=\"application\/ld+json\" class=\"yoast-schema-graph\">{\"@context\":\"https:\\\/\\\/schema.org\",\"@graph\":[{\"@type\":\"WebPage\",\"@id\":\"https:\\\/\\\/toidupakk.ee\\\/lt\\\/toode\\\/svirpliu-uzkandis-gaivioji-laima\\\/\",\"url\":\"https:\\\/\\\/toidupakk.ee\\\/lt\\\/toode\\\/svirpliu-uzkandis-gaivioji-laima\\\/\",\"name\":\"Svirpli\u0173 u\u017ekandis \u201eGaivioji laima\u201c\",\"isPartOf\":{\"@id\":\"https:\\\/\\\/toidupakk.ee\\\/lt\\\/#website\"},\"primaryImageOfPage\":{\"@id\":\"https:\\\/\\\/toidupakk.ee\\\/lt\\\/toode\\\/svirpliu-uzkandis-gaivioji-laima\\\/#primaryimage\"},\"image\":{\"@id\":\"https:\\\/\\\/toidupakk.ee\\\/lt\\\/toode\\\/svirpliu-uzkandis-gaivioji-laima\\\/#primaryimage\"},\"thumbnailUrl\":\"https:\\\/\\\/toidupakk.ee\\\/wp-content\\\/uploads\\\/2023\\\/06\\\/kilgikrops-sartsakas-laim82.png\",\"datePublished\":\"2023-06-29T08:52:56+00:00\",\"dateModified\":\"2026-04-16T17:30:43+00:00\",\"description\":\"Svirpli\u0173 u\u017ekandis \u2013 tai skanus, sveikas, ekologi\u0161kas ir maistingas u\u017ekandis, si\u016blantis alternatyv\u0105 tradiciniams tra\u0161ku\u010diams.\",\"breadcrumb\":{\"@id\":\"https:\\\/\\\/toidupakk.ee\\\/lt\\\/toode\\\/svirpliu-uzkandis-gaivioji-laima\\\/#breadcrumb\"},\"inLanguage\":\"lt-LT\",\"potentialAction\":[{\"@type\":\"ReadAction\",\"target\":[\"https:\\\/\\\/toidupakk.ee\\\/lt\\\/toode\\\/svirpliu-uzkandis-gaivioji-laima\\\/\"]}]},{\"@type\":\"ImageObject\",\"inLanguage\":\"lt-LT\",\"@id\":\"https:\\\/\\\/toidupakk.ee\\\/lt\\\/toode\\\/svirpliu-uzkandis-gaivioji-laima\\\/#primaryimage\",\"url\":\"https:\\\/\\\/toidupakk.ee\\\/wp-content\\\/uploads\\\/2023\\\/06\\\/kilgikrops-sartsakas-laim82.png\",\"contentUrl\":\"https:\\\/\\\/toidupakk.ee\\\/wp-content\\\/uploads\\\/2023\\\/06\\\/kilgikrops-sartsakas-laim82.png\",\"width\":1080,\"height\":1080,\"caption\":\"Kilgisn\u00e4kk 1\"},{\"@type\":\"BreadcrumbList\",\"@id\":\"https:\\\/\\\/toidupakk.ee\\\/lt\\\/toode\\\/svirpliu-uzkandis-gaivioji-laima\\\/#breadcrumb\",\"itemListElement\":[{\"@type\":\"ListItem\",\"position\":1,\"name\":\"Avaleht\",\"item\":\"https:\\\/\\\/toidupakk.ee\\\/lt\\\/\"},{\"@type\":\"ListItem\",\"position\":2,\"name\":\"El. parduotuv\u0117\",\"item\":\"https:\\\/\\\/toidupakk.ee\\\/lt\\\/el-parduotuve\\\/\"},{\"@type\":\"ListItem\",\"position\":3,\"name\":\"Svirpli\u0173 u\u017ekandis \u201eGaivioji laima\u201c\"}]},{\"@type\":\"WebSite\",\"@id\":\"https:\\\/\\\/toidupakk.ee\\\/lt\\\/#website\",\"url\":\"https:\\\/\\\/toidupakk.ee\\\/lt\\\/\",\"name\":\"Toidupakk.ee - Tactical Foodpack toidupakid\",\"description\":\"Tactical Foodpack k\u00fclmkuivatatud toidupakid ja matkaeined\",\"publisher\":{\"@id\":\"https:\\\/\\\/toidupakk.ee\\\/lt\\\/#organization\"},\"potentialAction\":[{\"@type\":\"SearchAction\",\"target\":{\"@type\":\"EntryPoint\",\"urlTemplate\":\"https:\\\/\\\/toidupakk.ee\\\/lt\\\/?s={search_term_string}\"},\"query-input\":{\"@type\":\"PropertyValueSpecification\",\"valueRequired\":true,\"valueName\":\"search_term_string\"}}],\"inLanguage\":\"lt-LT\"},{\"@type\":\"Organization\",\"@id\":\"https:\\\/\\\/toidupakk.ee\\\/lt\\\/#organization\",\"name\":\"Tactical Foodpack matkaeined\",\"url\":\"https:\\\/\\\/toidupakk.ee\\\/lt\\\/\",\"logo\":{\"@type\":\"ImageObject\",\"inLanguage\":\"lt-LT\",\"@id\":\"https:\\\/\\\/toidupakk.ee\\\/lt\\\/#\\\/schema\\\/logo\\\/image\\\/\",\"url\":\"https:\\\/\\\/toidupakk.ee\\\/wp-content\\\/uploads\\\/2022\\\/01\\\/Toidupakk-matkapood-logo-transparent.png\",\"contentUrl\":\"https:\\\/\\\/toidupakk.ee\\\/wp-content\\\/uploads\\\/2022\\\/01\\\/Toidupakk-matkapood-logo-transparent.png\",\"width\":500,\"height\":500,\"caption\":\"Tactical Foodpack matkaeined\"},\"image\":{\"@id\":\"https:\\\/\\\/toidupakk.ee\\\/lt\\\/#\\\/schema\\\/logo\\\/image\\\/\"},\"sameAs\":[\"https:\\\/\\\/www.facebook.com\\\/Toidupakk\",\"https:\\\/\\\/www.instagram.com\\\/toidupakk\\\/\"]}]}<\/script>\n<!-- \/ Yoast SEO plugin. -->","yoast_head_json":{"title":"Svirpli\u0173 u\u017ekandis \u201eGaivioji laima\u201c","description":"Svirpli\u0173 u\u017ekandis \u2013 tai skanus, sveikas, ekologi\u0161kas ir maistingas u\u017ekandis, si\u016blantis alternatyv\u0105 tradiciniams tra\u0161ku\u010diams.","robots":{"index":"index","follow":"follow","max-snippet":"max-snippet:-1","max-image-preview":"max-image-preview:large","max-video-preview":"max-video-preview:-1"},"canonical":"https:\/\/toidupakk.ee\/lt\/toode\/svirpliu-uzkandis-gaivioji-laima\/","og_locale":"lt_LT","og_type":"article","og_title":"Svirpli\u0173 u\u017ekandis \u201eGaivioji laima\u201c","og_description":"Svirpli\u0173 u\u017ekandis \u2013 tai skanus, sveikas, ekologi\u0161kas ir maistingas u\u017ekandis, si\u016blantis alternatyv\u0105 tradiciniams tra\u0161ku\u010diams.","og_url":"https:\/\/toidupakk.ee\/lt\/toode\/svirpliu-uzkandis-gaivioji-laima\/","og_site_name":"Toidupakk.ee - Tactical Foodpack toidupakid","article_publisher":"https:\/\/www.facebook.com\/Toidupakk","article_modified_time":"2026-04-16T17:30:43+00:00","og_image":[{"width":1080,"height":1080,"url":"https:\/\/toidupakk.ee\/wp-content\/uploads\/2023\/06\/kilgikrops-sartsakas-laim82.png","type":"image\/png"}],"twitter_card":"summary_large_image","twitter_misc":{"Est. reading time":"1 minut\u0117"},"schema":{"@context":"https:\/\/schema.org","@graph":[{"@type":"WebPage","@id":"https:\/\/toidupakk.ee\/lt\/toode\/svirpliu-uzkandis-gaivioji-laima\/","url":"https:\/\/toidupakk.ee\/lt\/toode\/svirpliu-uzkandis-gaivioji-laima\/","name":"Svirpli\u0173 u\u017ekandis \u201eGaivioji laima\u201c","isPartOf":{"@id":"https:\/\/toidupakk.ee\/lt\/#website"},"primaryImageOfPage":{"@id":"https:\/\/toidupakk.ee\/lt\/toode\/svirpliu-uzkandis-gaivioji-laima\/#primaryimage"},"image":{"@id":"https:\/\/toidupakk.ee\/lt\/toode\/svirpliu-uzkandis-gaivioji-laima\/#primaryimage"},"thumbnailUrl":"https:\/\/toidupakk.ee\/wp-content\/uploads\/2023\/06\/kilgikrops-sartsakas-laim82.png","datePublished":"2023-06-29T08:52:56+00:00","dateModified":"2026-04-16T17:30:43+00:00","description":"Svirpli\u0173 u\u017ekandis \u2013 tai skanus, sveikas, ekologi\u0161kas ir maistingas u\u017ekandis, si\u016blantis alternatyv\u0105 tradiciniams tra\u0161ku\u010diams.","breadcrumb":{"@id":"https:\/\/toidupakk.ee\/lt\/toode\/svirpliu-uzkandis-gaivioji-laima\/#breadcrumb"},"inLanguage":"lt-LT","potentialAction":[{"@type":"ReadAction","target":["https:\/\/toidupakk.ee\/lt\/toode\/svirpliu-uzkandis-gaivioji-laima\/"]}]},{"@type":"ImageObject","inLanguage":"lt-LT","@id":"https:\/\/toidupakk.ee\/lt\/toode\/svirpliu-uzkandis-gaivioji-laima\/#primaryimage","url":"https:\/\/toidupakk.ee\/wp-content\/uploads\/2023\/06\/kilgikrops-sartsakas-laim82.png","contentUrl":"https:\/\/toidupakk.ee\/wp-content\/uploads\/2023\/06\/kilgikrops-sartsakas-laim82.png","width":1080,"height":1080,"caption":"Kilgisn\u00e4kk 1"},{"@type":"BreadcrumbList","@id":"https:\/\/toidupakk.ee\/lt\/toode\/svirpliu-uzkandis-gaivioji-laima\/#breadcrumb","itemListElement":[{"@type":"ListItem","position":1,"name":"Avaleht","item":"https:\/\/toidupakk.ee\/lt\/"},{"@type":"ListItem","position":2,"name":"El. parduotuv\u0117","item":"https:\/\/toidupakk.ee\/lt\/el-parduotuve\/"},{"@type":"ListItem","position":3,"name":"Svirpli\u0173 u\u017ekandis \u201eGaivioji laima\u201c"}]},{"@type":"WebSite","@id":"https:\/\/toidupakk.ee\/lt\/#website","url":"https:\/\/toidupakk.ee\/lt\/","name":"Toidupakk.ee - Tactical Foodpack toidupakid","description":"Tactical Foodpack k\u00fclmkuivatatud toidupakid ja matkaeined","publisher":{"@id":"https:\/\/toidupakk.ee\/lt\/#organization"},"potentialAction":[{"@type":"SearchAction","target":{"@type":"EntryPoint","urlTemplate":"https:\/\/toidupakk.ee\/lt\/?s={search_term_string}"},"query-input":{"@type":"PropertyValueSpecification","valueRequired":true,"valueName":"search_term_string"}}],"inLanguage":"lt-LT"},{"@type":"Organization","@id":"https:\/\/toidupakk.ee\/lt\/#organization","name":"Tactical Foodpack matkaeined","url":"https:\/\/toidupakk.ee\/lt\/","logo":{"@type":"ImageObject","inLanguage":"lt-LT","@id":"https:\/\/toidupakk.ee\/lt\/#\/schema\/logo\/image\/","url":"https:\/\/toidupakk.ee\/wp-content\/uploads\/2022\/01\/Toidupakk-matkapood-logo-transparent.png","contentUrl":"https:\/\/toidupakk.ee\/wp-content\/uploads\/2022\/01\/Toidupakk-matkapood-logo-transparent.png","width":500,"height":500,"caption":"Tactical Foodpack matkaeined"},"image":{"@id":"https:\/\/toidupakk.ee\/lt\/#\/schema\/logo\/image\/"},"sameAs":["https:\/\/www.facebook.com\/Toidupakk","https:\/\/www.instagram.com\/toidupakk\/"]}]}},"jetpack_sharing_enabled":true,"_links":{"self":[{"href":"https:\/\/toidupakk.ee\/lt\/wp-json\/wp\/v2\/product\/48035","targetHints":{"allow":["GET"]}}],"collection":[{"href":"https:\/\/toidupakk.ee\/lt\/wp-json\/wp\/v2\/product"}],"about":[{"href":"https:\/\/toidupakk.ee\/lt\/wp-json\/wp\/v2\/types\/product"}],"replies":[{"embeddable":true,"href":"https:\/\/toidupakk.ee\/lt\/wp-json\/wp\/v2\/comments?post=48035"}],"wp:featuredmedia":[{"embeddable":true,"href":"https:\/\/toidupakk.ee\/lt\/wp-json\/wp\/v2\/media\/10719"}],"wp:attachment":[{"href":"https:\/\/toidupakk.ee\/lt\/wp-json\/wp\/v2\/media?parent=48035"}],"wp:term":[{"taxonomy":"product_brand","embeddable":true,"href":"https:\/\/toidupakk.ee\/lt\/wp-json\/wp\/v2\/product_brand?post=48035"},{"taxonomy":"product_cat","embeddable":true,"href":"https:\/\/toidupakk.ee\/lt\/wp-json\/wp\/v2\/product_cat?post=48035"},{"taxonomy":"product_tag","embeddable":true,"href":"https:\/\/toidupakk.ee\/lt\/wp-json\/wp\/v2\/product_tag?post=48035"}],"curies":[{"name":"wp","href":"https:\/\/api.w.org\/{rel}","templated":true}]}}