{"id":48024,"date":"2023-06-09T13:14:40","date_gmt":"2023-06-09T10:14:40","guid":{"rendered":"https:\/\/toidupakk.ee\/toode\/neskestantis-svilpukas\/"},"modified":"2026-04-14T23:31:32","modified_gmt":"2026-04-14T20:31:32","slug":"neskestantis-svilpukas","status":"publish","type":"product","link":"https:\/\/toidupakk.ee\/lt\/toode\/neskestantis-svilpukas\/","title":{"rendered":"Nesk\u0119stantis \u0161vilpukas"},"content":{"rendered":"<p>Nesk\u0119stantis \u0161vilpukas yra oran\u017ein\u0117s spalvos, tod\u0117l jis gerai matomas ir lengvai randamas. A\u0161trus ir auk\u0161tas \u0161vilpuko garsas girdimas toli. Tai naudinga avarin\u0117se situacijose.  <\/p>\n<p>Lengvas \u0161vilpukas (20 g) pagamintas i\u0161 korozijai atsparios med\u017eiagos. Tai rei\u0161kia, kad \u0161vilpukas ner\u016bdija ir negenda vandens aplinkoje, \u012fskaitant j\u016bros vanden\u012f. \u0160vilpukas pl\u016bduriuoja, nesk\u0119sta. Naudingas prietaisas situacijoms, kai reikia greito ir efektyvaus garso signalo.   <\/p>\n<p>&nbsp;<\/p>\n<p>Daugiau turizmo preki\u0173 rasi <a href=\"https:\/\/toidupakk.ee\/lt\/tootekategooria\/zygio-iranga\/#section-3-79\">\u010cIA<\/a><\/p>\n<p>O gal domiesi \u017eygio maistu? \u017di\u016br\u0117k <a href=\"\/?product_cat=snakk#section-3-79\">\u010cIA<\/a><\/p>\n<p>Pasisemk \u012fkv\u0117pimo kitiems nuotykiams Toidupakk <a href=\"https:\/\/www.instagram.com\/toidupakk\/\">Instagram<\/a> ir <a href=\"https:\/\/www.facebook.com\/Toidupakk\/\">Facebook<\/a> paskyrose.<\/p>\n","protected":false},"excerpt":{"rendered":"<p>Nesk\u0119stantis \u0161vilpukas yra svarbi vandens \u012frangos dalis, u\u017etikrinanti saugum\u0105 \u012fvairiose situacijose. Skirtas naudoti motorin\u0117se valtyse, jachtose, irklin\u0117se valtyse, vandens motocikluose, pramogaujant su irklente, plaukiant baidar\u0117mis ar kanojomis. \u0160io \u0161vilpuko ypatyb\u0117 \u2013 jis nesk\u0119sta vandenyje, tod\u0117l tai idealus priedas u\u017esiimant vandens sportu.  <\/p>\n<ul>\n<li>Spalva: oran\u017ein\u0117<\/li>\n<li>Garsas: a\u0161trus ir auk\u0161tas \u2013 girdimas toli<\/li>\n<li>Svoris: 20 gram\u0173<\/li>\n<li>Savyb\u0117: nesk\u0119stantis<\/li>\n<li>Tinka ir s\u016briam j\u016bros vandeniui, ner\u016bdija<\/li>\n<\/ul>\n<p>\u2705 Turime sand\u0117lyje, greitas pristatymas per 1\u20133 d. d.<br \/>\n\u2705 NEMOKAMAS gr\u0105\u017einimas ir keitimas<\/p>\n","protected":false},"featured_media":9879,"comment_status":"open","ping_status":"closed","template":"","meta":{"_acf_changed":false},"product_brand":[],"product_cat":[283,189,190],"product_tag":[194],"class_list":{"0":"post-48024","1":"product","2":"type-product","3":"status-publish","4":"has-post-thumbnail","6":"product_cat-svilpukai","7":"product_cat-zygio-iranga","8":"product_cat-zygio-prekes","9":"product_tag-no_ads","11":"first","12":"instock","13":"taxable","14":"shipping-taxable","15":"purchasable","16":"product-type-simple"},"bundled_by":[],"bundle_stock_status":"instock","bundle_stock_quantity":8,"bundle_virtual":false,"bundle_layout":"","bundle_add_to_cart_form_location":"","bundle_editable_in_cart":false,"bundle_sold_individually_context":"","bundle_item_grouping":"","bundle_min_size":"","bundle_max_size":"","bundle_price":[],"bundled_items":[],"bundle_sell_ids":[],"acf":[],"yoast_head":"<!-- This site is optimized with the Yoast SEO plugin v27.3 - https:\/\/yoast.com\/product\/yoast-seo-wordpress\/ -->\n<title>Nesk\u0119stantis \u0161vilpukas - Toidupakk.ee - Tactical Foodpack toidupakid<\/title>\n<meta name=\"description\" content=\"Nesk\u0119stantis \u0161vilpukas skirtas naudoti motorin\u0117se valtyse, jachtose, plaukiant baidar\u0117mis, kanojomis, vandens motociklais ar tiesiog pramogaujant su irklente (SUP). Kaklo virvel\u0117 yra komplekte.\" \/>\n<meta name=\"robots\" content=\"index, follow, max-snippet:-1, max-image-preview:large, max-video-preview:-1\" \/>\n<link rel=\"canonical\" href=\"https:\/\/toidupakk.ee\/lt\/toode\/neskestantis-svilpukas\/\" \/>\n<meta property=\"og:locale\" content=\"lt_LT\" \/>\n<meta property=\"og:type\" content=\"article\" \/>\n<meta property=\"og:title\" content=\"Nesk\u0119stantis \u0161vilpukas - Toidupakk.ee - Tactical Foodpack toidupakid\" \/>\n<meta property=\"og:description\" content=\"Nesk\u0119stantis \u0161vilpukas skirtas naudoti motorin\u0117se valtyse, jachtose, plaukiant baidar\u0117mis, kanojomis, vandens motociklais ar tiesiog pramogaujant su irklente (SUP). Kaklo virvel\u0117 yra komplekte.\" \/>\n<meta property=\"og:url\" content=\"https:\/\/toidupakk.ee\/lt\/toode\/neskestantis-svilpukas\/\" \/>\n<meta property=\"og:site_name\" content=\"Toidupakk.ee - Tactical Foodpack toidupakid\" \/>\n<meta property=\"article:publisher\" content=\"https:\/\/www.facebook.com\/Toidupakk\" \/>\n<meta property=\"article:modified_time\" content=\"2026-04-14T20:31:32+00:00\" \/>\n<meta property=\"og:image\" content=\"https:\/\/toidupakk.ee\/wp-content\/uploads\/2023\/06\/Uppumatu-vile44.png\" \/>\n\t<meta property=\"og:image:width\" content=\"1080\" \/>\n\t<meta property=\"og:image:height\" content=\"1080\" \/>\n\t<meta property=\"og:image:type\" content=\"image\/png\" \/>\n<meta name=\"twitter:card\" content=\"summary_large_image\" \/>\n<script type=\"application\/ld+json\" class=\"yoast-schema-graph\">{\"@context\":\"https:\\\/\\\/schema.org\",\"@graph\":[{\"@type\":\"WebPage\",\"@id\":\"https:\\\/\\\/toidupakk.ee\\\/lt\\\/toode\\\/neskestantis-svilpukas\\\/\",\"url\":\"https:\\\/\\\/toidupakk.ee\\\/lt\\\/toode\\\/neskestantis-svilpukas\\\/\",\"name\":\"Nesk\u0119stantis \u0161vilpukas - Toidupakk.ee - Tactical Foodpack toidupakid\",\"isPartOf\":{\"@id\":\"https:\\\/\\\/toidupakk.ee\\\/lt\\\/#website\"},\"primaryImageOfPage\":{\"@id\":\"https:\\\/\\\/toidupakk.ee\\\/lt\\\/toode\\\/neskestantis-svilpukas\\\/#primaryimage\"},\"image\":{\"@id\":\"https:\\\/\\\/toidupakk.ee\\\/lt\\\/toode\\\/neskestantis-svilpukas\\\/#primaryimage\"},\"thumbnailUrl\":\"https:\\\/\\\/toidupakk.ee\\\/wp-content\\\/uploads\\\/2023\\\/06\\\/Uppumatu-vile44.png\",\"datePublished\":\"2023-06-09T10:14:40+00:00\",\"dateModified\":\"2026-04-14T20:31:32+00:00\",\"description\":\"Nesk\u0119stantis \u0161vilpukas skirtas naudoti motorin\u0117se valtyse, jachtose, plaukiant baidar\u0117mis, kanojomis, vandens motociklais ar tiesiog pramogaujant su irklente (SUP). Kaklo virvel\u0117 yra komplekte.\",\"breadcrumb\":{\"@id\":\"https:\\\/\\\/toidupakk.ee\\\/lt\\\/toode\\\/neskestantis-svilpukas\\\/#breadcrumb\"},\"inLanguage\":\"lt-LT\",\"potentialAction\":[{\"@type\":\"ReadAction\",\"target\":[\"https:\\\/\\\/toidupakk.ee\\\/lt\\\/toode\\\/neskestantis-svilpukas\\\/\"]}]},{\"@type\":\"ImageObject\",\"inLanguage\":\"lt-LT\",\"@id\":\"https:\\\/\\\/toidupakk.ee\\\/lt\\\/toode\\\/neskestantis-svilpukas\\\/#primaryimage\",\"url\":\"https:\\\/\\\/toidupakk.ee\\\/wp-content\\\/uploads\\\/2023\\\/06\\\/Uppumatu-vile44.png\",\"contentUrl\":\"https:\\\/\\\/toidupakk.ee\\\/wp-content\\\/uploads\\\/2023\\\/06\\\/Uppumatu-vile44.png\",\"width\":1080,\"height\":1080,\"caption\":\"Uppumatu vile 1\"},{\"@type\":\"BreadcrumbList\",\"@id\":\"https:\\\/\\\/toidupakk.ee\\\/lt\\\/toode\\\/neskestantis-svilpukas\\\/#breadcrumb\",\"itemListElement\":[{\"@type\":\"ListItem\",\"position\":1,\"name\":\"Avaleht\",\"item\":\"https:\\\/\\\/toidupakk.ee\\\/lt\\\/\"},{\"@type\":\"ListItem\",\"position\":2,\"name\":\"El. parduotuv\u0117\",\"item\":\"https:\\\/\\\/toidupakk.ee\\\/lt\\\/el-parduotuve\\\/\"},{\"@type\":\"ListItem\",\"position\":3,\"name\":\"Nesk\u0119stantis \u0161vilpukas\"}]},{\"@type\":\"WebSite\",\"@id\":\"https:\\\/\\\/toidupakk.ee\\\/lt\\\/#website\",\"url\":\"https:\\\/\\\/toidupakk.ee\\\/lt\\\/\",\"name\":\"Toidupakk.ee - Tactical Foodpack toidupakid\",\"description\":\"Tactical Foodpack k\u00fclmkuivatatud toidupakid ja matkaeined\",\"publisher\":{\"@id\":\"https:\\\/\\\/toidupakk.ee\\\/lt\\\/#organization\"},\"potentialAction\":[{\"@type\":\"SearchAction\",\"target\":{\"@type\":\"EntryPoint\",\"urlTemplate\":\"https:\\\/\\\/toidupakk.ee\\\/lt\\\/?s={search_term_string}\"},\"query-input\":{\"@type\":\"PropertyValueSpecification\",\"valueRequired\":true,\"valueName\":\"search_term_string\"}}],\"inLanguage\":\"lt-LT\"},{\"@type\":\"Organization\",\"@id\":\"https:\\\/\\\/toidupakk.ee\\\/lt\\\/#organization\",\"name\":\"Tactical Foodpack matkaeined\",\"url\":\"https:\\\/\\\/toidupakk.ee\\\/lt\\\/\",\"logo\":{\"@type\":\"ImageObject\",\"inLanguage\":\"lt-LT\",\"@id\":\"https:\\\/\\\/toidupakk.ee\\\/lt\\\/#\\\/schema\\\/logo\\\/image\\\/\",\"url\":\"https:\\\/\\\/toidupakk.ee\\\/wp-content\\\/uploads\\\/2022\\\/01\\\/Toidupakk-matkapood-logo-transparent.png\",\"contentUrl\":\"https:\\\/\\\/toidupakk.ee\\\/wp-content\\\/uploads\\\/2022\\\/01\\\/Toidupakk-matkapood-logo-transparent.png\",\"width\":500,\"height\":500,\"caption\":\"Tactical Foodpack matkaeined\"},\"image\":{\"@id\":\"https:\\\/\\\/toidupakk.ee\\\/lt\\\/#\\\/schema\\\/logo\\\/image\\\/\"},\"sameAs\":[\"https:\\\/\\\/www.facebook.com\\\/Toidupakk\",\"https:\\\/\\\/www.instagram.com\\\/toidupakk\\\/\"]}]}<\/script>\n<!-- \/ Yoast SEO plugin. -->","yoast_head_json":{"title":"Nesk\u0119stantis \u0161vilpukas - Toidupakk.ee - Tactical Foodpack toidupakid","description":"Nesk\u0119stantis \u0161vilpukas skirtas naudoti motorin\u0117se valtyse, jachtose, plaukiant baidar\u0117mis, kanojomis, vandens motociklais ar tiesiog pramogaujant su irklente (SUP). Kaklo virvel\u0117 yra komplekte.","robots":{"index":"index","follow":"follow","max-snippet":"max-snippet:-1","max-image-preview":"max-image-preview:large","max-video-preview":"max-video-preview:-1"},"canonical":"https:\/\/toidupakk.ee\/lt\/toode\/neskestantis-svilpukas\/","og_locale":"lt_LT","og_type":"article","og_title":"Nesk\u0119stantis \u0161vilpukas - Toidupakk.ee - Tactical Foodpack toidupakid","og_description":"Nesk\u0119stantis \u0161vilpukas skirtas naudoti motorin\u0117se valtyse, jachtose, plaukiant baidar\u0117mis, kanojomis, vandens motociklais ar tiesiog pramogaujant su irklente (SUP). Kaklo virvel\u0117 yra komplekte.","og_url":"https:\/\/toidupakk.ee\/lt\/toode\/neskestantis-svilpukas\/","og_site_name":"Toidupakk.ee - Tactical Foodpack toidupakid","article_publisher":"https:\/\/www.facebook.com\/Toidupakk","article_modified_time":"2026-04-14T20:31:32+00:00","og_image":[{"width":1080,"height":1080,"url":"https:\/\/toidupakk.ee\/wp-content\/uploads\/2023\/06\/Uppumatu-vile44.png","type":"image\/png"}],"twitter_card":"summary_large_image","schema":{"@context":"https:\/\/schema.org","@graph":[{"@type":"WebPage","@id":"https:\/\/toidupakk.ee\/lt\/toode\/neskestantis-svilpukas\/","url":"https:\/\/toidupakk.ee\/lt\/toode\/neskestantis-svilpukas\/","name":"Nesk\u0119stantis \u0161vilpukas - Toidupakk.ee - Tactical Foodpack toidupakid","isPartOf":{"@id":"https:\/\/toidupakk.ee\/lt\/#website"},"primaryImageOfPage":{"@id":"https:\/\/toidupakk.ee\/lt\/toode\/neskestantis-svilpukas\/#primaryimage"},"image":{"@id":"https:\/\/toidupakk.ee\/lt\/toode\/neskestantis-svilpukas\/#primaryimage"},"thumbnailUrl":"https:\/\/toidupakk.ee\/wp-content\/uploads\/2023\/06\/Uppumatu-vile44.png","datePublished":"2023-06-09T10:14:40+00:00","dateModified":"2026-04-14T20:31:32+00:00","description":"Nesk\u0119stantis \u0161vilpukas skirtas naudoti motorin\u0117se valtyse, jachtose, plaukiant baidar\u0117mis, kanojomis, vandens motociklais ar tiesiog pramogaujant su irklente (SUP). Kaklo virvel\u0117 yra komplekte.","breadcrumb":{"@id":"https:\/\/toidupakk.ee\/lt\/toode\/neskestantis-svilpukas\/#breadcrumb"},"inLanguage":"lt-LT","potentialAction":[{"@type":"ReadAction","target":["https:\/\/toidupakk.ee\/lt\/toode\/neskestantis-svilpukas\/"]}]},{"@type":"ImageObject","inLanguage":"lt-LT","@id":"https:\/\/toidupakk.ee\/lt\/toode\/neskestantis-svilpukas\/#primaryimage","url":"https:\/\/toidupakk.ee\/wp-content\/uploads\/2023\/06\/Uppumatu-vile44.png","contentUrl":"https:\/\/toidupakk.ee\/wp-content\/uploads\/2023\/06\/Uppumatu-vile44.png","width":1080,"height":1080,"caption":"Uppumatu vile 1"},{"@type":"BreadcrumbList","@id":"https:\/\/toidupakk.ee\/lt\/toode\/neskestantis-svilpukas\/#breadcrumb","itemListElement":[{"@type":"ListItem","position":1,"name":"Avaleht","item":"https:\/\/toidupakk.ee\/lt\/"},{"@type":"ListItem","position":2,"name":"El. parduotuv\u0117","item":"https:\/\/toidupakk.ee\/lt\/el-parduotuve\/"},{"@type":"ListItem","position":3,"name":"Nesk\u0119stantis \u0161vilpukas"}]},{"@type":"WebSite","@id":"https:\/\/toidupakk.ee\/lt\/#website","url":"https:\/\/toidupakk.ee\/lt\/","name":"Toidupakk.ee - Tactical Foodpack toidupakid","description":"Tactical Foodpack k\u00fclmkuivatatud toidupakid ja matkaeined","publisher":{"@id":"https:\/\/toidupakk.ee\/lt\/#organization"},"potentialAction":[{"@type":"SearchAction","target":{"@type":"EntryPoint","urlTemplate":"https:\/\/toidupakk.ee\/lt\/?s={search_term_string}"},"query-input":{"@type":"PropertyValueSpecification","valueRequired":true,"valueName":"search_term_string"}}],"inLanguage":"lt-LT"},{"@type":"Organization","@id":"https:\/\/toidupakk.ee\/lt\/#organization","name":"Tactical Foodpack matkaeined","url":"https:\/\/toidupakk.ee\/lt\/","logo":{"@type":"ImageObject","inLanguage":"lt-LT","@id":"https:\/\/toidupakk.ee\/lt\/#\/schema\/logo\/image\/","url":"https:\/\/toidupakk.ee\/wp-content\/uploads\/2022\/01\/Toidupakk-matkapood-logo-transparent.png","contentUrl":"https:\/\/toidupakk.ee\/wp-content\/uploads\/2022\/01\/Toidupakk-matkapood-logo-transparent.png","width":500,"height":500,"caption":"Tactical Foodpack matkaeined"},"image":{"@id":"https:\/\/toidupakk.ee\/lt\/#\/schema\/logo\/image\/"},"sameAs":["https:\/\/www.facebook.com\/Toidupakk","https:\/\/www.instagram.com\/toidupakk\/"]}]}},"jetpack_sharing_enabled":true,"_links":{"self":[{"href":"https:\/\/toidupakk.ee\/lt\/wp-json\/wp\/v2\/product\/48024","targetHints":{"allow":["GET"]}}],"collection":[{"href":"https:\/\/toidupakk.ee\/lt\/wp-json\/wp\/v2\/product"}],"about":[{"href":"https:\/\/toidupakk.ee\/lt\/wp-json\/wp\/v2\/types\/product"}],"replies":[{"embeddable":true,"href":"https:\/\/toidupakk.ee\/lt\/wp-json\/wp\/v2\/comments?post=48024"}],"wp:featuredmedia":[{"embeddable":true,"href":"https:\/\/toidupakk.ee\/lt\/wp-json\/wp\/v2\/media\/9879"}],"wp:attachment":[{"href":"https:\/\/toidupakk.ee\/lt\/wp-json\/wp\/v2\/media?parent=48024"}],"wp:term":[{"taxonomy":"product_brand","embeddable":true,"href":"https:\/\/toidupakk.ee\/lt\/wp-json\/wp\/v2\/product_brand?post=48024"},{"taxonomy":"product_cat","embeddable":true,"href":"https:\/\/toidupakk.ee\/lt\/wp-json\/wp\/v2\/product_cat?post=48024"},{"taxonomy":"product_tag","embeddable":true,"href":"https:\/\/toidupakk.ee\/lt\/wp-json\/wp\/v2\/product_tag?post=48024"}],"curies":[{"name":"wp","href":"https:\/\/api.w.org\/{rel}","templated":true}]}}