{"id":48004,"date":"2023-06-29T11:52:49","date_gmt":"2023-06-29T08:52:49","guid":{"rendered":"https:\/\/toidupakk.ee\/toode\/naturalus-svirpliu-uzkandis\/"},"modified":"2026-04-15T13:30:10","modified_gmt":"2026-04-15T10:30:10","slug":"naturalus-svirpliu-uzkandis","status":"publish","type":"product","link":"https:\/\/toidupakk.ee\/lt\/toode\/naturalus-svirpliu-uzkandis\/","title":{"rendered":"Nat\u016bralus svirpli\u0173 u\u017ekandis"},"content":{"rendered":"<p>Nat\u016bralus svirpli\u0173 u\u017ekandis yra sveikas ir skanus, pagamintas i\u0161 svirpli\u0173. Nat\u016bralaus skonio svirpli\u0173 u\u017ekand\u017eiai puikiai tinka kaip priedas prie \u012fvairi\u0173 patiekal\u0173. Juos galima d\u0117ti \u012f salotas, trintas sriubas, ko\u0161es arba tiesiog m\u0117gautis kaip sveiku u\u017ekand\u017eiu. Tra\u0161k\u016bs ir maistingi u\u017ekand\u017eiai suteikia patiekalams papildomo skonio bei u\u017etikrina sveik\u0105 ir maloni\u0105 valgymo patirt\u012f.   <\/p>\n<p>Svirpli\u0173 u\u017ekandis pagamintas naudojant speciali\u0105 technologij\u0105, kuri i\u0161saugo tra\u0161ki\u0105 svirpli\u0173 tekst\u016br\u0105 ir skon\u012f. Be to, u\u017ekand\u017eiai supakuoti \u012f patogi\u0105 ir perdirbam\u0105 pakuot\u0119, kuri i\u0161laiko juos \u0161vie\u017eius ir leid\u017eia lengvai pasiimti su savimi. <\/p>\n<p><img fetchpriority=\"high\" decoding=\"async\" class=\"alignnone size-medium wp-image-10627\" src=\"https:\/\/toidupakk.ee\/wp-content\/uploads\/2023\/06\/Kilgisnakk-Green-bite--300x300.png\" alt=\"Svirpli\u0173 u\u017ekandis (garsty\u010di\u0173 ir \u0161onin\u0117s) 6\" width=\"300\" height=\"300\" srcset=\"https:\/\/toidupakk.ee\/wp-content\/uploads\/2023\/06\/Kilgisnakk-Green-bite--300x300.png 300w, https:\/\/toidupakk.ee\/wp-content\/uploads\/2023\/06\/Kilgisnakk-Green-bite--400x400.png 400w, https:\/\/toidupakk.ee\/wp-content\/uploads\/2023\/06\/Kilgisnakk-Green-bite--100x100.png 100w, https:\/\/toidupakk.ee\/wp-content\/uploads\/2023\/06\/Kilgisnakk-Green-bite--800x800.png 800w, https:\/\/toidupakk.ee\/wp-content\/uploads\/2023\/06\/Kilgisnakk-Green-bite--1024x1024.png 1024w, https:\/\/toidupakk.ee\/wp-content\/uploads\/2023\/06\/Kilgisnakk-Green-bite--500x500.png 500w, https:\/\/toidupakk.ee\/wp-content\/uploads\/2023\/06\/Kilgisnakk-Green-bite--768x768.png 768w, https:\/\/toidupakk.ee\/wp-content\/uploads\/2023\/06\/Kilgisnakk-Green-bite-.png 1080w\" sizes=\"(max-width: 300px) 100vw, 300px\" \/><\/p>\n<p>\u201eGreen Bite\u201c svirpli\u0173 u\u017ekand\u017ei\u0173 asortimentas yra puiki alternatyva tradiciniams \u010dipsams. \u0160ie u\u017ekand\u017eiai pasi\u017eymi naudingomis savyb\u0117mis. Pirma, rinkdamasis svirpli\u0173 u\u017ekand\u017eius, padedi taupyti vanden\u012f, nes j\u0173 gamybai reikia gerokai ma\u017eiau vandens nei \u010dipsams. Antra, svirpli\u0173 u\u017ekand\u017eiai yra gausus kalcio, gele\u017eies ir baltym\u0173 \u0161altinis, juose yra 84 % vitamino B12 paros normos. Vitaminas B12 svarbus ma\u017einant nuovarg\u012f bei i\u0161sekim\u0105 ir u\u017etikrinant normali\u0105 nerv\u0173 sistemos veikl\u0105.    <\/p>\n<p>Daugiau \u017eygio reikmen\u0173 rasi <a href=\"https:\/\/toidupakk.ee\/lt\/tootekategooria\/zygio-iranga\/#section-3-79\">\u010cIA<\/a><\/p>\n<p>O gal domiesi \u017eygio maistu? \u017di\u016br\u0117k <a href=\"\/?product_cat=snakk#section-3-79\">\u010cIA<\/a><\/p>\n<p>Pasisemk \u012fkv\u0117pimo kitiems nuotykiams Toidupakk <a href=\"https:\/\/www.instagram.com\/toidupakk\/\">Instagram<\/a> ir <a href=\"https:\/\/www.facebook.com\/Toidupakk\/\">Facebook<\/a> paskyrose.<\/p>\n","protected":false},"excerpt":{"rendered":"<div class=\"page\" title=\"1 puslapis\">\n<div class=\"section\">\n<div class=\"layoutArea\">\n<div class=\"column\">\n<p><strong>VIETOJ \u010cIPS\u0172 RINKIS NAUDINGUS SVIRPLIUS!<\/strong><br \/>\nPatirsi \u0161iek tiek azarto, gausi daug naudos sveikatai ir prisid\u0117si prie aplinkos saugojimo. Idealiai tinka dovanai, kaip sveikas u\u017ekandis ar priedas prie maisto \u2013 pavyzd\u017eiui, salot\u0173. <\/p>\n<\/div>\n<\/div>\n<\/div>\n<\/div>\n<p>Svirpli\u0173 u\u017ekandis yra skanus ir sveikas u\u017ekandis, d\u017eiuginantis tiek skonio receptorius, tiek k\u016bn\u0105. Svirpli\u0173 u\u017ekand\u017eiai pagaminti i\u0161 kokybi\u0161k\u0173 ir nat\u016brali\u0173 ingredient\u0173, tod\u0117l puikiai tinka kaip sveikas u\u017ekandis ar energijos u\u017etaisas aktyviai dienai. <\/p>\n<ul>\n<li style=\"list-style-type: none;\">\n<ul>\n<li><strong>galiojimo laikas 9 m\u0117n.<\/strong><\/li>\n<li>kalcio \u0161altinis<\/li>\n<li>gele\u017eies \u0161altinis<\/li>\n<li>baltym\u0173 \u0161altinis<\/li>\n<li>vitamino B12 \u0161altinis (84 % paros normos) \u2013 vitaminas B12 ma\u017eina nuovarg\u012f bei i\u0161sekim\u0105 ir padeda palaikyti normali\u0105 nerv\u0173 sistemos veikl\u0105<\/li>\n<li>Produkto svoris 25 g<\/li>\n<li>Svirpliai (Acheta domesticus) u\u017eauginti Estijoje<\/li>\n<li>Be rafinuoto cukraus<\/li>\n<li>Be dirbtini\u0173 pried\u0173 ir konservant\u0173<\/li>\n<\/ul>\n<\/li>\n<\/ul>\n<p>\u2705 Yra sand\u0117lyje, greitas pristatymas per 1\u20133 darbo dienas<\/p>\n","protected":false},"featured_media":10716,"comment_status":"open","ping_status":"closed","template":"","meta":{"_acf_changed":false},"product_brand":[],"product_cat":[239,215,213,189,190],"product_tag":[194],"class_list":{"0":"post-48004","1":"product","2":"type-product","3":"status-publish","4":"has-post-thumbnail","6":"product_cat-priedai","7":"product_cat-svirpliu-uzkandziai","8":"product_cat-uzkandziai","9":"product_cat-zygio-iranga","10":"product_cat-zygio-prekes","11":"product_tag-no_ads","13":"first","14":"instock","15":"taxable","16":"shipping-taxable","17":"purchasable","18":"product-type-simple"},"bundled_by":[],"bundle_stock_status":"instock","bundle_stock_quantity":8,"bundle_virtual":false,"bundle_layout":"","bundle_add_to_cart_form_location":"","bundle_editable_in_cart":false,"bundle_sold_individually_context":"","bundle_item_grouping":"","bundle_min_size":"","bundle_max_size":"","bundle_price":[],"bundled_items":[],"bundle_sell_ids":[],"acf":[],"yoast_head":"<!-- This site is optimized with the Yoast SEO plugin v27.3 - https:\/\/yoast.com\/product\/yoast-seo-wordpress\/ -->\n<title>Nat\u016bralus svirpli\u0173 u\u017ekandis<\/title>\n<meta name=\"description\" content=\"Nat\u016bralus svirpli\u0173 u\u017ekandis yra sveikas ir skanus pasirinkimas tiems, kurie ie\u0161ko sveikos alternatyvos.\" \/>\n<meta name=\"robots\" content=\"index, follow, max-snippet:-1, max-image-preview:large, max-video-preview:-1\" \/>\n<link rel=\"canonical\" href=\"https:\/\/toidupakk.ee\/lt\/toode\/naturalus-svirpliu-uzkandis\/\" \/>\n<meta property=\"og:locale\" content=\"lt_LT\" \/>\n<meta property=\"og:type\" content=\"article\" \/>\n<meta property=\"og:title\" content=\"Nat\u016bralus svirpli\u0173 u\u017ekandis\" \/>\n<meta property=\"og:description\" content=\"Nat\u016bralus svirpli\u0173 u\u017ekandis yra sveikas ir skanus pasirinkimas tiems, kurie ie\u0161ko sveikos alternatyvos.\" \/>\n<meta property=\"og:url\" content=\"https:\/\/toidupakk.ee\/lt\/toode\/naturalus-svirpliu-uzkandis\/\" \/>\n<meta property=\"og:site_name\" content=\"Toidupakk.ee - Tactical Foodpack toidupakid\" \/>\n<meta property=\"article:publisher\" content=\"https:\/\/www.facebook.com\/Toidupakk\" \/>\n<meta property=\"article:modified_time\" content=\"2026-04-15T10:30:10+00:00\" \/>\n<meta property=\"og:image\" content=\"https:\/\/toidupakk.ee\/wp-content\/uploads\/2023\/06\/kilgikrops-naturaalne79.png\" \/>\n\t<meta property=\"og:image:width\" content=\"1080\" \/>\n\t<meta property=\"og:image:height\" content=\"1080\" \/>\n\t<meta property=\"og:image:type\" content=\"image\/png\" \/>\n<meta name=\"twitter:card\" content=\"summary_large_image\" \/>\n<meta name=\"twitter:label1\" content=\"Est. reading time\" \/>\n\t<meta name=\"twitter:data1\" content=\"1 minut\u0117\" \/>\n<script type=\"application\/ld+json\" class=\"yoast-schema-graph\">{\"@context\":\"https:\\\/\\\/schema.org\",\"@graph\":[{\"@type\":\"WebPage\",\"@id\":\"https:\\\/\\\/toidupakk.ee\\\/lt\\\/toode\\\/naturalus-svirpliu-uzkandis\\\/\",\"url\":\"https:\\\/\\\/toidupakk.ee\\\/lt\\\/toode\\\/naturalus-svirpliu-uzkandis\\\/\",\"name\":\"Nat\u016bralus svirpli\u0173 u\u017ekandis\",\"isPartOf\":{\"@id\":\"https:\\\/\\\/toidupakk.ee\\\/lt\\\/#website\"},\"primaryImageOfPage\":{\"@id\":\"https:\\\/\\\/toidupakk.ee\\\/lt\\\/toode\\\/naturalus-svirpliu-uzkandis\\\/#primaryimage\"},\"image\":{\"@id\":\"https:\\\/\\\/toidupakk.ee\\\/lt\\\/toode\\\/naturalus-svirpliu-uzkandis\\\/#primaryimage\"},\"thumbnailUrl\":\"https:\\\/\\\/toidupakk.ee\\\/wp-content\\\/uploads\\\/2023\\\/06\\\/kilgikrops-naturaalne79.png\",\"datePublished\":\"2023-06-29T08:52:49+00:00\",\"dateModified\":\"2026-04-15T10:30:10+00:00\",\"description\":\"Nat\u016bralus svirpli\u0173 u\u017ekandis yra sveikas ir skanus pasirinkimas tiems, kurie ie\u0161ko sveikos alternatyvos.\",\"breadcrumb\":{\"@id\":\"https:\\\/\\\/toidupakk.ee\\\/lt\\\/toode\\\/naturalus-svirpliu-uzkandis\\\/#breadcrumb\"},\"inLanguage\":\"lt-LT\",\"potentialAction\":[{\"@type\":\"ReadAction\",\"target\":[\"https:\\\/\\\/toidupakk.ee\\\/lt\\\/toode\\\/naturalus-svirpliu-uzkandis\\\/\"]}]},{\"@type\":\"ImageObject\",\"inLanguage\":\"lt-LT\",\"@id\":\"https:\\\/\\\/toidupakk.ee\\\/lt\\\/toode\\\/naturalus-svirpliu-uzkandis\\\/#primaryimage\",\"url\":\"https:\\\/\\\/toidupakk.ee\\\/wp-content\\\/uploads\\\/2023\\\/06\\\/kilgikrops-naturaalne79.png\",\"contentUrl\":\"https:\\\/\\\/toidupakk.ee\\\/wp-content\\\/uploads\\\/2023\\\/06\\\/kilgikrops-naturaalne79.png\",\"width\":1080,\"height\":1080,\"caption\":\"kilgisn\u00e4kk naturaalne\"},{\"@type\":\"BreadcrumbList\",\"@id\":\"https:\\\/\\\/toidupakk.ee\\\/lt\\\/toode\\\/naturalus-svirpliu-uzkandis\\\/#breadcrumb\",\"itemListElement\":[{\"@type\":\"ListItem\",\"position\":1,\"name\":\"Avaleht\",\"item\":\"https:\\\/\\\/toidupakk.ee\\\/lt\\\/\"},{\"@type\":\"ListItem\",\"position\":2,\"name\":\"El. parduotuv\u0117\",\"item\":\"https:\\\/\\\/toidupakk.ee\\\/lt\\\/el-parduotuve\\\/\"},{\"@type\":\"ListItem\",\"position\":3,\"name\":\"Nat\u016bralus svirpli\u0173 u\u017ekandis\"}]},{\"@type\":\"WebSite\",\"@id\":\"https:\\\/\\\/toidupakk.ee\\\/lt\\\/#website\",\"url\":\"https:\\\/\\\/toidupakk.ee\\\/lt\\\/\",\"name\":\"Toidupakk.ee - Tactical Foodpack toidupakid\",\"description\":\"Tactical Foodpack k\u00fclmkuivatatud toidupakid ja matkaeined\",\"publisher\":{\"@id\":\"https:\\\/\\\/toidupakk.ee\\\/lt\\\/#organization\"},\"potentialAction\":[{\"@type\":\"SearchAction\",\"target\":{\"@type\":\"EntryPoint\",\"urlTemplate\":\"https:\\\/\\\/toidupakk.ee\\\/lt\\\/?s={search_term_string}\"},\"query-input\":{\"@type\":\"PropertyValueSpecification\",\"valueRequired\":true,\"valueName\":\"search_term_string\"}}],\"inLanguage\":\"lt-LT\"},{\"@type\":\"Organization\",\"@id\":\"https:\\\/\\\/toidupakk.ee\\\/lt\\\/#organization\",\"name\":\"Tactical Foodpack matkaeined\",\"url\":\"https:\\\/\\\/toidupakk.ee\\\/lt\\\/\",\"logo\":{\"@type\":\"ImageObject\",\"inLanguage\":\"lt-LT\",\"@id\":\"https:\\\/\\\/toidupakk.ee\\\/lt\\\/#\\\/schema\\\/logo\\\/image\\\/\",\"url\":\"https:\\\/\\\/toidupakk.ee\\\/wp-content\\\/uploads\\\/2022\\\/01\\\/Toidupakk-matkapood-logo-transparent.png\",\"contentUrl\":\"https:\\\/\\\/toidupakk.ee\\\/wp-content\\\/uploads\\\/2022\\\/01\\\/Toidupakk-matkapood-logo-transparent.png\",\"width\":500,\"height\":500,\"caption\":\"Tactical Foodpack matkaeined\"},\"image\":{\"@id\":\"https:\\\/\\\/toidupakk.ee\\\/lt\\\/#\\\/schema\\\/logo\\\/image\\\/\"},\"sameAs\":[\"https:\\\/\\\/www.facebook.com\\\/Toidupakk\",\"https:\\\/\\\/www.instagram.com\\\/toidupakk\\\/\"]}]}<\/script>\n<!-- \/ Yoast SEO plugin. -->","yoast_head_json":{"title":"Nat\u016bralus svirpli\u0173 u\u017ekandis","description":"Nat\u016bralus svirpli\u0173 u\u017ekandis yra sveikas ir skanus pasirinkimas tiems, kurie ie\u0161ko sveikos alternatyvos.","robots":{"index":"index","follow":"follow","max-snippet":"max-snippet:-1","max-image-preview":"max-image-preview:large","max-video-preview":"max-video-preview:-1"},"canonical":"https:\/\/toidupakk.ee\/lt\/toode\/naturalus-svirpliu-uzkandis\/","og_locale":"lt_LT","og_type":"article","og_title":"Nat\u016bralus svirpli\u0173 u\u017ekandis","og_description":"Nat\u016bralus svirpli\u0173 u\u017ekandis yra sveikas ir skanus pasirinkimas tiems, kurie ie\u0161ko sveikos alternatyvos.","og_url":"https:\/\/toidupakk.ee\/lt\/toode\/naturalus-svirpliu-uzkandis\/","og_site_name":"Toidupakk.ee - Tactical Foodpack toidupakid","article_publisher":"https:\/\/www.facebook.com\/Toidupakk","article_modified_time":"2026-04-15T10:30:10+00:00","og_image":[{"width":1080,"height":1080,"url":"https:\/\/toidupakk.ee\/wp-content\/uploads\/2023\/06\/kilgikrops-naturaalne79.png","type":"image\/png"}],"twitter_card":"summary_large_image","twitter_misc":{"Est. reading time":"1 minut\u0117"},"schema":{"@context":"https:\/\/schema.org","@graph":[{"@type":"WebPage","@id":"https:\/\/toidupakk.ee\/lt\/toode\/naturalus-svirpliu-uzkandis\/","url":"https:\/\/toidupakk.ee\/lt\/toode\/naturalus-svirpliu-uzkandis\/","name":"Nat\u016bralus svirpli\u0173 u\u017ekandis","isPartOf":{"@id":"https:\/\/toidupakk.ee\/lt\/#website"},"primaryImageOfPage":{"@id":"https:\/\/toidupakk.ee\/lt\/toode\/naturalus-svirpliu-uzkandis\/#primaryimage"},"image":{"@id":"https:\/\/toidupakk.ee\/lt\/toode\/naturalus-svirpliu-uzkandis\/#primaryimage"},"thumbnailUrl":"https:\/\/toidupakk.ee\/wp-content\/uploads\/2023\/06\/kilgikrops-naturaalne79.png","datePublished":"2023-06-29T08:52:49+00:00","dateModified":"2026-04-15T10:30:10+00:00","description":"Nat\u016bralus svirpli\u0173 u\u017ekandis yra sveikas ir skanus pasirinkimas tiems, kurie ie\u0161ko sveikos alternatyvos.","breadcrumb":{"@id":"https:\/\/toidupakk.ee\/lt\/toode\/naturalus-svirpliu-uzkandis\/#breadcrumb"},"inLanguage":"lt-LT","potentialAction":[{"@type":"ReadAction","target":["https:\/\/toidupakk.ee\/lt\/toode\/naturalus-svirpliu-uzkandis\/"]}]},{"@type":"ImageObject","inLanguage":"lt-LT","@id":"https:\/\/toidupakk.ee\/lt\/toode\/naturalus-svirpliu-uzkandis\/#primaryimage","url":"https:\/\/toidupakk.ee\/wp-content\/uploads\/2023\/06\/kilgikrops-naturaalne79.png","contentUrl":"https:\/\/toidupakk.ee\/wp-content\/uploads\/2023\/06\/kilgikrops-naturaalne79.png","width":1080,"height":1080,"caption":"kilgisn\u00e4kk naturaalne"},{"@type":"BreadcrumbList","@id":"https:\/\/toidupakk.ee\/lt\/toode\/naturalus-svirpliu-uzkandis\/#breadcrumb","itemListElement":[{"@type":"ListItem","position":1,"name":"Avaleht","item":"https:\/\/toidupakk.ee\/lt\/"},{"@type":"ListItem","position":2,"name":"El. parduotuv\u0117","item":"https:\/\/toidupakk.ee\/lt\/el-parduotuve\/"},{"@type":"ListItem","position":3,"name":"Nat\u016bralus svirpli\u0173 u\u017ekandis"}]},{"@type":"WebSite","@id":"https:\/\/toidupakk.ee\/lt\/#website","url":"https:\/\/toidupakk.ee\/lt\/","name":"Toidupakk.ee - Tactical Foodpack toidupakid","description":"Tactical Foodpack k\u00fclmkuivatatud toidupakid ja matkaeined","publisher":{"@id":"https:\/\/toidupakk.ee\/lt\/#organization"},"potentialAction":[{"@type":"SearchAction","target":{"@type":"EntryPoint","urlTemplate":"https:\/\/toidupakk.ee\/lt\/?s={search_term_string}"},"query-input":{"@type":"PropertyValueSpecification","valueRequired":true,"valueName":"search_term_string"}}],"inLanguage":"lt-LT"},{"@type":"Organization","@id":"https:\/\/toidupakk.ee\/lt\/#organization","name":"Tactical Foodpack matkaeined","url":"https:\/\/toidupakk.ee\/lt\/","logo":{"@type":"ImageObject","inLanguage":"lt-LT","@id":"https:\/\/toidupakk.ee\/lt\/#\/schema\/logo\/image\/","url":"https:\/\/toidupakk.ee\/wp-content\/uploads\/2022\/01\/Toidupakk-matkapood-logo-transparent.png","contentUrl":"https:\/\/toidupakk.ee\/wp-content\/uploads\/2022\/01\/Toidupakk-matkapood-logo-transparent.png","width":500,"height":500,"caption":"Tactical Foodpack matkaeined"},"image":{"@id":"https:\/\/toidupakk.ee\/lt\/#\/schema\/logo\/image\/"},"sameAs":["https:\/\/www.facebook.com\/Toidupakk","https:\/\/www.instagram.com\/toidupakk\/"]}]}},"jetpack_sharing_enabled":true,"_links":{"self":[{"href":"https:\/\/toidupakk.ee\/lt\/wp-json\/wp\/v2\/product\/48004","targetHints":{"allow":["GET"]}}],"collection":[{"href":"https:\/\/toidupakk.ee\/lt\/wp-json\/wp\/v2\/product"}],"about":[{"href":"https:\/\/toidupakk.ee\/lt\/wp-json\/wp\/v2\/types\/product"}],"replies":[{"embeddable":true,"href":"https:\/\/toidupakk.ee\/lt\/wp-json\/wp\/v2\/comments?post=48004"}],"wp:featuredmedia":[{"embeddable":true,"href":"https:\/\/toidupakk.ee\/lt\/wp-json\/wp\/v2\/media\/10716"}],"wp:attachment":[{"href":"https:\/\/toidupakk.ee\/lt\/wp-json\/wp\/v2\/media?parent=48004"}],"wp:term":[{"taxonomy":"product_brand","embeddable":true,"href":"https:\/\/toidupakk.ee\/lt\/wp-json\/wp\/v2\/product_brand?post=48004"},{"taxonomy":"product_cat","embeddable":true,"href":"https:\/\/toidupakk.ee\/lt\/wp-json\/wp\/v2\/product_cat?post=48004"},{"taxonomy":"product_tag","embeddable":true,"href":"https:\/\/toidupakk.ee\/lt\/wp-json\/wp\/v2\/product_tag?post=48004"}],"curies":[{"name":"wp","href":"https:\/\/api.w.org\/{rel}","templated":true}]}}