{"id":47999,"date":"2023-06-09T12:28:53","date_gmt":"2023-06-09T09:28:53","guid":{"rendered":"https:\/\/toidupakk.ee\/toode\/svilpuku-rinkinys-d-flex-su-molle-tvirtinimu-2-vnt\/"},"modified":"2026-04-04T00:01:47","modified_gmt":"2026-04-03T21:01:47","slug":"svilpuku-rinkinys-d-flex-su-molle-tvirtinimu-2-vnt","status":"publish","type":"product","link":"https:\/\/toidupakk.ee\/lt\/toode\/svilpuku-rinkinys-d-flex-su-molle-tvirtinimu-2-vnt\/","title":{"rendered":"\u0160vilpuk\u0173 rinkinys \u201eD Flex\u201c su MOLLE tvirtinimu (2 vnt.)"},"content":{"rendered":"<p>Kit\u0173 \u017eygio reikmen\u0173 ie\u0161kok <a href=\"https:\/\/toidupakk.ee\/lt\/tootekategooria\/zygio-iranga\/#section-3-79\">\u010cIA<\/a><\/p>\n<p>Jei tave domina maistas \u017eygiams \u2013 \u017ei\u016br\u0117k <a href=\"\/?product_cat=snakk#section-3-79\">\u010cIA<\/a><\/p>\n<p>Pasisemk \u012fkv\u0117pimo kitiems nuotykiams \u201eToidupakk\u201c <a href=\"https:\/\/www.instagram.com\/toidupakk\/\">Instagram<\/a> ir <a href=\"https:\/\/www.facebook.com\/Toidupakk\/\">Facebook<\/a> paskyrose.<\/p>\n","protected":false},"excerpt":{"rendered":"<p>\u0160vilpuk\u0173 rinkinys su MOLLE tvirtinimu (2 vnt.). Taktinis \u0161vilpuk\u0173 rinkinys su virvut\u0117mis kaklui, lengvai tvirtinamas prie MOLLE liemen\u0117s ar kuprin\u0117s. <\/p>\n<ul>\n<li>Prek\u0117s \u017eenklas \u201e101 INC\u00ae\u201c<\/li>\n<li>Komplekte 2 vnt.<\/li>\n<li>MOLLE tvirtinimai ir virvut\u0117s kaklui<\/li>\n<li>100 % plastikas<\/li>\n<li>Spalv\u0173 pasirinkimas: \u017ealia arba juoda<\/li>\n<\/ul>\n<p>\u2705 Turime sand\u0117lyje, greitas pristatymas per 1\u20133 darbo dienas<\/p>\n","protected":false},"featured_media":9858,"comment_status":"open","ping_status":"closed","template":"","meta":{"_acf_changed":false},"product_brand":[],"product_cat":[283,189,190],"product_tag":[194],"class_list":{"0":"post-47999","1":"product","2":"type-product","3":"status-publish","4":"has-post-thumbnail","6":"product_cat-svilpukai","7":"product_cat-zygio-iranga","8":"product_cat-zygio-prekes","9":"product_tag-no_ads","11":"first","12":"instock","13":"taxable","14":"shipping-taxable","15":"purchasable","16":"product-type-variable","17":"has-default-attributes"},"bundled_by":[],"bundle_stock_status":"instock","bundle_stock_quantity":null,"bundle_virtual":false,"bundle_layout":"","bundle_add_to_cart_form_location":"","bundle_editable_in_cart":false,"bundle_sold_individually_context":"","bundle_item_grouping":"","bundle_min_size":"","bundle_max_size":"","bundle_price":[],"bundled_items":[],"bundle_sell_ids":[],"acf":[],"yoast_head":"<!-- This site is optimized with the Yoast SEO plugin v27.1.1 - https:\/\/yoast.com\/product\/yoast-seo-wordpress\/ -->\n<title>\u0160vilpuk\u0173 rinkinys \u201eD Flex\u201c su MOLLE tvirtinimu (2 vnt.)<\/title>\n<meta name=\"description\" content=\"Dviej\u0173 \u0161vilpuk\u0173 rinkinys. \u0160vilpukai lengvai tvirtinami MOLLE jungtimis. Rinkinyje yra ir virvel\u0117s ant kaklo. Prakti\u0161kas ir patikimas \u012frankis \u017eygiams, pratyboms ar j\u016brai.\" \/>\n<meta name=\"robots\" content=\"index, follow, max-snippet:-1, max-image-preview:large, max-video-preview:-1\" \/>\n<link rel=\"canonical\" href=\"https:\/\/toidupakk.ee\/lt\/toode\/svilpuku-rinkinys-d-flex-su-molle-tvirtinimu-2-vnt\/\" \/>\n<meta property=\"og:locale\" content=\"lt_LT\" \/>\n<meta property=\"og:type\" content=\"article\" \/>\n<meta property=\"og:title\" content=\"\u0160vilpuk\u0173 rinkinys \u201eD Flex\u201c su MOLLE tvirtinimu (2 vnt.)\" \/>\n<meta property=\"og:description\" content=\"Dviej\u0173 \u0161vilpuk\u0173 rinkinys. \u0160vilpukai lengvai tvirtinami MOLLE jungtimis. Rinkinyje yra ir virvel\u0117s ant kaklo. Prakti\u0161kas ir patikimas \u012frankis \u017eygiams, pratyboms ar j\u016brai.\" \/>\n<meta property=\"og:url\" content=\"https:\/\/toidupakk.ee\/lt\/toode\/svilpuku-rinkinys-d-flex-su-molle-tvirtinimu-2-vnt\/\" \/>\n<meta property=\"og:site_name\" content=\"Toidupakk.ee - Tactical Foodpack toidupakid\" \/>\n<meta property=\"article:publisher\" content=\"https:\/\/www.facebook.com\/Toidupakk\" \/>\n<meta property=\"article:modified_time\" content=\"2026-04-03T21:01:47+00:00\" \/>\n<meta property=\"og:image\" content=\"https:\/\/toidupakk.ee\/wp-content\/uploads\/2023\/06\/Vilede-komplekt-MOLLE-kinnitusega39.png\" \/>\n\t<meta property=\"og:image:width\" content=\"1080\" \/>\n\t<meta property=\"og:image:height\" content=\"1080\" \/>\n\t<meta property=\"og:image:type\" content=\"image\/png\" \/>\n<meta name=\"twitter:card\" content=\"summary_large_image\" \/>\n<script type=\"application\/ld+json\" class=\"yoast-schema-graph\">{\"@context\":\"https:\/\/schema.org\",\"@graph\":[{\"@type\":\"WebPage\",\"@id\":\"https:\/\/toidupakk.ee\/lt\/toode\/svilpuku-rinkinys-d-flex-su-molle-tvirtinimu-2-vnt\/\",\"url\":\"https:\/\/toidupakk.ee\/lt\/toode\/svilpuku-rinkinys-d-flex-su-molle-tvirtinimu-2-vnt\/\",\"name\":\"\u0160vilpuk\u0173 rinkinys \u201eD Flex\u201c su MOLLE tvirtinimu (2 vnt.)\",\"isPartOf\":{\"@id\":\"https:\/\/toidupakk.ee\/lt\/#website\"},\"primaryImageOfPage\":{\"@id\":\"https:\/\/toidupakk.ee\/lt\/toode\/svilpuku-rinkinys-d-flex-su-molle-tvirtinimu-2-vnt\/#primaryimage\"},\"image\":{\"@id\":\"https:\/\/toidupakk.ee\/lt\/toode\/svilpuku-rinkinys-d-flex-su-molle-tvirtinimu-2-vnt\/#primaryimage\"},\"thumbnailUrl\":\"https:\/\/toidupakk.ee\/wp-content\/uploads\/2023\/06\/Vilede-komplekt-MOLLE-kinnitusega39.png\",\"datePublished\":\"2023-06-09T09:28:53+00:00\",\"dateModified\":\"2026-04-03T21:01:47+00:00\",\"description\":\"Dviej\u0173 \u0161vilpuk\u0173 rinkinys. \u0160vilpukai lengvai tvirtinami MOLLE jungtimis. Rinkinyje yra ir virvel\u0117s ant kaklo. Prakti\u0161kas ir patikimas \u012frankis \u017eygiams, pratyboms ar j\u016brai.\",\"breadcrumb\":{\"@id\":\"https:\/\/toidupakk.ee\/lt\/toode\/svilpuku-rinkinys-d-flex-su-molle-tvirtinimu-2-vnt\/#breadcrumb\"},\"inLanguage\":\"lt-LT\",\"potentialAction\":[{\"@type\":\"ReadAction\",\"target\":[\"https:\/\/toidupakk.ee\/lt\/toode\/svilpuku-rinkinys-d-flex-su-molle-tvirtinimu-2-vnt\/\"]}]},{\"@type\":\"ImageObject\",\"inLanguage\":\"lt-LT\",\"@id\":\"https:\/\/toidupakk.ee\/lt\/toode\/svilpuku-rinkinys-d-flex-su-molle-tvirtinimu-2-vnt\/#primaryimage\",\"url\":\"https:\/\/toidupakk.ee\/wp-content\/uploads\/2023\/06\/Vilede-komplekt-MOLLE-kinnitusega39.png\",\"contentUrl\":\"https:\/\/toidupakk.ee\/wp-content\/uploads\/2023\/06\/Vilede-komplekt-MOLLE-kinnitusega39.png\",\"width\":1080,\"height\":1080,\"caption\":\"Vilede komplekt MOLLE kinnitusega 1\"},{\"@type\":\"BreadcrumbList\",\"@id\":\"https:\/\/toidupakk.ee\/lt\/toode\/svilpuku-rinkinys-d-flex-su-molle-tvirtinimu-2-vnt\/#breadcrumb\",\"itemListElement\":[{\"@type\":\"ListItem\",\"position\":1,\"name\":\"Avaleht\",\"item\":\"https:\/\/toidupakk.ee\/lt\/\"},{\"@type\":\"ListItem\",\"position\":2,\"name\":\"El. parduotuv\u0117\",\"item\":\"https:\/\/toidupakk.ee\/lt\/el-parduotuve\/\"},{\"@type\":\"ListItem\",\"position\":3,\"name\":\"\u0160vilpuk\u0173 rinkinys \u201eD Flex\u201c su MOLLE tvirtinimu (2 vnt.)\"}]},{\"@type\":\"WebSite\",\"@id\":\"https:\/\/toidupakk.ee\/lt\/#website\",\"url\":\"https:\/\/toidupakk.ee\/lt\/\",\"name\":\"Toidupakk.ee - Tactical Foodpack toidupakid\",\"description\":\"Tactical Foodpack k\u00fclmkuivatatud toidupakid ja matkaeined\",\"publisher\":{\"@id\":\"https:\/\/toidupakk.ee\/lt\/#organization\"},\"potentialAction\":[{\"@type\":\"SearchAction\",\"target\":{\"@type\":\"EntryPoint\",\"urlTemplate\":\"https:\/\/toidupakk.ee\/lt\/?s={search_term_string}\"},\"query-input\":{\"@type\":\"PropertyValueSpecification\",\"valueRequired\":true,\"valueName\":\"search_term_string\"}}],\"inLanguage\":\"lt-LT\"},{\"@type\":\"Organization\",\"@id\":\"https:\/\/toidupakk.ee\/lt\/#organization\",\"name\":\"Tactical Foodpack matkaeined\",\"url\":\"https:\/\/toidupakk.ee\/lt\/\",\"logo\":{\"@type\":\"ImageObject\",\"inLanguage\":\"lt-LT\",\"@id\":\"https:\/\/toidupakk.ee\/lt\/#\/schema\/logo\/image\/\",\"url\":\"https:\/\/toidupakk.ee\/wp-content\/uploads\/2022\/01\/Toidupakk-matkapood-logo-transparent.png\",\"contentUrl\":\"https:\/\/toidupakk.ee\/wp-content\/uploads\/2022\/01\/Toidupakk-matkapood-logo-transparent.png\",\"width\":500,\"height\":500,\"caption\":\"Tactical Foodpack matkaeined\"},\"image\":{\"@id\":\"https:\/\/toidupakk.ee\/lt\/#\/schema\/logo\/image\/\"},\"sameAs\":[\"https:\/\/www.facebook.com\/Toidupakk\",\"https:\/\/www.instagram.com\/toidupakk\/\"]}]}<\/script>\n<!-- \/ Yoast SEO plugin. -->","yoast_head_json":{"title":"\u0160vilpuk\u0173 rinkinys \u201eD Flex\u201c su MOLLE tvirtinimu (2 vnt.)","description":"Dviej\u0173 \u0161vilpuk\u0173 rinkinys. \u0160vilpukai lengvai tvirtinami MOLLE jungtimis. Rinkinyje yra ir virvel\u0117s ant kaklo. Prakti\u0161kas ir patikimas \u012frankis \u017eygiams, pratyboms ar j\u016brai.","robots":{"index":"index","follow":"follow","max-snippet":"max-snippet:-1","max-image-preview":"max-image-preview:large","max-video-preview":"max-video-preview:-1"},"canonical":"https:\/\/toidupakk.ee\/lt\/toode\/svilpuku-rinkinys-d-flex-su-molle-tvirtinimu-2-vnt\/","og_locale":"lt_LT","og_type":"article","og_title":"\u0160vilpuk\u0173 rinkinys \u201eD Flex\u201c su MOLLE tvirtinimu (2 vnt.)","og_description":"Dviej\u0173 \u0161vilpuk\u0173 rinkinys. \u0160vilpukai lengvai tvirtinami MOLLE jungtimis. Rinkinyje yra ir virvel\u0117s ant kaklo. Prakti\u0161kas ir patikimas \u012frankis \u017eygiams, pratyboms ar j\u016brai.","og_url":"https:\/\/toidupakk.ee\/lt\/toode\/svilpuku-rinkinys-d-flex-su-molle-tvirtinimu-2-vnt\/","og_site_name":"Toidupakk.ee - Tactical Foodpack toidupakid","article_publisher":"https:\/\/www.facebook.com\/Toidupakk","article_modified_time":"2026-04-03T21:01:47+00:00","og_image":[{"width":1080,"height":1080,"url":"https:\/\/toidupakk.ee\/wp-content\/uploads\/2023\/06\/Vilede-komplekt-MOLLE-kinnitusega39.png","type":"image\/png"}],"twitter_card":"summary_large_image","schema":{"@context":"https:\/\/schema.org","@graph":[{"@type":"WebPage","@id":"https:\/\/toidupakk.ee\/lt\/toode\/svilpuku-rinkinys-d-flex-su-molle-tvirtinimu-2-vnt\/","url":"https:\/\/toidupakk.ee\/lt\/toode\/svilpuku-rinkinys-d-flex-su-molle-tvirtinimu-2-vnt\/","name":"\u0160vilpuk\u0173 rinkinys \u201eD Flex\u201c su MOLLE tvirtinimu (2 vnt.)","isPartOf":{"@id":"https:\/\/toidupakk.ee\/lt\/#website"},"primaryImageOfPage":{"@id":"https:\/\/toidupakk.ee\/lt\/toode\/svilpuku-rinkinys-d-flex-su-molle-tvirtinimu-2-vnt\/#primaryimage"},"image":{"@id":"https:\/\/toidupakk.ee\/lt\/toode\/svilpuku-rinkinys-d-flex-su-molle-tvirtinimu-2-vnt\/#primaryimage"},"thumbnailUrl":"https:\/\/toidupakk.ee\/wp-content\/uploads\/2023\/06\/Vilede-komplekt-MOLLE-kinnitusega39.png","datePublished":"2023-06-09T09:28:53+00:00","dateModified":"2026-04-03T21:01:47+00:00","description":"Dviej\u0173 \u0161vilpuk\u0173 rinkinys. \u0160vilpukai lengvai tvirtinami MOLLE jungtimis. Rinkinyje yra ir virvel\u0117s ant kaklo. Prakti\u0161kas ir patikimas \u012frankis \u017eygiams, pratyboms ar j\u016brai.","breadcrumb":{"@id":"https:\/\/toidupakk.ee\/lt\/toode\/svilpuku-rinkinys-d-flex-su-molle-tvirtinimu-2-vnt\/#breadcrumb"},"inLanguage":"lt-LT","potentialAction":[{"@type":"ReadAction","target":["https:\/\/toidupakk.ee\/lt\/toode\/svilpuku-rinkinys-d-flex-su-molle-tvirtinimu-2-vnt\/"]}]},{"@type":"ImageObject","inLanguage":"lt-LT","@id":"https:\/\/toidupakk.ee\/lt\/toode\/svilpuku-rinkinys-d-flex-su-molle-tvirtinimu-2-vnt\/#primaryimage","url":"https:\/\/toidupakk.ee\/wp-content\/uploads\/2023\/06\/Vilede-komplekt-MOLLE-kinnitusega39.png","contentUrl":"https:\/\/toidupakk.ee\/wp-content\/uploads\/2023\/06\/Vilede-komplekt-MOLLE-kinnitusega39.png","width":1080,"height":1080,"caption":"Vilede komplekt MOLLE kinnitusega 1"},{"@type":"BreadcrumbList","@id":"https:\/\/toidupakk.ee\/lt\/toode\/svilpuku-rinkinys-d-flex-su-molle-tvirtinimu-2-vnt\/#breadcrumb","itemListElement":[{"@type":"ListItem","position":1,"name":"Avaleht","item":"https:\/\/toidupakk.ee\/lt\/"},{"@type":"ListItem","position":2,"name":"El. parduotuv\u0117","item":"https:\/\/toidupakk.ee\/lt\/el-parduotuve\/"},{"@type":"ListItem","position":3,"name":"\u0160vilpuk\u0173 rinkinys \u201eD Flex\u201c su MOLLE tvirtinimu (2 vnt.)"}]},{"@type":"WebSite","@id":"https:\/\/toidupakk.ee\/lt\/#website","url":"https:\/\/toidupakk.ee\/lt\/","name":"Toidupakk.ee - Tactical Foodpack toidupakid","description":"Tactical Foodpack k\u00fclmkuivatatud toidupakid ja matkaeined","publisher":{"@id":"https:\/\/toidupakk.ee\/lt\/#organization"},"potentialAction":[{"@type":"SearchAction","target":{"@type":"EntryPoint","urlTemplate":"https:\/\/toidupakk.ee\/lt\/?s={search_term_string}"},"query-input":{"@type":"PropertyValueSpecification","valueRequired":true,"valueName":"search_term_string"}}],"inLanguage":"lt-LT"},{"@type":"Organization","@id":"https:\/\/toidupakk.ee\/lt\/#organization","name":"Tactical Foodpack matkaeined","url":"https:\/\/toidupakk.ee\/lt\/","logo":{"@type":"ImageObject","inLanguage":"lt-LT","@id":"https:\/\/toidupakk.ee\/lt\/#\/schema\/logo\/image\/","url":"https:\/\/toidupakk.ee\/wp-content\/uploads\/2022\/01\/Toidupakk-matkapood-logo-transparent.png","contentUrl":"https:\/\/toidupakk.ee\/wp-content\/uploads\/2022\/01\/Toidupakk-matkapood-logo-transparent.png","width":500,"height":500,"caption":"Tactical Foodpack matkaeined"},"image":{"@id":"https:\/\/toidupakk.ee\/lt\/#\/schema\/logo\/image\/"},"sameAs":["https:\/\/www.facebook.com\/Toidupakk","https:\/\/www.instagram.com\/toidupakk\/"]}]}},"jetpack_sharing_enabled":true,"_links":{"self":[{"href":"https:\/\/toidupakk.ee\/lt\/wp-json\/wp\/v2\/product\/47999","targetHints":{"allow":["GET"]}}],"collection":[{"href":"https:\/\/toidupakk.ee\/lt\/wp-json\/wp\/v2\/product"}],"about":[{"href":"https:\/\/toidupakk.ee\/lt\/wp-json\/wp\/v2\/types\/product"}],"replies":[{"embeddable":true,"href":"https:\/\/toidupakk.ee\/lt\/wp-json\/wp\/v2\/comments?post=47999"}],"wp:featuredmedia":[{"embeddable":true,"href":"https:\/\/toidupakk.ee\/lt\/wp-json\/wp\/v2\/media\/9858"}],"wp:attachment":[{"href":"https:\/\/toidupakk.ee\/lt\/wp-json\/wp\/v2\/media?parent=47999"}],"wp:term":[{"taxonomy":"product_brand","embeddable":true,"href":"https:\/\/toidupakk.ee\/lt\/wp-json\/wp\/v2\/product_brand?post=47999"},{"taxonomy":"product_cat","embeddable":true,"href":"https:\/\/toidupakk.ee\/lt\/wp-json\/wp\/v2\/product_cat?post=47999"},{"taxonomy":"product_tag","embeddable":true,"href":"https:\/\/toidupakk.ee\/lt\/wp-json\/wp\/v2\/product_tag?post=47999"}],"curies":[{"name":"wp","href":"https:\/\/api.w.org\/{rel}","templated":true}]}}