{"id":47991,"date":"2023-06-19T15:19:01","date_gmt":"2023-06-19T12:19:01","guid":{"rendered":"https:\/\/toidupakk.ee\/toode\/termoantklode\/"},"modified":"2026-04-15T05:30:34","modified_gmt":"2026-04-15T02:30:34","slug":"termoantklode","status":"publish","type":"product","link":"https:\/\/toidupakk.ee\/lt\/toode\/termoantklode\/","title":{"rendered":"Termoantklod\u0117"},"content":{"rendered":"<h1><img fetchpriority=\"high\" decoding=\"async\" class=\"alignright wp-image-9922 size-thumbnail\" style=\"font-size: 16px; font-weight: 400;\" src=\"https:\/\/toidupakk.ee\/wp-content\/uploads\/2023\/06\/Termotekk56-500x500.jpg\" alt=\"Termoantklod\u0117 5\" width=\"500\" height=\"500\" srcset=\"https:\/\/toidupakk.ee\/wp-content\/uploads\/2023\/06\/Termotekk56-500x500.jpg 500w, https:\/\/toidupakk.ee\/wp-content\/uploads\/2023\/06\/Termotekk56-400x400.jpg 400w, https:\/\/toidupakk.ee\/wp-content\/uploads\/2023\/06\/Termotekk56-100x100.jpg 100w, https:\/\/toidupakk.ee\/wp-content\/uploads\/2023\/06\/Termotekk56-800x800.jpg 800w, https:\/\/toidupakk.ee\/wp-content\/uploads\/2023\/06\/Termotekk56-300x300.jpg 300w, https:\/\/toidupakk.ee\/wp-content\/uploads\/2023\/06\/Termotekk56-1024x1024.jpg 1024w, https:\/\/toidupakk.ee\/wp-content\/uploads\/2023\/06\/Termotekk56-768x768.jpg 768w, https:\/\/toidupakk.ee\/wp-content\/uploads\/2023\/06\/Termotekk56.jpg 1080w\" sizes=\"(max-width: 500px) 100vw, 500px\" \/><\/h1>\n<h1>Termoantklod\u0117 \/ NATO reikalavimus atitinkanti gelb\u0117jimo antklod\u0117<\/h1>\n<p>Termoantklod\u0117 pagaminta i\u0161 specialios folijos, kuri atspindi k\u016bno \u0161ilum\u0105 ir padeda palaikyti stabili\u0105 k\u016bno temperat\u016br\u0105 net \u0161altoje aplinkoje. Tai naudinga priemon\u0117 ekstremaliomis situacijomis, \u017eygiuose, stovyklaujant ar kitais atvejais, kai nori i\u0161likti \u0161iltai ir apsisaugoti nuo k\u016bno temperat\u016bros kritimo. <\/p>\n<p>Termoantklod\u0117 yra pakankamai didel\u0117, kad u\u017edengt\u0173 did\u017ei\u0105j\u0105 k\u016bno dal\u012f. Kartu ji pakankamai kompakti\u0161ka, kad lengvai tilpt\u0173 \u012f kuprin\u0119 ar pirmosios pagalbos rinkin\u012f. \u0160i NATO patvirtinta antklod\u0117 yra pripa\u017eintos kokyb\u0117s ir efektyvumo gaminys.  <\/p>\n<p>BCB avarin\u0117 antklod\u0117 yra svarbi gelb\u0117jimo \u012frangos dalis, padedanti i\u0161saugoti k\u016bno \u0161ilum\u0105 ir u\u017etikrinti saugum\u0105 \u0161altoje aplinkoje.<\/p>\n<p>Termoantklod\u0117 skirta naudoti ekstremaliomis situacijomis, kai kyla pavojus nukent\u0117jusiajam su\u0161alti arba perkaisti. Taip pat saugo nuo v\u0117jo ir lietaus. Pakuot\u0117 kompakti\u0161ka ir lengva, neu\u017eima daug vietos kuprin\u0117je, telpa net \u012f striuk\u0117s ki\u0161en\u0119. Svarbi \u017eygio \u012frangos dalis.   <\/p>\n<p>Galima naudoti pastog\u0117s statybai arba kaip antklod\u0119 miegant mi\u0161ke. Taip pat kaip paklot\u0105 po \u010diu\u017einiu ar miegmai\u0161iu ant \u0161alto pavir\u0161iaus, kad atspind\u0117t\u0173 nuo \u017eem\u0117s sklindant\u012f \u0161alt\u012f. Ekstremaliomis situacijomis atspindintis pavir\u0161ius gali b\u016bti naudojamas signalams si\u0173sti.  <\/p>\n<p>Daugiau \u017eygio preki\u0173 rasi <a href=\"https:\/\/toidupakk.ee\/lt\/tootekategooria\/zygio-iranga\/#section-3-79\">\u010cIA<\/a><\/p>\n<p>O gal domiesi \u017eygio maistu? \u017di\u016br\u0117k <a href=\"\/?product_cat=snakk#section-3-79\">\u010cIA<\/a><\/p>\n<p>Pasisemk \u012fkv\u0117pimo kitiems nuotykiams Toidupakk <a href=\"https:\/\/www.instagram.com\/toidupakk\/\">Instagram<\/a> ir <a href=\"https:\/\/www.facebook.com\/Toidupakk\/\">Facebook<\/a> paskyrose.<\/p>\n","protected":false},"excerpt":{"rendered":"<p>Termoantklod\u0117, sauganti nukent\u0117jus\u012fj\u012f nuo hipotermijos, \u0161al\u010dio, lietaus ar v\u0117jo. K\u016bno \u0161iluma atspindima atgal. <strong>NATO reikalavimus atitinkanti<\/strong> gelb\u0117jimo antklod\u0117. <\/p>\n<ul>\n<li>Atspindi <strong>iki 90 % k\u016bno \u0161ilumos<\/strong><\/li>\n<li>Lengva ir kompakti\u0161ka, <strong>sveria tik 85 g<\/strong><\/li>\n<li>NATO patvirtinta: NSN-7210-99-991-0460<\/li>\n<li>Dydis: 202 cm x 132 cm<\/li>\n<\/ul>\n<p>\u2705 Turime sand\u0117lyje, greitas pristatymas per 1\u20133 darbo dienas<\/p>\n","protected":false},"featured_media":9918,"comment_status":"open","ping_status":"closed","template":"","meta":{"_acf_changed":false},"product_brand":[],"product_cat":[217,216,189,190],"product_tag":[194],"class_list":{"0":"post-47991","1":"product","2":"type-product","3":"status-publish","4":"has-post-thumbnail","6":"product_cat-nakvyne-gamtoje","7":"product_cat-pripuciami-kilimeliai-turistiniai-kilimeliai","8":"product_cat-zygio-iranga","9":"product_cat-zygio-prekes","10":"product_tag-no_ads","12":"first","13":"instock","14":"sale","15":"taxable","16":"shipping-taxable","17":"purchasable","18":"product-type-simple"},"bundled_by":[],"bundle_stock_status":"instock","bundle_stock_quantity":52,"bundle_virtual":false,"bundle_layout":"","bundle_add_to_cart_form_location":"","bundle_editable_in_cart":false,"bundle_sold_individually_context":"","bundle_item_grouping":"","bundle_min_size":"","bundle_max_size":"","bundle_price":[],"bundled_items":[],"bundle_sell_ids":[],"acf":[],"yoast_head":"<!-- This site is optimized with the Yoast SEO plugin v27.3 - https:\/\/yoast.com\/product\/yoast-seo-wordpress\/ -->\n<title>Termoantklod\u0117 - NATO reikalavimus atitinkanti gelb\u0117jimo antklod\u0117 nuo hipotermijos<\/title>\n<meta name=\"description\" content=\"Termoantklod\u0117, sauganti nukent\u0117jus\u012fj\u012f nuo hipotermijos, \u0161al\u010dio, lietaus ar v\u0117jo. K\u016bno \u0161iluma atspindima atgal. NATO reikalavimus atitinkanti gelb\u0117jimo antklod\u0117.\" \/>\n<meta name=\"robots\" content=\"index, follow, max-snippet:-1, max-image-preview:large, max-video-preview:-1\" \/>\n<link rel=\"canonical\" href=\"https:\/\/toidupakk.ee\/lt\/toode\/termoantklode\/\" \/>\n<meta property=\"og:locale\" content=\"lt_LT\" \/>\n<meta property=\"og:type\" content=\"article\" \/>\n<meta property=\"og:title\" content=\"Termoantklod\u0117 - NATO reikalavimus atitinkanti gelb\u0117jimo antklod\u0117 nuo hipotermijos\" \/>\n<meta property=\"og:description\" content=\"Termoantklod\u0117, sauganti nukent\u0117jus\u012fj\u012f nuo hipotermijos, \u0161al\u010dio, lietaus ar v\u0117jo. K\u016bno \u0161iluma atspindima atgal. NATO reikalavimus atitinkanti gelb\u0117jimo antklod\u0117.\" \/>\n<meta property=\"og:url\" content=\"https:\/\/toidupakk.ee\/lt\/toode\/termoantklode\/\" \/>\n<meta property=\"og:site_name\" content=\"Toidupakk.ee - Tactical Foodpack toidupakid\" \/>\n<meta property=\"article:publisher\" content=\"https:\/\/www.facebook.com\/Toidupakk\" \/>\n<meta property=\"article:modified_time\" content=\"2026-04-15T02:30:34+00:00\" \/>\n<meta property=\"og:image\" content=\"https:\/\/toidupakk.ee\/wp-content\/uploads\/2023\/06\/Termotekk52.png\" \/>\n\t<meta property=\"og:image:width\" content=\"1080\" \/>\n\t<meta property=\"og:image:height\" content=\"1080\" \/>\n\t<meta property=\"og:image:type\" content=\"image\/png\" \/>\n<meta name=\"twitter:card\" content=\"summary_large_image\" \/>\n<meta name=\"twitter:label1\" content=\"Est. reading time\" \/>\n\t<meta name=\"twitter:data1\" content=\"1 minut\u0117\" \/>\n<script type=\"application\/ld+json\" class=\"yoast-schema-graph\">{\"@context\":\"https:\\\/\\\/schema.org\",\"@graph\":[{\"@type\":\"WebPage\",\"@id\":\"https:\\\/\\\/toidupakk.ee\\\/lt\\\/toode\\\/termoantklode\\\/\",\"url\":\"https:\\\/\\\/toidupakk.ee\\\/lt\\\/toode\\\/termoantklode\\\/\",\"name\":\"Termoantklod\u0117 - NATO reikalavimus atitinkanti gelb\u0117jimo antklod\u0117 nuo hipotermijos\",\"isPartOf\":{\"@id\":\"https:\\\/\\\/toidupakk.ee\\\/lt\\\/#website\"},\"primaryImageOfPage\":{\"@id\":\"https:\\\/\\\/toidupakk.ee\\\/lt\\\/toode\\\/termoantklode\\\/#primaryimage\"},\"image\":{\"@id\":\"https:\\\/\\\/toidupakk.ee\\\/lt\\\/toode\\\/termoantklode\\\/#primaryimage\"},\"thumbnailUrl\":\"https:\\\/\\\/toidupakk.ee\\\/wp-content\\\/uploads\\\/2023\\\/06\\\/Termotekk52.png\",\"datePublished\":\"2023-06-19T12:19:01+00:00\",\"dateModified\":\"2026-04-15T02:30:34+00:00\",\"description\":\"Termoantklod\u0117, sauganti nukent\u0117jus\u012fj\u012f nuo hipotermijos, \u0161al\u010dio, lietaus ar v\u0117jo. K\u016bno \u0161iluma atspindima atgal. NATO reikalavimus atitinkanti gelb\u0117jimo antklod\u0117.\",\"breadcrumb\":{\"@id\":\"https:\\\/\\\/toidupakk.ee\\\/lt\\\/toode\\\/termoantklode\\\/#breadcrumb\"},\"inLanguage\":\"lt-LT\",\"potentialAction\":[{\"@type\":\"ReadAction\",\"target\":[\"https:\\\/\\\/toidupakk.ee\\\/lt\\\/toode\\\/termoantklode\\\/\"]}]},{\"@type\":\"ImageObject\",\"inLanguage\":\"lt-LT\",\"@id\":\"https:\\\/\\\/toidupakk.ee\\\/lt\\\/toode\\\/termoantklode\\\/#primaryimage\",\"url\":\"https:\\\/\\\/toidupakk.ee\\\/wp-content\\\/uploads\\\/2023\\\/06\\\/Termotekk52.png\",\"contentUrl\":\"https:\\\/\\\/toidupakk.ee\\\/wp-content\\\/uploads\\\/2023\\\/06\\\/Termotekk52.png\",\"width\":1080,\"height\":1080,\"caption\":\"Termotekk 1\"},{\"@type\":\"BreadcrumbList\",\"@id\":\"https:\\\/\\\/toidupakk.ee\\\/lt\\\/toode\\\/termoantklode\\\/#breadcrumb\",\"itemListElement\":[{\"@type\":\"ListItem\",\"position\":1,\"name\":\"Avaleht\",\"item\":\"https:\\\/\\\/toidupakk.ee\\\/lt\\\/\"},{\"@type\":\"ListItem\",\"position\":2,\"name\":\"El. parduotuv\u0117\",\"item\":\"https:\\\/\\\/toidupakk.ee\\\/lt\\\/el-parduotuve\\\/\"},{\"@type\":\"ListItem\",\"position\":3,\"name\":\"Termoantklod\u0117\"}]},{\"@type\":\"WebSite\",\"@id\":\"https:\\\/\\\/toidupakk.ee\\\/lt\\\/#website\",\"url\":\"https:\\\/\\\/toidupakk.ee\\\/lt\\\/\",\"name\":\"Toidupakk.ee - Tactical Foodpack toidupakid\",\"description\":\"Tactical Foodpack k\u00fclmkuivatatud toidupakid ja matkaeined\",\"publisher\":{\"@id\":\"https:\\\/\\\/toidupakk.ee\\\/lt\\\/#organization\"},\"potentialAction\":[{\"@type\":\"SearchAction\",\"target\":{\"@type\":\"EntryPoint\",\"urlTemplate\":\"https:\\\/\\\/toidupakk.ee\\\/lt\\\/?s={search_term_string}\"},\"query-input\":{\"@type\":\"PropertyValueSpecification\",\"valueRequired\":true,\"valueName\":\"search_term_string\"}}],\"inLanguage\":\"lt-LT\"},{\"@type\":\"Organization\",\"@id\":\"https:\\\/\\\/toidupakk.ee\\\/lt\\\/#organization\",\"name\":\"Tactical Foodpack matkaeined\",\"url\":\"https:\\\/\\\/toidupakk.ee\\\/lt\\\/\",\"logo\":{\"@type\":\"ImageObject\",\"inLanguage\":\"lt-LT\",\"@id\":\"https:\\\/\\\/toidupakk.ee\\\/lt\\\/#\\\/schema\\\/logo\\\/image\\\/\",\"url\":\"https:\\\/\\\/toidupakk.ee\\\/wp-content\\\/uploads\\\/2022\\\/01\\\/Toidupakk-matkapood-logo-transparent.png\",\"contentUrl\":\"https:\\\/\\\/toidupakk.ee\\\/wp-content\\\/uploads\\\/2022\\\/01\\\/Toidupakk-matkapood-logo-transparent.png\",\"width\":500,\"height\":500,\"caption\":\"Tactical Foodpack matkaeined\"},\"image\":{\"@id\":\"https:\\\/\\\/toidupakk.ee\\\/lt\\\/#\\\/schema\\\/logo\\\/image\\\/\"},\"sameAs\":[\"https:\\\/\\\/www.facebook.com\\\/Toidupakk\",\"https:\\\/\\\/www.instagram.com\\\/toidupakk\\\/\"]}]}<\/script>\n<!-- \/ Yoast SEO plugin. -->","yoast_head_json":{"title":"Termoantklod\u0117 - NATO reikalavimus atitinkanti gelb\u0117jimo antklod\u0117 nuo hipotermijos","description":"Termoantklod\u0117, sauganti nukent\u0117jus\u012fj\u012f nuo hipotermijos, \u0161al\u010dio, lietaus ar v\u0117jo. K\u016bno \u0161iluma atspindima atgal. NATO reikalavimus atitinkanti gelb\u0117jimo antklod\u0117.","robots":{"index":"index","follow":"follow","max-snippet":"max-snippet:-1","max-image-preview":"max-image-preview:large","max-video-preview":"max-video-preview:-1"},"canonical":"https:\/\/toidupakk.ee\/lt\/toode\/termoantklode\/","og_locale":"lt_LT","og_type":"article","og_title":"Termoantklod\u0117 - NATO reikalavimus atitinkanti gelb\u0117jimo antklod\u0117 nuo hipotermijos","og_description":"Termoantklod\u0117, sauganti nukent\u0117jus\u012fj\u012f nuo hipotermijos, \u0161al\u010dio, lietaus ar v\u0117jo. K\u016bno \u0161iluma atspindima atgal. NATO reikalavimus atitinkanti gelb\u0117jimo antklod\u0117.","og_url":"https:\/\/toidupakk.ee\/lt\/toode\/termoantklode\/","og_site_name":"Toidupakk.ee - Tactical Foodpack toidupakid","article_publisher":"https:\/\/www.facebook.com\/Toidupakk","article_modified_time":"2026-04-15T02:30:34+00:00","og_image":[{"width":1080,"height":1080,"url":"https:\/\/toidupakk.ee\/wp-content\/uploads\/2023\/06\/Termotekk52.png","type":"image\/png"}],"twitter_card":"summary_large_image","twitter_misc":{"Est. reading time":"1 minut\u0117"},"schema":{"@context":"https:\/\/schema.org","@graph":[{"@type":"WebPage","@id":"https:\/\/toidupakk.ee\/lt\/toode\/termoantklode\/","url":"https:\/\/toidupakk.ee\/lt\/toode\/termoantklode\/","name":"Termoantklod\u0117 - NATO reikalavimus atitinkanti gelb\u0117jimo antklod\u0117 nuo hipotermijos","isPartOf":{"@id":"https:\/\/toidupakk.ee\/lt\/#website"},"primaryImageOfPage":{"@id":"https:\/\/toidupakk.ee\/lt\/toode\/termoantklode\/#primaryimage"},"image":{"@id":"https:\/\/toidupakk.ee\/lt\/toode\/termoantklode\/#primaryimage"},"thumbnailUrl":"https:\/\/toidupakk.ee\/wp-content\/uploads\/2023\/06\/Termotekk52.png","datePublished":"2023-06-19T12:19:01+00:00","dateModified":"2026-04-15T02:30:34+00:00","description":"Termoantklod\u0117, sauganti nukent\u0117jus\u012fj\u012f nuo hipotermijos, \u0161al\u010dio, lietaus ar v\u0117jo. K\u016bno \u0161iluma atspindima atgal. NATO reikalavimus atitinkanti gelb\u0117jimo antklod\u0117.","breadcrumb":{"@id":"https:\/\/toidupakk.ee\/lt\/toode\/termoantklode\/#breadcrumb"},"inLanguage":"lt-LT","potentialAction":[{"@type":"ReadAction","target":["https:\/\/toidupakk.ee\/lt\/toode\/termoantklode\/"]}]},{"@type":"ImageObject","inLanguage":"lt-LT","@id":"https:\/\/toidupakk.ee\/lt\/toode\/termoantklode\/#primaryimage","url":"https:\/\/toidupakk.ee\/wp-content\/uploads\/2023\/06\/Termotekk52.png","contentUrl":"https:\/\/toidupakk.ee\/wp-content\/uploads\/2023\/06\/Termotekk52.png","width":1080,"height":1080,"caption":"Termotekk 1"},{"@type":"BreadcrumbList","@id":"https:\/\/toidupakk.ee\/lt\/toode\/termoantklode\/#breadcrumb","itemListElement":[{"@type":"ListItem","position":1,"name":"Avaleht","item":"https:\/\/toidupakk.ee\/lt\/"},{"@type":"ListItem","position":2,"name":"El. parduotuv\u0117","item":"https:\/\/toidupakk.ee\/lt\/el-parduotuve\/"},{"@type":"ListItem","position":3,"name":"Termoantklod\u0117"}]},{"@type":"WebSite","@id":"https:\/\/toidupakk.ee\/lt\/#website","url":"https:\/\/toidupakk.ee\/lt\/","name":"Toidupakk.ee - Tactical Foodpack toidupakid","description":"Tactical Foodpack k\u00fclmkuivatatud toidupakid ja matkaeined","publisher":{"@id":"https:\/\/toidupakk.ee\/lt\/#organization"},"potentialAction":[{"@type":"SearchAction","target":{"@type":"EntryPoint","urlTemplate":"https:\/\/toidupakk.ee\/lt\/?s={search_term_string}"},"query-input":{"@type":"PropertyValueSpecification","valueRequired":true,"valueName":"search_term_string"}}],"inLanguage":"lt-LT"},{"@type":"Organization","@id":"https:\/\/toidupakk.ee\/lt\/#organization","name":"Tactical Foodpack matkaeined","url":"https:\/\/toidupakk.ee\/lt\/","logo":{"@type":"ImageObject","inLanguage":"lt-LT","@id":"https:\/\/toidupakk.ee\/lt\/#\/schema\/logo\/image\/","url":"https:\/\/toidupakk.ee\/wp-content\/uploads\/2022\/01\/Toidupakk-matkapood-logo-transparent.png","contentUrl":"https:\/\/toidupakk.ee\/wp-content\/uploads\/2022\/01\/Toidupakk-matkapood-logo-transparent.png","width":500,"height":500,"caption":"Tactical Foodpack matkaeined"},"image":{"@id":"https:\/\/toidupakk.ee\/lt\/#\/schema\/logo\/image\/"},"sameAs":["https:\/\/www.facebook.com\/Toidupakk","https:\/\/www.instagram.com\/toidupakk\/"]}]}},"jetpack_sharing_enabled":true,"_links":{"self":[{"href":"https:\/\/toidupakk.ee\/lt\/wp-json\/wp\/v2\/product\/47991","targetHints":{"allow":["GET"]}}],"collection":[{"href":"https:\/\/toidupakk.ee\/lt\/wp-json\/wp\/v2\/product"}],"about":[{"href":"https:\/\/toidupakk.ee\/lt\/wp-json\/wp\/v2\/types\/product"}],"replies":[{"embeddable":true,"href":"https:\/\/toidupakk.ee\/lt\/wp-json\/wp\/v2\/comments?post=47991"}],"wp:featuredmedia":[{"embeddable":true,"href":"https:\/\/toidupakk.ee\/lt\/wp-json\/wp\/v2\/media\/9918"}],"wp:attachment":[{"href":"https:\/\/toidupakk.ee\/lt\/wp-json\/wp\/v2\/media?parent=47991"}],"wp:term":[{"taxonomy":"product_brand","embeddable":true,"href":"https:\/\/toidupakk.ee\/lt\/wp-json\/wp\/v2\/product_brand?post=47991"},{"taxonomy":"product_cat","embeddable":true,"href":"https:\/\/toidupakk.ee\/lt\/wp-json\/wp\/v2\/product_cat?post=47991"},{"taxonomy":"product_tag","embeddable":true,"href":"https:\/\/toidupakk.ee\/lt\/wp-json\/wp\/v2\/product_tag?post=47991"}],"curies":[{"name":"wp","href":"https:\/\/api.w.org\/{rel}","templated":true}]}}