{"id":47990,"date":"2023-06-06T17:57:41","date_gmt":"2023-06-06T14:57:41","guid":{"rendered":"https:\/\/toidupakk.ee\/toode\/repelentas-nuo-uodu-bcb\/"},"modified":"2026-04-21T12:00:21","modified_gmt":"2026-04-21T09:00:21","slug":"repelentas-nuo-uodu-bcb","status":"publish","type":"product","link":"https:\/\/toidupakk.ee\/lt\/toode\/repelentas-nuo-uodu-bcb\/","title":{"rendered":"Repelentas nuo uod\u0173 BCB"},"content":{"rendered":"","protected":false},"excerpt":{"rendered":"<p><strong>Repelentas nuo uod\u0173 BCB \u2013 pie\u0161tuko formos tepama priemon\u0117.<\/strong><\/p>\n<ul>\n<li>Neleisk \u012fkyriems uodams sugadinti malonaus vakaro gamtoje<\/li>\n<li>U\u017etikrina veiksming\u0105 apsaug\u0105 <strong>nuo uod\u0173, erki\u0173 ir kit\u0173 \u012fkyri\u0173 vabzd\u017ei\u0173<\/strong><\/li>\n<li>Veiklioji med\u017eiaga DEET (40 %)<\/li>\n<li>Tepti ant k\u016bno arba drabu\u017ei\u0173<\/li>\n<li>I\u0161lieka ant k\u016bno pavir\u0161iaus iki <strong>7 valand\u0173<\/strong><\/li>\n<\/ul>\n<p>Sud\u0117tis: DEET 40 % ir Citrepel 0,1 %<\/p>\n<p>Tik i\u0161oriniam naudojimui! Tepk ant drabu\u017eiais neu\u017edengtos odos. Nenaudok ant jautrios ar sudirgusios odos. Panaudoj\u0119s repelent\u0105, nusiplauk rankas prie\u0161 pat valg\u012f. Tepk nauj\u0105 sluoksn\u012f kas 8 valandas, jei nori \u2013 galima ir da\u017eniau. Vaikams iki 12 met\u0173 rekomenduojame naudoti kart\u0105 per dien\u0105.     <\/p>\n<p>Kilm\u0117s \u0161alis: Anglija<\/p>\n<p>\u2705 Turime sand\u0117lyje, greitas pristatymas per 1\u20133 darbo dienas<\/p>\n","protected":false},"featured_media":9681,"comment_status":"open","ping_status":"closed","template":"","meta":{"_acf_changed":false},"product_brand":[],"product_cat":[259,217,189],"product_tag":[194],"class_list":{"0":"post-47990","1":"product","2":"type-product","3":"status-publish","4":"has-post-thumbnail","6":"product_cat-apsauga-nuo-uodu-apsauga-nuo-vabzdziu-apsauga-nuo-erkiu","7":"product_cat-nakvyne-gamtoje","8":"product_cat-zygio-iranga","9":"product_tag-no_ads","11":"first","12":"instock","13":"sale","14":"taxable","15":"shipping-taxable","16":"purchasable","17":"product-type-simple"},"bundled_by":[],"bundle_stock_status":"instock","bundle_stock_quantity":32,"bundle_virtual":false,"bundle_layout":"","bundle_add_to_cart_form_location":"","bundle_editable_in_cart":false,"bundle_sold_individually_context":"","bundle_item_grouping":"","bundle_min_size":"","bundle_max_size":"","bundle_price":[],"bundled_items":[],"bundle_sell_ids":[],"acf":[],"yoast_head":"<!-- This site is optimized with the Yoast SEO plugin v27.3 - https:\/\/yoast.com\/product\/yoast-seo-wordpress\/ -->\n<title>Repelentas nuo uod\u0173 BCB<\/title>\n<meta name=\"description\" content=\"Repelentas nuo uod\u0173 BCB \u2013 pie\u0161tuko formos tepama priemon\u0117. U\u017etikrina veiksming\u0105 apsaug\u0105 nuo uod\u0173, erki\u0173 ir kit\u0173 \u012fkyri\u0173 vabzd\u017ei\u0173. Veiklioji med\u017eiaga DEET 40 %\" \/>\n<meta name=\"robots\" content=\"index, follow, max-snippet:-1, max-image-preview:large, max-video-preview:-1\" \/>\n<link rel=\"canonical\" href=\"https:\/\/toidupakk.ee\/lt\/toode\/repelentas-nuo-uodu-bcb\/\" \/>\n<meta property=\"og:locale\" content=\"lt_LT\" \/>\n<meta property=\"og:type\" content=\"article\" \/>\n<meta property=\"og:title\" content=\"Repelentas nuo uod\u0173 BCB\" \/>\n<meta property=\"og:description\" content=\"Repelentas nuo uod\u0173 BCB \u2013 pie\u0161tuko formos tepama priemon\u0117. U\u017etikrina veiksming\u0105 apsaug\u0105 nuo uod\u0173, erki\u0173 ir kit\u0173 \u012fkyri\u0173 vabzd\u017ei\u0173. Veiklioji med\u017eiaga DEET 40 %\" \/>\n<meta property=\"og:url\" content=\"https:\/\/toidupakk.ee\/lt\/toode\/repelentas-nuo-uodu-bcb\/\" \/>\n<meta property=\"og:site_name\" content=\"Toidupakk.ee - Tactical Foodpack toidupakid\" \/>\n<meta property=\"article:publisher\" content=\"https:\/\/www.facebook.com\/Toidupakk\" \/>\n<meta property=\"article:modified_time\" content=\"2026-04-21T09:00:21+00:00\" \/>\n<meta property=\"og:image\" content=\"https:\/\/toidupakk.ee\/wp-content\/uploads\/2023\/06\/Saasepeletaja-2.png\" \/>\n\t<meta property=\"og:image:width\" content=\"1080\" \/>\n\t<meta property=\"og:image:height\" content=\"1080\" \/>\n\t<meta property=\"og:image:type\" content=\"image\/png\" \/>\n<meta name=\"twitter:card\" content=\"summary_large_image\" \/>\n<script type=\"application\/ld+json\" class=\"yoast-schema-graph\">{\"@context\":\"https:\\\/\\\/schema.org\",\"@graph\":[{\"@type\":\"WebPage\",\"@id\":\"https:\\\/\\\/toidupakk.ee\\\/lt\\\/toode\\\/repelentas-nuo-uodu-bcb\\\/\",\"url\":\"https:\\\/\\\/toidupakk.ee\\\/lt\\\/toode\\\/repelentas-nuo-uodu-bcb\\\/\",\"name\":\"Repelentas nuo uod\u0173 BCB\",\"isPartOf\":{\"@id\":\"https:\\\/\\\/toidupakk.ee\\\/lt\\\/#website\"},\"primaryImageOfPage\":{\"@id\":\"https:\\\/\\\/toidupakk.ee\\\/lt\\\/toode\\\/repelentas-nuo-uodu-bcb\\\/#primaryimage\"},\"image\":{\"@id\":\"https:\\\/\\\/toidupakk.ee\\\/lt\\\/toode\\\/repelentas-nuo-uodu-bcb\\\/#primaryimage\"},\"thumbnailUrl\":\"https:\\\/\\\/toidupakk.ee\\\/wp-content\\\/uploads\\\/2023\\\/06\\\/Saasepeletaja-2.png\",\"datePublished\":\"2023-06-06T14:57:41+00:00\",\"dateModified\":\"2026-04-21T09:00:21+00:00\",\"description\":\"Repelentas nuo uod\u0173 BCB \u2013 pie\u0161tuko formos tepama priemon\u0117. U\u017etikrina veiksming\u0105 apsaug\u0105 nuo uod\u0173, erki\u0173 ir kit\u0173 \u012fkyri\u0173 vabzd\u017ei\u0173. Veiklioji med\u017eiaga DEET 40 %\",\"breadcrumb\":{\"@id\":\"https:\\\/\\\/toidupakk.ee\\\/lt\\\/toode\\\/repelentas-nuo-uodu-bcb\\\/#breadcrumb\"},\"inLanguage\":\"lt-LT\",\"potentialAction\":[{\"@type\":\"ReadAction\",\"target\":[\"https:\\\/\\\/toidupakk.ee\\\/lt\\\/toode\\\/repelentas-nuo-uodu-bcb\\\/\"]}]},{\"@type\":\"ImageObject\",\"inLanguage\":\"lt-LT\",\"@id\":\"https:\\\/\\\/toidupakk.ee\\\/lt\\\/toode\\\/repelentas-nuo-uodu-bcb\\\/#primaryimage\",\"url\":\"https:\\\/\\\/toidupakk.ee\\\/wp-content\\\/uploads\\\/2023\\\/06\\\/Saasepeletaja-2.png\",\"contentUrl\":\"https:\\\/\\\/toidupakk.ee\\\/wp-content\\\/uploads\\\/2023\\\/06\\\/Saasepeletaja-2.png\",\"width\":1080,\"height\":1080,\"caption\":\"S\u00e4\u00e4sepeletaja pulk\"},{\"@type\":\"BreadcrumbList\",\"@id\":\"https:\\\/\\\/toidupakk.ee\\\/lt\\\/toode\\\/repelentas-nuo-uodu-bcb\\\/#breadcrumb\",\"itemListElement\":[{\"@type\":\"ListItem\",\"position\":1,\"name\":\"Avaleht\",\"item\":\"https:\\\/\\\/toidupakk.ee\\\/lt\\\/\"},{\"@type\":\"ListItem\",\"position\":2,\"name\":\"El. parduotuv\u0117\",\"item\":\"https:\\\/\\\/toidupakk.ee\\\/lt\\\/el-parduotuve\\\/\"},{\"@type\":\"ListItem\",\"position\":3,\"name\":\"Repelentas nuo uod\u0173 BCB\"}]},{\"@type\":\"WebSite\",\"@id\":\"https:\\\/\\\/toidupakk.ee\\\/lt\\\/#website\",\"url\":\"https:\\\/\\\/toidupakk.ee\\\/lt\\\/\",\"name\":\"Toidupakk.ee - Tactical Foodpack toidupakid\",\"description\":\"Tactical Foodpack k\u00fclmkuivatatud toidupakid ja matkaeined\",\"publisher\":{\"@id\":\"https:\\\/\\\/toidupakk.ee\\\/lt\\\/#organization\"},\"potentialAction\":[{\"@type\":\"SearchAction\",\"target\":{\"@type\":\"EntryPoint\",\"urlTemplate\":\"https:\\\/\\\/toidupakk.ee\\\/lt\\\/?s={search_term_string}\"},\"query-input\":{\"@type\":\"PropertyValueSpecification\",\"valueRequired\":true,\"valueName\":\"search_term_string\"}}],\"inLanguage\":\"lt-LT\"},{\"@type\":\"Organization\",\"@id\":\"https:\\\/\\\/toidupakk.ee\\\/lt\\\/#organization\",\"name\":\"Tactical Foodpack matkaeined\",\"url\":\"https:\\\/\\\/toidupakk.ee\\\/lt\\\/\",\"logo\":{\"@type\":\"ImageObject\",\"inLanguage\":\"lt-LT\",\"@id\":\"https:\\\/\\\/toidupakk.ee\\\/lt\\\/#\\\/schema\\\/logo\\\/image\\\/\",\"url\":\"https:\\\/\\\/toidupakk.ee\\\/wp-content\\\/uploads\\\/2022\\\/01\\\/Toidupakk-matkapood-logo-transparent.png\",\"contentUrl\":\"https:\\\/\\\/toidupakk.ee\\\/wp-content\\\/uploads\\\/2022\\\/01\\\/Toidupakk-matkapood-logo-transparent.png\",\"width\":500,\"height\":500,\"caption\":\"Tactical Foodpack matkaeined\"},\"image\":{\"@id\":\"https:\\\/\\\/toidupakk.ee\\\/lt\\\/#\\\/schema\\\/logo\\\/image\\\/\"},\"sameAs\":[\"https:\\\/\\\/www.facebook.com\\\/Toidupakk\",\"https:\\\/\\\/www.instagram.com\\\/toidupakk\\\/\"]}]}<\/script>\n<!-- \/ Yoast SEO plugin. -->","yoast_head_json":{"title":"Repelentas nuo uod\u0173 BCB","description":"Repelentas nuo uod\u0173 BCB \u2013 pie\u0161tuko formos tepama priemon\u0117. U\u017etikrina veiksming\u0105 apsaug\u0105 nuo uod\u0173, erki\u0173 ir kit\u0173 \u012fkyri\u0173 vabzd\u017ei\u0173. Veiklioji med\u017eiaga DEET 40 %","robots":{"index":"index","follow":"follow","max-snippet":"max-snippet:-1","max-image-preview":"max-image-preview:large","max-video-preview":"max-video-preview:-1"},"canonical":"https:\/\/toidupakk.ee\/lt\/toode\/repelentas-nuo-uodu-bcb\/","og_locale":"lt_LT","og_type":"article","og_title":"Repelentas nuo uod\u0173 BCB","og_description":"Repelentas nuo uod\u0173 BCB \u2013 pie\u0161tuko formos tepama priemon\u0117. U\u017etikrina veiksming\u0105 apsaug\u0105 nuo uod\u0173, erki\u0173 ir kit\u0173 \u012fkyri\u0173 vabzd\u017ei\u0173. Veiklioji med\u017eiaga DEET 40 %","og_url":"https:\/\/toidupakk.ee\/lt\/toode\/repelentas-nuo-uodu-bcb\/","og_site_name":"Toidupakk.ee - Tactical Foodpack toidupakid","article_publisher":"https:\/\/www.facebook.com\/Toidupakk","article_modified_time":"2026-04-21T09:00:21+00:00","og_image":[{"width":1080,"height":1080,"url":"https:\/\/toidupakk.ee\/wp-content\/uploads\/2023\/06\/Saasepeletaja-2.png","type":"image\/png"}],"twitter_card":"summary_large_image","schema":{"@context":"https:\/\/schema.org","@graph":[{"@type":"WebPage","@id":"https:\/\/toidupakk.ee\/lt\/toode\/repelentas-nuo-uodu-bcb\/","url":"https:\/\/toidupakk.ee\/lt\/toode\/repelentas-nuo-uodu-bcb\/","name":"Repelentas nuo uod\u0173 BCB","isPartOf":{"@id":"https:\/\/toidupakk.ee\/lt\/#website"},"primaryImageOfPage":{"@id":"https:\/\/toidupakk.ee\/lt\/toode\/repelentas-nuo-uodu-bcb\/#primaryimage"},"image":{"@id":"https:\/\/toidupakk.ee\/lt\/toode\/repelentas-nuo-uodu-bcb\/#primaryimage"},"thumbnailUrl":"https:\/\/toidupakk.ee\/wp-content\/uploads\/2023\/06\/Saasepeletaja-2.png","datePublished":"2023-06-06T14:57:41+00:00","dateModified":"2026-04-21T09:00:21+00:00","description":"Repelentas nuo uod\u0173 BCB \u2013 pie\u0161tuko formos tepama priemon\u0117. U\u017etikrina veiksming\u0105 apsaug\u0105 nuo uod\u0173, erki\u0173 ir kit\u0173 \u012fkyri\u0173 vabzd\u017ei\u0173. Veiklioji med\u017eiaga DEET 40 %","breadcrumb":{"@id":"https:\/\/toidupakk.ee\/lt\/toode\/repelentas-nuo-uodu-bcb\/#breadcrumb"},"inLanguage":"lt-LT","potentialAction":[{"@type":"ReadAction","target":["https:\/\/toidupakk.ee\/lt\/toode\/repelentas-nuo-uodu-bcb\/"]}]},{"@type":"ImageObject","inLanguage":"lt-LT","@id":"https:\/\/toidupakk.ee\/lt\/toode\/repelentas-nuo-uodu-bcb\/#primaryimage","url":"https:\/\/toidupakk.ee\/wp-content\/uploads\/2023\/06\/Saasepeletaja-2.png","contentUrl":"https:\/\/toidupakk.ee\/wp-content\/uploads\/2023\/06\/Saasepeletaja-2.png","width":1080,"height":1080,"caption":"S\u00e4\u00e4sepeletaja pulk"},{"@type":"BreadcrumbList","@id":"https:\/\/toidupakk.ee\/lt\/toode\/repelentas-nuo-uodu-bcb\/#breadcrumb","itemListElement":[{"@type":"ListItem","position":1,"name":"Avaleht","item":"https:\/\/toidupakk.ee\/lt\/"},{"@type":"ListItem","position":2,"name":"El. parduotuv\u0117","item":"https:\/\/toidupakk.ee\/lt\/el-parduotuve\/"},{"@type":"ListItem","position":3,"name":"Repelentas nuo uod\u0173 BCB"}]},{"@type":"WebSite","@id":"https:\/\/toidupakk.ee\/lt\/#website","url":"https:\/\/toidupakk.ee\/lt\/","name":"Toidupakk.ee - Tactical Foodpack toidupakid","description":"Tactical Foodpack k\u00fclmkuivatatud toidupakid ja matkaeined","publisher":{"@id":"https:\/\/toidupakk.ee\/lt\/#organization"},"potentialAction":[{"@type":"SearchAction","target":{"@type":"EntryPoint","urlTemplate":"https:\/\/toidupakk.ee\/lt\/?s={search_term_string}"},"query-input":{"@type":"PropertyValueSpecification","valueRequired":true,"valueName":"search_term_string"}}],"inLanguage":"lt-LT"},{"@type":"Organization","@id":"https:\/\/toidupakk.ee\/lt\/#organization","name":"Tactical Foodpack matkaeined","url":"https:\/\/toidupakk.ee\/lt\/","logo":{"@type":"ImageObject","inLanguage":"lt-LT","@id":"https:\/\/toidupakk.ee\/lt\/#\/schema\/logo\/image\/","url":"https:\/\/toidupakk.ee\/wp-content\/uploads\/2022\/01\/Toidupakk-matkapood-logo-transparent.png","contentUrl":"https:\/\/toidupakk.ee\/wp-content\/uploads\/2022\/01\/Toidupakk-matkapood-logo-transparent.png","width":500,"height":500,"caption":"Tactical Foodpack matkaeined"},"image":{"@id":"https:\/\/toidupakk.ee\/lt\/#\/schema\/logo\/image\/"},"sameAs":["https:\/\/www.facebook.com\/Toidupakk","https:\/\/www.instagram.com\/toidupakk\/"]}]}},"jetpack_sharing_enabled":true,"_links":{"self":[{"href":"https:\/\/toidupakk.ee\/lt\/wp-json\/wp\/v2\/product\/47990","targetHints":{"allow":["GET"]}}],"collection":[{"href":"https:\/\/toidupakk.ee\/lt\/wp-json\/wp\/v2\/product"}],"about":[{"href":"https:\/\/toidupakk.ee\/lt\/wp-json\/wp\/v2\/types\/product"}],"replies":[{"embeddable":true,"href":"https:\/\/toidupakk.ee\/lt\/wp-json\/wp\/v2\/comments?post=47990"}],"wp:featuredmedia":[{"embeddable":true,"href":"https:\/\/toidupakk.ee\/lt\/wp-json\/wp\/v2\/media\/9681"}],"wp:attachment":[{"href":"https:\/\/toidupakk.ee\/lt\/wp-json\/wp\/v2\/media?parent=47990"}],"wp:term":[{"taxonomy":"product_brand","embeddable":true,"href":"https:\/\/toidupakk.ee\/lt\/wp-json\/wp\/v2\/product_brand?post=47990"},{"taxonomy":"product_cat","embeddable":true,"href":"https:\/\/toidupakk.ee\/lt\/wp-json\/wp\/v2\/product_cat?post=47990"},{"taxonomy":"product_tag","embeddable":true,"href":"https:\/\/toidupakk.ee\/lt\/wp-json\/wp\/v2\/product_tag?post=47990"}],"curies":[{"name":"wp","href":"https:\/\/api.w.org\/{rel}","templated":true}]}}