{"id":47982,"date":"2023-06-06T16:23:57","date_gmt":"2023-06-06T13:23:57","guid":{"rendered":"https:\/\/toidupakk.ee\/toode\/turistinis-kirvukas-forester\/"},"modified":"2026-04-15T21:30:50","modified_gmt":"2026-04-15T18:30:50","slug":"turistinis-kirvukas-forester","status":"publish","type":"product","link":"https:\/\/toidupakk.ee\/lt\/toode\/turistinis-kirvukas-forester\/","title":{"rendered":"Turistinis kirvukas \u201eForester\u201c"},"content":{"rendered":"<p><img fetchpriority=\"high\" decoding=\"async\" class=\"alignright wp-image-9669 size-thumbnail\" src=\"https:\/\/toidupakk.ee\/wp-content\/uploads\/2023\/06\/Matkakirves-Forester-1-1-500x500.jpg\" alt=\"Turistinis kirvukas\" width=\"500\" height=\"500\" srcset=\"https:\/\/toidupakk.ee\/wp-content\/uploads\/2023\/06\/Matkakirves-Forester-1-1-500x500.jpg 500w, https:\/\/toidupakk.ee\/wp-content\/uploads\/2023\/06\/Matkakirves-Forester-1-1-400x400.jpg 400w, https:\/\/toidupakk.ee\/wp-content\/uploads\/2023\/06\/Matkakirves-Forester-1-1-100x100.jpg 100w, https:\/\/toidupakk.ee\/wp-content\/uploads\/2023\/06\/Matkakirves-Forester-1-1-800x800.jpg 800w, https:\/\/toidupakk.ee\/wp-content\/uploads\/2023\/06\/Matkakirves-Forester-1-1-300x300.jpg 300w, https:\/\/toidupakk.ee\/wp-content\/uploads\/2023\/06\/Matkakirves-Forester-1-1-1024x1024.jpg 1024w, https:\/\/toidupakk.ee\/wp-content\/uploads\/2023\/06\/Matkakirves-Forester-1-1-768x768.jpg 768w, https:\/\/toidupakk.ee\/wp-content\/uploads\/2023\/06\/Matkakirves-Forester-1-1.jpg 1080w\" sizes=\"(max-width: 500px) 100vw, 500px\" \/><\/p>\n<p>Turistinis kirvukas \u201eForester\u201c pagamintas i\u0161 patvaraus plieno, u\u017etikrinan\u010dio ilgaam\u017ei\u0161kum\u0105. Juo lengvai suskaldysi malkas lau\u017eui, nukirsi nedidel\u012f med\u012f mi\u0161ke ar atliksi kitus \u017eygio darbus. Ergonomi\u0161ka rankena garantuoja tvirt\u0105 su\u0117mim\u0105 bei komfort\u0105, tod\u0117l tikslius kirtimus atliksi be dideli\u0173 pastang\u0173. <\/p>\n<p>D\u0117l kompakti\u0161ko dyd\u017eio ir ma\u017eo svorio \u201eForester\u201c yra idealus pasirinkimas kiekvienam keliautojui. Jis lengvai telpa \u012f kuprin\u0119 ar krep\u0161\u012f ir u\u017eima nedaug vietos. Be to, kirvukas turi apsaugin\u012f d\u0117kl\u0105 saugiam ir patogiam laikymui.  <\/p>\n<p>Nesvarbu, ar tau reikia nukirsti med\u012f lau\u017eui, ar suskaldyti malkas \u012f ma\u017eesnes pliauskas, \u201eForester\u201c yra patikimas \u012frankis, kuris nenuvils. Pasiimk \u201eForester\u201c su savimi ir atrask gamtos gro\u017e\u012f bei \u017eaves\u012f! <\/p>\n<p>Visus u\u017ekand\u017eius rasi <a href=\"\/?product_cat=snakk#section-3-79\">\u010cIA<\/a><\/p>\n<p>Turizmo prekes rasi <a href=\"https:\/\/toidupakk.ee\/lt\/tootekategooria\/zygio-iranga\/#section-3-79\">\u010cIA<\/a><\/p>\n<p>Pasisemk \u012fkv\u0117pimo kitiems nuotykiams Toidupakk <a href=\"https:\/\/www.instagram.com\/toidupakk\/\">Instagram<\/a> ir <a href=\"https:\/\/www.facebook.com\/Toidupakk\/\">Facebook<\/a> paskyrose.<\/p>\n","protected":false},"excerpt":{"rendered":"<ul>\n<li>Ma\u017eas kirvukas, skirtas pasiimti \u012f \u017eyg\u012f<\/li>\n<li>Pakankamai lengvas ne\u0161tis pritvirtinus prie kuprin\u0117s, bet pakankamai sunkus skaldyti malkas<\/li>\n<li>Komplekte yra tvirtas d\u0117klas a\u0161menims apsaugoti<\/li>\n<li>Turistinio kirvuko ilgis \u2013 29 cm<\/li>\n<\/ul>\n<p>\u2705 Turime sand\u0117lyje, greitas pristatymas per 1\u20133 darbo dienas<\/p>\n","protected":false},"featured_media":9672,"comment_status":"open","ping_status":"closed","template":"","meta":{"_acf_changed":false},"product_brand":[],"product_cat":[266,189,190],"product_tag":[],"class_list":{"0":"post-47982","1":"product","2":"type-product","3":"status-publish","4":"has-post-thumbnail","6":"product_cat-kirviai","7":"product_cat-zygio-iranga","8":"product_cat-zygio-prekes","10":"first","11":"instock","12":"taxable","13":"shipping-taxable","14":"purchasable","15":"product-type-simple"},"bundled_by":[],"bundle_stock_status":"instock","bundle_stock_quantity":2,"bundle_virtual":false,"bundle_layout":"","bundle_add_to_cart_form_location":"","bundle_editable_in_cart":false,"bundle_sold_individually_context":"","bundle_item_grouping":"","bundle_min_size":"","bundle_max_size":"","bundle_price":[],"bundled_items":[],"bundle_sell_ids":[],"acf":[],"yoast_head":"<!-- This site is optimized with the Yoast SEO plugin v27.3 - https:\/\/yoast.com\/product\/yoast-seo-wordpress\/ -->\n<title>Turistinis kirvukas \u201eForester\u201c<\/title>\n<meta name=\"description\" content=\"Turistinis kirvukas, pakankamai lengvas ne\u0161tis p\u0117s\u010diomis, bet pakankamai sunkus patogiai skaldyti malkas lau\u017eui. Komplekte yra ir d\u0117klas.\" \/>\n<meta name=\"robots\" content=\"index, follow, max-snippet:-1, max-image-preview:large, max-video-preview:-1\" \/>\n<link rel=\"canonical\" href=\"https:\/\/toidupakk.ee\/lt\/toode\/turistinis-kirvukas-forester\/\" \/>\n<meta property=\"og:locale\" content=\"lt_LT\" \/>\n<meta property=\"og:type\" content=\"article\" \/>\n<meta property=\"og:title\" content=\"Turistinis kirvukas \u201eForester\u201c\" \/>\n<meta property=\"og:description\" content=\"Turistinis kirvukas, pakankamai lengvas ne\u0161tis p\u0117s\u010diomis, bet pakankamai sunkus patogiai skaldyti malkas lau\u017eui. Komplekte yra ir d\u0117klas.\" \/>\n<meta property=\"og:url\" content=\"https:\/\/toidupakk.ee\/lt\/toode\/turistinis-kirvukas-forester\/\" \/>\n<meta property=\"og:site_name\" content=\"Toidupakk.ee - Tactical Foodpack toidupakid\" \/>\n<meta property=\"article:publisher\" content=\"https:\/\/www.facebook.com\/Toidupakk\" \/>\n<meta property=\"article:modified_time\" content=\"2026-04-15T18:30:50+00:00\" \/>\n<meta property=\"og:image\" content=\"https:\/\/toidupakk.ee\/wp-content\/uploads\/2023\/06\/Matkakirves-Forester-3.png\" \/>\n\t<meta property=\"og:image:width\" content=\"1080\" \/>\n\t<meta property=\"og:image:height\" content=\"1080\" \/>\n\t<meta property=\"og:image:type\" content=\"image\/png\" \/>\n<meta name=\"twitter:card\" content=\"summary_large_image\" \/>\n<meta name=\"twitter:label1\" content=\"Est. reading time\" \/>\n\t<meta name=\"twitter:data1\" content=\"1 minut\u0117\" \/>\n<script type=\"application\/ld+json\" class=\"yoast-schema-graph\">{\"@context\":\"https:\\\/\\\/schema.org\",\"@graph\":[{\"@type\":\"WebPage\",\"@id\":\"https:\\\/\\\/toidupakk.ee\\\/lt\\\/toode\\\/turistinis-kirvukas-forester\\\/\",\"url\":\"https:\\\/\\\/toidupakk.ee\\\/lt\\\/toode\\\/turistinis-kirvukas-forester\\\/\",\"name\":\"Turistinis kirvukas \u201eForester\u201c\",\"isPartOf\":{\"@id\":\"https:\\\/\\\/toidupakk.ee\\\/lt\\\/#website\"},\"primaryImageOfPage\":{\"@id\":\"https:\\\/\\\/toidupakk.ee\\\/lt\\\/toode\\\/turistinis-kirvukas-forester\\\/#primaryimage\"},\"image\":{\"@id\":\"https:\\\/\\\/toidupakk.ee\\\/lt\\\/toode\\\/turistinis-kirvukas-forester\\\/#primaryimage\"},\"thumbnailUrl\":\"https:\\\/\\\/toidupakk.ee\\\/wp-content\\\/uploads\\\/2023\\\/06\\\/Matkakirves-Forester-3.png\",\"datePublished\":\"2023-06-06T13:23:57+00:00\",\"dateModified\":\"2026-04-15T18:30:50+00:00\",\"description\":\"Turistinis kirvukas, pakankamai lengvas ne\u0161tis p\u0117s\u010diomis, bet pakankamai sunkus patogiai skaldyti malkas lau\u017eui. Komplekte yra ir d\u0117klas.\",\"breadcrumb\":{\"@id\":\"https:\\\/\\\/toidupakk.ee\\\/lt\\\/toode\\\/turistinis-kirvukas-forester\\\/#breadcrumb\"},\"inLanguage\":\"lt-LT\",\"potentialAction\":[{\"@type\":\"ReadAction\",\"target\":[\"https:\\\/\\\/toidupakk.ee\\\/lt\\\/toode\\\/turistinis-kirvukas-forester\\\/\"]}]},{\"@type\":\"ImageObject\",\"inLanguage\":\"lt-LT\",\"@id\":\"https:\\\/\\\/toidupakk.ee\\\/lt\\\/toode\\\/turistinis-kirvukas-forester\\\/#primaryimage\",\"url\":\"https:\\\/\\\/toidupakk.ee\\\/wp-content\\\/uploads\\\/2023\\\/06\\\/Matkakirves-Forester-3.png\",\"contentUrl\":\"https:\\\/\\\/toidupakk.ee\\\/wp-content\\\/uploads\\\/2023\\\/06\\\/Matkakirves-Forester-3.png\",\"width\":1080,\"height\":1080,\"caption\":\"Kirves matkale\"},{\"@type\":\"BreadcrumbList\",\"@id\":\"https:\\\/\\\/toidupakk.ee\\\/lt\\\/toode\\\/turistinis-kirvukas-forester\\\/#breadcrumb\",\"itemListElement\":[{\"@type\":\"ListItem\",\"position\":1,\"name\":\"Avaleht\",\"item\":\"https:\\\/\\\/toidupakk.ee\\\/lt\\\/\"},{\"@type\":\"ListItem\",\"position\":2,\"name\":\"El. parduotuv\u0117\",\"item\":\"https:\\\/\\\/toidupakk.ee\\\/lt\\\/el-parduotuve\\\/\"},{\"@type\":\"ListItem\",\"position\":3,\"name\":\"Turistinis kirvukas \u201eForester\u201c\"}]},{\"@type\":\"WebSite\",\"@id\":\"https:\\\/\\\/toidupakk.ee\\\/lt\\\/#website\",\"url\":\"https:\\\/\\\/toidupakk.ee\\\/lt\\\/\",\"name\":\"Toidupakk.ee - Tactical Foodpack toidupakid\",\"description\":\"Tactical Foodpack k\u00fclmkuivatatud toidupakid ja matkaeined\",\"publisher\":{\"@id\":\"https:\\\/\\\/toidupakk.ee\\\/lt\\\/#organization\"},\"potentialAction\":[{\"@type\":\"SearchAction\",\"target\":{\"@type\":\"EntryPoint\",\"urlTemplate\":\"https:\\\/\\\/toidupakk.ee\\\/lt\\\/?s={search_term_string}\"},\"query-input\":{\"@type\":\"PropertyValueSpecification\",\"valueRequired\":true,\"valueName\":\"search_term_string\"}}],\"inLanguage\":\"lt-LT\"},{\"@type\":\"Organization\",\"@id\":\"https:\\\/\\\/toidupakk.ee\\\/lt\\\/#organization\",\"name\":\"Tactical Foodpack matkaeined\",\"url\":\"https:\\\/\\\/toidupakk.ee\\\/lt\\\/\",\"logo\":{\"@type\":\"ImageObject\",\"inLanguage\":\"lt-LT\",\"@id\":\"https:\\\/\\\/toidupakk.ee\\\/lt\\\/#\\\/schema\\\/logo\\\/image\\\/\",\"url\":\"https:\\\/\\\/toidupakk.ee\\\/wp-content\\\/uploads\\\/2022\\\/01\\\/Toidupakk-matkapood-logo-transparent.png\",\"contentUrl\":\"https:\\\/\\\/toidupakk.ee\\\/wp-content\\\/uploads\\\/2022\\\/01\\\/Toidupakk-matkapood-logo-transparent.png\",\"width\":500,\"height\":500,\"caption\":\"Tactical Foodpack matkaeined\"},\"image\":{\"@id\":\"https:\\\/\\\/toidupakk.ee\\\/lt\\\/#\\\/schema\\\/logo\\\/image\\\/\"},\"sameAs\":[\"https:\\\/\\\/www.facebook.com\\\/Toidupakk\",\"https:\\\/\\\/www.instagram.com\\\/toidupakk\\\/\"]}]}<\/script>\n<!-- \/ Yoast SEO plugin. -->","yoast_head_json":{"title":"Turistinis kirvukas \u201eForester\u201c","description":"Turistinis kirvukas, pakankamai lengvas ne\u0161tis p\u0117s\u010diomis, bet pakankamai sunkus patogiai skaldyti malkas lau\u017eui. Komplekte yra ir d\u0117klas.","robots":{"index":"index","follow":"follow","max-snippet":"max-snippet:-1","max-image-preview":"max-image-preview:large","max-video-preview":"max-video-preview:-1"},"canonical":"https:\/\/toidupakk.ee\/lt\/toode\/turistinis-kirvukas-forester\/","og_locale":"lt_LT","og_type":"article","og_title":"Turistinis kirvukas \u201eForester\u201c","og_description":"Turistinis kirvukas, pakankamai lengvas ne\u0161tis p\u0117s\u010diomis, bet pakankamai sunkus patogiai skaldyti malkas lau\u017eui. Komplekte yra ir d\u0117klas.","og_url":"https:\/\/toidupakk.ee\/lt\/toode\/turistinis-kirvukas-forester\/","og_site_name":"Toidupakk.ee - Tactical Foodpack toidupakid","article_publisher":"https:\/\/www.facebook.com\/Toidupakk","article_modified_time":"2026-04-15T18:30:50+00:00","og_image":[{"width":1080,"height":1080,"url":"https:\/\/toidupakk.ee\/wp-content\/uploads\/2023\/06\/Matkakirves-Forester-3.png","type":"image\/png"}],"twitter_card":"summary_large_image","twitter_misc":{"Est. reading time":"1 minut\u0117"},"schema":{"@context":"https:\/\/schema.org","@graph":[{"@type":"WebPage","@id":"https:\/\/toidupakk.ee\/lt\/toode\/turistinis-kirvukas-forester\/","url":"https:\/\/toidupakk.ee\/lt\/toode\/turistinis-kirvukas-forester\/","name":"Turistinis kirvukas \u201eForester\u201c","isPartOf":{"@id":"https:\/\/toidupakk.ee\/lt\/#website"},"primaryImageOfPage":{"@id":"https:\/\/toidupakk.ee\/lt\/toode\/turistinis-kirvukas-forester\/#primaryimage"},"image":{"@id":"https:\/\/toidupakk.ee\/lt\/toode\/turistinis-kirvukas-forester\/#primaryimage"},"thumbnailUrl":"https:\/\/toidupakk.ee\/wp-content\/uploads\/2023\/06\/Matkakirves-Forester-3.png","datePublished":"2023-06-06T13:23:57+00:00","dateModified":"2026-04-15T18:30:50+00:00","description":"Turistinis kirvukas, pakankamai lengvas ne\u0161tis p\u0117s\u010diomis, bet pakankamai sunkus patogiai skaldyti malkas lau\u017eui. Komplekte yra ir d\u0117klas.","breadcrumb":{"@id":"https:\/\/toidupakk.ee\/lt\/toode\/turistinis-kirvukas-forester\/#breadcrumb"},"inLanguage":"lt-LT","potentialAction":[{"@type":"ReadAction","target":["https:\/\/toidupakk.ee\/lt\/toode\/turistinis-kirvukas-forester\/"]}]},{"@type":"ImageObject","inLanguage":"lt-LT","@id":"https:\/\/toidupakk.ee\/lt\/toode\/turistinis-kirvukas-forester\/#primaryimage","url":"https:\/\/toidupakk.ee\/wp-content\/uploads\/2023\/06\/Matkakirves-Forester-3.png","contentUrl":"https:\/\/toidupakk.ee\/wp-content\/uploads\/2023\/06\/Matkakirves-Forester-3.png","width":1080,"height":1080,"caption":"Kirves matkale"},{"@type":"BreadcrumbList","@id":"https:\/\/toidupakk.ee\/lt\/toode\/turistinis-kirvukas-forester\/#breadcrumb","itemListElement":[{"@type":"ListItem","position":1,"name":"Avaleht","item":"https:\/\/toidupakk.ee\/lt\/"},{"@type":"ListItem","position":2,"name":"El. parduotuv\u0117","item":"https:\/\/toidupakk.ee\/lt\/el-parduotuve\/"},{"@type":"ListItem","position":3,"name":"Turistinis kirvukas \u201eForester\u201c"}]},{"@type":"WebSite","@id":"https:\/\/toidupakk.ee\/lt\/#website","url":"https:\/\/toidupakk.ee\/lt\/","name":"Toidupakk.ee - Tactical Foodpack toidupakid","description":"Tactical Foodpack k\u00fclmkuivatatud toidupakid ja matkaeined","publisher":{"@id":"https:\/\/toidupakk.ee\/lt\/#organization"},"potentialAction":[{"@type":"SearchAction","target":{"@type":"EntryPoint","urlTemplate":"https:\/\/toidupakk.ee\/lt\/?s={search_term_string}"},"query-input":{"@type":"PropertyValueSpecification","valueRequired":true,"valueName":"search_term_string"}}],"inLanguage":"lt-LT"},{"@type":"Organization","@id":"https:\/\/toidupakk.ee\/lt\/#organization","name":"Tactical Foodpack matkaeined","url":"https:\/\/toidupakk.ee\/lt\/","logo":{"@type":"ImageObject","inLanguage":"lt-LT","@id":"https:\/\/toidupakk.ee\/lt\/#\/schema\/logo\/image\/","url":"https:\/\/toidupakk.ee\/wp-content\/uploads\/2022\/01\/Toidupakk-matkapood-logo-transparent.png","contentUrl":"https:\/\/toidupakk.ee\/wp-content\/uploads\/2022\/01\/Toidupakk-matkapood-logo-transparent.png","width":500,"height":500,"caption":"Tactical Foodpack matkaeined"},"image":{"@id":"https:\/\/toidupakk.ee\/lt\/#\/schema\/logo\/image\/"},"sameAs":["https:\/\/www.facebook.com\/Toidupakk","https:\/\/www.instagram.com\/toidupakk\/"]}]}},"jetpack_sharing_enabled":true,"_links":{"self":[{"href":"https:\/\/toidupakk.ee\/lt\/wp-json\/wp\/v2\/product\/47982","targetHints":{"allow":["GET"]}}],"collection":[{"href":"https:\/\/toidupakk.ee\/lt\/wp-json\/wp\/v2\/product"}],"about":[{"href":"https:\/\/toidupakk.ee\/lt\/wp-json\/wp\/v2\/types\/product"}],"replies":[{"embeddable":true,"href":"https:\/\/toidupakk.ee\/lt\/wp-json\/wp\/v2\/comments?post=47982"}],"wp:featuredmedia":[{"embeddable":true,"href":"https:\/\/toidupakk.ee\/lt\/wp-json\/wp\/v2\/media\/9672"}],"wp:attachment":[{"href":"https:\/\/toidupakk.ee\/lt\/wp-json\/wp\/v2\/media?parent=47982"}],"wp:term":[{"taxonomy":"product_brand","embeddable":true,"href":"https:\/\/toidupakk.ee\/lt\/wp-json\/wp\/v2\/product_brand?post=47982"},{"taxonomy":"product_cat","embeddable":true,"href":"https:\/\/toidupakk.ee\/lt\/wp-json\/wp\/v2\/product_cat?post=47982"},{"taxonomy":"product_tag","embeddable":true,"href":"https:\/\/toidupakk.ee\/lt\/wp-json\/wp\/v2\/product_tag?post=47982"}],"curies":[{"name":"wp","href":"https:\/\/api.w.org\/{rel}","templated":true}]}}