{"id":47981,"date":"2023-06-15T11:49:17","date_gmt":"2023-06-15T08:49:17","guid":{"rendered":"https:\/\/toidupakk.ee\/toode\/serveteliu-tabletes-10-vnt\/"},"modified":"2026-04-14T11:01:21","modified_gmt":"2026-04-14T08:01:21","slug":"serveteliu-tabletes-10-vnt","status":"publish","type":"product","link":"https:\/\/toidupakk.ee\/lt\/toode\/serveteliu-tabletes-10-vnt\/","title":{"rendered":"Servet\u0117li\u0173 tablet\u0117s (10 vnt.)"},"content":{"rendered":"<p>\u201eGo Wipes\u201c servet\u0117li\u0173 tablet\u0117s \u2013 tai i\u0161 kokybi\u0161ko popieriaus pagamintos servet\u0117l\u0117s, suspaustos \u012f monetos form\u0105. \u0160ios servet\u0117l\u0117s neu\u017esiter\u0161ia bakterijomis ar mikrobais, jas paprasta ir greita naudoti. Norint naudoti, tiesiog u\u017epilk vandens ant sausos \u201emonetos\u201c ir ji ims pl\u0117stis, kol taps paruo\u0161ta naudoti dr\u0117gna servet\u0117le. Priklausomai nuo u\u017epilto vandens, j\u0105 galima naudoti kaip kar\u0161t\u0105 arba \u0161alt\u0105 servet\u0117l\u0119.   <\/p>\n<p>Servet\u0117li\u0173 tablet\u0117s yra nepakei\u010diamos i\u0161gyvenimui laukin\u0117je gamtoje, nesvarbu, ar tai b\u016bt\u0173 \u017eygis, ar pasirengimas ekstremalioms situacijoms. \u0160ios patogios antibakterin\u0117s servet\u0117l\u0117s pagamintos i\u0161 kokybi\u0161kos med\u017eiagos ir puikiai papildo pirmosios pagalbos rinkin\u012f. <\/p>\n<p>\u201eGoWipes\u201c servet\u0117l\u0117s pagamintos i\u0161 100 % nat\u016bralios popieriaus mas\u0117s, tod\u0117l jas saugu naudoti visiems odos tipams. Be to, jos yra biologi\u0161kai skaid\u017eios ir draugi\u0161kos aplinkai \u2013 gamtoje greitai suirsta ir nepalieka joki\u0173 liku\u010di\u0173. <\/p>\n<p><img fetchpriority=\"high\" decoding=\"async\" class=\"alignnone size-medium wp-image-9854\" src=\"https:\/\/toidupakk.ee\/wp-content\/uploads\/2023\/06\/Salvratiku-tabletid38-300x300.jpg\" alt=\"Dr\u0117gn\u0173 servet\u0117li\u0173 tablet\u0117s\" width=\"300\" height=\"300\" srcset=\"https:\/\/toidupakk.ee\/wp-content\/uploads\/2023\/06\/Salvratiku-tabletid38-300x300.jpg 300w, https:\/\/toidupakk.ee\/wp-content\/uploads\/2023\/06\/Salvratiku-tabletid38-400x400.jpg 400w, https:\/\/toidupakk.ee\/wp-content\/uploads\/2023\/06\/Salvratiku-tabletid38-100x100.jpg 100w, https:\/\/toidupakk.ee\/wp-content\/uploads\/2023\/06\/Salvratiku-tabletid38-800x800.jpg 800w, https:\/\/toidupakk.ee\/wp-content\/uploads\/2023\/06\/Salvratiku-tabletid38-1024x1024.jpg 1024w, https:\/\/toidupakk.ee\/wp-content\/uploads\/2023\/06\/Salvratiku-tabletid38-500x500.jpg 500w, https:\/\/toidupakk.ee\/wp-content\/uploads\/2023\/06\/Salvratiku-tabletid38-768x768.jpg 768w, https:\/\/toidupakk.ee\/wp-content\/uploads\/2023\/06\/Salvratiku-tabletid38.jpg 1080w\" sizes=\"(max-width: 300px) 100vw, 300px\" \/><\/p>\n<p>\u201eBCB Adventure\u201c \u017einoma kaip auk\u0161tos kokyb\u0117s i\u0161gyvenimo, \u017eygi\u0173 ir lauko preki\u0173 gamintoja. J\u0173 gaminiai yra patikimi, o BCB produkcij\u0105 naudoja net kariuomen\u0117. \u201eGoWipes\u201c servet\u0117l\u0117s yra tik dalis plataus asortimento, kur\u012f sudaro \u017eiebtuv\u0117liai, maisto gaminimo \u012frankiai, paruo\u0161ti i\u0161gyvenimo rinkiniai ir medicinos priemon\u0117s.  <\/p>\n<p>Kitus \u017eygio reikmenis ap\u017ei\u016br\u0117k <a href=\"https:\/\/toidupakk.ee\/lt\/tootekategooria\/zygio-iranga\/#section-3-79\">\u010cIA<\/a><\/p>\n<p>O gal domiesi \u017eygio maistu? \u017di\u016br\u0117k <a href=\"\/?product_cat=snakk#section-3-79\">\u010cIA<\/a><\/p>\n<p>Pasisemk \u012fkv\u0117pimo kitiems nuotykiams Toidupakk <a href=\"https:\/\/www.instagram.com\/toidupakk\/\">Instagram<\/a> ir <a href=\"https:\/\/www.facebook.com\/Toidupakk\/\">Facebook<\/a> paskyrose.<\/p>\n","protected":false},"excerpt":{"rendered":"<p>Tablet\u0117s formos suspaustos servet\u0117l\u0117s. Itin kompakti\u0161kos, u\u017eima ma\u017eai vietos krep\u0161yje. Nor\u0117damas naudoti, u\u017epilk la\u0161\u0105 vandens ant tablet\u0117s ir ji ims pl\u0117stis, kol taps paruo\u0161ta naudoti dr\u0117gna servet\u0117le.  <\/p>\n<ul>\n<li>Skirtos rankoms, veidui, k\u016bnui ar, pavyzd\u017eiui, \u017eygio indams po valgio nuvalyti<\/li>\n<li>Pagaminta i\u0161 100 % nat\u016bralios popieriaus mas\u0117s<\/li>\n<li>Saugu visiems odos tipams<\/li>\n<li>Lengva ne\u0161iotis \u017eygio kuprin\u0117je, nes u\u017eima minimaliai vietos<\/li>\n<li>Biologi\u0161kai skaid\u017eios ir draugi\u0161kos aplinkai<\/li>\n<\/ul>\n<p>\u2705 Turime sand\u0117lyje, greitas pristatymas per 1\u20133 darbo dienas<\/p>\n","protected":false},"featured_media":47983,"comment_status":"open","ping_status":"closed","template":"","meta":{"_acf_changed":false},"product_brand":[],"product_cat":[196,189,190],"product_tag":[194],"class_list":{"0":"post-47981","1":"product","2":"type-product","3":"status-publish","4":"has-post-thumbnail","6":"product_cat-maisto-gaminimas","7":"product_cat-zygio-iranga","8":"product_cat-zygio-prekes","9":"product_tag-no_ads","11":"first","12":"instock","13":"taxable","14":"shipping-taxable","15":"purchasable","16":"product-type-simple"},"bundled_by":[],"bundle_stock_status":"instock","bundle_stock_quantity":19,"bundle_virtual":false,"bundle_layout":"","bundle_add_to_cart_form_location":"","bundle_editable_in_cart":false,"bundle_sold_individually_context":"","bundle_item_grouping":"","bundle_min_size":"","bundle_max_size":"","bundle_price":[],"bundled_items":[],"bundle_sell_ids":[],"acf":[],"yoast_head":"<!-- This site is optimized with the Yoast SEO plugin v27.3 - https:\/\/yoast.com\/product\/yoast-seo-wordpress\/ -->\n<title>Servet\u0117li\u0173 tablet\u0117s (10 vnt.)<\/title>\n<meta name=\"description\" content=\"Servet\u0117li\u0173 tablet\u0117s \u2013 tai tablet\u0117s formos suspaustos servet\u0117l\u0117s. Itin kompakti\u0161kos, u\u017eima ma\u017eai vietos krep\u0161yje. Nor\u0117damas naudoti, u\u017epilk la\u0161\u0105 vandens tiesiai ant tablet\u0117s.\" \/>\n<meta name=\"robots\" content=\"index, follow, max-snippet:-1, max-image-preview:large, max-video-preview:-1\" \/>\n<link rel=\"canonical\" href=\"https:\/\/toidupakk.ee\/lt\/toode\/serveteliu-tabletes-10-vnt\/\" \/>\n<meta property=\"og:locale\" content=\"lt_LT\" \/>\n<meta property=\"og:type\" content=\"article\" \/>\n<meta property=\"og:title\" content=\"Servet\u0117li\u0173 tablet\u0117s (10 vnt.)\" \/>\n<meta property=\"og:description\" content=\"Servet\u0117li\u0173 tablet\u0117s \u2013 tai tablet\u0117s formos suspaustos servet\u0117l\u0117s. Itin kompakti\u0161kos, u\u017eima ma\u017eai vietos krep\u0161yje. Nor\u0117damas naudoti, u\u017epilk la\u0161\u0105 vandens tiesiai ant tablet\u0117s.\" \/>\n<meta property=\"og:url\" content=\"https:\/\/toidupakk.ee\/lt\/toode\/serveteliu-tabletes-10-vnt\/\" \/>\n<meta property=\"og:site_name\" content=\"Toidupakk.ee - Tactical Foodpack toidupakid\" \/>\n<meta property=\"article:publisher\" content=\"https:\/\/www.facebook.com\/Toidupakk\" \/>\n<meta property=\"article:modified_time\" content=\"2026-04-14T08:01:21+00:00\" \/>\n<meta property=\"og:image\" content=\"https:\/\/toidupakk.ee\/wp-content\/uploads\/2023\/06\/Salvratiku-tabletid35.png\" \/>\n\t<meta property=\"og:image:width\" content=\"1080\" \/>\n\t<meta property=\"og:image:height\" content=\"1080\" \/>\n\t<meta property=\"og:image:type\" content=\"image\/png\" \/>\n<meta name=\"twitter:card\" content=\"summary_large_image\" \/>\n<meta name=\"twitter:label1\" content=\"Est. reading time\" \/>\n\t<meta name=\"twitter:data1\" content=\"1 minut\u0117\" \/>\n<script type=\"application\/ld+json\" class=\"yoast-schema-graph\">{\"@context\":\"https:\\\/\\\/schema.org\",\"@graph\":[{\"@type\":\"WebPage\",\"@id\":\"https:\\\/\\\/toidupakk.ee\\\/lt\\\/toode\\\/serveteliu-tabletes-10-vnt\\\/\",\"url\":\"https:\\\/\\\/toidupakk.ee\\\/lt\\\/toode\\\/serveteliu-tabletes-10-vnt\\\/\",\"name\":\"Servet\u0117li\u0173 tablet\u0117s (10 vnt.)\",\"isPartOf\":{\"@id\":\"https:\\\/\\\/toidupakk.ee\\\/lt\\\/#website\"},\"primaryImageOfPage\":{\"@id\":\"https:\\\/\\\/toidupakk.ee\\\/lt\\\/toode\\\/serveteliu-tabletes-10-vnt\\\/#primaryimage\"},\"image\":{\"@id\":\"https:\\\/\\\/toidupakk.ee\\\/lt\\\/toode\\\/serveteliu-tabletes-10-vnt\\\/#primaryimage\"},\"thumbnailUrl\":\"https:\\\/\\\/toidupakk.ee\\\/wp-content\\\/uploads\\\/2023\\\/06\\\/Salvratiku-tabletid35.png\",\"datePublished\":\"2023-06-15T08:49:17+00:00\",\"dateModified\":\"2026-04-14T08:01:21+00:00\",\"description\":\"Servet\u0117li\u0173 tablet\u0117s \u2013 tai tablet\u0117s formos suspaustos servet\u0117l\u0117s. Itin kompakti\u0161kos, u\u017eima ma\u017eai vietos krep\u0161yje. Nor\u0117damas naudoti, u\u017epilk la\u0161\u0105 vandens tiesiai ant tablet\u0117s.\",\"breadcrumb\":{\"@id\":\"https:\\\/\\\/toidupakk.ee\\\/lt\\\/toode\\\/serveteliu-tabletes-10-vnt\\\/#breadcrumb\"},\"inLanguage\":\"lt-LT\",\"potentialAction\":[{\"@type\":\"ReadAction\",\"target\":[\"https:\\\/\\\/toidupakk.ee\\\/lt\\\/toode\\\/serveteliu-tabletes-10-vnt\\\/\"]}]},{\"@type\":\"ImageObject\",\"inLanguage\":\"lt-LT\",\"@id\":\"https:\\\/\\\/toidupakk.ee\\\/lt\\\/toode\\\/serveteliu-tabletes-10-vnt\\\/#primaryimage\",\"url\":\"https:\\\/\\\/toidupakk.ee\\\/wp-content\\\/uploads\\\/2023\\\/06\\\/Salvratiku-tabletid35.png\",\"contentUrl\":\"https:\\\/\\\/toidupakk.ee\\\/wp-content\\\/uploads\\\/2023\\\/06\\\/Salvratiku-tabletid35.png\",\"width\":1080,\"height\":1080,\"caption\":\"Servet\u0117li\u0173 tablet\u0117s 1\"},{\"@type\":\"BreadcrumbList\",\"@id\":\"https:\\\/\\\/toidupakk.ee\\\/lt\\\/toode\\\/serveteliu-tabletes-10-vnt\\\/#breadcrumb\",\"itemListElement\":[{\"@type\":\"ListItem\",\"position\":1,\"name\":\"Avaleht\",\"item\":\"https:\\\/\\\/toidupakk.ee\\\/lt\\\/\"},{\"@type\":\"ListItem\",\"position\":2,\"name\":\"El. parduotuv\u0117\",\"item\":\"https:\\\/\\\/toidupakk.ee\\\/lt\\\/el-parduotuve\\\/\"},{\"@type\":\"ListItem\",\"position\":3,\"name\":\"Servet\u0117li\u0173 tablet\u0117s (10 vnt.)\"}]},{\"@type\":\"WebSite\",\"@id\":\"https:\\\/\\\/toidupakk.ee\\\/lt\\\/#website\",\"url\":\"https:\\\/\\\/toidupakk.ee\\\/lt\\\/\",\"name\":\"Toidupakk.ee - Tactical Foodpack toidupakid\",\"description\":\"Tactical Foodpack k\u00fclmkuivatatud toidupakid ja matkaeined\",\"publisher\":{\"@id\":\"https:\\\/\\\/toidupakk.ee\\\/lt\\\/#organization\"},\"potentialAction\":[{\"@type\":\"SearchAction\",\"target\":{\"@type\":\"EntryPoint\",\"urlTemplate\":\"https:\\\/\\\/toidupakk.ee\\\/lt\\\/?s={search_term_string}\"},\"query-input\":{\"@type\":\"PropertyValueSpecification\",\"valueRequired\":true,\"valueName\":\"search_term_string\"}}],\"inLanguage\":\"lt-LT\"},{\"@type\":\"Organization\",\"@id\":\"https:\\\/\\\/toidupakk.ee\\\/lt\\\/#organization\",\"name\":\"Tactical Foodpack matkaeined\",\"url\":\"https:\\\/\\\/toidupakk.ee\\\/lt\\\/\",\"logo\":{\"@type\":\"ImageObject\",\"inLanguage\":\"lt-LT\",\"@id\":\"https:\\\/\\\/toidupakk.ee\\\/lt\\\/#\\\/schema\\\/logo\\\/image\\\/\",\"url\":\"https:\\\/\\\/toidupakk.ee\\\/wp-content\\\/uploads\\\/2022\\\/01\\\/Toidupakk-matkapood-logo-transparent.png\",\"contentUrl\":\"https:\\\/\\\/toidupakk.ee\\\/wp-content\\\/uploads\\\/2022\\\/01\\\/Toidupakk-matkapood-logo-transparent.png\",\"width\":500,\"height\":500,\"caption\":\"Tactical Foodpack matkaeined\"},\"image\":{\"@id\":\"https:\\\/\\\/toidupakk.ee\\\/lt\\\/#\\\/schema\\\/logo\\\/image\\\/\"},\"sameAs\":[\"https:\\\/\\\/www.facebook.com\\\/Toidupakk\",\"https:\\\/\\\/www.instagram.com\\\/toidupakk\\\/\"]}]}<\/script>\n<!-- \/ Yoast SEO plugin. -->","yoast_head_json":{"title":"Servet\u0117li\u0173 tablet\u0117s (10 vnt.)","description":"Servet\u0117li\u0173 tablet\u0117s \u2013 tai tablet\u0117s formos suspaustos servet\u0117l\u0117s. Itin kompakti\u0161kos, u\u017eima ma\u017eai vietos krep\u0161yje. Nor\u0117damas naudoti, u\u017epilk la\u0161\u0105 vandens tiesiai ant tablet\u0117s.","robots":{"index":"index","follow":"follow","max-snippet":"max-snippet:-1","max-image-preview":"max-image-preview:large","max-video-preview":"max-video-preview:-1"},"canonical":"https:\/\/toidupakk.ee\/lt\/toode\/serveteliu-tabletes-10-vnt\/","og_locale":"lt_LT","og_type":"article","og_title":"Servet\u0117li\u0173 tablet\u0117s (10 vnt.)","og_description":"Servet\u0117li\u0173 tablet\u0117s \u2013 tai tablet\u0117s formos suspaustos servet\u0117l\u0117s. Itin kompakti\u0161kos, u\u017eima ma\u017eai vietos krep\u0161yje. Nor\u0117damas naudoti, u\u017epilk la\u0161\u0105 vandens tiesiai ant tablet\u0117s.","og_url":"https:\/\/toidupakk.ee\/lt\/toode\/serveteliu-tabletes-10-vnt\/","og_site_name":"Toidupakk.ee - Tactical Foodpack toidupakid","article_publisher":"https:\/\/www.facebook.com\/Toidupakk","article_modified_time":"2026-04-14T08:01:21+00:00","og_image":[{"width":1080,"height":1080,"url":"https:\/\/toidupakk.ee\/wp-content\/uploads\/2023\/06\/Salvratiku-tabletid35.png","type":"image\/png"}],"twitter_card":"summary_large_image","twitter_misc":{"Est. reading time":"1 minut\u0117"},"schema":{"@context":"https:\/\/schema.org","@graph":[{"@type":"WebPage","@id":"https:\/\/toidupakk.ee\/lt\/toode\/serveteliu-tabletes-10-vnt\/","url":"https:\/\/toidupakk.ee\/lt\/toode\/serveteliu-tabletes-10-vnt\/","name":"Servet\u0117li\u0173 tablet\u0117s (10 vnt.)","isPartOf":{"@id":"https:\/\/toidupakk.ee\/lt\/#website"},"primaryImageOfPage":{"@id":"https:\/\/toidupakk.ee\/lt\/toode\/serveteliu-tabletes-10-vnt\/#primaryimage"},"image":{"@id":"https:\/\/toidupakk.ee\/lt\/toode\/serveteliu-tabletes-10-vnt\/#primaryimage"},"thumbnailUrl":"https:\/\/toidupakk.ee\/wp-content\/uploads\/2023\/06\/Salvratiku-tabletid35.png","datePublished":"2023-06-15T08:49:17+00:00","dateModified":"2026-04-14T08:01:21+00:00","description":"Servet\u0117li\u0173 tablet\u0117s \u2013 tai tablet\u0117s formos suspaustos servet\u0117l\u0117s. Itin kompakti\u0161kos, u\u017eima ma\u017eai vietos krep\u0161yje. Nor\u0117damas naudoti, u\u017epilk la\u0161\u0105 vandens tiesiai ant tablet\u0117s.","breadcrumb":{"@id":"https:\/\/toidupakk.ee\/lt\/toode\/serveteliu-tabletes-10-vnt\/#breadcrumb"},"inLanguage":"lt-LT","potentialAction":[{"@type":"ReadAction","target":["https:\/\/toidupakk.ee\/lt\/toode\/serveteliu-tabletes-10-vnt\/"]}]},{"@type":"ImageObject","inLanguage":"lt-LT","@id":"https:\/\/toidupakk.ee\/lt\/toode\/serveteliu-tabletes-10-vnt\/#primaryimage","url":"https:\/\/toidupakk.ee\/wp-content\/uploads\/2023\/06\/Salvratiku-tabletid35.png","contentUrl":"https:\/\/toidupakk.ee\/wp-content\/uploads\/2023\/06\/Salvratiku-tabletid35.png","width":1080,"height":1080,"caption":"Servet\u0117li\u0173 tablet\u0117s 1"},{"@type":"BreadcrumbList","@id":"https:\/\/toidupakk.ee\/lt\/toode\/serveteliu-tabletes-10-vnt\/#breadcrumb","itemListElement":[{"@type":"ListItem","position":1,"name":"Avaleht","item":"https:\/\/toidupakk.ee\/lt\/"},{"@type":"ListItem","position":2,"name":"El. parduotuv\u0117","item":"https:\/\/toidupakk.ee\/lt\/el-parduotuve\/"},{"@type":"ListItem","position":3,"name":"Servet\u0117li\u0173 tablet\u0117s (10 vnt.)"}]},{"@type":"WebSite","@id":"https:\/\/toidupakk.ee\/lt\/#website","url":"https:\/\/toidupakk.ee\/lt\/","name":"Toidupakk.ee - Tactical Foodpack toidupakid","description":"Tactical Foodpack k\u00fclmkuivatatud toidupakid ja matkaeined","publisher":{"@id":"https:\/\/toidupakk.ee\/lt\/#organization"},"potentialAction":[{"@type":"SearchAction","target":{"@type":"EntryPoint","urlTemplate":"https:\/\/toidupakk.ee\/lt\/?s={search_term_string}"},"query-input":{"@type":"PropertyValueSpecification","valueRequired":true,"valueName":"search_term_string"}}],"inLanguage":"lt-LT"},{"@type":"Organization","@id":"https:\/\/toidupakk.ee\/lt\/#organization","name":"Tactical Foodpack matkaeined","url":"https:\/\/toidupakk.ee\/lt\/","logo":{"@type":"ImageObject","inLanguage":"lt-LT","@id":"https:\/\/toidupakk.ee\/lt\/#\/schema\/logo\/image\/","url":"https:\/\/toidupakk.ee\/wp-content\/uploads\/2022\/01\/Toidupakk-matkapood-logo-transparent.png","contentUrl":"https:\/\/toidupakk.ee\/wp-content\/uploads\/2022\/01\/Toidupakk-matkapood-logo-transparent.png","width":500,"height":500,"caption":"Tactical Foodpack matkaeined"},"image":{"@id":"https:\/\/toidupakk.ee\/lt\/#\/schema\/logo\/image\/"},"sameAs":["https:\/\/www.facebook.com\/Toidupakk","https:\/\/www.instagram.com\/toidupakk\/"]}]}},"jetpack_sharing_enabled":true,"_links":{"self":[{"href":"https:\/\/toidupakk.ee\/lt\/wp-json\/wp\/v2\/product\/47981","targetHints":{"allow":["GET"]}}],"collection":[{"href":"https:\/\/toidupakk.ee\/lt\/wp-json\/wp\/v2\/product"}],"about":[{"href":"https:\/\/toidupakk.ee\/lt\/wp-json\/wp\/v2\/types\/product"}],"replies":[{"embeddable":true,"href":"https:\/\/toidupakk.ee\/lt\/wp-json\/wp\/v2\/comments?post=47981"}],"wp:featuredmedia":[{"embeddable":true,"href":"https:\/\/toidupakk.ee\/lt\/wp-json\/wp\/v2\/media\/47983"}],"wp:attachment":[{"href":"https:\/\/toidupakk.ee\/lt\/wp-json\/wp\/v2\/media?parent=47981"}],"wp:term":[{"taxonomy":"product_brand","embeddable":true,"href":"https:\/\/toidupakk.ee\/lt\/wp-json\/wp\/v2\/product_brand?post=47981"},{"taxonomy":"product_cat","embeddable":true,"href":"https:\/\/toidupakk.ee\/lt\/wp-json\/wp\/v2\/product_cat?post=47981"},{"taxonomy":"product_tag","embeddable":true,"href":"https:\/\/toidupakk.ee\/lt\/wp-json\/wp\/v2\/product_tag?post=47981"}],"curies":[{"name":"wp","href":"https:\/\/api.w.org\/{rel}","templated":true}]}}