{"id":47973,"date":"2023-04-13T14:23:10","date_gmt":"2023-04-13T11:23:10","guid":{"rendered":"https:\/\/toidupakk.ee\/toode\/tamsoje-svieciantis-kompasas-v2\/"},"modified":"2026-04-21T12:01:29","modified_gmt":"2026-04-21T09:01:29","slug":"tamsoje-svieciantis-kompasas-v2","status":"publish","type":"product","link":"https:\/\/toidupakk.ee\/lt\/toode\/tamsoje-svieciantis-kompasas-v2\/","title":{"rendered":"Tamsoje \u0161vie\u010diantis kompasas V2"},"content":{"rendered":"<p><img fetchpriority=\"high\" decoding=\"async\" class=\"size-medium wp-image-7472 alignright\" src=\"https:\/\/toidupakk.ee\/wp-content\/uploads\/2023\/04\/kompass-pimedas-helendav-3-300x300.png\" alt=\"\" width=\"300\" height=\"300\" srcset=\"https:\/\/toidupakk.ee\/wp-content\/uploads\/2023\/04\/kompass-pimedas-helendav-3-300x300.png 300w, https:\/\/toidupakk.ee\/wp-content\/uploads\/2023\/04\/kompass-pimedas-helendav-3-400x400.png 400w, https:\/\/toidupakk.ee\/wp-content\/uploads\/2023\/04\/kompass-pimedas-helendav-3-100x100.png 100w, https:\/\/toidupakk.ee\/wp-content\/uploads\/2023\/04\/kompass-pimedas-helendav-3-800x800.png 800w, https:\/\/toidupakk.ee\/wp-content\/uploads\/2023\/04\/kompass-pimedas-helendav-3-1024x1024.png 1024w, https:\/\/toidupakk.ee\/wp-content\/uploads\/2023\/04\/kompass-pimedas-helendav-3-500x500.png 500w, https:\/\/toidupakk.ee\/wp-content\/uploads\/2023\/04\/kompass-pimedas-helendav-3-768x768.png 768w, https:\/\/toidupakk.ee\/wp-content\/uploads\/2023\/04\/kompass-pimedas-helendav-3.png 1080w\" sizes=\"(max-width: 300px) 100vw, 300px\" \/><\/p>\n<p>Tamsoje \u0161vie\u010diantis kompasas yra puikus prietaisas, padedantis orientuotis prieblandoje ar tamsoje. Jis idealiai tinka \u017eygiams, stovyklavimui, \u017evejybai ar kitai veiklai lauke, kai reikia tiksliai nustatyti krypt\u012f. <\/p>\n<p>Kompasas pagamintas i\u0161 patvaraus plastiko, turi ai\u0161kias ir tikslias skales, leid\u017eian\u010dias lengvai sekti krypt\u012f. Kompasas taip pat turi \u0161vyt\u0117jimo funkcij\u0105, tod\u0117l nakt\u012f ar tamsoje gerai matysi ir lengvai nustatysi krypt\u012f. <\/p>\n<p>Tamsoje \u0161vie\u010diantis kompasas yra lengvas bei kompakti\u0161kas, j\u012f patogu ne\u0161iotis kuprin\u0117je, ki\u0161en\u0117je ar prisisegus prie dir\u017eo. Jis patvarus, atsparus vandeniui ir puikiai tinka naudoti lauko s\u0105lygomis. <\/p>\n<p>Apibendrinant, tamsoje \u0161vie\u010diantis kompasas yra prakti\u0161kas ir patikimas prietaisas, leid\u017eiantis nustatyti krypt\u012f net prieblandoje ar tamsoje.<\/p>\n<p>Daugiau \u017eygio preki\u0173 rasi <a href=\"https:\/\/toidupakk.ee\/lt\/tootekategooria\/zygio-iranga\/#section-3-79\">\u010cIA<\/a><\/p>\n<p>Pasisemk \u012fkv\u0117pimo kitiems nuotykiams Toidupakk <a href=\"https:\/\/www.instagram.com\/toidupakk\/\">Instagram<\/a> ir <a href=\"https:\/\/www.facebook.com\/Toidupakk\/\">Facebook<\/a> paskyrose.<\/p>\n","protected":false},"excerpt":{"rendered":"<ul>\n<li>Skaidrus kompasas orientavimuisi gamtoje<\/li>\n<li>Mastelis 1:15 000 ir 1:25 000<\/li>\n<li>\u0160vie\u010dia tamsoje \/ prieblandoje<\/li>\n<li>Ideali priemon\u0117 nustatyti kryptis, azimutus ir atstumus \u017eem\u0117lapyje<\/li>\n<li>Komplekte yra virvel\u0117 pasikabinti ant kaklo<\/li>\n<li>360 laipsni\u0173 besisukanti kompaso dalis<\/li>\n<li>I\u0161 tvirto skaidraus plastiko<\/li>\n<\/ul>\n<p>\u2705 Turime sand\u0117lyje, greitas pristatymas per 1\u20133 darbo dienas<\/p>\n","protected":false},"featured_media":7471,"comment_status":"open","ping_status":"closed","template":"","meta":{"_acf_changed":false},"product_brand":[],"product_cat":[212,189,190],"product_tag":[],"class_list":{"0":"post-47973","1":"product","2":"type-product","3":"status-publish","4":"has-post-thumbnail","6":"product_cat-kompasai","7":"product_cat-zygio-iranga","8":"product_cat-zygio-prekes","10":"first","11":"instock","12":"taxable","13":"shipping-taxable","14":"purchasable","15":"product-type-simple"},"bundled_by":[],"bundle_stock_status":"instock","bundle_stock_quantity":3,"bundle_virtual":false,"bundle_layout":"","bundle_add_to_cart_form_location":"","bundle_editable_in_cart":false,"bundle_sold_individually_context":"","bundle_item_grouping":"","bundle_min_size":"","bundle_max_size":"","bundle_price":[],"bundled_items":[],"bundle_sell_ids":[],"acf":[],"yoast_head":"<!-- This site is optimized with the Yoast SEO plugin v27.3 - https:\/\/yoast.com\/product\/yoast-seo-wordpress\/ -->\n<title>Tamsoje \u0161vie\u010diantis kompasas V2 - Toidupakk.ee - Tactical Foodpack toidupakid<\/title>\n<meta name=\"description\" content=\"Tamsoje \u0161vie\u010diantis kompasas yra puiki priemon\u0117 orientuotis. Idealiai tinka nustatyti kryptis, azimutus ir atstumus \u017eem\u0117lapyje.\" \/>\n<meta name=\"robots\" content=\"index, follow, max-snippet:-1, max-image-preview:large, max-video-preview:-1\" \/>\n<link rel=\"canonical\" href=\"https:\/\/toidupakk.ee\/lt\/toode\/tamsoje-svieciantis-kompasas-v2\/\" \/>\n<meta property=\"og:locale\" content=\"lt_LT\" \/>\n<meta property=\"og:type\" content=\"article\" \/>\n<meta property=\"og:title\" content=\"Tamsoje \u0161vie\u010diantis kompasas V2 - Toidupakk.ee - Tactical Foodpack toidupakid\" \/>\n<meta property=\"og:description\" content=\"Tamsoje \u0161vie\u010diantis kompasas yra puiki priemon\u0117 orientuotis. Idealiai tinka nustatyti kryptis, azimutus ir atstumus \u017eem\u0117lapyje.\" \/>\n<meta property=\"og:url\" content=\"https:\/\/toidupakk.ee\/lt\/toode\/tamsoje-svieciantis-kompasas-v2\/\" \/>\n<meta property=\"og:site_name\" content=\"Toidupakk.ee - Tactical Foodpack toidupakid\" \/>\n<meta property=\"article:publisher\" content=\"https:\/\/www.facebook.com\/Toidupakk\" \/>\n<meta property=\"article:modified_time\" content=\"2026-04-21T09:01:29+00:00\" \/>\n<meta property=\"og:image\" content=\"https:\/\/toidupakk.ee\/wp-content\/uploads\/2023\/04\/kompass-pimedas-helendav-2.png\" \/>\n\t<meta property=\"og:image:width\" content=\"1080\" \/>\n\t<meta property=\"og:image:height\" content=\"1080\" \/>\n\t<meta property=\"og:image:type\" content=\"image\/png\" \/>\n<meta name=\"twitter:card\" content=\"summary_large_image\" \/>\n<meta name=\"twitter:label1\" content=\"Est. reading time\" \/>\n\t<meta name=\"twitter:data1\" content=\"1 minut\u0117\" \/>\n<script type=\"application\/ld+json\" class=\"yoast-schema-graph\">{\"@context\":\"https:\\\/\\\/schema.org\",\"@graph\":[{\"@type\":\"WebPage\",\"@id\":\"https:\\\/\\\/toidupakk.ee\\\/lt\\\/toode\\\/tamsoje-svieciantis-kompasas-v2\\\/\",\"url\":\"https:\\\/\\\/toidupakk.ee\\\/lt\\\/toode\\\/tamsoje-svieciantis-kompasas-v2\\\/\",\"name\":\"Tamsoje \u0161vie\u010diantis kompasas V2 - Toidupakk.ee - Tactical Foodpack toidupakid\",\"isPartOf\":{\"@id\":\"https:\\\/\\\/toidupakk.ee\\\/lt\\\/#website\"},\"primaryImageOfPage\":{\"@id\":\"https:\\\/\\\/toidupakk.ee\\\/lt\\\/toode\\\/tamsoje-svieciantis-kompasas-v2\\\/#primaryimage\"},\"image\":{\"@id\":\"https:\\\/\\\/toidupakk.ee\\\/lt\\\/toode\\\/tamsoje-svieciantis-kompasas-v2\\\/#primaryimage\"},\"thumbnailUrl\":\"https:\\\/\\\/toidupakk.ee\\\/wp-content\\\/uploads\\\/2023\\\/04\\\/kompass-pimedas-helendav-2.png\",\"datePublished\":\"2023-04-13T11:23:10+00:00\",\"dateModified\":\"2026-04-21T09:01:29+00:00\",\"description\":\"Tamsoje \u0161vie\u010diantis kompasas yra puiki priemon\u0117 orientuotis. Idealiai tinka nustatyti kryptis, azimutus ir atstumus \u017eem\u0117lapyje.\",\"breadcrumb\":{\"@id\":\"https:\\\/\\\/toidupakk.ee\\\/lt\\\/toode\\\/tamsoje-svieciantis-kompasas-v2\\\/#breadcrumb\"},\"inLanguage\":\"lt-LT\",\"potentialAction\":[{\"@type\":\"ReadAction\",\"target\":[\"https:\\\/\\\/toidupakk.ee\\\/lt\\\/toode\\\/tamsoje-svieciantis-kompasas-v2\\\/\"]}]},{\"@type\":\"ImageObject\",\"inLanguage\":\"lt-LT\",\"@id\":\"https:\\\/\\\/toidupakk.ee\\\/lt\\\/toode\\\/tamsoje-svieciantis-kompasas-v2\\\/#primaryimage\",\"url\":\"https:\\\/\\\/toidupakk.ee\\\/wp-content\\\/uploads\\\/2023\\\/04\\\/kompass-pimedas-helendav-2.png\",\"contentUrl\":\"https:\\\/\\\/toidupakk.ee\\\/wp-content\\\/uploads\\\/2023\\\/04\\\/kompass-pimedas-helendav-2.png\",\"width\":1080,\"height\":1080},{\"@type\":\"BreadcrumbList\",\"@id\":\"https:\\\/\\\/toidupakk.ee\\\/lt\\\/toode\\\/tamsoje-svieciantis-kompasas-v2\\\/#breadcrumb\",\"itemListElement\":[{\"@type\":\"ListItem\",\"position\":1,\"name\":\"Avaleht\",\"item\":\"https:\\\/\\\/toidupakk.ee\\\/lt\\\/\"},{\"@type\":\"ListItem\",\"position\":2,\"name\":\"El. parduotuv\u0117\",\"item\":\"https:\\\/\\\/toidupakk.ee\\\/lt\\\/el-parduotuve\\\/\"},{\"@type\":\"ListItem\",\"position\":3,\"name\":\"Tamsoje \u0161vie\u010diantis kompasas V2\"}]},{\"@type\":\"WebSite\",\"@id\":\"https:\\\/\\\/toidupakk.ee\\\/lt\\\/#website\",\"url\":\"https:\\\/\\\/toidupakk.ee\\\/lt\\\/\",\"name\":\"Toidupakk.ee - Tactical Foodpack toidupakid\",\"description\":\"Tactical Foodpack k\u00fclmkuivatatud toidupakid ja matkaeined\",\"publisher\":{\"@id\":\"https:\\\/\\\/toidupakk.ee\\\/lt\\\/#organization\"},\"potentialAction\":[{\"@type\":\"SearchAction\",\"target\":{\"@type\":\"EntryPoint\",\"urlTemplate\":\"https:\\\/\\\/toidupakk.ee\\\/lt\\\/?s={search_term_string}\"},\"query-input\":{\"@type\":\"PropertyValueSpecification\",\"valueRequired\":true,\"valueName\":\"search_term_string\"}}],\"inLanguage\":\"lt-LT\"},{\"@type\":\"Organization\",\"@id\":\"https:\\\/\\\/toidupakk.ee\\\/lt\\\/#organization\",\"name\":\"Tactical Foodpack matkaeined\",\"url\":\"https:\\\/\\\/toidupakk.ee\\\/lt\\\/\",\"logo\":{\"@type\":\"ImageObject\",\"inLanguage\":\"lt-LT\",\"@id\":\"https:\\\/\\\/toidupakk.ee\\\/lt\\\/#\\\/schema\\\/logo\\\/image\\\/\",\"url\":\"https:\\\/\\\/toidupakk.ee\\\/wp-content\\\/uploads\\\/2022\\\/01\\\/Toidupakk-matkapood-logo-transparent.png\",\"contentUrl\":\"https:\\\/\\\/toidupakk.ee\\\/wp-content\\\/uploads\\\/2022\\\/01\\\/Toidupakk-matkapood-logo-transparent.png\",\"width\":500,\"height\":500,\"caption\":\"Tactical Foodpack matkaeined\"},\"image\":{\"@id\":\"https:\\\/\\\/toidupakk.ee\\\/lt\\\/#\\\/schema\\\/logo\\\/image\\\/\"},\"sameAs\":[\"https:\\\/\\\/www.facebook.com\\\/Toidupakk\",\"https:\\\/\\\/www.instagram.com\\\/toidupakk\\\/\"]}]}<\/script>\n<!-- \/ Yoast SEO plugin. -->","yoast_head_json":{"title":"Tamsoje \u0161vie\u010diantis kompasas V2 - Toidupakk.ee - Tactical Foodpack toidupakid","description":"Tamsoje \u0161vie\u010diantis kompasas yra puiki priemon\u0117 orientuotis. Idealiai tinka nustatyti kryptis, azimutus ir atstumus \u017eem\u0117lapyje.","robots":{"index":"index","follow":"follow","max-snippet":"max-snippet:-1","max-image-preview":"max-image-preview:large","max-video-preview":"max-video-preview:-1"},"canonical":"https:\/\/toidupakk.ee\/lt\/toode\/tamsoje-svieciantis-kompasas-v2\/","og_locale":"lt_LT","og_type":"article","og_title":"Tamsoje \u0161vie\u010diantis kompasas V2 - Toidupakk.ee - Tactical Foodpack toidupakid","og_description":"Tamsoje \u0161vie\u010diantis kompasas yra puiki priemon\u0117 orientuotis. Idealiai tinka nustatyti kryptis, azimutus ir atstumus \u017eem\u0117lapyje.","og_url":"https:\/\/toidupakk.ee\/lt\/toode\/tamsoje-svieciantis-kompasas-v2\/","og_site_name":"Toidupakk.ee - Tactical Foodpack toidupakid","article_publisher":"https:\/\/www.facebook.com\/Toidupakk","article_modified_time":"2026-04-21T09:01:29+00:00","og_image":[{"width":1080,"height":1080,"url":"https:\/\/toidupakk.ee\/wp-content\/uploads\/2023\/04\/kompass-pimedas-helendav-2.png","type":"image\/png"}],"twitter_card":"summary_large_image","twitter_misc":{"Est. reading time":"1 minut\u0117"},"schema":{"@context":"https:\/\/schema.org","@graph":[{"@type":"WebPage","@id":"https:\/\/toidupakk.ee\/lt\/toode\/tamsoje-svieciantis-kompasas-v2\/","url":"https:\/\/toidupakk.ee\/lt\/toode\/tamsoje-svieciantis-kompasas-v2\/","name":"Tamsoje \u0161vie\u010diantis kompasas V2 - Toidupakk.ee - Tactical Foodpack toidupakid","isPartOf":{"@id":"https:\/\/toidupakk.ee\/lt\/#website"},"primaryImageOfPage":{"@id":"https:\/\/toidupakk.ee\/lt\/toode\/tamsoje-svieciantis-kompasas-v2\/#primaryimage"},"image":{"@id":"https:\/\/toidupakk.ee\/lt\/toode\/tamsoje-svieciantis-kompasas-v2\/#primaryimage"},"thumbnailUrl":"https:\/\/toidupakk.ee\/wp-content\/uploads\/2023\/04\/kompass-pimedas-helendav-2.png","datePublished":"2023-04-13T11:23:10+00:00","dateModified":"2026-04-21T09:01:29+00:00","description":"Tamsoje \u0161vie\u010diantis kompasas yra puiki priemon\u0117 orientuotis. Idealiai tinka nustatyti kryptis, azimutus ir atstumus \u017eem\u0117lapyje.","breadcrumb":{"@id":"https:\/\/toidupakk.ee\/lt\/toode\/tamsoje-svieciantis-kompasas-v2\/#breadcrumb"},"inLanguage":"lt-LT","potentialAction":[{"@type":"ReadAction","target":["https:\/\/toidupakk.ee\/lt\/toode\/tamsoje-svieciantis-kompasas-v2\/"]}]},{"@type":"ImageObject","inLanguage":"lt-LT","@id":"https:\/\/toidupakk.ee\/lt\/toode\/tamsoje-svieciantis-kompasas-v2\/#primaryimage","url":"https:\/\/toidupakk.ee\/wp-content\/uploads\/2023\/04\/kompass-pimedas-helendav-2.png","contentUrl":"https:\/\/toidupakk.ee\/wp-content\/uploads\/2023\/04\/kompass-pimedas-helendav-2.png","width":1080,"height":1080},{"@type":"BreadcrumbList","@id":"https:\/\/toidupakk.ee\/lt\/toode\/tamsoje-svieciantis-kompasas-v2\/#breadcrumb","itemListElement":[{"@type":"ListItem","position":1,"name":"Avaleht","item":"https:\/\/toidupakk.ee\/lt\/"},{"@type":"ListItem","position":2,"name":"El. parduotuv\u0117","item":"https:\/\/toidupakk.ee\/lt\/el-parduotuve\/"},{"@type":"ListItem","position":3,"name":"Tamsoje \u0161vie\u010diantis kompasas V2"}]},{"@type":"WebSite","@id":"https:\/\/toidupakk.ee\/lt\/#website","url":"https:\/\/toidupakk.ee\/lt\/","name":"Toidupakk.ee - Tactical Foodpack toidupakid","description":"Tactical Foodpack k\u00fclmkuivatatud toidupakid ja matkaeined","publisher":{"@id":"https:\/\/toidupakk.ee\/lt\/#organization"},"potentialAction":[{"@type":"SearchAction","target":{"@type":"EntryPoint","urlTemplate":"https:\/\/toidupakk.ee\/lt\/?s={search_term_string}"},"query-input":{"@type":"PropertyValueSpecification","valueRequired":true,"valueName":"search_term_string"}}],"inLanguage":"lt-LT"},{"@type":"Organization","@id":"https:\/\/toidupakk.ee\/lt\/#organization","name":"Tactical Foodpack matkaeined","url":"https:\/\/toidupakk.ee\/lt\/","logo":{"@type":"ImageObject","inLanguage":"lt-LT","@id":"https:\/\/toidupakk.ee\/lt\/#\/schema\/logo\/image\/","url":"https:\/\/toidupakk.ee\/wp-content\/uploads\/2022\/01\/Toidupakk-matkapood-logo-transparent.png","contentUrl":"https:\/\/toidupakk.ee\/wp-content\/uploads\/2022\/01\/Toidupakk-matkapood-logo-transparent.png","width":500,"height":500,"caption":"Tactical Foodpack matkaeined"},"image":{"@id":"https:\/\/toidupakk.ee\/lt\/#\/schema\/logo\/image\/"},"sameAs":["https:\/\/www.facebook.com\/Toidupakk","https:\/\/www.instagram.com\/toidupakk\/"]}]}},"jetpack_sharing_enabled":true,"_links":{"self":[{"href":"https:\/\/toidupakk.ee\/lt\/wp-json\/wp\/v2\/product\/47973","targetHints":{"allow":["GET"]}}],"collection":[{"href":"https:\/\/toidupakk.ee\/lt\/wp-json\/wp\/v2\/product"}],"about":[{"href":"https:\/\/toidupakk.ee\/lt\/wp-json\/wp\/v2\/types\/product"}],"replies":[{"embeddable":true,"href":"https:\/\/toidupakk.ee\/lt\/wp-json\/wp\/v2\/comments?post=47973"}],"wp:featuredmedia":[{"embeddable":true,"href":"https:\/\/toidupakk.ee\/lt\/wp-json\/wp\/v2\/media\/7471"}],"wp:attachment":[{"href":"https:\/\/toidupakk.ee\/lt\/wp-json\/wp\/v2\/media?parent=47973"}],"wp:term":[{"taxonomy":"product_brand","embeddable":true,"href":"https:\/\/toidupakk.ee\/lt\/wp-json\/wp\/v2\/product_brand?post=47973"},{"taxonomy":"product_cat","embeddable":true,"href":"https:\/\/toidupakk.ee\/lt\/wp-json\/wp\/v2\/product_cat?post=47973"},{"taxonomy":"product_tag","embeddable":true,"href":"https:\/\/toidupakk.ee\/lt\/wp-json\/wp\/v2\/product_tag?post=47973"}],"curies":[{"name":"wp","href":"https:\/\/api.w.org\/{rel}","templated":true}]}}