{"id":47946,"date":"2023-05-31T17:08:08","date_gmt":"2023-05-31T14:08:08","guid":{"rendered":"https:\/\/toidupakk.ee\/toode\/readywise-maisto-atsargu-rinkinys-pagrindiniai-patiekalai-ir-pusryciai-60-porciju-su-vandeniui-atspariu-krepsiu\/"},"modified":"2026-04-04T00:00:48","modified_gmt":"2026-04-03T21:00:48","slug":"readywise-maisto-atsargu-rinkinys-pagrindiniai-patiekalai-ir-pusryciai-60-porciju-su-vandeniui-atspariu-krepsiu","status":"publish","type":"product","link":"https:\/\/toidupakk.ee\/lt\/toode\/readywise-maisto-atsargu-rinkinys-pagrindiniai-patiekalai-ir-pusryciai-60-porciju-su-vandeniui-atspariu-krepsiu\/","title":{"rendered":"READYWISE\u00ae maisto atsarg\u0173 rinkinys \u2013 pagrindiniai patiekalai ir pusry\u010diai \u2013 60 porcij\u0173 su vandeniui atspariu krep\u0161iu"},"content":{"rendered":"<h1><img fetchpriority=\"high\" decoding=\"async\" class=\"alignnone size-full wp-image-14383\" src=\"https:\/\/toidupakk.ee\/wp-content\/uploads\/2023\/09\/Graphic-Design.jpg\" alt=\"\" width=\"1280\" height=\"1280\" srcset=\"https:\/\/toidupakk.ee\/wp-content\/uploads\/2023\/09\/Graphic-Design.jpg 1280w, https:\/\/toidupakk.ee\/wp-content\/uploads\/2023\/09\/Graphic-Design-400x400.jpg 400w, https:\/\/toidupakk.ee\/wp-content\/uploads\/2023\/09\/Graphic-Design-100x100.jpg 100w, https:\/\/toidupakk.ee\/wp-content\/uploads\/2023\/09\/Graphic-Design-800x800.jpg 800w, https:\/\/toidupakk.ee\/wp-content\/uploads\/2023\/09\/Graphic-Design-300x300.jpg 300w, https:\/\/toidupakk.ee\/wp-content\/uploads\/2023\/09\/Graphic-Design-1024x1024.jpg 1024w, https:\/\/toidupakk.ee\/wp-content\/uploads\/2023\/09\/Graphic-Design-500x500.jpg 500w, https:\/\/toidupakk.ee\/wp-content\/uploads\/2023\/09\/Graphic-Design-768x768.jpg 768w\" sizes=\"(max-width: 1280px) 100vw, 1280px\" \/><\/h1>\n<h1>Pasiruo\u0161k netik\u0117toms situacijoms<\/h1>\n<p>\u201eReadyWise\u201c maisto atsarg\u0173 rinkinys skirtas naudoti kaip atsargin\u0117s maisto atsargos kriz\u0117s atveju, \u017eygiams arba tiesiog patogiam maisto sand\u0117liavimui namuose. Maistas yra dehidratuotas, tod\u0117l ilg\u0105 laik\u0105 i\u0161laiko \u0161vie\u017eum\u0105 ir skon\u012f. Produktai galioja iki 25 met\u0173. \u0160\u012f rinkin\u012f sudaro pagrindiniai patiekalai ir pusry\u010diai \u2013 i\u0161 viso 60 porcij\u0173.   <\/p>\n<h2><strong>Kaip paruo\u0161ti<\/strong><\/h2>\n<p><strong>PASIRINK VALG\u012e <\/strong>Atidaryk vandeniui atspari\u0105, pakartotinai u\u017edarom\u0105 pakuot\u0119 ir i\u0161sirink norim\u0105 skon\u012f. Kiekvienoje ma\u017eoje pakuot\u0117je yra 4 maisto porcijos. <\/p>\n<p><strong>\u012ePILK \u0160ALTO ARBA KAR\u0160TO VANDENS <\/strong>M\u016bs\u0173 produktai apdorojami specialiu procesu, kad i\u0161laikyt\u0173 skon\u012f ir tekst\u016br\u0105. Vienai porcijai \u012fpilk 1 stiklin\u0119 vandens ir i\u0161mai\u0161yk. M\u016bs\u0173 maist\u0105 galima ruo\u0161ti tiek su \u0161iltu, tiek su \u0161altu vandeniu.   Dauguma patiekal\u0173 visgi skanesni naudojant kar\u0161t\u0105 vanden\u012f.<\/p>\n<p><strong>I\u0160MAI\u0160YK IR M\u0116GAUKIS <\/strong>Supilk pakuot\u0117s turin\u012f \u012f vanden\u012f ir i\u0161mai\u0161yk. U\u017edenk ir palauk 15 minu\u010di\u0173. Jei naudoji kambario temperat\u016bros vanden\u012f, palauk 30 minu\u010di\u0173. \u012esid\u0117k maist\u0105 \u012f l\u0117k\u0161t\u0119, valgyk ir m\u0117gaukis!   <\/p>\n<h2><strong>Krep\u0161yje rasi didel\u012f \u012fvairi\u0173 skoni\u0173 pasirinkim\u0105<\/strong><\/h2>\n<p>DAUGIAGR\u016aD\u017dIAI DRIBSNIAI SU RUDUOJU CUKRUMI IR KLEV\u0172 SINDROPU: 12 porcij\u0173<\/p>\n<p>TRA\u0160K\u016aS JAVAINIAI: 8 porcijos<\/p>\n<p>MAKARONAI SU S\u016aRIU: 8 porcijos<\/p>\n<p>GRIETIN\u0116L\u0116S PASTA SU DAR\u017dOV\u0116MIS: 8 porcijos<\/p>\n<p>BULVI\u0172 IR VI\u0160TIENOS SKONIO APKEPAS BE GLITIMO: 8 porcijos<\/p>\n<p>TERIYAKI RY\u017dI\u0172 PATIEKALAS BE GLITIMO: 8 porcijos<\/p>\n<p>SKANUSIS STROGANOVAS: 8 porcijos<\/p>\n<p>Bendras pakuot\u0117je esan\u010dio maisto svoris yra 3,64 kg.<\/p>\n<h2>\u201eReadyWise\u201c privalumai<\/h2>\n<p><strong>Laikymas<\/strong>: \u201eReadyWise\u201c maistas yra dehidratuotas, tod\u0117l galioja 25 metus. J\u012f patogu laikyti r\u016bsyje, gara\u017ee, spintoje ar, pavyzd\u017eiui, valtyje. Vandeniui atsparus krep\u0161ys saugo maist\u0105 nuo dr\u0117gm\u0117s ir kit\u0173 aplinkos veiksni\u0173. <\/p>\n<p><strong>Maistin\u0117 vert\u0117<\/strong>: \u201eReadyWise\u201c patiekaluose yra nema\u017eai baltym\u0173, skaidul\u0173 ir kit\u0173 svarbi\u0173 maistini\u0173 med\u017eiag\u0173. Tai puikus pasirinkimas tiems, kurie nori b\u016bti sot\u016bs ir kuriems reikia greito bei naudingo valgio. <\/p>\n<p><strong>Universalumas<\/strong>: \u201eReadyWise\u201c maisto atsarg\u0173 rinkinyje yra \u012fvairi\u0173 patiekal\u0173, tinkan\u010di\u0173 pusry\u010diams, pietums ir vakarienei. Tai suteikia daug pasirinkimo laisv\u0117s ir leid\u017eia m\u0117gautis skirtingais skoniais. <\/p>\n<p><strong>Lengvas transportavimas<\/strong>: \u201eReadyWise\u201c maisto atsarg\u0173 rinkinys yra kompakti\u0161kas ir lengvas, o vandeniui atsparus krep\u0161ys u\u017etikrina patog\u0173 transportavim\u0105.<\/p>\n<p>&nbsp;<\/p>\n<h2>READYWISE<\/h2>\n<p>\u201eReadyWise\u201c naudoja inovatyv\u0173 po\u017ei\u016br\u012f, kad pasi\u016blyt\u0173 patikim\u0105, paprast\u0105 ir prieinam\u0105 \u0161altyje d\u017eiovint\u0105 maist\u0105 situacijoms, kai maisto gaminimas yra apsunkintas.<\/p>\n<p>&nbsp;<\/p>\n<p>Daugiau preki\u0173 \u017eygiams rasi <a href=\"https:\/\/toidupakk.ee\/lt\/tootekategooria\/zygio-iranga\/#section-3-79\">\u010cIA<\/a><\/p>\n<p>O gal domiesi \u017eygio maistu? \u017di\u016br\u0117k <a href=\"\/?product_cat=snakk#section-3-79\">\u010cIA<\/a><\/p>\n<p>Pasisemk \u012fkv\u0117pimo kitiems nuotykiams \u201eToidupakk\u201c <a href=\"https:\/\/www.instagram.com\/toidupakk\/\">Instagram<\/a> ir <a href=\"https:\/\/www.facebook.com\/Toidupakk\/\">Facebook<\/a> paskyrose.<\/p>\n","protected":false},"excerpt":{"rendered":"<p>\u201eReadyWise\u201c maisto rinkinys su <strong>60 porcij\u0173<\/strong>. Skirtas situacijoms, kai maisto gaminimas gali b\u016bti sunkus ar ne\u012fmanomas. Krep\u0161yje yra pusry\u010diai ir pagrindiniai patiekalai. Patogu naudoti \u017eygiuose, stovyklaujant ar leid\u017eiant laik\u0105 gamtoje. Maistas supakuotas sandariuose \u201eMylar\u201c mai\u0161eliuose, kurie u\u017etikrina ilg\u0105 galiojimo laik\u0105.    <\/p>\n<ul>\n<li>Maisto atsarg\u0173 rinkinys: kiekviename krep\u0161yje yra <strong>60 porcij\u0173, 7 skirtingi patiekalai<\/strong> (pagrindiniai patiekalai ir pusry\u010diai).<\/li>\n<li>Tik \u012fpilk vandens: rekomenduojama naudoti kar\u0161t\u0105 vanden\u012f, bet tinka ir \u0161altas (tokiu atveju paruo\u0161imo laikas bus ilgesnis).<\/li>\n<li>\u201eReadyWise\u201c maistas <strong>galioja 25 metus<\/strong>.<\/li>\n<li><strong>Vandeniui atsparus, pakartotinai u\u017edaromas krep\u0161ys<\/strong> leid\u017eia j\u012f lengvai ir patogiai transportuoti.<\/li>\n<li>Grynasis maisto svoris: <strong>3,64 kg<\/strong><\/li>\n<\/ul>\n<p>\u2705 Turime sand\u0117lyje, greitas pristatymas per 1\u20133 d. d.<br \/>\n\u2705 NEMOKAMAS siuntimas \u012f tavo pa\u0161tomat\u0105<br \/>\n\u2705 Pirk dabar, mok\u0117k v\u0117liau (pal\u016bkanos 0 %)<\/p>\n","protected":false},"featured_media":47969,"comment_status":"open","ping_status":"closed","template":"","meta":{"_acf_changed":false},"product_brand":[],"product_cat":[235,246,245,189,190],"product_tag":[],"class_list":{"0":"post-47946","1":"product","2":"type-product","3":"status-publish","4":"has-post-thumbnail","6":"product_cat-dideli-maisto-atsargu-rinkiniai","7":"product_cat-maisto-atsargu-rinkiniai","8":"product_cat-ypac-dideli-readywise-maisto-atsargu-rinkiniai","9":"product_cat-zygio-iranga","10":"product_cat-zygio-prekes","12":"first","13":"onbackorder","14":"sale","15":"taxable","16":"shipping-taxable","17":"purchasable","18":"product-type-simple"},"bundled_by":[],"bundle_stock_status":"onbackorder","bundle_stock_quantity":-5,"bundle_virtual":false,"bundle_layout":"","bundle_add_to_cart_form_location":"","bundle_editable_in_cart":false,"bundle_sold_individually_context":"","bundle_item_grouping":"","bundle_min_size":"","bundle_max_size":"","bundle_price":[],"bundled_items":[],"bundle_sell_ids":[],"acf":[],"yoast_head":"<!-- This site is optimized with the Yoast SEO plugin v27.1.1 - https:\/\/yoast.com\/product\/yoast-seo-wordpress\/ -->\n<title>READYWISE\u00ae maisto atsarg\u0173 rinkinys \u2013 pagrindiniai patiekalai ir pusry\u010diai \u2013 60 porcij\u0173 su vandeniui atspariu krep\u0161iu<\/title>\n<meta name=\"description\" content=\"\u201eReadyWise\u201c maisto atsarg\u0173 rinkinys \u2013 tai patogus ir prieinamas b\u016bdas pasiruo\u0161ti ekstremalioms situacijoms arba papildyti maisto atsargas namuose ar \u017eygiuose.\" \/>\n<meta name=\"robots\" content=\"index, follow, max-snippet:-1, max-image-preview:large, max-video-preview:-1\" \/>\n<link rel=\"canonical\" href=\"https:\/\/toidupakk.ee\/lt\/toode\/readywise-maisto-atsargu-rinkinys-pagrindiniai-patiekalai-ir-pusryciai-60-porciju-su-vandeniui-atspariu-krepsiu\/\" \/>\n<meta property=\"og:locale\" content=\"lt_LT\" \/>\n<meta property=\"og:type\" content=\"article\" \/>\n<meta property=\"og:title\" content=\"READYWISE\u00ae maisto atsarg\u0173 rinkinys \u2013 pagrindiniai patiekalai ir pusry\u010diai \u2013 60 porcij\u0173 su vandeniui atspariu krep\u0161iu\" \/>\n<meta property=\"og:description\" content=\"\u201eReadyWise\u201c maisto atsarg\u0173 rinkinys \u2013 tai patogus ir prieinamas b\u016bdas pasiruo\u0161ti ekstremalioms situacijoms arba papildyti maisto atsargas namuose ar \u017eygiuose.\" \/>\n<meta property=\"og:url\" content=\"https:\/\/toidupakk.ee\/lt\/toode\/readywise-maisto-atsargu-rinkinys-pagrindiniai-patiekalai-ir-pusryciai-60-porciju-su-vandeniui-atspariu-krepsiu\/\" \/>\n<meta property=\"og:site_name\" content=\"Toidupakk.ee - Tactical Foodpack toidupakid\" \/>\n<meta property=\"article:publisher\" content=\"https:\/\/www.facebook.com\/Toidupakk\" \/>\n<meta property=\"article:modified_time\" content=\"2026-04-03T21:00:48+00:00\" \/>\n<meta property=\"og:image\" content=\"https:\/\/toidupakk.ee\/wp-content\/uploads\/2023\/05\/readywise-toiduvarkomplekt.png\" \/>\n\t<meta property=\"og:image:width\" content=\"1080\" \/>\n\t<meta property=\"og:image:height\" content=\"1080\" \/>\n\t<meta property=\"og:image:type\" content=\"image\/png\" \/>\n<meta name=\"twitter:card\" content=\"summary_large_image\" \/>\n<meta name=\"twitter:label1\" content=\"Est. reading time\" \/>\n\t<meta name=\"twitter:data1\" content=\"2 minut\u0117s\" \/>\n<script type=\"application\/ld+json\" class=\"yoast-schema-graph\">{\"@context\":\"https:\/\/schema.org\",\"@graph\":[{\"@type\":\"WebPage\",\"@id\":\"https:\/\/toidupakk.ee\/lt\/toode\/readywise-maisto-atsargu-rinkinys-pagrindiniai-patiekalai-ir-pusryciai-60-porciju-su-vandeniui-atspariu-krepsiu\/\",\"url\":\"https:\/\/toidupakk.ee\/lt\/toode\/readywise-maisto-atsargu-rinkinys-pagrindiniai-patiekalai-ir-pusryciai-60-porciju-su-vandeniui-atspariu-krepsiu\/\",\"name\":\"READYWISE\u00ae maisto atsarg\u0173 rinkinys \u2013 pagrindiniai patiekalai ir pusry\u010diai \u2013 60 porcij\u0173 su vandeniui atspariu krep\u0161iu\",\"isPartOf\":{\"@id\":\"https:\/\/toidupakk.ee\/lt\/#website\"},\"primaryImageOfPage\":{\"@id\":\"https:\/\/toidupakk.ee\/lt\/toode\/readywise-maisto-atsargu-rinkinys-pagrindiniai-patiekalai-ir-pusryciai-60-porciju-su-vandeniui-atspariu-krepsiu\/#primaryimage\"},\"image\":{\"@id\":\"https:\/\/toidupakk.ee\/lt\/toode\/readywise-maisto-atsargu-rinkinys-pagrindiniai-patiekalai-ir-pusryciai-60-porciju-su-vandeniui-atspariu-krepsiu\/#primaryimage\"},\"thumbnailUrl\":\"https:\/\/toidupakk.ee\/wp-content\/uploads\/2023\/05\/readywise-toiduvarkomplekt.png\",\"datePublished\":\"2023-05-31T14:08:08+00:00\",\"dateModified\":\"2026-04-03T21:00:48+00:00\",\"description\":\"\u201eReadyWise\u201c maisto atsarg\u0173 rinkinys \u2013 tai patogus ir prieinamas b\u016bdas pasiruo\u0161ti ekstremalioms situacijoms arba papildyti maisto atsargas namuose ar \u017eygiuose.\",\"breadcrumb\":{\"@id\":\"https:\/\/toidupakk.ee\/lt\/toode\/readywise-maisto-atsargu-rinkinys-pagrindiniai-patiekalai-ir-pusryciai-60-porciju-su-vandeniui-atspariu-krepsiu\/#breadcrumb\"},\"inLanguage\":\"lt-LT\",\"potentialAction\":[{\"@type\":\"ReadAction\",\"target\":[\"https:\/\/toidupakk.ee\/lt\/toode\/readywise-maisto-atsargu-rinkinys-pagrindiniai-patiekalai-ir-pusryciai-60-porciju-su-vandeniui-atspariu-krepsiu\/\"]}]},{\"@type\":\"ImageObject\",\"inLanguage\":\"lt-LT\",\"@id\":\"https:\/\/toidupakk.ee\/lt\/toode\/readywise-maisto-atsargu-rinkinys-pagrindiniai-patiekalai-ir-pusryciai-60-porciju-su-vandeniui-atspariu-krepsiu\/#primaryimage\",\"url\":\"https:\/\/toidupakk.ee\/wp-content\/uploads\/2023\/05\/readywise-toiduvarkomplekt.png\",\"contentUrl\":\"https:\/\/toidupakk.ee\/wp-content\/uploads\/2023\/05\/readywise-toiduvarkomplekt.png\",\"width\":1080,\"height\":1080,\"caption\":\"readywise maisto atsarg\u0173 rinkinys 1\"},{\"@type\":\"BreadcrumbList\",\"@id\":\"https:\/\/toidupakk.ee\/lt\/toode\/readywise-maisto-atsargu-rinkinys-pagrindiniai-patiekalai-ir-pusryciai-60-porciju-su-vandeniui-atspariu-krepsiu\/#breadcrumb\",\"itemListElement\":[{\"@type\":\"ListItem\",\"position\":1,\"name\":\"Avaleht\",\"item\":\"https:\/\/toidupakk.ee\/lt\/\"},{\"@type\":\"ListItem\",\"position\":2,\"name\":\"El. parduotuv\u0117\",\"item\":\"https:\/\/toidupakk.ee\/lt\/el-parduotuve\/\"},{\"@type\":\"ListItem\",\"position\":3,\"name\":\"READYWISE\u00ae maisto atsarg\u0173 rinkinys \u2013 pagrindiniai patiekalai ir pusry\u010diai \u2013 60 porcij\u0173 su vandeniui atspariu krep\u0161iu\"}]},{\"@type\":\"WebSite\",\"@id\":\"https:\/\/toidupakk.ee\/lt\/#website\",\"url\":\"https:\/\/toidupakk.ee\/lt\/\",\"name\":\"Toidupakk.ee - Tactical Foodpack toidupakid\",\"description\":\"Tactical Foodpack k\u00fclmkuivatatud toidupakid ja matkaeined\",\"publisher\":{\"@id\":\"https:\/\/toidupakk.ee\/lt\/#organization\"},\"potentialAction\":[{\"@type\":\"SearchAction\",\"target\":{\"@type\":\"EntryPoint\",\"urlTemplate\":\"https:\/\/toidupakk.ee\/lt\/?s={search_term_string}\"},\"query-input\":{\"@type\":\"PropertyValueSpecification\",\"valueRequired\":true,\"valueName\":\"search_term_string\"}}],\"inLanguage\":\"lt-LT\"},{\"@type\":\"Organization\",\"@id\":\"https:\/\/toidupakk.ee\/lt\/#organization\",\"name\":\"Tactical Foodpack matkaeined\",\"url\":\"https:\/\/toidupakk.ee\/lt\/\",\"logo\":{\"@type\":\"ImageObject\",\"inLanguage\":\"lt-LT\",\"@id\":\"https:\/\/toidupakk.ee\/lt\/#\/schema\/logo\/image\/\",\"url\":\"https:\/\/toidupakk.ee\/wp-content\/uploads\/2022\/01\/Toidupakk-matkapood-logo-transparent.png\",\"contentUrl\":\"https:\/\/toidupakk.ee\/wp-content\/uploads\/2022\/01\/Toidupakk-matkapood-logo-transparent.png\",\"width\":500,\"height\":500,\"caption\":\"Tactical Foodpack matkaeined\"},\"image\":{\"@id\":\"https:\/\/toidupakk.ee\/lt\/#\/schema\/logo\/image\/\"},\"sameAs\":[\"https:\/\/www.facebook.com\/Toidupakk\",\"https:\/\/www.instagram.com\/toidupakk\/\"]}]}<\/script>\n<!-- \/ Yoast SEO plugin. -->","yoast_head_json":{"title":"READYWISE\u00ae maisto atsarg\u0173 rinkinys \u2013 pagrindiniai patiekalai ir pusry\u010diai \u2013 60 porcij\u0173 su vandeniui atspariu krep\u0161iu","description":"\u201eReadyWise\u201c maisto atsarg\u0173 rinkinys \u2013 tai patogus ir prieinamas b\u016bdas pasiruo\u0161ti ekstremalioms situacijoms arba papildyti maisto atsargas namuose ar \u017eygiuose.","robots":{"index":"index","follow":"follow","max-snippet":"max-snippet:-1","max-image-preview":"max-image-preview:large","max-video-preview":"max-video-preview:-1"},"canonical":"https:\/\/toidupakk.ee\/lt\/toode\/readywise-maisto-atsargu-rinkinys-pagrindiniai-patiekalai-ir-pusryciai-60-porciju-su-vandeniui-atspariu-krepsiu\/","og_locale":"lt_LT","og_type":"article","og_title":"READYWISE\u00ae maisto atsarg\u0173 rinkinys \u2013 pagrindiniai patiekalai ir pusry\u010diai \u2013 60 porcij\u0173 su vandeniui atspariu krep\u0161iu","og_description":"\u201eReadyWise\u201c maisto atsarg\u0173 rinkinys \u2013 tai patogus ir prieinamas b\u016bdas pasiruo\u0161ti ekstremalioms situacijoms arba papildyti maisto atsargas namuose ar \u017eygiuose.","og_url":"https:\/\/toidupakk.ee\/lt\/toode\/readywise-maisto-atsargu-rinkinys-pagrindiniai-patiekalai-ir-pusryciai-60-porciju-su-vandeniui-atspariu-krepsiu\/","og_site_name":"Toidupakk.ee - Tactical Foodpack toidupakid","article_publisher":"https:\/\/www.facebook.com\/Toidupakk","article_modified_time":"2026-04-03T21:00:48+00:00","og_image":[{"width":1080,"height":1080,"url":"https:\/\/toidupakk.ee\/wp-content\/uploads\/2023\/05\/readywise-toiduvarkomplekt.png","type":"image\/png"}],"twitter_card":"summary_large_image","twitter_misc":{"Est. reading time":"2 minut\u0117s"},"schema":{"@context":"https:\/\/schema.org","@graph":[{"@type":"WebPage","@id":"https:\/\/toidupakk.ee\/lt\/toode\/readywise-maisto-atsargu-rinkinys-pagrindiniai-patiekalai-ir-pusryciai-60-porciju-su-vandeniui-atspariu-krepsiu\/","url":"https:\/\/toidupakk.ee\/lt\/toode\/readywise-maisto-atsargu-rinkinys-pagrindiniai-patiekalai-ir-pusryciai-60-porciju-su-vandeniui-atspariu-krepsiu\/","name":"READYWISE\u00ae maisto atsarg\u0173 rinkinys \u2013 pagrindiniai patiekalai ir pusry\u010diai \u2013 60 porcij\u0173 su vandeniui atspariu krep\u0161iu","isPartOf":{"@id":"https:\/\/toidupakk.ee\/lt\/#website"},"primaryImageOfPage":{"@id":"https:\/\/toidupakk.ee\/lt\/toode\/readywise-maisto-atsargu-rinkinys-pagrindiniai-patiekalai-ir-pusryciai-60-porciju-su-vandeniui-atspariu-krepsiu\/#primaryimage"},"image":{"@id":"https:\/\/toidupakk.ee\/lt\/toode\/readywise-maisto-atsargu-rinkinys-pagrindiniai-patiekalai-ir-pusryciai-60-porciju-su-vandeniui-atspariu-krepsiu\/#primaryimage"},"thumbnailUrl":"https:\/\/toidupakk.ee\/wp-content\/uploads\/2023\/05\/readywise-toiduvarkomplekt.png","datePublished":"2023-05-31T14:08:08+00:00","dateModified":"2026-04-03T21:00:48+00:00","description":"\u201eReadyWise\u201c maisto atsarg\u0173 rinkinys \u2013 tai patogus ir prieinamas b\u016bdas pasiruo\u0161ti ekstremalioms situacijoms arba papildyti maisto atsargas namuose ar \u017eygiuose.","breadcrumb":{"@id":"https:\/\/toidupakk.ee\/lt\/toode\/readywise-maisto-atsargu-rinkinys-pagrindiniai-patiekalai-ir-pusryciai-60-porciju-su-vandeniui-atspariu-krepsiu\/#breadcrumb"},"inLanguage":"lt-LT","potentialAction":[{"@type":"ReadAction","target":["https:\/\/toidupakk.ee\/lt\/toode\/readywise-maisto-atsargu-rinkinys-pagrindiniai-patiekalai-ir-pusryciai-60-porciju-su-vandeniui-atspariu-krepsiu\/"]}]},{"@type":"ImageObject","inLanguage":"lt-LT","@id":"https:\/\/toidupakk.ee\/lt\/toode\/readywise-maisto-atsargu-rinkinys-pagrindiniai-patiekalai-ir-pusryciai-60-porciju-su-vandeniui-atspariu-krepsiu\/#primaryimage","url":"https:\/\/toidupakk.ee\/wp-content\/uploads\/2023\/05\/readywise-toiduvarkomplekt.png","contentUrl":"https:\/\/toidupakk.ee\/wp-content\/uploads\/2023\/05\/readywise-toiduvarkomplekt.png","width":1080,"height":1080,"caption":"readywise maisto atsarg\u0173 rinkinys 1"},{"@type":"BreadcrumbList","@id":"https:\/\/toidupakk.ee\/lt\/toode\/readywise-maisto-atsargu-rinkinys-pagrindiniai-patiekalai-ir-pusryciai-60-porciju-su-vandeniui-atspariu-krepsiu\/#breadcrumb","itemListElement":[{"@type":"ListItem","position":1,"name":"Avaleht","item":"https:\/\/toidupakk.ee\/lt\/"},{"@type":"ListItem","position":2,"name":"El. parduotuv\u0117","item":"https:\/\/toidupakk.ee\/lt\/el-parduotuve\/"},{"@type":"ListItem","position":3,"name":"READYWISE\u00ae maisto atsarg\u0173 rinkinys \u2013 pagrindiniai patiekalai ir pusry\u010diai \u2013 60 porcij\u0173 su vandeniui atspariu krep\u0161iu"}]},{"@type":"WebSite","@id":"https:\/\/toidupakk.ee\/lt\/#website","url":"https:\/\/toidupakk.ee\/lt\/","name":"Toidupakk.ee - Tactical Foodpack toidupakid","description":"Tactical Foodpack k\u00fclmkuivatatud toidupakid ja matkaeined","publisher":{"@id":"https:\/\/toidupakk.ee\/lt\/#organization"},"potentialAction":[{"@type":"SearchAction","target":{"@type":"EntryPoint","urlTemplate":"https:\/\/toidupakk.ee\/lt\/?s={search_term_string}"},"query-input":{"@type":"PropertyValueSpecification","valueRequired":true,"valueName":"search_term_string"}}],"inLanguage":"lt-LT"},{"@type":"Organization","@id":"https:\/\/toidupakk.ee\/lt\/#organization","name":"Tactical Foodpack matkaeined","url":"https:\/\/toidupakk.ee\/lt\/","logo":{"@type":"ImageObject","inLanguage":"lt-LT","@id":"https:\/\/toidupakk.ee\/lt\/#\/schema\/logo\/image\/","url":"https:\/\/toidupakk.ee\/wp-content\/uploads\/2022\/01\/Toidupakk-matkapood-logo-transparent.png","contentUrl":"https:\/\/toidupakk.ee\/wp-content\/uploads\/2022\/01\/Toidupakk-matkapood-logo-transparent.png","width":500,"height":500,"caption":"Tactical Foodpack matkaeined"},"image":{"@id":"https:\/\/toidupakk.ee\/lt\/#\/schema\/logo\/image\/"},"sameAs":["https:\/\/www.facebook.com\/Toidupakk","https:\/\/www.instagram.com\/toidupakk\/"]}]}},"jetpack_sharing_enabled":true,"_links":{"self":[{"href":"https:\/\/toidupakk.ee\/lt\/wp-json\/wp\/v2\/product\/47946","targetHints":{"allow":["GET"]}}],"collection":[{"href":"https:\/\/toidupakk.ee\/lt\/wp-json\/wp\/v2\/product"}],"about":[{"href":"https:\/\/toidupakk.ee\/lt\/wp-json\/wp\/v2\/types\/product"}],"replies":[{"embeddable":true,"href":"https:\/\/toidupakk.ee\/lt\/wp-json\/wp\/v2\/comments?post=47946"}],"wp:featuredmedia":[{"embeddable":true,"href":"https:\/\/toidupakk.ee\/lt\/wp-json\/wp\/v2\/media\/47969"}],"wp:attachment":[{"href":"https:\/\/toidupakk.ee\/lt\/wp-json\/wp\/v2\/media?parent=47946"}],"wp:term":[{"taxonomy":"product_brand","embeddable":true,"href":"https:\/\/toidupakk.ee\/lt\/wp-json\/wp\/v2\/product_brand?post=47946"},{"taxonomy":"product_cat","embeddable":true,"href":"https:\/\/toidupakk.ee\/lt\/wp-json\/wp\/v2\/product_cat?post=47946"},{"taxonomy":"product_tag","embeddable":true,"href":"https:\/\/toidupakk.ee\/lt\/wp-json\/wp\/v2\/product_tag?post=47946"}],"curies":[{"name":"wp","href":"https:\/\/api.w.org\/{rel}","templated":true}]}}