{"id":47945,"date":"2023-04-13T12:51:53","date_gmt":"2023-04-13T09:51:53","guid":{"rendered":"https:\/\/toidupakk.ee\/toode\/kuprine-cordura-crossover-gen-2\/"},"modified":"2026-04-29T18:01:57","modified_gmt":"2026-04-29T15:01:57","slug":"kuprine-cordura-crossover-gen-2","status":"publish","type":"product","link":"https:\/\/toidupakk.ee\/lt\/toode\/kuprine-cordura-crossover-gen-2\/","title":{"rendered":"Kuprin\u0117 \u201eCordura Crossover Gen 2\u201c"},"content":{"rendered":"<h1>Kuprin\u0117 \u201eCordura Crossover\u201c \u2013 funkcionalus palydovas kasdieniams nuotykiams<\/h1>\n<p>Kuprin\u0117 \u201eCordura Crossover\u201c turi vien\u0105 didel\u012f skyri\u0173, kuriame lengvai sutalpinsi vis\u0105 reikiam\u0105 \u012frang\u0105. Be to, kuprin\u0117s dugne integruotas u\u017edangalas nuo lietaus, saugantis tavo daiktus. Kuprin\u0117s talpa \u2013 35 l, tad ji pakankamai erdvi visai \u012frangai, bet kartu pakankamai kompakti\u0161ka, kad b\u016bt\u0173 patogu ne\u0161tis.  <\/p>\n<h2>Pakrovimas i\u0161 vir\u0161aus<\/h2>\n<p>Kuprin\u0117 turi erdv\u0173 pagrindin\u012f skyri\u0173, o \u201etop loader\u201c dizainas leid\u017eia j\u0105 lengvai u\u017epildyti ir i\u0161tu\u0161tinti per vir\u0161\u0173. Tokia konstrukcija u\u017etikrina patogi\u0105 prieig\u0105 prie daikt\u0173, o dvigubo tvirtinimo dir\u017eelis saugiai u\u017efiksuoja krep\u0161\u012f. <\/p>\n<h3><img fetchpriority=\"high\" decoding=\"async\" class=\"alignnone size-medium wp-image-7415\" src=\"https:\/\/toidupakk.ee\/wp-content\/uploads\/2023\/04\/Seljakott-Matkale-Cordura-Crossover-2-300x300.png\" alt=\"\" width=\"300\" height=\"300\" srcset=\"https:\/\/toidupakk.ee\/wp-content\/uploads\/2023\/04\/Seljakott-Matkale-Cordura-Crossover-2-300x300.png 300w, https:\/\/toidupakk.ee\/wp-content\/uploads\/2023\/04\/Seljakott-Matkale-Cordura-Crossover-2-400x400.png 400w, https:\/\/toidupakk.ee\/wp-content\/uploads\/2023\/04\/Seljakott-Matkale-Cordura-Crossover-2-100x100.png 100w, https:\/\/toidupakk.ee\/wp-content\/uploads\/2023\/04\/Seljakott-Matkale-Cordura-Crossover-2-800x800.png 800w, https:\/\/toidupakk.ee\/wp-content\/uploads\/2023\/04\/Seljakott-Matkale-Cordura-Crossover-2-1024x1024.png 1024w, https:\/\/toidupakk.ee\/wp-content\/uploads\/2023\/04\/Seljakott-Matkale-Cordura-Crossover-2-500x500.png 500w, https:\/\/toidupakk.ee\/wp-content\/uploads\/2023\/04\/Seljakott-Matkale-Cordura-Crossover-2-768x768.png 768w, https:\/\/toidupakk.ee\/wp-content\/uploads\/2023\/04\/Seljakott-Matkale-Cordura-Crossover-2.png 1080w\" sizes=\"(max-width: 300px) 100vw, 300px\" \/><\/h3>\n<h2>Ne\u0161imo dir\u017eai<\/h2>\n<p>Kuprin\u0117 pasi\u017eymi savyb\u0117mis, kurios u\u017etikrina patog\u0173 ir prakti\u0161k\u0105 naudojim\u0105. Reguliuojami ne\u0161imo dir\u017eai garantuoja optimal\u0173 komfort\u0105, o pamink\u0161tinta nugaros dalis u\u017etikrina geresn\u0119 oro cirkuliacij\u0105. Kuprin\u0117 taip pat turi dvigubus dir\u017eelius saugiam gaubto u\u017edarymui bei greito atsegimo reguliuojam\u0105 juosmens dir\u017e\u0105 su ki\u0161en\u0117mis, kuris padeda tolygiai paskirstyti apkrov\u0105.  <\/p>\n<p><img decoding=\"async\" class=\"alignnone size-full wp-image-7433\" src=\"https:\/\/toidupakk.ee\/wp-content\/uploads\/2023\/04\/10658_2b128646b006f5a204b803e8248f673c4dd8a9bb.png\" alt=\"\" width=\"211\" height=\"50\"><\/p>\n<h2>YKK u\u017etrauktukai ir ITW sagtys<\/h2>\n<p>Kuprin\u0117je naudojami visame pasaulyje d\u0117l savo tvirtumo ir patvarumo \u017einomi YKK u\u017etrauktukai bei ITW sagtys. \u0160ie elementai yra ilgaam\u017eiai ir atlaiko intensyv\u0173 naudojim\u0105, o tai ypa\u010d svarbu \u017eygiuose ar kitomis lauko s\u0105lygomis. U\u017etrauktukai ir sagtys yra lengvai naudojami ir nebijo dideli\u0173 apkrov\u0173. Tai u\u017etikrina, kad tavo kuprin\u0117 tarnaus ilgus metus net ir sud\u0117tingiausiomis s\u0105lygomis.   <\/p>\n<h2>Kuprin\u0117 \u201eCordura Crossover Gen 2\u201c \u2013 kas naujo?<\/h2>\n<p>\u201eCrossover Cordura\u00ae\u201c kuprin\u0117 yra patobulinta ankstesnio modelio versija. Jos ne\u0161imo dir\u017eai yra storesni ir patvaresni, nugaros dalis geriau praleid\u017eia or\u0105, o vidinis pamu\u0161alas pagamintas i\u0161 \u201eripstop\u201c nailono. <\/p>\n<p>\u201eCrossover Cordura\u00ae\u201c \u2013 stilinga, patvari ir prakti\u0161ka kuprin\u0117, puikiai tinkanti tiek kasdieniam naudojimui, tiek \u017eygiams. Ji turi daugyb\u0119 funkcij\u0173, u\u017etikrinan\u010di\u0173 patogum\u0105, ir yra pagaminta i\u0161 kokybi\u0161k\u0173 med\u017eiag\u0173, garantuojan\u010di\u0173 ilgaam\u017ei\u0161kum\u0105. <\/p>\n<p>Kuprin\u0117 turi ergonomi\u0161kus reguliuojamus pe\u010di\u0173 dir\u017eus, kurie u\u017etikrina patog\u0173 ne\u0161iojim\u0105 net ir ilg\u0105 laik\u0105. Nugaros dalis taip pat yra pamink\u0161tinta, kad b\u016bt\u0173 u\u017etikrintas geresnis oro srautas ir komfortas. <\/p>\n<p>&nbsp;<\/p>\n<p>Daugiau \u017eygio preki\u0173 rasi <a href=\"https:\/\/toidupakk.ee\/lt\/tootekategooria\/zygio-iranga\/#section-3-79\">\u010cIA<\/a><\/p>\n<p>Pasisemk \u012fkv\u0117pimo kitiems nuotykiams Toidupakk <a href=\"https:\/\/www.instagram.com\/toidupakk\/\">Instagram<\/a> ir <a href=\"https:\/\/www.facebook.com\/Toidupakk\/\">Facebook<\/a> paskyrose.<\/p>\n","protected":false},"excerpt":{"rendered":"<p>Kuprin\u0117 \u201eCrossover Cordura Gen. 2\u201c yra daugiafunkcis krep\u0161ys, pagamintas i\u0161 \u201eCordura 500DEN\u201c nailono. D\u0117l \u0161ios med\u017eiagos ji yra patvaresn\u0117 u\u017e \u012fprastas \u017eygio kuprines ir tinka \u012fvairiai veiklai lauke: \u017eygiams, \u017evejybai ar kasdieniam jud\u0117jimui gamtoje. Apatiniame skyriuje yra i\u0161traukiamas u\u017edangalas, kuris pad\u0117s i\u0161laikyti tavo \u012frang\u0105 saus\u0105 lyjant lietui. <\/p>\n<ul>\n<li>Talpus pagrindinis skyrius visai reikiamai \u012frangai<\/li>\n<li>Pakraunama i\u0161 vir\u0161aus<\/li>\n<li>Ergonomi\u0161ki pamink\u0161tinti pe\u010di\u0173 dir\u017eai, ma\u017einantys spaudim\u0105 ilg\u0173 \u017eygi\u0173 metu<\/li>\n<li>Pamink\u0161tinta nugaros dalis didesniam komfortui<\/li>\n<li>Nugaros pamink\u0161tinimai sukurti taip, kad oras gal\u0117t\u0173 laisvai cirkuliuoti tarp nugaros ir kuprin\u0117s.<\/li>\n<li>Papildomas kr\u016btin\u0117s dir\u017eelis su greito atsegimo sagtimi<\/li>\n<li>Rankenos ne\u0161imui abiejuose \u0161onuose<\/li>\n<li>Ma\u017eos ki\u0161en\u0117l\u0117s su u\u017etrauktukais ant juosmens dir\u017eo<\/li>\n<li>Integruotas u\u017edangalas nuo lietaus, saugantis \u012frang\u0105<\/li>\n<li>Kuprin\u0117s talpa: 35 l<\/li>\n<li>Med\u017eiaga: pagaminta i\u0161 patvaraus \u201eCordura 500DEN\u201c nailono<\/li>\n<li>U\u017etrauktukai ir sagtys: naudojami YKK u\u017etrauktukai ir ITW sagtys<\/li>\n<li>Lipnios juostos (velcro), kad dir\u017eeliai nekab\u0117t\u0173 laisvai<\/li>\n<li>Kuprin\u0117s matmenys: 59 x 32 x 17 cm<\/li>\n<li>Kuprin\u0117s svoris: 1145 g<\/li>\n<\/ul>\n<p>\u2705 Turime sand\u0117lyje, greitas pristatymas per 1\u20133 d. d.<br \/>\n\u2705 Pirk dabar, mok\u0117k v\u0117liau (pal\u016bkanos 0 %)<\/p>\n","protected":false},"featured_media":7416,"comment_status":"open","ping_status":"closed","template":"","meta":{"_acf_changed":false},"product_brand":[],"product_cat":[193,202,201,200,189,190],"product_tag":[],"class_list":{"0":"post-47945","1":"product","2":"type-product","3":"status-publish","4":"has-post-thumbnail","6":"product_cat-karine-ekipuote","7":"product_cat-krepsiai","8":"product_cat-kuprines","9":"product_cat-praktiskos-dovanu-idejos","10":"product_cat-zygio-iranga","11":"product_cat-zygio-prekes","13":"first","14":"instock","15":"sale","16":"taxable","17":"shipping-taxable","18":"purchasable","19":"product-type-variable","20":"has-default-attributes"},"bundled_by":[],"bundle_stock_status":"instock","bundle_stock_quantity":null,"bundle_virtual":false,"bundle_layout":"","bundle_add_to_cart_form_location":"","bundle_editable_in_cart":false,"bundle_sold_individually_context":"","bundle_item_grouping":"","bundle_min_size":"","bundle_max_size":"","bundle_price":[],"bundled_items":[],"bundle_sell_ids":[],"acf":[],"yoast_head":"<!-- This site is optimized with the Yoast SEO plugin v27.3 - https:\/\/yoast.com\/product\/yoast-seo-wordpress\/ -->\n<title>Kuprin\u0117 \u201eCordura Crossover Gen 2\u201c<\/title>\n<meta name=\"description\" content=\"Kuprin\u0117 \u201eCordura Crossover\u201c \u2013 \u017eygeivi\u0173 pam\u0117gta, i\u0161 vir\u0161aus pakraunama \u017eygio kuprin\u0117, skirta \u017eygiams, \u017evejybai, med\u017eioklei ar tiesiog aktyviam laisvalaikiui gamtoje.\" \/>\n<meta name=\"robots\" content=\"index, follow, max-snippet:-1, max-image-preview:large, max-video-preview:-1\" \/>\n<link rel=\"canonical\" href=\"https:\/\/toidupakk.ee\/lt\/toode\/kuprine-cordura-crossover-gen-2\/\" \/>\n<meta property=\"og:locale\" content=\"lt_LT\" \/>\n<meta property=\"og:type\" content=\"article\" \/>\n<meta property=\"og:title\" content=\"Kuprin\u0117 \u201eCordura Crossover Gen 2\u201c\" \/>\n<meta property=\"og:description\" content=\"Kuprin\u0117 \u201eCordura Crossover\u201c \u2013 \u017eygeivi\u0173 pam\u0117gta, i\u0161 vir\u0161aus pakraunama \u017eygio kuprin\u0117, skirta \u017eygiams, \u017evejybai, med\u017eioklei ar tiesiog aktyviam laisvalaikiui gamtoje.\" \/>\n<meta property=\"og:url\" content=\"https:\/\/toidupakk.ee\/lt\/toode\/kuprine-cordura-crossover-gen-2\/\" \/>\n<meta property=\"og:site_name\" content=\"Toidupakk.ee - Tactical Foodpack toidupakid\" \/>\n<meta property=\"article:publisher\" content=\"https:\/\/www.facebook.com\/Toidupakk\" \/>\n<meta property=\"article:modified_time\" content=\"2026-04-29T15:01:57+00:00\" \/>\n<meta property=\"og:image\" content=\"https:\/\/toidupakk.ee\/wp-content\/uploads\/2023\/04\/Seljakott-Matkale-Cordura-Crossover-3.png\" \/>\n\t<meta property=\"og:image:width\" content=\"1080\" \/>\n\t<meta property=\"og:image:height\" content=\"1080\" \/>\n\t<meta property=\"og:image:type\" content=\"image\/png\" \/>\n<meta name=\"twitter:card\" content=\"summary_large_image\" \/>\n<meta name=\"twitter:label1\" content=\"Est. reading time\" \/>\n\t<meta name=\"twitter:data1\" content=\"2 minut\u0117s\" \/>\n<script type=\"application\/ld+json\" class=\"yoast-schema-graph\">{\"@context\":\"https:\\\/\\\/schema.org\",\"@graph\":[{\"@type\":\"WebPage\",\"@id\":\"https:\\\/\\\/toidupakk.ee\\\/lt\\\/toode\\\/kuprine-cordura-crossover-gen-2\\\/\",\"url\":\"https:\\\/\\\/toidupakk.ee\\\/lt\\\/toode\\\/kuprine-cordura-crossover-gen-2\\\/\",\"name\":\"Kuprin\u0117 \u201eCordura Crossover Gen 2\u201c\",\"isPartOf\":{\"@id\":\"https:\\\/\\\/toidupakk.ee\\\/lt\\\/#website\"},\"primaryImageOfPage\":{\"@id\":\"https:\\\/\\\/toidupakk.ee\\\/lt\\\/toode\\\/kuprine-cordura-crossover-gen-2\\\/#primaryimage\"},\"image\":{\"@id\":\"https:\\\/\\\/toidupakk.ee\\\/lt\\\/toode\\\/kuprine-cordura-crossover-gen-2\\\/#primaryimage\"},\"thumbnailUrl\":\"https:\\\/\\\/toidupakk.ee\\\/wp-content\\\/uploads\\\/2023\\\/04\\\/Seljakott-Matkale-Cordura-Crossover-3.png\",\"datePublished\":\"2023-04-13T09:51:53+00:00\",\"dateModified\":\"2026-04-29T15:01:57+00:00\",\"description\":\"Kuprin\u0117 \u201eCordura Crossover\u201c \u2013 \u017eygeivi\u0173 pam\u0117gta, i\u0161 vir\u0161aus pakraunama \u017eygio kuprin\u0117, skirta \u017eygiams, \u017evejybai, med\u017eioklei ar tiesiog aktyviam laisvalaikiui gamtoje.\",\"breadcrumb\":{\"@id\":\"https:\\\/\\\/toidupakk.ee\\\/lt\\\/toode\\\/kuprine-cordura-crossover-gen-2\\\/#breadcrumb\"},\"inLanguage\":\"lt-LT\",\"potentialAction\":[{\"@type\":\"ReadAction\",\"target\":[\"https:\\\/\\\/toidupakk.ee\\\/lt\\\/toode\\\/kuprine-cordura-crossover-gen-2\\\/\"]}]},{\"@type\":\"ImageObject\",\"inLanguage\":\"lt-LT\",\"@id\":\"https:\\\/\\\/toidupakk.ee\\\/lt\\\/toode\\\/kuprine-cordura-crossover-gen-2\\\/#primaryimage\",\"url\":\"https:\\\/\\\/toidupakk.ee\\\/wp-content\\\/uploads\\\/2023\\\/04\\\/Seljakott-Matkale-Cordura-Crossover-3.png\",\"contentUrl\":\"https:\\\/\\\/toidupakk.ee\\\/wp-content\\\/uploads\\\/2023\\\/04\\\/Seljakott-Matkale-Cordura-Crossover-3.png\",\"width\":1080,\"height\":1080},{\"@type\":\"BreadcrumbList\",\"@id\":\"https:\\\/\\\/toidupakk.ee\\\/lt\\\/toode\\\/kuprine-cordura-crossover-gen-2\\\/#breadcrumb\",\"itemListElement\":[{\"@type\":\"ListItem\",\"position\":1,\"name\":\"Avaleht\",\"item\":\"https:\\\/\\\/toidupakk.ee\\\/lt\\\/\"},{\"@type\":\"ListItem\",\"position\":2,\"name\":\"El. parduotuv\u0117\",\"item\":\"https:\\\/\\\/toidupakk.ee\\\/lt\\\/el-parduotuve\\\/\"},{\"@type\":\"ListItem\",\"position\":3,\"name\":\"Kuprin\u0117 \u201eCordura Crossover Gen 2\u201c\"}]},{\"@type\":\"WebSite\",\"@id\":\"https:\\\/\\\/toidupakk.ee\\\/lt\\\/#website\",\"url\":\"https:\\\/\\\/toidupakk.ee\\\/lt\\\/\",\"name\":\"Toidupakk.ee - Tactical Foodpack toidupakid\",\"description\":\"Tactical Foodpack k\u00fclmkuivatatud toidupakid ja matkaeined\",\"publisher\":{\"@id\":\"https:\\\/\\\/toidupakk.ee\\\/lt\\\/#organization\"},\"potentialAction\":[{\"@type\":\"SearchAction\",\"target\":{\"@type\":\"EntryPoint\",\"urlTemplate\":\"https:\\\/\\\/toidupakk.ee\\\/lt\\\/?s={search_term_string}\"},\"query-input\":{\"@type\":\"PropertyValueSpecification\",\"valueRequired\":true,\"valueName\":\"search_term_string\"}}],\"inLanguage\":\"lt-LT\"},{\"@type\":\"Organization\",\"@id\":\"https:\\\/\\\/toidupakk.ee\\\/lt\\\/#organization\",\"name\":\"Tactical Foodpack matkaeined\",\"url\":\"https:\\\/\\\/toidupakk.ee\\\/lt\\\/\",\"logo\":{\"@type\":\"ImageObject\",\"inLanguage\":\"lt-LT\",\"@id\":\"https:\\\/\\\/toidupakk.ee\\\/lt\\\/#\\\/schema\\\/logo\\\/image\\\/\",\"url\":\"https:\\\/\\\/toidupakk.ee\\\/wp-content\\\/uploads\\\/2022\\\/01\\\/Toidupakk-matkapood-logo-transparent.png\",\"contentUrl\":\"https:\\\/\\\/toidupakk.ee\\\/wp-content\\\/uploads\\\/2022\\\/01\\\/Toidupakk-matkapood-logo-transparent.png\",\"width\":500,\"height\":500,\"caption\":\"Tactical Foodpack matkaeined\"},\"image\":{\"@id\":\"https:\\\/\\\/toidupakk.ee\\\/lt\\\/#\\\/schema\\\/logo\\\/image\\\/\"},\"sameAs\":[\"https:\\\/\\\/www.facebook.com\\\/Toidupakk\",\"https:\\\/\\\/www.instagram.com\\\/toidupakk\\\/\"]}]}<\/script>\n<!-- \/ Yoast SEO plugin. -->","yoast_head_json":{"title":"Kuprin\u0117 \u201eCordura Crossover Gen 2\u201c","description":"Kuprin\u0117 \u201eCordura Crossover\u201c \u2013 \u017eygeivi\u0173 pam\u0117gta, i\u0161 vir\u0161aus pakraunama \u017eygio kuprin\u0117, skirta \u017eygiams, \u017evejybai, med\u017eioklei ar tiesiog aktyviam laisvalaikiui gamtoje.","robots":{"index":"index","follow":"follow","max-snippet":"max-snippet:-1","max-image-preview":"max-image-preview:large","max-video-preview":"max-video-preview:-1"},"canonical":"https:\/\/toidupakk.ee\/lt\/toode\/kuprine-cordura-crossover-gen-2\/","og_locale":"lt_LT","og_type":"article","og_title":"Kuprin\u0117 \u201eCordura Crossover Gen 2\u201c","og_description":"Kuprin\u0117 \u201eCordura Crossover\u201c \u2013 \u017eygeivi\u0173 pam\u0117gta, i\u0161 vir\u0161aus pakraunama \u017eygio kuprin\u0117, skirta \u017eygiams, \u017evejybai, med\u017eioklei ar tiesiog aktyviam laisvalaikiui gamtoje.","og_url":"https:\/\/toidupakk.ee\/lt\/toode\/kuprine-cordura-crossover-gen-2\/","og_site_name":"Toidupakk.ee - Tactical Foodpack toidupakid","article_publisher":"https:\/\/www.facebook.com\/Toidupakk","article_modified_time":"2026-04-29T15:01:57+00:00","og_image":[{"width":1080,"height":1080,"url":"https:\/\/toidupakk.ee\/wp-content\/uploads\/2023\/04\/Seljakott-Matkale-Cordura-Crossover-3.png","type":"image\/png"}],"twitter_card":"summary_large_image","twitter_misc":{"Est. reading time":"2 minut\u0117s"},"schema":{"@context":"https:\/\/schema.org","@graph":[{"@type":"WebPage","@id":"https:\/\/toidupakk.ee\/lt\/toode\/kuprine-cordura-crossover-gen-2\/","url":"https:\/\/toidupakk.ee\/lt\/toode\/kuprine-cordura-crossover-gen-2\/","name":"Kuprin\u0117 \u201eCordura Crossover Gen 2\u201c","isPartOf":{"@id":"https:\/\/toidupakk.ee\/lt\/#website"},"primaryImageOfPage":{"@id":"https:\/\/toidupakk.ee\/lt\/toode\/kuprine-cordura-crossover-gen-2\/#primaryimage"},"image":{"@id":"https:\/\/toidupakk.ee\/lt\/toode\/kuprine-cordura-crossover-gen-2\/#primaryimage"},"thumbnailUrl":"https:\/\/toidupakk.ee\/wp-content\/uploads\/2023\/04\/Seljakott-Matkale-Cordura-Crossover-3.png","datePublished":"2023-04-13T09:51:53+00:00","dateModified":"2026-04-29T15:01:57+00:00","description":"Kuprin\u0117 \u201eCordura Crossover\u201c \u2013 \u017eygeivi\u0173 pam\u0117gta, i\u0161 vir\u0161aus pakraunama \u017eygio kuprin\u0117, skirta \u017eygiams, \u017evejybai, med\u017eioklei ar tiesiog aktyviam laisvalaikiui gamtoje.","breadcrumb":{"@id":"https:\/\/toidupakk.ee\/lt\/toode\/kuprine-cordura-crossover-gen-2\/#breadcrumb"},"inLanguage":"lt-LT","potentialAction":[{"@type":"ReadAction","target":["https:\/\/toidupakk.ee\/lt\/toode\/kuprine-cordura-crossover-gen-2\/"]}]},{"@type":"ImageObject","inLanguage":"lt-LT","@id":"https:\/\/toidupakk.ee\/lt\/toode\/kuprine-cordura-crossover-gen-2\/#primaryimage","url":"https:\/\/toidupakk.ee\/wp-content\/uploads\/2023\/04\/Seljakott-Matkale-Cordura-Crossover-3.png","contentUrl":"https:\/\/toidupakk.ee\/wp-content\/uploads\/2023\/04\/Seljakott-Matkale-Cordura-Crossover-3.png","width":1080,"height":1080},{"@type":"BreadcrumbList","@id":"https:\/\/toidupakk.ee\/lt\/toode\/kuprine-cordura-crossover-gen-2\/#breadcrumb","itemListElement":[{"@type":"ListItem","position":1,"name":"Avaleht","item":"https:\/\/toidupakk.ee\/lt\/"},{"@type":"ListItem","position":2,"name":"El. parduotuv\u0117","item":"https:\/\/toidupakk.ee\/lt\/el-parduotuve\/"},{"@type":"ListItem","position":3,"name":"Kuprin\u0117 \u201eCordura Crossover Gen 2\u201c"}]},{"@type":"WebSite","@id":"https:\/\/toidupakk.ee\/lt\/#website","url":"https:\/\/toidupakk.ee\/lt\/","name":"Toidupakk.ee - Tactical Foodpack toidupakid","description":"Tactical Foodpack k\u00fclmkuivatatud toidupakid ja matkaeined","publisher":{"@id":"https:\/\/toidupakk.ee\/lt\/#organization"},"potentialAction":[{"@type":"SearchAction","target":{"@type":"EntryPoint","urlTemplate":"https:\/\/toidupakk.ee\/lt\/?s={search_term_string}"},"query-input":{"@type":"PropertyValueSpecification","valueRequired":true,"valueName":"search_term_string"}}],"inLanguage":"lt-LT"},{"@type":"Organization","@id":"https:\/\/toidupakk.ee\/lt\/#organization","name":"Tactical Foodpack matkaeined","url":"https:\/\/toidupakk.ee\/lt\/","logo":{"@type":"ImageObject","inLanguage":"lt-LT","@id":"https:\/\/toidupakk.ee\/lt\/#\/schema\/logo\/image\/","url":"https:\/\/toidupakk.ee\/wp-content\/uploads\/2022\/01\/Toidupakk-matkapood-logo-transparent.png","contentUrl":"https:\/\/toidupakk.ee\/wp-content\/uploads\/2022\/01\/Toidupakk-matkapood-logo-transparent.png","width":500,"height":500,"caption":"Tactical Foodpack matkaeined"},"image":{"@id":"https:\/\/toidupakk.ee\/lt\/#\/schema\/logo\/image\/"},"sameAs":["https:\/\/www.facebook.com\/Toidupakk","https:\/\/www.instagram.com\/toidupakk\/"]}]}},"jetpack_sharing_enabled":true,"_links":{"self":[{"href":"https:\/\/toidupakk.ee\/lt\/wp-json\/wp\/v2\/product\/47945","targetHints":{"allow":["GET"]}}],"collection":[{"href":"https:\/\/toidupakk.ee\/lt\/wp-json\/wp\/v2\/product"}],"about":[{"href":"https:\/\/toidupakk.ee\/lt\/wp-json\/wp\/v2\/types\/product"}],"replies":[{"embeddable":true,"href":"https:\/\/toidupakk.ee\/lt\/wp-json\/wp\/v2\/comments?post=47945"}],"wp:featuredmedia":[{"embeddable":true,"href":"https:\/\/toidupakk.ee\/lt\/wp-json\/wp\/v2\/media\/7416"}],"wp:attachment":[{"href":"https:\/\/toidupakk.ee\/lt\/wp-json\/wp\/v2\/media?parent=47945"}],"wp:term":[{"taxonomy":"product_brand","embeddable":true,"href":"https:\/\/toidupakk.ee\/lt\/wp-json\/wp\/v2\/product_brand?post=47945"},{"taxonomy":"product_cat","embeddable":true,"href":"https:\/\/toidupakk.ee\/lt\/wp-json\/wp\/v2\/product_cat?post=47945"},{"taxonomy":"product_tag","embeddable":true,"href":"https:\/\/toidupakk.ee\/lt\/wp-json\/wp\/v2\/product_tag?post=47945"}],"curies":[{"name":"wp","href":"https:\/\/api.w.org\/{rel}","templated":true}]}}