{"id":47937,"date":"2023-05-17T12:06:20","date_gmt":"2023-05-17T09:06:20","guid":{"rendered":"https:\/\/toidupakk.ee\/toode\/karabineriu-rinkinys-2-vnt\/"},"modified":"2026-04-15T11:30:49","modified_gmt":"2026-04-15T08:30:49","slug":"karabineriu-rinkinys-2-vnt","status":"publish","type":"product","link":"https:\/\/toidupakk.ee\/lt\/toode\/karabineriu-rinkinys-2-vnt\/","title":{"rendered":"Karabineri\u0173 rinkinys (2 vnt.)"},"content":{"rendered":"","protected":false},"excerpt":{"rendered":"<p>Karabineri\u0173 rinkin\u012f sudaro 2 karabineriai, kuri\u0173 skersmuo 6 mm. Karabineriai yra naudingi pagalbininkai \u017eygiuose. Pritvirtink \u017eibintuv\u0117l\u012f, puodel\u012f ar kit\u0105 reikiam\u0105 pried\u0105, pavyzd\u017eiui, prie savo kuprin\u0117s ar dir\u017eo.  <\/p>\n<ul>\n<li>Rinkinyje yra: 2 vnt.<\/li>\n<li>Svoris: 10 gr<\/li>\n<li>Prek\u0117s \u017eenklas: BCB<\/li>\n<\/ul>\n<p>D\u0116MESIO! \u0160ie karabineriai n\u0117ra skirti laipiojimui ar dideliems svoriams laikyti. <\/p>\n<p>\u2705 D\u0116MESIO! Laikinai produkto pristatymo terminas apie 1 savait\u0119<br \/>\n\u2705 NEMOKAMAS gr\u0105\u017einimas ir keitimas <\/p>\n","protected":false},"featured_media":8956,"comment_status":"open","ping_status":"closed","template":"","meta":{"_acf_changed":false},"product_brand":[],"product_cat":[193,189,190],"product_tag":[194],"class_list":{"0":"post-47937","1":"product","2":"type-product","3":"status-publish","4":"has-post-thumbnail","6":"product_cat-karine-ekipuote","7":"product_cat-zygio-iranga","8":"product_cat-zygio-prekes","9":"product_tag-no_ads","11":"first","12":"instock","13":"sale","14":"taxable","15":"shipping-taxable","16":"purchasable","17":"product-type-simple"},"bundled_by":[],"bundle_stock_status":"instock","bundle_stock_quantity":6,"bundle_virtual":false,"bundle_layout":"","bundle_add_to_cart_form_location":"","bundle_editable_in_cart":false,"bundle_sold_individually_context":"","bundle_item_grouping":"","bundle_min_size":"","bundle_max_size":"","bundle_price":[],"bundled_items":[],"bundle_sell_ids":[],"acf":[],"yoast_head":"<!-- This site is optimized with the Yoast SEO plugin v27.3 - https:\/\/yoast.com\/product\/yoast-seo-wordpress\/ -->\n<title>Karabineri\u0173 rinkinys (2 vnt.)<\/title>\n<meta name=\"description\" content=\"Karabineri\u0173 rinkin\u012f sudaro 2 karabineriai, kuri\u0173 skersmuo 6 mm. Karabineriai yra naudingi pagalbininkai \u017eygiuose. Pritvirtink \u017eibintuv\u0117l\u012f, puodel\u012f ar kit\u0105 reikiam\u0105 daikt\u0105.\" \/>\n<meta name=\"robots\" content=\"index, follow, max-snippet:-1, max-image-preview:large, max-video-preview:-1\" \/>\n<link rel=\"canonical\" href=\"https:\/\/toidupakk.ee\/lt\/toode\/karabineriu-rinkinys-2-vnt\/\" \/>\n<meta property=\"og:locale\" content=\"lt_LT\" \/>\n<meta property=\"og:type\" content=\"article\" \/>\n<meta property=\"og:title\" content=\"Karabineri\u0173 rinkinys (2 vnt.)\" \/>\n<meta property=\"og:description\" content=\"Karabineri\u0173 rinkin\u012f sudaro 2 karabineriai, kuri\u0173 skersmuo 6 mm. Karabineriai yra naudingi pagalbininkai \u017eygiuose. Pritvirtink \u017eibintuv\u0117l\u012f, puodel\u012f ar kit\u0105 reikiam\u0105 daikt\u0105.\" \/>\n<meta property=\"og:url\" content=\"https:\/\/toidupakk.ee\/lt\/toode\/karabineriu-rinkinys-2-vnt\/\" \/>\n<meta property=\"og:site_name\" content=\"Toidupakk.ee - Tactical Foodpack toidupakid\" \/>\n<meta property=\"article:publisher\" content=\"https:\/\/www.facebook.com\/Toidupakk\" \/>\n<meta property=\"article:modified_time\" content=\"2026-04-15T08:30:49+00:00\" \/>\n<meta property=\"og:image\" content=\"https:\/\/toidupakk.ee\/wp-content\/uploads\/2023\/05\/Karabiinide-komplekt-1.png\" \/>\n\t<meta property=\"og:image:width\" content=\"1080\" \/>\n\t<meta property=\"og:image:height\" content=\"1080\" \/>\n\t<meta property=\"og:image:type\" content=\"image\/png\" \/>\n<meta name=\"twitter:card\" content=\"summary_large_image\" \/>\n<script type=\"application\/ld+json\" class=\"yoast-schema-graph\">{\"@context\":\"https:\\\/\\\/schema.org\",\"@graph\":[{\"@type\":\"WebPage\",\"@id\":\"https:\\\/\\\/toidupakk.ee\\\/lt\\\/toode\\\/karabineriu-rinkinys-2-vnt\\\/\",\"url\":\"https:\\\/\\\/toidupakk.ee\\\/lt\\\/toode\\\/karabineriu-rinkinys-2-vnt\\\/\",\"name\":\"Karabineri\u0173 rinkinys (2 vnt.)\",\"isPartOf\":{\"@id\":\"https:\\\/\\\/toidupakk.ee\\\/lt\\\/#website\"},\"primaryImageOfPage\":{\"@id\":\"https:\\\/\\\/toidupakk.ee\\\/lt\\\/toode\\\/karabineriu-rinkinys-2-vnt\\\/#primaryimage\"},\"image\":{\"@id\":\"https:\\\/\\\/toidupakk.ee\\\/lt\\\/toode\\\/karabineriu-rinkinys-2-vnt\\\/#primaryimage\"},\"thumbnailUrl\":\"https:\\\/\\\/toidupakk.ee\\\/wp-content\\\/uploads\\\/2023\\\/05\\\/Karabiinide-komplekt-1.png\",\"datePublished\":\"2023-05-17T09:06:20+00:00\",\"dateModified\":\"2026-04-15T08:30:49+00:00\",\"description\":\"Karabineri\u0173 rinkin\u012f sudaro 2 karabineriai, kuri\u0173 skersmuo 6 mm. Karabineriai yra naudingi pagalbininkai \u017eygiuose. Pritvirtink \u017eibintuv\u0117l\u012f, puodel\u012f ar kit\u0105 reikiam\u0105 daikt\u0105.\",\"breadcrumb\":{\"@id\":\"https:\\\/\\\/toidupakk.ee\\\/lt\\\/toode\\\/karabineriu-rinkinys-2-vnt\\\/#breadcrumb\"},\"inLanguage\":\"lt-LT\",\"potentialAction\":[{\"@type\":\"ReadAction\",\"target\":[\"https:\\\/\\\/toidupakk.ee\\\/lt\\\/toode\\\/karabineriu-rinkinys-2-vnt\\\/\"]}]},{\"@type\":\"ImageObject\",\"inLanguage\":\"lt-LT\",\"@id\":\"https:\\\/\\\/toidupakk.ee\\\/lt\\\/toode\\\/karabineriu-rinkinys-2-vnt\\\/#primaryimage\",\"url\":\"https:\\\/\\\/toidupakk.ee\\\/wp-content\\\/uploads\\\/2023\\\/05\\\/Karabiinide-komplekt-1.png\",\"contentUrl\":\"https:\\\/\\\/toidupakk.ee\\\/wp-content\\\/uploads\\\/2023\\\/05\\\/Karabiinide-komplekt-1.png\",\"width\":1080,\"height\":1080,\"caption\":\"Karabiinid 2 tk\"},{\"@type\":\"BreadcrumbList\",\"@id\":\"https:\\\/\\\/toidupakk.ee\\\/lt\\\/toode\\\/karabineriu-rinkinys-2-vnt\\\/#breadcrumb\",\"itemListElement\":[{\"@type\":\"ListItem\",\"position\":1,\"name\":\"Avaleht\",\"item\":\"https:\\\/\\\/toidupakk.ee\\\/lt\\\/\"},{\"@type\":\"ListItem\",\"position\":2,\"name\":\"El. parduotuv\u0117\",\"item\":\"https:\\\/\\\/toidupakk.ee\\\/lt\\\/el-parduotuve\\\/\"},{\"@type\":\"ListItem\",\"position\":3,\"name\":\"Karabineri\u0173 rinkinys (2 vnt.)\"}]},{\"@type\":\"WebSite\",\"@id\":\"https:\\\/\\\/toidupakk.ee\\\/lt\\\/#website\",\"url\":\"https:\\\/\\\/toidupakk.ee\\\/lt\\\/\",\"name\":\"Toidupakk.ee - Tactical Foodpack toidupakid\",\"description\":\"Tactical Foodpack k\u00fclmkuivatatud toidupakid ja matkaeined\",\"publisher\":{\"@id\":\"https:\\\/\\\/toidupakk.ee\\\/lt\\\/#organization\"},\"potentialAction\":[{\"@type\":\"SearchAction\",\"target\":{\"@type\":\"EntryPoint\",\"urlTemplate\":\"https:\\\/\\\/toidupakk.ee\\\/lt\\\/?s={search_term_string}\"},\"query-input\":{\"@type\":\"PropertyValueSpecification\",\"valueRequired\":true,\"valueName\":\"search_term_string\"}}],\"inLanguage\":\"lt-LT\"},{\"@type\":\"Organization\",\"@id\":\"https:\\\/\\\/toidupakk.ee\\\/lt\\\/#organization\",\"name\":\"Tactical Foodpack matkaeined\",\"url\":\"https:\\\/\\\/toidupakk.ee\\\/lt\\\/\",\"logo\":{\"@type\":\"ImageObject\",\"inLanguage\":\"lt-LT\",\"@id\":\"https:\\\/\\\/toidupakk.ee\\\/lt\\\/#\\\/schema\\\/logo\\\/image\\\/\",\"url\":\"https:\\\/\\\/toidupakk.ee\\\/wp-content\\\/uploads\\\/2022\\\/01\\\/Toidupakk-matkapood-logo-transparent.png\",\"contentUrl\":\"https:\\\/\\\/toidupakk.ee\\\/wp-content\\\/uploads\\\/2022\\\/01\\\/Toidupakk-matkapood-logo-transparent.png\",\"width\":500,\"height\":500,\"caption\":\"Tactical Foodpack matkaeined\"},\"image\":{\"@id\":\"https:\\\/\\\/toidupakk.ee\\\/lt\\\/#\\\/schema\\\/logo\\\/image\\\/\"},\"sameAs\":[\"https:\\\/\\\/www.facebook.com\\\/Toidupakk\",\"https:\\\/\\\/www.instagram.com\\\/toidupakk\\\/\"]}]}<\/script>\n<!-- \/ Yoast SEO plugin. -->","yoast_head_json":{"title":"Karabineri\u0173 rinkinys (2 vnt.)","description":"Karabineri\u0173 rinkin\u012f sudaro 2 karabineriai, kuri\u0173 skersmuo 6 mm. Karabineriai yra naudingi pagalbininkai \u017eygiuose. Pritvirtink \u017eibintuv\u0117l\u012f, puodel\u012f ar kit\u0105 reikiam\u0105 daikt\u0105.","robots":{"index":"index","follow":"follow","max-snippet":"max-snippet:-1","max-image-preview":"max-image-preview:large","max-video-preview":"max-video-preview:-1"},"canonical":"https:\/\/toidupakk.ee\/lt\/toode\/karabineriu-rinkinys-2-vnt\/","og_locale":"lt_LT","og_type":"article","og_title":"Karabineri\u0173 rinkinys (2 vnt.)","og_description":"Karabineri\u0173 rinkin\u012f sudaro 2 karabineriai, kuri\u0173 skersmuo 6 mm. Karabineriai yra naudingi pagalbininkai \u017eygiuose. Pritvirtink \u017eibintuv\u0117l\u012f, puodel\u012f ar kit\u0105 reikiam\u0105 daikt\u0105.","og_url":"https:\/\/toidupakk.ee\/lt\/toode\/karabineriu-rinkinys-2-vnt\/","og_site_name":"Toidupakk.ee - Tactical Foodpack toidupakid","article_publisher":"https:\/\/www.facebook.com\/Toidupakk","article_modified_time":"2026-04-15T08:30:49+00:00","og_image":[{"width":1080,"height":1080,"url":"https:\/\/toidupakk.ee\/wp-content\/uploads\/2023\/05\/Karabiinide-komplekt-1.png","type":"image\/png"}],"twitter_card":"summary_large_image","schema":{"@context":"https:\/\/schema.org","@graph":[{"@type":"WebPage","@id":"https:\/\/toidupakk.ee\/lt\/toode\/karabineriu-rinkinys-2-vnt\/","url":"https:\/\/toidupakk.ee\/lt\/toode\/karabineriu-rinkinys-2-vnt\/","name":"Karabineri\u0173 rinkinys (2 vnt.)","isPartOf":{"@id":"https:\/\/toidupakk.ee\/lt\/#website"},"primaryImageOfPage":{"@id":"https:\/\/toidupakk.ee\/lt\/toode\/karabineriu-rinkinys-2-vnt\/#primaryimage"},"image":{"@id":"https:\/\/toidupakk.ee\/lt\/toode\/karabineriu-rinkinys-2-vnt\/#primaryimage"},"thumbnailUrl":"https:\/\/toidupakk.ee\/wp-content\/uploads\/2023\/05\/Karabiinide-komplekt-1.png","datePublished":"2023-05-17T09:06:20+00:00","dateModified":"2026-04-15T08:30:49+00:00","description":"Karabineri\u0173 rinkin\u012f sudaro 2 karabineriai, kuri\u0173 skersmuo 6 mm. Karabineriai yra naudingi pagalbininkai \u017eygiuose. Pritvirtink \u017eibintuv\u0117l\u012f, puodel\u012f ar kit\u0105 reikiam\u0105 daikt\u0105.","breadcrumb":{"@id":"https:\/\/toidupakk.ee\/lt\/toode\/karabineriu-rinkinys-2-vnt\/#breadcrumb"},"inLanguage":"lt-LT","potentialAction":[{"@type":"ReadAction","target":["https:\/\/toidupakk.ee\/lt\/toode\/karabineriu-rinkinys-2-vnt\/"]}]},{"@type":"ImageObject","inLanguage":"lt-LT","@id":"https:\/\/toidupakk.ee\/lt\/toode\/karabineriu-rinkinys-2-vnt\/#primaryimage","url":"https:\/\/toidupakk.ee\/wp-content\/uploads\/2023\/05\/Karabiinide-komplekt-1.png","contentUrl":"https:\/\/toidupakk.ee\/wp-content\/uploads\/2023\/05\/Karabiinide-komplekt-1.png","width":1080,"height":1080,"caption":"Karabiinid 2 tk"},{"@type":"BreadcrumbList","@id":"https:\/\/toidupakk.ee\/lt\/toode\/karabineriu-rinkinys-2-vnt\/#breadcrumb","itemListElement":[{"@type":"ListItem","position":1,"name":"Avaleht","item":"https:\/\/toidupakk.ee\/lt\/"},{"@type":"ListItem","position":2,"name":"El. parduotuv\u0117","item":"https:\/\/toidupakk.ee\/lt\/el-parduotuve\/"},{"@type":"ListItem","position":3,"name":"Karabineri\u0173 rinkinys (2 vnt.)"}]},{"@type":"WebSite","@id":"https:\/\/toidupakk.ee\/lt\/#website","url":"https:\/\/toidupakk.ee\/lt\/","name":"Toidupakk.ee - Tactical Foodpack toidupakid","description":"Tactical Foodpack k\u00fclmkuivatatud toidupakid ja matkaeined","publisher":{"@id":"https:\/\/toidupakk.ee\/lt\/#organization"},"potentialAction":[{"@type":"SearchAction","target":{"@type":"EntryPoint","urlTemplate":"https:\/\/toidupakk.ee\/lt\/?s={search_term_string}"},"query-input":{"@type":"PropertyValueSpecification","valueRequired":true,"valueName":"search_term_string"}}],"inLanguage":"lt-LT"},{"@type":"Organization","@id":"https:\/\/toidupakk.ee\/lt\/#organization","name":"Tactical Foodpack matkaeined","url":"https:\/\/toidupakk.ee\/lt\/","logo":{"@type":"ImageObject","inLanguage":"lt-LT","@id":"https:\/\/toidupakk.ee\/lt\/#\/schema\/logo\/image\/","url":"https:\/\/toidupakk.ee\/wp-content\/uploads\/2022\/01\/Toidupakk-matkapood-logo-transparent.png","contentUrl":"https:\/\/toidupakk.ee\/wp-content\/uploads\/2022\/01\/Toidupakk-matkapood-logo-transparent.png","width":500,"height":500,"caption":"Tactical Foodpack matkaeined"},"image":{"@id":"https:\/\/toidupakk.ee\/lt\/#\/schema\/logo\/image\/"},"sameAs":["https:\/\/www.facebook.com\/Toidupakk","https:\/\/www.instagram.com\/toidupakk\/"]}]}},"jetpack_sharing_enabled":true,"_links":{"self":[{"href":"https:\/\/toidupakk.ee\/lt\/wp-json\/wp\/v2\/product\/47937","targetHints":{"allow":["GET"]}}],"collection":[{"href":"https:\/\/toidupakk.ee\/lt\/wp-json\/wp\/v2\/product"}],"about":[{"href":"https:\/\/toidupakk.ee\/lt\/wp-json\/wp\/v2\/types\/product"}],"replies":[{"embeddable":true,"href":"https:\/\/toidupakk.ee\/lt\/wp-json\/wp\/v2\/comments?post=47937"}],"wp:featuredmedia":[{"embeddable":true,"href":"https:\/\/toidupakk.ee\/lt\/wp-json\/wp\/v2\/media\/8956"}],"wp:attachment":[{"href":"https:\/\/toidupakk.ee\/lt\/wp-json\/wp\/v2\/media?parent=47937"}],"wp:term":[{"taxonomy":"product_brand","embeddable":true,"href":"https:\/\/toidupakk.ee\/lt\/wp-json\/wp\/v2\/product_brand?post=47937"},{"taxonomy":"product_cat","embeddable":true,"href":"https:\/\/toidupakk.ee\/lt\/wp-json\/wp\/v2\/product_cat?post=47937"},{"taxonomy":"product_tag","embeddable":true,"href":"https:\/\/toidupakk.ee\/lt\/wp-json\/wp\/v2\/product_tag?post=47937"}],"curies":[{"name":"wp","href":"https:\/\/api.w.org\/{rel}","templated":true}]}}