{"id":47923,"date":"2023-05-17T11:36:00","date_gmt":"2023-05-17T08:36:00","guid":{"rendered":"https:\/\/toidupakk.ee\/toode\/elastiniu-gumu-komplektas-fosco\/"},"modified":"2026-04-29T19:31:49","modified_gmt":"2026-04-29T16:31:49","slug":"elastiniu-gumu-komplektas-fosco","status":"publish","type":"product","link":"https:\/\/toidupakk.ee\/lt\/toode\/elastiniu-gumu-komplektas-fosco\/","title":{"rendered":"Elastini\u0173 gum\u0173 komplektas FOSCO"},"content":{"rendered":"<p>\u201eFosco Industries\u201c \u2013 \u017eygeiviams gerai \u017einomas prek\u0117s \u017eenklas. \u201eFosco Industries\u201c kuria karin\u0119 ir lauko \u012frang\u0105, b\u016btin\u0105 nuotyki\u0173 kupinam gyvenimo b\u016bdui. Tai kokybi\u0161ka \u012franga, atitinkanti \u0161iuolaikini\u0173 nuotyki\u0173 ie\u0161kotoj\u0173 ir lauko entuziast\u0173 poreikius. Nesvarbu, ar tai vietiniai \u017eygiai, veikla lauke ar ilgesn\u0117s kelion\u0117s.   <\/p>\n","protected":false},"excerpt":{"rendered":"<p>Elastini\u0173 gum\u0173 komplektas \u2013 naudingas pagalbininkas tavo \u017eygio kuprin\u0117je. Naudok papildomam palapin\u0117s tvirtinimui, pon\u010dui tarp med\u017ei\u0173 \u012ftempti kaip apsaug\u0105 nuo lietaus arba, pavyzd\u017eiui, skalbiniams d\u017eiovinti gamtoje. Elastiniai guminiai dir\u017eeliai puikiai tinka daiktams sutvirtinti arba, pavyzd\u017eiui, krep\u0161iui prie dvira\u010dio baga\u017ein\u0117s pritvirtinti.  <\/p>\n<ul>\n<li>Komplekte \u2013 2 guminiai dir\u017eeliai su metaliniais kabliukais<\/li>\n<li>Gumini\u0173 dir\u017eeli\u0173 ilgis: 2 x 76 cm<\/li>\n<li>Komplekto svoris: 135 g<\/li>\n<\/ul>\n<p>\u2705 Turime sand\u0117lyje, greitas pristatymas per 1\u20133 darbo dienas<\/p>\n","protected":false},"featured_media":47930,"comment_status":"open","ping_status":"closed","template":"","meta":{"_acf_changed":false},"product_brand":[],"product_cat":[282,189,190],"product_tag":[194],"class_list":{"0":"post-47923","1":"product","2":"type-product","3":"status-publish","4":"has-post-thumbnail","6":"product_cat-virves","7":"product_cat-zygio-iranga","8":"product_cat-zygio-prekes","9":"product_tag-no_ads","11":"first","12":"outofstock","13":"taxable","14":"shipping-taxable","15":"purchasable","16":"product-type-variable","17":"has-default-attributes"},"bundled_by":[],"bundle_stock_status":"outofstock","bundle_stock_quantity":null,"bundle_virtual":false,"bundle_layout":"","bundle_add_to_cart_form_location":"","bundle_editable_in_cart":false,"bundle_sold_individually_context":"","bundle_item_grouping":"","bundle_min_size":"","bundle_max_size":"","bundle_price":[],"bundled_items":[],"bundle_sell_ids":[],"acf":[],"yoast_head":"<!-- This site is optimized with the Yoast SEO plugin v27.3 - https:\/\/yoast.com\/product\/yoast-seo-wordpress\/ -->\n<title>Elastini\u0173 gum\u0173 komplektas FOSCO - Toidupakk.ee - Tactical Foodpack toidupakid<\/title>\n<meta name=\"description\" content=\"Elastini\u0173 gum\u0173 komplektas \u2013 naudingas pagalbininkas tavo \u017eygio kuprin\u0117je. Naudok papildomam palapin\u0117s tvirtinimui, pon\u010dui tarp med\u017ei\u0173 \u012ftempti kaip apsaug\u0105 nuo lietaus arba...\" \/>\n<meta name=\"robots\" content=\"index, follow, max-snippet:-1, max-image-preview:large, max-video-preview:-1\" \/>\n<link rel=\"canonical\" href=\"https:\/\/toidupakk.ee\/lt\/toode\/elastiniu-gumu-komplektas-fosco\/\" \/>\n<meta property=\"og:locale\" content=\"lt_LT\" \/>\n<meta property=\"og:type\" content=\"article\" \/>\n<meta property=\"og:title\" content=\"Elastini\u0173 gum\u0173 komplektas FOSCO - Toidupakk.ee - Tactical Foodpack toidupakid\" \/>\n<meta property=\"og:description\" content=\"Elastini\u0173 gum\u0173 komplektas \u2013 naudingas pagalbininkas tavo \u017eygio kuprin\u0117je. Naudok papildomam palapin\u0117s tvirtinimui, pon\u010dui tarp med\u017ei\u0173 \u012ftempti kaip apsaug\u0105 nuo lietaus arba...\" \/>\n<meta property=\"og:url\" content=\"https:\/\/toidupakk.ee\/lt\/toode\/elastiniu-gumu-komplektas-fosco\/\" \/>\n<meta property=\"og:site_name\" content=\"Toidupakk.ee - Tactical Foodpack toidupakid\" \/>\n<meta property=\"article:publisher\" content=\"https:\/\/www.facebook.com\/Toidupakk\" \/>\n<meta property=\"article:modified_time\" content=\"2026-04-29T16:31:49+00:00\" \/>\n<meta property=\"og:image\" content=\"https:\/\/toidupakk.ee\/wp-content\/uploads\/2023\/05\/Pingekummide-komplekt-1.png\" \/>\n\t<meta property=\"og:image:width\" content=\"1080\" \/>\n\t<meta property=\"og:image:height\" content=\"1080\" \/>\n\t<meta property=\"og:image:type\" content=\"image\/png\" \/>\n<meta name=\"twitter:card\" content=\"summary_large_image\" \/>\n<script type=\"application\/ld+json\" class=\"yoast-schema-graph\">{\"@context\":\"https:\\\/\\\/schema.org\",\"@graph\":[{\"@type\":\"WebPage\",\"@id\":\"https:\\\/\\\/toidupakk.ee\\\/lt\\\/toode\\\/elastiniu-gumu-komplektas-fosco\\\/\",\"url\":\"https:\\\/\\\/toidupakk.ee\\\/lt\\\/toode\\\/elastiniu-gumu-komplektas-fosco\\\/\",\"name\":\"Elastini\u0173 gum\u0173 komplektas FOSCO - Toidupakk.ee - Tactical Foodpack toidupakid\",\"isPartOf\":{\"@id\":\"https:\\\/\\\/toidupakk.ee\\\/lt\\\/#website\"},\"primaryImageOfPage\":{\"@id\":\"https:\\\/\\\/toidupakk.ee\\\/lt\\\/toode\\\/elastiniu-gumu-komplektas-fosco\\\/#primaryimage\"},\"image\":{\"@id\":\"https:\\\/\\\/toidupakk.ee\\\/lt\\\/toode\\\/elastiniu-gumu-komplektas-fosco\\\/#primaryimage\"},\"thumbnailUrl\":\"https:\\\/\\\/toidupakk.ee\\\/wp-content\\\/uploads\\\/2023\\\/05\\\/Pingekummide-komplekt-1.png\",\"datePublished\":\"2023-05-17T08:36:00+00:00\",\"dateModified\":\"2026-04-29T16:31:49+00:00\",\"description\":\"Elastini\u0173 gum\u0173 komplektas \u2013 naudingas pagalbininkas tavo \u017eygio kuprin\u0117je. Naudok papildomam palapin\u0117s tvirtinimui, pon\u010dui tarp med\u017ei\u0173 \u012ftempti kaip apsaug\u0105 nuo lietaus arba...\",\"breadcrumb\":{\"@id\":\"https:\\\/\\\/toidupakk.ee\\\/lt\\\/toode\\\/elastiniu-gumu-komplektas-fosco\\\/#breadcrumb\"},\"inLanguage\":\"lt-LT\",\"potentialAction\":[{\"@type\":\"ReadAction\",\"target\":[\"https:\\\/\\\/toidupakk.ee\\\/lt\\\/toode\\\/elastiniu-gumu-komplektas-fosco\\\/\"]}]},{\"@type\":\"ImageObject\",\"inLanguage\":\"lt-LT\",\"@id\":\"https:\\\/\\\/toidupakk.ee\\\/lt\\\/toode\\\/elastiniu-gumu-komplektas-fosco\\\/#primaryimage\",\"url\":\"https:\\\/\\\/toidupakk.ee\\\/wp-content\\\/uploads\\\/2023\\\/05\\\/Pingekummide-komplekt-1.png\",\"contentUrl\":\"https:\\\/\\\/toidupakk.ee\\\/wp-content\\\/uploads\\\/2023\\\/05\\\/Pingekummide-komplekt-1.png\",\"width\":1080,\"height\":1080,\"caption\":\"Juodos spalvos elastin\u0117s gumos\"},{\"@type\":\"BreadcrumbList\",\"@id\":\"https:\\\/\\\/toidupakk.ee\\\/lt\\\/toode\\\/elastiniu-gumu-komplektas-fosco\\\/#breadcrumb\",\"itemListElement\":[{\"@type\":\"ListItem\",\"position\":1,\"name\":\"Avaleht\",\"item\":\"https:\\\/\\\/toidupakk.ee\\\/lt\\\/\"},{\"@type\":\"ListItem\",\"position\":2,\"name\":\"El. parduotuv\u0117\",\"item\":\"https:\\\/\\\/toidupakk.ee\\\/lt\\\/el-parduotuve\\\/\"},{\"@type\":\"ListItem\",\"position\":3,\"name\":\"Elastini\u0173 gum\u0173 komplektas FOSCO\"}]},{\"@type\":\"WebSite\",\"@id\":\"https:\\\/\\\/toidupakk.ee\\\/lt\\\/#website\",\"url\":\"https:\\\/\\\/toidupakk.ee\\\/lt\\\/\",\"name\":\"Toidupakk.ee - Tactical Foodpack toidupakid\",\"description\":\"Tactical Foodpack k\u00fclmkuivatatud toidupakid ja matkaeined\",\"publisher\":{\"@id\":\"https:\\\/\\\/toidupakk.ee\\\/lt\\\/#organization\"},\"potentialAction\":[{\"@type\":\"SearchAction\",\"target\":{\"@type\":\"EntryPoint\",\"urlTemplate\":\"https:\\\/\\\/toidupakk.ee\\\/lt\\\/?s={search_term_string}\"},\"query-input\":{\"@type\":\"PropertyValueSpecification\",\"valueRequired\":true,\"valueName\":\"search_term_string\"}}],\"inLanguage\":\"lt-LT\"},{\"@type\":\"Organization\",\"@id\":\"https:\\\/\\\/toidupakk.ee\\\/lt\\\/#organization\",\"name\":\"Tactical Foodpack matkaeined\",\"url\":\"https:\\\/\\\/toidupakk.ee\\\/lt\\\/\",\"logo\":{\"@type\":\"ImageObject\",\"inLanguage\":\"lt-LT\",\"@id\":\"https:\\\/\\\/toidupakk.ee\\\/lt\\\/#\\\/schema\\\/logo\\\/image\\\/\",\"url\":\"https:\\\/\\\/toidupakk.ee\\\/wp-content\\\/uploads\\\/2022\\\/01\\\/Toidupakk-matkapood-logo-transparent.png\",\"contentUrl\":\"https:\\\/\\\/toidupakk.ee\\\/wp-content\\\/uploads\\\/2022\\\/01\\\/Toidupakk-matkapood-logo-transparent.png\",\"width\":500,\"height\":500,\"caption\":\"Tactical Foodpack matkaeined\"},\"image\":{\"@id\":\"https:\\\/\\\/toidupakk.ee\\\/lt\\\/#\\\/schema\\\/logo\\\/image\\\/\"},\"sameAs\":[\"https:\\\/\\\/www.facebook.com\\\/Toidupakk\",\"https:\\\/\\\/www.instagram.com\\\/toidupakk\\\/\"]}]}<\/script>\n<!-- \/ Yoast SEO plugin. -->","yoast_head_json":{"title":"Elastini\u0173 gum\u0173 komplektas FOSCO - Toidupakk.ee - Tactical Foodpack toidupakid","description":"Elastini\u0173 gum\u0173 komplektas \u2013 naudingas pagalbininkas tavo \u017eygio kuprin\u0117je. Naudok papildomam palapin\u0117s tvirtinimui, pon\u010dui tarp med\u017ei\u0173 \u012ftempti kaip apsaug\u0105 nuo lietaus arba...","robots":{"index":"index","follow":"follow","max-snippet":"max-snippet:-1","max-image-preview":"max-image-preview:large","max-video-preview":"max-video-preview:-1"},"canonical":"https:\/\/toidupakk.ee\/lt\/toode\/elastiniu-gumu-komplektas-fosco\/","og_locale":"lt_LT","og_type":"article","og_title":"Elastini\u0173 gum\u0173 komplektas FOSCO - Toidupakk.ee - Tactical Foodpack toidupakid","og_description":"Elastini\u0173 gum\u0173 komplektas \u2013 naudingas pagalbininkas tavo \u017eygio kuprin\u0117je. Naudok papildomam palapin\u0117s tvirtinimui, pon\u010dui tarp med\u017ei\u0173 \u012ftempti kaip apsaug\u0105 nuo lietaus arba...","og_url":"https:\/\/toidupakk.ee\/lt\/toode\/elastiniu-gumu-komplektas-fosco\/","og_site_name":"Toidupakk.ee - Tactical Foodpack toidupakid","article_publisher":"https:\/\/www.facebook.com\/Toidupakk","article_modified_time":"2026-04-29T16:31:49+00:00","og_image":[{"width":1080,"height":1080,"url":"https:\/\/toidupakk.ee\/wp-content\/uploads\/2023\/05\/Pingekummide-komplekt-1.png","type":"image\/png"}],"twitter_card":"summary_large_image","schema":{"@context":"https:\/\/schema.org","@graph":[{"@type":"WebPage","@id":"https:\/\/toidupakk.ee\/lt\/toode\/elastiniu-gumu-komplektas-fosco\/","url":"https:\/\/toidupakk.ee\/lt\/toode\/elastiniu-gumu-komplektas-fosco\/","name":"Elastini\u0173 gum\u0173 komplektas FOSCO - Toidupakk.ee - Tactical Foodpack toidupakid","isPartOf":{"@id":"https:\/\/toidupakk.ee\/lt\/#website"},"primaryImageOfPage":{"@id":"https:\/\/toidupakk.ee\/lt\/toode\/elastiniu-gumu-komplektas-fosco\/#primaryimage"},"image":{"@id":"https:\/\/toidupakk.ee\/lt\/toode\/elastiniu-gumu-komplektas-fosco\/#primaryimage"},"thumbnailUrl":"https:\/\/toidupakk.ee\/wp-content\/uploads\/2023\/05\/Pingekummide-komplekt-1.png","datePublished":"2023-05-17T08:36:00+00:00","dateModified":"2026-04-29T16:31:49+00:00","description":"Elastini\u0173 gum\u0173 komplektas \u2013 naudingas pagalbininkas tavo \u017eygio kuprin\u0117je. Naudok papildomam palapin\u0117s tvirtinimui, pon\u010dui tarp med\u017ei\u0173 \u012ftempti kaip apsaug\u0105 nuo lietaus arba...","breadcrumb":{"@id":"https:\/\/toidupakk.ee\/lt\/toode\/elastiniu-gumu-komplektas-fosco\/#breadcrumb"},"inLanguage":"lt-LT","potentialAction":[{"@type":"ReadAction","target":["https:\/\/toidupakk.ee\/lt\/toode\/elastiniu-gumu-komplektas-fosco\/"]}]},{"@type":"ImageObject","inLanguage":"lt-LT","@id":"https:\/\/toidupakk.ee\/lt\/toode\/elastiniu-gumu-komplektas-fosco\/#primaryimage","url":"https:\/\/toidupakk.ee\/wp-content\/uploads\/2023\/05\/Pingekummide-komplekt-1.png","contentUrl":"https:\/\/toidupakk.ee\/wp-content\/uploads\/2023\/05\/Pingekummide-komplekt-1.png","width":1080,"height":1080,"caption":"Juodos spalvos elastin\u0117s gumos"},{"@type":"BreadcrumbList","@id":"https:\/\/toidupakk.ee\/lt\/toode\/elastiniu-gumu-komplektas-fosco\/#breadcrumb","itemListElement":[{"@type":"ListItem","position":1,"name":"Avaleht","item":"https:\/\/toidupakk.ee\/lt\/"},{"@type":"ListItem","position":2,"name":"El. parduotuv\u0117","item":"https:\/\/toidupakk.ee\/lt\/el-parduotuve\/"},{"@type":"ListItem","position":3,"name":"Elastini\u0173 gum\u0173 komplektas FOSCO"}]},{"@type":"WebSite","@id":"https:\/\/toidupakk.ee\/lt\/#website","url":"https:\/\/toidupakk.ee\/lt\/","name":"Toidupakk.ee - Tactical Foodpack toidupakid","description":"Tactical Foodpack k\u00fclmkuivatatud toidupakid ja matkaeined","publisher":{"@id":"https:\/\/toidupakk.ee\/lt\/#organization"},"potentialAction":[{"@type":"SearchAction","target":{"@type":"EntryPoint","urlTemplate":"https:\/\/toidupakk.ee\/lt\/?s={search_term_string}"},"query-input":{"@type":"PropertyValueSpecification","valueRequired":true,"valueName":"search_term_string"}}],"inLanguage":"lt-LT"},{"@type":"Organization","@id":"https:\/\/toidupakk.ee\/lt\/#organization","name":"Tactical Foodpack matkaeined","url":"https:\/\/toidupakk.ee\/lt\/","logo":{"@type":"ImageObject","inLanguage":"lt-LT","@id":"https:\/\/toidupakk.ee\/lt\/#\/schema\/logo\/image\/","url":"https:\/\/toidupakk.ee\/wp-content\/uploads\/2022\/01\/Toidupakk-matkapood-logo-transparent.png","contentUrl":"https:\/\/toidupakk.ee\/wp-content\/uploads\/2022\/01\/Toidupakk-matkapood-logo-transparent.png","width":500,"height":500,"caption":"Tactical Foodpack matkaeined"},"image":{"@id":"https:\/\/toidupakk.ee\/lt\/#\/schema\/logo\/image\/"},"sameAs":["https:\/\/www.facebook.com\/Toidupakk","https:\/\/www.instagram.com\/toidupakk\/"]}]}},"jetpack_sharing_enabled":true,"_links":{"self":[{"href":"https:\/\/toidupakk.ee\/lt\/wp-json\/wp\/v2\/product\/47923","targetHints":{"allow":["GET"]}}],"collection":[{"href":"https:\/\/toidupakk.ee\/lt\/wp-json\/wp\/v2\/product"}],"about":[{"href":"https:\/\/toidupakk.ee\/lt\/wp-json\/wp\/v2\/types\/product"}],"replies":[{"embeddable":true,"href":"https:\/\/toidupakk.ee\/lt\/wp-json\/wp\/v2\/comments?post=47923"}],"wp:featuredmedia":[{"embeddable":true,"href":"https:\/\/toidupakk.ee\/lt\/wp-json\/wp\/v2\/media\/47930"}],"wp:attachment":[{"href":"https:\/\/toidupakk.ee\/lt\/wp-json\/wp\/v2\/media?parent=47923"}],"wp:term":[{"taxonomy":"product_brand","embeddable":true,"href":"https:\/\/toidupakk.ee\/lt\/wp-json\/wp\/v2\/product_brand?post=47923"},{"taxonomy":"product_cat","embeddable":true,"href":"https:\/\/toidupakk.ee\/lt\/wp-json\/wp\/v2\/product_cat?post=47923"},{"taxonomy":"product_tag","embeddable":true,"href":"https:\/\/toidupakk.ee\/lt\/wp-json\/wp\/v2\/product_tag?post=47923"}],"curies":[{"name":"wp","href":"https:\/\/api.w.org\/{rel}","templated":true}]}}