{"id":47916,"date":"2023-05-16T13:02:27","date_gmt":"2023-05-16T10:02:27","guid":{"rendered":"https:\/\/toidupakk.ee\/toode\/patruline-kuprine-101-inc-45-l\/"},"modified":"2026-04-15T02:31:44","modified_gmt":"2026-04-14T23:31:44","slug":"patruline-kuprine-101-inc-45-l","status":"publish","type":"product","link":"https:\/\/toidupakk.ee\/lt\/toode\/patruline-kuprine-101-inc-45-l\/","title":{"rendered":"Patrulin\u0117 kuprin\u0117 101 INC\u00ae \u2013 45 l"},"content":{"rendered":"<p><iframe style=\"width: 455px; height: 809px;\" title=\"YouTube vaizdo \u012fra\u0161\u0173 grotuvas\" src=\"https:\/\/www.youtube.com\/embed\/sBRaff_AsxU\" frameborder=\"0\" allowfullscreen=\"allowfullscreen\"><\/iframe><\/p>\n","protected":false},"excerpt":{"rendered":"<p>Patrulin\u0117 kuprin\u0117, populiari tiek apsaugos strukt\u016brose, tiek tarp \u017eygeivi\u0173. Talpa \u2013 45 litrai. <\/p>\n<ul>\n<li>MOLLE modulin\u0117 sistema leid\u017eia pritvirtinti papildomus krep\u0161ius ir \u012frang\u0105. <strong>MOLLE tvirtinimai yra tiek kuprin\u0117s i\u0161or\u0117je, tiek \u0161onuose<\/strong>.<\/li>\n<li>Ergonomi\u0161ki pe\u010di\u0173 dir\u017eai yra pamink\u0161tinti, kad ne\u012fsir\u0117\u017et\u0173 ne\u0161ant sunki\u0105 kuprin\u0119<\/li>\n<li>Pe\u010di\u0173 dir\u017eai yra 5 cm plo\u010dio ir reguliuojami<\/li>\n<li>Sutvirtinta nugaros dalis su EVA put\u0173 pamink\u0161tinimu u\u017etikrina komfort\u0105 ilg\u0173 \u017eygi\u0173 metu<\/li>\n<li>Greitai atsegamas reguliuojamas <strong>klub\u0173 dir\u017eas tolygesniam apkrovos paskirstymui<\/strong><\/li>\n<li>Patrulin\u0117 kuprin\u0117 turi 4 u\u017etrauktukais atskiriamus skyrius<\/li>\n<li>2 dideli pagrindiniai skyriai su papildomomis vidin\u0117mis ki\u0161en\u0117mis<\/li>\n<li>2 ma\u017eesn\u0117s papildomos ki\u0161en\u0117s greitesnei prieigai prie reikaling\u0173 daikt\u0173<\/li>\n<li> Visos ki\u0161en\u0117s turi <strong>dvipusius u\u017etrauktukus<\/strong>, kurie leid\u017eia patogiai pasiekti kuprin\u0117s turin\u012f i\u0161 abiej\u0173 pusi\u0173<\/li>\n<li>Med\u017eiaga: 100 % patvarus nailonas<\/li>\n<li>Kuprin\u0117s svoris: 1300 g<\/li>\n<\/ul>\n<p><strong>Dyd\u017eiai:<\/strong><\/p>\n<p>Ma\u017ea i\u0161orin\u0117 ki\u0161en\u0117: 14 x 21 x 8 cm<br \/>\nDidel\u0117 i\u0161orin\u0117 ki\u0161en\u0117: 25 x 21 x 12 cm<br \/>\nVidurinis skyrius: 43 x 26 x 10 cm<br \/>\nPagrindinis skyrius: 46 x 28 x 21 cm<\/p>\n<p>\u2705 Turime sand\u0117lyje, greitas pristatymas per 1\u20133 d. d.<br \/>\n\u2705 Pirk dabar, mok\u0117k v\u0117liau (pal\u016bkanos 0 %)<\/p>\n","protected":false},"featured_media":8922,"comment_status":"open","ping_status":"closed","template":"","meta":{"_acf_changed":false},"product_brand":[],"product_cat":[193,202,201,189,190],"product_tag":[],"class_list":{"0":"post-47916","1":"product","2":"type-product","3":"status-publish","4":"has-post-thumbnail","6":"product_cat-karine-ekipuote","7":"product_cat-krepsiai","8":"product_cat-kuprines","9":"product_cat-zygio-iranga","10":"product_cat-zygio-prekes","12":"first","13":"instock","14":"sale","15":"taxable","16":"shipping-taxable","17":"purchasable","18":"product-type-variable","19":"has-default-attributes"},"bundled_by":[],"bundle_stock_status":"instock","bundle_stock_quantity":null,"bundle_virtual":false,"bundle_layout":"","bundle_add_to_cart_form_location":"","bundle_editable_in_cart":false,"bundle_sold_individually_context":"","bundle_item_grouping":"","bundle_min_size":"","bundle_max_size":"","bundle_price":[],"bundled_items":[],"bundle_sell_ids":[],"acf":[],"yoast_head":"<!-- This site is optimized with the Yoast SEO plugin v27.3 - https:\/\/yoast.com\/product\/yoast-seo-wordpress\/ -->\n<title>Patrulin\u0117 kuprin\u0117 101 INC\u00ae \u2013 45 l<\/title>\n<meta name=\"description\" content=\"Patrulin\u0117 kuprin\u0117, populiari tiek apsaugos strukt\u016brose, tiek tarp \u017eygeivi\u0173. Talpa \u2013 45 litrai. MOLLE modulin\u0117 sistema ir dvipusiai u\u017etrauktukai.\" \/>\n<meta name=\"robots\" content=\"index, follow, max-snippet:-1, max-image-preview:large, max-video-preview:-1\" \/>\n<link rel=\"canonical\" href=\"https:\/\/toidupakk.ee\/lt\/toode\/patruline-kuprine-101-inc-45-l\/\" \/>\n<meta property=\"og:locale\" content=\"lt_LT\" \/>\n<meta property=\"og:type\" content=\"article\" \/>\n<meta property=\"og:title\" content=\"Patrulin\u0117 kuprin\u0117 101 INC\u00ae \u2013 45 l\" \/>\n<meta property=\"og:description\" content=\"Patrulin\u0117 kuprin\u0117, populiari tiek apsaugos strukt\u016brose, tiek tarp \u017eygeivi\u0173. Talpa \u2013 45 litrai. MOLLE modulin\u0117 sistema ir dvipusiai u\u017etrauktukai.\" \/>\n<meta property=\"og:url\" content=\"https:\/\/toidupakk.ee\/lt\/toode\/patruline-kuprine-101-inc-45-l\/\" \/>\n<meta property=\"og:site_name\" content=\"Toidupakk.ee - Tactical Foodpack toidupakid\" \/>\n<meta property=\"article:publisher\" content=\"https:\/\/www.facebook.com\/Toidupakk\" \/>\n<meta property=\"article:modified_time\" content=\"2026-04-14T23:31:44+00:00\" \/>\n<meta property=\"og:image\" content=\"https:\/\/toidupakk.ee\/wp-content\/uploads\/2023\/05\/Patrullkott-101-INC\u00ae-45L-3.png\" \/>\n\t<meta property=\"og:image:width\" content=\"1080\" \/>\n\t<meta property=\"og:image:height\" content=\"1080\" \/>\n\t<meta property=\"og:image:type\" content=\"image\/png\" \/>\n<meta name=\"twitter:card\" content=\"summary_large_image\" \/>\n<script type=\"application\/ld+json\" class=\"yoast-schema-graph\">{\"@context\":\"https:\\\/\\\/schema.org\",\"@graph\":[{\"@type\":\"WebPage\",\"@id\":\"https:\\\/\\\/toidupakk.ee\\\/lt\\\/toode\\\/patruline-kuprine-101-inc-45-l\\\/\",\"url\":\"https:\\\/\\\/toidupakk.ee\\\/lt\\\/toode\\\/patruline-kuprine-101-inc-45-l\\\/\",\"name\":\"Patrulin\u0117 kuprin\u0117 101 INC\u00ae \u2013 45 l\",\"isPartOf\":{\"@id\":\"https:\\\/\\\/toidupakk.ee\\\/lt\\\/#website\"},\"primaryImageOfPage\":{\"@id\":\"https:\\\/\\\/toidupakk.ee\\\/lt\\\/toode\\\/patruline-kuprine-101-inc-45-l\\\/#primaryimage\"},\"image\":{\"@id\":\"https:\\\/\\\/toidupakk.ee\\\/lt\\\/toode\\\/patruline-kuprine-101-inc-45-l\\\/#primaryimage\"},\"thumbnailUrl\":\"https:\\\/\\\/toidupakk.ee\\\/wp-content\\\/uploads\\\/2023\\\/05\\\/Patrullkott-101-INC\u00ae-45L-3.png\",\"datePublished\":\"2023-05-16T10:02:27+00:00\",\"dateModified\":\"2026-04-14T23:31:44+00:00\",\"description\":\"Patrulin\u0117 kuprin\u0117, populiari tiek apsaugos strukt\u016brose, tiek tarp \u017eygeivi\u0173. Talpa \u2013 45 litrai. MOLLE modulin\u0117 sistema ir dvipusiai u\u017etrauktukai.\",\"breadcrumb\":{\"@id\":\"https:\\\/\\\/toidupakk.ee\\\/lt\\\/toode\\\/patruline-kuprine-101-inc-45-l\\\/#breadcrumb\"},\"inLanguage\":\"lt-LT\",\"potentialAction\":[{\"@type\":\"ReadAction\",\"target\":[\"https:\\\/\\\/toidupakk.ee\\\/lt\\\/toode\\\/patruline-kuprine-101-inc-45-l\\\/\"]}]},{\"@type\":\"ImageObject\",\"inLanguage\":\"lt-LT\",\"@id\":\"https:\\\/\\\/toidupakk.ee\\\/lt\\\/toode\\\/patruline-kuprine-101-inc-45-l\\\/#primaryimage\",\"url\":\"https:\\\/\\\/toidupakk.ee\\\/wp-content\\\/uploads\\\/2023\\\/05\\\/Patrullkott-101-INC\u00ae-45L-3.png\",\"contentUrl\":\"https:\\\/\\\/toidupakk.ee\\\/wp-content\\\/uploads\\\/2023\\\/05\\\/Patrullkott-101-INC\u00ae-45L-3.png\",\"width\":1080,\"height\":1080,\"caption\":\"Patrullkott musta v\u00e4rvi\"},{\"@type\":\"BreadcrumbList\",\"@id\":\"https:\\\/\\\/toidupakk.ee\\\/lt\\\/toode\\\/patruline-kuprine-101-inc-45-l\\\/#breadcrumb\",\"itemListElement\":[{\"@type\":\"ListItem\",\"position\":1,\"name\":\"Avaleht\",\"item\":\"https:\\\/\\\/toidupakk.ee\\\/lt\\\/\"},{\"@type\":\"ListItem\",\"position\":2,\"name\":\"El. parduotuv\u0117\",\"item\":\"https:\\\/\\\/toidupakk.ee\\\/lt\\\/el-parduotuve\\\/\"},{\"@type\":\"ListItem\",\"position\":3,\"name\":\"Patrulin\u0117 kuprin\u0117 101 INC\u00ae \u2013 45 l\"}]},{\"@type\":\"WebSite\",\"@id\":\"https:\\\/\\\/toidupakk.ee\\\/lt\\\/#website\",\"url\":\"https:\\\/\\\/toidupakk.ee\\\/lt\\\/\",\"name\":\"Toidupakk.ee - Tactical Foodpack toidupakid\",\"description\":\"Tactical Foodpack k\u00fclmkuivatatud toidupakid ja matkaeined\",\"publisher\":{\"@id\":\"https:\\\/\\\/toidupakk.ee\\\/lt\\\/#organization\"},\"potentialAction\":[{\"@type\":\"SearchAction\",\"target\":{\"@type\":\"EntryPoint\",\"urlTemplate\":\"https:\\\/\\\/toidupakk.ee\\\/lt\\\/?s={search_term_string}\"},\"query-input\":{\"@type\":\"PropertyValueSpecification\",\"valueRequired\":true,\"valueName\":\"search_term_string\"}}],\"inLanguage\":\"lt-LT\"},{\"@type\":\"Organization\",\"@id\":\"https:\\\/\\\/toidupakk.ee\\\/lt\\\/#organization\",\"name\":\"Tactical Foodpack matkaeined\",\"url\":\"https:\\\/\\\/toidupakk.ee\\\/lt\\\/\",\"logo\":{\"@type\":\"ImageObject\",\"inLanguage\":\"lt-LT\",\"@id\":\"https:\\\/\\\/toidupakk.ee\\\/lt\\\/#\\\/schema\\\/logo\\\/image\\\/\",\"url\":\"https:\\\/\\\/toidupakk.ee\\\/wp-content\\\/uploads\\\/2022\\\/01\\\/Toidupakk-matkapood-logo-transparent.png\",\"contentUrl\":\"https:\\\/\\\/toidupakk.ee\\\/wp-content\\\/uploads\\\/2022\\\/01\\\/Toidupakk-matkapood-logo-transparent.png\",\"width\":500,\"height\":500,\"caption\":\"Tactical Foodpack matkaeined\"},\"image\":{\"@id\":\"https:\\\/\\\/toidupakk.ee\\\/lt\\\/#\\\/schema\\\/logo\\\/image\\\/\"},\"sameAs\":[\"https:\\\/\\\/www.facebook.com\\\/Toidupakk\",\"https:\\\/\\\/www.instagram.com\\\/toidupakk\\\/\"]}]}<\/script>\n<!-- \/ Yoast SEO plugin. -->","yoast_head_json":{"title":"Patrulin\u0117 kuprin\u0117 101 INC\u00ae \u2013 45 l","description":"Patrulin\u0117 kuprin\u0117, populiari tiek apsaugos strukt\u016brose, tiek tarp \u017eygeivi\u0173. Talpa \u2013 45 litrai. MOLLE modulin\u0117 sistema ir dvipusiai u\u017etrauktukai.","robots":{"index":"index","follow":"follow","max-snippet":"max-snippet:-1","max-image-preview":"max-image-preview:large","max-video-preview":"max-video-preview:-1"},"canonical":"https:\/\/toidupakk.ee\/lt\/toode\/patruline-kuprine-101-inc-45-l\/","og_locale":"lt_LT","og_type":"article","og_title":"Patrulin\u0117 kuprin\u0117 101 INC\u00ae \u2013 45 l","og_description":"Patrulin\u0117 kuprin\u0117, populiari tiek apsaugos strukt\u016brose, tiek tarp \u017eygeivi\u0173. Talpa \u2013 45 litrai. MOLLE modulin\u0117 sistema ir dvipusiai u\u017etrauktukai.","og_url":"https:\/\/toidupakk.ee\/lt\/toode\/patruline-kuprine-101-inc-45-l\/","og_site_name":"Toidupakk.ee - Tactical Foodpack toidupakid","article_publisher":"https:\/\/www.facebook.com\/Toidupakk","article_modified_time":"2026-04-14T23:31:44+00:00","og_image":[{"width":1080,"height":1080,"url":"https:\/\/toidupakk.ee\/wp-content\/uploads\/2023\/05\/Patrullkott-101-INC\u00ae-45L-3.png","type":"image\/png"}],"twitter_card":"summary_large_image","schema":{"@context":"https:\/\/schema.org","@graph":[{"@type":"WebPage","@id":"https:\/\/toidupakk.ee\/lt\/toode\/patruline-kuprine-101-inc-45-l\/","url":"https:\/\/toidupakk.ee\/lt\/toode\/patruline-kuprine-101-inc-45-l\/","name":"Patrulin\u0117 kuprin\u0117 101 INC\u00ae \u2013 45 l","isPartOf":{"@id":"https:\/\/toidupakk.ee\/lt\/#website"},"primaryImageOfPage":{"@id":"https:\/\/toidupakk.ee\/lt\/toode\/patruline-kuprine-101-inc-45-l\/#primaryimage"},"image":{"@id":"https:\/\/toidupakk.ee\/lt\/toode\/patruline-kuprine-101-inc-45-l\/#primaryimage"},"thumbnailUrl":"https:\/\/toidupakk.ee\/wp-content\/uploads\/2023\/05\/Patrullkott-101-INC\u00ae-45L-3.png","datePublished":"2023-05-16T10:02:27+00:00","dateModified":"2026-04-14T23:31:44+00:00","description":"Patrulin\u0117 kuprin\u0117, populiari tiek apsaugos strukt\u016brose, tiek tarp \u017eygeivi\u0173. Talpa \u2013 45 litrai. MOLLE modulin\u0117 sistema ir dvipusiai u\u017etrauktukai.","breadcrumb":{"@id":"https:\/\/toidupakk.ee\/lt\/toode\/patruline-kuprine-101-inc-45-l\/#breadcrumb"},"inLanguage":"lt-LT","potentialAction":[{"@type":"ReadAction","target":["https:\/\/toidupakk.ee\/lt\/toode\/patruline-kuprine-101-inc-45-l\/"]}]},{"@type":"ImageObject","inLanguage":"lt-LT","@id":"https:\/\/toidupakk.ee\/lt\/toode\/patruline-kuprine-101-inc-45-l\/#primaryimage","url":"https:\/\/toidupakk.ee\/wp-content\/uploads\/2023\/05\/Patrullkott-101-INC\u00ae-45L-3.png","contentUrl":"https:\/\/toidupakk.ee\/wp-content\/uploads\/2023\/05\/Patrullkott-101-INC\u00ae-45L-3.png","width":1080,"height":1080,"caption":"Patrullkott musta v\u00e4rvi"},{"@type":"BreadcrumbList","@id":"https:\/\/toidupakk.ee\/lt\/toode\/patruline-kuprine-101-inc-45-l\/#breadcrumb","itemListElement":[{"@type":"ListItem","position":1,"name":"Avaleht","item":"https:\/\/toidupakk.ee\/lt\/"},{"@type":"ListItem","position":2,"name":"El. parduotuv\u0117","item":"https:\/\/toidupakk.ee\/lt\/el-parduotuve\/"},{"@type":"ListItem","position":3,"name":"Patrulin\u0117 kuprin\u0117 101 INC\u00ae \u2013 45 l"}]},{"@type":"WebSite","@id":"https:\/\/toidupakk.ee\/lt\/#website","url":"https:\/\/toidupakk.ee\/lt\/","name":"Toidupakk.ee - Tactical Foodpack toidupakid","description":"Tactical Foodpack k\u00fclmkuivatatud toidupakid ja matkaeined","publisher":{"@id":"https:\/\/toidupakk.ee\/lt\/#organization"},"potentialAction":[{"@type":"SearchAction","target":{"@type":"EntryPoint","urlTemplate":"https:\/\/toidupakk.ee\/lt\/?s={search_term_string}"},"query-input":{"@type":"PropertyValueSpecification","valueRequired":true,"valueName":"search_term_string"}}],"inLanguage":"lt-LT"},{"@type":"Organization","@id":"https:\/\/toidupakk.ee\/lt\/#organization","name":"Tactical Foodpack matkaeined","url":"https:\/\/toidupakk.ee\/lt\/","logo":{"@type":"ImageObject","inLanguage":"lt-LT","@id":"https:\/\/toidupakk.ee\/lt\/#\/schema\/logo\/image\/","url":"https:\/\/toidupakk.ee\/wp-content\/uploads\/2022\/01\/Toidupakk-matkapood-logo-transparent.png","contentUrl":"https:\/\/toidupakk.ee\/wp-content\/uploads\/2022\/01\/Toidupakk-matkapood-logo-transparent.png","width":500,"height":500,"caption":"Tactical Foodpack matkaeined"},"image":{"@id":"https:\/\/toidupakk.ee\/lt\/#\/schema\/logo\/image\/"},"sameAs":["https:\/\/www.facebook.com\/Toidupakk","https:\/\/www.instagram.com\/toidupakk\/"]}]}},"jetpack_sharing_enabled":true,"_links":{"self":[{"href":"https:\/\/toidupakk.ee\/lt\/wp-json\/wp\/v2\/product\/47916","targetHints":{"allow":["GET"]}}],"collection":[{"href":"https:\/\/toidupakk.ee\/lt\/wp-json\/wp\/v2\/product"}],"about":[{"href":"https:\/\/toidupakk.ee\/lt\/wp-json\/wp\/v2\/types\/product"}],"replies":[{"embeddable":true,"href":"https:\/\/toidupakk.ee\/lt\/wp-json\/wp\/v2\/comments?post=47916"}],"wp:featuredmedia":[{"embeddable":true,"href":"https:\/\/toidupakk.ee\/lt\/wp-json\/wp\/v2\/media\/8922"}],"wp:attachment":[{"href":"https:\/\/toidupakk.ee\/lt\/wp-json\/wp\/v2\/media?parent=47916"}],"wp:term":[{"taxonomy":"product_brand","embeddable":true,"href":"https:\/\/toidupakk.ee\/lt\/wp-json\/wp\/v2\/product_brand?post=47916"},{"taxonomy":"product_cat","embeddable":true,"href":"https:\/\/toidupakk.ee\/lt\/wp-json\/wp\/v2\/product_cat?post=47916"},{"taxonomy":"product_tag","embeddable":true,"href":"https:\/\/toidupakk.ee\/lt\/wp-json\/wp\/v2\/product_tag?post=47916"}],"curies":[{"name":"wp","href":"https:\/\/api.w.org\/{rel}","templated":true}]}}