{"id":47906,"date":"2023-04-11T12:54:30","date_gmt":"2023-04-11T09:54:30","guid":{"rendered":"https:\/\/toidupakk.ee\/toode\/virve-9-mm\/"},"modified":"2026-04-29T19:31:47","modified_gmt":"2026-04-29T16:31:47","slug":"virve-9-mm","status":"publish","type":"product","link":"https:\/\/toidupakk.ee\/lt\/toode\/virve-9-mm\/","title":{"rendered":"Virv\u0117 9 mm"},"content":{"rendered":"<p>\u0160iuolaikinis gyvenimas kartais atrodo toks sud\u0117tingas, ta\u010diau, laimei, turime smulkmen\u0173, kurios gali mus prad\u017eiuginti ir palengvinti gyvenim\u0105. Viena j\u0173 \u2013 neabejotinai virv\u0117. <\/p>\n<p>M\u016bs\u0173 el. parduotuv\u0117je rasi \u012fvairi\u0173 virvi\u0173, pagamint\u0173 i\u0161 patvari\u0173 med\u017eiag\u0173 ir tinkan\u010di\u0173 \u012fvairiems tikslams. Naudok jas savo \u201epasidaryk pats\u201c projektuose, tvirtink palapin\u0119, naudok stovyklaviet\u0117je tentams fiksuoti, lankui gaminti ar pastogei i\u0161 lietpal\u010dio \u012frengti. Tai prakti\u0161kos priemon\u0117s, kuri\u0173 gali prireikti bet kada.  <\/p>\n<p>\u201eToidupakk.ee\u201c \u017eygi\u0173 parduotuv\u0117je parduodamos virv\u0117s pagamintos i\u0161 auk\u0161tos kokyb\u0117s med\u017eiag\u0173, u\u017etikrinan\u010di\u0173 patvarum\u0105 ir tvirtum\u0105. Galima rinktis i\u0161 \u012fvairi\u0173 ilgi\u0173 ir skersmen\u0173, tad rasi sau tinkam\u0105 virv\u0119 pagal poreikius. <\/p>\n<p>M\u016bs\u0173 virv\u0117s ne tik funkcionalios, bet ir stilingos. Gali rinktis i\u0161 skirting\u0173 spalv\u0173 ir tvirtumo lygi\u0173. <\/p>\n<p>Apibendrinant, virv\u0117 yra prakti\u0161kas ir universalus gaminys, kuris tur\u0117t\u0173 b\u016bti kiekvieno nuotyki\u0173 ie\u0161kotojo \u012frangoje. M\u016bs\u0173 el. parduotuv\u0117je rasi auk\u0161tos kokyb\u0117s virvi\u0173, atitinkan\u010di\u0173 tavo poreikius ir tinkan\u010di\u0173 bet kokiam tikslui. \u012esimesk virv\u0119 \u012f \u017eygio kuprin\u0119 ir atrask, kaip ji gali palengvinti tavo gyvenim\u0105!  <\/p>\n<p>Daugiausia parduodame \u201eFosco Industries\u201c prek\u0117s \u017eenklo virves. \u201eFosco Industries\u201c yra \u017einomas \u017eygi\u0173 ir taktin\u0117s \u012frangos prek\u0117s \u017eenklas, skirtas \u017emon\u0117ms, daug laiko praleid\u017eiantiems gamtoje.  <\/p>\n","protected":false},"excerpt":{"rendered":"<p>Universalaus naudojimo virv\u0117. Tvirtas pagalbinis lynas, tinkantis \u012fvairiai veiklai. <\/p>\n<ul>\n<li>Ilgis: 15 m<\/li>\n<li>Storis: 9 mm<\/li>\n<li>Spalva: juoda<\/li>\n<li>Med\u017eiaga: 100 % nailonas<\/li>\n<li>Svoris: 495 g<\/li>\n<li>Gamintojas: \u201eFosco Industries\u201c<\/li>\n<\/ul>\n<p>\u2705 Pristatymas per 1\u20133 darbo dienas<br \/>\n\u2705 NEMOKAMAS gr\u0105\u017einimas ir keitimas<\/p>\n","protected":false},"featured_media":7351,"comment_status":"open","ping_status":"closed","template":"","meta":{"_acf_changed":false},"product_brand":[],"product_cat":[282,189,190],"product_tag":[194],"class_list":{"0":"post-47906","1":"product","2":"type-product","3":"status-publish","4":"has-post-thumbnail","6":"product_cat-virves","7":"product_cat-zygio-iranga","8":"product_cat-zygio-prekes","9":"product_tag-no_ads","11":"first","12":"instock","13":"taxable","14":"shipping-taxable","15":"purchasable","16":"product-type-variable","17":"has-default-attributes"},"bundled_by":[],"bundle_stock_status":"instock","bundle_stock_quantity":null,"bundle_virtual":false,"bundle_layout":"","bundle_add_to_cart_form_location":"","bundle_editable_in_cart":false,"bundle_sold_individually_context":"","bundle_item_grouping":"","bundle_min_size":"","bundle_max_size":"","bundle_price":[],"bundled_items":[],"bundle_sell_ids":[],"acf":[],"yoast_head":"<!-- This site is optimized with the Yoast SEO plugin v27.3 - https:\/\/yoast.com\/product\/yoast-seo-wordpress\/ -->\n<title>Virv\u0117 9 mm<\/title>\n<meta name=\"description\" content=\"Tvirta virv\u0117, skirta \u012fvairiam naudojimui. Ilgis 15 m, storis 9 mm, spalva juoda, med\u017eiaga 100 % nailonas, svoris 465 g, gamintojas \u201eFosco Industries\u201c\" \/>\n<meta name=\"robots\" content=\"index, follow, max-snippet:-1, max-image-preview:large, max-video-preview:-1\" \/>\n<link rel=\"canonical\" href=\"https:\/\/toidupakk.ee\/lt\/toode\/virve-9-mm\/\" \/>\n<meta property=\"og:locale\" content=\"lt_LT\" \/>\n<meta property=\"og:type\" content=\"article\" \/>\n<meta property=\"og:title\" content=\"Virv\u0117 9 mm\" \/>\n<meta property=\"og:description\" content=\"Tvirta virv\u0117, skirta \u012fvairiam naudojimui. Ilgis 15 m, storis 9 mm, spalva juoda, med\u017eiaga 100 % nailonas, svoris 465 g, gamintojas \u201eFosco Industries\u201c\" \/>\n<meta property=\"og:url\" content=\"https:\/\/toidupakk.ee\/lt\/toode\/virve-9-mm\/\" \/>\n<meta property=\"og:site_name\" content=\"Toidupakk.ee - Tactical Foodpack toidupakid\" \/>\n<meta property=\"article:publisher\" content=\"https:\/\/www.facebook.com\/Toidupakk\" \/>\n<meta property=\"article:modified_time\" content=\"2026-04-29T16:31:47+00:00\" \/>\n<meta property=\"og:image\" content=\"https:\/\/toidupakk.ee\/wp-content\/uploads\/2023\/04\/Noor-9-mm-matkale-must.png\" \/>\n\t<meta property=\"og:image:width\" content=\"1080\" \/>\n\t<meta property=\"og:image:height\" content=\"1080\" \/>\n\t<meta property=\"og:image:type\" content=\"image\/png\" \/>\n<meta name=\"twitter:card\" content=\"summary_large_image\" \/>\n<meta name=\"twitter:label1\" content=\"Est. reading time\" \/>\n\t<meta name=\"twitter:data1\" content=\"1 minut\u0117\" \/>\n<script type=\"application\/ld+json\" class=\"yoast-schema-graph\">{\"@context\":\"https:\\\/\\\/schema.org\",\"@graph\":[{\"@type\":\"WebPage\",\"@id\":\"https:\\\/\\\/toidupakk.ee\\\/lt\\\/toode\\\/virve-9-mm\\\/\",\"url\":\"https:\\\/\\\/toidupakk.ee\\\/lt\\\/toode\\\/virve-9-mm\\\/\",\"name\":\"Virv\u0117 9 mm\",\"isPartOf\":{\"@id\":\"https:\\\/\\\/toidupakk.ee\\\/lt\\\/#website\"},\"primaryImageOfPage\":{\"@id\":\"https:\\\/\\\/toidupakk.ee\\\/lt\\\/toode\\\/virve-9-mm\\\/#primaryimage\"},\"image\":{\"@id\":\"https:\\\/\\\/toidupakk.ee\\\/lt\\\/toode\\\/virve-9-mm\\\/#primaryimage\"},\"thumbnailUrl\":\"https:\\\/\\\/toidupakk.ee\\\/wp-content\\\/uploads\\\/2023\\\/04\\\/Noor-9-mm-matkale-must.png\",\"datePublished\":\"2023-04-11T09:54:30+00:00\",\"dateModified\":\"2026-04-29T16:31:47+00:00\",\"description\":\"Tvirta virv\u0117, skirta \u012fvairiam naudojimui. Ilgis 15 m, storis 9 mm, spalva juoda, med\u017eiaga 100 % nailonas, svoris 465 g, gamintojas \u201eFosco Industries\u201c\",\"breadcrumb\":{\"@id\":\"https:\\\/\\\/toidupakk.ee\\\/lt\\\/toode\\\/virve-9-mm\\\/#breadcrumb\"},\"inLanguage\":\"lt-LT\",\"potentialAction\":[{\"@type\":\"ReadAction\",\"target\":[\"https:\\\/\\\/toidupakk.ee\\\/lt\\\/toode\\\/virve-9-mm\\\/\"]}]},{\"@type\":\"ImageObject\",\"inLanguage\":\"lt-LT\",\"@id\":\"https:\\\/\\\/toidupakk.ee\\\/lt\\\/toode\\\/virve-9-mm\\\/#primaryimage\",\"url\":\"https:\\\/\\\/toidupakk.ee\\\/wp-content\\\/uploads\\\/2023\\\/04\\\/Noor-9-mm-matkale-must.png\",\"contentUrl\":\"https:\\\/\\\/toidupakk.ee\\\/wp-content\\\/uploads\\\/2023\\\/04\\\/Noor-9-mm-matkale-must.png\",\"width\":1080,\"height\":1080},{\"@type\":\"BreadcrumbList\",\"@id\":\"https:\\\/\\\/toidupakk.ee\\\/lt\\\/toode\\\/virve-9-mm\\\/#breadcrumb\",\"itemListElement\":[{\"@type\":\"ListItem\",\"position\":1,\"name\":\"Avaleht\",\"item\":\"https:\\\/\\\/toidupakk.ee\\\/lt\\\/\"},{\"@type\":\"ListItem\",\"position\":2,\"name\":\"El. parduotuv\u0117\",\"item\":\"https:\\\/\\\/toidupakk.ee\\\/lt\\\/el-parduotuve\\\/\"},{\"@type\":\"ListItem\",\"position\":3,\"name\":\"Virv\u0117 9 mm\"}]},{\"@type\":\"WebSite\",\"@id\":\"https:\\\/\\\/toidupakk.ee\\\/lt\\\/#website\",\"url\":\"https:\\\/\\\/toidupakk.ee\\\/lt\\\/\",\"name\":\"Toidupakk.ee - Tactical Foodpack toidupakid\",\"description\":\"Tactical Foodpack k\u00fclmkuivatatud toidupakid ja matkaeined\",\"publisher\":{\"@id\":\"https:\\\/\\\/toidupakk.ee\\\/lt\\\/#organization\"},\"potentialAction\":[{\"@type\":\"SearchAction\",\"target\":{\"@type\":\"EntryPoint\",\"urlTemplate\":\"https:\\\/\\\/toidupakk.ee\\\/lt\\\/?s={search_term_string}\"},\"query-input\":{\"@type\":\"PropertyValueSpecification\",\"valueRequired\":true,\"valueName\":\"search_term_string\"}}],\"inLanguage\":\"lt-LT\"},{\"@type\":\"Organization\",\"@id\":\"https:\\\/\\\/toidupakk.ee\\\/lt\\\/#organization\",\"name\":\"Tactical Foodpack matkaeined\",\"url\":\"https:\\\/\\\/toidupakk.ee\\\/lt\\\/\",\"logo\":{\"@type\":\"ImageObject\",\"inLanguage\":\"lt-LT\",\"@id\":\"https:\\\/\\\/toidupakk.ee\\\/lt\\\/#\\\/schema\\\/logo\\\/image\\\/\",\"url\":\"https:\\\/\\\/toidupakk.ee\\\/wp-content\\\/uploads\\\/2022\\\/01\\\/Toidupakk-matkapood-logo-transparent.png\",\"contentUrl\":\"https:\\\/\\\/toidupakk.ee\\\/wp-content\\\/uploads\\\/2022\\\/01\\\/Toidupakk-matkapood-logo-transparent.png\",\"width\":500,\"height\":500,\"caption\":\"Tactical Foodpack matkaeined\"},\"image\":{\"@id\":\"https:\\\/\\\/toidupakk.ee\\\/lt\\\/#\\\/schema\\\/logo\\\/image\\\/\"},\"sameAs\":[\"https:\\\/\\\/www.facebook.com\\\/Toidupakk\",\"https:\\\/\\\/www.instagram.com\\\/toidupakk\\\/\"]}]}<\/script>\n<!-- \/ Yoast SEO plugin. -->","yoast_head_json":{"title":"Virv\u0117 9 mm","description":"Tvirta virv\u0117, skirta \u012fvairiam naudojimui. Ilgis 15 m, storis 9 mm, spalva juoda, med\u017eiaga 100 % nailonas, svoris 465 g, gamintojas \u201eFosco Industries\u201c","robots":{"index":"index","follow":"follow","max-snippet":"max-snippet:-1","max-image-preview":"max-image-preview:large","max-video-preview":"max-video-preview:-1"},"canonical":"https:\/\/toidupakk.ee\/lt\/toode\/virve-9-mm\/","og_locale":"lt_LT","og_type":"article","og_title":"Virv\u0117 9 mm","og_description":"Tvirta virv\u0117, skirta \u012fvairiam naudojimui. Ilgis 15 m, storis 9 mm, spalva juoda, med\u017eiaga 100 % nailonas, svoris 465 g, gamintojas \u201eFosco Industries\u201c","og_url":"https:\/\/toidupakk.ee\/lt\/toode\/virve-9-mm\/","og_site_name":"Toidupakk.ee - Tactical Foodpack toidupakid","article_publisher":"https:\/\/www.facebook.com\/Toidupakk","article_modified_time":"2026-04-29T16:31:47+00:00","og_image":[{"width":1080,"height":1080,"url":"https:\/\/toidupakk.ee\/wp-content\/uploads\/2023\/04\/Noor-9-mm-matkale-must.png","type":"image\/png"}],"twitter_card":"summary_large_image","twitter_misc":{"Est. reading time":"1 minut\u0117"},"schema":{"@context":"https:\/\/schema.org","@graph":[{"@type":"WebPage","@id":"https:\/\/toidupakk.ee\/lt\/toode\/virve-9-mm\/","url":"https:\/\/toidupakk.ee\/lt\/toode\/virve-9-mm\/","name":"Virv\u0117 9 mm","isPartOf":{"@id":"https:\/\/toidupakk.ee\/lt\/#website"},"primaryImageOfPage":{"@id":"https:\/\/toidupakk.ee\/lt\/toode\/virve-9-mm\/#primaryimage"},"image":{"@id":"https:\/\/toidupakk.ee\/lt\/toode\/virve-9-mm\/#primaryimage"},"thumbnailUrl":"https:\/\/toidupakk.ee\/wp-content\/uploads\/2023\/04\/Noor-9-mm-matkale-must.png","datePublished":"2023-04-11T09:54:30+00:00","dateModified":"2026-04-29T16:31:47+00:00","description":"Tvirta virv\u0117, skirta \u012fvairiam naudojimui. Ilgis 15 m, storis 9 mm, spalva juoda, med\u017eiaga 100 % nailonas, svoris 465 g, gamintojas \u201eFosco Industries\u201c","breadcrumb":{"@id":"https:\/\/toidupakk.ee\/lt\/toode\/virve-9-mm\/#breadcrumb"},"inLanguage":"lt-LT","potentialAction":[{"@type":"ReadAction","target":["https:\/\/toidupakk.ee\/lt\/toode\/virve-9-mm\/"]}]},{"@type":"ImageObject","inLanguage":"lt-LT","@id":"https:\/\/toidupakk.ee\/lt\/toode\/virve-9-mm\/#primaryimage","url":"https:\/\/toidupakk.ee\/wp-content\/uploads\/2023\/04\/Noor-9-mm-matkale-must.png","contentUrl":"https:\/\/toidupakk.ee\/wp-content\/uploads\/2023\/04\/Noor-9-mm-matkale-must.png","width":1080,"height":1080},{"@type":"BreadcrumbList","@id":"https:\/\/toidupakk.ee\/lt\/toode\/virve-9-mm\/#breadcrumb","itemListElement":[{"@type":"ListItem","position":1,"name":"Avaleht","item":"https:\/\/toidupakk.ee\/lt\/"},{"@type":"ListItem","position":2,"name":"El. parduotuv\u0117","item":"https:\/\/toidupakk.ee\/lt\/el-parduotuve\/"},{"@type":"ListItem","position":3,"name":"Virv\u0117 9 mm"}]},{"@type":"WebSite","@id":"https:\/\/toidupakk.ee\/lt\/#website","url":"https:\/\/toidupakk.ee\/lt\/","name":"Toidupakk.ee - Tactical Foodpack toidupakid","description":"Tactical Foodpack k\u00fclmkuivatatud toidupakid ja matkaeined","publisher":{"@id":"https:\/\/toidupakk.ee\/lt\/#organization"},"potentialAction":[{"@type":"SearchAction","target":{"@type":"EntryPoint","urlTemplate":"https:\/\/toidupakk.ee\/lt\/?s={search_term_string}"},"query-input":{"@type":"PropertyValueSpecification","valueRequired":true,"valueName":"search_term_string"}}],"inLanguage":"lt-LT"},{"@type":"Organization","@id":"https:\/\/toidupakk.ee\/lt\/#organization","name":"Tactical Foodpack matkaeined","url":"https:\/\/toidupakk.ee\/lt\/","logo":{"@type":"ImageObject","inLanguage":"lt-LT","@id":"https:\/\/toidupakk.ee\/lt\/#\/schema\/logo\/image\/","url":"https:\/\/toidupakk.ee\/wp-content\/uploads\/2022\/01\/Toidupakk-matkapood-logo-transparent.png","contentUrl":"https:\/\/toidupakk.ee\/wp-content\/uploads\/2022\/01\/Toidupakk-matkapood-logo-transparent.png","width":500,"height":500,"caption":"Tactical Foodpack matkaeined"},"image":{"@id":"https:\/\/toidupakk.ee\/lt\/#\/schema\/logo\/image\/"},"sameAs":["https:\/\/www.facebook.com\/Toidupakk","https:\/\/www.instagram.com\/toidupakk\/"]}]}},"jetpack_sharing_enabled":true,"_links":{"self":[{"href":"https:\/\/toidupakk.ee\/lt\/wp-json\/wp\/v2\/product\/47906","targetHints":{"allow":["GET"]}}],"collection":[{"href":"https:\/\/toidupakk.ee\/lt\/wp-json\/wp\/v2\/product"}],"about":[{"href":"https:\/\/toidupakk.ee\/lt\/wp-json\/wp\/v2\/types\/product"}],"replies":[{"embeddable":true,"href":"https:\/\/toidupakk.ee\/lt\/wp-json\/wp\/v2\/comments?post=47906"}],"wp:featuredmedia":[{"embeddable":true,"href":"https:\/\/toidupakk.ee\/lt\/wp-json\/wp\/v2\/media\/7351"}],"wp:attachment":[{"href":"https:\/\/toidupakk.ee\/lt\/wp-json\/wp\/v2\/media?parent=47906"}],"wp:term":[{"taxonomy":"product_brand","embeddable":true,"href":"https:\/\/toidupakk.ee\/lt\/wp-json\/wp\/v2\/product_brand?post=47906"},{"taxonomy":"product_cat","embeddable":true,"href":"https:\/\/toidupakk.ee\/lt\/wp-json\/wp\/v2\/product_cat?post=47906"},{"taxonomy":"product_tag","embeddable":true,"href":"https:\/\/toidupakk.ee\/lt\/wp-json\/wp\/v2\/product_tag?post=47906"}],"curies":[{"name":"wp","href":"https:\/\/api.w.org\/{rel}","templated":true}]}}