{"id":47895,"date":"2023-02-20T16:17:49","date_gmt":"2023-02-20T14:17:49","guid":{"rendered":"https:\/\/toidupakk.ee\/toode\/neslystantys-padai-su-dygliais\/"},"modified":"2026-04-29T17:01:56","modified_gmt":"2026-04-29T14:01:56","slug":"neslystantys-padai-su-dygliais","status":"publish","type":"product","link":"https:\/\/toidupakk.ee\/lt\/toode\/neslystantys-padai-su-dygliais\/","title":{"rendered":"Neslystantys padai su dygliais"},"content":{"rendered":"<p><img fetchpriority=\"high\" decoding=\"async\" class=\"wp-image-5704 size-thumbnail alignright\" src=\"https:\/\/toidupakk.ee\/wp-content\/uploads\/2023\/02\/Libisemisvastased-tallad-1-1-500x500.png\" alt=\"Neslystantys padai arba bat\u0173 nagut\u0117s\" width=\"500\" height=\"500\" srcset=\"https:\/\/toidupakk.ee\/wp-content\/uploads\/2023\/02\/Libisemisvastased-tallad-1-1-500x500.png 500w, https:\/\/toidupakk.ee\/wp-content\/uploads\/2023\/02\/Libisemisvastased-tallad-1-1-400x400.png 400w, https:\/\/toidupakk.ee\/wp-content\/uploads\/2023\/02\/Libisemisvastased-tallad-1-1-100x100.png 100w, https:\/\/toidupakk.ee\/wp-content\/uploads\/2023\/02\/Libisemisvastased-tallad-1-1-800x800.png 800w, https:\/\/toidupakk.ee\/wp-content\/uploads\/2023\/02\/Libisemisvastased-tallad-1-1-300x300.png 300w, https:\/\/toidupakk.ee\/wp-content\/uploads\/2023\/02\/Libisemisvastased-tallad-1-1-1024x1024.png 1024w, https:\/\/toidupakk.ee\/wp-content\/uploads\/2023\/02\/Libisemisvastased-tallad-1-1-768x768.png 768w, https:\/\/toidupakk.ee\/wp-content\/uploads\/2023\/02\/Libisemisvastased-tallad-1-1.png 1080w\" sizes=\"(max-width: 500px) 100vw, 500px\" \/><\/p>\n<p>Neslystantys padai, dar \u017einomi kaip bat\u0173 nagut\u0117s, yra avalyn\u0117s priedas, padedantis i\u0161vengti slydimo ir kritimo ant slidaus pavir\u0161iaus, pavyzd\u017eiui, ledo ar sniego. \u0160ie padai pagaminti i\u0161 patvarios med\u017eiagos su metaliniais dygliais apa\u010dioje, kurie sukimba su apled\u0117jusiu bei apsnigtu pavir\u0161iumi ir u\u017etikrina geresn\u012f sukibim\u0105. <\/p>\n<p>Neslystantys padai (bat\u0173 nagut\u0117s) u\u017emaunami ant bat\u0173 taip, kad pado apa\u010dioje susidaryt\u0173 neslystantis sluoksnis. Rinkdamasis nagutes, pasirink savo bat\u0173 dyd\u017eiui tinkam\u0105 diapazon\u0105. Galimi trys dyd\u017eiai: S (EU 35\u201339), M (EU 40\u201343) ir L (EU 44\u201346). Neslystantys padai tinka prakti\u0161kai visai avalynei: \u017eieminiams batams, guminukams, \u017eygio batams ar net sportba\u010diams. Juos lengva u\u017esid\u0117ti ir nusiimti. Pavyzd\u017eiui, i\u0161eidamas i\u0161 nam\u0173 gali greitai juos u\u017esid\u0117ti, o atvyk\u0119s \u012f viet\u0105 \u2013 nusiimti ir \u012fsid\u0117ti \u012f ki\u0161en\u0119 ar krep\u0161\u012f.     <\/p>\n<p>Bat\u0173 nagut\u0117s puikiai tinka vyresnio am\u017eiaus ar jud\u0117jimo sutrikim\u0173 turintiems \u017emon\u0117ms, kurie gali b\u016bti ypa\u010d pa\u017eeid\u017eiami paslydus ar nukritus.<\/p>\n<p>Jei nori \u017eiem\u0105 i\u0161vengti slydimo ir kritimo, tikrai verta apsvarstyti neslystan\u010di\u0173 pad\u0173 (bat\u0173 nagu\u010di\u0173) naudojim\u0105.<\/p>\n<p><strong>SVARBU!<\/strong>  Patalpose b\u016btinai nusiimk neslystan\u010dius padus. Su bat\u0173 nagut\u0117mis viduje gali b\u016bti slidu, be to, jos gali sugadinti grind\u0173 dang\u0105. <\/p>\n<h1><strong>Neslystantys padai su dygliais \u2013 saugumas slid\u017eiomis s\u0105lygomis<\/strong><\/h1>\n<p><strong>Neslystantys padai su dygliais<\/strong> yra idealus sprendimas \u017eiemos metu, kai gatv\u0117s, mi\u0161ko takai ir kiti pavir\u0161iai tampa slid\u016bs bei kelia pavoj\u0173 tavo saugumui. \u0160ie padai u\u017etikrina tvirt\u0105 sukibim\u0105 su apled\u0117jusiais ir snieguotais pavir\u0161iais, suma\u017eindami slydimo ir kritimo rizik\u0105. <\/p>\n<p><img decoding=\"async\" class=\"wp-image-5705 size-thumbnail alignright\" src=\"https:\/\/toidupakk.ee\/wp-content\/uploads\/2023\/02\/Libisemisvastased-tallad-2-500x500.png\" alt=\"bat\u0173 padai nuo ledo\" width=\"500\" height=\"500\" srcset=\"https:\/\/toidupakk.ee\/wp-content\/uploads\/2023\/02\/Libisemisvastased-tallad-2-500x500.png 500w, https:\/\/toidupakk.ee\/wp-content\/uploads\/2023\/02\/Libisemisvastased-tallad-2-400x400.png 400w, https:\/\/toidupakk.ee\/wp-content\/uploads\/2023\/02\/Libisemisvastased-tallad-2-100x100.png 100w, https:\/\/toidupakk.ee\/wp-content\/uploads\/2023\/02\/Libisemisvastased-tallad-2-800x800.png 800w, https:\/\/toidupakk.ee\/wp-content\/uploads\/2023\/02\/Libisemisvastased-tallad-2-300x300.png 300w, https:\/\/toidupakk.ee\/wp-content\/uploads\/2023\/02\/Libisemisvastased-tallad-2-1024x1024.png 1024w, https:\/\/toidupakk.ee\/wp-content\/uploads\/2023\/02\/Libisemisvastased-tallad-2-768x768.png 768w, https:\/\/toidupakk.ee\/wp-content\/uploads\/2023\/02\/Libisemisvastased-tallad-2.png 1080w\" sizes=\"(max-width: 500px) 100vw, 500px\" \/><\/p>\n<hr>\n<h3><strong>Pagrindin\u0117s savyb\u0117s:<\/strong><\/h3>\n<ul>\n<li><strong>Tvirtas sukibimas bet kokioje situacijoje:<\/strong> paduose \u012fmontuoti <strong>plieniniai dygliai<\/strong> u\u017etikrina stabilum\u0105 ir tvirt\u0105 sukibim\u0105 su apled\u0117jusiais bei snieguotais pavir\u0161iais.<\/li>\n<li><strong>Lengva u\u017esid\u0117ti:<\/strong> neslystantys padai tinka \u012fvairiai avalynei, juos paprasta u\u017esid\u0117ti ir nusiimti.<\/li>\n<li><strong>Universal\u016bs dyd\u017eiai:<\/strong> galimi \u012fvair\u016bs dyd\u017eiai, tinkantys bet kokiai avalynei \u2013 nuo ma\u017eesni\u0173 \u017eygio bat\u0173 iki didesni\u0173 \u017eiemini\u0173 bat\u0173.<\/li>\n<li><strong>Lanksti ir patvari med\u017eiaga:<\/strong> pagaminta i\u0161 kokybi\u0161kos gumos, kuri yra atspari \u0161al\u010diui, i\u0161laiko elastingum\u0105 ir efektyvum\u0105.<\/li>\n<li><strong>Lengvi ir kompakti\u0161ki:<\/strong> d\u0117l savo lengvumo ir kompakti\u0161kumo padus patogu ne\u0161iotis su savimi, kad prireikus gal\u0117tum juos naudoti bet kur.<\/li>\n<\/ul>\n<hr>\n<h2><strong>Kod\u0117l verta rinktis neslystan\u010dius padus su dygliais?<\/strong><\/h2>\n<p>Jei \u017eiem\u0105 judi ar leidi laik\u0105 lauke, <strong>neslystantys padai<\/strong> yra b\u016btini, kad apsaugotum save ir savo artimuosius nuo slydimo. Nesvarbu, ar vaik\u0161tai apled\u0117jusiomis gatv\u0117mis, \u017eygiuoji mi\u0161ke ar u\u017esiimi kita veikla lauke, \u0161ie padai su dygliais suteikia reikiam\u0105 apsaug\u0105 ir stabilum\u0105. <\/p>\n<p>\u0160ie padai puikiai tinka tiek miesto gyventojui, kasdien vaik\u0161\u010diojan\u010diam apsnigtais \u0161aligatviais, tiek aktyviam \u017eygeiviui, kuriam reikia tvirto sukibimo bekel\u0117je. Juos taip pat galima naudoti darbo aplinkoje, kur slidumas yra da\u017ena problema. <\/p>\n<hr>\n<h3><strong>Naudojimo instrukcija:<\/strong><\/h3>\n<ol>\n<li><strong>U\u017ed\u0117k padus:<\/strong> i\u0161tempk gum\u0105 taip, kad ji tvirtai apgaubt\u0173 avalyn\u0117s priek\u012f ir kuln\u0105.<\/li>\n<li><strong>Patikrink, ar tinka:<\/strong> \u012fsitikink, kad dygliai laikosi tvirtai ir u\u017etikrina pakankam\u0105 sukibim\u0105.<\/li>\n<li><strong>Vaik\u0161\u010diok saugiai:<\/strong> u\u017etikrintai jud\u0117k apled\u0117jusiais ir snieguotais pavir\u0161iais \u017einodamas, kad esi apsaugotas nuo slydimo.<\/li>\n<\/ol>\n<p><strong>Suteik savo \u017eiemai daugiau saugumo \u2013 u\u017esisakyk neslystan\u010dius padus su dygliais jau \u0161iandien!<\/strong><\/p>\n<hr>\n<p>&nbsp;<\/p>\n<div id=\"attachment_21396\" style=\"width: 510px\" class=\"wp-caption alignright\"><img decoding=\"async\" aria-describedby=\"caption-attachment-21396\" class=\"wp-image-21396 size-thumbnail\" src=\"https:\/\/toidupakk.ee\/wp-content\/uploads\/2024\/03\/Jaanaelad-saabastele-1-500x500.png\" alt=\"dygliai po batais\" width=\"500\" height=\"500\" srcset=\"https:\/\/toidupakk.ee\/wp-content\/uploads\/2024\/03\/Jaanaelad-saabastele-1-500x500.png 500w, https:\/\/toidupakk.ee\/wp-content\/uploads\/2024\/03\/Jaanaelad-saabastele-1-400x400.png 400w, https:\/\/toidupakk.ee\/wp-content\/uploads\/2024\/03\/Jaanaelad-saabastele-1-100x100.png 100w, https:\/\/toidupakk.ee\/wp-content\/uploads\/2024\/03\/Jaanaelad-saabastele-1-300x300.png 300w, https:\/\/toidupakk.ee\/wp-content\/uploads\/2024\/03\/Jaanaelad-saabastele-1-768x768.png 768w, https:\/\/toidupakk.ee\/wp-content\/uploads\/2024\/03\/Jaanaelad-saabastele-1.png 800w\" sizes=\"(max-width: 500px) 100vw, 500px\" \/><p id=\"caption-attachment-21396\" class=\"wp-caption-text\">Neslystan\u010dios bat\u0173 nagut\u0117s<\/p><\/div>\n<p><strong><em>Kaip alternatyv\u0105 neslystantiems padams, asortimente turime ir bat\u0173 priekin\u0117je dalyje tvirtinamas nagutes. Daugiau apie prek\u0119 su\u017einok<\/em> <a href=\"https:\/\/toidupakk.ee\/lt\/toode\/bato-dygliai\/\">\u010cIA<\/a><\/strong><\/p>\n<p>\u017di\u016br\u0117k \u017eygio prekes <a href=\"https:\/\/toidupakk.ee\/lt\/tootekategooria\/zygio-iranga\/#section-3-79\">\u010cIA<\/a><\/p>\n<p>Pasisemk \u012fkv\u0117pimo kitiems nuotykiams Toidupakk <a href=\"https:\/\/www.instagram.com\/toidupakk\/\">Instagram<\/a> ir <a href=\"https:\/\/www.facebook.com\/Toidupakk\/\">Facebook<\/a> paskyrose.<\/p>\n","protected":false},"excerpt":{"rendered":"<ul>\n<li><strong>Neslystantys padai su dygliais<\/strong> padeda i\u0161vengti traum\u0173 d\u0117l slidumo<\/li>\n<li><strong>Pasir\u016bpink savimi ar savo artimaisiais ir pad\u0117k i\u0161vengti paslydim\u0173 ant ledo<\/strong><\/li>\n<li>Tinka <strong>vis\u0173 tip\u0173 batams<\/strong><\/li>\n<li><strong>Lengva u\u017esid\u0117ti<\/strong> ir nusiimti<\/li>\n<li>3 skirtingi dyd\u017eiai<\/li>\n<li><strong>Telpa \u012f ki\u0161en\u0119<\/strong><\/li>\n<li><strong>\u012evairi\u0173 kryp\u010di\u0173 dygliai<\/strong> u\u017etikrina ger\u0105 sukibim\u0105 tiek ant ledo, tiek ant apsnigto asfalto<\/li>\n<li>Med\u017eiagos: plieniniai dygliai ir temperat\u016brai atspari elastinga guma<\/li>\n<\/ul>\n<p>\u2705 Turime sand\u0117lyje, greitas pristatymas per 1\u20133 darbo dienas<br \/>\n\u2705 NEMOKAMAS gr\u0105\u017einimas ir keitimas, jei netinka dydis<\/p>\n<p><strong><em>SVARBU! Jei abejoji d\u0117l pad\u0173 dyd\u017eio, rekomenduojame rinktis didesn\u012f! <\/em><\/strong><\/p>\n","protected":false},"featured_media":5704,"comment_status":"open","ping_status":"closed","template":"","meta":{"_acf_changed":false},"product_brand":[],"product_cat":[224,267,200,225,199,223,189,190],"product_tag":[],"class_list":{"0":"post-47895","1":"product","2":"type-product","3":"status-publish","4":"has-post-thumbnail","6":"product_cat-avalyne","7":"product_cat-padai-nuo-slydimo","8":"product_cat-praktiskos-dovanu-idejos","9":"product_cat-zieminiai-batai","10":"product_cat-ziemos-prekes","11":"product_cat-zygio-batai","12":"product_cat-zygio-iranga","13":"product_cat-zygio-prekes","15":"first","16":"instock","17":"sale","18":"taxable","19":"shipping-taxable","20":"purchasable","21":"product-type-variable","22":"has-default-attributes"},"bundled_by":[],"bundle_stock_status":"instock","bundle_stock_quantity":null,"bundle_virtual":false,"bundle_layout":"","bundle_add_to_cart_form_location":"","bundle_editable_in_cart":false,"bundle_sold_individually_context":"","bundle_item_grouping":"","bundle_min_size":"","bundle_max_size":"","bundle_price":[],"bundled_items":[],"bundle_sell_ids":[],"acf":[],"yoast_head":"<!-- This site is optimized with the Yoast SEO plugin v27.3 - https:\/\/yoast.com\/product\/yoast-seo-wordpress\/ -->\n<title>Neslystantys padai su dygliais<\/title>\n<meta name=\"description\" content=\"Neslystantys padai su dygliais padeda i\u0161vengti traum\u0173 d\u0117l slidumo. Tinka visai avalynei, juos lengva u\u017esid\u0117ti ir nusiimti.\" \/>\n<meta name=\"robots\" content=\"index, follow, max-snippet:-1, max-image-preview:large, max-video-preview:-1\" \/>\n<link rel=\"canonical\" href=\"https:\/\/toidupakk.ee\/lt\/toode\/neslystantys-padai-su-dygliais\/\" \/>\n<meta property=\"og:locale\" content=\"lt_LT\" \/>\n<meta property=\"og:type\" content=\"article\" \/>\n<meta property=\"og:title\" content=\"Neslystantys padai su dygliais\" \/>\n<meta property=\"og:description\" content=\"Neslystantys padai su dygliais padeda i\u0161vengti traum\u0173 d\u0117l slidumo. Tinka visai avalynei, juos lengva u\u017esid\u0117ti ir nusiimti.\" \/>\n<meta property=\"og:url\" content=\"https:\/\/toidupakk.ee\/lt\/toode\/neslystantys-padai-su-dygliais\/\" \/>\n<meta property=\"og:site_name\" content=\"Toidupakk.ee - Tactical Foodpack toidupakid\" \/>\n<meta property=\"article:publisher\" content=\"https:\/\/www.facebook.com\/Toidupakk\" \/>\n<meta property=\"article:modified_time\" content=\"2026-04-29T14:01:56+00:00\" \/>\n<meta property=\"og:image\" content=\"https:\/\/toidupakk.ee\/wp-content\/uploads\/2023\/02\/Libisemisvastased-tallad-1-1.png\" \/>\n\t<meta property=\"og:image:width\" content=\"1080\" \/>\n\t<meta property=\"og:image:height\" content=\"1080\" \/>\n\t<meta property=\"og:image:type\" content=\"image\/png\" \/>\n<meta name=\"twitter:card\" content=\"summary_large_image\" \/>\n<meta name=\"twitter:label1\" content=\"Est. reading time\" \/>\n\t<meta name=\"twitter:data1\" content=\"3 minut\u0117s\" \/>\n<script type=\"application\/ld+json\" class=\"yoast-schema-graph\">{\"@context\":\"https:\\\/\\\/schema.org\",\"@graph\":[{\"@type\":\"WebPage\",\"@id\":\"https:\\\/\\\/toidupakk.ee\\\/lt\\\/toode\\\/neslystantys-padai-su-dygliais\\\/\",\"url\":\"https:\\\/\\\/toidupakk.ee\\\/lt\\\/toode\\\/neslystantys-padai-su-dygliais\\\/\",\"name\":\"Neslystantys padai su dygliais\",\"isPartOf\":{\"@id\":\"https:\\\/\\\/toidupakk.ee\\\/lt\\\/#website\"},\"primaryImageOfPage\":{\"@id\":\"https:\\\/\\\/toidupakk.ee\\\/lt\\\/toode\\\/neslystantys-padai-su-dygliais\\\/#primaryimage\"},\"image\":{\"@id\":\"https:\\\/\\\/toidupakk.ee\\\/lt\\\/toode\\\/neslystantys-padai-su-dygliais\\\/#primaryimage\"},\"thumbnailUrl\":\"https:\\\/\\\/toidupakk.ee\\\/wp-content\\\/uploads\\\/2023\\\/02\\\/Libisemisvastased-tallad-1-1.png\",\"datePublished\":\"2023-02-20T14:17:49+00:00\",\"dateModified\":\"2026-04-29T14:01:56+00:00\",\"description\":\"Neslystantys padai su dygliais padeda i\u0161vengti traum\u0173 d\u0117l slidumo. Tinka visai avalynei, juos lengva u\u017esid\u0117ti ir nusiimti.\",\"breadcrumb\":{\"@id\":\"https:\\\/\\\/toidupakk.ee\\\/lt\\\/toode\\\/neslystantys-padai-su-dygliais\\\/#breadcrumb\"},\"inLanguage\":\"lt-LT\",\"potentialAction\":[{\"@type\":\"ReadAction\",\"target\":[\"https:\\\/\\\/toidupakk.ee\\\/lt\\\/toode\\\/neslystantys-padai-su-dygliais\\\/\"]}]},{\"@type\":\"ImageObject\",\"inLanguage\":\"lt-LT\",\"@id\":\"https:\\\/\\\/toidupakk.ee\\\/lt\\\/toode\\\/neslystantys-padai-su-dygliais\\\/#primaryimage\",\"url\":\"https:\\\/\\\/toidupakk.ee\\\/wp-content\\\/uploads\\\/2023\\\/02\\\/Libisemisvastased-tallad-1-1.png\",\"contentUrl\":\"https:\\\/\\\/toidupakk.ee\\\/wp-content\\\/uploads\\\/2023\\\/02\\\/Libisemisvastased-tallad-1-1.png\",\"width\":1080,\"height\":1080,\"caption\":\"Libisemisvastased tallad ehk j\u00e4\u00e4naelikud\"},{\"@type\":\"BreadcrumbList\",\"@id\":\"https:\\\/\\\/toidupakk.ee\\\/lt\\\/toode\\\/neslystantys-padai-su-dygliais\\\/#breadcrumb\",\"itemListElement\":[{\"@type\":\"ListItem\",\"position\":1,\"name\":\"Avaleht\",\"item\":\"https:\\\/\\\/toidupakk.ee\\\/lt\\\/\"},{\"@type\":\"ListItem\",\"position\":2,\"name\":\"El. parduotuv\u0117\",\"item\":\"https:\\\/\\\/toidupakk.ee\\\/lt\\\/el-parduotuve\\\/\"},{\"@type\":\"ListItem\",\"position\":3,\"name\":\"Neslystantys padai su dygliais\"}]},{\"@type\":\"WebSite\",\"@id\":\"https:\\\/\\\/toidupakk.ee\\\/lt\\\/#website\",\"url\":\"https:\\\/\\\/toidupakk.ee\\\/lt\\\/\",\"name\":\"Toidupakk.ee - Tactical Foodpack toidupakid\",\"description\":\"Tactical Foodpack k\u00fclmkuivatatud toidupakid ja matkaeined\",\"publisher\":{\"@id\":\"https:\\\/\\\/toidupakk.ee\\\/lt\\\/#organization\"},\"potentialAction\":[{\"@type\":\"SearchAction\",\"target\":{\"@type\":\"EntryPoint\",\"urlTemplate\":\"https:\\\/\\\/toidupakk.ee\\\/lt\\\/?s={search_term_string}\"},\"query-input\":{\"@type\":\"PropertyValueSpecification\",\"valueRequired\":true,\"valueName\":\"search_term_string\"}}],\"inLanguage\":\"lt-LT\"},{\"@type\":\"Organization\",\"@id\":\"https:\\\/\\\/toidupakk.ee\\\/lt\\\/#organization\",\"name\":\"Tactical Foodpack matkaeined\",\"url\":\"https:\\\/\\\/toidupakk.ee\\\/lt\\\/\",\"logo\":{\"@type\":\"ImageObject\",\"inLanguage\":\"lt-LT\",\"@id\":\"https:\\\/\\\/toidupakk.ee\\\/lt\\\/#\\\/schema\\\/logo\\\/image\\\/\",\"url\":\"https:\\\/\\\/toidupakk.ee\\\/wp-content\\\/uploads\\\/2022\\\/01\\\/Toidupakk-matkapood-logo-transparent.png\",\"contentUrl\":\"https:\\\/\\\/toidupakk.ee\\\/wp-content\\\/uploads\\\/2022\\\/01\\\/Toidupakk-matkapood-logo-transparent.png\",\"width\":500,\"height\":500,\"caption\":\"Tactical Foodpack matkaeined\"},\"image\":{\"@id\":\"https:\\\/\\\/toidupakk.ee\\\/lt\\\/#\\\/schema\\\/logo\\\/image\\\/\"},\"sameAs\":[\"https:\\\/\\\/www.facebook.com\\\/Toidupakk\",\"https:\\\/\\\/www.instagram.com\\\/toidupakk\\\/\"]}]}<\/script>\n<!-- \/ Yoast SEO plugin. -->","yoast_head_json":{"title":"Neslystantys padai su dygliais","description":"Neslystantys padai su dygliais padeda i\u0161vengti traum\u0173 d\u0117l slidumo. Tinka visai avalynei, juos lengva u\u017esid\u0117ti ir nusiimti.","robots":{"index":"index","follow":"follow","max-snippet":"max-snippet:-1","max-image-preview":"max-image-preview:large","max-video-preview":"max-video-preview:-1"},"canonical":"https:\/\/toidupakk.ee\/lt\/toode\/neslystantys-padai-su-dygliais\/","og_locale":"lt_LT","og_type":"article","og_title":"Neslystantys padai su dygliais","og_description":"Neslystantys padai su dygliais padeda i\u0161vengti traum\u0173 d\u0117l slidumo. Tinka visai avalynei, juos lengva u\u017esid\u0117ti ir nusiimti.","og_url":"https:\/\/toidupakk.ee\/lt\/toode\/neslystantys-padai-su-dygliais\/","og_site_name":"Toidupakk.ee - Tactical Foodpack toidupakid","article_publisher":"https:\/\/www.facebook.com\/Toidupakk","article_modified_time":"2026-04-29T14:01:56+00:00","og_image":[{"width":1080,"height":1080,"url":"https:\/\/toidupakk.ee\/wp-content\/uploads\/2023\/02\/Libisemisvastased-tallad-1-1.png","type":"image\/png"}],"twitter_card":"summary_large_image","twitter_misc":{"Est. reading time":"3 minut\u0117s"},"schema":{"@context":"https:\/\/schema.org","@graph":[{"@type":"WebPage","@id":"https:\/\/toidupakk.ee\/lt\/toode\/neslystantys-padai-su-dygliais\/","url":"https:\/\/toidupakk.ee\/lt\/toode\/neslystantys-padai-su-dygliais\/","name":"Neslystantys padai su dygliais","isPartOf":{"@id":"https:\/\/toidupakk.ee\/lt\/#website"},"primaryImageOfPage":{"@id":"https:\/\/toidupakk.ee\/lt\/toode\/neslystantys-padai-su-dygliais\/#primaryimage"},"image":{"@id":"https:\/\/toidupakk.ee\/lt\/toode\/neslystantys-padai-su-dygliais\/#primaryimage"},"thumbnailUrl":"https:\/\/toidupakk.ee\/wp-content\/uploads\/2023\/02\/Libisemisvastased-tallad-1-1.png","datePublished":"2023-02-20T14:17:49+00:00","dateModified":"2026-04-29T14:01:56+00:00","description":"Neslystantys padai su dygliais padeda i\u0161vengti traum\u0173 d\u0117l slidumo. Tinka visai avalynei, juos lengva u\u017esid\u0117ti ir nusiimti.","breadcrumb":{"@id":"https:\/\/toidupakk.ee\/lt\/toode\/neslystantys-padai-su-dygliais\/#breadcrumb"},"inLanguage":"lt-LT","potentialAction":[{"@type":"ReadAction","target":["https:\/\/toidupakk.ee\/lt\/toode\/neslystantys-padai-su-dygliais\/"]}]},{"@type":"ImageObject","inLanguage":"lt-LT","@id":"https:\/\/toidupakk.ee\/lt\/toode\/neslystantys-padai-su-dygliais\/#primaryimage","url":"https:\/\/toidupakk.ee\/wp-content\/uploads\/2023\/02\/Libisemisvastased-tallad-1-1.png","contentUrl":"https:\/\/toidupakk.ee\/wp-content\/uploads\/2023\/02\/Libisemisvastased-tallad-1-1.png","width":1080,"height":1080,"caption":"Libisemisvastased tallad ehk j\u00e4\u00e4naelikud"},{"@type":"BreadcrumbList","@id":"https:\/\/toidupakk.ee\/lt\/toode\/neslystantys-padai-su-dygliais\/#breadcrumb","itemListElement":[{"@type":"ListItem","position":1,"name":"Avaleht","item":"https:\/\/toidupakk.ee\/lt\/"},{"@type":"ListItem","position":2,"name":"El. parduotuv\u0117","item":"https:\/\/toidupakk.ee\/lt\/el-parduotuve\/"},{"@type":"ListItem","position":3,"name":"Neslystantys padai su dygliais"}]},{"@type":"WebSite","@id":"https:\/\/toidupakk.ee\/lt\/#website","url":"https:\/\/toidupakk.ee\/lt\/","name":"Toidupakk.ee - Tactical Foodpack toidupakid","description":"Tactical Foodpack k\u00fclmkuivatatud toidupakid ja matkaeined","publisher":{"@id":"https:\/\/toidupakk.ee\/lt\/#organization"},"potentialAction":[{"@type":"SearchAction","target":{"@type":"EntryPoint","urlTemplate":"https:\/\/toidupakk.ee\/lt\/?s={search_term_string}"},"query-input":{"@type":"PropertyValueSpecification","valueRequired":true,"valueName":"search_term_string"}}],"inLanguage":"lt-LT"},{"@type":"Organization","@id":"https:\/\/toidupakk.ee\/lt\/#organization","name":"Tactical Foodpack matkaeined","url":"https:\/\/toidupakk.ee\/lt\/","logo":{"@type":"ImageObject","inLanguage":"lt-LT","@id":"https:\/\/toidupakk.ee\/lt\/#\/schema\/logo\/image\/","url":"https:\/\/toidupakk.ee\/wp-content\/uploads\/2022\/01\/Toidupakk-matkapood-logo-transparent.png","contentUrl":"https:\/\/toidupakk.ee\/wp-content\/uploads\/2022\/01\/Toidupakk-matkapood-logo-transparent.png","width":500,"height":500,"caption":"Tactical Foodpack matkaeined"},"image":{"@id":"https:\/\/toidupakk.ee\/lt\/#\/schema\/logo\/image\/"},"sameAs":["https:\/\/www.facebook.com\/Toidupakk","https:\/\/www.instagram.com\/toidupakk\/"]}]}},"jetpack_sharing_enabled":true,"_links":{"self":[{"href":"https:\/\/toidupakk.ee\/lt\/wp-json\/wp\/v2\/product\/47895","targetHints":{"allow":["GET"]}}],"collection":[{"href":"https:\/\/toidupakk.ee\/lt\/wp-json\/wp\/v2\/product"}],"about":[{"href":"https:\/\/toidupakk.ee\/lt\/wp-json\/wp\/v2\/types\/product"}],"replies":[{"embeddable":true,"href":"https:\/\/toidupakk.ee\/lt\/wp-json\/wp\/v2\/comments?post=47895"}],"wp:featuredmedia":[{"embeddable":true,"href":"https:\/\/toidupakk.ee\/lt\/wp-json\/wp\/v2\/media\/5704"}],"wp:attachment":[{"href":"https:\/\/toidupakk.ee\/lt\/wp-json\/wp\/v2\/media?parent=47895"}],"wp:term":[{"taxonomy":"product_brand","embeddable":true,"href":"https:\/\/toidupakk.ee\/lt\/wp-json\/wp\/v2\/product_brand?post=47895"},{"taxonomy":"product_cat","embeddable":true,"href":"https:\/\/toidupakk.ee\/lt\/wp-json\/wp\/v2\/product_cat?post=47895"},{"taxonomy":"product_tag","embeddable":true,"href":"https:\/\/toidupakk.ee\/lt\/wp-json\/wp\/v2\/product_tag?post=47895"}],"curies":[{"name":"wp","href":"https:\/\/api.w.org\/{rel}","templated":true}]}}