{"id":47893,"date":"2023-03-17T12:30:15","date_gmt":"2023-03-17T10:30:15","guid":{"rendered":"https:\/\/toidupakk.ee\/toode\/pirstines-be-pirstu-thinsulate\/"},"modified":"2026-04-15T01:31:22","modified_gmt":"2026-04-14T22:31:22","slug":"pirstines-be-pirstu-thinsulate","status":"publish","type":"product","link":"https:\/\/toidupakk.ee\/lt\/toode\/pirstines-be-pirstu-thinsulate\/","title":{"rendered":"Pir\u0161tin\u0117s be pir\u0161t\u0173 \u201eThinsulate\u00ae\u201c"},"content":{"rendered":"<h1><img fetchpriority=\"high\" decoding=\"async\" class=\"alignright wp-image-6539 size-thumbnail\" src=\"https:\/\/toidupakk.ee\/wp-content\/uploads\/2023\/03\/Sormedeta-kindad-Thinsulate-1-500x500.png\" alt=\"Pir\u0161tin\u0117s be pir\u0161t\u0173\" width=\"500\" height=\"500\" srcset=\"https:\/\/toidupakk.ee\/wp-content\/uploads\/2023\/03\/Sormedeta-kindad-Thinsulate-1-500x500.png 500w, https:\/\/toidupakk.ee\/wp-content\/uploads\/2023\/03\/Sormedeta-kindad-Thinsulate-1-400x400.png 400w, https:\/\/toidupakk.ee\/wp-content\/uploads\/2023\/03\/Sormedeta-kindad-Thinsulate-1-100x100.png 100w, https:\/\/toidupakk.ee\/wp-content\/uploads\/2023\/03\/Sormedeta-kindad-Thinsulate-1-800x800.png 800w, https:\/\/toidupakk.ee\/wp-content\/uploads\/2023\/03\/Sormedeta-kindad-Thinsulate-1-300x300.png 300w, https:\/\/toidupakk.ee\/wp-content\/uploads\/2023\/03\/Sormedeta-kindad-Thinsulate-1-1024x1024.png 1024w, https:\/\/toidupakk.ee\/wp-content\/uploads\/2023\/03\/Sormedeta-kindad-Thinsulate-1-768x768.png 768w, https:\/\/toidupakk.ee\/wp-content\/uploads\/2023\/03\/Sormedeta-kindad-Thinsulate-1.png 1080w\" sizes=\"(max-width: 500px) 100vw, 500px\" \/><\/h1>\n<h1>Pir\u0161tin\u0117s be pir\u0161t\u0173 \u201eThinsulate\u00ae\u201c<\/h1>\n<p>\u201eThinsulate\u201c pir\u0161tin\u0117s be pir\u0161t\u0173 \u2013 tai idealus ir prakti\u0161kas sprendimas tiems, kurie nori apsaugoti rankas nuo \u0161al\u010dio, bet kartu siekia i\u0161laikyti pir\u0161t\u0173 laisv\u0119 ir jautrum\u0105. Pir\u0161tin\u0117s su kokybi\u0161ku \u201eThinsulate\u201c pamu\u0161alu yra storesn\u0117s ir \u0161iltesn\u0117s u\u017e \u012fprastas. Puiki \u0161ilumos izoliacija i\u0161laiko rankas \u0161iltas net \u0161al\u010diausiomis dienomis, nevar\u017eydama pir\u0161t\u0173 judesi\u0173.  <\/p>\n<h2><\/h2>\n<h2>Naudojimo sritys:<\/h2>\n<p>\u017diemos i\u0161vykos, pvz., \u017evejyba, \u017eygiai, pasiva\u017ein\u0117jimas snieglente, slidin\u0117jimas ir kt. <\/p>\n<p>Sportas v\u0117sesniu oru, pvz., futbolas, krep\u0161inis, b\u0117gimas ir kt. <\/p>\n<p>Kasdienis naudojimas \u0161altomis dienomis, pvz., darbas lauke, pasivaik\u0161\u010diojimai ir kt. <\/p>\n<p>Jos puikiai tinka ir vairuotojams, kuriems reikia laisv\u0173 pir\u0161t\u0173 vairui laikyti, kol rankos i\u0161lieka \u0161iltos ir apsaugotos nuo \u0161al\u010dio.<\/p>\n<p>&nbsp;<\/p>\n<h3>Prie\u017ei\u016bros instrukcijos:<\/h3>\n<p>Skalbti rankomis drungname vandenyje. Nenaudoti baliklio. D\u017eiovinti patiesus ant lygaus pavir\u0161iaus, nenaudoti d\u017eiovykl\u0117s.  <\/p>\n<p>&nbsp;<\/p>\n<p>Daugiau \u017eygio preki\u0173 rasi <a href=\"https:\/\/toidupakk.ee\/lt\/tootekategooria\/zygio-iranga\/#section-3-79\">\u010cIA<\/a><\/p>\n<p>Pasisemk \u012fkv\u0117pimo kitiems nuotykiams Toidupakk <a href=\"https:\/\/www.instagram.com\/toidupakk\/\">Instagram<\/a> ir <a href=\"https:\/\/www.facebook.com\/Toidupakk\/\">Facebook<\/a> paskyrose.<\/p>\n","protected":false},"excerpt":{"rendered":"<p>Ypa\u010d \u0161iltos pir\u0161tin\u0117s atvirais pir\u0161t\u0173 galais. Idealiai tinka, kai reikia da\u017enai naudotis i\u0161maniuoju telefonu ar plan\u0161ete, bet nesinori kaskart nusimauti pir\u0161tini\u0173. Populiarus pasirinkimas tarp \u017evej\u0173 ir med\u017eiotoj\u0173.  <\/p>\n<ul>\n<li>\u0160iltos pir\u0161tin\u0117s atvirais pir\u0161t\u0173 galais su \u201e3M\u2122 Thinsulate\u2122\u201c pamu\u0161alu.<\/li>\n<li>Dvigubas pamu\u0161alas \u2013 storesn\u0117s ir \u0161iltesn\u0117s u\u017e \u012fprastas pir\u0161tines.<\/li>\n<li>Daugiau nebereik\u0117s sukti galvos d\u0117l \u0161\u0105lan\u010di\u0173 pir\u0161t\u0173.<\/li>\n<li>Spalva: juoda<\/li>\n<li>Dydis: M-L<\/li>\n<\/ul>\n<p>\u2705 N\u0117ra sand\u0117lyje<\/p>\n","protected":false},"featured_media":6540,"comment_status":"open","ping_status":"closed","template":"","meta":{"_acf_changed":false},"product_brand":[],"product_cat":[191,253,200,189,190],"product_tag":[],"class_list":{"0":"post-47893","1":"product","2":"type-product","3":"status-publish","4":"has-post-thumbnail","6":"product_cat-drabuziai","7":"product_cat-pirstines","8":"product_cat-praktiskos-dovanu-idejos","9":"product_cat-zygio-iranga","10":"product_cat-zygio-prekes","12":"first","13":"instock","14":"sale","15":"taxable","16":"shipping-taxable","17":"purchasable","18":"product-type-simple"},"bundled_by":[],"bundle_stock_status":"instock","bundle_stock_quantity":8,"bundle_virtual":false,"bundle_layout":"","bundle_add_to_cart_form_location":"","bundle_editable_in_cart":false,"bundle_sold_individually_context":"","bundle_item_grouping":"","bundle_min_size":"","bundle_max_size":"","bundle_price":[],"bundled_items":[],"bundle_sell_ids":[],"acf":[],"yoast_head":"<!-- This site is optimized with the Yoast SEO plugin v27.3 - https:\/\/yoast.com\/product\/yoast-seo-wordpress\/ -->\n<title>Pir\u0161tin\u0117s be pir\u0161t\u0173 \u201eThinsulate\u00ae\u201c<\/title>\n<meta name=\"description\" content=\"Pir\u0161tin\u0117s be pir\u0161t\u0173 su dvigubu \u201e3M\u2122 Thinsulate\u2122\u201c pamu\u0161alu su\u0161ildys tavo rankas. Maloniai storos pir\u0161tin\u0117s, su kuriomis gal\u0117si naudotis i\u0161maniuoju telefonu.\" \/>\n<meta name=\"robots\" content=\"index, follow, max-snippet:-1, max-image-preview:large, max-video-preview:-1\" \/>\n<link rel=\"canonical\" href=\"https:\/\/toidupakk.ee\/lt\/toode\/pirstines-be-pirstu-thinsulate\/\" \/>\n<meta property=\"og:locale\" content=\"lt_LT\" \/>\n<meta property=\"og:type\" content=\"article\" \/>\n<meta property=\"og:title\" content=\"Pir\u0161tin\u0117s be pir\u0161t\u0173 \u201eThinsulate\u00ae\u201c\" \/>\n<meta property=\"og:description\" content=\"Pir\u0161tin\u0117s be pir\u0161t\u0173 su dvigubu \u201e3M\u2122 Thinsulate\u2122\u201c pamu\u0161alu su\u0161ildys tavo rankas. Maloniai storos pir\u0161tin\u0117s, su kuriomis gal\u0117si naudotis i\u0161maniuoju telefonu.\" \/>\n<meta property=\"og:url\" content=\"https:\/\/toidupakk.ee\/lt\/toode\/pirstines-be-pirstu-thinsulate\/\" \/>\n<meta property=\"og:site_name\" content=\"Toidupakk.ee - Tactical Foodpack toidupakid\" \/>\n<meta property=\"article:publisher\" content=\"https:\/\/www.facebook.com\/Toidupakk\" \/>\n<meta property=\"article:modified_time\" content=\"2026-04-14T22:31:22+00:00\" \/>\n<meta property=\"og:image\" content=\"https:\/\/toidupakk.ee\/wp-content\/uploads\/2023\/03\/Sormedeta-kindad-Thinsulate.png\" \/>\n\t<meta property=\"og:image:width\" content=\"1080\" \/>\n\t<meta property=\"og:image:height\" content=\"1080\" \/>\n\t<meta property=\"og:image:type\" content=\"image\/png\" \/>\n<meta name=\"twitter:card\" content=\"summary_large_image\" \/>\n<meta name=\"twitter:label1\" content=\"Est. reading time\" \/>\n\t<meta name=\"twitter:data1\" content=\"1 minut\u0117\" \/>\n<script type=\"application\/ld+json\" class=\"yoast-schema-graph\">{\"@context\":\"https:\\\/\\\/schema.org\",\"@graph\":[{\"@type\":\"WebPage\",\"@id\":\"https:\\\/\\\/toidupakk.ee\\\/lt\\\/toode\\\/pirstines-be-pirstu-thinsulate\\\/\",\"url\":\"https:\\\/\\\/toidupakk.ee\\\/lt\\\/toode\\\/pirstines-be-pirstu-thinsulate\\\/\",\"name\":\"Pir\u0161tin\u0117s be pir\u0161t\u0173 \u201eThinsulate\u00ae\u201c\",\"isPartOf\":{\"@id\":\"https:\\\/\\\/toidupakk.ee\\\/lt\\\/#website\"},\"primaryImageOfPage\":{\"@id\":\"https:\\\/\\\/toidupakk.ee\\\/lt\\\/toode\\\/pirstines-be-pirstu-thinsulate\\\/#primaryimage\"},\"image\":{\"@id\":\"https:\\\/\\\/toidupakk.ee\\\/lt\\\/toode\\\/pirstines-be-pirstu-thinsulate\\\/#primaryimage\"},\"thumbnailUrl\":\"https:\\\/\\\/toidupakk.ee\\\/wp-content\\\/uploads\\\/2023\\\/03\\\/Sormedeta-kindad-Thinsulate.png\",\"datePublished\":\"2023-03-17T10:30:15+00:00\",\"dateModified\":\"2026-04-14T22:31:22+00:00\",\"description\":\"Pir\u0161tin\u0117s be pir\u0161t\u0173 su dvigubu \u201e3M\u2122 Thinsulate\u2122\u201c pamu\u0161alu su\u0161ildys tavo rankas. Maloniai storos pir\u0161tin\u0117s, su kuriomis gal\u0117si naudotis i\u0161maniuoju telefonu.\",\"breadcrumb\":{\"@id\":\"https:\\\/\\\/toidupakk.ee\\\/lt\\\/toode\\\/pirstines-be-pirstu-thinsulate\\\/#breadcrumb\"},\"inLanguage\":\"lt-LT\",\"potentialAction\":[{\"@type\":\"ReadAction\",\"target\":[\"https:\\\/\\\/toidupakk.ee\\\/lt\\\/toode\\\/pirstines-be-pirstu-thinsulate\\\/\"]}]},{\"@type\":\"ImageObject\",\"inLanguage\":\"lt-LT\",\"@id\":\"https:\\\/\\\/toidupakk.ee\\\/lt\\\/toode\\\/pirstines-be-pirstu-thinsulate\\\/#primaryimage\",\"url\":\"https:\\\/\\\/toidupakk.ee\\\/wp-content\\\/uploads\\\/2023\\\/03\\\/Sormedeta-kindad-Thinsulate.png\",\"contentUrl\":\"https:\\\/\\\/toidupakk.ee\\\/wp-content\\\/uploads\\\/2023\\\/03\\\/Sormedeta-kindad-Thinsulate.png\",\"width\":1080,\"height\":1080,\"caption\":\"Ilma s\u00f5rmedeta kindad\"},{\"@type\":\"BreadcrumbList\",\"@id\":\"https:\\\/\\\/toidupakk.ee\\\/lt\\\/toode\\\/pirstines-be-pirstu-thinsulate\\\/#breadcrumb\",\"itemListElement\":[{\"@type\":\"ListItem\",\"position\":1,\"name\":\"Avaleht\",\"item\":\"https:\\\/\\\/toidupakk.ee\\\/lt\\\/\"},{\"@type\":\"ListItem\",\"position\":2,\"name\":\"El. parduotuv\u0117\",\"item\":\"https:\\\/\\\/toidupakk.ee\\\/lt\\\/el-parduotuve\\\/\"},{\"@type\":\"ListItem\",\"position\":3,\"name\":\"Pir\u0161tin\u0117s be pir\u0161t\u0173 \u201eThinsulate\u00ae\u201c\"}]},{\"@type\":\"WebSite\",\"@id\":\"https:\\\/\\\/toidupakk.ee\\\/lt\\\/#website\",\"url\":\"https:\\\/\\\/toidupakk.ee\\\/lt\\\/\",\"name\":\"Toidupakk.ee - Tactical Foodpack toidupakid\",\"description\":\"Tactical Foodpack k\u00fclmkuivatatud toidupakid ja matkaeined\",\"publisher\":{\"@id\":\"https:\\\/\\\/toidupakk.ee\\\/lt\\\/#organization\"},\"potentialAction\":[{\"@type\":\"SearchAction\",\"target\":{\"@type\":\"EntryPoint\",\"urlTemplate\":\"https:\\\/\\\/toidupakk.ee\\\/lt\\\/?s={search_term_string}\"},\"query-input\":{\"@type\":\"PropertyValueSpecification\",\"valueRequired\":true,\"valueName\":\"search_term_string\"}}],\"inLanguage\":\"lt-LT\"},{\"@type\":\"Organization\",\"@id\":\"https:\\\/\\\/toidupakk.ee\\\/lt\\\/#organization\",\"name\":\"Tactical Foodpack matkaeined\",\"url\":\"https:\\\/\\\/toidupakk.ee\\\/lt\\\/\",\"logo\":{\"@type\":\"ImageObject\",\"inLanguage\":\"lt-LT\",\"@id\":\"https:\\\/\\\/toidupakk.ee\\\/lt\\\/#\\\/schema\\\/logo\\\/image\\\/\",\"url\":\"https:\\\/\\\/toidupakk.ee\\\/wp-content\\\/uploads\\\/2022\\\/01\\\/Toidupakk-matkapood-logo-transparent.png\",\"contentUrl\":\"https:\\\/\\\/toidupakk.ee\\\/wp-content\\\/uploads\\\/2022\\\/01\\\/Toidupakk-matkapood-logo-transparent.png\",\"width\":500,\"height\":500,\"caption\":\"Tactical Foodpack matkaeined\"},\"image\":{\"@id\":\"https:\\\/\\\/toidupakk.ee\\\/lt\\\/#\\\/schema\\\/logo\\\/image\\\/\"},\"sameAs\":[\"https:\\\/\\\/www.facebook.com\\\/Toidupakk\",\"https:\\\/\\\/www.instagram.com\\\/toidupakk\\\/\"]}]}<\/script>\n<!-- \/ Yoast SEO plugin. -->","yoast_head_json":{"title":"Pir\u0161tin\u0117s be pir\u0161t\u0173 \u201eThinsulate\u00ae\u201c","description":"Pir\u0161tin\u0117s be pir\u0161t\u0173 su dvigubu \u201e3M\u2122 Thinsulate\u2122\u201c pamu\u0161alu su\u0161ildys tavo rankas. Maloniai storos pir\u0161tin\u0117s, su kuriomis gal\u0117si naudotis i\u0161maniuoju telefonu.","robots":{"index":"index","follow":"follow","max-snippet":"max-snippet:-1","max-image-preview":"max-image-preview:large","max-video-preview":"max-video-preview:-1"},"canonical":"https:\/\/toidupakk.ee\/lt\/toode\/pirstines-be-pirstu-thinsulate\/","og_locale":"lt_LT","og_type":"article","og_title":"Pir\u0161tin\u0117s be pir\u0161t\u0173 \u201eThinsulate\u00ae\u201c","og_description":"Pir\u0161tin\u0117s be pir\u0161t\u0173 su dvigubu \u201e3M\u2122 Thinsulate\u2122\u201c pamu\u0161alu su\u0161ildys tavo rankas. Maloniai storos pir\u0161tin\u0117s, su kuriomis gal\u0117si naudotis i\u0161maniuoju telefonu.","og_url":"https:\/\/toidupakk.ee\/lt\/toode\/pirstines-be-pirstu-thinsulate\/","og_site_name":"Toidupakk.ee - Tactical Foodpack toidupakid","article_publisher":"https:\/\/www.facebook.com\/Toidupakk","article_modified_time":"2026-04-14T22:31:22+00:00","og_image":[{"width":1080,"height":1080,"url":"https:\/\/toidupakk.ee\/wp-content\/uploads\/2023\/03\/Sormedeta-kindad-Thinsulate.png","type":"image\/png"}],"twitter_card":"summary_large_image","twitter_misc":{"Est. reading time":"1 minut\u0117"},"schema":{"@context":"https:\/\/schema.org","@graph":[{"@type":"WebPage","@id":"https:\/\/toidupakk.ee\/lt\/toode\/pirstines-be-pirstu-thinsulate\/","url":"https:\/\/toidupakk.ee\/lt\/toode\/pirstines-be-pirstu-thinsulate\/","name":"Pir\u0161tin\u0117s be pir\u0161t\u0173 \u201eThinsulate\u00ae\u201c","isPartOf":{"@id":"https:\/\/toidupakk.ee\/lt\/#website"},"primaryImageOfPage":{"@id":"https:\/\/toidupakk.ee\/lt\/toode\/pirstines-be-pirstu-thinsulate\/#primaryimage"},"image":{"@id":"https:\/\/toidupakk.ee\/lt\/toode\/pirstines-be-pirstu-thinsulate\/#primaryimage"},"thumbnailUrl":"https:\/\/toidupakk.ee\/wp-content\/uploads\/2023\/03\/Sormedeta-kindad-Thinsulate.png","datePublished":"2023-03-17T10:30:15+00:00","dateModified":"2026-04-14T22:31:22+00:00","description":"Pir\u0161tin\u0117s be pir\u0161t\u0173 su dvigubu \u201e3M\u2122 Thinsulate\u2122\u201c pamu\u0161alu su\u0161ildys tavo rankas. Maloniai storos pir\u0161tin\u0117s, su kuriomis gal\u0117si naudotis i\u0161maniuoju telefonu.","breadcrumb":{"@id":"https:\/\/toidupakk.ee\/lt\/toode\/pirstines-be-pirstu-thinsulate\/#breadcrumb"},"inLanguage":"lt-LT","potentialAction":[{"@type":"ReadAction","target":["https:\/\/toidupakk.ee\/lt\/toode\/pirstines-be-pirstu-thinsulate\/"]}]},{"@type":"ImageObject","inLanguage":"lt-LT","@id":"https:\/\/toidupakk.ee\/lt\/toode\/pirstines-be-pirstu-thinsulate\/#primaryimage","url":"https:\/\/toidupakk.ee\/wp-content\/uploads\/2023\/03\/Sormedeta-kindad-Thinsulate.png","contentUrl":"https:\/\/toidupakk.ee\/wp-content\/uploads\/2023\/03\/Sormedeta-kindad-Thinsulate.png","width":1080,"height":1080,"caption":"Ilma s\u00f5rmedeta kindad"},{"@type":"BreadcrumbList","@id":"https:\/\/toidupakk.ee\/lt\/toode\/pirstines-be-pirstu-thinsulate\/#breadcrumb","itemListElement":[{"@type":"ListItem","position":1,"name":"Avaleht","item":"https:\/\/toidupakk.ee\/lt\/"},{"@type":"ListItem","position":2,"name":"El. parduotuv\u0117","item":"https:\/\/toidupakk.ee\/lt\/el-parduotuve\/"},{"@type":"ListItem","position":3,"name":"Pir\u0161tin\u0117s be pir\u0161t\u0173 \u201eThinsulate\u00ae\u201c"}]},{"@type":"WebSite","@id":"https:\/\/toidupakk.ee\/lt\/#website","url":"https:\/\/toidupakk.ee\/lt\/","name":"Toidupakk.ee - Tactical Foodpack toidupakid","description":"Tactical Foodpack k\u00fclmkuivatatud toidupakid ja matkaeined","publisher":{"@id":"https:\/\/toidupakk.ee\/lt\/#organization"},"potentialAction":[{"@type":"SearchAction","target":{"@type":"EntryPoint","urlTemplate":"https:\/\/toidupakk.ee\/lt\/?s={search_term_string}"},"query-input":{"@type":"PropertyValueSpecification","valueRequired":true,"valueName":"search_term_string"}}],"inLanguage":"lt-LT"},{"@type":"Organization","@id":"https:\/\/toidupakk.ee\/lt\/#organization","name":"Tactical Foodpack matkaeined","url":"https:\/\/toidupakk.ee\/lt\/","logo":{"@type":"ImageObject","inLanguage":"lt-LT","@id":"https:\/\/toidupakk.ee\/lt\/#\/schema\/logo\/image\/","url":"https:\/\/toidupakk.ee\/wp-content\/uploads\/2022\/01\/Toidupakk-matkapood-logo-transparent.png","contentUrl":"https:\/\/toidupakk.ee\/wp-content\/uploads\/2022\/01\/Toidupakk-matkapood-logo-transparent.png","width":500,"height":500,"caption":"Tactical Foodpack matkaeined"},"image":{"@id":"https:\/\/toidupakk.ee\/lt\/#\/schema\/logo\/image\/"},"sameAs":["https:\/\/www.facebook.com\/Toidupakk","https:\/\/www.instagram.com\/toidupakk\/"]}]}},"jetpack_sharing_enabled":true,"_links":{"self":[{"href":"https:\/\/toidupakk.ee\/lt\/wp-json\/wp\/v2\/product\/47893","targetHints":{"allow":["GET"]}}],"collection":[{"href":"https:\/\/toidupakk.ee\/lt\/wp-json\/wp\/v2\/product"}],"about":[{"href":"https:\/\/toidupakk.ee\/lt\/wp-json\/wp\/v2\/types\/product"}],"replies":[{"embeddable":true,"href":"https:\/\/toidupakk.ee\/lt\/wp-json\/wp\/v2\/comments?post=47893"}],"wp:featuredmedia":[{"embeddable":true,"href":"https:\/\/toidupakk.ee\/lt\/wp-json\/wp\/v2\/media\/6540"}],"wp:attachment":[{"href":"https:\/\/toidupakk.ee\/lt\/wp-json\/wp\/v2\/media?parent=47893"}],"wp:term":[{"taxonomy":"product_brand","embeddable":true,"href":"https:\/\/toidupakk.ee\/lt\/wp-json\/wp\/v2\/product_brand?post=47893"},{"taxonomy":"product_cat","embeddable":true,"href":"https:\/\/toidupakk.ee\/lt\/wp-json\/wp\/v2\/product_cat?post=47893"},{"taxonomy":"product_tag","embeddable":true,"href":"https:\/\/toidupakk.ee\/lt\/wp-json\/wp\/v2\/product_tag?post=47893"}],"curies":[{"name":"wp","href":"https:\/\/api.w.org\/{rel}","templated":true}]}}