{"id":47858,"date":"2023-02-14T17:10:05","date_gmt":"2023-02-14T15:10:05","guid":{"rendered":"https:\/\/toidupakk.ee\/toode\/zygio-kojines-fostex-outdoor\/"},"modified":"2026-04-13T21:01:59","modified_gmt":"2026-04-13T18:01:59","slug":"zygio-kojines-fostex-outdoor","status":"publish","type":"product","link":"https:\/\/toidupakk.ee\/lt\/toode\/zygio-kojines-fostex-outdoor\/","title":{"rendered":"\u017dygio kojin\u0117s \u201eFostex Outdoor\u201c"},"content":{"rendered":"<p>Itin patogios kojin\u0117s aktyv\u0173 gyvenimo b\u016bd\u0105 m\u0117gstan\u010diam \u017emogui. Kv\u0117puojan\u010dios kojin\u0117s reguliuoja p\u0117d\u0173 temperat\u016br\u0105, taip ma\u017eindamos prakaitavim\u0105 ir u\u017etikrindamos oro pralaidum\u0105. Kojin\u0117s turi mink\u0161t\u0105, stor\u0105 kulno ir pado dal\u012f. Kitur jos plonos, kad b\u016bt\u0173 u\u017etikrintas maksimalus kv\u0117pavimas ir dr\u0117gm\u0117s pa\u0161alinimas. Pamink\u0161tinimai pado ir kulno srityse suteikia p\u0117dai komforto ir atramos.    <\/p>\n<p>\u017dygio kojin\u0117s \u201eFostex\u201c idealiai tinka veiklai lauke ir av\u0117ti su \u017eygio batais. Ilgos kojin\u0117s puikiai tinka tiek prie auk\u0161t\u0173, tiek prie \u017eem\u0173 \u017eygio bat\u0173. <\/p>\n<p><img fetchpriority=\"high\" decoding=\"async\" class=\"alignright wp-image-5618 size-thumbnail\" src=\"https:\/\/toidupakk.ee\/wp-content\/uploads\/2023\/02\/Matkasokid-Fostex-1-500x500.png\" alt=\"\u0160iltos \u017eygio kojin\u0117s\" width=\"500\" height=\"500\" srcset=\"https:\/\/toidupakk.ee\/wp-content\/uploads\/2023\/02\/Matkasokid-Fostex-1-500x500.png 500w, https:\/\/toidupakk.ee\/wp-content\/uploads\/2023\/02\/Matkasokid-Fostex-1-400x400.png 400w, https:\/\/toidupakk.ee\/wp-content\/uploads\/2023\/02\/Matkasokid-Fostex-1-100x100.png 100w, https:\/\/toidupakk.ee\/wp-content\/uploads\/2023\/02\/Matkasokid-Fostex-1-800x800.png 800w, https:\/\/toidupakk.ee\/wp-content\/uploads\/2023\/02\/Matkasokid-Fostex-1-300x300.png 300w, https:\/\/toidupakk.ee\/wp-content\/uploads\/2023\/02\/Matkasokid-Fostex-1-1024x1024.png 1024w, https:\/\/toidupakk.ee\/wp-content\/uploads\/2023\/02\/Matkasokid-Fostex-1-768x768.png 768w, https:\/\/toidupakk.ee\/wp-content\/uploads\/2023\/02\/Matkasokid-Fostex-1.png 1080w\" sizes=\"(max-width: 500px) 100vw, 500px\" \/><\/p>\n<p>Kojini\u0173 sud\u0117tis: 80 % medviln\u0117, 17 % poliamidas, 3 % likra.<br \/>\nRekomenduojama skalbti 40 laipsni\u0173 temperat\u016broje, atskirai nuo tamsi\u0173 skalbini\u0173.<\/p>\n<p>Daugiau \u017eygio preki\u0173 rasi <a href=\"https:\/\/toidupakk.ee\/lt\/tootekategooria\/zygio-iranga\/#section-3-79\">\u010cIA<\/a><\/p>\n<p>Per\u017ei\u016br\u0117k \u017eygio maist\u0105 <a href=\"\/?product_cat=snakk#section-3-79\">\u010cIA<\/a><\/p>\n<p>Pasisemk \u012fkv\u0117pimo kitiems nuotykiams \u201eToidupakk\u201c <a href=\"https:\/\/www.instagram.com\/toidupakk\/\">Instagram<\/a> ir <a href=\"https:\/\/www.facebook.com\/Toidupakk\/\">Facebook<\/a> paskyrose.<\/p>\n","protected":false},"excerpt":{"rendered":"<ul>\n<li>Patogios kojin\u0117s aktyv\u0173 gyvenimo b\u016bd\u0105 m\u0117gstan\u010diam \u017emogui<\/li>\n<li>Kv\u0117puojan\u010dios kojin\u0117s reguliuoja p\u0117d\u0173 temperat\u016br\u0105<\/li>\n<li>Itin mink\u0161ta kulno ir pado dalis pagaminta i\u0161 storesn\u0117s med\u017eiagos<\/li>\n<li>Ilgos kojin\u0117s puikiai tinka tiek prie auk\u0161t\u0173, tiek prie \u017eem\u0173 \u017eygio bat\u0173<\/li>\n<\/ul>\n<p>Sud\u0117tis: 80 % medviln\u0117, 17 % poliamidas, 3 % likra.<\/p>\n<p>Rekomenduojama skalbti 40 laipsni\u0173 temperat\u016broje, atskirai nuo tamsi\u0173 skalbini\u0173.<\/p>\n<p><img decoding=\"async\" class=\"emoji\" role=\"img\" draggable=\"false\" src=\"https:\/\/s.w.org\/images\/core\/emoji\/17.0.2\/svg\/2705.svg\" alt=\"\u2705\">  Turime sand\u0117lyje, pristatymas per 1\u20133 darbo dienas<\/p>\n","protected":false},"featured_media":5620,"comment_status":"open","ping_status":"closed","template":"","meta":{"_acf_changed":false},"product_brand":[],"product_cat":[191,189,198,190],"product_tag":[],"class_list":{"0":"post-47858","1":"product","2":"type-product","3":"status-publish","4":"has-post-thumbnail","6":"product_cat-drabuziai","7":"product_cat-zygio-iranga","8":"product_cat-zygio-kojines","9":"product_cat-zygio-prekes","11":"first","12":"instock","13":"sale","14":"taxable","15":"shipping-taxable","16":"purchasable","17":"product-type-variable","18":"has-default-attributes"},"bundled_by":[],"bundle_stock_status":"instock","bundle_stock_quantity":null,"bundle_virtual":false,"bundle_layout":"","bundle_add_to_cart_form_location":"","bundle_editable_in_cart":false,"bundle_sold_individually_context":"","bundle_item_grouping":"","bundle_min_size":"","bundle_max_size":"","bundle_price":[],"bundled_items":[],"bundle_sell_ids":[],"acf":[],"yoast_head":"<!-- This site is optimized with the Yoast SEO plugin v27.3 - https:\/\/yoast.com\/product\/yoast-seo-wordpress\/ -->\n<title>\u017dygio kojin\u0117s \u201eFostex Outdoor\u201c<\/title>\n<meta name=\"description\" content=\"\u017dygio kojin\u0117s aktyv\u0173 gyvenimo b\u016bd\u0105 m\u0117gstan\u010diam \u017emogui. Kv\u0117puojan\u010dios ir termoreguliacin\u0117s, ma\u017eina koj\u0173 prakaitavim\u0105. Tinka tiek prie auk\u0161t\u0173, tiek prie \u017eem\u0173 \u017eygio bat\u0173.\" \/>\n<meta name=\"robots\" content=\"index, follow, max-snippet:-1, max-image-preview:large, max-video-preview:-1\" \/>\n<link rel=\"canonical\" href=\"https:\/\/toidupakk.ee\/lt\/toode\/zygio-kojines-fostex-outdoor\/\" \/>\n<meta property=\"og:locale\" content=\"lt_LT\" \/>\n<meta property=\"og:type\" content=\"article\" \/>\n<meta property=\"og:title\" content=\"\u017dygio kojin\u0117s \u201eFostex Outdoor\u201c\" \/>\n<meta property=\"og:description\" content=\"\u017dygio kojin\u0117s aktyv\u0173 gyvenimo b\u016bd\u0105 m\u0117gstan\u010diam \u017emogui. Kv\u0117puojan\u010dios ir termoreguliacin\u0117s, ma\u017eina koj\u0173 prakaitavim\u0105. Tinka tiek prie auk\u0161t\u0173, tiek prie \u017eem\u0173 \u017eygio bat\u0173.\" \/>\n<meta property=\"og:url\" content=\"https:\/\/toidupakk.ee\/lt\/toode\/zygio-kojines-fostex-outdoor\/\" \/>\n<meta property=\"og:site_name\" content=\"Toidupakk.ee - Tactical Foodpack toidupakid\" \/>\n<meta property=\"article:publisher\" content=\"https:\/\/www.facebook.com\/Toidupakk\" \/>\n<meta property=\"article:modified_time\" content=\"2026-04-13T18:01:59+00:00\" \/>\n<meta property=\"og:image\" content=\"https:\/\/toidupakk.ee\/wp-content\/uploads\/2023\/02\/Matkasokid-Fostex-3.png\" \/>\n\t<meta property=\"og:image:width\" content=\"1080\" \/>\n\t<meta property=\"og:image:height\" content=\"1080\" \/>\n\t<meta property=\"og:image:type\" content=\"image\/png\" \/>\n<meta name=\"twitter:card\" content=\"summary_large_image\" \/>\n<meta name=\"twitter:label1\" content=\"Est. reading time\" \/>\n\t<meta name=\"twitter:data1\" content=\"1 minut\u0117\" \/>\n<script type=\"application\/ld+json\" class=\"yoast-schema-graph\">{\"@context\":\"https:\\\/\\\/schema.org\",\"@graph\":[{\"@type\":\"WebPage\",\"@id\":\"https:\\\/\\\/toidupakk.ee\\\/lt\\\/toode\\\/zygio-kojines-fostex-outdoor\\\/\",\"url\":\"https:\\\/\\\/toidupakk.ee\\\/lt\\\/toode\\\/zygio-kojines-fostex-outdoor\\\/\",\"name\":\"\u017dygio kojin\u0117s \u201eFostex Outdoor\u201c\",\"isPartOf\":{\"@id\":\"https:\\\/\\\/toidupakk.ee\\\/lt\\\/#website\"},\"primaryImageOfPage\":{\"@id\":\"https:\\\/\\\/toidupakk.ee\\\/lt\\\/toode\\\/zygio-kojines-fostex-outdoor\\\/#primaryimage\"},\"image\":{\"@id\":\"https:\\\/\\\/toidupakk.ee\\\/lt\\\/toode\\\/zygio-kojines-fostex-outdoor\\\/#primaryimage\"},\"thumbnailUrl\":\"https:\\\/\\\/toidupakk.ee\\\/wp-content\\\/uploads\\\/2023\\\/02\\\/Matkasokid-Fostex-3.png\",\"datePublished\":\"2023-02-14T15:10:05+00:00\",\"dateModified\":\"2026-04-13T18:01:59+00:00\",\"description\":\"\u017dygio kojin\u0117s aktyv\u0173 gyvenimo b\u016bd\u0105 m\u0117gstan\u010diam \u017emogui. Kv\u0117puojan\u010dios ir termoreguliacin\u0117s, ma\u017eina koj\u0173 prakaitavim\u0105. Tinka tiek prie auk\u0161t\u0173, tiek prie \u017eem\u0173 \u017eygio bat\u0173.\",\"breadcrumb\":{\"@id\":\"https:\\\/\\\/toidupakk.ee\\\/lt\\\/toode\\\/zygio-kojines-fostex-outdoor\\\/#breadcrumb\"},\"inLanguage\":\"lt-LT\",\"potentialAction\":[{\"@type\":\"ReadAction\",\"target\":[\"https:\\\/\\\/toidupakk.ee\\\/lt\\\/toode\\\/zygio-kojines-fostex-outdoor\\\/\"]}]},{\"@type\":\"ImageObject\",\"inLanguage\":\"lt-LT\",\"@id\":\"https:\\\/\\\/toidupakk.ee\\\/lt\\\/toode\\\/zygio-kojines-fostex-outdoor\\\/#primaryimage\",\"url\":\"https:\\\/\\\/toidupakk.ee\\\/wp-content\\\/uploads\\\/2023\\\/02\\\/Matkasokid-Fostex-3.png\",\"contentUrl\":\"https:\\\/\\\/toidupakk.ee\\\/wp-content\\\/uploads\\\/2023\\\/02\\\/Matkasokid-Fostex-3.png\",\"width\":1080,\"height\":1080,\"caption\":\"Tugevdatud tallaosaga pehmed sokid\"},{\"@type\":\"BreadcrumbList\",\"@id\":\"https:\\\/\\\/toidupakk.ee\\\/lt\\\/toode\\\/zygio-kojines-fostex-outdoor\\\/#breadcrumb\",\"itemListElement\":[{\"@type\":\"ListItem\",\"position\":1,\"name\":\"Avaleht\",\"item\":\"https:\\\/\\\/toidupakk.ee\\\/lt\\\/\"},{\"@type\":\"ListItem\",\"position\":2,\"name\":\"El. parduotuv\u0117\",\"item\":\"https:\\\/\\\/toidupakk.ee\\\/lt\\\/el-parduotuve\\\/\"},{\"@type\":\"ListItem\",\"position\":3,\"name\":\"\u017dygio kojin\u0117s \u201eFostex Outdoor\u201c\"}]},{\"@type\":\"WebSite\",\"@id\":\"https:\\\/\\\/toidupakk.ee\\\/lt\\\/#website\",\"url\":\"https:\\\/\\\/toidupakk.ee\\\/lt\\\/\",\"name\":\"Toidupakk.ee - Tactical Foodpack toidupakid\",\"description\":\"Tactical Foodpack k\u00fclmkuivatatud toidupakid ja matkaeined\",\"publisher\":{\"@id\":\"https:\\\/\\\/toidupakk.ee\\\/lt\\\/#organization\"},\"potentialAction\":[{\"@type\":\"SearchAction\",\"target\":{\"@type\":\"EntryPoint\",\"urlTemplate\":\"https:\\\/\\\/toidupakk.ee\\\/lt\\\/?s={search_term_string}\"},\"query-input\":{\"@type\":\"PropertyValueSpecification\",\"valueRequired\":true,\"valueName\":\"search_term_string\"}}],\"inLanguage\":\"lt-LT\"},{\"@type\":\"Organization\",\"@id\":\"https:\\\/\\\/toidupakk.ee\\\/lt\\\/#organization\",\"name\":\"Tactical Foodpack matkaeined\",\"url\":\"https:\\\/\\\/toidupakk.ee\\\/lt\\\/\",\"logo\":{\"@type\":\"ImageObject\",\"inLanguage\":\"lt-LT\",\"@id\":\"https:\\\/\\\/toidupakk.ee\\\/lt\\\/#\\\/schema\\\/logo\\\/image\\\/\",\"url\":\"https:\\\/\\\/toidupakk.ee\\\/wp-content\\\/uploads\\\/2022\\\/01\\\/Toidupakk-matkapood-logo-transparent.png\",\"contentUrl\":\"https:\\\/\\\/toidupakk.ee\\\/wp-content\\\/uploads\\\/2022\\\/01\\\/Toidupakk-matkapood-logo-transparent.png\",\"width\":500,\"height\":500,\"caption\":\"Tactical Foodpack matkaeined\"},\"image\":{\"@id\":\"https:\\\/\\\/toidupakk.ee\\\/lt\\\/#\\\/schema\\\/logo\\\/image\\\/\"},\"sameAs\":[\"https:\\\/\\\/www.facebook.com\\\/Toidupakk\",\"https:\\\/\\\/www.instagram.com\\\/toidupakk\\\/\"]}]}<\/script>\n<!-- \/ Yoast SEO plugin. -->","yoast_head_json":{"title":"\u017dygio kojin\u0117s \u201eFostex Outdoor\u201c","description":"\u017dygio kojin\u0117s aktyv\u0173 gyvenimo b\u016bd\u0105 m\u0117gstan\u010diam \u017emogui. Kv\u0117puojan\u010dios ir termoreguliacin\u0117s, ma\u017eina koj\u0173 prakaitavim\u0105. Tinka tiek prie auk\u0161t\u0173, tiek prie \u017eem\u0173 \u017eygio bat\u0173.","robots":{"index":"index","follow":"follow","max-snippet":"max-snippet:-1","max-image-preview":"max-image-preview:large","max-video-preview":"max-video-preview:-1"},"canonical":"https:\/\/toidupakk.ee\/lt\/toode\/zygio-kojines-fostex-outdoor\/","og_locale":"lt_LT","og_type":"article","og_title":"\u017dygio kojin\u0117s \u201eFostex Outdoor\u201c","og_description":"\u017dygio kojin\u0117s aktyv\u0173 gyvenimo b\u016bd\u0105 m\u0117gstan\u010diam \u017emogui. Kv\u0117puojan\u010dios ir termoreguliacin\u0117s, ma\u017eina koj\u0173 prakaitavim\u0105. Tinka tiek prie auk\u0161t\u0173, tiek prie \u017eem\u0173 \u017eygio bat\u0173.","og_url":"https:\/\/toidupakk.ee\/lt\/toode\/zygio-kojines-fostex-outdoor\/","og_site_name":"Toidupakk.ee - Tactical Foodpack toidupakid","article_publisher":"https:\/\/www.facebook.com\/Toidupakk","article_modified_time":"2026-04-13T18:01:59+00:00","og_image":[{"width":1080,"height":1080,"url":"https:\/\/toidupakk.ee\/wp-content\/uploads\/2023\/02\/Matkasokid-Fostex-3.png","type":"image\/png"}],"twitter_card":"summary_large_image","twitter_misc":{"Est. reading time":"1 minut\u0117"},"schema":{"@context":"https:\/\/schema.org","@graph":[{"@type":"WebPage","@id":"https:\/\/toidupakk.ee\/lt\/toode\/zygio-kojines-fostex-outdoor\/","url":"https:\/\/toidupakk.ee\/lt\/toode\/zygio-kojines-fostex-outdoor\/","name":"\u017dygio kojin\u0117s \u201eFostex Outdoor\u201c","isPartOf":{"@id":"https:\/\/toidupakk.ee\/lt\/#website"},"primaryImageOfPage":{"@id":"https:\/\/toidupakk.ee\/lt\/toode\/zygio-kojines-fostex-outdoor\/#primaryimage"},"image":{"@id":"https:\/\/toidupakk.ee\/lt\/toode\/zygio-kojines-fostex-outdoor\/#primaryimage"},"thumbnailUrl":"https:\/\/toidupakk.ee\/wp-content\/uploads\/2023\/02\/Matkasokid-Fostex-3.png","datePublished":"2023-02-14T15:10:05+00:00","dateModified":"2026-04-13T18:01:59+00:00","description":"\u017dygio kojin\u0117s aktyv\u0173 gyvenimo b\u016bd\u0105 m\u0117gstan\u010diam \u017emogui. Kv\u0117puojan\u010dios ir termoreguliacin\u0117s, ma\u017eina koj\u0173 prakaitavim\u0105. Tinka tiek prie auk\u0161t\u0173, tiek prie \u017eem\u0173 \u017eygio bat\u0173.","breadcrumb":{"@id":"https:\/\/toidupakk.ee\/lt\/toode\/zygio-kojines-fostex-outdoor\/#breadcrumb"},"inLanguage":"lt-LT","potentialAction":[{"@type":"ReadAction","target":["https:\/\/toidupakk.ee\/lt\/toode\/zygio-kojines-fostex-outdoor\/"]}]},{"@type":"ImageObject","inLanguage":"lt-LT","@id":"https:\/\/toidupakk.ee\/lt\/toode\/zygio-kojines-fostex-outdoor\/#primaryimage","url":"https:\/\/toidupakk.ee\/wp-content\/uploads\/2023\/02\/Matkasokid-Fostex-3.png","contentUrl":"https:\/\/toidupakk.ee\/wp-content\/uploads\/2023\/02\/Matkasokid-Fostex-3.png","width":1080,"height":1080,"caption":"Tugevdatud tallaosaga pehmed sokid"},{"@type":"BreadcrumbList","@id":"https:\/\/toidupakk.ee\/lt\/toode\/zygio-kojines-fostex-outdoor\/#breadcrumb","itemListElement":[{"@type":"ListItem","position":1,"name":"Avaleht","item":"https:\/\/toidupakk.ee\/lt\/"},{"@type":"ListItem","position":2,"name":"El. parduotuv\u0117","item":"https:\/\/toidupakk.ee\/lt\/el-parduotuve\/"},{"@type":"ListItem","position":3,"name":"\u017dygio kojin\u0117s \u201eFostex Outdoor\u201c"}]},{"@type":"WebSite","@id":"https:\/\/toidupakk.ee\/lt\/#website","url":"https:\/\/toidupakk.ee\/lt\/","name":"Toidupakk.ee - Tactical Foodpack toidupakid","description":"Tactical Foodpack k\u00fclmkuivatatud toidupakid ja matkaeined","publisher":{"@id":"https:\/\/toidupakk.ee\/lt\/#organization"},"potentialAction":[{"@type":"SearchAction","target":{"@type":"EntryPoint","urlTemplate":"https:\/\/toidupakk.ee\/lt\/?s={search_term_string}"},"query-input":{"@type":"PropertyValueSpecification","valueRequired":true,"valueName":"search_term_string"}}],"inLanguage":"lt-LT"},{"@type":"Organization","@id":"https:\/\/toidupakk.ee\/lt\/#organization","name":"Tactical Foodpack matkaeined","url":"https:\/\/toidupakk.ee\/lt\/","logo":{"@type":"ImageObject","inLanguage":"lt-LT","@id":"https:\/\/toidupakk.ee\/lt\/#\/schema\/logo\/image\/","url":"https:\/\/toidupakk.ee\/wp-content\/uploads\/2022\/01\/Toidupakk-matkapood-logo-transparent.png","contentUrl":"https:\/\/toidupakk.ee\/wp-content\/uploads\/2022\/01\/Toidupakk-matkapood-logo-transparent.png","width":500,"height":500,"caption":"Tactical Foodpack matkaeined"},"image":{"@id":"https:\/\/toidupakk.ee\/lt\/#\/schema\/logo\/image\/"},"sameAs":["https:\/\/www.facebook.com\/Toidupakk","https:\/\/www.instagram.com\/toidupakk\/"]}]}},"jetpack_sharing_enabled":true,"_links":{"self":[{"href":"https:\/\/toidupakk.ee\/lt\/wp-json\/wp\/v2\/product\/47858","targetHints":{"allow":["GET"]}}],"collection":[{"href":"https:\/\/toidupakk.ee\/lt\/wp-json\/wp\/v2\/product"}],"about":[{"href":"https:\/\/toidupakk.ee\/lt\/wp-json\/wp\/v2\/types\/product"}],"replies":[{"embeddable":true,"href":"https:\/\/toidupakk.ee\/lt\/wp-json\/wp\/v2\/comments?post=47858"}],"wp:featuredmedia":[{"embeddable":true,"href":"https:\/\/toidupakk.ee\/lt\/wp-json\/wp\/v2\/media\/5620"}],"wp:attachment":[{"href":"https:\/\/toidupakk.ee\/lt\/wp-json\/wp\/v2\/media?parent=47858"}],"wp:term":[{"taxonomy":"product_brand","embeddable":true,"href":"https:\/\/toidupakk.ee\/lt\/wp-json\/wp\/v2\/product_brand?post=47858"},{"taxonomy":"product_cat","embeddable":true,"href":"https:\/\/toidupakk.ee\/lt\/wp-json\/wp\/v2\/product_cat?post=47858"},{"taxonomy":"product_tag","embeddable":true,"href":"https:\/\/toidupakk.ee\/lt\/wp-json\/wp\/v2\/product_tag?post=47858"}],"curies":[{"name":"wp","href":"https:\/\/api.w.org\/{rel}","templated":true}]}}