{"id":47842,"date":"2023-02-28T13:50:47","date_gmt":"2023-02-28T11:50:47","guid":{"rendered":"https:\/\/toidupakk.ee\/toode\/kariuomenes-marskineliai-zali-mil-tec\/"},"modified":"2026-04-04T00:01:41","modified_gmt":"2026-04-03T21:01:41","slug":"kariuomenes-marskineliai-zali-mil-tec","status":"publish","type":"product","link":"https:\/\/toidupakk.ee\/lt\/toode\/kariuomenes-marskineliai-zali-mil-tec\/","title":{"rendered":"Kariuomen\u0117s mar\u0161kin\u0117liai (\u017eali) MIL-TEC\u00ae"},"content":{"rendered":"<p>Alyvuogi\u0173 spalvos kariuomen\u0117s mar\u0161kin\u0117liai pagaminti i\u0161 kokybi\u0161kos med\u017eiagos, u\u017etikrinan\u010dios patvarum\u0105 ir komfort\u0105 d\u0117vint. \u017dalia spalva \u012fkv\u0117pta tradicini\u0173 kariuomen\u0117s spalv\u0173 derini\u0173, tod\u0117l tai stilingas papildymas kiekvieno vyro garderobui. <\/p>\n<p>\u017dalius kariuomen\u0117s mar\u0161kin\u0117lius gali rinktis i\u0161 \u012fvairi\u0173 dyd\u017ei\u0173 \u2013 u\u017esisakyk patogiai m\u016bs\u0173 el. parduotuv\u0117je ir gauk greitai.<\/p>\n<p>Kitus \u017eygio reikmenis rasi <a href=\"https:\/\/toidupakk.ee\/lt\/tootekategooria\/zygio-iranga\/#section-3-79\">\u010cIA<\/a><\/p>\n<p>O gal domiesi \u017eygio maistu? \u017di\u016br\u0117k <a href=\"\/?product_cat=snakk#section-3-79\">\u010cIA<\/a><\/p>\n<p>Pasisemk \u012fkv\u0117pimo kitiems nuotykiams Toidupakk <a href=\"https:\/\/www.instagram.com\/toidupakk\/\">Instagram<\/a> ir <a href=\"https:\/\/www.facebook.com\/Toidupakk\/\">Facebook<\/a> paskyrose.<\/p>\n","protected":false},"excerpt":{"rendered":"<p>Klasikiniai karin\u0117s \u017ealios spalvos mar\u0161kin\u0117liai. Populiarus pasirinkimas tarp kari\u0173 ir savanori\u0173. <\/p>\n<ul>\n<li>Mink\u0161ta 100 % medviln\u0117<\/li>\n<li>Maloniai kv\u0117puoja ir greitai d\u017ei\u016bsta<\/li>\n<li>Puikiai tinka sportui ir laisvalaikiui<\/li>\n<li>Grynos medviln\u0117s audinio svoris 140\u2013145 g\/2m<\/li>\n<li>Spalva: karin\u0117 \u017ealia<\/li>\n<li>Populiarus pasirinkimas tarp kari\u0173 ir savanori\u0173<\/li>\n<\/ul>\n<p><img decoding=\"async\" class=\"alignnone wp-image-5812 size-full\" src=\"https:\/\/toidupakk.ee\/wp-content\/uploads\/2023\/02\/MIL-TEC-logo-320-%C3%97-50-px-1.png\" alt=\"MIL-TEC logotipas\" width=\"320\" height=\"50\"><\/p>\n<p>\u2705 Turime sand\u0117lyje, greitas pristatymas per 1\u20133 d. d.<br \/>\n\u2705 NEMOKAMAS gr\u0105\u017einimas ir keitimas, jei netinka dydis<\/p>\n","protected":false},"featured_media":47845,"comment_status":"open","ping_status":"closed","template":"","meta":{"_acf_changed":false},"product_brand":[],"product_cat":[191,193,272,210,189,190],"product_tag":[],"class_list":{"0":"post-47842","1":"product","2":"type-product","3":"status-publish","4":"has-post-thumbnail","6":"product_cat-drabuziai","7":"product_cat-karine-ekipuote","8":"product_cat-marskineliai","9":"product_cat-mil-tec","10":"product_cat-zygio-iranga","11":"product_cat-zygio-prekes","13":"first","14":"instock","15":"taxable","16":"shipping-taxable","17":"purchasable","18":"product-type-variable","19":"has-default-attributes"},"bundled_by":[],"bundle_stock_status":"instock","bundle_stock_quantity":null,"bundle_virtual":false,"bundle_layout":"","bundle_add_to_cart_form_location":"","bundle_editable_in_cart":false,"bundle_sold_individually_context":"","bundle_item_grouping":"","bundle_min_size":"","bundle_max_size":"","bundle_price":[],"bundled_items":[],"bundle_sell_ids":[],"acf":[],"yoast_head":"<!-- This site is optimized with the Yoast SEO plugin v27.1.1 - https:\/\/yoast.com\/product\/yoast-seo-wordpress\/ -->\n<title>Kariuomen\u0117s mar\u0161kin\u0117liai (\u017eali) MIL-TEC\u00ae<\/title>\n<meta name=\"description\" content=\"Klasikiniai karin\u0117s \u017ealios spalvos mar\u0161kin\u0117liai. Populiarus pasirinkimas tarp kari\u0173 ir savanori\u0173. Mink\u0161ta 100 % medviln\u0117 maloniai kv\u0117puoja.\" \/>\n<meta name=\"robots\" content=\"index, follow, max-snippet:-1, max-image-preview:large, max-video-preview:-1\" \/>\n<link rel=\"canonical\" href=\"https:\/\/toidupakk.ee\/lt\/toode\/kariuomenes-marskineliai-zali-mil-tec\/\" \/>\n<meta property=\"og:locale\" content=\"lt_LT\" \/>\n<meta property=\"og:type\" content=\"article\" \/>\n<meta property=\"og:title\" content=\"Kariuomen\u0117s mar\u0161kin\u0117liai (\u017eali) MIL-TEC\u00ae\" \/>\n<meta property=\"og:description\" content=\"Klasikiniai karin\u0117s \u017ealios spalvos mar\u0161kin\u0117liai. Populiarus pasirinkimas tarp kari\u0173 ir savanori\u0173. Mink\u0161ta 100 % medviln\u0117 maloniai kv\u0117puoja.\" \/>\n<meta property=\"og:url\" content=\"https:\/\/toidupakk.ee\/lt\/toode\/kariuomenes-marskineliai-zali-mil-tec\/\" \/>\n<meta property=\"og:site_name\" content=\"Toidupakk.ee - Tactical Foodpack toidupakid\" \/>\n<meta property=\"article:publisher\" content=\"https:\/\/www.facebook.com\/Toidupakk\" \/>\n<meta property=\"article:modified_time\" content=\"2026-04-03T21:01:41+00:00\" \/>\n<meta property=\"og:image\" content=\"https:\/\/toidupakk.ee\/wp-content\/uploads\/2023\/02\/Taktikaline-kaitsevae-t-sark-roheline-2-1.png\" \/>\n\t<meta property=\"og:image:width\" content=\"1080\" \/>\n\t<meta property=\"og:image:height\" content=\"1080\" \/>\n\t<meta property=\"og:image:type\" content=\"image\/png\" \/>\n<meta name=\"twitter:card\" content=\"summary_large_image\" \/>\n<script type=\"application\/ld+json\" class=\"yoast-schema-graph\">{\"@context\":\"https:\/\/schema.org\",\"@graph\":[{\"@type\":\"WebPage\",\"@id\":\"https:\/\/toidupakk.ee\/lt\/toode\/kariuomenes-marskineliai-zali-mil-tec\/\",\"url\":\"https:\/\/toidupakk.ee\/lt\/toode\/kariuomenes-marskineliai-zali-mil-tec\/\",\"name\":\"Kariuomen\u0117s mar\u0161kin\u0117liai (\u017eali) MIL-TEC\u00ae\",\"isPartOf\":{\"@id\":\"https:\/\/toidupakk.ee\/lt\/#website\"},\"primaryImageOfPage\":{\"@id\":\"https:\/\/toidupakk.ee\/lt\/toode\/kariuomenes-marskineliai-zali-mil-tec\/#primaryimage\"},\"image\":{\"@id\":\"https:\/\/toidupakk.ee\/lt\/toode\/kariuomenes-marskineliai-zali-mil-tec\/#primaryimage\"},\"thumbnailUrl\":\"https:\/\/toidupakk.ee\/wp-content\/uploads\/2023\/02\/Taktikaline-kaitsevae-t-sark-roheline-2-1.png\",\"datePublished\":\"2023-02-28T11:50:47+00:00\",\"dateModified\":\"2026-04-03T21:01:41+00:00\",\"description\":\"Klasikiniai karin\u0117s \u017ealios spalvos mar\u0161kin\u0117liai. Populiarus pasirinkimas tarp kari\u0173 ir savanori\u0173. Mink\u0161ta 100 % medviln\u0117 maloniai kv\u0117puoja.\",\"breadcrumb\":{\"@id\":\"https:\/\/toidupakk.ee\/lt\/toode\/kariuomenes-marskineliai-zali-mil-tec\/#breadcrumb\"},\"inLanguage\":\"lt-LT\",\"potentialAction\":[{\"@type\":\"ReadAction\",\"target\":[\"https:\/\/toidupakk.ee\/lt\/toode\/kariuomenes-marskineliai-zali-mil-tec\/\"]}]},{\"@type\":\"ImageObject\",\"inLanguage\":\"lt-LT\",\"@id\":\"https:\/\/toidupakk.ee\/lt\/toode\/kariuomenes-marskineliai-zali-mil-tec\/#primaryimage\",\"url\":\"https:\/\/toidupakk.ee\/wp-content\/uploads\/2023\/02\/Taktikaline-kaitsevae-t-sark-roheline-2-1.png\",\"contentUrl\":\"https:\/\/toidupakk.ee\/wp-content\/uploads\/2023\/02\/Taktikaline-kaitsevae-t-sark-roheline-2-1.png\",\"width\":1080,\"height\":1080,\"caption\":\"kariuomen\u0117s mar\u0161kin\u0117liai\"},{\"@type\":\"BreadcrumbList\",\"@id\":\"https:\/\/toidupakk.ee\/lt\/toode\/kariuomenes-marskineliai-zali-mil-tec\/#breadcrumb\",\"itemListElement\":[{\"@type\":\"ListItem\",\"position\":1,\"name\":\"Avaleht\",\"item\":\"https:\/\/toidupakk.ee\/lt\/\"},{\"@type\":\"ListItem\",\"position\":2,\"name\":\"El. parduotuv\u0117\",\"item\":\"https:\/\/toidupakk.ee\/lt\/el-parduotuve\/\"},{\"@type\":\"ListItem\",\"position\":3,\"name\":\"Kariuomen\u0117s mar\u0161kin\u0117liai (\u017eali) MIL-TEC\u00ae\"}]},{\"@type\":\"WebSite\",\"@id\":\"https:\/\/toidupakk.ee\/lt\/#website\",\"url\":\"https:\/\/toidupakk.ee\/lt\/\",\"name\":\"Toidupakk.ee - Tactical Foodpack toidupakid\",\"description\":\"Tactical Foodpack k\u00fclmkuivatatud toidupakid ja matkaeined\",\"publisher\":{\"@id\":\"https:\/\/toidupakk.ee\/lt\/#organization\"},\"potentialAction\":[{\"@type\":\"SearchAction\",\"target\":{\"@type\":\"EntryPoint\",\"urlTemplate\":\"https:\/\/toidupakk.ee\/lt\/?s={search_term_string}\"},\"query-input\":{\"@type\":\"PropertyValueSpecification\",\"valueRequired\":true,\"valueName\":\"search_term_string\"}}],\"inLanguage\":\"lt-LT\"},{\"@type\":\"Organization\",\"@id\":\"https:\/\/toidupakk.ee\/lt\/#organization\",\"name\":\"Tactical Foodpack matkaeined\",\"url\":\"https:\/\/toidupakk.ee\/lt\/\",\"logo\":{\"@type\":\"ImageObject\",\"inLanguage\":\"lt-LT\",\"@id\":\"https:\/\/toidupakk.ee\/lt\/#\/schema\/logo\/image\/\",\"url\":\"https:\/\/toidupakk.ee\/wp-content\/uploads\/2022\/01\/Toidupakk-matkapood-logo-transparent.png\",\"contentUrl\":\"https:\/\/toidupakk.ee\/wp-content\/uploads\/2022\/01\/Toidupakk-matkapood-logo-transparent.png\",\"width\":500,\"height\":500,\"caption\":\"Tactical Foodpack matkaeined\"},\"image\":{\"@id\":\"https:\/\/toidupakk.ee\/lt\/#\/schema\/logo\/image\/\"},\"sameAs\":[\"https:\/\/www.facebook.com\/Toidupakk\",\"https:\/\/www.instagram.com\/toidupakk\/\"]}]}<\/script>\n<!-- \/ Yoast SEO plugin. -->","yoast_head_json":{"title":"Kariuomen\u0117s mar\u0161kin\u0117liai (\u017eali) MIL-TEC\u00ae","description":"Klasikiniai karin\u0117s \u017ealios spalvos mar\u0161kin\u0117liai. Populiarus pasirinkimas tarp kari\u0173 ir savanori\u0173. Mink\u0161ta 100 % medviln\u0117 maloniai kv\u0117puoja.","robots":{"index":"index","follow":"follow","max-snippet":"max-snippet:-1","max-image-preview":"max-image-preview:large","max-video-preview":"max-video-preview:-1"},"canonical":"https:\/\/toidupakk.ee\/lt\/toode\/kariuomenes-marskineliai-zali-mil-tec\/","og_locale":"lt_LT","og_type":"article","og_title":"Kariuomen\u0117s mar\u0161kin\u0117liai (\u017eali) MIL-TEC\u00ae","og_description":"Klasikiniai karin\u0117s \u017ealios spalvos mar\u0161kin\u0117liai. Populiarus pasirinkimas tarp kari\u0173 ir savanori\u0173. Mink\u0161ta 100 % medviln\u0117 maloniai kv\u0117puoja.","og_url":"https:\/\/toidupakk.ee\/lt\/toode\/kariuomenes-marskineliai-zali-mil-tec\/","og_site_name":"Toidupakk.ee - Tactical Foodpack toidupakid","article_publisher":"https:\/\/www.facebook.com\/Toidupakk","article_modified_time":"2026-04-03T21:01:41+00:00","og_image":[{"width":1080,"height":1080,"url":"https:\/\/toidupakk.ee\/wp-content\/uploads\/2023\/02\/Taktikaline-kaitsevae-t-sark-roheline-2-1.png","type":"image\/png"}],"twitter_card":"summary_large_image","schema":{"@context":"https:\/\/schema.org","@graph":[{"@type":"WebPage","@id":"https:\/\/toidupakk.ee\/lt\/toode\/kariuomenes-marskineliai-zali-mil-tec\/","url":"https:\/\/toidupakk.ee\/lt\/toode\/kariuomenes-marskineliai-zali-mil-tec\/","name":"Kariuomen\u0117s mar\u0161kin\u0117liai (\u017eali) MIL-TEC\u00ae","isPartOf":{"@id":"https:\/\/toidupakk.ee\/lt\/#website"},"primaryImageOfPage":{"@id":"https:\/\/toidupakk.ee\/lt\/toode\/kariuomenes-marskineliai-zali-mil-tec\/#primaryimage"},"image":{"@id":"https:\/\/toidupakk.ee\/lt\/toode\/kariuomenes-marskineliai-zali-mil-tec\/#primaryimage"},"thumbnailUrl":"https:\/\/toidupakk.ee\/wp-content\/uploads\/2023\/02\/Taktikaline-kaitsevae-t-sark-roheline-2-1.png","datePublished":"2023-02-28T11:50:47+00:00","dateModified":"2026-04-03T21:01:41+00:00","description":"Klasikiniai karin\u0117s \u017ealios spalvos mar\u0161kin\u0117liai. Populiarus pasirinkimas tarp kari\u0173 ir savanori\u0173. Mink\u0161ta 100 % medviln\u0117 maloniai kv\u0117puoja.","breadcrumb":{"@id":"https:\/\/toidupakk.ee\/lt\/toode\/kariuomenes-marskineliai-zali-mil-tec\/#breadcrumb"},"inLanguage":"lt-LT","potentialAction":[{"@type":"ReadAction","target":["https:\/\/toidupakk.ee\/lt\/toode\/kariuomenes-marskineliai-zali-mil-tec\/"]}]},{"@type":"ImageObject","inLanguage":"lt-LT","@id":"https:\/\/toidupakk.ee\/lt\/toode\/kariuomenes-marskineliai-zali-mil-tec\/#primaryimage","url":"https:\/\/toidupakk.ee\/wp-content\/uploads\/2023\/02\/Taktikaline-kaitsevae-t-sark-roheline-2-1.png","contentUrl":"https:\/\/toidupakk.ee\/wp-content\/uploads\/2023\/02\/Taktikaline-kaitsevae-t-sark-roheline-2-1.png","width":1080,"height":1080,"caption":"kariuomen\u0117s mar\u0161kin\u0117liai"},{"@type":"BreadcrumbList","@id":"https:\/\/toidupakk.ee\/lt\/toode\/kariuomenes-marskineliai-zali-mil-tec\/#breadcrumb","itemListElement":[{"@type":"ListItem","position":1,"name":"Avaleht","item":"https:\/\/toidupakk.ee\/lt\/"},{"@type":"ListItem","position":2,"name":"El. parduotuv\u0117","item":"https:\/\/toidupakk.ee\/lt\/el-parduotuve\/"},{"@type":"ListItem","position":3,"name":"Kariuomen\u0117s mar\u0161kin\u0117liai (\u017eali) MIL-TEC\u00ae"}]},{"@type":"WebSite","@id":"https:\/\/toidupakk.ee\/lt\/#website","url":"https:\/\/toidupakk.ee\/lt\/","name":"Toidupakk.ee - Tactical Foodpack toidupakid","description":"Tactical Foodpack k\u00fclmkuivatatud toidupakid ja matkaeined","publisher":{"@id":"https:\/\/toidupakk.ee\/lt\/#organization"},"potentialAction":[{"@type":"SearchAction","target":{"@type":"EntryPoint","urlTemplate":"https:\/\/toidupakk.ee\/lt\/?s={search_term_string}"},"query-input":{"@type":"PropertyValueSpecification","valueRequired":true,"valueName":"search_term_string"}}],"inLanguage":"lt-LT"},{"@type":"Organization","@id":"https:\/\/toidupakk.ee\/lt\/#organization","name":"Tactical Foodpack matkaeined","url":"https:\/\/toidupakk.ee\/lt\/","logo":{"@type":"ImageObject","inLanguage":"lt-LT","@id":"https:\/\/toidupakk.ee\/lt\/#\/schema\/logo\/image\/","url":"https:\/\/toidupakk.ee\/wp-content\/uploads\/2022\/01\/Toidupakk-matkapood-logo-transparent.png","contentUrl":"https:\/\/toidupakk.ee\/wp-content\/uploads\/2022\/01\/Toidupakk-matkapood-logo-transparent.png","width":500,"height":500,"caption":"Tactical Foodpack matkaeined"},"image":{"@id":"https:\/\/toidupakk.ee\/lt\/#\/schema\/logo\/image\/"},"sameAs":["https:\/\/www.facebook.com\/Toidupakk","https:\/\/www.instagram.com\/toidupakk\/"]}]}},"jetpack_sharing_enabled":true,"_links":{"self":[{"href":"https:\/\/toidupakk.ee\/lt\/wp-json\/wp\/v2\/product\/47842","targetHints":{"allow":["GET"]}}],"collection":[{"href":"https:\/\/toidupakk.ee\/lt\/wp-json\/wp\/v2\/product"}],"about":[{"href":"https:\/\/toidupakk.ee\/lt\/wp-json\/wp\/v2\/types\/product"}],"replies":[{"embeddable":true,"href":"https:\/\/toidupakk.ee\/lt\/wp-json\/wp\/v2\/comments?post=47842"}],"wp:featuredmedia":[{"embeddable":true,"href":"https:\/\/toidupakk.ee\/lt\/wp-json\/wp\/v2\/media\/47845"}],"wp:attachment":[{"href":"https:\/\/toidupakk.ee\/lt\/wp-json\/wp\/v2\/media?parent=47842"}],"wp:term":[{"taxonomy":"product_brand","embeddable":true,"href":"https:\/\/toidupakk.ee\/lt\/wp-json\/wp\/v2\/product_brand?post=47842"},{"taxonomy":"product_cat","embeddable":true,"href":"https:\/\/toidupakk.ee\/lt\/wp-json\/wp\/v2\/product_cat?post=47842"},{"taxonomy":"product_tag","embeddable":true,"href":"https:\/\/toidupakk.ee\/lt\/wp-json\/wp\/v2\/product_tag?post=47842"}],"curies":[{"name":"wp","href":"https:\/\/api.w.org\/{rel}","templated":true}]}}