{"id":47834,"date":"2023-01-04T12:13:46","date_gmt":"2023-01-04T10:13:46","guid":{"rendered":"https:\/\/toidupakk.ee\/toode\/savaime-prisipuciantis-ciuzinys-zygiams-bcb\/"},"modified":"2026-04-14T15:02:00","modified_gmt":"2026-04-14T12:02:00","slug":"savaime-prisipuciantis-ciuzinys-zygiams-bcb","status":"publish","type":"product","link":"https:\/\/toidupakk.ee\/lt\/toode\/savaime-prisipuciantis-ciuzinys-zygiams-bcb\/","title":{"rendered":"Savaime prisipu\u010diantis \u010diu\u017einys \u017eygiams BCB"},"content":{"rendered":"<h1><\/h1>\n<h1><img fetchpriority=\"high\" decoding=\"async\" class=\"alignright wp-image-5128 size-thumbnail\" style=\"font-size: 16px;\" src=\"https:\/\/toidupakk.ee\/wp-content\/uploads\/2023\/01\/Isetaituv-madrats-matkale-3-500x500.jpg\" alt=\"SAvaime prisipu\u010diantis \u010diu\u017einys ant kelmo\" width=\"500\" height=\"500\" srcset=\"https:\/\/toidupakk.ee\/wp-content\/uploads\/2023\/01\/Isetaituv-madrats-matkale-3-500x500.jpg 500w, https:\/\/toidupakk.ee\/wp-content\/uploads\/2023\/01\/Isetaituv-madrats-matkale-3-400x400.jpg 400w, https:\/\/toidupakk.ee\/wp-content\/uploads\/2023\/01\/Isetaituv-madrats-matkale-3-100x100.jpg 100w, https:\/\/toidupakk.ee\/wp-content\/uploads\/2023\/01\/Isetaituv-madrats-matkale-3-800x800.jpg 800w, https:\/\/toidupakk.ee\/wp-content\/uploads\/2023\/01\/Isetaituv-madrats-matkale-3-300x300.jpg 300w, https:\/\/toidupakk.ee\/wp-content\/uploads\/2023\/01\/Isetaituv-madrats-matkale-3-1024x1024.jpg 1024w, https:\/\/toidupakk.ee\/wp-content\/uploads\/2023\/01\/Isetaituv-madrats-matkale-3-768x768.jpg 768w, https:\/\/toidupakk.ee\/wp-content\/uploads\/2023\/01\/Isetaituv-madrats-matkale-3.jpg 1080w\" sizes=\"(max-width: 500px) 100vw, 500px\" \/>Savaime prisipu\u010diantis \u010diu\u017einys \u017eygiams \u2013 miego kokyb\u0117 yra svarbi \u017eygio dalis.<\/h1>\n<p>Platesn\u0117 vir\u0161utin\u0117 dalis ir siaur\u0117janti koj\u0173 dalis daro \u0161\u012f kilim\u0117l\u012f ideal\u0173 \u017eygeiviams, kuriems itin svarbus \u012frangos svoris. D\u0117l toki\u0173 matmen\u0173 \u010diu\u017einys puikiai tinka naudoti hamake. 770 g sveriantis kilim\u0117lis yra lengvas ir kompakti\u0161kas. Pridedamas d\u0117klas su sutraukiamu rai\u0161teliu. I\u0161tiesto ir prip\u016bsto kilim\u0117lio ilgis \u2013 180 cm, plotis pla\u010diausioje vietoje \u2013 50 cm, koj\u0173 dalyje \u2013 28 cm, o storis \u2013 3 cm.    <\/p>\n<p>Miego kilim\u0117lis turi sraigtin\u012f vo\u017etuv\u0105, kur\u012f atsukus \u010diu\u017einys pats prisipildo oro. Norint pagreitinti proces\u0105, \u010diu\u017ein\u012f galima prip\u016bsti patiems burna arba pompa. <\/p>\n<p>Daugiau \u017eygio preki\u0173 rasi <a href=\"https:\/\/toidupakk.ee\/lt\/tootekategooria\/zygio-iranga\/#section-3-79\">\u010cIA<\/a><\/p>\n<p>\u017di\u016br\u0117k maist\u0105 \u017eygiams <a href=\"\/?product_cat=snakk#section-3-79\">\u010cIA<\/a><\/p>\n<p>Pasisemk \u012fkv\u0117pimo kitiems nuotykiams Toidupakk <a href=\"https:\/\/www.instagram.com\/toidupakk\/\">Instagram<\/a> ir <a href=\"https:\/\/www.facebook.com\/Toidupakk\/\">Facebook<\/a> paskyrose.<\/p>\n","protected":false},"excerpt":{"rendered":"<ul>\n<li><strong>Savaime prisipu\u010diantis \u010diu\u017einys<\/strong>, sukurtas atsi\u017evelgiant \u012f specialius \u017eygeivi\u0173 poreikius.<\/li>\n<li><strong>Lengvas 770 g \u017eygio \u010diu\u017einys<\/strong> tinka naudoti palapin\u0117je, ant grind\u0173, hamake ar ant \u017eem\u0117s.<\/li>\n<li><strong>Kompakti\u0161kas<\/strong> \u2013 komplekte su d\u0117klu \u2013 supakuotas u\u017eima tik 16 x 26 cm.<\/li>\n<li>I\u0161tiesto matmenys: 180 x 50 cm (pla\u010diausioje vietoje) \/ 28 cm (koj\u0173 dalyje) x 3 cm (storis)<\/li>\n<li>Spalv\u0173 pasirinkimas: <strong>\u017ealia arba oran\u017ein\u0117<\/strong><\/li>\n<\/ul>\n<p>Med\u017eiagos: vir\u0161utin\u0117 dalis \u2013 210T <em>Diamond Ripstop<\/em> poliesteris su PVC danga; apatin\u0117 dalis \u2013 <em>Dobby Polyester Coating<\/em> PVC + putos.<\/p>\n<p>\u2705 Turime sand\u0117lyje, greitas pristatymas per 1\u20133 d. d.<br \/>\n\u2705 Pirk dabar, mok\u0117k v\u0117liau (pal\u016bkanos 0 %)<\/p>\n","protected":false},"featured_media":5126,"comment_status":"open","ping_status":"closed","template":"","meta":{"_acf_changed":false},"product_brand":[],"product_cat":[217,216,189,190],"product_tag":[],"class_list":{"0":"post-47834","1":"product","2":"type-product","3":"status-publish","4":"has-post-thumbnail","6":"product_cat-nakvyne-gamtoje","7":"product_cat-pripuciami-kilimeliai-turistiniai-kilimeliai","8":"product_cat-zygio-iranga","9":"product_cat-zygio-prekes","11":"first","12":"instock","13":"taxable","14":"shipping-taxable","15":"purchasable","16":"product-type-variable","17":"has-default-attributes"},"bundled_by":[],"bundle_stock_status":"instock","bundle_stock_quantity":null,"bundle_virtual":false,"bundle_layout":"","bundle_add_to_cart_form_location":"","bundle_editable_in_cart":false,"bundle_sold_individually_context":"","bundle_item_grouping":"","bundle_min_size":"","bundle_max_size":"","bundle_price":[],"bundled_items":[],"bundle_sell_ids":[],"acf":[],"yoast_head":"<!-- This site is optimized with the Yoast SEO plugin v27.3 - https:\/\/yoast.com\/product\/yoast-seo-wordpress\/ -->\n<title>Savaime prisipu\u010diantis \u010diu\u017einys \u017eygiams BCB<\/title>\n<meta name=\"description\" content=\"Savaime prisipu\u010diantis lengvas 770 g \u017eygio \u010diu\u017einys tinka naudoti palapin\u0117je, ant grind\u0173, hamake ar tiesiog ant \u017eem\u0117s. Rekomenduojamas patyrusi\u0173 \u017eygeivi\u0173.\" \/>\n<meta name=\"robots\" content=\"index, follow, max-snippet:-1, max-image-preview:large, max-video-preview:-1\" \/>\n<link rel=\"canonical\" href=\"https:\/\/toidupakk.ee\/lt\/toode\/savaime-prisipuciantis-ciuzinys-zygiams-bcb\/\" \/>\n<meta property=\"og:locale\" content=\"lt_LT\" \/>\n<meta property=\"og:type\" content=\"article\" \/>\n<meta property=\"og:title\" content=\"Savaime prisipu\u010diantis \u010diu\u017einys \u017eygiams BCB\" \/>\n<meta property=\"og:description\" content=\"Savaime prisipu\u010diantis lengvas 770 g \u017eygio \u010diu\u017einys tinka naudoti palapin\u0117je, ant grind\u0173, hamake ar tiesiog ant \u017eem\u0117s. Rekomenduojamas patyrusi\u0173 \u017eygeivi\u0173.\" \/>\n<meta property=\"og:url\" content=\"https:\/\/toidupakk.ee\/lt\/toode\/savaime-prisipuciantis-ciuzinys-zygiams-bcb\/\" \/>\n<meta property=\"og:site_name\" content=\"Toidupakk.ee - Tactical Foodpack toidupakid\" \/>\n<meta property=\"article:publisher\" content=\"https:\/\/www.facebook.com\/Toidupakk\" \/>\n<meta property=\"article:modified_time\" content=\"2026-04-14T12:02:00+00:00\" \/>\n<meta property=\"og:image\" content=\"https:\/\/toidupakk.ee\/wp-content\/uploads\/2023\/01\/Isetaituv-madrats-matkale-1.png\" \/>\n\t<meta property=\"og:image:width\" content=\"1080\" \/>\n\t<meta property=\"og:image:height\" content=\"1080\" \/>\n\t<meta property=\"og:image:type\" content=\"image\/png\" \/>\n<meta name=\"twitter:card\" content=\"summary_large_image\" \/>\n<meta name=\"twitter:label1\" content=\"Est. reading time\" \/>\n\t<meta name=\"twitter:data1\" content=\"1 minut\u0117\" \/>\n<script type=\"application\/ld+json\" class=\"yoast-schema-graph\">{\"@context\":\"https:\\\/\\\/schema.org\",\"@graph\":[{\"@type\":\"WebPage\",\"@id\":\"https:\\\/\\\/toidupakk.ee\\\/lt\\\/toode\\\/savaime-prisipuciantis-ciuzinys-zygiams-bcb\\\/\",\"url\":\"https:\\\/\\\/toidupakk.ee\\\/lt\\\/toode\\\/savaime-prisipuciantis-ciuzinys-zygiams-bcb\\\/\",\"name\":\"Savaime prisipu\u010diantis \u010diu\u017einys \u017eygiams BCB\",\"isPartOf\":{\"@id\":\"https:\\\/\\\/toidupakk.ee\\\/lt\\\/#website\"},\"primaryImageOfPage\":{\"@id\":\"https:\\\/\\\/toidupakk.ee\\\/lt\\\/toode\\\/savaime-prisipuciantis-ciuzinys-zygiams-bcb\\\/#primaryimage\"},\"image\":{\"@id\":\"https:\\\/\\\/toidupakk.ee\\\/lt\\\/toode\\\/savaime-prisipuciantis-ciuzinys-zygiams-bcb\\\/#primaryimage\"},\"thumbnailUrl\":\"https:\\\/\\\/toidupakk.ee\\\/wp-content\\\/uploads\\\/2023\\\/01\\\/Isetaituv-madrats-matkale-1.png\",\"datePublished\":\"2023-01-04T10:13:46+00:00\",\"dateModified\":\"2026-04-14T12:02:00+00:00\",\"description\":\"Savaime prisipu\u010diantis lengvas 770 g \u017eygio \u010diu\u017einys tinka naudoti palapin\u0117je, ant grind\u0173, hamake ar tiesiog ant \u017eem\u0117s. Rekomenduojamas patyrusi\u0173 \u017eygeivi\u0173.\",\"breadcrumb\":{\"@id\":\"https:\\\/\\\/toidupakk.ee\\\/lt\\\/toode\\\/savaime-prisipuciantis-ciuzinys-zygiams-bcb\\\/#breadcrumb\"},\"inLanguage\":\"lt-LT\",\"potentialAction\":[{\"@type\":\"ReadAction\",\"target\":[\"https:\\\/\\\/toidupakk.ee\\\/lt\\\/toode\\\/savaime-prisipuciantis-ciuzinys-zygiams-bcb\\\/\"]}]},{\"@type\":\"ImageObject\",\"inLanguage\":\"lt-LT\",\"@id\":\"https:\\\/\\\/toidupakk.ee\\\/lt\\\/toode\\\/savaime-prisipuciantis-ciuzinys-zygiams-bcb\\\/#primaryimage\",\"url\":\"https:\\\/\\\/toidupakk.ee\\\/wp-content\\\/uploads\\\/2023\\\/01\\\/Isetaituv-madrats-matkale-1.png\",\"contentUrl\":\"https:\\\/\\\/toidupakk.ee\\\/wp-content\\\/uploads\\\/2023\\\/01\\\/Isetaituv-madrats-matkale-1.png\",\"width\":1080,\"height\":1080,\"caption\":\"Iset\u00e4ituv madrats matkale\"},{\"@type\":\"BreadcrumbList\",\"@id\":\"https:\\\/\\\/toidupakk.ee\\\/lt\\\/toode\\\/savaime-prisipuciantis-ciuzinys-zygiams-bcb\\\/#breadcrumb\",\"itemListElement\":[{\"@type\":\"ListItem\",\"position\":1,\"name\":\"Avaleht\",\"item\":\"https:\\\/\\\/toidupakk.ee\\\/lt\\\/\"},{\"@type\":\"ListItem\",\"position\":2,\"name\":\"El. parduotuv\u0117\",\"item\":\"https:\\\/\\\/toidupakk.ee\\\/lt\\\/el-parduotuve\\\/\"},{\"@type\":\"ListItem\",\"position\":3,\"name\":\"Savaime prisipu\u010diantis \u010diu\u017einys \u017eygiams BCB\"}]},{\"@type\":\"WebSite\",\"@id\":\"https:\\\/\\\/toidupakk.ee\\\/lt\\\/#website\",\"url\":\"https:\\\/\\\/toidupakk.ee\\\/lt\\\/\",\"name\":\"Toidupakk.ee - Tactical Foodpack toidupakid\",\"description\":\"Tactical Foodpack k\u00fclmkuivatatud toidupakid ja matkaeined\",\"publisher\":{\"@id\":\"https:\\\/\\\/toidupakk.ee\\\/lt\\\/#organization\"},\"potentialAction\":[{\"@type\":\"SearchAction\",\"target\":{\"@type\":\"EntryPoint\",\"urlTemplate\":\"https:\\\/\\\/toidupakk.ee\\\/lt\\\/?s={search_term_string}\"},\"query-input\":{\"@type\":\"PropertyValueSpecification\",\"valueRequired\":true,\"valueName\":\"search_term_string\"}}],\"inLanguage\":\"lt-LT\"},{\"@type\":\"Organization\",\"@id\":\"https:\\\/\\\/toidupakk.ee\\\/lt\\\/#organization\",\"name\":\"Tactical Foodpack matkaeined\",\"url\":\"https:\\\/\\\/toidupakk.ee\\\/lt\\\/\",\"logo\":{\"@type\":\"ImageObject\",\"inLanguage\":\"lt-LT\",\"@id\":\"https:\\\/\\\/toidupakk.ee\\\/lt\\\/#\\\/schema\\\/logo\\\/image\\\/\",\"url\":\"https:\\\/\\\/toidupakk.ee\\\/wp-content\\\/uploads\\\/2022\\\/01\\\/Toidupakk-matkapood-logo-transparent.png\",\"contentUrl\":\"https:\\\/\\\/toidupakk.ee\\\/wp-content\\\/uploads\\\/2022\\\/01\\\/Toidupakk-matkapood-logo-transparent.png\",\"width\":500,\"height\":500,\"caption\":\"Tactical Foodpack matkaeined\"},\"image\":{\"@id\":\"https:\\\/\\\/toidupakk.ee\\\/lt\\\/#\\\/schema\\\/logo\\\/image\\\/\"},\"sameAs\":[\"https:\\\/\\\/www.facebook.com\\\/Toidupakk\",\"https:\\\/\\\/www.instagram.com\\\/toidupakk\\\/\"]}]}<\/script>\n<!-- \/ Yoast SEO plugin. -->","yoast_head_json":{"title":"Savaime prisipu\u010diantis \u010diu\u017einys \u017eygiams BCB","description":"Savaime prisipu\u010diantis lengvas 770 g \u017eygio \u010diu\u017einys tinka naudoti palapin\u0117je, ant grind\u0173, hamake ar tiesiog ant \u017eem\u0117s. Rekomenduojamas patyrusi\u0173 \u017eygeivi\u0173.","robots":{"index":"index","follow":"follow","max-snippet":"max-snippet:-1","max-image-preview":"max-image-preview:large","max-video-preview":"max-video-preview:-1"},"canonical":"https:\/\/toidupakk.ee\/lt\/toode\/savaime-prisipuciantis-ciuzinys-zygiams-bcb\/","og_locale":"lt_LT","og_type":"article","og_title":"Savaime prisipu\u010diantis \u010diu\u017einys \u017eygiams BCB","og_description":"Savaime prisipu\u010diantis lengvas 770 g \u017eygio \u010diu\u017einys tinka naudoti palapin\u0117je, ant grind\u0173, hamake ar tiesiog ant \u017eem\u0117s. Rekomenduojamas patyrusi\u0173 \u017eygeivi\u0173.","og_url":"https:\/\/toidupakk.ee\/lt\/toode\/savaime-prisipuciantis-ciuzinys-zygiams-bcb\/","og_site_name":"Toidupakk.ee - Tactical Foodpack toidupakid","article_publisher":"https:\/\/www.facebook.com\/Toidupakk","article_modified_time":"2026-04-14T12:02:00+00:00","og_image":[{"width":1080,"height":1080,"url":"https:\/\/toidupakk.ee\/wp-content\/uploads\/2023\/01\/Isetaituv-madrats-matkale-1.png","type":"image\/png"}],"twitter_card":"summary_large_image","twitter_misc":{"Est. reading time":"1 minut\u0117"},"schema":{"@context":"https:\/\/schema.org","@graph":[{"@type":"WebPage","@id":"https:\/\/toidupakk.ee\/lt\/toode\/savaime-prisipuciantis-ciuzinys-zygiams-bcb\/","url":"https:\/\/toidupakk.ee\/lt\/toode\/savaime-prisipuciantis-ciuzinys-zygiams-bcb\/","name":"Savaime prisipu\u010diantis \u010diu\u017einys \u017eygiams BCB","isPartOf":{"@id":"https:\/\/toidupakk.ee\/lt\/#website"},"primaryImageOfPage":{"@id":"https:\/\/toidupakk.ee\/lt\/toode\/savaime-prisipuciantis-ciuzinys-zygiams-bcb\/#primaryimage"},"image":{"@id":"https:\/\/toidupakk.ee\/lt\/toode\/savaime-prisipuciantis-ciuzinys-zygiams-bcb\/#primaryimage"},"thumbnailUrl":"https:\/\/toidupakk.ee\/wp-content\/uploads\/2023\/01\/Isetaituv-madrats-matkale-1.png","datePublished":"2023-01-04T10:13:46+00:00","dateModified":"2026-04-14T12:02:00+00:00","description":"Savaime prisipu\u010diantis lengvas 770 g \u017eygio \u010diu\u017einys tinka naudoti palapin\u0117je, ant grind\u0173, hamake ar tiesiog ant \u017eem\u0117s. Rekomenduojamas patyrusi\u0173 \u017eygeivi\u0173.","breadcrumb":{"@id":"https:\/\/toidupakk.ee\/lt\/toode\/savaime-prisipuciantis-ciuzinys-zygiams-bcb\/#breadcrumb"},"inLanguage":"lt-LT","potentialAction":[{"@type":"ReadAction","target":["https:\/\/toidupakk.ee\/lt\/toode\/savaime-prisipuciantis-ciuzinys-zygiams-bcb\/"]}]},{"@type":"ImageObject","inLanguage":"lt-LT","@id":"https:\/\/toidupakk.ee\/lt\/toode\/savaime-prisipuciantis-ciuzinys-zygiams-bcb\/#primaryimage","url":"https:\/\/toidupakk.ee\/wp-content\/uploads\/2023\/01\/Isetaituv-madrats-matkale-1.png","contentUrl":"https:\/\/toidupakk.ee\/wp-content\/uploads\/2023\/01\/Isetaituv-madrats-matkale-1.png","width":1080,"height":1080,"caption":"Iset\u00e4ituv madrats matkale"},{"@type":"BreadcrumbList","@id":"https:\/\/toidupakk.ee\/lt\/toode\/savaime-prisipuciantis-ciuzinys-zygiams-bcb\/#breadcrumb","itemListElement":[{"@type":"ListItem","position":1,"name":"Avaleht","item":"https:\/\/toidupakk.ee\/lt\/"},{"@type":"ListItem","position":2,"name":"El. parduotuv\u0117","item":"https:\/\/toidupakk.ee\/lt\/el-parduotuve\/"},{"@type":"ListItem","position":3,"name":"Savaime prisipu\u010diantis \u010diu\u017einys \u017eygiams BCB"}]},{"@type":"WebSite","@id":"https:\/\/toidupakk.ee\/lt\/#website","url":"https:\/\/toidupakk.ee\/lt\/","name":"Toidupakk.ee - Tactical Foodpack toidupakid","description":"Tactical Foodpack k\u00fclmkuivatatud toidupakid ja matkaeined","publisher":{"@id":"https:\/\/toidupakk.ee\/lt\/#organization"},"potentialAction":[{"@type":"SearchAction","target":{"@type":"EntryPoint","urlTemplate":"https:\/\/toidupakk.ee\/lt\/?s={search_term_string}"},"query-input":{"@type":"PropertyValueSpecification","valueRequired":true,"valueName":"search_term_string"}}],"inLanguage":"lt-LT"},{"@type":"Organization","@id":"https:\/\/toidupakk.ee\/lt\/#organization","name":"Tactical Foodpack matkaeined","url":"https:\/\/toidupakk.ee\/lt\/","logo":{"@type":"ImageObject","inLanguage":"lt-LT","@id":"https:\/\/toidupakk.ee\/lt\/#\/schema\/logo\/image\/","url":"https:\/\/toidupakk.ee\/wp-content\/uploads\/2022\/01\/Toidupakk-matkapood-logo-transparent.png","contentUrl":"https:\/\/toidupakk.ee\/wp-content\/uploads\/2022\/01\/Toidupakk-matkapood-logo-transparent.png","width":500,"height":500,"caption":"Tactical Foodpack matkaeined"},"image":{"@id":"https:\/\/toidupakk.ee\/lt\/#\/schema\/logo\/image\/"},"sameAs":["https:\/\/www.facebook.com\/Toidupakk","https:\/\/www.instagram.com\/toidupakk\/"]}]}},"jetpack_sharing_enabled":true,"_links":{"self":[{"href":"https:\/\/toidupakk.ee\/lt\/wp-json\/wp\/v2\/product\/47834","targetHints":{"allow":["GET"]}}],"collection":[{"href":"https:\/\/toidupakk.ee\/lt\/wp-json\/wp\/v2\/product"}],"about":[{"href":"https:\/\/toidupakk.ee\/lt\/wp-json\/wp\/v2\/types\/product"}],"replies":[{"embeddable":true,"href":"https:\/\/toidupakk.ee\/lt\/wp-json\/wp\/v2\/comments?post=47834"}],"wp:featuredmedia":[{"embeddable":true,"href":"https:\/\/toidupakk.ee\/lt\/wp-json\/wp\/v2\/media\/5126"}],"wp:attachment":[{"href":"https:\/\/toidupakk.ee\/lt\/wp-json\/wp\/v2\/media?parent=47834"}],"wp:term":[{"taxonomy":"product_brand","embeddable":true,"href":"https:\/\/toidupakk.ee\/lt\/wp-json\/wp\/v2\/product_brand?post=47834"},{"taxonomy":"product_cat","embeddable":true,"href":"https:\/\/toidupakk.ee\/lt\/wp-json\/wp\/v2\/product_cat?post=47834"},{"taxonomy":"product_tag","embeddable":true,"href":"https:\/\/toidupakk.ee\/lt\/wp-json\/wp\/v2\/product_tag?post=47834"}],"curies":[{"name":"wp","href":"https:\/\/api.w.org\/{rel}","templated":true}]}}