{"id":47813,"date":"2023-01-03T14:52:08","date_gmt":"2023-01-03T12:52:08","guid":{"rendered":"https:\/\/toidupakk.ee\/toode\/taktikiniai-zygio-batai-su-thinsulate\/"},"modified":"2026-04-29T14:31:55","modified_gmt":"2026-04-29T11:31:55","slug":"taktikiniai-zygio-batai-su-thinsulate","status":"publish","type":"product","link":"https:\/\/toidupakk.ee\/lt\/toode\/taktikiniai-zygio-batai-su-thinsulate\/","title":{"rendered":"Taktikiniai \u017eygio batai su Thinsulate"},"content":{"rendered":"<h1>Taktikiniai \u017eygio batai \u2013 m\u016bs\u0173 perkamiausia avalyn\u0117<\/h1>\n<p>Kojos yra kiekvieno \u017eygeivio vertingiausi \u012frankiai. Nesvarbu, ar \u017eygis yra vienas, ar t\u016bkstantis kilometr\u0173 ilgio. Tod\u0117l labai svarbu, kad batai b\u016bt\u0173 patog\u016bs ir kokybi\u0161ki. Be \u012fprast\u0173 \u017eygio bat\u0173, naudojami ir vadinamieji taktikiniai \u017eygio batai, kaip ir \u0161ie \u010dia. Taktikiniai batai sukurti suteikti didel\u012f na\u0161um\u0105 ir apsaug\u0105 sunkiose aplinkose ir s\u0105lygose.    <\/p>\n<p>Kaip ir daugelis dalyk\u0173, vadinam\u0173 taktikiniais, \u0161ie batai \u012fkv\u0117pti daugiausia i\u0161 kariuomen\u0117je naudojam\u0173 \u012fprast\u0173 priemoni\u0173 ir drabu\u017ei\u0173. Koviniai batai turi b\u016bti pakankamai patvar\u016bs, kad atlaikyt\u0173 aktyv\u0173 naudojim\u0105, tuo pa\u010diu suteikdami ne\u0161iotojui pakankamai lankstumo kojoms ir kulk\u0161nims. Tam pasiekti \u0161ie batai pagaminti i\u0161 nat\u016bralios odos vir\u0161aus ir kietos gumos i\u0161oriniu padu.  <\/p>\n<p>Taktikiniai \u017eygio batai vis labiau patenka \u012f mases d\u0117l savo patogumo ir atsparumo at\u0161iauresn\u0117mis s\u0105lygomis.<\/p>\n<h2><\/h2>\n<p><img fetchpriority=\"high\" decoding=\"async\" class=\"alignnone wp-image-5110 size-medium\" src=\"https:\/\/toidupakk.ee\/wp-content\/uploads\/2023\/01\/Taktikalised-matkasaapad-2-300x300.png\" alt=\"\u017dygio batai juodi\" width=\"300\" height=\"300\" srcset=\"https:\/\/toidupakk.ee\/wp-content\/uploads\/2023\/01\/Taktikalised-matkasaapad-2-300x300.png 300w, https:\/\/toidupakk.ee\/wp-content\/uploads\/2023\/01\/Taktikalised-matkasaapad-2-400x400.png 400w, https:\/\/toidupakk.ee\/wp-content\/uploads\/2023\/01\/Taktikalised-matkasaapad-2-100x100.png 100w, https:\/\/toidupakk.ee\/wp-content\/uploads\/2023\/01\/Taktikalised-matkasaapad-2-800x800.png 800w, https:\/\/toidupakk.ee\/wp-content\/uploads\/2023\/01\/Taktikalised-matkasaapad-2-1024x1024.png 1024w, https:\/\/toidupakk.ee\/wp-content\/uploads\/2023\/01\/Taktikalised-matkasaapad-2-500x500.png 500w, https:\/\/toidupakk.ee\/wp-content\/uploads\/2023\/01\/Taktikalised-matkasaapad-2-768x768.png 768w, https:\/\/toidupakk.ee\/wp-content\/uploads\/2023\/01\/Taktikalised-matkasaapad-2.png 1080w\" sizes=\"(max-width: 300px) 100vw, 300px\" \/><\/p>\n<h2>Koki\u0173 \u017eygio bat\u0173 savybi\u0173 ie\u0161koti?<\/h2>\n<p><strong>Med\u017eiag\u0173 kokyb\u0117:<\/strong> \u0161ie batai skirti naudoti \u012fvairiomis reljefo s\u0105lygomis. Nesvarbu, ar tai mi\u0161ko takas, akmenuota pavir\u0161ius, sm\u0117lio kopos ar purvinas pelk\u0117s plotas. Stipr\u0173 neslystant\u012f sukibim\u0105 suteikia tinkamas ra\u0161tas ir i\u0161orinio pado med\u017eiaga.  <\/p>\n<p><strong>Vidinis padas:<\/strong> grei\u010diausiai jau beveik visuose \u017eygio batuose, pana\u0161iai kaip ir b\u0117gimo batuose, yra mink\u0161tas ir kv\u0117puojantis. Tai u\u017etikrina patogum\u0105, lengvum\u0105 ir paprast\u0105 prie\u017ei\u016br\u0105. <\/p>\n<p><strong>Atrama:<\/strong> auk\u0161tesn\u0117s blauzdos dalys fiksuoja koj\u0105 ir taip ma\u017eina \u0161uolio s\u0105nario traum\u0173 tikimyb\u0119 judant.<\/p>\n<p><strong>Vandeniui atsparumas:<\/strong> kadangi batai skirti naudoti \u012fvairiomis s\u0105lygomis, jie i\u0161 karto turi tam tikr\u0105 vandeniui atsparum\u0105. Ta\u010diau stipriame lietuje ar kertant upelius vis tiek yra rizika, kad batai tur\u0117s paaukoti dal\u012f kv\u0117pavimo savybi\u0173. <\/p>\n<p><strong>Kv\u0117pavimas:<\/strong> dirbtinio tinklo ir kit\u0173 audini\u0173 pagamintos plok\u0161t\u0117s u\u017etikrina bat\u0173 ger\u0105 kv\u0117pavim\u0105.<\/p>\n<p>&nbsp;<\/p>\n<h3>Taktikini\u0173 \u017eygio bat\u0173 savyb\u0117s<\/h3>\n<p>Taktikiniai \u017eygio batai yra ilgos blauzdos, kas \u017eymiai suma\u017eina galimyb\u0119 i\u0161kraipyti kulk\u0161n\u012f per\u017eengiant nelygumus ir galimyb\u0119, kad vanduo pateks pro bat\u0173 kra\u0161t\u0105.<\/p>\n<p>\u017dygio batas, kuriame sujungtas atsparumas, med\u017eiag\u0173 auk\u0161ta kokyb\u0117 ir detal\u0117s.<\/p>\n<ul>\n<li>Lengvi ir patvar\u016bs batai, pagaminti i\u0161 odos, Cordura med\u017eiagos ir temperat\u016br\u0105 reguliuojan\u010dio Thinsulate\u00ae pamu\u0161alo.<\/li>\n<li>Sustiprinta kulno dalis ir padas, tinkamas jud\u0117jimui tiek reljefe, tiek gatv\u0117je.<\/li>\n<li>Apatin\u0117s juostel\u0117s ir greituoju u\u017esegimu tvirtas YKK u\u017etrauktukas.<\/li>\n<\/ul>\n<p>Med\u017eiaga: vir\u0161us 100% poliesteris, odos dalis 100% jauties oda, pamu\u0161alas 100% poliesteris, Thinsulate\u2122 izoliacija, i\u0161orinis padas guminis, vidinis padas EVA (izoliuota puta, laiko koj\u0105 \u0161iltoje), bat\u0173 juostel\u0117s 100% poliesteris<\/p>\n<p><img decoding=\"async\" class=\"alignnone size-medium wp-image-5113\" src=\"https:\/\/toidupakk.ee\/wp-content\/uploads\/2023\/01\/3M-Thinsulate-insulation-300x122.png\" alt=\"3M Thinsulate izoliacija\" width=\"300\" height=\"122\" srcset=\"https:\/\/toidupakk.ee\/wp-content\/uploads\/2023\/01\/3M-Thinsulate-insulation-300x122.png 300w, https:\/\/toidupakk.ee\/wp-content\/uploads\/2023\/01\/3M-Thinsulate-insulation.png 639w\" sizes=\"(max-width: 300px) 100vw, 300px\" \/><\/p>\n<p>Daugiau \u017eygio preki\u0173 rasi <a href=\"https:\/\/toidupakk.ee\/lt\/tootekategooria\/zygio-iranga\/#section-3-79\">\u010cIA<\/a><\/p>\n<p>\u017di\u016br\u0117k \u017eygio maist\u0105 <a href=\"\/?product_cat=snakk#section-3-79\">\u010cIA<\/a><\/p>\n<p>Pasisemk \u012fkv\u0117pimo kitiems nuotykiams Toidupakk <a href=\"https:\/\/www.instagram.com\/toidupakk\/\">Instagram<\/a> ir <a href=\"https:\/\/www.facebook.com\/Toidupakk\/\">Facebook<\/a> paskyrose.<\/p>\n","protected":false},"excerpt":{"rendered":"<p>Taktikiniai MIL-TEC\u00ae \u017eygio batai. Tai m\u016bs\u0173 <strong>perkamiausia avalyn\u0117<\/strong>. <\/p>\n<ul>\n<li>Lengvi ir patvar\u016bs batai, pagaminti i\u0161 odos, <strong>Cordura audinio<\/strong> ir temperat\u016br\u0105 reguliuojan\u010dio <strong>Thinsulate\u00ae pamu\u0161alo<\/strong>.<\/li>\n<li>Sustiprinta kulno dalis ir padas, kuris <strong>tinka jud\u0117jimui tiek reljefe, tiek gatv\u0117je<\/strong>.<\/li>\n<li>Vidinis padas: Populiarus EVA putmed\u017eiagas, kuris suma\u017eina koj\u0173 sm\u016bgius (<em>Shock-absorbing<\/em>) ir tuo pa\u010diu laiko kojas <strong>sausas ir \u0161iltas<\/strong>.<\/li>\n<li>Apatin\u0117s juostel\u0117s ir <strong>greituoju u\u017esegimu tvirtas YKK u\u017etrauktukas<\/strong>.<\/li>\n<\/ul>\n<p>Med\u017eiaga: vir\u0161us 100% poliesteris, odos dalis 100% jauties oda, pamu\u0161alas 100% poliesteris, Thinsulate\u2122 izoliacija, i\u0161orinis padas guminis, vidinis padas EVA (izoliuota puta, laiko koj\u0105 \u0161iltoje), bat\u0173 juostel\u0117s 100% poliesteris.<\/p>\n<p>Spalva: juoda<br \/>\nGamintojas: MIL-TEC\u00ae + 3M<\/p>\n<p><img decoding=\"async\" class=\"alignnone wp-image-5113 size-medium\" src=\"https:\/\/toidupakk.ee\/wp-content\/uploads\/2023\/01\/3M-Thinsulate-insulation-300x122.png\" alt=\"3M Thinsulate izoliacija\" width=\"300\" height=\"122\" srcset=\"https:\/\/toidupakk.ee\/wp-content\/uploads\/2023\/01\/3M-Thinsulate-insulation-300x122.png 300w, https:\/\/toidupakk.ee\/wp-content\/uploads\/2023\/01\/3M-Thinsulate-insulation.png 639w\" sizes=\"(max-width: 300px) 100vw, 300px\" \/><\/p>\n<p>\u2705 Yra sand\u0117lyje, greitas pristatymas per 1-3 darbo dienas<br \/>\n\u2705 NEMOKAMAS gr\u0105\u017einimas ir keitimas per 14 dien\u0173, jei dydis netinka<br \/>\n\u2705 Pirk dabar, mok\u0117k v\u0117liau (pal\u016bkanos 0%)<\/p>\n","protected":false},"featured_media":5109,"comment_status":"open","ping_status":"closed","template":"","meta":{"_acf_changed":false},"product_brand":[],"product_cat":[193,210,223,189,190],"product_tag":[],"class_list":{"0":"post-47813","1":"product","2":"type-product","3":"status-publish","4":"has-post-thumbnail","6":"product_cat-karine-ekipuote","7":"product_cat-mil-tec","8":"product_cat-zygio-batai","9":"product_cat-zygio-iranga","10":"product_cat-zygio-prekes","12":"first","13":"instock","14":"sale","15":"taxable","16":"shipping-taxable","17":"purchasable","18":"product-type-variable","19":"has-default-attributes"},"bundled_by":[],"bundle_stock_status":"instock","bundle_stock_quantity":null,"bundle_virtual":false,"bundle_layout":"","bundle_add_to_cart_form_location":"","bundle_editable_in_cart":false,"bundle_sold_individually_context":"","bundle_item_grouping":"","bundle_min_size":"","bundle_max_size":"","bundle_price":[],"bundled_items":[],"bundle_sell_ids":[],"acf":[],"yoast_head":"<!-- This site is optimized with the Yoast SEO plugin v27.3 - https:\/\/yoast.com\/product\/yoast-seo-wordpress\/ -->\n<title>Taktikiniai \u017eygio batai su Thinsulate<\/title>\n<meta name=\"description\" content=\"Juodos spalvos taktikiniai \u017eygio batai yra m\u016bs\u0173 perkamiausi batai. Patvar\u016bs ir lengvi avalyn\u0117s modeliai su temperat\u016br\u0105 reguliuojan\u010dia Thinsulate\u00ae pamu\u0161alo \u012fd\u0117kle, skirti \u017eygiui ar kasdieniam naudojimui.\" \/>\n<meta name=\"robots\" content=\"index, follow, max-snippet:-1, max-image-preview:large, max-video-preview:-1\" \/>\n<link rel=\"canonical\" href=\"https:\/\/toidupakk.ee\/lt\/toode\/taktikiniai-zygio-batai-su-thinsulate\/\" \/>\n<meta property=\"og:locale\" content=\"lt_LT\" \/>\n<meta property=\"og:type\" content=\"article\" \/>\n<meta property=\"og:title\" content=\"Taktikiniai \u017eygio batai su Thinsulate\" \/>\n<meta property=\"og:description\" content=\"Juodos spalvos taktikiniai \u017eygio batai yra m\u016bs\u0173 perkamiausi batai. Patvar\u016bs ir lengvi avalyn\u0117s modeliai su temperat\u016br\u0105 reguliuojan\u010dia Thinsulate\u00ae pamu\u0161alo \u012fd\u0117kle, skirti \u017eygiui ar kasdieniam naudojimui.\" \/>\n<meta property=\"og:url\" content=\"https:\/\/toidupakk.ee\/lt\/toode\/taktikiniai-zygio-batai-su-thinsulate\/\" \/>\n<meta property=\"og:site_name\" content=\"Toidupakk.ee - Tactical Foodpack toidupakid\" \/>\n<meta property=\"article:publisher\" content=\"https:\/\/www.facebook.com\/Toidupakk\" \/>\n<meta property=\"article:modified_time\" content=\"2026-04-29T11:31:55+00:00\" \/>\n<meta property=\"og:image\" content=\"https:\/\/toidupakk.ee\/wp-content\/uploads\/2023\/01\/Taktikalised-matkasaapad-1.png\" \/>\n\t<meta property=\"og:image:width\" content=\"1080\" \/>\n\t<meta property=\"og:image:height\" content=\"1080\" \/>\n\t<meta property=\"og:image:type\" content=\"image\/png\" \/>\n<meta name=\"twitter:card\" content=\"summary_large_image\" \/>\n<meta name=\"twitter:label1\" content=\"Est. reading time\" \/>\n\t<meta name=\"twitter:data1\" content=\"2 minut\u0117s\" \/>\n<script type=\"application\/ld+json\" class=\"yoast-schema-graph\">{\"@context\":\"https:\\\/\\\/schema.org\",\"@graph\":[{\"@type\":\"WebPage\",\"@id\":\"https:\\\/\\\/toidupakk.ee\\\/lt\\\/toode\\\/taktikiniai-zygio-batai-su-thinsulate\\\/\",\"url\":\"https:\\\/\\\/toidupakk.ee\\\/lt\\\/toode\\\/taktikiniai-zygio-batai-su-thinsulate\\\/\",\"name\":\"Taktikiniai \u017eygio batai su Thinsulate\",\"isPartOf\":{\"@id\":\"https:\\\/\\\/toidupakk.ee\\\/lt\\\/#website\"},\"primaryImageOfPage\":{\"@id\":\"https:\\\/\\\/toidupakk.ee\\\/lt\\\/toode\\\/taktikiniai-zygio-batai-su-thinsulate\\\/#primaryimage\"},\"image\":{\"@id\":\"https:\\\/\\\/toidupakk.ee\\\/lt\\\/toode\\\/taktikiniai-zygio-batai-su-thinsulate\\\/#primaryimage\"},\"thumbnailUrl\":\"https:\\\/\\\/toidupakk.ee\\\/wp-content\\\/uploads\\\/2023\\\/01\\\/Taktikalised-matkasaapad-1.png\",\"datePublished\":\"2023-01-03T12:52:08+00:00\",\"dateModified\":\"2026-04-29T11:31:55+00:00\",\"description\":\"Juodos spalvos taktikiniai \u017eygio batai yra m\u016bs\u0173 perkamiausi batai. Patvar\u016bs ir lengvi avalyn\u0117s modeliai su temperat\u016br\u0105 reguliuojan\u010dia Thinsulate\u00ae pamu\u0161alo \u012fd\u0117kle, skirti \u017eygiui ar kasdieniam naudojimui.\",\"breadcrumb\":{\"@id\":\"https:\\\/\\\/toidupakk.ee\\\/lt\\\/toode\\\/taktikiniai-zygio-batai-su-thinsulate\\\/#breadcrumb\"},\"inLanguage\":\"lt-LT\",\"potentialAction\":[{\"@type\":\"ReadAction\",\"target\":[\"https:\\\/\\\/toidupakk.ee\\\/lt\\\/toode\\\/taktikiniai-zygio-batai-su-thinsulate\\\/\"]}]},{\"@type\":\"ImageObject\",\"inLanguage\":\"lt-LT\",\"@id\":\"https:\\\/\\\/toidupakk.ee\\\/lt\\\/toode\\\/taktikiniai-zygio-batai-su-thinsulate\\\/#primaryimage\",\"url\":\"https:\\\/\\\/toidupakk.ee\\\/wp-content\\\/uploads\\\/2023\\\/01\\\/Taktikalised-matkasaapad-1.png\",\"contentUrl\":\"https:\\\/\\\/toidupakk.ee\\\/wp-content\\\/uploads\\\/2023\\\/01\\\/Taktikalised-matkasaapad-1.png\",\"width\":1080,\"height\":1080,\"caption\":\"Taktikalised matkasaapad\"},{\"@type\":\"BreadcrumbList\",\"@id\":\"https:\\\/\\\/toidupakk.ee\\\/lt\\\/toode\\\/taktikiniai-zygio-batai-su-thinsulate\\\/#breadcrumb\",\"itemListElement\":[{\"@type\":\"ListItem\",\"position\":1,\"name\":\"Avaleht\",\"item\":\"https:\\\/\\\/toidupakk.ee\\\/lt\\\/\"},{\"@type\":\"ListItem\",\"position\":2,\"name\":\"El. parduotuv\u0117\",\"item\":\"https:\\\/\\\/toidupakk.ee\\\/lt\\\/el-parduotuve\\\/\"},{\"@type\":\"ListItem\",\"position\":3,\"name\":\"Taktikiniai \u017eygio batai su Thinsulate\"}]},{\"@type\":\"WebSite\",\"@id\":\"https:\\\/\\\/toidupakk.ee\\\/lt\\\/#website\",\"url\":\"https:\\\/\\\/toidupakk.ee\\\/lt\\\/\",\"name\":\"Toidupakk.ee - Tactical Foodpack toidupakid\",\"description\":\"Tactical Foodpack k\u00fclmkuivatatud toidupakid ja matkaeined\",\"publisher\":{\"@id\":\"https:\\\/\\\/toidupakk.ee\\\/lt\\\/#organization\"},\"potentialAction\":[{\"@type\":\"SearchAction\",\"target\":{\"@type\":\"EntryPoint\",\"urlTemplate\":\"https:\\\/\\\/toidupakk.ee\\\/lt\\\/?s={search_term_string}\"},\"query-input\":{\"@type\":\"PropertyValueSpecification\",\"valueRequired\":true,\"valueName\":\"search_term_string\"}}],\"inLanguage\":\"lt-LT\"},{\"@type\":\"Organization\",\"@id\":\"https:\\\/\\\/toidupakk.ee\\\/lt\\\/#organization\",\"name\":\"Tactical Foodpack matkaeined\",\"url\":\"https:\\\/\\\/toidupakk.ee\\\/lt\\\/\",\"logo\":{\"@type\":\"ImageObject\",\"inLanguage\":\"lt-LT\",\"@id\":\"https:\\\/\\\/toidupakk.ee\\\/lt\\\/#\\\/schema\\\/logo\\\/image\\\/\",\"url\":\"https:\\\/\\\/toidupakk.ee\\\/wp-content\\\/uploads\\\/2022\\\/01\\\/Toidupakk-matkapood-logo-transparent.png\",\"contentUrl\":\"https:\\\/\\\/toidupakk.ee\\\/wp-content\\\/uploads\\\/2022\\\/01\\\/Toidupakk-matkapood-logo-transparent.png\",\"width\":500,\"height\":500,\"caption\":\"Tactical Foodpack matkaeined\"},\"image\":{\"@id\":\"https:\\\/\\\/toidupakk.ee\\\/lt\\\/#\\\/schema\\\/logo\\\/image\\\/\"},\"sameAs\":[\"https:\\\/\\\/www.facebook.com\\\/Toidupakk\",\"https:\\\/\\\/www.instagram.com\\\/toidupakk\\\/\"]}]}<\/script>\n<!-- \/ Yoast SEO plugin. -->","yoast_head_json":{"title":"Taktikiniai \u017eygio batai su Thinsulate","description":"Juodos spalvos taktikiniai \u017eygio batai yra m\u016bs\u0173 perkamiausi batai. Patvar\u016bs ir lengvi avalyn\u0117s modeliai su temperat\u016br\u0105 reguliuojan\u010dia Thinsulate\u00ae pamu\u0161alo \u012fd\u0117kle, skirti \u017eygiui ar kasdieniam naudojimui.","robots":{"index":"index","follow":"follow","max-snippet":"max-snippet:-1","max-image-preview":"max-image-preview:large","max-video-preview":"max-video-preview:-1"},"canonical":"https:\/\/toidupakk.ee\/lt\/toode\/taktikiniai-zygio-batai-su-thinsulate\/","og_locale":"lt_LT","og_type":"article","og_title":"Taktikiniai \u017eygio batai su Thinsulate","og_description":"Juodos spalvos taktikiniai \u017eygio batai yra m\u016bs\u0173 perkamiausi batai. Patvar\u016bs ir lengvi avalyn\u0117s modeliai su temperat\u016br\u0105 reguliuojan\u010dia Thinsulate\u00ae pamu\u0161alo \u012fd\u0117kle, skirti \u017eygiui ar kasdieniam naudojimui.","og_url":"https:\/\/toidupakk.ee\/lt\/toode\/taktikiniai-zygio-batai-su-thinsulate\/","og_site_name":"Toidupakk.ee - Tactical Foodpack toidupakid","article_publisher":"https:\/\/www.facebook.com\/Toidupakk","article_modified_time":"2026-04-29T11:31:55+00:00","og_image":[{"width":1080,"height":1080,"url":"https:\/\/toidupakk.ee\/wp-content\/uploads\/2023\/01\/Taktikalised-matkasaapad-1.png","type":"image\/png"}],"twitter_card":"summary_large_image","twitter_misc":{"Est. reading time":"2 minut\u0117s"},"schema":{"@context":"https:\/\/schema.org","@graph":[{"@type":"WebPage","@id":"https:\/\/toidupakk.ee\/lt\/toode\/taktikiniai-zygio-batai-su-thinsulate\/","url":"https:\/\/toidupakk.ee\/lt\/toode\/taktikiniai-zygio-batai-su-thinsulate\/","name":"Taktikiniai \u017eygio batai su Thinsulate","isPartOf":{"@id":"https:\/\/toidupakk.ee\/lt\/#website"},"primaryImageOfPage":{"@id":"https:\/\/toidupakk.ee\/lt\/toode\/taktikiniai-zygio-batai-su-thinsulate\/#primaryimage"},"image":{"@id":"https:\/\/toidupakk.ee\/lt\/toode\/taktikiniai-zygio-batai-su-thinsulate\/#primaryimage"},"thumbnailUrl":"https:\/\/toidupakk.ee\/wp-content\/uploads\/2023\/01\/Taktikalised-matkasaapad-1.png","datePublished":"2023-01-03T12:52:08+00:00","dateModified":"2026-04-29T11:31:55+00:00","description":"Juodos spalvos taktikiniai \u017eygio batai yra m\u016bs\u0173 perkamiausi batai. Patvar\u016bs ir lengvi avalyn\u0117s modeliai su temperat\u016br\u0105 reguliuojan\u010dia Thinsulate\u00ae pamu\u0161alo \u012fd\u0117kle, skirti \u017eygiui ar kasdieniam naudojimui.","breadcrumb":{"@id":"https:\/\/toidupakk.ee\/lt\/toode\/taktikiniai-zygio-batai-su-thinsulate\/#breadcrumb"},"inLanguage":"lt-LT","potentialAction":[{"@type":"ReadAction","target":["https:\/\/toidupakk.ee\/lt\/toode\/taktikiniai-zygio-batai-su-thinsulate\/"]}]},{"@type":"ImageObject","inLanguage":"lt-LT","@id":"https:\/\/toidupakk.ee\/lt\/toode\/taktikiniai-zygio-batai-su-thinsulate\/#primaryimage","url":"https:\/\/toidupakk.ee\/wp-content\/uploads\/2023\/01\/Taktikalised-matkasaapad-1.png","contentUrl":"https:\/\/toidupakk.ee\/wp-content\/uploads\/2023\/01\/Taktikalised-matkasaapad-1.png","width":1080,"height":1080,"caption":"Taktikalised matkasaapad"},{"@type":"BreadcrumbList","@id":"https:\/\/toidupakk.ee\/lt\/toode\/taktikiniai-zygio-batai-su-thinsulate\/#breadcrumb","itemListElement":[{"@type":"ListItem","position":1,"name":"Avaleht","item":"https:\/\/toidupakk.ee\/lt\/"},{"@type":"ListItem","position":2,"name":"El. parduotuv\u0117","item":"https:\/\/toidupakk.ee\/lt\/el-parduotuve\/"},{"@type":"ListItem","position":3,"name":"Taktikiniai \u017eygio batai su Thinsulate"}]},{"@type":"WebSite","@id":"https:\/\/toidupakk.ee\/lt\/#website","url":"https:\/\/toidupakk.ee\/lt\/","name":"Toidupakk.ee - Tactical Foodpack toidupakid","description":"Tactical Foodpack k\u00fclmkuivatatud toidupakid ja matkaeined","publisher":{"@id":"https:\/\/toidupakk.ee\/lt\/#organization"},"potentialAction":[{"@type":"SearchAction","target":{"@type":"EntryPoint","urlTemplate":"https:\/\/toidupakk.ee\/lt\/?s={search_term_string}"},"query-input":{"@type":"PropertyValueSpecification","valueRequired":true,"valueName":"search_term_string"}}],"inLanguage":"lt-LT"},{"@type":"Organization","@id":"https:\/\/toidupakk.ee\/lt\/#organization","name":"Tactical Foodpack matkaeined","url":"https:\/\/toidupakk.ee\/lt\/","logo":{"@type":"ImageObject","inLanguage":"lt-LT","@id":"https:\/\/toidupakk.ee\/lt\/#\/schema\/logo\/image\/","url":"https:\/\/toidupakk.ee\/wp-content\/uploads\/2022\/01\/Toidupakk-matkapood-logo-transparent.png","contentUrl":"https:\/\/toidupakk.ee\/wp-content\/uploads\/2022\/01\/Toidupakk-matkapood-logo-transparent.png","width":500,"height":500,"caption":"Tactical Foodpack matkaeined"},"image":{"@id":"https:\/\/toidupakk.ee\/lt\/#\/schema\/logo\/image\/"},"sameAs":["https:\/\/www.facebook.com\/Toidupakk","https:\/\/www.instagram.com\/toidupakk\/"]}]}},"jetpack_sharing_enabled":true,"_links":{"self":[{"href":"https:\/\/toidupakk.ee\/lt\/wp-json\/wp\/v2\/product\/47813","targetHints":{"allow":["GET"]}}],"collection":[{"href":"https:\/\/toidupakk.ee\/lt\/wp-json\/wp\/v2\/product"}],"about":[{"href":"https:\/\/toidupakk.ee\/lt\/wp-json\/wp\/v2\/types\/product"}],"replies":[{"embeddable":true,"href":"https:\/\/toidupakk.ee\/lt\/wp-json\/wp\/v2\/comments?post=47813"}],"wp:featuredmedia":[{"embeddable":true,"href":"https:\/\/toidupakk.ee\/lt\/wp-json\/wp\/v2\/media\/5109"}],"wp:attachment":[{"href":"https:\/\/toidupakk.ee\/lt\/wp-json\/wp\/v2\/media?parent=47813"}],"wp:term":[{"taxonomy":"product_brand","embeddable":true,"href":"https:\/\/toidupakk.ee\/lt\/wp-json\/wp\/v2\/product_brand?post=47813"},{"taxonomy":"product_cat","embeddable":true,"href":"https:\/\/toidupakk.ee\/lt\/wp-json\/wp\/v2\/product_cat?post=47813"},{"taxonomy":"product_tag","embeddable":true,"href":"https:\/\/toidupakk.ee\/lt\/wp-json\/wp\/v2\/product_tag?post=47813"}],"curies":[{"name":"wp","href":"https:\/\/api.w.org\/{rel}","templated":true}]}}