{"id":47812,"date":"2023-02-14T09:51:53","date_gmt":"2023-02-14T07:51:53","guid":{"rendered":"https:\/\/toidupakk.ee\/toode\/turistinis-pjuklas-mil-tec\/"},"modified":"2026-04-15T01:30:43","modified_gmt":"2026-04-14T22:30:43","slug":"turistinis-pjuklas-mil-tec","status":"publish","type":"product","link":"https:\/\/toidupakk.ee\/lt\/toode\/turistinis-pjuklas-mil-tec\/","title":{"rendered":"Turistinis pj\u016bklas MIL-TEC\u00ae"},"content":{"rendered":"<h1>Turistinis pj\u016bklas \u2013 ma\u017eas, bet naudingas pagalbininkas<\/h1>\n<p>Turistinis pj\u016bklas yra vienas svarbiausi\u0173 \u012franki\u0173 \u017eygiuose ir leid\u017eiant laik\u0105 mi\u0161ke. Jis lengvesnis, saugesnis ir reikalauja ma\u017eiau energijos bei \u012fg\u016bd\u017ei\u0173 nei kirvis. Jis nepakei\u010dia kirvio, ta\u010diau yra puiki alternatyva. Pjaunam\u0105 med\u017eiag\u0105 gali naudoti pastog\u0117ms \u012frengti, lau\u017eui kurti, konstrukcijoms gaminti, o turint \u012fg\u016bd\u017ei\u0173 \u2013 net lankui pasidaryti.   <\/p>\n<p>&nbsp;<\/p>\n<h3>Sulankstomo pj\u016bklo privalumai<\/h3>\n<p>Kiekvieno \u017eygeivio svajon\u0117 \u2013 kad daiktai kuprin\u0117je u\u017eimt\u0173 kuo ma\u017eiau vietos. Did\u017eiausias sulankstom\u0173 pj\u016bkl\u0173 pliusas yra sulenkiama gele\u017et\u0117, kuri ne tik suteikia kompakti\u0161kumo, bet ir u\u017etikrina saugum\u0105, nes dantukai pasislepia rankenoje. Sulankstomo pj\u016bklo rankena tvirta, o gele\u017et\u0117 pakankamai ilga, kad b\u016bt\u0173 galima pjauti ir storesnius med\u017eius. MIL-TEC turistinis pj\u016bklas turi fiksavimo mechanizm\u0105, kuris u\u017erakina gele\u017et\u0119 atviroje pad\u0117tyje pjovimo metu.   <\/p>\n<p>Kirvis eikvoja daug laiko ir energijos. Ilgiau b\u016bnant gamtoje, svarbiausia taupyti j\u0117gas, kad nesudegintum per daug kalorij\u0173, ypa\u010d kai maisto ir vandens atsargos ribotos. Malk\u0173 rinkimas ir apdorojimas m\u016bs\u0173 klimato s\u0105lygomis gali tapti kriti\u0161kai svarbus, tod\u0117l tai reik\u0117t\u0173 daryti kuo efektyviau. Verta i\u0161likti realistais: nupjauti didelio skersmens med\u017ei\u0173 nepavyks, tad geriau pjauti sausuolius ar jau nukritusias \u0161akas bei med\u017eius.    <\/p>\n<p><img fetchpriority=\"high\" decoding=\"async\" class=\"alignright wp-image-5607 size-thumbnail\" src=\"https:\/\/toidupakk.ee\/wp-content\/uploads\/2023\/02\/2-500x500.png\" alt=\"turistinis pj\u016bklas sulenktas\" width=\"500\" height=\"500\" srcset=\"https:\/\/toidupakk.ee\/wp-content\/uploads\/2023\/02\/2-500x500.png 500w, https:\/\/toidupakk.ee\/wp-content\/uploads\/2023\/02\/2-400x400.png 400w, https:\/\/toidupakk.ee\/wp-content\/uploads\/2023\/02\/2-100x100.png 100w, https:\/\/toidupakk.ee\/wp-content\/uploads\/2023\/02\/2-800x800.png 800w, https:\/\/toidupakk.ee\/wp-content\/uploads\/2023\/02\/2-300x300.png 300w, https:\/\/toidupakk.ee\/wp-content\/uploads\/2023\/02\/2-1024x1024.png 1024w, https:\/\/toidupakk.ee\/wp-content\/uploads\/2023\/02\/2-768x768.png 768w, https:\/\/toidupakk.ee\/wp-content\/uploads\/2023\/02\/2.png 1080w\" sizes=\"(max-width: 500px) 100vw, 500px\" \/><\/p>\n<h3>Turistinis pj\u016bklas \u2013 efektyvus pjovimo \u012frankis<\/h3>\n<p>Turistinis pj\u016bklas yra efektyvus pjovimo \u012frankis. Nors kirvis puikiai tinka \u201estambiam\u201c medienos apdorojimui, turistinis pj\u016bklas yra kur kas subtilesnis ir tikslesnis. Pj\u016bklas gali greitai perpjauti medien\u0105 neeikvojant daug laiko ir pastang\u0173! Pj\u016bklo mechanizmas sukurtas pjauti tiek stumiant, tiek traukiant. D\u0117l \u0161io dvigubo veikimo turistinis pj\u016bklas yra toks efektyvus. Kiekvienu judesiu medienos pluo\u0161tas nuolat pjaunamas ir pa\u0161alinamas dantukais. Reikia labai ma\u017eai spaudimo j\u0117gos, nes pjovimo metu gele\u017et\u0117 pati sminga gilyn. Kai gele\u017et\u0117 suformuoja pjovimo griovel\u012f, krypties palaikyti nebereikia \u2013 pj\u016bklas laikosi griovelyje ir pjauna lygiagre\u010diai per medien\u0105.        <\/p>\n<p>&nbsp;<\/p>\n<p>Pasisemk \u012fkv\u0117pimo kitiems nuotykiams Toidupakk <a href=\"https:\/\/www.instagram.com\/toidupakk\/\">Instagram<\/a> ir <a href=\"https:\/\/www.facebook.com\/Toidupakk\/\">Facebook<\/a> paskyrose.<\/p>\n<p>\u017dygio reikmenis ap\u017ei\u016br\u0117k <a href=\"https:\/\/toidupakk.ee\/lt\/tootekategooria\/zygio-iranga\/#section-3-79\">\u010cIA<\/a>.<\/p>\n","protected":false},"excerpt":{"rendered":"<p>Daugumai turistinis pj\u016bklas galb\u016bt atrodo kaip neb\u016btina \u012frangos dalis. Ta\u010diau tie, kurie daug keliauja ar b\u016bna mi\u0161ke, \u017eino, kad tam tikrose situacijose b\u016btent pj\u016bklas gali i\u0161gelb\u0117ti dien\u0105. <\/p>\n<ul>\n<li>Ner\u016bdijan\u010dio plieno gele\u017et\u0117<\/li>\n<li>Tvirta rie\u0161utmed\u017eio rankena<\/li>\n<li>Gele\u017et\u0117s fiksavimo mechanizmas traum\u0173 prevencijai<\/li>\n<li>Komplekte yra specialus d\u0117klas<\/li>\n<li>Pj\u016bklo ilgis darbin\u0117je pad\u0117tyje: 42 cm<\/li>\n<li>Pj\u016bklo ilgis transportavimo pad\u0117tyje (sulankstyto): 19 cm<\/li>\n<li>svoris 175 g<\/li>\n<\/ul>\n<p>\u2705 Turime sand\u0117lyje, greitas pristatymas per 1\u20133 d. d.<br \/>\n\u2705 Pirk dabar, mok\u0117k v\u0117liau (pal\u016bkanos 0 %)<\/p>\n","protected":false},"featured_media":5606,"comment_status":"open","ping_status":"closed","template":"","meta":{"_acf_changed":false},"product_brand":[],"product_cat":[193,210,189,190],"product_tag":[],"class_list":{"0":"post-47812","1":"product","2":"type-product","3":"status-publish","4":"has-post-thumbnail","6":"product_cat-karine-ekipuote","7":"product_cat-mil-tec","8":"product_cat-zygio-iranga","9":"product_cat-zygio-prekes","11":"first","12":"instock","13":"sale","14":"taxable","15":"shipping-taxable","16":"purchasable","17":"product-type-simple"},"bundled_by":[],"bundle_stock_status":"instock","bundle_stock_quantity":5,"bundle_virtual":false,"bundle_layout":"","bundle_add_to_cart_form_location":"","bundle_editable_in_cart":false,"bundle_sold_individually_context":"","bundle_item_grouping":"","bundle_min_size":"","bundle_max_size":"","bundle_price":[],"bundled_items":[],"bundle_sell_ids":[],"acf":[],"yoast_head":"<!-- This site is optimized with the Yoast SEO plugin v27.3 - https:\/\/yoast.com\/product\/yoast-seo-wordpress\/ -->\n<title>Turistinis pj\u016bklas MIL-TEC\u00ae<\/title>\n<meta name=\"description\" content=\"Sulankstomas turistinis pj\u016bklas i\u0161 ner\u016bdijan\u010dio plieno. Lengvas, bet tvirtos konstrukcijos. Neu\u017eima vietos kuprin\u0117je. Lengvai pjauna medien\u0105.\" \/>\n<meta name=\"robots\" content=\"index, follow, max-snippet:-1, max-image-preview:large, max-video-preview:-1\" \/>\n<link rel=\"canonical\" href=\"https:\/\/toidupakk.ee\/lt\/toode\/turistinis-pjuklas-mil-tec\/\" \/>\n<meta property=\"og:locale\" content=\"lt_LT\" \/>\n<meta property=\"og:type\" content=\"article\" \/>\n<meta property=\"og:title\" content=\"Turistinis pj\u016bklas MIL-TEC\u00ae\" \/>\n<meta property=\"og:description\" content=\"Sulankstomas turistinis pj\u016bklas i\u0161 ner\u016bdijan\u010dio plieno. Lengvas, bet tvirtos konstrukcijos. Neu\u017eima vietos kuprin\u0117je. Lengvai pjauna medien\u0105.\" \/>\n<meta property=\"og:url\" content=\"https:\/\/toidupakk.ee\/lt\/toode\/turistinis-pjuklas-mil-tec\/\" \/>\n<meta property=\"og:site_name\" content=\"Toidupakk.ee - Tactical Foodpack toidupakid\" \/>\n<meta property=\"article:publisher\" content=\"https:\/\/www.facebook.com\/Toidupakk\" \/>\n<meta property=\"article:modified_time\" content=\"2026-04-14T22:30:43+00:00\" \/>\n<meta property=\"og:image\" content=\"https:\/\/toidupakk.ee\/wp-content\/uploads\/2023\/02\/1.png\" \/>\n\t<meta property=\"og:image:width\" content=\"1080\" \/>\n\t<meta property=\"og:image:height\" content=\"1080\" \/>\n\t<meta property=\"og:image:type\" content=\"image\/png\" \/>\n<meta name=\"twitter:card\" content=\"summary_large_image\" \/>\n<meta name=\"twitter:label1\" content=\"Est. reading time\" \/>\n\t<meta name=\"twitter:data1\" content=\"2 minut\u0117s\" \/>\n<script type=\"application\/ld+json\" class=\"yoast-schema-graph\">{\"@context\":\"https:\\\/\\\/schema.org\",\"@graph\":[{\"@type\":\"WebPage\",\"@id\":\"https:\\\/\\\/toidupakk.ee\\\/lt\\\/toode\\\/turistinis-pjuklas-mil-tec\\\/\",\"url\":\"https:\\\/\\\/toidupakk.ee\\\/lt\\\/toode\\\/turistinis-pjuklas-mil-tec\\\/\",\"name\":\"Turistinis pj\u016bklas MIL-TEC\u00ae\",\"isPartOf\":{\"@id\":\"https:\\\/\\\/toidupakk.ee\\\/lt\\\/#website\"},\"primaryImageOfPage\":{\"@id\":\"https:\\\/\\\/toidupakk.ee\\\/lt\\\/toode\\\/turistinis-pjuklas-mil-tec\\\/#primaryimage\"},\"image\":{\"@id\":\"https:\\\/\\\/toidupakk.ee\\\/lt\\\/toode\\\/turistinis-pjuklas-mil-tec\\\/#primaryimage\"},\"thumbnailUrl\":\"https:\\\/\\\/toidupakk.ee\\\/wp-content\\\/uploads\\\/2023\\\/02\\\/1.png\",\"datePublished\":\"2023-02-14T07:51:53+00:00\",\"dateModified\":\"2026-04-14T22:30:43+00:00\",\"description\":\"Sulankstomas turistinis pj\u016bklas i\u0161 ner\u016bdijan\u010dio plieno. Lengvas, bet tvirtos konstrukcijos. Neu\u017eima vietos kuprin\u0117je. Lengvai pjauna medien\u0105.\",\"breadcrumb\":{\"@id\":\"https:\\\/\\\/toidupakk.ee\\\/lt\\\/toode\\\/turistinis-pjuklas-mil-tec\\\/#breadcrumb\"},\"inLanguage\":\"lt-LT\",\"potentialAction\":[{\"@type\":\"ReadAction\",\"target\":[\"https:\\\/\\\/toidupakk.ee\\\/lt\\\/toode\\\/turistinis-pjuklas-mil-tec\\\/\"]}]},{\"@type\":\"ImageObject\",\"inLanguage\":\"lt-LT\",\"@id\":\"https:\\\/\\\/toidupakk.ee\\\/lt\\\/toode\\\/turistinis-pjuklas-mil-tec\\\/#primaryimage\",\"url\":\"https:\\\/\\\/toidupakk.ee\\\/wp-content\\\/uploads\\\/2023\\\/02\\\/1.png\",\"contentUrl\":\"https:\\\/\\\/toidupakk.ee\\\/wp-content\\\/uploads\\\/2023\\\/02\\\/1.png\",\"width\":1080,\"height\":1080,\"caption\":\"matkasaag lahtine\"},{\"@type\":\"BreadcrumbList\",\"@id\":\"https:\\\/\\\/toidupakk.ee\\\/lt\\\/toode\\\/turistinis-pjuklas-mil-tec\\\/#breadcrumb\",\"itemListElement\":[{\"@type\":\"ListItem\",\"position\":1,\"name\":\"Avaleht\",\"item\":\"https:\\\/\\\/toidupakk.ee\\\/lt\\\/\"},{\"@type\":\"ListItem\",\"position\":2,\"name\":\"El. parduotuv\u0117\",\"item\":\"https:\\\/\\\/toidupakk.ee\\\/lt\\\/el-parduotuve\\\/\"},{\"@type\":\"ListItem\",\"position\":3,\"name\":\"Turistinis pj\u016bklas MIL-TEC\u00ae\"}]},{\"@type\":\"WebSite\",\"@id\":\"https:\\\/\\\/toidupakk.ee\\\/lt\\\/#website\",\"url\":\"https:\\\/\\\/toidupakk.ee\\\/lt\\\/\",\"name\":\"Toidupakk.ee - Tactical Foodpack toidupakid\",\"description\":\"Tactical Foodpack k\u00fclmkuivatatud toidupakid ja matkaeined\",\"publisher\":{\"@id\":\"https:\\\/\\\/toidupakk.ee\\\/lt\\\/#organization\"},\"potentialAction\":[{\"@type\":\"SearchAction\",\"target\":{\"@type\":\"EntryPoint\",\"urlTemplate\":\"https:\\\/\\\/toidupakk.ee\\\/lt\\\/?s={search_term_string}\"},\"query-input\":{\"@type\":\"PropertyValueSpecification\",\"valueRequired\":true,\"valueName\":\"search_term_string\"}}],\"inLanguage\":\"lt-LT\"},{\"@type\":\"Organization\",\"@id\":\"https:\\\/\\\/toidupakk.ee\\\/lt\\\/#organization\",\"name\":\"Tactical Foodpack matkaeined\",\"url\":\"https:\\\/\\\/toidupakk.ee\\\/lt\\\/\",\"logo\":{\"@type\":\"ImageObject\",\"inLanguage\":\"lt-LT\",\"@id\":\"https:\\\/\\\/toidupakk.ee\\\/lt\\\/#\\\/schema\\\/logo\\\/image\\\/\",\"url\":\"https:\\\/\\\/toidupakk.ee\\\/wp-content\\\/uploads\\\/2022\\\/01\\\/Toidupakk-matkapood-logo-transparent.png\",\"contentUrl\":\"https:\\\/\\\/toidupakk.ee\\\/wp-content\\\/uploads\\\/2022\\\/01\\\/Toidupakk-matkapood-logo-transparent.png\",\"width\":500,\"height\":500,\"caption\":\"Tactical Foodpack matkaeined\"},\"image\":{\"@id\":\"https:\\\/\\\/toidupakk.ee\\\/lt\\\/#\\\/schema\\\/logo\\\/image\\\/\"},\"sameAs\":[\"https:\\\/\\\/www.facebook.com\\\/Toidupakk\",\"https:\\\/\\\/www.instagram.com\\\/toidupakk\\\/\"]}]}<\/script>\n<!-- \/ Yoast SEO plugin. -->","yoast_head_json":{"title":"Turistinis pj\u016bklas MIL-TEC\u00ae","description":"Sulankstomas turistinis pj\u016bklas i\u0161 ner\u016bdijan\u010dio plieno. Lengvas, bet tvirtos konstrukcijos. Neu\u017eima vietos kuprin\u0117je. Lengvai pjauna medien\u0105.","robots":{"index":"index","follow":"follow","max-snippet":"max-snippet:-1","max-image-preview":"max-image-preview:large","max-video-preview":"max-video-preview:-1"},"canonical":"https:\/\/toidupakk.ee\/lt\/toode\/turistinis-pjuklas-mil-tec\/","og_locale":"lt_LT","og_type":"article","og_title":"Turistinis pj\u016bklas MIL-TEC\u00ae","og_description":"Sulankstomas turistinis pj\u016bklas i\u0161 ner\u016bdijan\u010dio plieno. Lengvas, bet tvirtos konstrukcijos. Neu\u017eima vietos kuprin\u0117je. Lengvai pjauna medien\u0105.","og_url":"https:\/\/toidupakk.ee\/lt\/toode\/turistinis-pjuklas-mil-tec\/","og_site_name":"Toidupakk.ee - Tactical Foodpack toidupakid","article_publisher":"https:\/\/www.facebook.com\/Toidupakk","article_modified_time":"2026-04-14T22:30:43+00:00","og_image":[{"width":1080,"height":1080,"url":"https:\/\/toidupakk.ee\/wp-content\/uploads\/2023\/02\/1.png","type":"image\/png"}],"twitter_card":"summary_large_image","twitter_misc":{"Est. reading time":"2 minut\u0117s"},"schema":{"@context":"https:\/\/schema.org","@graph":[{"@type":"WebPage","@id":"https:\/\/toidupakk.ee\/lt\/toode\/turistinis-pjuklas-mil-tec\/","url":"https:\/\/toidupakk.ee\/lt\/toode\/turistinis-pjuklas-mil-tec\/","name":"Turistinis pj\u016bklas MIL-TEC\u00ae","isPartOf":{"@id":"https:\/\/toidupakk.ee\/lt\/#website"},"primaryImageOfPage":{"@id":"https:\/\/toidupakk.ee\/lt\/toode\/turistinis-pjuklas-mil-tec\/#primaryimage"},"image":{"@id":"https:\/\/toidupakk.ee\/lt\/toode\/turistinis-pjuklas-mil-tec\/#primaryimage"},"thumbnailUrl":"https:\/\/toidupakk.ee\/wp-content\/uploads\/2023\/02\/1.png","datePublished":"2023-02-14T07:51:53+00:00","dateModified":"2026-04-14T22:30:43+00:00","description":"Sulankstomas turistinis pj\u016bklas i\u0161 ner\u016bdijan\u010dio plieno. Lengvas, bet tvirtos konstrukcijos. Neu\u017eima vietos kuprin\u0117je. Lengvai pjauna medien\u0105.","breadcrumb":{"@id":"https:\/\/toidupakk.ee\/lt\/toode\/turistinis-pjuklas-mil-tec\/#breadcrumb"},"inLanguage":"lt-LT","potentialAction":[{"@type":"ReadAction","target":["https:\/\/toidupakk.ee\/lt\/toode\/turistinis-pjuklas-mil-tec\/"]}]},{"@type":"ImageObject","inLanguage":"lt-LT","@id":"https:\/\/toidupakk.ee\/lt\/toode\/turistinis-pjuklas-mil-tec\/#primaryimage","url":"https:\/\/toidupakk.ee\/wp-content\/uploads\/2023\/02\/1.png","contentUrl":"https:\/\/toidupakk.ee\/wp-content\/uploads\/2023\/02\/1.png","width":1080,"height":1080,"caption":"matkasaag lahtine"},{"@type":"BreadcrumbList","@id":"https:\/\/toidupakk.ee\/lt\/toode\/turistinis-pjuklas-mil-tec\/#breadcrumb","itemListElement":[{"@type":"ListItem","position":1,"name":"Avaleht","item":"https:\/\/toidupakk.ee\/lt\/"},{"@type":"ListItem","position":2,"name":"El. parduotuv\u0117","item":"https:\/\/toidupakk.ee\/lt\/el-parduotuve\/"},{"@type":"ListItem","position":3,"name":"Turistinis pj\u016bklas MIL-TEC\u00ae"}]},{"@type":"WebSite","@id":"https:\/\/toidupakk.ee\/lt\/#website","url":"https:\/\/toidupakk.ee\/lt\/","name":"Toidupakk.ee - Tactical Foodpack toidupakid","description":"Tactical Foodpack k\u00fclmkuivatatud toidupakid ja matkaeined","publisher":{"@id":"https:\/\/toidupakk.ee\/lt\/#organization"},"potentialAction":[{"@type":"SearchAction","target":{"@type":"EntryPoint","urlTemplate":"https:\/\/toidupakk.ee\/lt\/?s={search_term_string}"},"query-input":{"@type":"PropertyValueSpecification","valueRequired":true,"valueName":"search_term_string"}}],"inLanguage":"lt-LT"},{"@type":"Organization","@id":"https:\/\/toidupakk.ee\/lt\/#organization","name":"Tactical Foodpack matkaeined","url":"https:\/\/toidupakk.ee\/lt\/","logo":{"@type":"ImageObject","inLanguage":"lt-LT","@id":"https:\/\/toidupakk.ee\/lt\/#\/schema\/logo\/image\/","url":"https:\/\/toidupakk.ee\/wp-content\/uploads\/2022\/01\/Toidupakk-matkapood-logo-transparent.png","contentUrl":"https:\/\/toidupakk.ee\/wp-content\/uploads\/2022\/01\/Toidupakk-matkapood-logo-transparent.png","width":500,"height":500,"caption":"Tactical Foodpack matkaeined"},"image":{"@id":"https:\/\/toidupakk.ee\/lt\/#\/schema\/logo\/image\/"},"sameAs":["https:\/\/www.facebook.com\/Toidupakk","https:\/\/www.instagram.com\/toidupakk\/"]}]}},"jetpack_sharing_enabled":true,"_links":{"self":[{"href":"https:\/\/toidupakk.ee\/lt\/wp-json\/wp\/v2\/product\/47812","targetHints":{"allow":["GET"]}}],"collection":[{"href":"https:\/\/toidupakk.ee\/lt\/wp-json\/wp\/v2\/product"}],"about":[{"href":"https:\/\/toidupakk.ee\/lt\/wp-json\/wp\/v2\/types\/product"}],"replies":[{"embeddable":true,"href":"https:\/\/toidupakk.ee\/lt\/wp-json\/wp\/v2\/comments?post=47812"}],"wp:featuredmedia":[{"embeddable":true,"href":"https:\/\/toidupakk.ee\/lt\/wp-json\/wp\/v2\/media\/5606"}],"wp:attachment":[{"href":"https:\/\/toidupakk.ee\/lt\/wp-json\/wp\/v2\/media?parent=47812"}],"wp:term":[{"taxonomy":"product_brand","embeddable":true,"href":"https:\/\/toidupakk.ee\/lt\/wp-json\/wp\/v2\/product_brand?post=47812"},{"taxonomy":"product_cat","embeddable":true,"href":"https:\/\/toidupakk.ee\/lt\/wp-json\/wp\/v2\/product_cat?post=47812"},{"taxonomy":"product_tag","embeddable":true,"href":"https:\/\/toidupakk.ee\/lt\/wp-json\/wp\/v2\/product_tag?post=47812"}],"curies":[{"name":"wp","href":"https:\/\/api.w.org\/{rel}","templated":true}]}}