{"id":47797,"date":"2023-02-09T17:48:31","date_gmt":"2023-02-09T15:48:31","guid":{"rendered":"https:\/\/toidupakk.ee\/toode\/led-zibintas-su-akumuliatoriumi\/"},"modified":"2026-04-16T16:30:16","modified_gmt":"2026-04-16T13:30:16","slug":"led-zibintas-su-akumuliatoriumi","status":"publish","type":"product","link":"https:\/\/toidupakk.ee\/lt\/toode\/led-zibintas-su-akumuliatoriumi\/","title":{"rendered":"LED \u017eibintas (su akumuliatoriumi)"},"content":{"rendered":"<h1>\u012ekraunamas LED \u017eibintas \u2013 garantuota \u0161viesa<\/h1>\n<p>\u017dibintas \u2013 nepakei\u010diamas pagalbininkas dingus elektrai, ap\u0161viesti palapin\u0119 \u017eygyje, sukurti nuotaik\u0105 i\u0161kyloje ar net skaldant malkas malkin\u0117je.<\/p>\n<p>Guminis korpusas saugo mechanizm\u0105 nuo pa\u017eeidim\u0173. \u012ekrautas akumuliatorius \u0161vie\u010dia iki 3,5 valandos. \u017dibintas turi 3 paneles po 12 LED diod\u0173, u\u017etikrinan\u010di\u0173 360\u00b0 ap\u0161vietim\u0105. Du re\u017eimai: 100 % arba 50 % ry\u0161kumas. Patogi rankena ne\u0161imui ar pakabinimui palapin\u0117je. Puikiai tinka stovyklavie\u010di\u0173 nameliams. \u012ekraunamas i\u0161 tinklo, saul\u0117s baterijomis arba rankine ranken\u0117le (dinama).       <\/p>\n<p>&nbsp;<\/p>\n<h2><strong>Kompakti\u0161kas \u012fkraunamas LED \u017eibintas<\/strong><\/h2>\n<p>\u012ekrauk saul\u0117s baterijomis, i\u0161 tinklo arba dinama, priklausomai nuo to, kur esi. Rekomenduojama krauti i\u0161 220 V tinklo, nes kiti b\u016bdai trunka gerokai ilgiau. Pilnai \u012fkrautas \u0161vie\u010dia 3\u20134 valandas.  <\/p>\n<p>\u017dibintas kompakti\u0161kas, tvirtas ir naudingas. Idealiai tinka \u017eygiams, palapin\u0117ms, i\u0161kyloms ar pasivaik\u0161\u010diojimams vakare. Nepakei\u010diamas \u0161viesos \u0161altinis dingus elektrai. Universalus \u0161viestuvas namams, kiemui ar stovyklavimui.   <\/p>\n<div id=\"attachment_5544\" style=\"width: 510px\" class=\"wp-caption alignright\"><img fetchpriority=\"high\" decoding=\"async\" aria-describedby=\"caption-attachment-5544\" class=\"wp-image-5544 size-thumbnail\" src=\"https:\/\/toidupakk.ee\/wp-content\/uploads\/2023\/02\/9-1-500x500.png\" alt=\"LED \u017eibintas (su akumuliatoriumi)\" width=\"500\" height=\"500\" srcset=\"https:\/\/toidupakk.ee\/wp-content\/uploads\/2023\/02\/9-1-500x500.png 500w, https:\/\/toidupakk.ee\/wp-content\/uploads\/2023\/02\/9-1-400x400.png 400w, https:\/\/toidupakk.ee\/wp-content\/uploads\/2023\/02\/9-1-100x100.png 100w, https:\/\/toidupakk.ee\/wp-content\/uploads\/2023\/02\/9-1-800x800.png 800w, https:\/\/toidupakk.ee\/wp-content\/uploads\/2023\/02\/9-1-300x300.png 300w, https:\/\/toidupakk.ee\/wp-content\/uploads\/2023\/02\/9-1-1024x1024.png 1024w, https:\/\/toidupakk.ee\/wp-content\/uploads\/2023\/02\/9-1-768x768.png 768w, https:\/\/toidupakk.ee\/wp-content\/uploads\/2023\/02\/9-1.png 1080w\" sizes=\"(max-width: 500px) 100vw, 500px\" \/><p id=\"caption-attachment-5544\" class=\"wp-caption-text\">Rankine dinama arba saul\u0117s baterija \u012fkraunamas \u017eibintas<\/p><\/div>\n<p>&nbsp;<\/p>\n<h2>IPX4 atsparumas vandeniui<\/h2>\n<p>Atsparumo lygis IPX4 rei\u0161kia, kad vandens purslai \u012frenginiui nekenkia. Atsparus oro s\u0105lygoms. Tinka naudoti lauke lyjant ar sningant.   <\/p>\n<p>&nbsp;<\/p>\n<h3>Patarimai<\/h3>\n<p>\u26a1\ufe0f Dien\u0105 laikyk \u017eibint\u0105 taip, kad jis gaut\u0173 kuo daugiau saul\u0117s \u0161viesos. Taip sutaupysi elektros. Lauke steb\u0117k, kad lapai neu\u017edengt\u0173 saul\u0117s baterij\u0173.  <\/p>\n<p>\u26a1\ufe0f \u017dibintas atsparus orams, ta\u010diau dideli temperat\u016bros svyravimai gali pakenkti akumuliatoriui. \u0160altuoju met\u0173 laiku rekomenduojame naudoti viduje arba esant dideliam \u0161al\u010diui naudoti minimaliai. Nepalik \u017eibinto lauke nak\u010diai per \u0161al\u010dius.  <\/p>\n<p>\u26a1\ufe0f Vasar\u0105 naudok saul\u0117s baterijas. \u017diem\u0105 d\u0117l ma\u017eo saul\u0117s kiekio \u012fkrovimas sunkesnis, tod\u0117l akumuliatorius gali pilnai ne\u012fsikrauti ir \u0161viesti trumpiau.<\/p>\n<div class=\"flex items-start justify-start\">\n<div>\n<p>&nbsp;<\/p>\n<p>Pasisemk \u012fkv\u0117pimo kitiems nuotykiams \u201eToidupakk\u201c <a href=\"https:\/\/www.instagram.com\/toidupakk\/\">Instagram<\/a> ir <a href=\"https:\/\/www.facebook.com\/Toidupakk\/\">Facebook<\/a> paskyrose.<\/p>\n<p>\u017dygio prekes rasi <a href=\"https:\/\/toidupakk.ee\/lt\/tootekategooria\/zygio-iranga\/#section-3-79\">\u010cIA<\/a>.<\/p>\n<\/div>\n<\/div>\n","protected":false},"excerpt":{"rendered":"<div class=\"flex items-start justify-start\">\n<div class=\"flex-1 pt-1\">\n<div class=\"flex items-start justify-start\">\n<div class=\"flex-1 pt-1\">\n<div class=\"flex items-start justify-start\">\n<div class=\"flex-1 pt-1\">\n<p id=\"googleTranslate_container\" class=\"inline-block min-h-8 text-primary-700 break-words font-medium text-base \"><strong>LED \u017eibintas \u012fkraunamas i\u0161 tinklo arba saul\u0117s baterija. Pilnai \u012fkrautas \u0161vie\u010dia iki 4 valand\u0173. Puikiai tinka \u017eygiams, kaip atsargin\u0117 \u0161viesa namuose ar jaukumui terasoje. \u012ekraunamas rankena (dinama), saul\u0117s baterija arba i\u0161 tinklo.    <\/strong><\/p>\n<\/div>\n<\/div>\n<ul>\n<li>\u0160viesos srautas: 100 liumen\u0173<\/li>\n<li>Akumuliatoriaus veikimo laikas: 3\u20134 valandos<\/li>\n<li>Ap\u0161vie\u010dia iki 10 m atstumu<\/li>\n<li>18 LED diod\u0173 dviem sluoksniais (i\u0161 viso 36 elementai)<\/li>\n<li>Ap\u0161vie\u010dia 360 laipsni\u0173 kampu<\/li>\n<li>Trys \u012fkrovimo b\u016bdai: saul\u0117s baterija, ranken\u0117l\u0117 ir tinklas<\/li>\n<li>Rankena pakabinimui arba ne\u0161imui.<\/li>\n<li>Auk\u0161tis: 26 cm<\/li>\n<li>Skersmuo: 13,5 cm<\/li>\n<li>Svoris: 650 g<\/li>\n<li>Akumuliatorius: 3,6 V 600 mAh Ni-MH<\/li>\n<\/ul>\n<p>\u2705 Turime sand\u0117lyje, greitas pristatymas per 1\u20133 d. d.<br \/>\n\u2705 Pirk dabar, mok\u0117k v\u0117liau (pal\u016bkanos 0 %)<\/p>\n<\/div>\n<\/div>\n<\/div>\n<\/div>\n","protected":false},"featured_media":5544,"comment_status":"open","ping_status":"closed","template":"","meta":{"_acf_changed":false},"product_brand":[],"product_cat":[207,193,210,200,208,244,189,190],"product_tag":[],"class_list":{"0":"post-47797","1":"product","2":"type-product","3":"status-publish","4":"has-post-thumbnail","6":"product_cat-elektronika","7":"product_cat-karine-ekipuote","8":"product_cat-mil-tec","9":"product_cat-praktiskos-dovanu-idejos","10":"product_cat-sviesa","11":"product_cat-zibintai","12":"product_cat-zygio-iranga","13":"product_cat-zygio-prekes","15":"first","16":"instock","17":"sale","18":"taxable","19":"shipping-taxable","20":"purchasable","21":"product-type-simple"},"bundled_by":[],"bundle_stock_status":"instock","bundle_stock_quantity":3,"bundle_virtual":false,"bundle_layout":"","bundle_add_to_cart_form_location":"","bundle_editable_in_cart":false,"bundle_sold_individually_context":"","bundle_item_grouping":"","bundle_min_size":"","bundle_max_size":"","bundle_price":[],"bundled_items":[],"bundle_sell_ids":[],"acf":[],"yoast_head":"<!-- This site is optimized with the Yoast SEO plugin v27.3 - https:\/\/yoast.com\/product\/yoast-seo-wordpress\/ -->\n<title>LED \u017eibintas (su akumuliatoriumi)<\/title>\n<meta name=\"description\" content=\"\u017dibintas, \u012fkraunamas rankine ranken\u0117le (dinama), saul\u0117s baterija arba i\u0161 tinklo. IPX4 atsparumas vandeniui. Atsparus audrai \u0161viestuvas, gelbstintis dingus elektrai.\" \/>\n<meta name=\"robots\" content=\"index, follow, max-snippet:-1, max-image-preview:large, max-video-preview:-1\" \/>\n<link rel=\"canonical\" href=\"https:\/\/toidupakk.ee\/lt\/toode\/led-zibintas-su-akumuliatoriumi\/\" \/>\n<meta property=\"og:locale\" content=\"lt_LT\" \/>\n<meta property=\"og:type\" content=\"article\" \/>\n<meta property=\"og:title\" content=\"LED \u017eibintas (su akumuliatoriumi)\" \/>\n<meta property=\"og:description\" content=\"\u017dibintas, \u012fkraunamas rankine ranken\u0117le (dinama), saul\u0117s baterija arba i\u0161 tinklo. IPX4 atsparumas vandeniui. Atsparus audrai \u0161viestuvas, gelbstintis dingus elektrai.\" \/>\n<meta property=\"og:url\" content=\"https:\/\/toidupakk.ee\/lt\/toode\/led-zibintas-su-akumuliatoriumi\/\" \/>\n<meta property=\"og:site_name\" content=\"Toidupakk.ee - Tactical Foodpack toidupakid\" \/>\n<meta property=\"article:publisher\" content=\"https:\/\/www.facebook.com\/Toidupakk\" \/>\n<meta property=\"article:modified_time\" content=\"2026-04-16T13:30:16+00:00\" \/>\n<meta property=\"og:image\" content=\"https:\/\/toidupakk.ee\/wp-content\/uploads\/2023\/02\/9-1.png\" \/>\n\t<meta property=\"og:image:width\" content=\"1080\" \/>\n\t<meta property=\"og:image:height\" content=\"1080\" \/>\n\t<meta property=\"og:image:type\" content=\"image\/png\" \/>\n<meta name=\"twitter:card\" content=\"summary_large_image\" \/>\n<meta name=\"twitter:label1\" content=\"Est. reading time\" \/>\n\t<meta name=\"twitter:data1\" content=\"1 minut\u0117\" \/>\n<script type=\"application\/ld+json\" class=\"yoast-schema-graph\">{\"@context\":\"https:\\\/\\\/schema.org\",\"@graph\":[{\"@type\":\"WebPage\",\"@id\":\"https:\\\/\\\/toidupakk.ee\\\/lt\\\/toode\\\/led-zibintas-su-akumuliatoriumi\\\/\",\"url\":\"https:\\\/\\\/toidupakk.ee\\\/lt\\\/toode\\\/led-zibintas-su-akumuliatoriumi\\\/\",\"name\":\"LED \u017eibintas (su akumuliatoriumi)\",\"isPartOf\":{\"@id\":\"https:\\\/\\\/toidupakk.ee\\\/lt\\\/#website\"},\"primaryImageOfPage\":{\"@id\":\"https:\\\/\\\/toidupakk.ee\\\/lt\\\/toode\\\/led-zibintas-su-akumuliatoriumi\\\/#primaryimage\"},\"image\":{\"@id\":\"https:\\\/\\\/toidupakk.ee\\\/lt\\\/toode\\\/led-zibintas-su-akumuliatoriumi\\\/#primaryimage\"},\"thumbnailUrl\":\"https:\\\/\\\/toidupakk.ee\\\/wp-content\\\/uploads\\\/2023\\\/02\\\/9-1.png\",\"datePublished\":\"2023-02-09T15:48:31+00:00\",\"dateModified\":\"2026-04-16T13:30:16+00:00\",\"description\":\"\u017dibintas, \u012fkraunamas rankine ranken\u0117le (dinama), saul\u0117s baterija arba i\u0161 tinklo. IPX4 atsparumas vandeniui. Atsparus audrai \u0161viestuvas, gelbstintis dingus elektrai.\",\"breadcrumb\":{\"@id\":\"https:\\\/\\\/toidupakk.ee\\\/lt\\\/toode\\\/led-zibintas-su-akumuliatoriumi\\\/#breadcrumb\"},\"inLanguage\":\"lt-LT\",\"potentialAction\":[{\"@type\":\"ReadAction\",\"target\":[\"https:\\\/\\\/toidupakk.ee\\\/lt\\\/toode\\\/led-zibintas-su-akumuliatoriumi\\\/\"]}]},{\"@type\":\"ImageObject\",\"inLanguage\":\"lt-LT\",\"@id\":\"https:\\\/\\\/toidupakk.ee\\\/lt\\\/toode\\\/led-zibintas-su-akumuliatoriumi\\\/#primaryimage\",\"url\":\"https:\\\/\\\/toidupakk.ee\\\/wp-content\\\/uploads\\\/2023\\\/02\\\/9-1.png\",\"contentUrl\":\"https:\\\/\\\/toidupakk.ee\\\/wp-content\\\/uploads\\\/2023\\\/02\\\/9-1.png\",\"width\":1080,\"height\":1080,\"caption\":\"latern laadimisjuhtmega\"},{\"@type\":\"BreadcrumbList\",\"@id\":\"https:\\\/\\\/toidupakk.ee\\\/lt\\\/toode\\\/led-zibintas-su-akumuliatoriumi\\\/#breadcrumb\",\"itemListElement\":[{\"@type\":\"ListItem\",\"position\":1,\"name\":\"Avaleht\",\"item\":\"https:\\\/\\\/toidupakk.ee\\\/lt\\\/\"},{\"@type\":\"ListItem\",\"position\":2,\"name\":\"El. parduotuv\u0117\",\"item\":\"https:\\\/\\\/toidupakk.ee\\\/lt\\\/el-parduotuve\\\/\"},{\"@type\":\"ListItem\",\"position\":3,\"name\":\"LED \u017eibintas (su akumuliatoriumi)\"}]},{\"@type\":\"WebSite\",\"@id\":\"https:\\\/\\\/toidupakk.ee\\\/lt\\\/#website\",\"url\":\"https:\\\/\\\/toidupakk.ee\\\/lt\\\/\",\"name\":\"Toidupakk.ee - Tactical Foodpack toidupakid\",\"description\":\"Tactical Foodpack k\u00fclmkuivatatud toidupakid ja matkaeined\",\"publisher\":{\"@id\":\"https:\\\/\\\/toidupakk.ee\\\/lt\\\/#organization\"},\"potentialAction\":[{\"@type\":\"SearchAction\",\"target\":{\"@type\":\"EntryPoint\",\"urlTemplate\":\"https:\\\/\\\/toidupakk.ee\\\/lt\\\/?s={search_term_string}\"},\"query-input\":{\"@type\":\"PropertyValueSpecification\",\"valueRequired\":true,\"valueName\":\"search_term_string\"}}],\"inLanguage\":\"lt-LT\"},{\"@type\":\"Organization\",\"@id\":\"https:\\\/\\\/toidupakk.ee\\\/lt\\\/#organization\",\"name\":\"Tactical Foodpack matkaeined\",\"url\":\"https:\\\/\\\/toidupakk.ee\\\/lt\\\/\",\"logo\":{\"@type\":\"ImageObject\",\"inLanguage\":\"lt-LT\",\"@id\":\"https:\\\/\\\/toidupakk.ee\\\/lt\\\/#\\\/schema\\\/logo\\\/image\\\/\",\"url\":\"https:\\\/\\\/toidupakk.ee\\\/wp-content\\\/uploads\\\/2022\\\/01\\\/Toidupakk-matkapood-logo-transparent.png\",\"contentUrl\":\"https:\\\/\\\/toidupakk.ee\\\/wp-content\\\/uploads\\\/2022\\\/01\\\/Toidupakk-matkapood-logo-transparent.png\",\"width\":500,\"height\":500,\"caption\":\"Tactical Foodpack matkaeined\"},\"image\":{\"@id\":\"https:\\\/\\\/toidupakk.ee\\\/lt\\\/#\\\/schema\\\/logo\\\/image\\\/\"},\"sameAs\":[\"https:\\\/\\\/www.facebook.com\\\/Toidupakk\",\"https:\\\/\\\/www.instagram.com\\\/toidupakk\\\/\"]}]}<\/script>\n<!-- \/ Yoast SEO plugin. -->","yoast_head_json":{"title":"LED \u017eibintas (su akumuliatoriumi)","description":"\u017dibintas, \u012fkraunamas rankine ranken\u0117le (dinama), saul\u0117s baterija arba i\u0161 tinklo. IPX4 atsparumas vandeniui. Atsparus audrai \u0161viestuvas, gelbstintis dingus elektrai.","robots":{"index":"index","follow":"follow","max-snippet":"max-snippet:-1","max-image-preview":"max-image-preview:large","max-video-preview":"max-video-preview:-1"},"canonical":"https:\/\/toidupakk.ee\/lt\/toode\/led-zibintas-su-akumuliatoriumi\/","og_locale":"lt_LT","og_type":"article","og_title":"LED \u017eibintas (su akumuliatoriumi)","og_description":"\u017dibintas, \u012fkraunamas rankine ranken\u0117le (dinama), saul\u0117s baterija arba i\u0161 tinklo. IPX4 atsparumas vandeniui. Atsparus audrai \u0161viestuvas, gelbstintis dingus elektrai.","og_url":"https:\/\/toidupakk.ee\/lt\/toode\/led-zibintas-su-akumuliatoriumi\/","og_site_name":"Toidupakk.ee - Tactical Foodpack toidupakid","article_publisher":"https:\/\/www.facebook.com\/Toidupakk","article_modified_time":"2026-04-16T13:30:16+00:00","og_image":[{"width":1080,"height":1080,"url":"https:\/\/toidupakk.ee\/wp-content\/uploads\/2023\/02\/9-1.png","type":"image\/png"}],"twitter_card":"summary_large_image","twitter_misc":{"Est. reading time":"1 minut\u0117"},"schema":{"@context":"https:\/\/schema.org","@graph":[{"@type":"WebPage","@id":"https:\/\/toidupakk.ee\/lt\/toode\/led-zibintas-su-akumuliatoriumi\/","url":"https:\/\/toidupakk.ee\/lt\/toode\/led-zibintas-su-akumuliatoriumi\/","name":"LED \u017eibintas (su akumuliatoriumi)","isPartOf":{"@id":"https:\/\/toidupakk.ee\/lt\/#website"},"primaryImageOfPage":{"@id":"https:\/\/toidupakk.ee\/lt\/toode\/led-zibintas-su-akumuliatoriumi\/#primaryimage"},"image":{"@id":"https:\/\/toidupakk.ee\/lt\/toode\/led-zibintas-su-akumuliatoriumi\/#primaryimage"},"thumbnailUrl":"https:\/\/toidupakk.ee\/wp-content\/uploads\/2023\/02\/9-1.png","datePublished":"2023-02-09T15:48:31+00:00","dateModified":"2026-04-16T13:30:16+00:00","description":"\u017dibintas, \u012fkraunamas rankine ranken\u0117le (dinama), saul\u0117s baterija arba i\u0161 tinklo. IPX4 atsparumas vandeniui. Atsparus audrai \u0161viestuvas, gelbstintis dingus elektrai.","breadcrumb":{"@id":"https:\/\/toidupakk.ee\/lt\/toode\/led-zibintas-su-akumuliatoriumi\/#breadcrumb"},"inLanguage":"lt-LT","potentialAction":[{"@type":"ReadAction","target":["https:\/\/toidupakk.ee\/lt\/toode\/led-zibintas-su-akumuliatoriumi\/"]}]},{"@type":"ImageObject","inLanguage":"lt-LT","@id":"https:\/\/toidupakk.ee\/lt\/toode\/led-zibintas-su-akumuliatoriumi\/#primaryimage","url":"https:\/\/toidupakk.ee\/wp-content\/uploads\/2023\/02\/9-1.png","contentUrl":"https:\/\/toidupakk.ee\/wp-content\/uploads\/2023\/02\/9-1.png","width":1080,"height":1080,"caption":"latern laadimisjuhtmega"},{"@type":"BreadcrumbList","@id":"https:\/\/toidupakk.ee\/lt\/toode\/led-zibintas-su-akumuliatoriumi\/#breadcrumb","itemListElement":[{"@type":"ListItem","position":1,"name":"Avaleht","item":"https:\/\/toidupakk.ee\/lt\/"},{"@type":"ListItem","position":2,"name":"El. parduotuv\u0117","item":"https:\/\/toidupakk.ee\/lt\/el-parduotuve\/"},{"@type":"ListItem","position":3,"name":"LED \u017eibintas (su akumuliatoriumi)"}]},{"@type":"WebSite","@id":"https:\/\/toidupakk.ee\/lt\/#website","url":"https:\/\/toidupakk.ee\/lt\/","name":"Toidupakk.ee - Tactical Foodpack toidupakid","description":"Tactical Foodpack k\u00fclmkuivatatud toidupakid ja matkaeined","publisher":{"@id":"https:\/\/toidupakk.ee\/lt\/#organization"},"potentialAction":[{"@type":"SearchAction","target":{"@type":"EntryPoint","urlTemplate":"https:\/\/toidupakk.ee\/lt\/?s={search_term_string}"},"query-input":{"@type":"PropertyValueSpecification","valueRequired":true,"valueName":"search_term_string"}}],"inLanguage":"lt-LT"},{"@type":"Organization","@id":"https:\/\/toidupakk.ee\/lt\/#organization","name":"Tactical Foodpack matkaeined","url":"https:\/\/toidupakk.ee\/lt\/","logo":{"@type":"ImageObject","inLanguage":"lt-LT","@id":"https:\/\/toidupakk.ee\/lt\/#\/schema\/logo\/image\/","url":"https:\/\/toidupakk.ee\/wp-content\/uploads\/2022\/01\/Toidupakk-matkapood-logo-transparent.png","contentUrl":"https:\/\/toidupakk.ee\/wp-content\/uploads\/2022\/01\/Toidupakk-matkapood-logo-transparent.png","width":500,"height":500,"caption":"Tactical Foodpack matkaeined"},"image":{"@id":"https:\/\/toidupakk.ee\/lt\/#\/schema\/logo\/image\/"},"sameAs":["https:\/\/www.facebook.com\/Toidupakk","https:\/\/www.instagram.com\/toidupakk\/"]}]}},"jetpack_sharing_enabled":true,"_links":{"self":[{"href":"https:\/\/toidupakk.ee\/lt\/wp-json\/wp\/v2\/product\/47797","targetHints":{"allow":["GET"]}}],"collection":[{"href":"https:\/\/toidupakk.ee\/lt\/wp-json\/wp\/v2\/product"}],"about":[{"href":"https:\/\/toidupakk.ee\/lt\/wp-json\/wp\/v2\/types\/product"}],"replies":[{"embeddable":true,"href":"https:\/\/toidupakk.ee\/lt\/wp-json\/wp\/v2\/comments?post=47797"}],"wp:featuredmedia":[{"embeddable":true,"href":"https:\/\/toidupakk.ee\/lt\/wp-json\/wp\/v2\/media\/5544"}],"wp:attachment":[{"href":"https:\/\/toidupakk.ee\/lt\/wp-json\/wp\/v2\/media?parent=47797"}],"wp:term":[{"taxonomy":"product_brand","embeddable":true,"href":"https:\/\/toidupakk.ee\/lt\/wp-json\/wp\/v2\/product_brand?post=47797"},{"taxonomy":"product_cat","embeddable":true,"href":"https:\/\/toidupakk.ee\/lt\/wp-json\/wp\/v2\/product_cat?post=47797"},{"taxonomy":"product_tag","embeddable":true,"href":"https:\/\/toidupakk.ee\/lt\/wp-json\/wp\/v2\/product_tag?post=47797"}],"curies":[{"name":"wp","href":"https:\/\/api.w.org\/{rel}","templated":true}]}}