{"id":47789,"date":"2023-01-27T18:24:15","date_gmt":"2023-01-27T16:24:15","guid":{"rendered":"https:\/\/toidupakk.ee\/toode\/ikraunamas-led-zibintuvelis-mission-1000\/"},"modified":"2026-04-21T12:00:26","modified_gmt":"2026-04-21T09:00:26","slug":"ikraunamas-led-zibintuvelis-mission-1000","status":"publish","type":"product","link":"https:\/\/toidupakk.ee\/lt\/toode\/ikraunamas-led-zibintuvelis-mission-1000\/","title":{"rendered":"\u012ekraunamas LED \u017eibintuv\u0117lis MISSION 1000"},"content":{"rendered":"<h1>\u012ekraunamas LED \u017eibintuv\u0117lis MISSION 1000 nepaliks tav\u0119s b\u0117doje<\/h1>\n<p>MISSION 1000 \u012fkraunamas LED \u017eibintuv\u0117lis turi akumuliatori\u0173 ir yra labai galingas \u0161viesos \u0161altinis su keturiais skirtingais \u0161viesos re\u017eimais. Re\u017eimus patogu ir paprasta perjungti net m\u016bvint pir\u0161tines. Galingas LED elementas ap\u0161vie\u010dia iki 300 metr\u0173. Idealus pagalbininkas einant mi\u0161ko taku tamsiu paros metu, ne\u0161ant malkas kieme, med\u017eiokl\u0117je, \u017evejyboje ar \u017eygyje.   <\/p>\n<h2><\/h2>\n<h2>\u017dibintuv\u0117lis turi keturis \u0161viesos re\u017eimus:<\/h2>\n<p>Ap\u0161vietimui dideliu atstumu puikiai tinka stipriausias re\u017eimas su sutelkta \u0161viesos spinduliuote. \u0160iuo re\u017eimu \u017eibintuv\u0117lio \u0161viesos srautas siekia net 1000 liumen\u0173, o veikimo laikas \u2013 iki 3 valand\u0173. <\/p>\n<p>Jud\u0117jimui ir darbui idealiai tinka vidutinio stiprumo re\u017eimas. Jis leid\u017eia patogiai jud\u0117ti ir dirbti. Vidutiniu re\u017eimu \u017eibintuv\u0117lio \u0161viesos srautas yra 325 liumenai, o veikimo laikas \u2013 6 valandos.  <\/p>\n<p>Darbams i\u0161 arti tinka silpnas re\u017eimas: \u0161iuo re\u017eimu \u0161viesos srautas yra 70 liumen\u0173, o akumuliatorius veikia net 12 valand\u0173.<\/p>\n<p>\u017dibintuv\u0117lis taip pat turi baltos \u0161viesos stroboskop\u0105. Norint j\u012f aktyvuoti, maitinimo mygtuk\u0105 reikia palaikyti nuspaust\u0105 3 sekundes; norint i\u0161jungti \u2013 taip pat palaikyti 3 sekundes. <\/p>\n<p>\u017dibintuv\u0117lis turi \u0161viesos spindulio reguliavimo funkcij\u0105, kuri\u0105 patogu valdyti viena ranka. Nor\u0117damas sutelkti arba i\u0161sklaidyti \u0161viesos spindul\u012f, tiesiog pajudink priekin\u0119 \u017eibintuv\u0117lio dal\u012f pirmyn arba atgal. <\/p>\n<p><img fetchpriority=\"high\" decoding=\"async\" class=\"alignright wp-image-5414 size-thumbnail\" src=\"https:\/\/toidupakk.ee\/wp-content\/uploads\/2023\/01\/Laetav-LED-taskulamp-MISSION-10002-500x500.png\" alt=\"\u017eibintuv\u0117lio komplektas\" width=\"500\" height=\"500\" srcset=\"https:\/\/toidupakk.ee\/wp-content\/uploads\/2023\/01\/Laetav-LED-taskulamp-MISSION-10002-500x500.png 500w, https:\/\/toidupakk.ee\/wp-content\/uploads\/2023\/01\/Laetav-LED-taskulamp-MISSION-10002-400x400.png 400w, https:\/\/toidupakk.ee\/wp-content\/uploads\/2023\/01\/Laetav-LED-taskulamp-MISSION-10002-100x100.png 100w, https:\/\/toidupakk.ee\/wp-content\/uploads\/2023\/01\/Laetav-LED-taskulamp-MISSION-10002-800x800.png 800w, https:\/\/toidupakk.ee\/wp-content\/uploads\/2023\/01\/Laetav-LED-taskulamp-MISSION-10002-300x300.png 300w, https:\/\/toidupakk.ee\/wp-content\/uploads\/2023\/01\/Laetav-LED-taskulamp-MISSION-10002-1024x1024.png 1024w, https:\/\/toidupakk.ee\/wp-content\/uploads\/2023\/01\/Laetav-LED-taskulamp-MISSION-10002-768x768.png 768w, https:\/\/toidupakk.ee\/wp-content\/uploads\/2023\/01\/Laetav-LED-taskulamp-MISSION-10002.png 1080w\" sizes=\"(max-width: 500px) 100vw, 500px\" \/><\/p>\n<h2>\u012ekraunamas LED \u017eibintuv\u0117lis \u2013 darbo re\u017eimai:<\/h2>\n<p>&nbsp;<\/p>\n<p>\ud83d\udca5<strong>Stiprios \u0161viesos re\u017eimas:<\/strong><\/p>\n<p>1000 liumen\u0173<\/p>\n<p>Darbo laikas: 3 valandos<\/p>\n<p>&nbsp;<\/p>\n<p>\ud83d\udca5<strong>Energijos taupymo re\u017eimas:<\/strong><\/p>\n<p>325 liumenai<\/p>\n<p>Darbo laikas: 6 valandos<\/p>\n<p>&nbsp;<\/p>\n<p>\ud83d\udca5<strong>Maksimalaus energijos taupymo re\u017eimas:<\/strong><\/p>\n<p>70 liumen\u0173<\/p>\n<p>Darbo laikas: 12 valand\u0173<\/p>\n<p>&nbsp;<\/p>\n<p>\u017dibintuv\u0117lio korpusas pagamintas i\u0161 kokybi\u0161ko metalo. Tvirtas metalas saugo i\u0161gaubt\u0105 l\u0119\u0161\u012f ir akumuliatori\u0173 nuo pa\u017eeidim\u0173. Esant reikalui, \u017eibintuv\u0117l\u012f galima naudoti savigynai ekstremaliomis situacijomis. IPX4 atsparumo vandeniui dizainas atlaiko ekstremalias s\u0105lygas, tokias kaip audros ar stiprus sniegas. Gaminio atsparumo klas\u0117 IPX4 rei\u0161kia apsaug\u0105 nuo pursl\u0173 i\u0161 vis\u0173 pusi\u0173.    <\/p>\n<p>\u017dibintuv\u0117lyje naudojama LED technologija u\u017etikrina, kad \u0161viesos srautas b\u0117gant metams nesuma\u017e\u0117s.<\/p>\n<p>Galingas LED \u017eibintuv\u0117lis turi li\u010dio akumuliatori\u0173, o d\u0117l galimyb\u0117s j\u012f \u012fkrauti yra draugi\u0161kesnis aplinkai. Akumuliatoriaus tarnavimo laikas \u2013 1000 \u012fkrovimo cikl\u0173. Prireikus \u012f \u017eibintuv\u0117l\u012f galima \u012fd\u0117ti ir 3 x AAA baterijas. Naudojant 1A maitinimo \u0161altin\u012f, akumuliatorius pilnai \u012fsikrauna per 3,5 valandos, o su 2A \u0161altiniu \u012fkrovimas trunka trumpiau.   <\/p>\n<p>Prie \u017eibintuv\u0117lio pridedamas USB-C laidas.<\/p>\n<p><iframe title=\"I\u0161bandome \u017eibintuv\u0117l\u012f MISSION 1000 (LED) #flashlight #campinggear\" src=\"https:\/\/www.youtube.com\/embed\/L8YgfiqzV-I\" width=\"452\" height=\"803\" frameborder=\"0\" allowfullscreen=\"allowfullscreen\"><\/iframe><\/p>\n<p>Pasisemk \u012fkv\u0117pimo kitiems nuotykiams Toidupakk <a href=\"https:\/\/www.instagram.com\/toidupakk\/\">Instagram<\/a> ir <a href=\"https:\/\/www.facebook.com\/Toidupakk\/\">Facebook<\/a> paskyrose.<\/p>\n<p>\u017dygio reikmenis ap\u017ei\u016br\u0117k <a href=\"https:\/\/toidupakk.ee\/lt\/tootekategooria\/zygio-iranga\/#section-3-79\">\u010cIA<\/a>.<\/p>\n","protected":false},"excerpt":{"rendered":"<p>Galingas 1000 Lm taktinis \u017eibintuv\u0117lis ap\u0161vie\u010dia iki 300 m. 2000 mAh li\u010dio akumuliatorius u\u017etikrina ap\u0161vietim\u0105 iki 12 valand\u0173. Atsarginiu atveju \u017eibintuv\u0117l\u012f galima naudoti su 3 x AAA baterijomis. Kiekvienuose namuose tur\u0117t\u0173 b\u016bti bent 1 kokybi\u0161kas \u012fkraunamas \u017eibintuv\u0117lis.   <\/p>\n<ul>\n<li>USB-C jungtis \u012fkrovimui<\/li>\n<li>Akumuliatoriaus tarnavimo laikas: apie 1000 \u012fkrovimo cikl\u0173 <\/li>\n<li>4 re\u017eimai \u2013 stiprus \u2013 vidutinis \u2013 energijos taupymo \u2013 stroboskopas<\/li>\n<li>Pridedamas USB-C laidas (be maitinimo bloko)<\/li>\n<li>Pridedamas adapteris darbui su \u012fprastomis baterijomis<\/li>\n<li>\u0160viesos spindulio reguliavimo funkcija<\/li>\n<li>Su nuimamu rie\u0161o dir\u017eeliu ir segtuku<\/li>\n<li>Pridedamas tvirtas poliesterio d\u0117klas tvirtinimui prie dir\u017eo<\/li>\n<li>Atsparumas vandeniui: atsparus purslams IPX4<\/li>\n<li>\u017dibintuv\u0117lis siun\u010diamas solid\u017eioje, dovanoti tinkamoje d\u0117\u017eut\u0117je<\/li>\n<li>Baterijos: 3 x AAA (nepridedamos)<\/li>\n<li>Matmenys: 13,4 x 3,2 (galvut\u0117) cm<\/li>\n<li>Svoris: 153 g (su akumuliatoriumi)<\/li>\n<li>Korpusas: metalas<\/li>\n<li>D\u0117klas: 100 % poliesteris \u2013 patvarus<\/li>\n<li>itin ry\u0161kus Luminus LED \u2013 gali b\u016bti maitinamas i\u0161 \u012fkraunamo akumuliatoriaus arba \u012fprast\u0173 baterij\u0173<\/li>\n<\/ul>\n<p>\u2705 Turime sand\u0117lyje, greitas pristatymas per 1\u20133 d. d.<br \/>\n\u2705 Pirk dabar, mok\u0117k v\u0117liau (pal\u016bkanos 0 %)<\/p>\n","protected":false},"featured_media":5413,"comment_status":"open","ping_status":"closed","template":"","meta":{"_acf_changed":false},"product_brand":[],"product_cat":[193,210,200,206,208,189,190],"product_tag":[],"class_list":{"0":"post-47789","1":"product","2":"type-product","3":"status-publish","4":"has-post-thumbnail","6":"product_cat-karine-ekipuote","7":"product_cat-mil-tec","8":"product_cat-praktiskos-dovanu-idejos","9":"product_cat-prozektoriai","10":"product_cat-sviesa","11":"product_cat-zygio-iranga","12":"product_cat-zygio-prekes","14":"first","15":"instock","16":"sale","17":"taxable","18":"shipping-taxable","19":"purchasable","20":"product-type-simple"},"bundled_by":[],"bundle_stock_status":"instock","bundle_stock_quantity":3,"bundle_virtual":false,"bundle_layout":"","bundle_add_to_cart_form_location":"","bundle_editable_in_cart":false,"bundle_sold_individually_context":"","bundle_item_grouping":"","bundle_min_size":"","bundle_max_size":"","bundle_price":[],"bundled_items":[],"bundle_sell_ids":[],"acf":[],"yoast_head":"<!-- This site is optimized with the Yoast SEO plugin v27.3 - https:\/\/yoast.com\/product\/yoast-seo-wordpress\/ -->\n<title>\u012ekraunamas LED \u017eibintuv\u0117lis MISSION 1000<\/title>\n<meta name=\"description\" content=\"\u012fkraunamas LED \u017eibintuv\u0117lis \u2013 itin galingas \u2013 1000 liumen\u0173 \u0161viesos srautas. Komplekte yra 2000 mAh akumuliatorius, prireikus galima naudoti ir su 3 x AAA baterijomis.\" \/>\n<meta name=\"robots\" content=\"index, follow, max-snippet:-1, max-image-preview:large, max-video-preview:-1\" \/>\n<link rel=\"canonical\" href=\"https:\/\/toidupakk.ee\/lt\/toode\/ikraunamas-led-zibintuvelis-mission-1000\/\" \/>\n<meta property=\"og:locale\" content=\"lt_LT\" \/>\n<meta property=\"og:type\" content=\"article\" \/>\n<meta property=\"og:title\" content=\"\u012ekraunamas LED \u017eibintuv\u0117lis MISSION 1000\" \/>\n<meta property=\"og:description\" content=\"\u012fkraunamas LED \u017eibintuv\u0117lis \u2013 itin galingas \u2013 1000 liumen\u0173 \u0161viesos srautas. Komplekte yra 2000 mAh akumuliatorius, prireikus galima naudoti ir su 3 x AAA baterijomis.\" \/>\n<meta property=\"og:url\" content=\"https:\/\/toidupakk.ee\/lt\/toode\/ikraunamas-led-zibintuvelis-mission-1000\/\" \/>\n<meta property=\"og:site_name\" content=\"Toidupakk.ee - Tactical Foodpack toidupakid\" \/>\n<meta property=\"article:publisher\" content=\"https:\/\/www.facebook.com\/Toidupakk\" \/>\n<meta property=\"article:modified_time\" content=\"2026-04-21T09:00:26+00:00\" \/>\n<meta property=\"og:image\" content=\"https:\/\/toidupakk.ee\/wp-content\/uploads\/2023\/01\/Laetav-LED-taskulamp-MISSION-10001.png\" \/>\n\t<meta property=\"og:image:width\" content=\"1080\" \/>\n\t<meta property=\"og:image:height\" content=\"1080\" \/>\n\t<meta property=\"og:image:type\" content=\"image\/png\" \/>\n<meta name=\"twitter:card\" content=\"summary_large_image\" \/>\n<meta name=\"twitter:label1\" content=\"Est. reading time\" \/>\n\t<meta name=\"twitter:data1\" content=\"2 minut\u0117s\" \/>\n<script type=\"application\/ld+json\" class=\"yoast-schema-graph\">{\"@context\":\"https:\\\/\\\/schema.org\",\"@graph\":[{\"@type\":\"WebPage\",\"@id\":\"https:\\\/\\\/toidupakk.ee\\\/lt\\\/toode\\\/ikraunamas-led-zibintuvelis-mission-1000\\\/\",\"url\":\"https:\\\/\\\/toidupakk.ee\\\/lt\\\/toode\\\/ikraunamas-led-zibintuvelis-mission-1000\\\/\",\"name\":\"\u012ekraunamas LED \u017eibintuv\u0117lis MISSION 1000\",\"isPartOf\":{\"@id\":\"https:\\\/\\\/toidupakk.ee\\\/lt\\\/#website\"},\"primaryImageOfPage\":{\"@id\":\"https:\\\/\\\/toidupakk.ee\\\/lt\\\/toode\\\/ikraunamas-led-zibintuvelis-mission-1000\\\/#primaryimage\"},\"image\":{\"@id\":\"https:\\\/\\\/toidupakk.ee\\\/lt\\\/toode\\\/ikraunamas-led-zibintuvelis-mission-1000\\\/#primaryimage\"},\"thumbnailUrl\":\"https:\\\/\\\/toidupakk.ee\\\/wp-content\\\/uploads\\\/2023\\\/01\\\/Laetav-LED-taskulamp-MISSION-10001.png\",\"datePublished\":\"2023-01-27T16:24:15+00:00\",\"dateModified\":\"2026-04-21T09:00:26+00:00\",\"description\":\"\u012fkraunamas LED \u017eibintuv\u0117lis \u2013 itin galingas \u2013 1000 liumen\u0173 \u0161viesos srautas. Komplekte yra 2000 mAh akumuliatorius, prireikus galima naudoti ir su 3 x AAA baterijomis.\",\"breadcrumb\":{\"@id\":\"https:\\\/\\\/toidupakk.ee\\\/lt\\\/toode\\\/ikraunamas-led-zibintuvelis-mission-1000\\\/#breadcrumb\"},\"inLanguage\":\"lt-LT\",\"potentialAction\":[{\"@type\":\"ReadAction\",\"target\":[\"https:\\\/\\\/toidupakk.ee\\\/lt\\\/toode\\\/ikraunamas-led-zibintuvelis-mission-1000\\\/\"]}]},{\"@type\":\"ImageObject\",\"inLanguage\":\"lt-LT\",\"@id\":\"https:\\\/\\\/toidupakk.ee\\\/lt\\\/toode\\\/ikraunamas-led-zibintuvelis-mission-1000\\\/#primaryimage\",\"url\":\"https:\\\/\\\/toidupakk.ee\\\/wp-content\\\/uploads\\\/2023\\\/01\\\/Laetav-LED-taskulamp-MISSION-10001.png\",\"contentUrl\":\"https:\\\/\\\/toidupakk.ee\\\/wp-content\\\/uploads\\\/2023\\\/01\\\/Laetav-LED-taskulamp-MISSION-10001.png\",\"width\":1080,\"height\":1080,\"caption\":\"Laetav LED taskulamp mission 1000\"},{\"@type\":\"BreadcrumbList\",\"@id\":\"https:\\\/\\\/toidupakk.ee\\\/lt\\\/toode\\\/ikraunamas-led-zibintuvelis-mission-1000\\\/#breadcrumb\",\"itemListElement\":[{\"@type\":\"ListItem\",\"position\":1,\"name\":\"Avaleht\",\"item\":\"https:\\\/\\\/toidupakk.ee\\\/lt\\\/\"},{\"@type\":\"ListItem\",\"position\":2,\"name\":\"El. parduotuv\u0117\",\"item\":\"https:\\\/\\\/toidupakk.ee\\\/lt\\\/el-parduotuve\\\/\"},{\"@type\":\"ListItem\",\"position\":3,\"name\":\"\u012ekraunamas LED \u017eibintuv\u0117lis MISSION 1000\"}]},{\"@type\":\"WebSite\",\"@id\":\"https:\\\/\\\/toidupakk.ee\\\/lt\\\/#website\",\"url\":\"https:\\\/\\\/toidupakk.ee\\\/lt\\\/\",\"name\":\"Toidupakk.ee - Tactical Foodpack toidupakid\",\"description\":\"Tactical Foodpack k\u00fclmkuivatatud toidupakid ja matkaeined\",\"publisher\":{\"@id\":\"https:\\\/\\\/toidupakk.ee\\\/lt\\\/#organization\"},\"potentialAction\":[{\"@type\":\"SearchAction\",\"target\":{\"@type\":\"EntryPoint\",\"urlTemplate\":\"https:\\\/\\\/toidupakk.ee\\\/lt\\\/?s={search_term_string}\"},\"query-input\":{\"@type\":\"PropertyValueSpecification\",\"valueRequired\":true,\"valueName\":\"search_term_string\"}}],\"inLanguage\":\"lt-LT\"},{\"@type\":\"Organization\",\"@id\":\"https:\\\/\\\/toidupakk.ee\\\/lt\\\/#organization\",\"name\":\"Tactical Foodpack matkaeined\",\"url\":\"https:\\\/\\\/toidupakk.ee\\\/lt\\\/\",\"logo\":{\"@type\":\"ImageObject\",\"inLanguage\":\"lt-LT\",\"@id\":\"https:\\\/\\\/toidupakk.ee\\\/lt\\\/#\\\/schema\\\/logo\\\/image\\\/\",\"url\":\"https:\\\/\\\/toidupakk.ee\\\/wp-content\\\/uploads\\\/2022\\\/01\\\/Toidupakk-matkapood-logo-transparent.png\",\"contentUrl\":\"https:\\\/\\\/toidupakk.ee\\\/wp-content\\\/uploads\\\/2022\\\/01\\\/Toidupakk-matkapood-logo-transparent.png\",\"width\":500,\"height\":500,\"caption\":\"Tactical Foodpack matkaeined\"},\"image\":{\"@id\":\"https:\\\/\\\/toidupakk.ee\\\/lt\\\/#\\\/schema\\\/logo\\\/image\\\/\"},\"sameAs\":[\"https:\\\/\\\/www.facebook.com\\\/Toidupakk\",\"https:\\\/\\\/www.instagram.com\\\/toidupakk\\\/\"]}]}<\/script>\n<!-- \/ Yoast SEO plugin. -->","yoast_head_json":{"title":"\u012ekraunamas LED \u017eibintuv\u0117lis MISSION 1000","description":"\u012fkraunamas LED \u017eibintuv\u0117lis \u2013 itin galingas \u2013 1000 liumen\u0173 \u0161viesos srautas. Komplekte yra 2000 mAh akumuliatorius, prireikus galima naudoti ir su 3 x AAA baterijomis.","robots":{"index":"index","follow":"follow","max-snippet":"max-snippet:-1","max-image-preview":"max-image-preview:large","max-video-preview":"max-video-preview:-1"},"canonical":"https:\/\/toidupakk.ee\/lt\/toode\/ikraunamas-led-zibintuvelis-mission-1000\/","og_locale":"lt_LT","og_type":"article","og_title":"\u012ekraunamas LED \u017eibintuv\u0117lis MISSION 1000","og_description":"\u012fkraunamas LED \u017eibintuv\u0117lis \u2013 itin galingas \u2013 1000 liumen\u0173 \u0161viesos srautas. Komplekte yra 2000 mAh akumuliatorius, prireikus galima naudoti ir su 3 x AAA baterijomis.","og_url":"https:\/\/toidupakk.ee\/lt\/toode\/ikraunamas-led-zibintuvelis-mission-1000\/","og_site_name":"Toidupakk.ee - Tactical Foodpack toidupakid","article_publisher":"https:\/\/www.facebook.com\/Toidupakk","article_modified_time":"2026-04-21T09:00:26+00:00","og_image":[{"width":1080,"height":1080,"url":"https:\/\/toidupakk.ee\/wp-content\/uploads\/2023\/01\/Laetav-LED-taskulamp-MISSION-10001.png","type":"image\/png"}],"twitter_card":"summary_large_image","twitter_misc":{"Est. reading time":"2 minut\u0117s"},"schema":{"@context":"https:\/\/schema.org","@graph":[{"@type":"WebPage","@id":"https:\/\/toidupakk.ee\/lt\/toode\/ikraunamas-led-zibintuvelis-mission-1000\/","url":"https:\/\/toidupakk.ee\/lt\/toode\/ikraunamas-led-zibintuvelis-mission-1000\/","name":"\u012ekraunamas LED \u017eibintuv\u0117lis MISSION 1000","isPartOf":{"@id":"https:\/\/toidupakk.ee\/lt\/#website"},"primaryImageOfPage":{"@id":"https:\/\/toidupakk.ee\/lt\/toode\/ikraunamas-led-zibintuvelis-mission-1000\/#primaryimage"},"image":{"@id":"https:\/\/toidupakk.ee\/lt\/toode\/ikraunamas-led-zibintuvelis-mission-1000\/#primaryimage"},"thumbnailUrl":"https:\/\/toidupakk.ee\/wp-content\/uploads\/2023\/01\/Laetav-LED-taskulamp-MISSION-10001.png","datePublished":"2023-01-27T16:24:15+00:00","dateModified":"2026-04-21T09:00:26+00:00","description":"\u012fkraunamas LED \u017eibintuv\u0117lis \u2013 itin galingas \u2013 1000 liumen\u0173 \u0161viesos srautas. Komplekte yra 2000 mAh akumuliatorius, prireikus galima naudoti ir su 3 x AAA baterijomis.","breadcrumb":{"@id":"https:\/\/toidupakk.ee\/lt\/toode\/ikraunamas-led-zibintuvelis-mission-1000\/#breadcrumb"},"inLanguage":"lt-LT","potentialAction":[{"@type":"ReadAction","target":["https:\/\/toidupakk.ee\/lt\/toode\/ikraunamas-led-zibintuvelis-mission-1000\/"]}]},{"@type":"ImageObject","inLanguage":"lt-LT","@id":"https:\/\/toidupakk.ee\/lt\/toode\/ikraunamas-led-zibintuvelis-mission-1000\/#primaryimage","url":"https:\/\/toidupakk.ee\/wp-content\/uploads\/2023\/01\/Laetav-LED-taskulamp-MISSION-10001.png","contentUrl":"https:\/\/toidupakk.ee\/wp-content\/uploads\/2023\/01\/Laetav-LED-taskulamp-MISSION-10001.png","width":1080,"height":1080,"caption":"Laetav LED taskulamp mission 1000"},{"@type":"BreadcrumbList","@id":"https:\/\/toidupakk.ee\/lt\/toode\/ikraunamas-led-zibintuvelis-mission-1000\/#breadcrumb","itemListElement":[{"@type":"ListItem","position":1,"name":"Avaleht","item":"https:\/\/toidupakk.ee\/lt\/"},{"@type":"ListItem","position":2,"name":"El. parduotuv\u0117","item":"https:\/\/toidupakk.ee\/lt\/el-parduotuve\/"},{"@type":"ListItem","position":3,"name":"\u012ekraunamas LED \u017eibintuv\u0117lis MISSION 1000"}]},{"@type":"WebSite","@id":"https:\/\/toidupakk.ee\/lt\/#website","url":"https:\/\/toidupakk.ee\/lt\/","name":"Toidupakk.ee - Tactical Foodpack toidupakid","description":"Tactical Foodpack k\u00fclmkuivatatud toidupakid ja matkaeined","publisher":{"@id":"https:\/\/toidupakk.ee\/lt\/#organization"},"potentialAction":[{"@type":"SearchAction","target":{"@type":"EntryPoint","urlTemplate":"https:\/\/toidupakk.ee\/lt\/?s={search_term_string}"},"query-input":{"@type":"PropertyValueSpecification","valueRequired":true,"valueName":"search_term_string"}}],"inLanguage":"lt-LT"},{"@type":"Organization","@id":"https:\/\/toidupakk.ee\/lt\/#organization","name":"Tactical Foodpack matkaeined","url":"https:\/\/toidupakk.ee\/lt\/","logo":{"@type":"ImageObject","inLanguage":"lt-LT","@id":"https:\/\/toidupakk.ee\/lt\/#\/schema\/logo\/image\/","url":"https:\/\/toidupakk.ee\/wp-content\/uploads\/2022\/01\/Toidupakk-matkapood-logo-transparent.png","contentUrl":"https:\/\/toidupakk.ee\/wp-content\/uploads\/2022\/01\/Toidupakk-matkapood-logo-transparent.png","width":500,"height":500,"caption":"Tactical Foodpack matkaeined"},"image":{"@id":"https:\/\/toidupakk.ee\/lt\/#\/schema\/logo\/image\/"},"sameAs":["https:\/\/www.facebook.com\/Toidupakk","https:\/\/www.instagram.com\/toidupakk\/"]}]}},"jetpack_sharing_enabled":true,"_links":{"self":[{"href":"https:\/\/toidupakk.ee\/lt\/wp-json\/wp\/v2\/product\/47789","targetHints":{"allow":["GET"]}}],"collection":[{"href":"https:\/\/toidupakk.ee\/lt\/wp-json\/wp\/v2\/product"}],"about":[{"href":"https:\/\/toidupakk.ee\/lt\/wp-json\/wp\/v2\/types\/product"}],"replies":[{"embeddable":true,"href":"https:\/\/toidupakk.ee\/lt\/wp-json\/wp\/v2\/comments?post=47789"}],"wp:featuredmedia":[{"embeddable":true,"href":"https:\/\/toidupakk.ee\/lt\/wp-json\/wp\/v2\/media\/5413"}],"wp:attachment":[{"href":"https:\/\/toidupakk.ee\/lt\/wp-json\/wp\/v2\/media?parent=47789"}],"wp:term":[{"taxonomy":"product_brand","embeddable":true,"href":"https:\/\/toidupakk.ee\/lt\/wp-json\/wp\/v2\/product_brand?post=47789"},{"taxonomy":"product_cat","embeddable":true,"href":"https:\/\/toidupakk.ee\/lt\/wp-json\/wp\/v2\/product_cat?post=47789"},{"taxonomy":"product_tag","embeddable":true,"href":"https:\/\/toidupakk.ee\/lt\/wp-json\/wp\/v2\/product_tag?post=47789"}],"curies":[{"name":"wp","href":"https:\/\/api.w.org\/{rel}","templated":true}]}}