{"id":47781,"date":"2022-12-23T12:58:29","date_gmt":"2022-12-23T10:58:29","guid":{"rendered":"https:\/\/toidupakk.ee\/toode\/bambukines-kojines-boru-bamboo-ilgos\/"},"modified":"2026-04-29T16:32:06","modified_gmt":"2026-04-29T13:32:06","slug":"bambukines-kojines-boru-bamboo-ilgos","status":"publish","type":"product","link":"https:\/\/toidupakk.ee\/lt\/toode\/bambukines-kojines-boru-bamboo-ilgos\/","title":{"rendered":"Bambukin\u0117s kojin\u0117s \u201eBoru Bamboo\u201c (ilgos)"},"content":{"rendered":"<p>&nbsp;<\/p>\n<p><img fetchpriority=\"high\" decoding=\"async\" class=\"wp-image-4972 size-thumbnail alignright\" src=\"https:\/\/toidupakk.ee\/wp-content\/uploads\/2022\/12\/Bambussokid-Boru-Bamboo-2-500x500.png\" alt=\"Bambukin\u0117s kojin\u0117s veiklai lauke\" width=\"500\" height=\"500\" srcset=\"https:\/\/toidupakk.ee\/wp-content\/uploads\/2022\/12\/Bambussokid-Boru-Bamboo-2-500x500.png 500w, https:\/\/toidupakk.ee\/wp-content\/uploads\/2022\/12\/Bambussokid-Boru-Bamboo-2-400x400.png 400w, https:\/\/toidupakk.ee\/wp-content\/uploads\/2022\/12\/Bambussokid-Boru-Bamboo-2-100x100.png 100w, https:\/\/toidupakk.ee\/wp-content\/uploads\/2022\/12\/Bambussokid-Boru-Bamboo-2-800x800.png 800w, https:\/\/toidupakk.ee\/wp-content\/uploads\/2022\/12\/Bambussokid-Boru-Bamboo-2-300x300.png 300w, https:\/\/toidupakk.ee\/wp-content\/uploads\/2022\/12\/Bambussokid-Boru-Bamboo-2-1024x1024.png 1024w, https:\/\/toidupakk.ee\/wp-content\/uploads\/2022\/12\/Bambussokid-Boru-Bamboo-2-768x768.png 768w, https:\/\/toidupakk.ee\/wp-content\/uploads\/2022\/12\/Bambussokid-Boru-Bamboo-2.png 1080w\" sizes=\"(max-width: 500px) 100vw, 500px\" \/><\/p>\n<p><strong>Bambukin\u0117s kojin\u0117s \u2013 ilgos bambuko pluo\u0161to kojin\u0117s \u017eygiams ir veiklai lauke \u2013 kv\u0117puojan\u010dios ir patogios i\u0161tisus metus<\/strong><\/p>\n<p>\u0160ios <strong>ilgos bambukin\u0117s kojin\u0117s<\/strong> yra idealus pasirinkimas bet kokiai veiklai lauke \u2013 \u017eygiams, pasivaik\u0161\u010diojimams gamtoje ar sportui. <strong>Bambuko pluo\u0161to kojin\u0117s<\/strong> u\u017etikrina koj\u0173 komfort\u0105 bet kuriuo met\u0173 laiku. \u017diem\u0105 med\u017eiaga \u0161ildo kojas, o vasar\u0105 i\u0161garina dr\u0117gm\u0119, suteikdama v\u0117sos ir sausumo poj\u016bt\u012f. <\/p>\n<p>Kojin\u0117s pasi\u017eymi puikiomis <strong>kv\u0117puojan\u010diomis, antibakterin\u0117mis ir hipoalergin\u0117mis savyb\u0117mis<\/strong>, kurios palaiko koj\u0173 gaiv\u0105 ir neleid\u017eia atsirasti nemaloniam kvapui. Sutvirtintas kulnas suteikia patvarumo, tod\u0117l kojin\u0117s yra ilgaam\u017e\u0117s ir tinka net intensyviai veiklai. <\/p>\n<p><strong>Med\u017eiaga:<\/strong><\/p>\n<ul>\n<li>50 % bambuko<\/li>\n<li>20 % akrilo<\/li>\n<li>17 % poliamido<\/li>\n<li>10 % medviln\u0117s<\/li>\n<li>3 % elastano<\/li>\n<\/ul>\n<p><strong>Privalumai:<\/strong><\/p>\n<ul>\n<li><strong>Kv\u0117puojan\u010dios ir i\u0161garinan\u010dios dr\u0117gm\u0119<\/strong>: idealiai tinka aktyviam naudojimui vasar\u0105 ir \u017eiem\u0105.<\/li>\n<li><strong>Antibakterin\u0117s savyb\u0117s<\/strong>: padeda i\u0161laikyti kojas \u0161varias ir be kvapo.<\/li>\n<li><strong>Sutvirtintas kulnas<\/strong>: ilgesnis tarnavimo laikas ir papildomas komfortas.<\/li>\n<\/ul>\n<p>\u2705 Turime sand\u0117lyje \u2013 greitas pristatymas per 1\u20133 darbo dienas!<\/p>\n<p>Pasisemk \u012fkv\u0117pimo kitiems nuotykiams Toidupakk <a href=\"https:\/\/www.instagram.com\/toidupakk\/\">Instagram<\/a> ir <a href=\"https:\/\/www.facebook.com\/Toidupakk\/\">Facebook<\/a> paskyrose.<\/p>\n<p>\u017dygio reikmenis ap\u017ei\u016br\u0117k <a href=\"https:\/\/toidupakk.ee\/lt\/tootekategooria\/zygio-iranga\/#section-3-79\">\u010cIA<\/a>.<\/p>\n","protected":false},"excerpt":{"rendered":"<ul>\n<li>Ilgos bambuko pluo\u0161to kojin\u0117s \u017eygiams ar veiklai lauke<\/li>\n<li>Bambukin\u0117s kojin\u0117s, skirtos d\u0117v\u0117ti i\u0161tisus metus. \u017diem\u0105 kojos i\u0161lieka \u0161iltos, o vasar\u0105 \u2013 sausos. <\/li>\n<li>Kv\u0117puojan\u010dios, antibakterin\u0117s ir hipoalergin\u0117s.<\/li>\n<li>Su sutvirtinto audinio kulnu.<\/li>\n<\/ul>\n<p>Med\u017eiaga: 50 % bambuko, 20 % akrilo, 17 % poliamido, 10 % medviln\u0117s ir 3 % elastano.<\/p>\n<p>\u2705 Turime sand\u0117lyje, pristatymas per 1\u20133 darbo dienas<\/p>\n","protected":false},"featured_media":47782,"comment_status":"open","ping_status":"closed","template":"","meta":{"_acf_changed":false},"product_brand":[],"product_cat":[191,200,189,198,190],"product_tag":[],"class_list":{"0":"post-47781","1":"product","2":"type-product","3":"status-publish","4":"has-post-thumbnail","6":"product_cat-drabuziai","7":"product_cat-praktiskos-dovanu-idejos","8":"product_cat-zygio-iranga","9":"product_cat-zygio-kojines","10":"product_cat-zygio-prekes","12":"first","13":"instock","14":"sale","15":"taxable","16":"shipping-taxable","17":"purchasable","18":"product-type-variable","19":"has-default-attributes"},"bundled_by":[],"bundle_stock_status":"instock","bundle_stock_quantity":null,"bundle_virtual":false,"bundle_layout":"","bundle_add_to_cart_form_location":"","bundle_editable_in_cart":false,"bundle_sold_individually_context":"","bundle_item_grouping":"","bundle_min_size":"","bundle_max_size":"","bundle_price":[],"bundled_items":[],"bundle_sell_ids":[],"acf":[],"yoast_head":"<!-- This site is optimized with the Yoast SEO plugin v27.3 - https:\/\/yoast.com\/product\/yoast-seo-wordpress\/ -->\n<title>Bambukin\u0117s kojin\u0117s \u201eBoru Bamboo\u201c (ilgos)<\/title>\n<meta name=\"description\" content=\"Bambukin\u0117s kojin\u0117s \u017eygiams ar veiklai lauke. Kv\u0117puojan\u010dios kojin\u0117s \u017eiem\u0105 \u0161ildo kojas, o vasar\u0105 neleid\u017eia joms sudr\u0117kti. Mink\u0161tos ir patogios \u2013 su sutvirtintu kulnu.\" \/>\n<meta name=\"robots\" content=\"index, follow, max-snippet:-1, max-image-preview:large, max-video-preview:-1\" \/>\n<link rel=\"canonical\" href=\"https:\/\/toidupakk.ee\/lt\/toode\/bambukines-kojines-boru-bamboo-ilgos\/\" \/>\n<meta property=\"og:locale\" content=\"lt_LT\" \/>\n<meta property=\"og:type\" content=\"article\" \/>\n<meta property=\"og:title\" content=\"Bambukin\u0117s kojin\u0117s \u201eBoru Bamboo\u201c (ilgos)\" \/>\n<meta property=\"og:description\" content=\"Bambukin\u0117s kojin\u0117s \u017eygiams ar veiklai lauke. Kv\u0117puojan\u010dios kojin\u0117s \u017eiem\u0105 \u0161ildo kojas, o vasar\u0105 neleid\u017eia joms sudr\u0117kti. Mink\u0161tos ir patogios \u2013 su sutvirtintu kulnu.\" \/>\n<meta property=\"og:url\" content=\"https:\/\/toidupakk.ee\/lt\/toode\/bambukines-kojines-boru-bamboo-ilgos\/\" \/>\n<meta property=\"og:site_name\" content=\"Toidupakk.ee - Tactical Foodpack toidupakid\" \/>\n<meta property=\"article:publisher\" content=\"https:\/\/www.facebook.com\/Toidupakk\" \/>\n<meta property=\"article:modified_time\" content=\"2026-04-29T13:32:06+00:00\" \/>\n<meta property=\"og:image\" content=\"https:\/\/toidupakk.ee\/wp-content\/uploads\/2022\/12\/Bambussokid-Boru-Bamboo-1.png\" \/>\n\t<meta property=\"og:image:width\" content=\"1080\" \/>\n\t<meta property=\"og:image:height\" content=\"1080\" \/>\n\t<meta property=\"og:image:type\" content=\"image\/png\" \/>\n<meta name=\"twitter:card\" content=\"summary_large_image\" \/>\n<meta name=\"twitter:label1\" content=\"Est. reading time\" \/>\n\t<meta name=\"twitter:data1\" content=\"1 minut\u0117\" \/>\n<script type=\"application\/ld+json\" class=\"yoast-schema-graph\">{\"@context\":\"https:\\\/\\\/schema.org\",\"@graph\":[{\"@type\":\"WebPage\",\"@id\":\"https:\\\/\\\/toidupakk.ee\\\/lt\\\/toode\\\/bambukines-kojines-boru-bamboo-ilgos\\\/\",\"url\":\"https:\\\/\\\/toidupakk.ee\\\/lt\\\/toode\\\/bambukines-kojines-boru-bamboo-ilgos\\\/\",\"name\":\"Bambukin\u0117s kojin\u0117s \u201eBoru Bamboo\u201c (ilgos)\",\"isPartOf\":{\"@id\":\"https:\\\/\\\/toidupakk.ee\\\/lt\\\/#website\"},\"primaryImageOfPage\":{\"@id\":\"https:\\\/\\\/toidupakk.ee\\\/lt\\\/toode\\\/bambukines-kojines-boru-bamboo-ilgos\\\/#primaryimage\"},\"image\":{\"@id\":\"https:\\\/\\\/toidupakk.ee\\\/lt\\\/toode\\\/bambukines-kojines-boru-bamboo-ilgos\\\/#primaryimage\"},\"thumbnailUrl\":\"https:\\\/\\\/toidupakk.ee\\\/wp-content\\\/uploads\\\/2022\\\/12\\\/Bambussokid-Boru-Bamboo-1.png\",\"datePublished\":\"2022-12-23T10:58:29+00:00\",\"dateModified\":\"2026-04-29T13:32:06+00:00\",\"description\":\"Bambukin\u0117s kojin\u0117s \u017eygiams ar veiklai lauke. Kv\u0117puojan\u010dios kojin\u0117s \u017eiem\u0105 \u0161ildo kojas, o vasar\u0105 neleid\u017eia joms sudr\u0117kti. Mink\u0161tos ir patogios \u2013 su sutvirtintu kulnu.\",\"breadcrumb\":{\"@id\":\"https:\\\/\\\/toidupakk.ee\\\/lt\\\/toode\\\/bambukines-kojines-boru-bamboo-ilgos\\\/#breadcrumb\"},\"inLanguage\":\"lt-LT\",\"potentialAction\":[{\"@type\":\"ReadAction\",\"target\":[\"https:\\\/\\\/toidupakk.ee\\\/lt\\\/toode\\\/bambukines-kojines-boru-bamboo-ilgos\\\/\"]}]},{\"@type\":\"ImageObject\",\"inLanguage\":\"lt-LT\",\"@id\":\"https:\\\/\\\/toidupakk.ee\\\/lt\\\/toode\\\/bambukines-kojines-boru-bamboo-ilgos\\\/#primaryimage\",\"url\":\"https:\\\/\\\/toidupakk.ee\\\/wp-content\\\/uploads\\\/2022\\\/12\\\/Bambussokid-Boru-Bamboo-1.png\",\"contentUrl\":\"https:\\\/\\\/toidupakk.ee\\\/wp-content\\\/uploads\\\/2022\\\/12\\\/Bambussokid-Boru-Bamboo-1.png\",\"width\":1080,\"height\":1080,\"caption\":\"Ilgos \u017eygio kojin\u0117s\"},{\"@type\":\"BreadcrumbList\",\"@id\":\"https:\\\/\\\/toidupakk.ee\\\/lt\\\/toode\\\/bambukines-kojines-boru-bamboo-ilgos\\\/#breadcrumb\",\"itemListElement\":[{\"@type\":\"ListItem\",\"position\":1,\"name\":\"Avaleht\",\"item\":\"https:\\\/\\\/toidupakk.ee\\\/lt\\\/\"},{\"@type\":\"ListItem\",\"position\":2,\"name\":\"El. parduotuv\u0117\",\"item\":\"https:\\\/\\\/toidupakk.ee\\\/lt\\\/el-parduotuve\\\/\"},{\"@type\":\"ListItem\",\"position\":3,\"name\":\"Bambukin\u0117s kojin\u0117s \u201eBoru Bamboo\u201c (ilgos)\"}]},{\"@type\":\"WebSite\",\"@id\":\"https:\\\/\\\/toidupakk.ee\\\/lt\\\/#website\",\"url\":\"https:\\\/\\\/toidupakk.ee\\\/lt\\\/\",\"name\":\"Toidupakk.ee - Tactical Foodpack toidupakid\",\"description\":\"Tactical Foodpack k\u00fclmkuivatatud toidupakid ja matkaeined\",\"publisher\":{\"@id\":\"https:\\\/\\\/toidupakk.ee\\\/lt\\\/#organization\"},\"potentialAction\":[{\"@type\":\"SearchAction\",\"target\":{\"@type\":\"EntryPoint\",\"urlTemplate\":\"https:\\\/\\\/toidupakk.ee\\\/lt\\\/?s={search_term_string}\"},\"query-input\":{\"@type\":\"PropertyValueSpecification\",\"valueRequired\":true,\"valueName\":\"search_term_string\"}}],\"inLanguage\":\"lt-LT\"},{\"@type\":\"Organization\",\"@id\":\"https:\\\/\\\/toidupakk.ee\\\/lt\\\/#organization\",\"name\":\"Tactical Foodpack matkaeined\",\"url\":\"https:\\\/\\\/toidupakk.ee\\\/lt\\\/\",\"logo\":{\"@type\":\"ImageObject\",\"inLanguage\":\"lt-LT\",\"@id\":\"https:\\\/\\\/toidupakk.ee\\\/lt\\\/#\\\/schema\\\/logo\\\/image\\\/\",\"url\":\"https:\\\/\\\/toidupakk.ee\\\/wp-content\\\/uploads\\\/2022\\\/01\\\/Toidupakk-matkapood-logo-transparent.png\",\"contentUrl\":\"https:\\\/\\\/toidupakk.ee\\\/wp-content\\\/uploads\\\/2022\\\/01\\\/Toidupakk-matkapood-logo-transparent.png\",\"width\":500,\"height\":500,\"caption\":\"Tactical Foodpack matkaeined\"},\"image\":{\"@id\":\"https:\\\/\\\/toidupakk.ee\\\/lt\\\/#\\\/schema\\\/logo\\\/image\\\/\"},\"sameAs\":[\"https:\\\/\\\/www.facebook.com\\\/Toidupakk\",\"https:\\\/\\\/www.instagram.com\\\/toidupakk\\\/\"]}]}<\/script>\n<!-- \/ Yoast SEO plugin. -->","yoast_head_json":{"title":"Bambukin\u0117s kojin\u0117s \u201eBoru Bamboo\u201c (ilgos)","description":"Bambukin\u0117s kojin\u0117s \u017eygiams ar veiklai lauke. Kv\u0117puojan\u010dios kojin\u0117s \u017eiem\u0105 \u0161ildo kojas, o vasar\u0105 neleid\u017eia joms sudr\u0117kti. Mink\u0161tos ir patogios \u2013 su sutvirtintu kulnu.","robots":{"index":"index","follow":"follow","max-snippet":"max-snippet:-1","max-image-preview":"max-image-preview:large","max-video-preview":"max-video-preview:-1"},"canonical":"https:\/\/toidupakk.ee\/lt\/toode\/bambukines-kojines-boru-bamboo-ilgos\/","og_locale":"lt_LT","og_type":"article","og_title":"Bambukin\u0117s kojin\u0117s \u201eBoru Bamboo\u201c (ilgos)","og_description":"Bambukin\u0117s kojin\u0117s \u017eygiams ar veiklai lauke. Kv\u0117puojan\u010dios kojin\u0117s \u017eiem\u0105 \u0161ildo kojas, o vasar\u0105 neleid\u017eia joms sudr\u0117kti. Mink\u0161tos ir patogios \u2013 su sutvirtintu kulnu.","og_url":"https:\/\/toidupakk.ee\/lt\/toode\/bambukines-kojines-boru-bamboo-ilgos\/","og_site_name":"Toidupakk.ee - Tactical Foodpack toidupakid","article_publisher":"https:\/\/www.facebook.com\/Toidupakk","article_modified_time":"2026-04-29T13:32:06+00:00","og_image":[{"width":1080,"height":1080,"url":"https:\/\/toidupakk.ee\/wp-content\/uploads\/2022\/12\/Bambussokid-Boru-Bamboo-1.png","type":"image\/png"}],"twitter_card":"summary_large_image","twitter_misc":{"Est. reading time":"1 minut\u0117"},"schema":{"@context":"https:\/\/schema.org","@graph":[{"@type":"WebPage","@id":"https:\/\/toidupakk.ee\/lt\/toode\/bambukines-kojines-boru-bamboo-ilgos\/","url":"https:\/\/toidupakk.ee\/lt\/toode\/bambukines-kojines-boru-bamboo-ilgos\/","name":"Bambukin\u0117s kojin\u0117s \u201eBoru Bamboo\u201c (ilgos)","isPartOf":{"@id":"https:\/\/toidupakk.ee\/lt\/#website"},"primaryImageOfPage":{"@id":"https:\/\/toidupakk.ee\/lt\/toode\/bambukines-kojines-boru-bamboo-ilgos\/#primaryimage"},"image":{"@id":"https:\/\/toidupakk.ee\/lt\/toode\/bambukines-kojines-boru-bamboo-ilgos\/#primaryimage"},"thumbnailUrl":"https:\/\/toidupakk.ee\/wp-content\/uploads\/2022\/12\/Bambussokid-Boru-Bamboo-1.png","datePublished":"2022-12-23T10:58:29+00:00","dateModified":"2026-04-29T13:32:06+00:00","description":"Bambukin\u0117s kojin\u0117s \u017eygiams ar veiklai lauke. Kv\u0117puojan\u010dios kojin\u0117s \u017eiem\u0105 \u0161ildo kojas, o vasar\u0105 neleid\u017eia joms sudr\u0117kti. Mink\u0161tos ir patogios \u2013 su sutvirtintu kulnu.","breadcrumb":{"@id":"https:\/\/toidupakk.ee\/lt\/toode\/bambukines-kojines-boru-bamboo-ilgos\/#breadcrumb"},"inLanguage":"lt-LT","potentialAction":[{"@type":"ReadAction","target":["https:\/\/toidupakk.ee\/lt\/toode\/bambukines-kojines-boru-bamboo-ilgos\/"]}]},{"@type":"ImageObject","inLanguage":"lt-LT","@id":"https:\/\/toidupakk.ee\/lt\/toode\/bambukines-kojines-boru-bamboo-ilgos\/#primaryimage","url":"https:\/\/toidupakk.ee\/wp-content\/uploads\/2022\/12\/Bambussokid-Boru-Bamboo-1.png","contentUrl":"https:\/\/toidupakk.ee\/wp-content\/uploads\/2022\/12\/Bambussokid-Boru-Bamboo-1.png","width":1080,"height":1080,"caption":"Ilgos \u017eygio kojin\u0117s"},{"@type":"BreadcrumbList","@id":"https:\/\/toidupakk.ee\/lt\/toode\/bambukines-kojines-boru-bamboo-ilgos\/#breadcrumb","itemListElement":[{"@type":"ListItem","position":1,"name":"Avaleht","item":"https:\/\/toidupakk.ee\/lt\/"},{"@type":"ListItem","position":2,"name":"El. parduotuv\u0117","item":"https:\/\/toidupakk.ee\/lt\/el-parduotuve\/"},{"@type":"ListItem","position":3,"name":"Bambukin\u0117s kojin\u0117s \u201eBoru Bamboo\u201c (ilgos)"}]},{"@type":"WebSite","@id":"https:\/\/toidupakk.ee\/lt\/#website","url":"https:\/\/toidupakk.ee\/lt\/","name":"Toidupakk.ee - Tactical Foodpack toidupakid","description":"Tactical Foodpack k\u00fclmkuivatatud toidupakid ja matkaeined","publisher":{"@id":"https:\/\/toidupakk.ee\/lt\/#organization"},"potentialAction":[{"@type":"SearchAction","target":{"@type":"EntryPoint","urlTemplate":"https:\/\/toidupakk.ee\/lt\/?s={search_term_string}"},"query-input":{"@type":"PropertyValueSpecification","valueRequired":true,"valueName":"search_term_string"}}],"inLanguage":"lt-LT"},{"@type":"Organization","@id":"https:\/\/toidupakk.ee\/lt\/#organization","name":"Tactical Foodpack matkaeined","url":"https:\/\/toidupakk.ee\/lt\/","logo":{"@type":"ImageObject","inLanguage":"lt-LT","@id":"https:\/\/toidupakk.ee\/lt\/#\/schema\/logo\/image\/","url":"https:\/\/toidupakk.ee\/wp-content\/uploads\/2022\/01\/Toidupakk-matkapood-logo-transparent.png","contentUrl":"https:\/\/toidupakk.ee\/wp-content\/uploads\/2022\/01\/Toidupakk-matkapood-logo-transparent.png","width":500,"height":500,"caption":"Tactical Foodpack matkaeined"},"image":{"@id":"https:\/\/toidupakk.ee\/lt\/#\/schema\/logo\/image\/"},"sameAs":["https:\/\/www.facebook.com\/Toidupakk","https:\/\/www.instagram.com\/toidupakk\/"]}]}},"jetpack_sharing_enabled":true,"_links":{"self":[{"href":"https:\/\/toidupakk.ee\/lt\/wp-json\/wp\/v2\/product\/47781","targetHints":{"allow":["GET"]}}],"collection":[{"href":"https:\/\/toidupakk.ee\/lt\/wp-json\/wp\/v2\/product"}],"about":[{"href":"https:\/\/toidupakk.ee\/lt\/wp-json\/wp\/v2\/types\/product"}],"replies":[{"embeddable":true,"href":"https:\/\/toidupakk.ee\/lt\/wp-json\/wp\/v2\/comments?post=47781"}],"wp:featuredmedia":[{"embeddable":true,"href":"https:\/\/toidupakk.ee\/lt\/wp-json\/wp\/v2\/media\/47782"}],"wp:attachment":[{"href":"https:\/\/toidupakk.ee\/lt\/wp-json\/wp\/v2\/media?parent=47781"}],"wp:term":[{"taxonomy":"product_brand","embeddable":true,"href":"https:\/\/toidupakk.ee\/lt\/wp-json\/wp\/v2\/product_brand?post=47781"},{"taxonomy":"product_cat","embeddable":true,"href":"https:\/\/toidupakk.ee\/lt\/wp-json\/wp\/v2\/product_cat?post=47781"},{"taxonomy":"product_tag","embeddable":true,"href":"https:\/\/toidupakk.ee\/lt\/wp-json\/wp\/v2\/product_tag?post=47781"}],"curies":[{"name":"wp","href":"https:\/\/api.w.org\/{rel}","templated":true}]}}