{"id":47726,"date":"2022-12-07T14:37:04","date_gmt":"2022-12-07T12:37:04","guid":{"rendered":"https:\/\/toidupakk.ee\/toode\/akumuliatorine-pripuciamu-ciuziniu-pompa\/"},"modified":"2026-04-29T16:32:05","modified_gmt":"2026-04-29T13:32:05","slug":"akumuliatorine-pripuciamu-ciuziniu-pompa","status":"publish","type":"product","link":"https:\/\/toidupakk.ee\/lt\/toode\/akumuliatorine-pripuciamu-ciuziniu-pompa\/","title":{"rendered":"Akumuliatorin\u0117 pripu\u010diam\u0173 \u010diu\u017eini\u0173 pompa"},"content":{"rendered":"<h1><img fetchpriority=\"high\" decoding=\"async\" class=\"alignnone wp-image-24895 size-full\" src=\"https:\/\/toidupakk.ee\/wp-content\/uploads\/2022\/12\/Ohkmadratsi-pump-akuga-flextail-tiny-pump-1.png\" alt=\"Pripu\u010diam\u0173 \u010diu\u017eini\u0173 pompa FLEXTAIL\" width=\"1335\" height=\"500\" srcset=\"https:\/\/toidupakk.ee\/wp-content\/uploads\/2022\/12\/Ohkmadratsi-pump-akuga-flextail-tiny-pump-1.png 1335w, https:\/\/toidupakk.ee\/wp-content\/uploads\/2022\/12\/Ohkmadratsi-pump-akuga-flextail-tiny-pump-1-800x300.png 800w, https:\/\/toidupakk.ee\/wp-content\/uploads\/2022\/12\/Ohkmadratsi-pump-akuga-flextail-tiny-pump-1-300x112.png 300w, https:\/\/toidupakk.ee\/wp-content\/uploads\/2022\/12\/Ohkmadratsi-pump-akuga-flextail-tiny-pump-1-1024x384.png 1024w, https:\/\/toidupakk.ee\/wp-content\/uploads\/2022\/12\/Ohkmadratsi-pump-akuga-flextail-tiny-pump-1-768x288.png 768w\" sizes=\"(max-width: 1335px) 100vw, 1335px\" \/><\/h1>\n<h1>Akumuliatorin\u0117 pripu\u010diam\u0173 \u010diu\u017eini\u0173 pompa \/ galingas LED \u017eibintas<\/h1>\n<p>M\u0117gaukis akimirksniu prisipu\u010dian\u010diais \u010diu\u017einiais vienu mygtuko paspaudimu, kad ir kur b\u016btum. Nesvarbu, ar esi namuose, stovyklauji mi\u0161ke, papl\u016bdimyje ar u\u017esiimi m\u0117gstama veikla, naujos kartos pripu\u010diam\u0173 \u010diu\u017eini\u0173 pompa su LED ap\u0161vietimu tavo stovyklavim\u0105 pavers nepamir\u0161tamu. <\/p>\n<p>Akumuliatorin\u0117 \u010diu\u017eini\u0173 pompa \u2013 naujos kartos keliautoj\u0173 m\u0117gstamiausias produktas. Ji nustebins tave itin ma\u017ea oro pompa, vakuumine pompa ir \u201etrys viename\u201c LED \u017eibintu. <\/p>\n<p>&nbsp;<\/p>\n<p><img decoding=\"async\" class=\"alignnone wp-image-4617 size-medium\" src=\"https:\/\/toidupakk.ee\/wp-content\/uploads\/2022\/12\/Akuga-madratsipumba-kasutamine-300x169.webp\" alt=\"Akumuliatorin\u0117 pripu\u010diam\u0173 \u010diu\u017eini\u0173 pompa ir jos naudojimas \u017eygyje\" width=\"300\" height=\"169\" srcset=\"https:\/\/toidupakk.ee\/wp-content\/uploads\/2022\/12\/Akuga-madratsipumba-kasutamine-300x169.webp 300w, https:\/\/toidupakk.ee\/wp-content\/uploads\/2022\/12\/Akuga-madratsipumba-kasutamine.webp 600w\" sizes=\"(max-width: 300px) 100vw, 300px\" \/><\/p>\n<h3>Produkto savyb\u0117s<\/h3>\n<p>Svoris: 65 gramai<\/p>\n<p>Matmenys: 4 x 4,4 x 5,4 cm (telpa delne kaip kiau\u0161inis)<\/p>\n<p>Ne\u0161iojama oro pompa yra ma\u017eyt\u0117 ir itin lengva. Valdoma tik vienu mygtuku, pla\u010diai naudojama stovyklaujant, \u017eygiuose, papl\u016bdimyje ir pan. (Pastaba: nor\u0117damas \u012fjungti oro pomp\u0105, spustel\u0117k du kartus, o nor\u0117damas \u012fjungti LED ap\u0161vietim\u0105 \u2013 palaikyk nuspaud\u0119s mygtuk\u0105.)  <\/p>\n<p>Oro sl\u0117gis 4 kPa, o pompos na\u0161umas \u2013 180 litr\u0173 per minut\u0119.<br \/>\nVieno \u012fkrovimo pakanka prip\u016bsti 6\u20138 turistinius \u010diu\u017einius arba, pavyzd\u017eiui, plaukimo ratus.<\/p>\n<p><strong>NB! Naudingas patarimas<\/strong> \u2013 \u017eygiuose oro pompos funkcija taip pat naudojama lau\u017eui ar anglims \u012fdegti. Ta\u010diau mes to nerekomenduojame, nes pompa n\u0117ra skirta naudoti \u0161alia ugnies ir esant tokiai auk\u0161tai temperat\u016brai. <\/p>\n<p><img decoding=\"async\" class=\"alignnone size-medium wp-image-4619\" src=\"https:\/\/toidupakk.ee\/wp-content\/uploads\/2022\/12\/Akuga-madratsipump-matkal-kasutamiseks-300x177.jpg\" alt=\"\" width=\"300\" height=\"177\" srcset=\"https:\/\/toidupakk.ee\/wp-content\/uploads\/2022\/12\/Akuga-madratsipump-matkal-kasutamiseks-300x177.jpg 300w, https:\/\/toidupakk.ee\/wp-content\/uploads\/2022\/12\/Akuga-madratsipump-matkal-kasutamiseks.jpg 500w\" sizes=\"(max-width: 300px) 100vw, 300px\" \/><\/p>\n<h2>Pripu\u010diam\u0173 \u010diu\u017eini\u0173 pompa ir LED \u017eibintas<\/h2>\n<p>Pompos apa\u010dioje yra stovyklavimo \u017eibintas, skleid\u017eiantis 4500 K temperat\u016bros balt\u0105 \u0161vies\u0105. 8 LED elementai pakankamai ap\u0161vies net ir did\u017eiausi\u0105 palapin\u0119. \u017dibintas turi 3 ry\u0161kumo lygius skirtingiems poreikiams: didel\u012f (400 liumen\u0173), vidutin\u012f (160 liumen\u0173) ir ma\u017e\u0105 (40 liumen\u0173).  <\/p>\n<p>1300 mAh \u012fkraunama li\u010dio baterija. Greita USB-C jungtis leid\u017eia \u012fkrauti pomp\u0105, pavyzd\u017eiui, i\u0161 i\u0161orin\u0117s baterijos, automobilinio \u012fkroviklio, ne\u0161iojamojo kompiuterio ar \u012fprasto sieninio \u012fkroviklio.<\/p>\n<p>\u012ekrovimo indikatoriai: \u017ealia \u0161viesa rei\u0161kia, kad baterija visi\u0161kai \u012fkrauta, raudona \u2013 kad vis dar kraunasi.<\/p>\n<p><img loading=\"lazy\" decoding=\"async\" class=\"alignnone wp-image-24893 size-full\" src=\"https:\/\/toidupakk.ee\/wp-content\/uploads\/2022\/12\/Ohkmadratsi-pump-akuga-flextail-tiny-pump-2.jpg\" alt=\"pripu\u010diam\u0173 \u010diu\u017eini\u0173 pompa su LED ap\u0161vietimu\" width=\"1335\" height=\"500\" srcset=\"https:\/\/toidupakk.ee\/wp-content\/uploads\/2022\/12\/Ohkmadratsi-pump-akuga-flextail-tiny-pump-2.jpg 1335w, https:\/\/toidupakk.ee\/wp-content\/uploads\/2022\/12\/Ohkmadratsi-pump-akuga-flextail-tiny-pump-2-800x300.jpg 800w, https:\/\/toidupakk.ee\/wp-content\/uploads\/2022\/12\/Ohkmadratsi-pump-akuga-flextail-tiny-pump-2-300x112.jpg 300w, https:\/\/toidupakk.ee\/wp-content\/uploads\/2022\/12\/Ohkmadratsi-pump-akuga-flextail-tiny-pump-2-1024x384.jpg 1024w, https:\/\/toidupakk.ee\/wp-content\/uploads\/2022\/12\/Ohkmadratsi-pump-akuga-flextail-tiny-pump-2-768x288.jpg 768w\" sizes=\"(max-width: 1335px) 100vw, 1335px\" \/><\/p>\n<h2>5 skirtingi antgaliai \u012fvairiapusiam naudojimui<\/h2>\n<p>Komplekte yra 5 skirtingi antgaliai. Ma\u017ea oro pompa tinka p\u016bsti daugum\u0105 tiek ma\u017e\u0173, tiek dideli\u0173 pripu\u010diam\u0173 gamini\u0173. Antgaliai pagaminti i\u0161 tvirtos ABS med\u017eiagos ir pasi\u017eymi puikia sandarinimo technologija.  <\/p>\n<p>LED \u017eibintas \u0161vie\u010dia iki 10 val.<\/p>\n<h2>\u010ciu\u017eini\u0173 pompa kaip vakuumin\u0117 pompa<\/h2>\n<p>Special\u016bs vakuuminiai mai\u0161ai padeda sutaupyti vietos tavo spintose, saugo drabu\u017eius nuo dr\u0117gm\u0117s, nemaloni\u0173 kvap\u0173, pel\u0117sio ir vabzd\u017ei\u0173. Naudok juos, pavyzd\u017eiui, ramesniuose \u017eygiuose, kai imi pagalves ar antklodes. Vakuuminiai mai\u0161ai leid\u017eia sutaupyti 80 % t\u016brio.   <a href=\"https:\/\/toidupakk.ee\/toode\/vaakumkotid\/\"><strong>Pompai tinkamus vakuuminius mai\u0161us rasi \u010dia.<\/strong><\/a><\/p>\n<p><img loading=\"lazy\" decoding=\"async\" class=\"alignnone size-medium wp-image-4618\" src=\"https:\/\/toidupakk.ee\/wp-content\/uploads\/2022\/12\/Akuga-madratsipump-vaakumfunktsioon-300x200.webp\" alt=\"Akumuliatorin\u0117 vakuumin\u0117 pompa\" width=\"300\" height=\"200\" srcset=\"https:\/\/toidupakk.ee\/wp-content\/uploads\/2022\/12\/Akuga-madratsipump-vaakumfunktsioon-300x200.webp 300w, https:\/\/toidupakk.ee\/wp-content\/uploads\/2022\/12\/Akuga-madratsipump-vaakumfunktsioon.webp 600w\" sizes=\"(max-width: 300px) 100vw, 300px\" \/><\/p>\n<p><img loading=\"lazy\" decoding=\"async\" class=\"alignnone size-full wp-image-24894\" src=\"https:\/\/toidupakk.ee\/wp-content\/uploads\/2022\/12\/Ohkmadratsi-pump-akuga-flextail-tiny-pump-3.jpg\" alt=\"\" width=\"1335\" height=\"500\" srcset=\"https:\/\/toidupakk.ee\/wp-content\/uploads\/2022\/12\/Ohkmadratsi-pump-akuga-flextail-tiny-pump-3.jpg 1335w, https:\/\/toidupakk.ee\/wp-content\/uploads\/2022\/12\/Ohkmadratsi-pump-akuga-flextail-tiny-pump-3-800x300.jpg 800w, https:\/\/toidupakk.ee\/wp-content\/uploads\/2022\/12\/Ohkmadratsi-pump-akuga-flextail-tiny-pump-3-300x112.jpg 300w, https:\/\/toidupakk.ee\/wp-content\/uploads\/2022\/12\/Ohkmadratsi-pump-akuga-flextail-tiny-pump-3-1024x384.jpg 1024w, https:\/\/toidupakk.ee\/wp-content\/uploads\/2022\/12\/Ohkmadratsi-pump-akuga-flextail-tiny-pump-3-768x288.jpg 768w\" sizes=\"(max-width: 1335px) 100vw, 1335px\" \/><\/p>\n<p>\u017dygi\u0173 pompa \/ LED \u017eibintas skirtas ne tik veiklai lauke, bet puikiai tinka ir buityje.<br \/>\nPompa taip pat veikia su vakuuminiais mai\u0161ais, kuriuose galima laikyti nesezoninius drabu\u017eius ar papildomas antklodes. \u012ejunk i\u0161traukimo funkcij\u0105 ir ji greitai i\u0161siurbs vis\u0105 nereikaling\u0105 or\u0105 i\u0161 vakuuminio mai\u0161o. <\/p>\n<p>Daugiau \u017eygio preki\u0173 rasi <a href=\"https:\/\/toidupakk.ee\/lt\/tootekategooria\/zygio-iranga\/#section-3-79\">\u010cIA<\/a><\/p>\n<p>Pasisemk \u012fkv\u0117pimo kitiems nuotykiams Toidupakk <a href=\"https:\/\/www.instagram.com\/toidupakk\/\">Instagram<\/a> ir <a href=\"https:\/\/www.facebook.com\/Toidupakk\/\">Facebook<\/a> paskyrose.<\/p>\n","protected":false},"excerpt":{"rendered":"<p><strong>Naujos kartos ne\u0161iojama ir \u012fkraunama \u010diu\u017eini\u0173 pompa, turinti LED \u017eibint\u0105 ir vakuumin\u0119 pomp\u0105 vakuuminiams mai\u0161ams.<\/strong><\/p>\n<ul>\n<li>Nebereikia ne\u0161iotis sunki\u0173 ir daug vietos u\u017eiman\u010di\u0173 senovini\u0173 \u010diu\u017eini\u0173 pomp\u0173.<\/li>\n<li>\u010ciu\u017einiai prisipu\u010dia <strong>vienu mygtuko paspaudimu<\/strong> ir greitai.<\/li>\n<li>Oras i\u0161 \u010diu\u017eini\u0173 i\u0161leid\u017eiamas vienu mygtuko paspaudimu ir greitai.<\/li>\n<li>Joki\u0173 laid\u0173 \u2013 akumuliatorin\u0117 \u010diu\u017eini\u0173 pompa yra naudingas pagalbininkas \u017eygyje.<\/li>\n<li>\u201eTrys viename\u201c. Itin ma\u017ea <strong>\u010diu\u017eini\u0173 pompa<\/strong>, <strong>vakuumin\u0117 pompa<\/strong> ir kartu galingas <strong>LED \u017eibintas<\/strong>. <\/li>\n<li>Itin kompakti\u0161ka, neu\u017eima vietos i\u0161orin\u0117je kuprin\u0117s ki\u0161en\u0117je, <strong>puikiai telpa delne<\/strong> ir yra kiau\u0161inio dyd\u017eio.<\/li>\n<li>Itin lengva \u2013 patogu keliaujantiems su kuprine, <strong>sveria tik 65 g<\/strong>.<\/li>\n<li>180 l\/min oro srautas iki 20 min.<\/li>\n<li>800 mAh baterija<\/li>\n<li>Idealiai tinka naudoti su <a href=\"https:\/\/toidupakk.ee\/toode\/vaakumkotid\/\">vakuuminiais mai\u0161ais<\/a> \u2013 laikyk nesezoninius drabu\u017eius taupydamas viet\u0105.<\/li>\n<\/ul>\n<p>\u2705 Juodos spalvos pompas turime sand\u0117lyje, greitas pristatymas per 1\u20133 darbo dienas! Oran\u017ein\u0117s ir baltos \u2013 pagal i\u0161ankstin\u012f u\u017esakym\u0105, bus lapkri\u010dio pabaigoje. <\/p>\n","protected":false},"featured_media":24622,"comment_status":"open","ping_status":"closed","template":"","meta":{"_acf_changed":false},"product_brand":[],"product_cat":[217,200,216,189,190],"product_tag":[],"class_list":{"0":"post-47726","1":"product","2":"type-product","3":"status-publish","4":"has-post-thumbnail","6":"product_cat-nakvyne-gamtoje","7":"product_cat-praktiskos-dovanu-idejos","8":"product_cat-pripuciami-kilimeliai-turistiniai-kilimeliai","9":"product_cat-zygio-iranga","10":"product_cat-zygio-prekes","12":"first","13":"instock","14":"sale","15":"taxable","16":"shipping-taxable","17":"purchasable","18":"product-type-variable","19":"has-default-attributes"},"bundled_by":[],"bundle_stock_status":"instock","bundle_stock_quantity":null,"bundle_virtual":false,"bundle_layout":"","bundle_add_to_cart_form_location":"","bundle_editable_in_cart":false,"bundle_sold_individually_context":"","bundle_item_grouping":"","bundle_min_size":"","bundle_max_size":"","bundle_price":[],"bundled_items":[],"bundle_sell_ids":[],"acf":[],"yoast_head":"<!-- This site is optimized with the Yoast SEO plugin v27.3 - https:\/\/yoast.com\/product\/yoast-seo-wordpress\/ -->\n<title>Akumuliatorin\u0117 pripu\u010diam\u0173 \u010diu\u017eini\u0173 pompa FLEXTAIL<\/title>\n<meta name=\"description\" content=\"Akumuliatorin\u0117 pripu\u010diam\u0173 \u010diu\u017eini\u0173 pompa \u201etrys viename\u201c. Delne telpanti oro pompa, vakuumin\u0117 pompa ir LED \u017eibintas. P\u016bsk turistin\u012f \u010diu\u017ein\u012f arba ap\u0161viesk palapin\u0119 iki 10 val.\" \/>\n<meta name=\"robots\" content=\"index, follow, max-snippet:-1, max-image-preview:large, max-video-preview:-1\" \/>\n<link rel=\"canonical\" href=\"https:\/\/toidupakk.ee\/lt\/toode\/akumuliatorine-pripuciamu-ciuziniu-pompa\/\" \/>\n<meta property=\"og:locale\" content=\"lt_LT\" \/>\n<meta property=\"og:type\" content=\"article\" \/>\n<meta property=\"og:title\" content=\"Akumuliatorin\u0117 pripu\u010diam\u0173 \u010diu\u017eini\u0173 pompa FLEXTAIL\" \/>\n<meta property=\"og:description\" content=\"Akumuliatorin\u0117 pripu\u010diam\u0173 \u010diu\u017eini\u0173 pompa \u201etrys viename\u201c. Delne telpanti oro pompa, vakuumin\u0117 pompa ir LED \u017eibintas. P\u016bsk turistin\u012f \u010diu\u017ein\u012f arba ap\u0161viesk palapin\u0119 iki 10 val.\" \/>\n<meta property=\"og:url\" content=\"https:\/\/toidupakk.ee\/lt\/toode\/akumuliatorine-pripuciamu-ciuziniu-pompa\/\" \/>\n<meta property=\"og:site_name\" content=\"Toidupakk.ee - Tactical Foodpack toidupakid\" \/>\n<meta property=\"article:publisher\" content=\"https:\/\/www.facebook.com\/Toidupakk\" \/>\n<meta property=\"article:modified_time\" content=\"2026-04-29T13:32:05+00:00\" \/>\n<meta property=\"og:image\" content=\"https:\/\/toidupakk.ee\/wp-content\/uploads\/2024\/07\/Ohkmadratsi-pump-akuga-1.png\" \/>\n\t<meta property=\"og:image:width\" content=\"800\" \/>\n\t<meta property=\"og:image:height\" content=\"800\" \/>\n\t<meta property=\"og:image:type\" content=\"image\/png\" \/>\n<meta name=\"twitter:card\" content=\"summary_large_image\" \/>\n<meta name=\"twitter:label1\" content=\"Est. reading time\" \/>\n\t<meta name=\"twitter:data1\" content=\"2 minut\u0117s\" \/>\n<script type=\"application\/ld+json\" class=\"yoast-schema-graph\">{\"@context\":\"https:\\\/\\\/schema.org\",\"@graph\":[{\"@type\":\"WebPage\",\"@id\":\"https:\\\/\\\/toidupakk.ee\\\/lt\\\/toode\\\/akumuliatorine-pripuciamu-ciuziniu-pompa\\\/\",\"url\":\"https:\\\/\\\/toidupakk.ee\\\/lt\\\/toode\\\/akumuliatorine-pripuciamu-ciuziniu-pompa\\\/\",\"name\":\"Akumuliatorin\u0117 pripu\u010diam\u0173 \u010diu\u017eini\u0173 pompa FLEXTAIL\",\"isPartOf\":{\"@id\":\"https:\\\/\\\/toidupakk.ee\\\/lt\\\/#website\"},\"primaryImageOfPage\":{\"@id\":\"https:\\\/\\\/toidupakk.ee\\\/lt\\\/toode\\\/akumuliatorine-pripuciamu-ciuziniu-pompa\\\/#primaryimage\"},\"image\":{\"@id\":\"https:\\\/\\\/toidupakk.ee\\\/lt\\\/toode\\\/akumuliatorine-pripuciamu-ciuziniu-pompa\\\/#primaryimage\"},\"thumbnailUrl\":\"https:\\\/\\\/toidupakk.ee\\\/wp-content\\\/uploads\\\/2024\\\/07\\\/Ohkmadratsi-pump-akuga-1.png\",\"datePublished\":\"2022-12-07T12:37:04+00:00\",\"dateModified\":\"2026-04-29T13:32:05+00:00\",\"description\":\"Akumuliatorin\u0117 pripu\u010diam\u0173 \u010diu\u017eini\u0173 pompa \u201etrys viename\u201c. Delne telpanti oro pompa, vakuumin\u0117 pompa ir LED \u017eibintas. P\u016bsk turistin\u012f \u010diu\u017ein\u012f arba ap\u0161viesk palapin\u0119 iki 10 val.\",\"breadcrumb\":{\"@id\":\"https:\\\/\\\/toidupakk.ee\\\/lt\\\/toode\\\/akumuliatorine-pripuciamu-ciuziniu-pompa\\\/#breadcrumb\"},\"inLanguage\":\"lt-LT\",\"potentialAction\":[{\"@type\":\"ReadAction\",\"target\":[\"https:\\\/\\\/toidupakk.ee\\\/lt\\\/toode\\\/akumuliatorine-pripuciamu-ciuziniu-pompa\\\/\"]}]},{\"@type\":\"ImageObject\",\"inLanguage\":\"lt-LT\",\"@id\":\"https:\\\/\\\/toidupakk.ee\\\/lt\\\/toode\\\/akumuliatorine-pripuciamu-ciuziniu-pompa\\\/#primaryimage\",\"url\":\"https:\\\/\\\/toidupakk.ee\\\/wp-content\\\/uploads\\\/2024\\\/07\\\/Ohkmadratsi-pump-akuga-1.png\",\"contentUrl\":\"https:\\\/\\\/toidupakk.ee\\\/wp-content\\\/uploads\\\/2024\\\/07\\\/Ohkmadratsi-pump-akuga-1.png\",\"width\":800,\"height\":800},{\"@type\":\"BreadcrumbList\",\"@id\":\"https:\\\/\\\/toidupakk.ee\\\/lt\\\/toode\\\/akumuliatorine-pripuciamu-ciuziniu-pompa\\\/#breadcrumb\",\"itemListElement\":[{\"@type\":\"ListItem\",\"position\":1,\"name\":\"Avaleht\",\"item\":\"https:\\\/\\\/toidupakk.ee\\\/lt\\\/\"},{\"@type\":\"ListItem\",\"position\":2,\"name\":\"El. parduotuv\u0117\",\"item\":\"https:\\\/\\\/toidupakk.ee\\\/lt\\\/el-parduotuve\\\/\"},{\"@type\":\"ListItem\",\"position\":3,\"name\":\"Akumuliatorin\u0117 pripu\u010diam\u0173 \u010diu\u017eini\u0173 pompa\"}]},{\"@type\":\"WebSite\",\"@id\":\"https:\\\/\\\/toidupakk.ee\\\/lt\\\/#website\",\"url\":\"https:\\\/\\\/toidupakk.ee\\\/lt\\\/\",\"name\":\"Toidupakk.ee - Tactical Foodpack toidupakid\",\"description\":\"Tactical Foodpack k\u00fclmkuivatatud toidupakid ja matkaeined\",\"publisher\":{\"@id\":\"https:\\\/\\\/toidupakk.ee\\\/lt\\\/#organization\"},\"potentialAction\":[{\"@type\":\"SearchAction\",\"target\":{\"@type\":\"EntryPoint\",\"urlTemplate\":\"https:\\\/\\\/toidupakk.ee\\\/lt\\\/?s={search_term_string}\"},\"query-input\":{\"@type\":\"PropertyValueSpecification\",\"valueRequired\":true,\"valueName\":\"search_term_string\"}}],\"inLanguage\":\"lt-LT\"},{\"@type\":\"Organization\",\"@id\":\"https:\\\/\\\/toidupakk.ee\\\/lt\\\/#organization\",\"name\":\"Tactical Foodpack matkaeined\",\"url\":\"https:\\\/\\\/toidupakk.ee\\\/lt\\\/\",\"logo\":{\"@type\":\"ImageObject\",\"inLanguage\":\"lt-LT\",\"@id\":\"https:\\\/\\\/toidupakk.ee\\\/lt\\\/#\\\/schema\\\/logo\\\/image\\\/\",\"url\":\"https:\\\/\\\/toidupakk.ee\\\/wp-content\\\/uploads\\\/2022\\\/01\\\/Toidupakk-matkapood-logo-transparent.png\",\"contentUrl\":\"https:\\\/\\\/toidupakk.ee\\\/wp-content\\\/uploads\\\/2022\\\/01\\\/Toidupakk-matkapood-logo-transparent.png\",\"width\":500,\"height\":500,\"caption\":\"Tactical Foodpack matkaeined\"},\"image\":{\"@id\":\"https:\\\/\\\/toidupakk.ee\\\/lt\\\/#\\\/schema\\\/logo\\\/image\\\/\"},\"sameAs\":[\"https:\\\/\\\/www.facebook.com\\\/Toidupakk\",\"https:\\\/\\\/www.instagram.com\\\/toidupakk\\\/\"]}]}<\/script>\n<!-- \/ Yoast SEO plugin. -->","yoast_head_json":{"title":"Akumuliatorin\u0117 pripu\u010diam\u0173 \u010diu\u017eini\u0173 pompa FLEXTAIL","description":"Akumuliatorin\u0117 pripu\u010diam\u0173 \u010diu\u017eini\u0173 pompa \u201etrys viename\u201c. Delne telpanti oro pompa, vakuumin\u0117 pompa ir LED \u017eibintas. P\u016bsk turistin\u012f \u010diu\u017ein\u012f arba ap\u0161viesk palapin\u0119 iki 10 val.","robots":{"index":"index","follow":"follow","max-snippet":"max-snippet:-1","max-image-preview":"max-image-preview:large","max-video-preview":"max-video-preview:-1"},"canonical":"https:\/\/toidupakk.ee\/lt\/toode\/akumuliatorine-pripuciamu-ciuziniu-pompa\/","og_locale":"lt_LT","og_type":"article","og_title":"Akumuliatorin\u0117 pripu\u010diam\u0173 \u010diu\u017eini\u0173 pompa FLEXTAIL","og_description":"Akumuliatorin\u0117 pripu\u010diam\u0173 \u010diu\u017eini\u0173 pompa \u201etrys viename\u201c. Delne telpanti oro pompa, vakuumin\u0117 pompa ir LED \u017eibintas. P\u016bsk turistin\u012f \u010diu\u017ein\u012f arba ap\u0161viesk palapin\u0119 iki 10 val.","og_url":"https:\/\/toidupakk.ee\/lt\/toode\/akumuliatorine-pripuciamu-ciuziniu-pompa\/","og_site_name":"Toidupakk.ee - Tactical Foodpack toidupakid","article_publisher":"https:\/\/www.facebook.com\/Toidupakk","article_modified_time":"2026-04-29T13:32:05+00:00","og_image":[{"width":800,"height":800,"url":"https:\/\/toidupakk.ee\/wp-content\/uploads\/2024\/07\/Ohkmadratsi-pump-akuga-1.png","type":"image\/png"}],"twitter_card":"summary_large_image","twitter_misc":{"Est. reading time":"2 minut\u0117s"},"schema":{"@context":"https:\/\/schema.org","@graph":[{"@type":"WebPage","@id":"https:\/\/toidupakk.ee\/lt\/toode\/akumuliatorine-pripuciamu-ciuziniu-pompa\/","url":"https:\/\/toidupakk.ee\/lt\/toode\/akumuliatorine-pripuciamu-ciuziniu-pompa\/","name":"Akumuliatorin\u0117 pripu\u010diam\u0173 \u010diu\u017eini\u0173 pompa FLEXTAIL","isPartOf":{"@id":"https:\/\/toidupakk.ee\/lt\/#website"},"primaryImageOfPage":{"@id":"https:\/\/toidupakk.ee\/lt\/toode\/akumuliatorine-pripuciamu-ciuziniu-pompa\/#primaryimage"},"image":{"@id":"https:\/\/toidupakk.ee\/lt\/toode\/akumuliatorine-pripuciamu-ciuziniu-pompa\/#primaryimage"},"thumbnailUrl":"https:\/\/toidupakk.ee\/wp-content\/uploads\/2024\/07\/Ohkmadratsi-pump-akuga-1.png","datePublished":"2022-12-07T12:37:04+00:00","dateModified":"2026-04-29T13:32:05+00:00","description":"Akumuliatorin\u0117 pripu\u010diam\u0173 \u010diu\u017eini\u0173 pompa \u201etrys viename\u201c. Delne telpanti oro pompa, vakuumin\u0117 pompa ir LED \u017eibintas. P\u016bsk turistin\u012f \u010diu\u017ein\u012f arba ap\u0161viesk palapin\u0119 iki 10 val.","breadcrumb":{"@id":"https:\/\/toidupakk.ee\/lt\/toode\/akumuliatorine-pripuciamu-ciuziniu-pompa\/#breadcrumb"},"inLanguage":"lt-LT","potentialAction":[{"@type":"ReadAction","target":["https:\/\/toidupakk.ee\/lt\/toode\/akumuliatorine-pripuciamu-ciuziniu-pompa\/"]}]},{"@type":"ImageObject","inLanguage":"lt-LT","@id":"https:\/\/toidupakk.ee\/lt\/toode\/akumuliatorine-pripuciamu-ciuziniu-pompa\/#primaryimage","url":"https:\/\/toidupakk.ee\/wp-content\/uploads\/2024\/07\/Ohkmadratsi-pump-akuga-1.png","contentUrl":"https:\/\/toidupakk.ee\/wp-content\/uploads\/2024\/07\/Ohkmadratsi-pump-akuga-1.png","width":800,"height":800},{"@type":"BreadcrumbList","@id":"https:\/\/toidupakk.ee\/lt\/toode\/akumuliatorine-pripuciamu-ciuziniu-pompa\/#breadcrumb","itemListElement":[{"@type":"ListItem","position":1,"name":"Avaleht","item":"https:\/\/toidupakk.ee\/lt\/"},{"@type":"ListItem","position":2,"name":"El. parduotuv\u0117","item":"https:\/\/toidupakk.ee\/lt\/el-parduotuve\/"},{"@type":"ListItem","position":3,"name":"Akumuliatorin\u0117 pripu\u010diam\u0173 \u010diu\u017eini\u0173 pompa"}]},{"@type":"WebSite","@id":"https:\/\/toidupakk.ee\/lt\/#website","url":"https:\/\/toidupakk.ee\/lt\/","name":"Toidupakk.ee - Tactical Foodpack toidupakid","description":"Tactical Foodpack k\u00fclmkuivatatud toidupakid ja matkaeined","publisher":{"@id":"https:\/\/toidupakk.ee\/lt\/#organization"},"potentialAction":[{"@type":"SearchAction","target":{"@type":"EntryPoint","urlTemplate":"https:\/\/toidupakk.ee\/lt\/?s={search_term_string}"},"query-input":{"@type":"PropertyValueSpecification","valueRequired":true,"valueName":"search_term_string"}}],"inLanguage":"lt-LT"},{"@type":"Organization","@id":"https:\/\/toidupakk.ee\/lt\/#organization","name":"Tactical Foodpack matkaeined","url":"https:\/\/toidupakk.ee\/lt\/","logo":{"@type":"ImageObject","inLanguage":"lt-LT","@id":"https:\/\/toidupakk.ee\/lt\/#\/schema\/logo\/image\/","url":"https:\/\/toidupakk.ee\/wp-content\/uploads\/2022\/01\/Toidupakk-matkapood-logo-transparent.png","contentUrl":"https:\/\/toidupakk.ee\/wp-content\/uploads\/2022\/01\/Toidupakk-matkapood-logo-transparent.png","width":500,"height":500,"caption":"Tactical Foodpack matkaeined"},"image":{"@id":"https:\/\/toidupakk.ee\/lt\/#\/schema\/logo\/image\/"},"sameAs":["https:\/\/www.facebook.com\/Toidupakk","https:\/\/www.instagram.com\/toidupakk\/"]}]}},"jetpack_sharing_enabled":true,"_links":{"self":[{"href":"https:\/\/toidupakk.ee\/lt\/wp-json\/wp\/v2\/product\/47726","targetHints":{"allow":["GET"]}}],"collection":[{"href":"https:\/\/toidupakk.ee\/lt\/wp-json\/wp\/v2\/product"}],"about":[{"href":"https:\/\/toidupakk.ee\/lt\/wp-json\/wp\/v2\/types\/product"}],"replies":[{"embeddable":true,"href":"https:\/\/toidupakk.ee\/lt\/wp-json\/wp\/v2\/comments?post=47726"}],"wp:featuredmedia":[{"embeddable":true,"href":"https:\/\/toidupakk.ee\/lt\/wp-json\/wp\/v2\/media\/24622"}],"wp:attachment":[{"href":"https:\/\/toidupakk.ee\/lt\/wp-json\/wp\/v2\/media?parent=47726"}],"wp:term":[{"taxonomy":"product_brand","embeddable":true,"href":"https:\/\/toidupakk.ee\/lt\/wp-json\/wp\/v2\/product_brand?post=47726"},{"taxonomy":"product_cat","embeddable":true,"href":"https:\/\/toidupakk.ee\/lt\/wp-json\/wp\/v2\/product_cat?post=47726"},{"taxonomy":"product_tag","embeddable":true,"href":"https:\/\/toidupakk.ee\/lt\/wp-json\/wp\/v2\/product_tag?post=47726"}],"curies":[{"name":"wp","href":"https:\/\/api.w.org\/{rel}","templated":true}]}}