{"id":47725,"date":"2023-01-17T11:31:43","date_gmt":"2023-01-17T09:31:43","guid":{"rendered":"https:\/\/toidupakk.ee\/toode\/ikraunamas-led-galvos-zibintas-recharge-gc220\/"},"modified":"2026-04-15T00:30:44","modified_gmt":"2026-04-14T21:30:44","slug":"ikraunamas-led-galvos-zibintas-recharge-gc220","status":"publish","type":"product","link":"https:\/\/toidupakk.ee\/lt\/toode\/ikraunamas-led-galvos-zibintas-recharge-gc220\/","title":{"rendered":"\u012ekraunamas LED galvos \u017eibintas Recharge GC220"},"content":{"rendered":"<h1 style=\"font-size: 32px;\">\u012ekraunamas LED galvos \u017eibintas \u2013 naudingas pagalbininkas esant prastam ap\u0161vietimui<\/h1>\n<p>Kompakti\u0161kas, galingas ir \u012fkraunamas LED galvos \u017eibintas. \u017dibintas suteikia laisv\u0119 atlikti reikiamus darbus neu\u017eimant rank\u0173. D\u0117l elastingos juostos \u017eibint\u0105 galima naudoti ant galvos, d\u0117v\u0117ti ant \u0161almo arba pastatyti ant stalo.  <\/p>\n<p>&nbsp;<\/p>\n<h2>LED galvos \u017eibintas turi \u0161e\u0161is \u0161viesos re\u017eimus:<\/h2>\n<p>Matymui didesniu atstumu tinka intensyvus re\u017eimas su fokusuota \u0161viesa, kuri taip pat yra labai a\u0161tri. \u0160is re\u017eimas siekia 220 liumen\u0173, o \u017eibinto veikimo laikas tokiu atveju yra 4 valandos. <\/p>\n<p>Jud\u0117jimui ir darbui idealiai tinka vidutinis re\u017eimas, leid\u017eiantis naudotojui patogiai jud\u0117ti ir dirbti. Vidutiniu re\u017eimu pasiekiama 70 liumen\u0173, o veikimo laikas yra 8 valandos. <\/p>\n<p>Darbams i\u0161 arti tinka itin silpnas arba silpnas re\u017eimas: itin silpnas re\u017eimas yra 10 liumen\u0173, veikimo laikas \u2013 25 valandos; silpnas re\u017eimas yra 20 liumen\u0173, veikimo laikas \u2013 12 valand\u0173.<\/p>\n<p>Be to, \u012fkraunamas LED galvos \u017eibintas turi raudon\u0105 \u0161vies\u0105 ir raudon\u0105 mirksint\u012f re\u017eim\u0105. Raudona \u0161viesa yra ma\u017eo intensyvumo. Gamtoje esantys gyv\u016bnai nebijo raudonos \u0161viesos, tod\u0117l \u017eibintas idealiai tinka \u017eygiams, \u017evejybai, kempingui ir vaik\u0161\u010diojimui mi\u0161ke.  <\/p>\n<p>\u017dibintas taip pat turi rankos judesio jutiklio re\u017eim\u0105, leid\u017eiant\u012f \u012fjungti ir i\u0161jungti \u0161vies\u0105 rankos mostu.<\/p>\n<h2><img fetchpriority=\"high\" decoding=\"async\" class=\"alignnone size-medium wp-image-5374\" src=\"https:\/\/toidupakk.ee\/wp-content\/uploads\/2023\/01\/laetav-akuga-LED-pealamp-2-300x300.png\" alt=\"Galvos \u017eibintas su \u012fkrovimo laidu\" width=\"300\" height=\"300\" srcset=\"https:\/\/toidupakk.ee\/wp-content\/uploads\/2023\/01\/laetav-akuga-LED-pealamp-2-300x300.png 300w, https:\/\/toidupakk.ee\/wp-content\/uploads\/2023\/01\/laetav-akuga-LED-pealamp-2-400x400.png 400w, https:\/\/toidupakk.ee\/wp-content\/uploads\/2023\/01\/laetav-akuga-LED-pealamp-2-100x100.png 100w, https:\/\/toidupakk.ee\/wp-content\/uploads\/2023\/01\/laetav-akuga-LED-pealamp-2-800x800.png 800w, https:\/\/toidupakk.ee\/wp-content\/uploads\/2023\/01\/laetav-akuga-LED-pealamp-2-1024x1024.png 1024w, https:\/\/toidupakk.ee\/wp-content\/uploads\/2023\/01\/laetav-akuga-LED-pealamp-2-500x500.png 500w, https:\/\/toidupakk.ee\/wp-content\/uploads\/2023\/01\/laetav-akuga-LED-pealamp-2-768x768.png 768w, https:\/\/toidupakk.ee\/wp-content\/uploads\/2023\/01\/laetav-akuga-LED-pealamp-2.png 1080w\" sizes=\"(max-width: 300px) 100vw, 300px\" \/><\/h2>\n<h2>\u012ekraunamas LED galvos \u017eibintas \u2013 darbo re\u017eimai:<\/h2>\n<p>&nbsp;<\/p>\n<p>\ud83d\udca5<strong>Stiprios \u0161viesos re\u017eimas:<\/strong><\/p>\n<p>\u0160viesos srautas: 220 liumen\u0173<\/p>\n<p>\u0160vietimo laikas: 4 valandos<\/p>\n<p>&nbsp;<\/p>\n<p>\ud83d\udca5<strong>Vidutin\u0117s \u0161viesos re\u017eimas:<\/strong><\/p>\n<p>\u0160viesos srautas: 70 liumen\u0173<\/p>\n<p>\u0160vietimo laikas: 8 valandos<\/p>\n<p>&nbsp;<\/p>\n<p>\ud83d\udca5<strong>Energijos taupymo re\u017eimas:<\/strong><\/p>\n<p>\u0160viesos srautas: 20 liumen\u0173<\/p>\n<p>\u0160vietimo laikas: 12 valand\u0173<\/p>\n<p>&nbsp;<\/p>\n<p>\ud83d\udca5<strong>Maksimalaus energijos taupymo re\u017eimas:<\/strong><\/p>\n<p>\u0160viesos srautas: 10 liumen\u0173<\/p>\n<p>\u0160vietimo laikas: 25 valandos<\/p>\n<p>&nbsp;<\/p>\n<p>\ud83d\udca5\u017dibinto tipas: LED<\/p>\n<p>Akumuliatorius: 3,7 V li\u010dio akumuliatorius<\/p>\n<p>Akumuliatoriaus talpa: 650 mAh<\/p>\n<p>Matmenys: 34,8 x 39 x 63,5 mm<\/p>\n<p>Svoris: 45,8 g<\/p>\n<p>&nbsp;<\/p>\n<p>Galvos \u017eibintas naudoja LED technologij\u0105, kuri u\u017etikrina, kad \u0161viesos intensyvumas b\u0117gant metams nema\u017e\u0117t\u0173.<\/p>\n<p>Be to, \u017eibinto pasvirimo kamp\u0105 galima keisti 45\u00b0 kampu pagal poreik\u012f.<\/p>\n<p>\u012ekraunamas LED galvos \u017eibintas turi li\u010dio akumuliatori\u0173, o d\u0117l galimyb\u0117s \u012fkrauti jis yra draugi\u0161kesnis aplinkai. Akumuliatoriaus tarnavimo laikas yra 1000 \u012fkrovimo cikl\u0173. Apatin\u0117je \u017eibinto dalyje yra akumuliatoriaus b\u016bsenos indikatorius, rodantis, ar \u017eibint\u0105 reikia \u012fkrauti.  <\/p>\n<p>Reguliuojam\u0105 ir elasting\u0105 galvos juost\u0105 lengva nuimti nuo \u017eibinto, kai j\u0105 reikia i\u0161skalbti.<\/p>\n<p>Kartu su \u017eibintu pridedamas USB-C laidas (be maitinimo bloko).<\/p>\n<p>&nbsp;<\/p>\n<p>Pasisemk \u012fkv\u0117pimo kitiems nuotykiams Toidupakk <a href=\"https:\/\/www.instagram.com\/toidupakk\/\">Instagram<\/a> ir <a href=\"https:\/\/www.facebook.com\/Toidupakk\/\">Facebook<\/a> paskyrose.<\/p>\n<p>\u017dygio reikmenis ap\u017ei\u016br\u0117k <a href=\"https:\/\/toidupakk.ee\/lt\/tootekategooria\/zygio-iranga\/#section-3-79\">\u010cIA<\/a>.<\/p>\n","protected":false},"excerpt":{"rendered":"<p>Galingas LED galvos \u017eibintas, skirtas naudoti i\u0161tisus metus. 220 Lm \u0161viesos srautas yra gerokai stipresnis u\u017e vidutin\u012f galvos \u017eibint\u0105. Tinkamas naudoti kasdien arba pratybose, kur reikalinga raudona \u0161viesa.  <\/p>\n<ul>\n<li>Galingas <strong>LED<\/strong> galvos \u017eibintas, \u0161viesos srautas \u2013 <strong>220 liumen\u0173<\/strong><\/li>\n<li>Akumuliatorius: <strong>3,7 V li\u010dio akumuliatorius (650 mAh)<\/strong><\/li>\n<li><strong>judesio jutiklio re\u017eimas<\/strong> (\u012fjungimas \/ i\u0161jungimas rankos mostu)<\/li>\n<li>\u017dibinto <strong>\u0161vietimo laikas iki 25 val.<\/strong> (taupymo re\u017eimu); iki 4 val. maksimalaus ry\u0161kumo re\u017eimu<\/li>\n<li><strong>6 \u0161viesos re\u017eimai<\/strong> (itin silpnas, silpnas, vidutinis, stiprus, raudonas, raudonas mirksintis)<\/li>\n<li>\u017dibinto svoris \u2013 <strong>itin lengvas, 45,8 g<\/strong><\/li>\n<li>\u017dibinto matmenys \u2013 34,8 x 39 x 63,5 mm<\/li>\n<li>su reguliuojamu, elastingu galvos tvirtinimu<\/li>\n<li>reguliuojamas \u017eibinto pasvirimo kampas<\/li>\n<li>akumuliatoriaus b\u016bsenos indikatorius<\/li>\n<li>komplekte yra <strong>USB-C laidas<\/strong><\/li>\n<\/ul>\n<p>\u2705 Turime sand\u0117lyje, greitas pristatymas per 1\u20133 darbo dienas<\/p>\n","protected":false},"featured_media":5377,"comment_status":"open","ping_status":"closed","template":"","meta":{"_acf_changed":false},"product_brand":[],"product_cat":[241,193,210,208,189,190],"product_tag":[],"class_list":{"0":"post-47725","1":"product","2":"type-product","3":"status-publish","4":"has-post-thumbnail","6":"product_cat-galvos-zibintai","7":"product_cat-karine-ekipuote","8":"product_cat-mil-tec","9":"product_cat-sviesa","10":"product_cat-zygio-iranga","11":"product_cat-zygio-prekes","13":"first","14":"instock","15":"taxable","16":"shipping-taxable","17":"purchasable","18":"product-type-simple"},"bundled_by":[],"bundle_stock_status":"instock","bundle_stock_quantity":3,"bundle_virtual":false,"bundle_layout":"","bundle_add_to_cart_form_location":"","bundle_editable_in_cart":false,"bundle_sold_individually_context":"","bundle_item_grouping":"","bundle_min_size":"","bundle_max_size":"","bundle_price":[],"bundled_items":[],"bundle_sell_ids":[],"acf":[],"yoast_head":"<!-- This site is optimized with the Yoast SEO plugin v27.3 - https:\/\/yoast.com\/product\/yoast-seo-wordpress\/ -->\n<title>\u012ekraunamas LED galvos \u017eibintas Recharge GC220<\/title>\n<meta name=\"description\" content=\"\u012ekraunamas LED galvos \u017eibintas \u2013 kompakti\u0161kas ir galingas \u017eibintas, suteikiantis laisv\u0119 patogiai veikti net ir tamsoje. 220 liumen\u0173 ir papildoma raudona \u0161viesa.\" \/>\n<meta name=\"robots\" content=\"index, follow, max-snippet:-1, max-image-preview:large, max-video-preview:-1\" \/>\n<link rel=\"canonical\" href=\"https:\/\/toidupakk.ee\/lt\/toode\/ikraunamas-led-galvos-zibintas-recharge-gc220\/\" \/>\n<meta property=\"og:locale\" content=\"lt_LT\" \/>\n<meta property=\"og:type\" content=\"article\" \/>\n<meta property=\"og:title\" content=\"\u012ekraunamas LED galvos \u017eibintas Recharge GC220\" \/>\n<meta property=\"og:description\" content=\"\u012ekraunamas LED galvos \u017eibintas \u2013 kompakti\u0161kas ir galingas \u017eibintas, suteikiantis laisv\u0119 patogiai veikti net ir tamsoje. 220 liumen\u0173 ir papildoma raudona \u0161viesa.\" \/>\n<meta property=\"og:url\" content=\"https:\/\/toidupakk.ee\/lt\/toode\/ikraunamas-led-galvos-zibintas-recharge-gc220\/\" \/>\n<meta property=\"og:site_name\" content=\"Toidupakk.ee - Tactical Foodpack toidupakid\" \/>\n<meta property=\"article:publisher\" content=\"https:\/\/www.facebook.com\/Toidupakk\" \/>\n<meta property=\"article:modified_time\" content=\"2026-04-14T21:30:44+00:00\" \/>\n<meta property=\"og:image\" content=\"https:\/\/toidupakk.ee\/wp-content\/uploads\/2023\/01\/laetav-akuga-LED-pealamp.png\" \/>\n\t<meta property=\"og:image:width\" content=\"1080\" \/>\n\t<meta property=\"og:image:height\" content=\"1080\" \/>\n\t<meta property=\"og:image:type\" content=\"image\/png\" \/>\n<meta name=\"twitter:card\" content=\"summary_large_image\" \/>\n<meta name=\"twitter:label1\" content=\"Est. reading time\" \/>\n\t<meta name=\"twitter:data1\" content=\"2 minut\u0117s\" \/>\n<script type=\"application\/ld+json\" class=\"yoast-schema-graph\">{\"@context\":\"https:\\\/\\\/schema.org\",\"@graph\":[{\"@type\":\"WebPage\",\"@id\":\"https:\\\/\\\/toidupakk.ee\\\/lt\\\/toode\\\/ikraunamas-led-galvos-zibintas-recharge-gc220\\\/\",\"url\":\"https:\\\/\\\/toidupakk.ee\\\/lt\\\/toode\\\/ikraunamas-led-galvos-zibintas-recharge-gc220\\\/\",\"name\":\"\u012ekraunamas LED galvos \u017eibintas Recharge GC220\",\"isPartOf\":{\"@id\":\"https:\\\/\\\/toidupakk.ee\\\/lt\\\/#website\"},\"primaryImageOfPage\":{\"@id\":\"https:\\\/\\\/toidupakk.ee\\\/lt\\\/toode\\\/ikraunamas-led-galvos-zibintas-recharge-gc220\\\/#primaryimage\"},\"image\":{\"@id\":\"https:\\\/\\\/toidupakk.ee\\\/lt\\\/toode\\\/ikraunamas-led-galvos-zibintas-recharge-gc220\\\/#primaryimage\"},\"thumbnailUrl\":\"https:\\\/\\\/toidupakk.ee\\\/wp-content\\\/uploads\\\/2023\\\/01\\\/laetav-akuga-LED-pealamp.png\",\"datePublished\":\"2023-01-17T09:31:43+00:00\",\"dateModified\":\"2026-04-14T21:30:44+00:00\",\"description\":\"\u012ekraunamas LED galvos \u017eibintas \u2013 kompakti\u0161kas ir galingas \u017eibintas, suteikiantis laisv\u0119 patogiai veikti net ir tamsoje. 220 liumen\u0173 ir papildoma raudona \u0161viesa.\",\"breadcrumb\":{\"@id\":\"https:\\\/\\\/toidupakk.ee\\\/lt\\\/toode\\\/ikraunamas-led-galvos-zibintas-recharge-gc220\\\/#breadcrumb\"},\"inLanguage\":\"lt-LT\",\"potentialAction\":[{\"@type\":\"ReadAction\",\"target\":[\"https:\\\/\\\/toidupakk.ee\\\/lt\\\/toode\\\/ikraunamas-led-galvos-zibintas-recharge-gc220\\\/\"]}]},{\"@type\":\"ImageObject\",\"inLanguage\":\"lt-LT\",\"@id\":\"https:\\\/\\\/toidupakk.ee\\\/lt\\\/toode\\\/ikraunamas-led-galvos-zibintas-recharge-gc220\\\/#primaryimage\",\"url\":\"https:\\\/\\\/toidupakk.ee\\\/wp-content\\\/uploads\\\/2023\\\/01\\\/laetav-akuga-LED-pealamp.png\",\"contentUrl\":\"https:\\\/\\\/toidupakk.ee\\\/wp-content\\\/uploads\\\/2023\\\/01\\\/laetav-akuga-LED-pealamp.png\",\"width\":1080,\"height\":1080,\"caption\":\"Akuga LED pealamp\"},{\"@type\":\"BreadcrumbList\",\"@id\":\"https:\\\/\\\/toidupakk.ee\\\/lt\\\/toode\\\/ikraunamas-led-galvos-zibintas-recharge-gc220\\\/#breadcrumb\",\"itemListElement\":[{\"@type\":\"ListItem\",\"position\":1,\"name\":\"Avaleht\",\"item\":\"https:\\\/\\\/toidupakk.ee\\\/lt\\\/\"},{\"@type\":\"ListItem\",\"position\":2,\"name\":\"El. parduotuv\u0117\",\"item\":\"https:\\\/\\\/toidupakk.ee\\\/lt\\\/el-parduotuve\\\/\"},{\"@type\":\"ListItem\",\"position\":3,\"name\":\"\u012ekraunamas LED galvos \u017eibintas Recharge GC220\"}]},{\"@type\":\"WebSite\",\"@id\":\"https:\\\/\\\/toidupakk.ee\\\/lt\\\/#website\",\"url\":\"https:\\\/\\\/toidupakk.ee\\\/lt\\\/\",\"name\":\"Toidupakk.ee - Tactical Foodpack toidupakid\",\"description\":\"Tactical Foodpack k\u00fclmkuivatatud toidupakid ja matkaeined\",\"publisher\":{\"@id\":\"https:\\\/\\\/toidupakk.ee\\\/lt\\\/#organization\"},\"potentialAction\":[{\"@type\":\"SearchAction\",\"target\":{\"@type\":\"EntryPoint\",\"urlTemplate\":\"https:\\\/\\\/toidupakk.ee\\\/lt\\\/?s={search_term_string}\"},\"query-input\":{\"@type\":\"PropertyValueSpecification\",\"valueRequired\":true,\"valueName\":\"search_term_string\"}}],\"inLanguage\":\"lt-LT\"},{\"@type\":\"Organization\",\"@id\":\"https:\\\/\\\/toidupakk.ee\\\/lt\\\/#organization\",\"name\":\"Tactical Foodpack matkaeined\",\"url\":\"https:\\\/\\\/toidupakk.ee\\\/lt\\\/\",\"logo\":{\"@type\":\"ImageObject\",\"inLanguage\":\"lt-LT\",\"@id\":\"https:\\\/\\\/toidupakk.ee\\\/lt\\\/#\\\/schema\\\/logo\\\/image\\\/\",\"url\":\"https:\\\/\\\/toidupakk.ee\\\/wp-content\\\/uploads\\\/2022\\\/01\\\/Toidupakk-matkapood-logo-transparent.png\",\"contentUrl\":\"https:\\\/\\\/toidupakk.ee\\\/wp-content\\\/uploads\\\/2022\\\/01\\\/Toidupakk-matkapood-logo-transparent.png\",\"width\":500,\"height\":500,\"caption\":\"Tactical Foodpack matkaeined\"},\"image\":{\"@id\":\"https:\\\/\\\/toidupakk.ee\\\/lt\\\/#\\\/schema\\\/logo\\\/image\\\/\"},\"sameAs\":[\"https:\\\/\\\/www.facebook.com\\\/Toidupakk\",\"https:\\\/\\\/www.instagram.com\\\/toidupakk\\\/\"]}]}<\/script>\n<!-- \/ Yoast SEO plugin. -->","yoast_head_json":{"title":"\u012ekraunamas LED galvos \u017eibintas Recharge GC220","description":"\u012ekraunamas LED galvos \u017eibintas \u2013 kompakti\u0161kas ir galingas \u017eibintas, suteikiantis laisv\u0119 patogiai veikti net ir tamsoje. 220 liumen\u0173 ir papildoma raudona \u0161viesa.","robots":{"index":"index","follow":"follow","max-snippet":"max-snippet:-1","max-image-preview":"max-image-preview:large","max-video-preview":"max-video-preview:-1"},"canonical":"https:\/\/toidupakk.ee\/lt\/toode\/ikraunamas-led-galvos-zibintas-recharge-gc220\/","og_locale":"lt_LT","og_type":"article","og_title":"\u012ekraunamas LED galvos \u017eibintas Recharge GC220","og_description":"\u012ekraunamas LED galvos \u017eibintas \u2013 kompakti\u0161kas ir galingas \u017eibintas, suteikiantis laisv\u0119 patogiai veikti net ir tamsoje. 220 liumen\u0173 ir papildoma raudona \u0161viesa.","og_url":"https:\/\/toidupakk.ee\/lt\/toode\/ikraunamas-led-galvos-zibintas-recharge-gc220\/","og_site_name":"Toidupakk.ee - Tactical Foodpack toidupakid","article_publisher":"https:\/\/www.facebook.com\/Toidupakk","article_modified_time":"2026-04-14T21:30:44+00:00","og_image":[{"width":1080,"height":1080,"url":"https:\/\/toidupakk.ee\/wp-content\/uploads\/2023\/01\/laetav-akuga-LED-pealamp.png","type":"image\/png"}],"twitter_card":"summary_large_image","twitter_misc":{"Est. reading time":"2 minut\u0117s"},"schema":{"@context":"https:\/\/schema.org","@graph":[{"@type":"WebPage","@id":"https:\/\/toidupakk.ee\/lt\/toode\/ikraunamas-led-galvos-zibintas-recharge-gc220\/","url":"https:\/\/toidupakk.ee\/lt\/toode\/ikraunamas-led-galvos-zibintas-recharge-gc220\/","name":"\u012ekraunamas LED galvos \u017eibintas Recharge GC220","isPartOf":{"@id":"https:\/\/toidupakk.ee\/lt\/#website"},"primaryImageOfPage":{"@id":"https:\/\/toidupakk.ee\/lt\/toode\/ikraunamas-led-galvos-zibintas-recharge-gc220\/#primaryimage"},"image":{"@id":"https:\/\/toidupakk.ee\/lt\/toode\/ikraunamas-led-galvos-zibintas-recharge-gc220\/#primaryimage"},"thumbnailUrl":"https:\/\/toidupakk.ee\/wp-content\/uploads\/2023\/01\/laetav-akuga-LED-pealamp.png","datePublished":"2023-01-17T09:31:43+00:00","dateModified":"2026-04-14T21:30:44+00:00","description":"\u012ekraunamas LED galvos \u017eibintas \u2013 kompakti\u0161kas ir galingas \u017eibintas, suteikiantis laisv\u0119 patogiai veikti net ir tamsoje. 220 liumen\u0173 ir papildoma raudona \u0161viesa.","breadcrumb":{"@id":"https:\/\/toidupakk.ee\/lt\/toode\/ikraunamas-led-galvos-zibintas-recharge-gc220\/#breadcrumb"},"inLanguage":"lt-LT","potentialAction":[{"@type":"ReadAction","target":["https:\/\/toidupakk.ee\/lt\/toode\/ikraunamas-led-galvos-zibintas-recharge-gc220\/"]}]},{"@type":"ImageObject","inLanguage":"lt-LT","@id":"https:\/\/toidupakk.ee\/lt\/toode\/ikraunamas-led-galvos-zibintas-recharge-gc220\/#primaryimage","url":"https:\/\/toidupakk.ee\/wp-content\/uploads\/2023\/01\/laetav-akuga-LED-pealamp.png","contentUrl":"https:\/\/toidupakk.ee\/wp-content\/uploads\/2023\/01\/laetav-akuga-LED-pealamp.png","width":1080,"height":1080,"caption":"Akuga LED pealamp"},{"@type":"BreadcrumbList","@id":"https:\/\/toidupakk.ee\/lt\/toode\/ikraunamas-led-galvos-zibintas-recharge-gc220\/#breadcrumb","itemListElement":[{"@type":"ListItem","position":1,"name":"Avaleht","item":"https:\/\/toidupakk.ee\/lt\/"},{"@type":"ListItem","position":2,"name":"El. parduotuv\u0117","item":"https:\/\/toidupakk.ee\/lt\/el-parduotuve\/"},{"@type":"ListItem","position":3,"name":"\u012ekraunamas LED galvos \u017eibintas Recharge GC220"}]},{"@type":"WebSite","@id":"https:\/\/toidupakk.ee\/lt\/#website","url":"https:\/\/toidupakk.ee\/lt\/","name":"Toidupakk.ee - Tactical Foodpack toidupakid","description":"Tactical Foodpack k\u00fclmkuivatatud toidupakid ja matkaeined","publisher":{"@id":"https:\/\/toidupakk.ee\/lt\/#organization"},"potentialAction":[{"@type":"SearchAction","target":{"@type":"EntryPoint","urlTemplate":"https:\/\/toidupakk.ee\/lt\/?s={search_term_string}"},"query-input":{"@type":"PropertyValueSpecification","valueRequired":true,"valueName":"search_term_string"}}],"inLanguage":"lt-LT"},{"@type":"Organization","@id":"https:\/\/toidupakk.ee\/lt\/#organization","name":"Tactical Foodpack matkaeined","url":"https:\/\/toidupakk.ee\/lt\/","logo":{"@type":"ImageObject","inLanguage":"lt-LT","@id":"https:\/\/toidupakk.ee\/lt\/#\/schema\/logo\/image\/","url":"https:\/\/toidupakk.ee\/wp-content\/uploads\/2022\/01\/Toidupakk-matkapood-logo-transparent.png","contentUrl":"https:\/\/toidupakk.ee\/wp-content\/uploads\/2022\/01\/Toidupakk-matkapood-logo-transparent.png","width":500,"height":500,"caption":"Tactical Foodpack matkaeined"},"image":{"@id":"https:\/\/toidupakk.ee\/lt\/#\/schema\/logo\/image\/"},"sameAs":["https:\/\/www.facebook.com\/Toidupakk","https:\/\/www.instagram.com\/toidupakk\/"]}]}},"jetpack_sharing_enabled":true,"_links":{"self":[{"href":"https:\/\/toidupakk.ee\/lt\/wp-json\/wp\/v2\/product\/47725","targetHints":{"allow":["GET"]}}],"collection":[{"href":"https:\/\/toidupakk.ee\/lt\/wp-json\/wp\/v2\/product"}],"about":[{"href":"https:\/\/toidupakk.ee\/lt\/wp-json\/wp\/v2\/types\/product"}],"replies":[{"embeddable":true,"href":"https:\/\/toidupakk.ee\/lt\/wp-json\/wp\/v2\/comments?post=47725"}],"wp:featuredmedia":[{"embeddable":true,"href":"https:\/\/toidupakk.ee\/lt\/wp-json\/wp\/v2\/media\/5377"}],"wp:attachment":[{"href":"https:\/\/toidupakk.ee\/lt\/wp-json\/wp\/v2\/media?parent=47725"}],"wp:term":[{"taxonomy":"product_brand","embeddable":true,"href":"https:\/\/toidupakk.ee\/lt\/wp-json\/wp\/v2\/product_brand?post=47725"},{"taxonomy":"product_cat","embeddable":true,"href":"https:\/\/toidupakk.ee\/lt\/wp-json\/wp\/v2\/product_cat?post=47725"},{"taxonomy":"product_tag","embeddable":true,"href":"https:\/\/toidupakk.ee\/lt\/wp-json\/wp\/v2\/product_tag?post=47725"}],"curies":[{"name":"wp","href":"https:\/\/api.w.org\/{rel}","templated":true}]}}