{"id":47714,"date":"2022-12-01T15:39:37","date_gmt":"2022-12-01T13:39:37","guid":{"rendered":"https:\/\/toidupakk.ee\/toode\/thermopad-pedu-sildytuvai\/"},"modified":"2026-04-04T00:00:20","modified_gmt":"2026-04-03T21:00:20","slug":"thermopad-pedu-sildytuvai","status":"publish","type":"product","link":"https:\/\/toidupakk.ee\/lt\/toode\/thermopad-pedu-sildytuvai\/","title":{"rendered":"\u201eThermopad\u201c p\u0117d\u0173 \u0161ildytuvai"},"content":{"rendered":"<h1>\u201eThermopad\u201c p\u0117d\u0173 \u0161ildytuvai \u2013 naudojimo instrukcija<\/h1>\n<p>Atidaryk \u201eThermopad\u201c p\u0117d\u0173 \u0161ildytuv\u0173 pakuot\u0119, nuimk apsaugin\u012f popieri\u0173 nuo lipnios dalies ir palauk kelias minutes, kol aktyvuosis deguonis. Priklijuok \u0161ildytuv\u0105 prie kojin\u0117s vir\u0161aus arba apa\u010dios. Stora kojin\u0117 gali suma\u017einti \u0161ilumos poj\u016bt\u012f.<br \/>\n\u0160ildytuvas pasiekia maksimali\u0105 temperat\u016br\u0105 vos per kelias minutes.<br \/>\nPanaudot\u0105 ir atv\u0117sus\u012f \u0161ildytuv\u0105 i\u0161mesk \u012f buitines atliekas.  <\/p>\n<p>&nbsp;<\/p>\n<h2><img fetchpriority=\"high\" decoding=\"async\" class=\"alignnone wp-image-4535 size-thumbnail\" src=\"https:\/\/toidupakk.ee\/wp-content\/uploads\/2022\/12\/Jalasoojendajad-Thermopad-1-1-500x500.jpg\" alt=\"\u201eThermopad\u201c p\u0117d\u0173 \u0161ildytuvai slidininkams\" width=\"500\" height=\"500\" srcset=\"https:\/\/toidupakk.ee\/wp-content\/uploads\/2022\/12\/Jalasoojendajad-Thermopad-1-1-500x500.jpg 500w, https:\/\/toidupakk.ee\/wp-content\/uploads\/2022\/12\/Jalasoojendajad-Thermopad-1-1-400x400.jpg 400w, https:\/\/toidupakk.ee\/wp-content\/uploads\/2022\/12\/Jalasoojendajad-Thermopad-1-1-100x100.jpg 100w, https:\/\/toidupakk.ee\/wp-content\/uploads\/2022\/12\/Jalasoojendajad-Thermopad-1-1-800x800.jpg 800w, https:\/\/toidupakk.ee\/wp-content\/uploads\/2022\/12\/Jalasoojendajad-Thermopad-1-1-300x300.jpg 300w, https:\/\/toidupakk.ee\/wp-content\/uploads\/2022\/12\/Jalasoojendajad-Thermopad-1-1-1024x1024.jpg 1024w, https:\/\/toidupakk.ee\/wp-content\/uploads\/2022\/12\/Jalasoojendajad-Thermopad-1-1-768x768.jpg 768w, https:\/\/toidupakk.ee\/wp-content\/uploads\/2022\/12\/Jalasoojendajad-Thermopad-1-1.jpg 1080w\" sizes=\"(max-width: 500px) 100vw, 500px\" \/><\/h2>\n<h2>\u201eThermopad\u201c p\u0117d\u0173 \u0161ildytuvai \u2013 saugos instrukcija<\/h2>\n<ul>\n<li>Neskirta medicininiam naudojimui.<\/li>\n<li>Nerekomenduojama vaikams iki 6 met\u0173.<\/li>\n<li>Nenaudok tiesiai ant odos \u2013 kyla nudegim\u0173 ir odos sudirginimo pavojus.<\/li>\n<li>Nuimk \u0161ildytuv\u0105, jei kar\u0161tis tampa nemalonus.<\/li>\n<li>Neprapl\u0117\u0161k pakuot\u0117s.<\/li>\n<li>Venk s\u0105ly\u010dio su \u0161ildytuvo viduje esan\u010diu turiniu.<\/li>\n<\/ul>\n<p><strong>Sud\u0117tis:<\/strong> gele\u017eies milteliai, druska, aktyvuota anglis, vanduo, vermikulitas.<\/p>\n<p>Puikiai tinka slidininkams, med\u017eiotojams, dviratininkams, taip pat kal\u0117dini\u0173 mugi\u0173 ir stadion\u0173 lankytojams!<\/p>\n<p>&nbsp;<\/p>\n<p>Daugiau \u017eygio preki\u0173 rasi <a href=\"https:\/\/toidupakk.ee\/lt\/tootekategooria\/zygio-iranga\/#section-3-79\">\u010cIA<\/a><\/p>\n<p>Pasisemk \u012fkv\u0117pimo kitiems nuotykiams Toidupakk <a href=\"https:\/\/www.instagram.com\/toidupakk\/\">Instagram<\/a> ir <a href=\"https:\/\/www.facebook.com\/Toidupakk\/\">Facebook<\/a> paskyrose.<\/p>\n","protected":false},"excerpt":{"rendered":"<p><strong>\u0160iltos kojos padeda paskirstyti \u0161ilum\u0105 po vis\u0105 k\u016bn\u0105, tod\u0117l p\u0117d\u0173 \u0161ildytuvai yra naudinga priemon\u0117 visiems, kuriems \u0161altuoju periodu reikia papildomos \u0161ilumos. P\u0117d\u0173 \u0161ildytuvai idealiai tinka kojoms \u0161ildyti \u0161altu oru judant lauke, dirbant ar tiesiog m\u0117gaujantis \u017eiemos malonumais. <\/strong><\/p>\n<ul>\n<li>\u201eThermopad\u00ae\u201c p\u0117d\u0173 \u0161ildytuv\u0173 rinkinys \u2013 m\u0117gaukis \u017eiemos veiklomis \u0161iltomis kojomis<\/li>\n<li>Veikia iki 8 valand\u0173<\/li>\n<li>Ploni ir patog\u016bs \u2013 tinka naudoti bet kokioje avalyn\u0117je<\/li>\n<li>Aktyvuojasi atidarius pakuot\u0119 ir susilietus su oru<\/li>\n<li>Rinkin\u012f sudaro dvi \u0161ildan\u010dios pagalv\u0117l\u0117s<\/li>\n<li>Maksimali temperat\u016bra 45 \u00b0C<\/li>\n<\/ul>\n<p>Puikiai tinka \u017eygeiviams, dirbantiems v\u0117sioje aplinkoje, \u017evejams, med\u017eiotojams, dviratininkams, slidininkams. Taip pat kal\u0117dini\u0173 mugi\u0173 ir stadion\u0173 lankytojams! <\/p>\n<p>\u2705 Greitas pristatymas \u012f tavo pa\u0161tomat\u0105 per 1\u20133 darbo dienas<\/p>\n","protected":false},"featured_media":4536,"comment_status":"open","ping_status":"closed","template":"","meta":{"_acf_changed":false},"product_brand":[],"product_cat":[229,228,199,189,190],"product_tag":[194],"class_list":{"0":"post-47714","1":"product","2":"type-product","3":"status-publish","4":"has-post-thumbnail","6":"product_cat-kuno-sildytuvai","7":"product_cat-sildymo-elementai","8":"product_cat-ziemos-prekes","9":"product_cat-zygio-iranga","10":"product_cat-zygio-prekes","11":"product_tag-no_ads","13":"first","14":"instock","15":"taxable","16":"shipping-taxable","17":"purchasable","18":"product-type-simple"},"bundled_by":[],"bundle_stock_status":"instock","bundle_stock_quantity":10,"bundle_virtual":false,"bundle_layout":"","bundle_add_to_cart_form_location":"","bundle_editable_in_cart":false,"bundle_sold_individually_context":"","bundle_item_grouping":"","bundle_min_size":"","bundle_max_size":"","bundle_price":[],"bundled_items":[],"bundle_sell_ids":[],"acf":[],"yoast_head":"<!-- This site is optimized with the Yoast SEO plugin v27.1.1 - https:\/\/yoast.com\/product\/yoast-seo-wordpress\/ -->\n<title>\u201eThermopad\u201c p\u0117d\u0173 \u0161ildytuvai<\/title>\n<meta name=\"description\" content=\"\u201eThermopad\u201c p\u0117d\u0173 \u0161ildytuvai idealiai tinka kojoms \u0161ildyti \u0161altu oru judant lauke, dirbant ar tiesiog m\u0117gaujantis \u017eiemos malonumais.\" \/>\n<meta name=\"robots\" content=\"index, follow, max-snippet:-1, max-image-preview:large, max-video-preview:-1\" \/>\n<link rel=\"canonical\" href=\"https:\/\/toidupakk.ee\/lt\/toode\/thermopad-pedu-sildytuvai\/\" \/>\n<meta property=\"og:locale\" content=\"lt_LT\" \/>\n<meta property=\"og:type\" content=\"article\" \/>\n<meta property=\"og:title\" content=\"\u201eThermopad\u201c p\u0117d\u0173 \u0161ildytuvai\" \/>\n<meta property=\"og:description\" content=\"\u201eThermopad\u201c p\u0117d\u0173 \u0161ildytuvai idealiai tinka kojoms \u0161ildyti \u0161altu oru judant lauke, dirbant ar tiesiog m\u0117gaujantis \u017eiemos malonumais.\" \/>\n<meta property=\"og:url\" content=\"https:\/\/toidupakk.ee\/lt\/toode\/thermopad-pedu-sildytuvai\/\" \/>\n<meta property=\"og:site_name\" content=\"Toidupakk.ee - Tactical Foodpack toidupakid\" \/>\n<meta property=\"article:publisher\" content=\"https:\/\/www.facebook.com\/Toidupakk\" \/>\n<meta property=\"article:modified_time\" content=\"2026-04-03T21:00:20+00:00\" \/>\n<meta property=\"og:image\" content=\"https:\/\/toidupakk.ee\/wp-content\/uploads\/2022\/12\/Jalasoojendajad-Thermopad-2.png\" \/>\n\t<meta property=\"og:image:width\" content=\"1080\" \/>\n\t<meta property=\"og:image:height\" content=\"1080\" \/>\n\t<meta property=\"og:image:type\" content=\"image\/png\" \/>\n<meta name=\"twitter:card\" content=\"summary_large_image\" \/>\n<meta name=\"twitter:label1\" content=\"Est. reading time\" \/>\n\t<meta name=\"twitter:data1\" content=\"1 minut\u0117\" \/>\n<script type=\"application\/ld+json\" class=\"yoast-schema-graph\">{\"@context\":\"https:\/\/schema.org\",\"@graph\":[{\"@type\":\"WebPage\",\"@id\":\"https:\/\/toidupakk.ee\/lt\/toode\/thermopad-pedu-sildytuvai\/\",\"url\":\"https:\/\/toidupakk.ee\/lt\/toode\/thermopad-pedu-sildytuvai\/\",\"name\":\"\u201eThermopad\u201c p\u0117d\u0173 \u0161ildytuvai\",\"isPartOf\":{\"@id\":\"https:\/\/toidupakk.ee\/lt\/#website\"},\"primaryImageOfPage\":{\"@id\":\"https:\/\/toidupakk.ee\/lt\/toode\/thermopad-pedu-sildytuvai\/#primaryimage\"},\"image\":{\"@id\":\"https:\/\/toidupakk.ee\/lt\/toode\/thermopad-pedu-sildytuvai\/#primaryimage\"},\"thumbnailUrl\":\"https:\/\/toidupakk.ee\/wp-content\/uploads\/2022\/12\/Jalasoojendajad-Thermopad-2.png\",\"datePublished\":\"2022-12-01T13:39:37+00:00\",\"dateModified\":\"2026-04-03T21:00:20+00:00\",\"description\":\"\u201eThermopad\u201c p\u0117d\u0173 \u0161ildytuvai idealiai tinka kojoms \u0161ildyti \u0161altu oru judant lauke, dirbant ar tiesiog m\u0117gaujantis \u017eiemos malonumais.\",\"breadcrumb\":{\"@id\":\"https:\/\/toidupakk.ee\/lt\/toode\/thermopad-pedu-sildytuvai\/#breadcrumb\"},\"inLanguage\":\"lt-LT\",\"potentialAction\":[{\"@type\":\"ReadAction\",\"target\":[\"https:\/\/toidupakk.ee\/lt\/toode\/thermopad-pedu-sildytuvai\/\"]}]},{\"@type\":\"ImageObject\",\"inLanguage\":\"lt-LT\",\"@id\":\"https:\/\/toidupakk.ee\/lt\/toode\/thermopad-pedu-sildytuvai\/#primaryimage\",\"url\":\"https:\/\/toidupakk.ee\/wp-content\/uploads\/2022\/12\/Jalasoojendajad-Thermopad-2.png\",\"contentUrl\":\"https:\/\/toidupakk.ee\/wp-content\/uploads\/2022\/12\/Jalasoojendajad-Thermopad-2.png\",\"width\":1080,\"height\":1080,\"caption\":\"Thermopad jalasoojendajad\"},{\"@type\":\"BreadcrumbList\",\"@id\":\"https:\/\/toidupakk.ee\/lt\/toode\/thermopad-pedu-sildytuvai\/#breadcrumb\",\"itemListElement\":[{\"@type\":\"ListItem\",\"position\":1,\"name\":\"Avaleht\",\"item\":\"https:\/\/toidupakk.ee\/lt\/\"},{\"@type\":\"ListItem\",\"position\":2,\"name\":\"El. parduotuv\u0117\",\"item\":\"https:\/\/toidupakk.ee\/lt\/el-parduotuve\/\"},{\"@type\":\"ListItem\",\"position\":3,\"name\":\"\u201eThermopad\u201c p\u0117d\u0173 \u0161ildytuvai\"}]},{\"@type\":\"WebSite\",\"@id\":\"https:\/\/toidupakk.ee\/lt\/#website\",\"url\":\"https:\/\/toidupakk.ee\/lt\/\",\"name\":\"Toidupakk.ee - Tactical Foodpack toidupakid\",\"description\":\"Tactical Foodpack k\u00fclmkuivatatud toidupakid ja matkaeined\",\"publisher\":{\"@id\":\"https:\/\/toidupakk.ee\/lt\/#organization\"},\"potentialAction\":[{\"@type\":\"SearchAction\",\"target\":{\"@type\":\"EntryPoint\",\"urlTemplate\":\"https:\/\/toidupakk.ee\/lt\/?s={search_term_string}\"},\"query-input\":{\"@type\":\"PropertyValueSpecification\",\"valueRequired\":true,\"valueName\":\"search_term_string\"}}],\"inLanguage\":\"lt-LT\"},{\"@type\":\"Organization\",\"@id\":\"https:\/\/toidupakk.ee\/lt\/#organization\",\"name\":\"Tactical Foodpack matkaeined\",\"url\":\"https:\/\/toidupakk.ee\/lt\/\",\"logo\":{\"@type\":\"ImageObject\",\"inLanguage\":\"lt-LT\",\"@id\":\"https:\/\/toidupakk.ee\/lt\/#\/schema\/logo\/image\/\",\"url\":\"https:\/\/toidupakk.ee\/wp-content\/uploads\/2022\/01\/Toidupakk-matkapood-logo-transparent.png\",\"contentUrl\":\"https:\/\/toidupakk.ee\/wp-content\/uploads\/2022\/01\/Toidupakk-matkapood-logo-transparent.png\",\"width\":500,\"height\":500,\"caption\":\"Tactical Foodpack matkaeined\"},\"image\":{\"@id\":\"https:\/\/toidupakk.ee\/lt\/#\/schema\/logo\/image\/\"},\"sameAs\":[\"https:\/\/www.facebook.com\/Toidupakk\",\"https:\/\/www.instagram.com\/toidupakk\/\"]}]}<\/script>\n<!-- \/ Yoast SEO plugin. -->","yoast_head_json":{"title":"\u201eThermopad\u201c p\u0117d\u0173 \u0161ildytuvai","description":"\u201eThermopad\u201c p\u0117d\u0173 \u0161ildytuvai idealiai tinka kojoms \u0161ildyti \u0161altu oru judant lauke, dirbant ar tiesiog m\u0117gaujantis \u017eiemos malonumais.","robots":{"index":"index","follow":"follow","max-snippet":"max-snippet:-1","max-image-preview":"max-image-preview:large","max-video-preview":"max-video-preview:-1"},"canonical":"https:\/\/toidupakk.ee\/lt\/toode\/thermopad-pedu-sildytuvai\/","og_locale":"lt_LT","og_type":"article","og_title":"\u201eThermopad\u201c p\u0117d\u0173 \u0161ildytuvai","og_description":"\u201eThermopad\u201c p\u0117d\u0173 \u0161ildytuvai idealiai tinka kojoms \u0161ildyti \u0161altu oru judant lauke, dirbant ar tiesiog m\u0117gaujantis \u017eiemos malonumais.","og_url":"https:\/\/toidupakk.ee\/lt\/toode\/thermopad-pedu-sildytuvai\/","og_site_name":"Toidupakk.ee - Tactical Foodpack toidupakid","article_publisher":"https:\/\/www.facebook.com\/Toidupakk","article_modified_time":"2026-04-03T21:00:20+00:00","og_image":[{"width":1080,"height":1080,"url":"https:\/\/toidupakk.ee\/wp-content\/uploads\/2022\/12\/Jalasoojendajad-Thermopad-2.png","type":"image\/png"}],"twitter_card":"summary_large_image","twitter_misc":{"Est. reading time":"1 minut\u0117"},"schema":{"@context":"https:\/\/schema.org","@graph":[{"@type":"WebPage","@id":"https:\/\/toidupakk.ee\/lt\/toode\/thermopad-pedu-sildytuvai\/","url":"https:\/\/toidupakk.ee\/lt\/toode\/thermopad-pedu-sildytuvai\/","name":"\u201eThermopad\u201c p\u0117d\u0173 \u0161ildytuvai","isPartOf":{"@id":"https:\/\/toidupakk.ee\/lt\/#website"},"primaryImageOfPage":{"@id":"https:\/\/toidupakk.ee\/lt\/toode\/thermopad-pedu-sildytuvai\/#primaryimage"},"image":{"@id":"https:\/\/toidupakk.ee\/lt\/toode\/thermopad-pedu-sildytuvai\/#primaryimage"},"thumbnailUrl":"https:\/\/toidupakk.ee\/wp-content\/uploads\/2022\/12\/Jalasoojendajad-Thermopad-2.png","datePublished":"2022-12-01T13:39:37+00:00","dateModified":"2026-04-03T21:00:20+00:00","description":"\u201eThermopad\u201c p\u0117d\u0173 \u0161ildytuvai idealiai tinka kojoms \u0161ildyti \u0161altu oru judant lauke, dirbant ar tiesiog m\u0117gaujantis \u017eiemos malonumais.","breadcrumb":{"@id":"https:\/\/toidupakk.ee\/lt\/toode\/thermopad-pedu-sildytuvai\/#breadcrumb"},"inLanguage":"lt-LT","potentialAction":[{"@type":"ReadAction","target":["https:\/\/toidupakk.ee\/lt\/toode\/thermopad-pedu-sildytuvai\/"]}]},{"@type":"ImageObject","inLanguage":"lt-LT","@id":"https:\/\/toidupakk.ee\/lt\/toode\/thermopad-pedu-sildytuvai\/#primaryimage","url":"https:\/\/toidupakk.ee\/wp-content\/uploads\/2022\/12\/Jalasoojendajad-Thermopad-2.png","contentUrl":"https:\/\/toidupakk.ee\/wp-content\/uploads\/2022\/12\/Jalasoojendajad-Thermopad-2.png","width":1080,"height":1080,"caption":"Thermopad jalasoojendajad"},{"@type":"BreadcrumbList","@id":"https:\/\/toidupakk.ee\/lt\/toode\/thermopad-pedu-sildytuvai\/#breadcrumb","itemListElement":[{"@type":"ListItem","position":1,"name":"Avaleht","item":"https:\/\/toidupakk.ee\/lt\/"},{"@type":"ListItem","position":2,"name":"El. parduotuv\u0117","item":"https:\/\/toidupakk.ee\/lt\/el-parduotuve\/"},{"@type":"ListItem","position":3,"name":"\u201eThermopad\u201c p\u0117d\u0173 \u0161ildytuvai"}]},{"@type":"WebSite","@id":"https:\/\/toidupakk.ee\/lt\/#website","url":"https:\/\/toidupakk.ee\/lt\/","name":"Toidupakk.ee - Tactical Foodpack toidupakid","description":"Tactical Foodpack k\u00fclmkuivatatud toidupakid ja matkaeined","publisher":{"@id":"https:\/\/toidupakk.ee\/lt\/#organization"},"potentialAction":[{"@type":"SearchAction","target":{"@type":"EntryPoint","urlTemplate":"https:\/\/toidupakk.ee\/lt\/?s={search_term_string}"},"query-input":{"@type":"PropertyValueSpecification","valueRequired":true,"valueName":"search_term_string"}}],"inLanguage":"lt-LT"},{"@type":"Organization","@id":"https:\/\/toidupakk.ee\/lt\/#organization","name":"Tactical Foodpack matkaeined","url":"https:\/\/toidupakk.ee\/lt\/","logo":{"@type":"ImageObject","inLanguage":"lt-LT","@id":"https:\/\/toidupakk.ee\/lt\/#\/schema\/logo\/image\/","url":"https:\/\/toidupakk.ee\/wp-content\/uploads\/2022\/01\/Toidupakk-matkapood-logo-transparent.png","contentUrl":"https:\/\/toidupakk.ee\/wp-content\/uploads\/2022\/01\/Toidupakk-matkapood-logo-transparent.png","width":500,"height":500,"caption":"Tactical Foodpack matkaeined"},"image":{"@id":"https:\/\/toidupakk.ee\/lt\/#\/schema\/logo\/image\/"},"sameAs":["https:\/\/www.facebook.com\/Toidupakk","https:\/\/www.instagram.com\/toidupakk\/"]}]}},"jetpack_sharing_enabled":true,"_links":{"self":[{"href":"https:\/\/toidupakk.ee\/lt\/wp-json\/wp\/v2\/product\/47714","targetHints":{"allow":["GET"]}}],"collection":[{"href":"https:\/\/toidupakk.ee\/lt\/wp-json\/wp\/v2\/product"}],"about":[{"href":"https:\/\/toidupakk.ee\/lt\/wp-json\/wp\/v2\/types\/product"}],"replies":[{"embeddable":true,"href":"https:\/\/toidupakk.ee\/lt\/wp-json\/wp\/v2\/comments?post=47714"}],"wp:featuredmedia":[{"embeddable":true,"href":"https:\/\/toidupakk.ee\/lt\/wp-json\/wp\/v2\/media\/4536"}],"wp:attachment":[{"href":"https:\/\/toidupakk.ee\/lt\/wp-json\/wp\/v2\/media?parent=47714"}],"wp:term":[{"taxonomy":"product_brand","embeddable":true,"href":"https:\/\/toidupakk.ee\/lt\/wp-json\/wp\/v2\/product_brand?post=47714"},{"taxonomy":"product_cat","embeddable":true,"href":"https:\/\/toidupakk.ee\/lt\/wp-json\/wp\/v2\/product_cat?post=47714"},{"taxonomy":"product_tag","embeddable":true,"href":"https:\/\/toidupakk.ee\/lt\/wp-json\/wp\/v2\/product_tag?post=47714"}],"curies":[{"name":"wp","href":"https:\/\/api.w.org\/{rel}","templated":true}]}}