{"id":47713,"date":"2022-10-19T16:48:19","date_gmt":"2022-10-19T13:48:19","guid":{"rendered":"https:\/\/toidupakk.ee\/toode\/dujine-turistine-virykle-nesiojama-dujine-virykle\/"},"modified":"2026-04-15T04:01:28","modified_gmt":"2026-04-15T01:01:28","slug":"dujine-turistine-virykle-nesiojama-dujine-virykle","status":"publish","type":"product","link":"https:\/\/toidupakk.ee\/lt\/toode\/dujine-turistine-virykle-nesiojama-dujine-virykle\/","title":{"rendered":"Dujin\u0117 turistin\u0117 virykl\u0117 \/ ne\u0161iojama dujin\u0117 virykl\u0117"},"content":{"rendered":"<h1><img fetchpriority=\"high\" decoding=\"async\" class=\"alignright wp-image-31573 size-thumbnail\" src=\"https:\/\/toidupakk.ee\/wp-content\/uploads\/2022\/10\/Matkapliit-gaasiga-kaasaskantav-gaasipliit-1-500x500.png\" alt=\"ma\u017ea ne\u0161iojama dujin\u0117 turistin\u0117 virykl\u0117\" width=\"500\" height=\"500\" srcset=\"https:\/\/toidupakk.ee\/wp-content\/uploads\/2022\/10\/Matkapliit-gaasiga-kaasaskantav-gaasipliit-1-500x500.png 500w, https:\/\/toidupakk.ee\/wp-content\/uploads\/2022\/10\/Matkapliit-gaasiga-kaasaskantav-gaasipliit-1-400x400.png 400w, https:\/\/toidupakk.ee\/wp-content\/uploads\/2022\/10\/Matkapliit-gaasiga-kaasaskantav-gaasipliit-1-100x100.png 100w, https:\/\/toidupakk.ee\/wp-content\/uploads\/2022\/10\/Matkapliit-gaasiga-kaasaskantav-gaasipliit-1-300x300.png 300w, https:\/\/toidupakk.ee\/wp-content\/uploads\/2022\/10\/Matkapliit-gaasiga-kaasaskantav-gaasipliit-1-768x768.png 768w, https:\/\/toidupakk.ee\/wp-content\/uploads\/2022\/10\/Matkapliit-gaasiga-kaasaskantav-gaasipliit-1.png 800w\" sizes=\"(max-width: 500px) 100vw, 500px\" \/><\/h1>\n<h1>Dujin\u0117 turistin\u0117 virykl\u0117 \u017eygi\u0173 gurmanams<\/h1>\n<p>Turistin\u0117 virykl\u0117 tikrai n\u0117ra svetimas daiktas tiems, kurie m\u0117gsta \u017eygius ir kempingus, nesvarbu, ar keliaut\u0173 automobiliu, ar su kuprine. Arba tiesiog maisto gaminim\u0105 gryname ore. Naudotis dujine turistine virykle pakankamai paprasta ir patogu, tad tai pavyks kiekvienam. Naudok j\u0105 su 227 g duj\u0173 balion\u0117liu arba su dideliu duj\u0173 balionu, prijungtu per \u017earn\u0105 ir reduktori\u0173. U\u017edegimui nereikia degtuk\u0173 ar \u017eiebtuv\u0117lio, nes virykl\u0117je \u012fmontuotas patogus elektrinis u\u017edegiklis. Taip gal\u0117si paruo\u0161ti gard\u017eius patiekalus nepriklausomai nuo oro s\u0105lyg\u0173 ar auk\u0161\u010dio, kuriame tuo metu esi.     <\/p>\n<p>Turistin\u0117 virykl\u0117 veikia su jai skirtu duj\u0173 balion\u0117liu, kurio degimo laikas, priklausomai nuo liepsnos dyd\u017eio, yra 1,2\u20133 valandos.<\/p>\n<p>&nbsp;<\/p>\n<p>&nbsp;<\/p>\n<h2>Turistin\u0117 virykl\u0117 be problem\u0173 veiks ilgus metus<\/h2>\n<p>Tokios turistin\u0117s virykl\u0117s giriamos d\u0117l ilgo tarnavimo laiko. Vis\u0173 detali\u0173 patvarumas kruop\u0161\u010diai tikrinamas nuo pat pirm\u0173j\u0173 gamybos etap\u0173. Kiekviena asortimente esanti virykl\u0117 \u2013 tai auk\u0161\u010diausios kokyb\u0117s komponent\u0173 rinkinys, pagamintas su did\u017eiausiu r\u016bpes\u010diu. Visa tai paver\u010dia \u0161i\u0105 virykl\u0119 patikima investicija daugeliui met\u0173.   <\/p>\n<p><img decoding=\"async\" class=\"alignright wp-image-31572 size-thumbnail\" src=\"https:\/\/toidupakk.ee\/wp-content\/uploads\/2022\/10\/Matkapliit-gaasiga-kaasaskantav-gaasipliit-3-500x500.png\" alt=\"\" width=\"500\" height=\"500\" srcset=\"https:\/\/toidupakk.ee\/wp-content\/uploads\/2022\/10\/Matkapliit-gaasiga-kaasaskantav-gaasipliit-3-500x500.png 500w, https:\/\/toidupakk.ee\/wp-content\/uploads\/2022\/10\/Matkapliit-gaasiga-kaasaskantav-gaasipliit-3-400x400.png 400w, https:\/\/toidupakk.ee\/wp-content\/uploads\/2022\/10\/Matkapliit-gaasiga-kaasaskantav-gaasipliit-3-100x100.png 100w, https:\/\/toidupakk.ee\/wp-content\/uploads\/2022\/10\/Matkapliit-gaasiga-kaasaskantav-gaasipliit-3-300x300.png 300w, https:\/\/toidupakk.ee\/wp-content\/uploads\/2022\/10\/Matkapliit-gaasiga-kaasaskantav-gaasipliit-3-768x768.png 768w, https:\/\/toidupakk.ee\/wp-content\/uploads\/2022\/10\/Matkapliit-gaasiga-kaasaskantav-gaasipliit-3.png 800w\" sizes=\"(max-width: 500px) 100vw, 500px\" \/><\/p>\n<h2>Apie saugum\u0105<\/h2>\n<p>Prie\u0161 patekdamos \u012f prekyb\u0105, turistin\u0117s virykl\u0117s yra tinkamai i\u0161bandomos ir turi visus reikiamus saugos sertifikatus. Ta\u010diau naudojant dujin\u0119 virykl\u0119 patalpose, svarbu u\u017etikrinti pakankam\u0105 v\u0117dinim\u0105. Be to, po kiekvieno naudojimo virykl\u0119 verta gerai nuvalyti. Taip b\u016bsi tikras, kad maisto ir riebal\u0173 liku\u010diai nekelia jokio pavojaus.   <\/p>\n<h3><\/h3>\n<h3>K\u0105 valgyti \u017eygyje<\/h3>\n<p>\u017dinoma, papras\u010diausia pasiimti \u201eTactical Foodpack\u201c ir \u201eMeki\u201c \u0161al\u010diu d\u017eiovinto maisto paketus, kurie si\u016blo skoni\u0173 \u012fvairov\u0119 tiek gurmanams, tiek naminio maisto m\u0117g\u0117jams, o be pagrindini\u0173 patiekal\u0173 \u2013 ir daugyb\u0119 maisting\u0173 u\u017ekand\u017ei\u0173 pertrauk\u0117l\u0117ms. Be abejo, smagu \u017eygio vakar\u0105 prie jaukaus lau\u017eo su kompanija patiems pasigaminti \u0161vie\u017ei\u0105, o gal net pa\u010di\u0173 sugaut\u0105 maist\u0105, tad lengva ir patogi turistin\u0117 virykl\u0117 bus puikus palydovas \u017eygyje, kelion\u0117je automobiliu ar i\u0161kyloje. <\/p>\n<p>Daugiau turistini\u0173 virykli\u0173 ir primus\u0173 \u017ei\u016br\u0117k <a href=\"https:\/\/toidupakk.ee\/lt\/tootekategooria\/zygio-virykles\/\">\u010cIA<\/a><\/p>\n<p>\u017dygio maist\u0105, kur\u012f verta pasiimti, \u017ei\u016br\u0117k <a href=\"https:\/\/toidupakk.ee\/lt\/el-parduotuve\/\">\u010cIA<\/a><\/p>\n<p>Pasisemk \u012fkv\u0117pimo kitiems nuotykiams Toidupakk <a href=\"https:\/\/www.instagram.com\/toidupakk\/\">Instagram<\/a> ir <a href=\"https:\/\/www.facebook.com\/Toidupakk\/\">Facebook<\/a> paskyrose.<\/p>\n","protected":false},"excerpt":{"rendered":"<p><strong>Ne\u0161iojama dujin\u0117 virykl\u0117, veikianti su ma\u017eais ne\u0161iojamais balion\u0117liais, ta\u010diau prireikus galima naudoti ir su dideliu duj\u0173 balionu. Geras sprendimas situacijose, kai, pavyzd\u017eiui, nutr\u016bkus elektros tiekimui, ne\u012fmanoma pasigaminti maisto. <\/strong><\/p>\n<ul>\n<li>Komplekte yra <strong>specialus adapteris dideliam duj\u0173 balionui prijungti<\/strong>.<\/li>\n<li>Turistin\u0117s virykl\u0117s komplekte yra <strong>apsauga nuo v\u0117jo<\/strong>, u\u017etikrinanti stabili\u0105 liepsn\u0105 net ir audringu oru<\/li>\n<li>Lengvai valoma <strong>ner\u016bdijan\u010dio plieno<\/strong> med\u017eiaga<\/li>\n<li>Patogi u\u017edegimo sistema \u2013 duj\u0173 liepsna <strong>u\u017esidega elektrinio starterio pagalba<\/strong> bet kokiu oru (pjezoelektrinis automatinis u\u017edegimas)<\/li>\n<li>\u0160ilumin\u0117 galia \u2013 <strong>2,3 kW<\/strong>. Maistui pa\u0161ildyti per kelias minutes <\/li>\n<li>Keptuv\u0117s atramos su neslystan\u010diomis kojel\u0117mis, <strong>tinka daugumai puod\u0173 ir virduli\u0173<\/strong><\/li>\n<li><strong>Automatin\u0117 sl\u0117giui jautri liepsnos gesinimo sistema<\/strong> ir integruota saugos kontrol\u0117 duj\u0173 nuot\u0117kiui i\u0161vengti<\/li>\n<li>Lengva transportuoti \u2013 lengvame ir patvariame ne\u0161iojimo d\u0117kle<\/li>\n<li>Dujin\u0117s virykl\u0117s degimo laikas su vienu balion\u0117liu \u2013 apie 1 val. 20 min.<\/li>\n<li>Duj\u0173 tipas: butanas<\/li>\n<li>Duj\u0173 s\u0105naudos: 166 gramai per valand\u0105<\/li>\n<li>Duj\u0173 kategorija: susl\u0117gti butano garai<\/li>\n<li>Naudoti su <strong><a href=\"https:\/\/toidupakk.ee\/lt\/toode\/duju-balionelis-turistinei-viryklei-el-gaz-227-g\/\">227 gram\u0173 duj\u0173 balion\u0117liu<\/a><\/strong><\/li>\n<\/ul>\n<p><strong>NB! Visada naudok gerai v\u0117dinamoje vietoje <\/strong><\/p>\n<p>Duj\u0173 balion\u0117lis \u012f komplekt\u0105 ne\u012feina. Turistinei viryklei tinkamus duj\u0173 balion\u0117lius rasi <strong><a href=\"https:\/\/toidupakk.ee\/lt\/toode\/duju-balionelis-turistinei-viryklei-el-gaz-227-g\/\">\u010dia.<\/a><\/strong> <\/p>\n<p>\u2705 Turime sand\u0117lyje, greitas pristatymas per 1\u20133 d. d.<br \/>\n\u2705 Pirk dabar, mok\u0117k v\u0117liau (pal\u016bkanos 0 %)<\/p>\n","protected":false},"featured_media":31571,"comment_status":"open","ping_status":"closed","template":"","meta":{"_acf_changed":false},"product_brand":[],"product_cat":[196,200,189,190,209],"product_tag":[],"class_list":{"0":"post-47713","1":"product","2":"type-product","3":"status-publish","4":"has-post-thumbnail","6":"product_cat-maisto-gaminimas","7":"product_cat-praktiskos-dovanu-idejos","8":"product_cat-zygio-iranga","9":"product_cat-zygio-prekes","10":"product_cat-zygio-virykles","12":"first","13":"instock","14":"sale","15":"taxable","16":"shipping-taxable","17":"purchasable","18":"product-type-simple"},"bundled_by":[],"bundle_stock_status":"instock","bundle_stock_quantity":10,"bundle_virtual":false,"bundle_layout":"","bundle_add_to_cart_form_location":"","bundle_editable_in_cart":false,"bundle_sold_individually_context":"","bundle_item_grouping":"","bundle_min_size":"","bundle_max_size":"","bundle_price":[],"bundled_items":[],"bundle_sell_ids":[],"acf":[],"yoast_head":"<!-- This site is optimized with the Yoast SEO plugin v27.3 - https:\/\/yoast.com\/product\/yoast-seo-wordpress\/ -->\n<title>Dujin\u0117 turistin\u0117 virykl\u0117 \/ ne\u0161iojama dujin\u0117 virykl\u0117<\/title>\n<meta name=\"description\" content=\"Dujin\u0117 turistin\u0117 virykl\u0117 \u2013 tai ne\u0161iojama virykl\u0117, puikus sprendimas situacijose, kai, pavyzd\u017eiui, d\u0117l elektros tr\u016bkumo ne\u012fmanoma pasigaminti maisto.\" \/>\n<meta name=\"robots\" content=\"index, follow, max-snippet:-1, max-image-preview:large, max-video-preview:-1\" \/>\n<link rel=\"canonical\" href=\"https:\/\/toidupakk.ee\/lt\/toode\/dujine-turistine-virykle-nesiojama-dujine-virykle\/\" \/>\n<meta property=\"og:locale\" content=\"lt_LT\" \/>\n<meta property=\"og:type\" content=\"article\" \/>\n<meta property=\"og:title\" content=\"Dujin\u0117 turistin\u0117 virykl\u0117 \/ ne\u0161iojama dujin\u0117 virykl\u0117\" \/>\n<meta property=\"og:description\" content=\"Dujin\u0117 turistin\u0117 virykl\u0117 \u2013 tai ne\u0161iojama virykl\u0117, puikus sprendimas situacijose, kai, pavyzd\u017eiui, d\u0117l elektros tr\u016bkumo ne\u012fmanoma pasigaminti maisto.\" \/>\n<meta property=\"og:url\" content=\"https:\/\/toidupakk.ee\/lt\/toode\/dujine-turistine-virykle-nesiojama-dujine-virykle\/\" \/>\n<meta property=\"og:site_name\" content=\"Toidupakk.ee - Tactical Foodpack toidupakid\" \/>\n<meta property=\"article:publisher\" content=\"https:\/\/www.facebook.com\/Toidupakk\" \/>\n<meta property=\"article:modified_time\" content=\"2026-04-15T01:01:28+00:00\" \/>\n<meta property=\"og:image\" content=\"https:\/\/toidupakk.ee\/wp-content\/uploads\/2022\/10\/Matkapliit-gaasiga-kaasaskantav-gaasipliit-2.png\" \/>\n\t<meta property=\"og:image:width\" content=\"800\" \/>\n\t<meta property=\"og:image:height\" content=\"800\" \/>\n\t<meta property=\"og:image:type\" content=\"image\/png\" \/>\n<meta name=\"twitter:card\" content=\"summary_large_image\" \/>\n<meta name=\"twitter:label1\" content=\"Est. reading time\" \/>\n\t<meta name=\"twitter:data1\" content=\"2 minut\u0117s\" \/>\n<script type=\"application\/ld+json\" class=\"yoast-schema-graph\">{\"@context\":\"https:\\\/\\\/schema.org\",\"@graph\":[{\"@type\":\"WebPage\",\"@id\":\"https:\\\/\\\/toidupakk.ee\\\/lt\\\/toode\\\/dujine-turistine-virykle-nesiojama-dujine-virykle\\\/\",\"url\":\"https:\\\/\\\/toidupakk.ee\\\/lt\\\/toode\\\/dujine-turistine-virykle-nesiojama-dujine-virykle\\\/\",\"name\":\"Dujin\u0117 turistin\u0117 virykl\u0117 \\\/ ne\u0161iojama dujin\u0117 virykl\u0117\",\"isPartOf\":{\"@id\":\"https:\\\/\\\/toidupakk.ee\\\/lt\\\/#website\"},\"primaryImageOfPage\":{\"@id\":\"https:\\\/\\\/toidupakk.ee\\\/lt\\\/toode\\\/dujine-turistine-virykle-nesiojama-dujine-virykle\\\/#primaryimage\"},\"image\":{\"@id\":\"https:\\\/\\\/toidupakk.ee\\\/lt\\\/toode\\\/dujine-turistine-virykle-nesiojama-dujine-virykle\\\/#primaryimage\"},\"thumbnailUrl\":\"https:\\\/\\\/toidupakk.ee\\\/wp-content\\\/uploads\\\/2022\\\/10\\\/Matkapliit-gaasiga-kaasaskantav-gaasipliit-2.png\",\"datePublished\":\"2022-10-19T13:48:19+00:00\",\"dateModified\":\"2026-04-15T01:01:28+00:00\",\"description\":\"Dujin\u0117 turistin\u0117 virykl\u0117 \u2013 tai ne\u0161iojama virykl\u0117, puikus sprendimas situacijose, kai, pavyzd\u017eiui, d\u0117l elektros tr\u016bkumo ne\u012fmanoma pasigaminti maisto.\",\"breadcrumb\":{\"@id\":\"https:\\\/\\\/toidupakk.ee\\\/lt\\\/toode\\\/dujine-turistine-virykle-nesiojama-dujine-virykle\\\/#breadcrumb\"},\"inLanguage\":\"lt-LT\",\"potentialAction\":[{\"@type\":\"ReadAction\",\"target\":[\"https:\\\/\\\/toidupakk.ee\\\/lt\\\/toode\\\/dujine-turistine-virykle-nesiojama-dujine-virykle\\\/\"]}]},{\"@type\":\"ImageObject\",\"inLanguage\":\"lt-LT\",\"@id\":\"https:\\\/\\\/toidupakk.ee\\\/lt\\\/toode\\\/dujine-turistine-virykle-nesiojama-dujine-virykle\\\/#primaryimage\",\"url\":\"https:\\\/\\\/toidupakk.ee\\\/wp-content\\\/uploads\\\/2022\\\/10\\\/Matkapliit-gaasiga-kaasaskantav-gaasipliit-2.png\",\"contentUrl\":\"https:\\\/\\\/toidupakk.ee\\\/wp-content\\\/uploads\\\/2022\\\/10\\\/Matkapliit-gaasiga-kaasaskantav-gaasipliit-2.png\",\"width\":800,\"height\":800,\"caption\":\"v\u00e4ike gaasipliit\"},{\"@type\":\"BreadcrumbList\",\"@id\":\"https:\\\/\\\/toidupakk.ee\\\/lt\\\/toode\\\/dujine-turistine-virykle-nesiojama-dujine-virykle\\\/#breadcrumb\",\"itemListElement\":[{\"@type\":\"ListItem\",\"position\":1,\"name\":\"Avaleht\",\"item\":\"https:\\\/\\\/toidupakk.ee\\\/lt\\\/\"},{\"@type\":\"ListItem\",\"position\":2,\"name\":\"El. parduotuv\u0117\",\"item\":\"https:\\\/\\\/toidupakk.ee\\\/lt\\\/el-parduotuve\\\/\"},{\"@type\":\"ListItem\",\"position\":3,\"name\":\"Dujin\u0117 turistin\u0117 virykl\u0117 \\\/ ne\u0161iojama dujin\u0117 virykl\u0117\"}]},{\"@type\":\"WebSite\",\"@id\":\"https:\\\/\\\/toidupakk.ee\\\/lt\\\/#website\",\"url\":\"https:\\\/\\\/toidupakk.ee\\\/lt\\\/\",\"name\":\"Toidupakk.ee - Tactical Foodpack toidupakid\",\"description\":\"Tactical Foodpack k\u00fclmkuivatatud toidupakid ja matkaeined\",\"publisher\":{\"@id\":\"https:\\\/\\\/toidupakk.ee\\\/lt\\\/#organization\"},\"potentialAction\":[{\"@type\":\"SearchAction\",\"target\":{\"@type\":\"EntryPoint\",\"urlTemplate\":\"https:\\\/\\\/toidupakk.ee\\\/lt\\\/?s={search_term_string}\"},\"query-input\":{\"@type\":\"PropertyValueSpecification\",\"valueRequired\":true,\"valueName\":\"search_term_string\"}}],\"inLanguage\":\"lt-LT\"},{\"@type\":\"Organization\",\"@id\":\"https:\\\/\\\/toidupakk.ee\\\/lt\\\/#organization\",\"name\":\"Tactical Foodpack matkaeined\",\"url\":\"https:\\\/\\\/toidupakk.ee\\\/lt\\\/\",\"logo\":{\"@type\":\"ImageObject\",\"inLanguage\":\"lt-LT\",\"@id\":\"https:\\\/\\\/toidupakk.ee\\\/lt\\\/#\\\/schema\\\/logo\\\/image\\\/\",\"url\":\"https:\\\/\\\/toidupakk.ee\\\/wp-content\\\/uploads\\\/2022\\\/01\\\/Toidupakk-matkapood-logo-transparent.png\",\"contentUrl\":\"https:\\\/\\\/toidupakk.ee\\\/wp-content\\\/uploads\\\/2022\\\/01\\\/Toidupakk-matkapood-logo-transparent.png\",\"width\":500,\"height\":500,\"caption\":\"Tactical Foodpack matkaeined\"},\"image\":{\"@id\":\"https:\\\/\\\/toidupakk.ee\\\/lt\\\/#\\\/schema\\\/logo\\\/image\\\/\"},\"sameAs\":[\"https:\\\/\\\/www.facebook.com\\\/Toidupakk\",\"https:\\\/\\\/www.instagram.com\\\/toidupakk\\\/\"]}]}<\/script>\n<!-- \/ Yoast SEO plugin. -->","yoast_head_json":{"title":"Dujin\u0117 turistin\u0117 virykl\u0117 \/ ne\u0161iojama dujin\u0117 virykl\u0117","description":"Dujin\u0117 turistin\u0117 virykl\u0117 \u2013 tai ne\u0161iojama virykl\u0117, puikus sprendimas situacijose, kai, pavyzd\u017eiui, d\u0117l elektros tr\u016bkumo ne\u012fmanoma pasigaminti maisto.","robots":{"index":"index","follow":"follow","max-snippet":"max-snippet:-1","max-image-preview":"max-image-preview:large","max-video-preview":"max-video-preview:-1"},"canonical":"https:\/\/toidupakk.ee\/lt\/toode\/dujine-turistine-virykle-nesiojama-dujine-virykle\/","og_locale":"lt_LT","og_type":"article","og_title":"Dujin\u0117 turistin\u0117 virykl\u0117 \/ ne\u0161iojama dujin\u0117 virykl\u0117","og_description":"Dujin\u0117 turistin\u0117 virykl\u0117 \u2013 tai ne\u0161iojama virykl\u0117, puikus sprendimas situacijose, kai, pavyzd\u017eiui, d\u0117l elektros tr\u016bkumo ne\u012fmanoma pasigaminti maisto.","og_url":"https:\/\/toidupakk.ee\/lt\/toode\/dujine-turistine-virykle-nesiojama-dujine-virykle\/","og_site_name":"Toidupakk.ee - Tactical Foodpack toidupakid","article_publisher":"https:\/\/www.facebook.com\/Toidupakk","article_modified_time":"2026-04-15T01:01:28+00:00","og_image":[{"width":800,"height":800,"url":"https:\/\/toidupakk.ee\/wp-content\/uploads\/2022\/10\/Matkapliit-gaasiga-kaasaskantav-gaasipliit-2.png","type":"image\/png"}],"twitter_card":"summary_large_image","twitter_misc":{"Est. reading time":"2 minut\u0117s"},"schema":{"@context":"https:\/\/schema.org","@graph":[{"@type":"WebPage","@id":"https:\/\/toidupakk.ee\/lt\/toode\/dujine-turistine-virykle-nesiojama-dujine-virykle\/","url":"https:\/\/toidupakk.ee\/lt\/toode\/dujine-turistine-virykle-nesiojama-dujine-virykle\/","name":"Dujin\u0117 turistin\u0117 virykl\u0117 \/ ne\u0161iojama dujin\u0117 virykl\u0117","isPartOf":{"@id":"https:\/\/toidupakk.ee\/lt\/#website"},"primaryImageOfPage":{"@id":"https:\/\/toidupakk.ee\/lt\/toode\/dujine-turistine-virykle-nesiojama-dujine-virykle\/#primaryimage"},"image":{"@id":"https:\/\/toidupakk.ee\/lt\/toode\/dujine-turistine-virykle-nesiojama-dujine-virykle\/#primaryimage"},"thumbnailUrl":"https:\/\/toidupakk.ee\/wp-content\/uploads\/2022\/10\/Matkapliit-gaasiga-kaasaskantav-gaasipliit-2.png","datePublished":"2022-10-19T13:48:19+00:00","dateModified":"2026-04-15T01:01:28+00:00","description":"Dujin\u0117 turistin\u0117 virykl\u0117 \u2013 tai ne\u0161iojama virykl\u0117, puikus sprendimas situacijose, kai, pavyzd\u017eiui, d\u0117l elektros tr\u016bkumo ne\u012fmanoma pasigaminti maisto.","breadcrumb":{"@id":"https:\/\/toidupakk.ee\/lt\/toode\/dujine-turistine-virykle-nesiojama-dujine-virykle\/#breadcrumb"},"inLanguage":"lt-LT","potentialAction":[{"@type":"ReadAction","target":["https:\/\/toidupakk.ee\/lt\/toode\/dujine-turistine-virykle-nesiojama-dujine-virykle\/"]}]},{"@type":"ImageObject","inLanguage":"lt-LT","@id":"https:\/\/toidupakk.ee\/lt\/toode\/dujine-turistine-virykle-nesiojama-dujine-virykle\/#primaryimage","url":"https:\/\/toidupakk.ee\/wp-content\/uploads\/2022\/10\/Matkapliit-gaasiga-kaasaskantav-gaasipliit-2.png","contentUrl":"https:\/\/toidupakk.ee\/wp-content\/uploads\/2022\/10\/Matkapliit-gaasiga-kaasaskantav-gaasipliit-2.png","width":800,"height":800,"caption":"v\u00e4ike gaasipliit"},{"@type":"BreadcrumbList","@id":"https:\/\/toidupakk.ee\/lt\/toode\/dujine-turistine-virykle-nesiojama-dujine-virykle\/#breadcrumb","itemListElement":[{"@type":"ListItem","position":1,"name":"Avaleht","item":"https:\/\/toidupakk.ee\/lt\/"},{"@type":"ListItem","position":2,"name":"El. parduotuv\u0117","item":"https:\/\/toidupakk.ee\/lt\/el-parduotuve\/"},{"@type":"ListItem","position":3,"name":"Dujin\u0117 turistin\u0117 virykl\u0117 \/ ne\u0161iojama dujin\u0117 virykl\u0117"}]},{"@type":"WebSite","@id":"https:\/\/toidupakk.ee\/lt\/#website","url":"https:\/\/toidupakk.ee\/lt\/","name":"Toidupakk.ee - Tactical Foodpack toidupakid","description":"Tactical Foodpack k\u00fclmkuivatatud toidupakid ja matkaeined","publisher":{"@id":"https:\/\/toidupakk.ee\/lt\/#organization"},"potentialAction":[{"@type":"SearchAction","target":{"@type":"EntryPoint","urlTemplate":"https:\/\/toidupakk.ee\/lt\/?s={search_term_string}"},"query-input":{"@type":"PropertyValueSpecification","valueRequired":true,"valueName":"search_term_string"}}],"inLanguage":"lt-LT"},{"@type":"Organization","@id":"https:\/\/toidupakk.ee\/lt\/#organization","name":"Tactical Foodpack matkaeined","url":"https:\/\/toidupakk.ee\/lt\/","logo":{"@type":"ImageObject","inLanguage":"lt-LT","@id":"https:\/\/toidupakk.ee\/lt\/#\/schema\/logo\/image\/","url":"https:\/\/toidupakk.ee\/wp-content\/uploads\/2022\/01\/Toidupakk-matkapood-logo-transparent.png","contentUrl":"https:\/\/toidupakk.ee\/wp-content\/uploads\/2022\/01\/Toidupakk-matkapood-logo-transparent.png","width":500,"height":500,"caption":"Tactical Foodpack matkaeined"},"image":{"@id":"https:\/\/toidupakk.ee\/lt\/#\/schema\/logo\/image\/"},"sameAs":["https:\/\/www.facebook.com\/Toidupakk","https:\/\/www.instagram.com\/toidupakk\/"]}]}},"jetpack_sharing_enabled":true,"_links":{"self":[{"href":"https:\/\/toidupakk.ee\/lt\/wp-json\/wp\/v2\/product\/47713","targetHints":{"allow":["GET"]}}],"collection":[{"href":"https:\/\/toidupakk.ee\/lt\/wp-json\/wp\/v2\/product"}],"about":[{"href":"https:\/\/toidupakk.ee\/lt\/wp-json\/wp\/v2\/types\/product"}],"replies":[{"embeddable":true,"href":"https:\/\/toidupakk.ee\/lt\/wp-json\/wp\/v2\/comments?post=47713"}],"wp:featuredmedia":[{"embeddable":true,"href":"https:\/\/toidupakk.ee\/lt\/wp-json\/wp\/v2\/media\/31571"}],"wp:attachment":[{"href":"https:\/\/toidupakk.ee\/lt\/wp-json\/wp\/v2\/media?parent=47713"}],"wp:term":[{"taxonomy":"product_brand","embeddable":true,"href":"https:\/\/toidupakk.ee\/lt\/wp-json\/wp\/v2\/product_brand?post=47713"},{"taxonomy":"product_cat","embeddable":true,"href":"https:\/\/toidupakk.ee\/lt\/wp-json\/wp\/v2\/product_cat?post=47713"},{"taxonomy":"product_tag","embeddable":true,"href":"https:\/\/toidupakk.ee\/lt\/wp-json\/wp\/v2\/product_tag?post=47713"}],"curies":[{"name":"wp","href":"https:\/\/api.w.org\/{rel}","templated":true}]}}