{"id":47691,"date":"2022-10-12T14:00:57","date_gmt":"2022-10-12T11:00:57","guid":{"rendered":"https:\/\/toidupakk.ee\/toode\/duju-balionelis-turistinei-viryklei-el-gaz-227-g\/"},"modified":"2026-04-15T03:01:04","modified_gmt":"2026-04-15T00:01:04","slug":"duju-balionelis-turistinei-viryklei-el-gaz-227-g","status":"publish","type":"product","link":"https:\/\/toidupakk.ee\/lt\/toode\/duju-balionelis-turistinei-viryklei-el-gaz-227-g\/","title":{"rendered":"Duj\u0173 balion\u0117lis turistinei viryklei EL GAZ 227 g"},"content":{"rendered":"<p><img fetchpriority=\"high\" decoding=\"async\" class=\"alignright wp-image-3642 size-thumbnail\" src=\"https:\/\/toidupakk.ee\/wp-content\/uploads\/2022\/10\/Matkapliidi-Gaasiballoon-227g-5-500x500.png\" alt=\"\" width=\"500\" height=\"500\" srcset=\"https:\/\/toidupakk.ee\/wp-content\/uploads\/2022\/10\/Matkapliidi-Gaasiballoon-227g-5-500x500.png 500w, https:\/\/toidupakk.ee\/wp-content\/uploads\/2022\/10\/Matkapliidi-Gaasiballoon-227g-5-400x400.png 400w, https:\/\/toidupakk.ee\/wp-content\/uploads\/2022\/10\/Matkapliidi-Gaasiballoon-227g-5-100x100.png 100w, https:\/\/toidupakk.ee\/wp-content\/uploads\/2022\/10\/Matkapliidi-Gaasiballoon-227g-5-800x800.png 800w, https:\/\/toidupakk.ee\/wp-content\/uploads\/2022\/10\/Matkapliidi-Gaasiballoon-227g-5-300x300.png 300w, https:\/\/toidupakk.ee\/wp-content\/uploads\/2022\/10\/Matkapliidi-Gaasiballoon-227g-5-1024x1024.png 1024w, https:\/\/toidupakk.ee\/wp-content\/uploads\/2022\/10\/Matkapliidi-Gaasiballoon-227g-5-768x768.png 768w, https:\/\/toidupakk.ee\/wp-content\/uploads\/2022\/10\/Matkapliidi-Gaasiballoon-227g-5.png 1080w\" sizes=\"(max-width: 500px) 100vw, 500px\" \/><\/p>\n<p>Turistin\u0117s virykl\u0117s duj\u0173 balion\u0117lis \u2013 idealus sprendimas \u017eygiams, mi\u0161kui, med\u017eioklei ar kelion\u0117ms valtimi. Balion\u0117lis skirtas turistin\u0117ms virykl\u0117ms, dujiniams \u0161ildytuvams, lempoms ir kitiems degikliams. Gamink \u0161ilt\u0105 maist\u0105 ar u\u017esivirk kar\u0161to vandens, kad ir kur b\u016btum.  <\/p>\n<p>Turistin\u0117s virykl\u0117s duj\u0173 balion\u0117lis u\u017epildytas butanu. Talpa 227 g. <\/p>\n<p>Butanu u\u017epildytas duj\u0173 balion\u0117lis turi automati\u0161kai u\u017esidarant\u012f CRV (\u201eCountersink Release Vent\u201c) apsaugin\u012f vo\u017etuv\u0105. Balion\u0117lis tinka daugumai turistini\u0173 dujini\u0173 virykli\u0173, degikli\u0173 ir \u0161ildytuv\u0173. Greitai ir patogiai \u012fdedamas bei i\u0161imamas i\u0161 virykl\u0117s. Vidutinis degimo laikas yra apie 1,5\u20133 valandas, priklausomai nuo naudojimo. Pra\u0161ome laikyti vaikams nepasiekiamoje vietoje!    <\/p>\n<p>Galima naudoti visuose dujiniuose prietaisuose, atitinkan\u010diuose EN 521 : 2019 reikalavimus.<\/p>\n<p><a href=\"https:\/\/toidupakk.ee\/lt\/toode\/dujine-turistine-virykle-nesiojama-dujine-virykle\/\"><img decoding=\"async\" class=\"alignnone wp-image-2926 size-thumbnail\" src=\"https:\/\/toidupakk.ee\/wp-content\/uploads\/2022\/07\/Matkapliidi-gaasiballoon-3-500x500.png\" alt=\"Alpentech butanas\" width=\"500\" height=\"500\" srcset=\"https:\/\/toidupakk.ee\/wp-content\/uploads\/2022\/07\/Matkapliidi-gaasiballoon-3-500x500.png 500w, https:\/\/toidupakk.ee\/wp-content\/uploads\/2022\/07\/Matkapliidi-gaasiballoon-3-400x400.png 400w, https:\/\/toidupakk.ee\/wp-content\/uploads\/2022\/07\/Matkapliidi-gaasiballoon-3-100x100.png 100w, https:\/\/toidupakk.ee\/wp-content\/uploads\/2022\/07\/Matkapliidi-gaasiballoon-3-800x800.png 800w, https:\/\/toidupakk.ee\/wp-content\/uploads\/2022\/07\/Matkapliidi-gaasiballoon-3-300x300.png 300w, https:\/\/toidupakk.ee\/wp-content\/uploads\/2022\/07\/Matkapliidi-gaasiballoon-3-1024x1024.png 1024w, https:\/\/toidupakk.ee\/wp-content\/uploads\/2022\/07\/Matkapliidi-gaasiballoon-3-768x768.png 768w, https:\/\/toidupakk.ee\/wp-content\/uploads\/2022\/07\/Matkapliidi-gaasiballoon-3.png 1080w\" sizes=\"(max-width: 500px) 100vw, 500px\" \/><\/a><\/p>\n<p>Daugiau \u017eygio preki\u0173 rasi <a href=\"https:\/\/toidupakk.ee\/lt\/tootekategooria\/zygio-iranga\/#section-3-79\">\u010cIA<\/a><\/p>\n<p>Pasisemk \u012fkv\u0117pimo kitiems nuotykiams Toidupakk <a href=\"https:\/\/www.instagram.com\/toidupakk\/\">Instagram<\/a> ir <a href=\"https:\/\/www.facebook.com\/Toidupakk\/\">Facebook<\/a> paskyrose.<\/p>\n","protected":false},"excerpt":{"rendered":"<ul>\n<li>Turistin\u0117s virykl\u0117s duj\u0173 balion\u0117lis, skirtas naudoti turistin\u0117se virykl\u0117se ir kituose duj\u0173 degikliuose.<\/li>\n<li>Duj\u0173 balion\u0117lis u\u017epildytas 227 g butano.<\/li>\n<li>Degimo laikas, priklausomai nuo liepsnos dyd\u017eio, 1,5\u20133 valandos.<\/li>\n<li>Su automati\u0161kai u\u017esidaran\u010diu vo\u017etuvu.<\/li>\n<\/ul>\n<p>\u2705 Turime sand\u0117lyje, greitas pristatymas per 1\u20133 darbo dienas<\/p>\n","protected":false},"featured_media":3641,"comment_status":"open","ping_status":"closed","template":"","meta":{"_acf_changed":false},"product_brand":[],"product_cat":[247,196,189,190,209],"product_tag":[194],"class_list":{"0":"post-47691","1":"product","2":"type-product","3":"status-publish","4":"has-post-thumbnail","6":"product_cat-dujos","7":"product_cat-maisto-gaminimas","8":"product_cat-zygio-iranga","9":"product_cat-zygio-prekes","10":"product_cat-zygio-virykles","11":"product_tag-no_ads","13":"first","14":"instock","15":"sale","16":"taxable","17":"shipping-taxable","18":"purchasable","19":"product-type-simple"},"bundled_by":[],"bundle_stock_status":"instock","bundle_stock_quantity":51,"bundle_virtual":false,"bundle_layout":"","bundle_add_to_cart_form_location":"","bundle_editable_in_cart":false,"bundle_sold_individually_context":"","bundle_item_grouping":"","bundle_min_size":"","bundle_max_size":"","bundle_price":[],"bundled_items":[],"bundle_sell_ids":[],"acf":[],"yoast_head":"<!-- This site is optimized with the Yoast SEO plugin v27.3 - https:\/\/yoast.com\/product\/yoast-seo-wordpress\/ -->\n<title>Duj\u0173 balion\u0117lis turistinei viryklei EL GAZ 227 g<\/title>\n<meta name=\"description\" content=\"Turistin\u0117s virykl\u0117s duj\u0173 balion\u0117lis skirtas naudoti turistin\u0117se virykl\u0117se ir kituose duj\u0173 degikliuose. Su saugiu savaime u\u017esidaran\u010diu vo\u017etuvu.\" \/>\n<meta name=\"robots\" content=\"index, follow, max-snippet:-1, max-image-preview:large, max-video-preview:-1\" \/>\n<link rel=\"canonical\" href=\"https:\/\/toidupakk.ee\/lt\/toode\/duju-balionelis-turistinei-viryklei-el-gaz-227-g\/\" \/>\n<meta property=\"og:locale\" content=\"lt_LT\" \/>\n<meta property=\"og:type\" content=\"article\" \/>\n<meta property=\"og:title\" content=\"Duj\u0173 balion\u0117lis turistinei viryklei EL GAZ 227 g\" \/>\n<meta property=\"og:description\" content=\"Turistin\u0117s virykl\u0117s duj\u0173 balion\u0117lis skirtas naudoti turistin\u0117se virykl\u0117se ir kituose duj\u0173 degikliuose. Su saugiu savaime u\u017esidaran\u010diu vo\u017etuvu.\" \/>\n<meta property=\"og:url\" content=\"https:\/\/toidupakk.ee\/lt\/toode\/duju-balionelis-turistinei-viryklei-el-gaz-227-g\/\" \/>\n<meta property=\"og:site_name\" content=\"Toidupakk.ee - Tactical Foodpack toidupakid\" \/>\n<meta property=\"article:publisher\" content=\"https:\/\/www.facebook.com\/Toidupakk\" \/>\n<meta property=\"article:modified_time\" content=\"2026-04-15T00:01:04+00:00\" \/>\n<meta property=\"og:image\" content=\"https:\/\/toidupakk.ee\/wp-content\/uploads\/2022\/10\/Matkapliidi-Gaasiballoon-227g-4.png\" \/>\n\t<meta property=\"og:image:width\" content=\"1080\" \/>\n\t<meta property=\"og:image:height\" content=\"1080\" \/>\n\t<meta property=\"og:image:type\" content=\"image\/png\" \/>\n<meta name=\"twitter:card\" content=\"summary_large_image\" \/>\n<meta name=\"twitter:label1\" content=\"Est. reading time\" \/>\n\t<meta name=\"twitter:data1\" content=\"1 minut\u0117\" \/>\n<script type=\"application\/ld+json\" class=\"yoast-schema-graph\">{\"@context\":\"https:\\\/\\\/schema.org\",\"@graph\":[{\"@type\":\"WebPage\",\"@id\":\"https:\\\/\\\/toidupakk.ee\\\/lt\\\/toode\\\/duju-balionelis-turistinei-viryklei-el-gaz-227-g\\\/\",\"url\":\"https:\\\/\\\/toidupakk.ee\\\/lt\\\/toode\\\/duju-balionelis-turistinei-viryklei-el-gaz-227-g\\\/\",\"name\":\"Duj\u0173 balion\u0117lis turistinei viryklei EL GAZ 227 g\",\"isPartOf\":{\"@id\":\"https:\\\/\\\/toidupakk.ee\\\/lt\\\/#website\"},\"primaryImageOfPage\":{\"@id\":\"https:\\\/\\\/toidupakk.ee\\\/lt\\\/toode\\\/duju-balionelis-turistinei-viryklei-el-gaz-227-g\\\/#primaryimage\"},\"image\":{\"@id\":\"https:\\\/\\\/toidupakk.ee\\\/lt\\\/toode\\\/duju-balionelis-turistinei-viryklei-el-gaz-227-g\\\/#primaryimage\"},\"thumbnailUrl\":\"https:\\\/\\\/toidupakk.ee\\\/wp-content\\\/uploads\\\/2022\\\/10\\\/Matkapliidi-Gaasiballoon-227g-4.png\",\"datePublished\":\"2022-10-12T11:00:57+00:00\",\"dateModified\":\"2026-04-15T00:01:04+00:00\",\"description\":\"Turistin\u0117s virykl\u0117s duj\u0173 balion\u0117lis skirtas naudoti turistin\u0117se virykl\u0117se ir kituose duj\u0173 degikliuose. Su saugiu savaime u\u017esidaran\u010diu vo\u017etuvu.\",\"breadcrumb\":{\"@id\":\"https:\\\/\\\/toidupakk.ee\\\/lt\\\/toode\\\/duju-balionelis-turistinei-viryklei-el-gaz-227-g\\\/#breadcrumb\"},\"inLanguage\":\"lt-LT\",\"potentialAction\":[{\"@type\":\"ReadAction\",\"target\":[\"https:\\\/\\\/toidupakk.ee\\\/lt\\\/toode\\\/duju-balionelis-turistinei-viryklei-el-gaz-227-g\\\/\"]}]},{\"@type\":\"ImageObject\",\"inLanguage\":\"lt-LT\",\"@id\":\"https:\\\/\\\/toidupakk.ee\\\/lt\\\/toode\\\/duju-balionelis-turistinei-viryklei-el-gaz-227-g\\\/#primaryimage\",\"url\":\"https:\\\/\\\/toidupakk.ee\\\/wp-content\\\/uploads\\\/2022\\\/10\\\/Matkapliidi-Gaasiballoon-227g-4.png\",\"contentUrl\":\"https:\\\/\\\/toidupakk.ee\\\/wp-content\\\/uploads\\\/2022\\\/10\\\/Matkapliidi-Gaasiballoon-227g-4.png\",\"width\":1080,\"height\":1080,\"caption\":\"Gaasiballoon matkapliidile\"},{\"@type\":\"BreadcrumbList\",\"@id\":\"https:\\\/\\\/toidupakk.ee\\\/lt\\\/toode\\\/duju-balionelis-turistinei-viryklei-el-gaz-227-g\\\/#breadcrumb\",\"itemListElement\":[{\"@type\":\"ListItem\",\"position\":1,\"name\":\"Avaleht\",\"item\":\"https:\\\/\\\/toidupakk.ee\\\/lt\\\/\"},{\"@type\":\"ListItem\",\"position\":2,\"name\":\"El. parduotuv\u0117\",\"item\":\"https:\\\/\\\/toidupakk.ee\\\/lt\\\/el-parduotuve\\\/\"},{\"@type\":\"ListItem\",\"position\":3,\"name\":\"Duj\u0173 balion\u0117lis turistinei viryklei EL GAZ 227 g\"}]},{\"@type\":\"WebSite\",\"@id\":\"https:\\\/\\\/toidupakk.ee\\\/lt\\\/#website\",\"url\":\"https:\\\/\\\/toidupakk.ee\\\/lt\\\/\",\"name\":\"Toidupakk.ee - Tactical Foodpack toidupakid\",\"description\":\"Tactical Foodpack k\u00fclmkuivatatud toidupakid ja matkaeined\",\"publisher\":{\"@id\":\"https:\\\/\\\/toidupakk.ee\\\/lt\\\/#organization\"},\"potentialAction\":[{\"@type\":\"SearchAction\",\"target\":{\"@type\":\"EntryPoint\",\"urlTemplate\":\"https:\\\/\\\/toidupakk.ee\\\/lt\\\/?s={search_term_string}\"},\"query-input\":{\"@type\":\"PropertyValueSpecification\",\"valueRequired\":true,\"valueName\":\"search_term_string\"}}],\"inLanguage\":\"lt-LT\"},{\"@type\":\"Organization\",\"@id\":\"https:\\\/\\\/toidupakk.ee\\\/lt\\\/#organization\",\"name\":\"Tactical Foodpack matkaeined\",\"url\":\"https:\\\/\\\/toidupakk.ee\\\/lt\\\/\",\"logo\":{\"@type\":\"ImageObject\",\"inLanguage\":\"lt-LT\",\"@id\":\"https:\\\/\\\/toidupakk.ee\\\/lt\\\/#\\\/schema\\\/logo\\\/image\\\/\",\"url\":\"https:\\\/\\\/toidupakk.ee\\\/wp-content\\\/uploads\\\/2022\\\/01\\\/Toidupakk-matkapood-logo-transparent.png\",\"contentUrl\":\"https:\\\/\\\/toidupakk.ee\\\/wp-content\\\/uploads\\\/2022\\\/01\\\/Toidupakk-matkapood-logo-transparent.png\",\"width\":500,\"height\":500,\"caption\":\"Tactical Foodpack matkaeined\"},\"image\":{\"@id\":\"https:\\\/\\\/toidupakk.ee\\\/lt\\\/#\\\/schema\\\/logo\\\/image\\\/\"},\"sameAs\":[\"https:\\\/\\\/www.facebook.com\\\/Toidupakk\",\"https:\\\/\\\/www.instagram.com\\\/toidupakk\\\/\"]}]}<\/script>\n<!-- \/ Yoast SEO plugin. -->","yoast_head_json":{"title":"Duj\u0173 balion\u0117lis turistinei viryklei EL GAZ 227 g","description":"Turistin\u0117s virykl\u0117s duj\u0173 balion\u0117lis skirtas naudoti turistin\u0117se virykl\u0117se ir kituose duj\u0173 degikliuose. Su saugiu savaime u\u017esidaran\u010diu vo\u017etuvu.","robots":{"index":"index","follow":"follow","max-snippet":"max-snippet:-1","max-image-preview":"max-image-preview:large","max-video-preview":"max-video-preview:-1"},"canonical":"https:\/\/toidupakk.ee\/lt\/toode\/duju-balionelis-turistinei-viryklei-el-gaz-227-g\/","og_locale":"lt_LT","og_type":"article","og_title":"Duj\u0173 balion\u0117lis turistinei viryklei EL GAZ 227 g","og_description":"Turistin\u0117s virykl\u0117s duj\u0173 balion\u0117lis skirtas naudoti turistin\u0117se virykl\u0117se ir kituose duj\u0173 degikliuose. Su saugiu savaime u\u017esidaran\u010diu vo\u017etuvu.","og_url":"https:\/\/toidupakk.ee\/lt\/toode\/duju-balionelis-turistinei-viryklei-el-gaz-227-g\/","og_site_name":"Toidupakk.ee - Tactical Foodpack toidupakid","article_publisher":"https:\/\/www.facebook.com\/Toidupakk","article_modified_time":"2026-04-15T00:01:04+00:00","og_image":[{"width":1080,"height":1080,"url":"https:\/\/toidupakk.ee\/wp-content\/uploads\/2022\/10\/Matkapliidi-Gaasiballoon-227g-4.png","type":"image\/png"}],"twitter_card":"summary_large_image","twitter_misc":{"Est. reading time":"1 minut\u0117"},"schema":{"@context":"https:\/\/schema.org","@graph":[{"@type":"WebPage","@id":"https:\/\/toidupakk.ee\/lt\/toode\/duju-balionelis-turistinei-viryklei-el-gaz-227-g\/","url":"https:\/\/toidupakk.ee\/lt\/toode\/duju-balionelis-turistinei-viryklei-el-gaz-227-g\/","name":"Duj\u0173 balion\u0117lis turistinei viryklei EL GAZ 227 g","isPartOf":{"@id":"https:\/\/toidupakk.ee\/lt\/#website"},"primaryImageOfPage":{"@id":"https:\/\/toidupakk.ee\/lt\/toode\/duju-balionelis-turistinei-viryklei-el-gaz-227-g\/#primaryimage"},"image":{"@id":"https:\/\/toidupakk.ee\/lt\/toode\/duju-balionelis-turistinei-viryklei-el-gaz-227-g\/#primaryimage"},"thumbnailUrl":"https:\/\/toidupakk.ee\/wp-content\/uploads\/2022\/10\/Matkapliidi-Gaasiballoon-227g-4.png","datePublished":"2022-10-12T11:00:57+00:00","dateModified":"2026-04-15T00:01:04+00:00","description":"Turistin\u0117s virykl\u0117s duj\u0173 balion\u0117lis skirtas naudoti turistin\u0117se virykl\u0117se ir kituose duj\u0173 degikliuose. Su saugiu savaime u\u017esidaran\u010diu vo\u017etuvu.","breadcrumb":{"@id":"https:\/\/toidupakk.ee\/lt\/toode\/duju-balionelis-turistinei-viryklei-el-gaz-227-g\/#breadcrumb"},"inLanguage":"lt-LT","potentialAction":[{"@type":"ReadAction","target":["https:\/\/toidupakk.ee\/lt\/toode\/duju-balionelis-turistinei-viryklei-el-gaz-227-g\/"]}]},{"@type":"ImageObject","inLanguage":"lt-LT","@id":"https:\/\/toidupakk.ee\/lt\/toode\/duju-balionelis-turistinei-viryklei-el-gaz-227-g\/#primaryimage","url":"https:\/\/toidupakk.ee\/wp-content\/uploads\/2022\/10\/Matkapliidi-Gaasiballoon-227g-4.png","contentUrl":"https:\/\/toidupakk.ee\/wp-content\/uploads\/2022\/10\/Matkapliidi-Gaasiballoon-227g-4.png","width":1080,"height":1080,"caption":"Gaasiballoon matkapliidile"},{"@type":"BreadcrumbList","@id":"https:\/\/toidupakk.ee\/lt\/toode\/duju-balionelis-turistinei-viryklei-el-gaz-227-g\/#breadcrumb","itemListElement":[{"@type":"ListItem","position":1,"name":"Avaleht","item":"https:\/\/toidupakk.ee\/lt\/"},{"@type":"ListItem","position":2,"name":"El. parduotuv\u0117","item":"https:\/\/toidupakk.ee\/lt\/el-parduotuve\/"},{"@type":"ListItem","position":3,"name":"Duj\u0173 balion\u0117lis turistinei viryklei EL GAZ 227 g"}]},{"@type":"WebSite","@id":"https:\/\/toidupakk.ee\/lt\/#website","url":"https:\/\/toidupakk.ee\/lt\/","name":"Toidupakk.ee - Tactical Foodpack toidupakid","description":"Tactical Foodpack k\u00fclmkuivatatud toidupakid ja matkaeined","publisher":{"@id":"https:\/\/toidupakk.ee\/lt\/#organization"},"potentialAction":[{"@type":"SearchAction","target":{"@type":"EntryPoint","urlTemplate":"https:\/\/toidupakk.ee\/lt\/?s={search_term_string}"},"query-input":{"@type":"PropertyValueSpecification","valueRequired":true,"valueName":"search_term_string"}}],"inLanguage":"lt-LT"},{"@type":"Organization","@id":"https:\/\/toidupakk.ee\/lt\/#organization","name":"Tactical Foodpack matkaeined","url":"https:\/\/toidupakk.ee\/lt\/","logo":{"@type":"ImageObject","inLanguage":"lt-LT","@id":"https:\/\/toidupakk.ee\/lt\/#\/schema\/logo\/image\/","url":"https:\/\/toidupakk.ee\/wp-content\/uploads\/2022\/01\/Toidupakk-matkapood-logo-transparent.png","contentUrl":"https:\/\/toidupakk.ee\/wp-content\/uploads\/2022\/01\/Toidupakk-matkapood-logo-transparent.png","width":500,"height":500,"caption":"Tactical Foodpack matkaeined"},"image":{"@id":"https:\/\/toidupakk.ee\/lt\/#\/schema\/logo\/image\/"},"sameAs":["https:\/\/www.facebook.com\/Toidupakk","https:\/\/www.instagram.com\/toidupakk\/"]}]}},"jetpack_sharing_enabled":true,"_links":{"self":[{"href":"https:\/\/toidupakk.ee\/lt\/wp-json\/wp\/v2\/product\/47691","targetHints":{"allow":["GET"]}}],"collection":[{"href":"https:\/\/toidupakk.ee\/lt\/wp-json\/wp\/v2\/product"}],"about":[{"href":"https:\/\/toidupakk.ee\/lt\/wp-json\/wp\/v2\/types\/product"}],"replies":[{"embeddable":true,"href":"https:\/\/toidupakk.ee\/lt\/wp-json\/wp\/v2\/comments?post=47691"}],"wp:featuredmedia":[{"embeddable":true,"href":"https:\/\/toidupakk.ee\/lt\/wp-json\/wp\/v2\/media\/3641"}],"wp:attachment":[{"href":"https:\/\/toidupakk.ee\/lt\/wp-json\/wp\/v2\/media?parent=47691"}],"wp:term":[{"taxonomy":"product_brand","embeddable":true,"href":"https:\/\/toidupakk.ee\/lt\/wp-json\/wp\/v2\/product_brand?post=47691"},{"taxonomy":"product_cat","embeddable":true,"href":"https:\/\/toidupakk.ee\/lt\/wp-json\/wp\/v2\/product_cat?post=47691"},{"taxonomy":"product_tag","embeddable":true,"href":"https:\/\/toidupakk.ee\/lt\/wp-json\/wp\/v2\/product_tag?post=47691"}],"curies":[{"name":"wp","href":"https:\/\/api.w.org\/{rel}","templated":true}]}}