{"id":47676,"date":"2022-11-14T13:23:39","date_gmt":"2022-11-14T11:23:39","guid":{"rendered":"https:\/\/toidupakk.ee\/toode\/atsparus-oro-salygoms-ziebtuvelis\/"},"modified":"2026-04-04T07:01:42","modified_gmt":"2026-04-04T04:01:42","slug":"atsparus-oro-salygoms-ziebtuvelis","status":"publish","type":"product","link":"https:\/\/toidupakk.ee\/lt\/toode\/atsparus-oro-salygoms-ziebtuvelis\/","title":{"rendered":"Atsparus oro s\u0105lygoms \u017eiebtuv\u0117lis"},"content":{"rendered":"<h1><img fetchpriority=\"high\" decoding=\"async\" class=\"alignright wp-image-4169 size-medium\" src=\"https:\/\/toidupakk.ee\/wp-content\/uploads\/2022\/11\/Zippo-stiilis-ilmastikukindel-tulemasin-2-300x300.png\" alt=\"V\u0117jui atsparus \u201ezippo\u201c\" width=\"300\" height=\"300\" srcset=\"https:\/\/toidupakk.ee\/wp-content\/uploads\/2022\/11\/Zippo-stiilis-ilmastikukindel-tulemasin-2-300x300.png 300w, https:\/\/toidupakk.ee\/wp-content\/uploads\/2022\/11\/Zippo-stiilis-ilmastikukindel-tulemasin-2-400x400.png 400w, https:\/\/toidupakk.ee\/wp-content\/uploads\/2022\/11\/Zippo-stiilis-ilmastikukindel-tulemasin-2-100x100.png 100w, https:\/\/toidupakk.ee\/wp-content\/uploads\/2022\/11\/Zippo-stiilis-ilmastikukindel-tulemasin-2-800x800.png 800w, https:\/\/toidupakk.ee\/wp-content\/uploads\/2022\/11\/Zippo-stiilis-ilmastikukindel-tulemasin-2-1024x1024.png 1024w, https:\/\/toidupakk.ee\/wp-content\/uploads\/2022\/11\/Zippo-stiilis-ilmastikukindel-tulemasin-2-500x500.png 500w, https:\/\/toidupakk.ee\/wp-content\/uploads\/2022\/11\/Zippo-stiilis-ilmastikukindel-tulemasin-2-768x768.png 768w, https:\/\/toidupakk.ee\/wp-content\/uploads\/2022\/11\/Zippo-stiilis-ilmastikukindel-tulemasin-2.png 1080w\" sizes=\"(max-width: 300px) 100vw, 300px\" \/><\/h1>\n<h1>Atsparus oro s\u0105lygoms \u017eiebtuv\u0117lis<\/h1>\n<p>Atspar\u016bs oro s\u0105lygoms \u017eiebtuv\u0117liai i\u0161populiar\u0117jo kaip v\u0117jui atspar\u016bs \u017eiebtuv\u0117liai. \u0160ie \u017eiebtuv\u0117liai skirti naudoti net ir sud\u0117tingomis oro s\u0105lygomis. \u0160i\u0173 \u017eiebtuv\u0117li\u0173 atsparumas v\u0117jui rei\u0161kia, kad j\u0173 liepsna neu\u017eg\u0119sta net ir v\u0117juotu oru.  <\/p>\n<h2>\u017diebtuv\u0117lio naudojimas<\/h2>\n<p>Geriausias b\u016bdas u\u017egesinti liepsn\u0105 \u2013 u\u017edaryti \u017eiebtuv\u0117l\u012f, t. y. paspausti vir\u0161utin\u0119 dal\u012f. Taip nutraukiamas deguonies tiekimas liepsnai ir ji u\u017eg\u0119sta. \u017diebtuv\u0117liui b\u016bdingas spragtel\u0117jimas, girdimas tiek atidarant, tiek u\u017edarant vir\u0161utin\u0119 dal\u012f. I\u0161 dalies d\u0117l \u0161io garso \u0161io tipo \u017eiebtuv\u0117liai yra \u017einomi visame pasaulyje.   <\/p>\n<p><img decoding=\"async\" class=\"size-medium wp-image-4168 alignnone\" src=\"https:\/\/toidupakk.ee\/wp-content\/uploads\/2022\/11\/Zippo-stiilis-ilmastikukindel-tulemasin-1-300x300.png\" alt=\"\u201eZippo\u201c \u017eiebtuv\u0117lis\" width=\"300\" height=\"300\" srcset=\"https:\/\/toidupakk.ee\/wp-content\/uploads\/2022\/11\/Zippo-stiilis-ilmastikukindel-tulemasin-1-300x300.png 300w, https:\/\/toidupakk.ee\/wp-content\/uploads\/2022\/11\/Zippo-stiilis-ilmastikukindel-tulemasin-1-400x400.png 400w, https:\/\/toidupakk.ee\/wp-content\/uploads\/2022\/11\/Zippo-stiilis-ilmastikukindel-tulemasin-1-100x100.png 100w, https:\/\/toidupakk.ee\/wp-content\/uploads\/2022\/11\/Zippo-stiilis-ilmastikukindel-tulemasin-1-800x800.png 800w, https:\/\/toidupakk.ee\/wp-content\/uploads\/2022\/11\/Zippo-stiilis-ilmastikukindel-tulemasin-1-1024x1024.png 1024w, https:\/\/toidupakk.ee\/wp-content\/uploads\/2022\/11\/Zippo-stiilis-ilmastikukindel-tulemasin-1-500x500.png 500w, https:\/\/toidupakk.ee\/wp-content\/uploads\/2022\/11\/Zippo-stiilis-ilmastikukindel-tulemasin-1-768x768.png 768w, https:\/\/toidupakk.ee\/wp-content\/uploads\/2022\/11\/Zippo-stiilis-ilmastikukindel-tulemasin-1.png 1080w\" sizes=\"(max-width: 300px) 100vw, 300px\" \/><\/p>\n<p>\u017diebtuv\u0117liai pildomi specialiu <a href=\"https:\/\/toidupakk.ee\/lt\/toode\/zippo-ziebtuveliu-benzinas-125-ml\/\">\u201ezippo\u201c benzinu<\/a>, kur\u012f galima \u012fsigyti atskirai. Atkreipiame d\u0117mes\u012f, kad naujai \u012fsigytas \u017eiebtuv\u0117lis yra be benzino. Saugaus naudojimo instrukcij\u0105 rasi ant pakuot\u0117s.  <\/p>\n<p><img decoding=\"async\" class=\"alignnone size-medium wp-image-4178\" src=\"https:\/\/toidupakk.ee\/wp-content\/uploads\/2022\/11\/Zippo-tulemasina-bensiin-1-300x300.png\" alt=\"\u201ezippo\u201c benzinas\" width=\"300\" height=\"300\" srcset=\"https:\/\/toidupakk.ee\/wp-content\/uploads\/2022\/11\/Zippo-tulemasina-bensiin-1-300x300.png 300w, https:\/\/toidupakk.ee\/wp-content\/uploads\/2022\/11\/Zippo-tulemasina-bensiin-1-400x400.png 400w, https:\/\/toidupakk.ee\/wp-content\/uploads\/2022\/11\/Zippo-tulemasina-bensiin-1-100x100.png 100w, https:\/\/toidupakk.ee\/wp-content\/uploads\/2022\/11\/Zippo-tulemasina-bensiin-1-800x800.png 800w, https:\/\/toidupakk.ee\/wp-content\/uploads\/2022\/11\/Zippo-tulemasina-bensiin-1-1024x1024.png 1024w, https:\/\/toidupakk.ee\/wp-content\/uploads\/2022\/11\/Zippo-tulemasina-bensiin-1-500x500.png 500w, https:\/\/toidupakk.ee\/wp-content\/uploads\/2022\/11\/Zippo-tulemasina-bensiin-1-768x768.png 768w, https:\/\/toidupakk.ee\/wp-content\/uploads\/2022\/11\/Zippo-tulemasina-bensiin-1.png 1080w\" sizes=\"(max-width: 300px) 100vw, 300px\" \/><\/p>\n<p><strong>NB! Taip pat galima rinktis matin\u012f juod\u0105 bei \u201eBrushed Silver\u201c dizain\u0105. <\/strong><\/p>\n<div id=\"attachment_5040\" style=\"width: 310px\" class=\"wp-caption alignnone\"><img loading=\"lazy\" decoding=\"async\" aria-describedby=\"caption-attachment-5040\" class=\"size-medium wp-image-5040\" src=\"https:\/\/toidupakk.ee\/wp-content\/uploads\/2022\/12\/Zippo-matt-must-4-300x300.png\" alt=\"{%ALT_TEXT%}\" width=\"300\" height=\"300\" srcset=\"https:\/\/toidupakk.ee\/wp-content\/uploads\/2022\/12\/Zippo-matt-must-4-300x300.png 300w, https:\/\/toidupakk.ee\/wp-content\/uploads\/2022\/12\/Zippo-matt-must-4-400x400.png 400w, https:\/\/toidupakk.ee\/wp-content\/uploads\/2022\/12\/Zippo-matt-must-4-100x100.png 100w, https:\/\/toidupakk.ee\/wp-content\/uploads\/2022\/12\/Zippo-matt-must-4-800x800.png 800w, https:\/\/toidupakk.ee\/wp-content\/uploads\/2022\/12\/Zippo-matt-must-4-1024x1024.png 1024w, https:\/\/toidupakk.ee\/wp-content\/uploads\/2022\/12\/Zippo-matt-must-4-500x500.png 500w, https:\/\/toidupakk.ee\/wp-content\/uploads\/2022\/12\/Zippo-matt-must-4-768x768.png 768w, https:\/\/toidupakk.ee\/wp-content\/uploads\/2022\/12\/Zippo-matt-must-4.png 1080w\" sizes=\"(max-width: 300px) 100vw, 300px\" \/><p id=\"caption-attachment-5040\" class=\"wp-caption-text\">{%CAPTION%}<\/p><\/div>\n<p>Daugiau \u017eygio preki\u0173 rasi <a href=\"https:\/\/toidupakk.ee\/lt\/tootekategooria\/zygio-iranga\/#section-3-79\">\u010cIA<\/a><\/p>\n<p>Pasisemk \u012fkv\u0117pimo kitiems nuotykiams Toidupakk <a href=\"https:\/\/www.instagram.com\/toidupakk\/\">Instagram<\/a> ir <a href=\"https:\/\/www.facebook.com\/Toidupakk\/\">Facebook<\/a> paskyrose.<\/p>\n","protected":false},"excerpt":{"rendered":"<ul>\n<li>Nuotyki\u0173 ie\u0161kotoj\u0173 pam\u0117gtas \u017eiebtuv\u0117lis, kuris nenuvils net at\u0161iauriausiomis oro s\u0105lygomis.<\/li>\n<li>\u017diebtuv\u0117lis, veikiantis net v\u0117juotu oru.<\/li>\n<li>Metalinis \u017eiebtuv\u0117lis, kur\u012f galima papildyti.<\/li>\n<\/ul>\n<p>Spalvos: blizgi sidabrin\u0117, \u201ebrushed\u201c sidabrin\u0117 ir matin\u0117 juoda<\/p>\n<p>Matmenys: 4 x 1,5 x 6 cm<br \/>\nSvoris: 50 g (neu\u017epildytas)<\/p>\n<p>\u2705 Turime sand\u0117lyje, greitas pristatymas per 1\u20133 darbo dienas<\/p>\n","protected":false},"featured_media":4169,"comment_status":"open","ping_status":"closed","template":"","meta":{"_acf_changed":false},"product_brand":[],"product_cat":[189,190],"product_tag":[],"class_list":{"0":"post-47676","1":"product","2":"type-product","3":"status-publish","4":"has-post-thumbnail","6":"product_cat-zygio-iranga","7":"product_cat-zygio-prekes","9":"first","10":"instock","11":"sale","12":"taxable","13":"shipping-taxable","14":"purchasable","15":"product-type-variable","16":"has-default-attributes"},"bundled_by":[],"bundle_stock_status":"instock","bundle_stock_quantity":null,"bundle_virtual":false,"bundle_layout":"","bundle_add_to_cart_form_location":"","bundle_editable_in_cart":false,"bundle_sold_individually_context":"","bundle_item_grouping":"","bundle_min_size":"","bundle_max_size":"","bundle_price":[],"bundled_items":[],"bundle_sell_ids":[],"acf":[],"yoast_head":"<!-- This site is optimized with the Yoast SEO plugin v27.1.1 - https:\/\/yoast.com\/product\/yoast-seo-wordpress\/ -->\n<title>Atsparus oro s\u0105lygoms \u017eiebtuv\u0117lis<\/title>\n<meta name=\"description\" content=\"\u201eZippo\u201c tipo \u017eiebtuv\u0117liai i\u0161populiar\u0117jo kaip v\u0117jui atspar\u016bs \u017eiebtuv\u0117liai. \u0160ie \u017eiebtuv\u0117liai skirti naudoti net ir sud\u0117tingomis oro s\u0105lygomis.\" \/>\n<meta name=\"robots\" content=\"index, follow, max-snippet:-1, max-image-preview:large, max-video-preview:-1\" \/>\n<link rel=\"canonical\" href=\"https:\/\/toidupakk.ee\/lt\/toode\/atsparus-oro-salygoms-ziebtuvelis\/\" \/>\n<meta property=\"og:locale\" content=\"lt_LT\" \/>\n<meta property=\"og:type\" content=\"article\" \/>\n<meta property=\"og:title\" content=\"Atsparus oro s\u0105lygoms \u017eiebtuv\u0117lis\" \/>\n<meta property=\"og:description\" content=\"\u201eZippo\u201c tipo \u017eiebtuv\u0117liai i\u0161populiar\u0117jo kaip v\u0117jui atspar\u016bs \u017eiebtuv\u0117liai. \u0160ie \u017eiebtuv\u0117liai skirti naudoti net ir sud\u0117tingomis oro s\u0105lygomis.\" \/>\n<meta property=\"og:url\" content=\"https:\/\/toidupakk.ee\/lt\/toode\/atsparus-oro-salygoms-ziebtuvelis\/\" \/>\n<meta property=\"og:site_name\" content=\"Toidupakk.ee - Tactical Foodpack toidupakid\" \/>\n<meta property=\"article:publisher\" content=\"https:\/\/www.facebook.com\/Toidupakk\" \/>\n<meta property=\"article:modified_time\" content=\"2026-04-04T04:01:42+00:00\" \/>\n<meta property=\"og:image\" content=\"https:\/\/toidupakk.ee\/wp-content\/uploads\/2022\/11\/Zippo-stiilis-ilmastikukindel-tulemasin-2.png\" \/>\n\t<meta property=\"og:image:width\" content=\"1080\" \/>\n\t<meta property=\"og:image:height\" content=\"1080\" \/>\n\t<meta property=\"og:image:type\" content=\"image\/png\" \/>\n<meta name=\"twitter:card\" content=\"summary_large_image\" \/>\n<meta name=\"twitter:label1\" content=\"Est. reading time\" \/>\n\t<meta name=\"twitter:data1\" content=\"1 minut\u0117\" \/>\n<script type=\"application\/ld+json\" class=\"yoast-schema-graph\">{\"@context\":\"https:\/\/schema.org\",\"@graph\":[{\"@type\":\"WebPage\",\"@id\":\"https:\/\/toidupakk.ee\/lt\/toode\/atsparus-oro-salygoms-ziebtuvelis\/\",\"url\":\"https:\/\/toidupakk.ee\/lt\/toode\/atsparus-oro-salygoms-ziebtuvelis\/\",\"name\":\"Atsparus oro s\u0105lygoms \u017eiebtuv\u0117lis\",\"isPartOf\":{\"@id\":\"https:\/\/toidupakk.ee\/lt\/#website\"},\"primaryImageOfPage\":{\"@id\":\"https:\/\/toidupakk.ee\/lt\/toode\/atsparus-oro-salygoms-ziebtuvelis\/#primaryimage\"},\"image\":{\"@id\":\"https:\/\/toidupakk.ee\/lt\/toode\/atsparus-oro-salygoms-ziebtuvelis\/#primaryimage\"},\"thumbnailUrl\":\"https:\/\/toidupakk.ee\/wp-content\/uploads\/2022\/11\/Zippo-stiilis-ilmastikukindel-tulemasin-2.png\",\"datePublished\":\"2022-11-14T11:23:39+00:00\",\"dateModified\":\"2026-04-04T04:01:42+00:00\",\"description\":\"\u201eZippo\u201c tipo \u017eiebtuv\u0117liai i\u0161populiar\u0117jo kaip v\u0117jui atspar\u016bs \u017eiebtuv\u0117liai. \u0160ie \u017eiebtuv\u0117liai skirti naudoti net ir sud\u0117tingomis oro s\u0105lygomis.\",\"breadcrumb\":{\"@id\":\"https:\/\/toidupakk.ee\/lt\/toode\/atsparus-oro-salygoms-ziebtuvelis\/#breadcrumb\"},\"inLanguage\":\"lt-LT\",\"potentialAction\":[{\"@type\":\"ReadAction\",\"target\":[\"https:\/\/toidupakk.ee\/lt\/toode\/atsparus-oro-salygoms-ziebtuvelis\/\"]}]},{\"@type\":\"ImageObject\",\"inLanguage\":\"lt-LT\",\"@id\":\"https:\/\/toidupakk.ee\/lt\/toode\/atsparus-oro-salygoms-ziebtuvelis\/#primaryimage\",\"url\":\"https:\/\/toidupakk.ee\/wp-content\/uploads\/2022\/11\/Zippo-stiilis-ilmastikukindel-tulemasin-2.png\",\"contentUrl\":\"https:\/\/toidupakk.ee\/wp-content\/uploads\/2022\/11\/Zippo-stiilis-ilmastikukindel-tulemasin-2.png\",\"width\":1080,\"height\":1080,\"caption\":\"Tuulekindel zippo\"},{\"@type\":\"BreadcrumbList\",\"@id\":\"https:\/\/toidupakk.ee\/lt\/toode\/atsparus-oro-salygoms-ziebtuvelis\/#breadcrumb\",\"itemListElement\":[{\"@type\":\"ListItem\",\"position\":1,\"name\":\"Avaleht\",\"item\":\"https:\/\/toidupakk.ee\/lt\/\"},{\"@type\":\"ListItem\",\"position\":2,\"name\":\"El. parduotuv\u0117\",\"item\":\"https:\/\/toidupakk.ee\/lt\/el-parduotuve\/\"},{\"@type\":\"ListItem\",\"position\":3,\"name\":\"Atsparus oro s\u0105lygoms \u017eiebtuv\u0117lis\"}]},{\"@type\":\"WebSite\",\"@id\":\"https:\/\/toidupakk.ee\/lt\/#website\",\"url\":\"https:\/\/toidupakk.ee\/lt\/\",\"name\":\"Toidupakk.ee - Tactical Foodpack toidupakid\",\"description\":\"Tactical Foodpack k\u00fclmkuivatatud toidupakid ja matkaeined\",\"publisher\":{\"@id\":\"https:\/\/toidupakk.ee\/lt\/#organization\"},\"potentialAction\":[{\"@type\":\"SearchAction\",\"target\":{\"@type\":\"EntryPoint\",\"urlTemplate\":\"https:\/\/toidupakk.ee\/lt\/?s={search_term_string}\"},\"query-input\":{\"@type\":\"PropertyValueSpecification\",\"valueRequired\":true,\"valueName\":\"search_term_string\"}}],\"inLanguage\":\"lt-LT\"},{\"@type\":\"Organization\",\"@id\":\"https:\/\/toidupakk.ee\/lt\/#organization\",\"name\":\"Tactical Foodpack matkaeined\",\"url\":\"https:\/\/toidupakk.ee\/lt\/\",\"logo\":{\"@type\":\"ImageObject\",\"inLanguage\":\"lt-LT\",\"@id\":\"https:\/\/toidupakk.ee\/lt\/#\/schema\/logo\/image\/\",\"url\":\"https:\/\/toidupakk.ee\/wp-content\/uploads\/2022\/01\/Toidupakk-matkapood-logo-transparent.png\",\"contentUrl\":\"https:\/\/toidupakk.ee\/wp-content\/uploads\/2022\/01\/Toidupakk-matkapood-logo-transparent.png\",\"width\":500,\"height\":500,\"caption\":\"Tactical Foodpack matkaeined\"},\"image\":{\"@id\":\"https:\/\/toidupakk.ee\/lt\/#\/schema\/logo\/image\/\"},\"sameAs\":[\"https:\/\/www.facebook.com\/Toidupakk\",\"https:\/\/www.instagram.com\/toidupakk\/\"]}]}<\/script>\n<!-- \/ Yoast SEO plugin. -->","yoast_head_json":{"title":"Atsparus oro s\u0105lygoms \u017eiebtuv\u0117lis","description":"\u201eZippo\u201c tipo \u017eiebtuv\u0117liai i\u0161populiar\u0117jo kaip v\u0117jui atspar\u016bs \u017eiebtuv\u0117liai. \u0160ie \u017eiebtuv\u0117liai skirti naudoti net ir sud\u0117tingomis oro s\u0105lygomis.","robots":{"index":"index","follow":"follow","max-snippet":"max-snippet:-1","max-image-preview":"max-image-preview:large","max-video-preview":"max-video-preview:-1"},"canonical":"https:\/\/toidupakk.ee\/lt\/toode\/atsparus-oro-salygoms-ziebtuvelis\/","og_locale":"lt_LT","og_type":"article","og_title":"Atsparus oro s\u0105lygoms \u017eiebtuv\u0117lis","og_description":"\u201eZippo\u201c tipo \u017eiebtuv\u0117liai i\u0161populiar\u0117jo kaip v\u0117jui atspar\u016bs \u017eiebtuv\u0117liai. \u0160ie \u017eiebtuv\u0117liai skirti naudoti net ir sud\u0117tingomis oro s\u0105lygomis.","og_url":"https:\/\/toidupakk.ee\/lt\/toode\/atsparus-oro-salygoms-ziebtuvelis\/","og_site_name":"Toidupakk.ee - Tactical Foodpack toidupakid","article_publisher":"https:\/\/www.facebook.com\/Toidupakk","article_modified_time":"2026-04-04T04:01:42+00:00","og_image":[{"width":1080,"height":1080,"url":"https:\/\/toidupakk.ee\/wp-content\/uploads\/2022\/11\/Zippo-stiilis-ilmastikukindel-tulemasin-2.png","type":"image\/png"}],"twitter_card":"summary_large_image","twitter_misc":{"Est. reading time":"1 minut\u0117"},"schema":{"@context":"https:\/\/schema.org","@graph":[{"@type":"WebPage","@id":"https:\/\/toidupakk.ee\/lt\/toode\/atsparus-oro-salygoms-ziebtuvelis\/","url":"https:\/\/toidupakk.ee\/lt\/toode\/atsparus-oro-salygoms-ziebtuvelis\/","name":"Atsparus oro s\u0105lygoms \u017eiebtuv\u0117lis","isPartOf":{"@id":"https:\/\/toidupakk.ee\/lt\/#website"},"primaryImageOfPage":{"@id":"https:\/\/toidupakk.ee\/lt\/toode\/atsparus-oro-salygoms-ziebtuvelis\/#primaryimage"},"image":{"@id":"https:\/\/toidupakk.ee\/lt\/toode\/atsparus-oro-salygoms-ziebtuvelis\/#primaryimage"},"thumbnailUrl":"https:\/\/toidupakk.ee\/wp-content\/uploads\/2022\/11\/Zippo-stiilis-ilmastikukindel-tulemasin-2.png","datePublished":"2022-11-14T11:23:39+00:00","dateModified":"2026-04-04T04:01:42+00:00","description":"\u201eZippo\u201c tipo \u017eiebtuv\u0117liai i\u0161populiar\u0117jo kaip v\u0117jui atspar\u016bs \u017eiebtuv\u0117liai. \u0160ie \u017eiebtuv\u0117liai skirti naudoti net ir sud\u0117tingomis oro s\u0105lygomis.","breadcrumb":{"@id":"https:\/\/toidupakk.ee\/lt\/toode\/atsparus-oro-salygoms-ziebtuvelis\/#breadcrumb"},"inLanguage":"lt-LT","potentialAction":[{"@type":"ReadAction","target":["https:\/\/toidupakk.ee\/lt\/toode\/atsparus-oro-salygoms-ziebtuvelis\/"]}]},{"@type":"ImageObject","inLanguage":"lt-LT","@id":"https:\/\/toidupakk.ee\/lt\/toode\/atsparus-oro-salygoms-ziebtuvelis\/#primaryimage","url":"https:\/\/toidupakk.ee\/wp-content\/uploads\/2022\/11\/Zippo-stiilis-ilmastikukindel-tulemasin-2.png","contentUrl":"https:\/\/toidupakk.ee\/wp-content\/uploads\/2022\/11\/Zippo-stiilis-ilmastikukindel-tulemasin-2.png","width":1080,"height":1080,"caption":"Tuulekindel zippo"},{"@type":"BreadcrumbList","@id":"https:\/\/toidupakk.ee\/lt\/toode\/atsparus-oro-salygoms-ziebtuvelis\/#breadcrumb","itemListElement":[{"@type":"ListItem","position":1,"name":"Avaleht","item":"https:\/\/toidupakk.ee\/lt\/"},{"@type":"ListItem","position":2,"name":"El. parduotuv\u0117","item":"https:\/\/toidupakk.ee\/lt\/el-parduotuve\/"},{"@type":"ListItem","position":3,"name":"Atsparus oro s\u0105lygoms \u017eiebtuv\u0117lis"}]},{"@type":"WebSite","@id":"https:\/\/toidupakk.ee\/lt\/#website","url":"https:\/\/toidupakk.ee\/lt\/","name":"Toidupakk.ee - Tactical Foodpack toidupakid","description":"Tactical Foodpack k\u00fclmkuivatatud toidupakid ja matkaeined","publisher":{"@id":"https:\/\/toidupakk.ee\/lt\/#organization"},"potentialAction":[{"@type":"SearchAction","target":{"@type":"EntryPoint","urlTemplate":"https:\/\/toidupakk.ee\/lt\/?s={search_term_string}"},"query-input":{"@type":"PropertyValueSpecification","valueRequired":true,"valueName":"search_term_string"}}],"inLanguage":"lt-LT"},{"@type":"Organization","@id":"https:\/\/toidupakk.ee\/lt\/#organization","name":"Tactical Foodpack matkaeined","url":"https:\/\/toidupakk.ee\/lt\/","logo":{"@type":"ImageObject","inLanguage":"lt-LT","@id":"https:\/\/toidupakk.ee\/lt\/#\/schema\/logo\/image\/","url":"https:\/\/toidupakk.ee\/wp-content\/uploads\/2022\/01\/Toidupakk-matkapood-logo-transparent.png","contentUrl":"https:\/\/toidupakk.ee\/wp-content\/uploads\/2022\/01\/Toidupakk-matkapood-logo-transparent.png","width":500,"height":500,"caption":"Tactical Foodpack matkaeined"},"image":{"@id":"https:\/\/toidupakk.ee\/lt\/#\/schema\/logo\/image\/"},"sameAs":["https:\/\/www.facebook.com\/Toidupakk","https:\/\/www.instagram.com\/toidupakk\/"]}]}},"jetpack_sharing_enabled":true,"_links":{"self":[{"href":"https:\/\/toidupakk.ee\/lt\/wp-json\/wp\/v2\/product\/47676","targetHints":{"allow":["GET"]}}],"collection":[{"href":"https:\/\/toidupakk.ee\/lt\/wp-json\/wp\/v2\/product"}],"about":[{"href":"https:\/\/toidupakk.ee\/lt\/wp-json\/wp\/v2\/types\/product"}],"replies":[{"embeddable":true,"href":"https:\/\/toidupakk.ee\/lt\/wp-json\/wp\/v2\/comments?post=47676"}],"wp:featuredmedia":[{"embeddable":true,"href":"https:\/\/toidupakk.ee\/lt\/wp-json\/wp\/v2\/media\/4169"}],"wp:attachment":[{"href":"https:\/\/toidupakk.ee\/lt\/wp-json\/wp\/v2\/media?parent=47676"}],"wp:term":[{"taxonomy":"product_brand","embeddable":true,"href":"https:\/\/toidupakk.ee\/lt\/wp-json\/wp\/v2\/product_brand?post=47676"},{"taxonomy":"product_cat","embeddable":true,"href":"https:\/\/toidupakk.ee\/lt\/wp-json\/wp\/v2\/product_cat?post=47676"},{"taxonomy":"product_tag","embeddable":true,"href":"https:\/\/toidupakk.ee\/lt\/wp-json\/wp\/v2\/product_tag?post=47676"}],"curies":[{"name":"wp","href":"https:\/\/api.w.org\/{rel}","templated":true}]}}