{"id":47666,"date":"2022-09-29T18:06:11","date_gmt":"2022-09-29T15:06:11","guid":{"rendered":"https:\/\/toidupakk.ee\/toode\/dziovinti-mangai-500-g-be-pridetinio-cukraus\/"},"modified":"2026-04-20T11:31:44","modified_gmt":"2026-04-20T08:31:44","slug":"dziovinti-mangai-500-g-be-pridetinio-cukraus","status":"publish","type":"product","link":"https:\/\/toidupakk.ee\/lt\/toode\/dziovinti-mangai-500-g-be-pridetinio-cukraus\/","title":{"rendered":"D\u017eiovinti mangai, 500 g, be prid\u0117tinio cukraus"},"content":{"rendered":"<h1><img fetchpriority=\"high\" decoding=\"async\" class=\"wp-image-5049 size-thumbnail alignright\" style=\"font-size: 16px; font-weight: 400;\" src=\"https:\/\/toidupakk.ee\/wp-content\/uploads\/2022\/09\/Kuivatatud-mango-5-500x500.png\" alt=\"D\u017eiovintas mangas l\u0117k\u0161t\u0117je\" width=\"500\" height=\"500\" srcset=\"https:\/\/toidupakk.ee\/wp-content\/uploads\/2022\/09\/Kuivatatud-mango-5-500x500.png 500w, https:\/\/toidupakk.ee\/wp-content\/uploads\/2022\/09\/Kuivatatud-mango-5-400x400.png 400w, https:\/\/toidupakk.ee\/wp-content\/uploads\/2022\/09\/Kuivatatud-mango-5-100x100.png 100w, https:\/\/toidupakk.ee\/wp-content\/uploads\/2022\/09\/Kuivatatud-mango-5-800x800.png 800w, https:\/\/toidupakk.ee\/wp-content\/uploads\/2022\/09\/Kuivatatud-mango-5-300x300.png 300w, https:\/\/toidupakk.ee\/wp-content\/uploads\/2022\/09\/Kuivatatud-mango-5-1024x1024.png 1024w, https:\/\/toidupakk.ee\/wp-content\/uploads\/2022\/09\/Kuivatatud-mango-5-768x768.png 768w, https:\/\/toidupakk.ee\/wp-content\/uploads\/2022\/09\/Kuivatatud-mango-5.png 1080w\" sizes=\"(max-width: 500px) 100vw, 500px\" \/>D\u017eiovintas mangas \u2013 kas tai?<\/h1>\n<p>D\u017eiovintas mangas yra puiki ir sveika alternatyva \u0161okoladui, saldainiams, ledams ir kitiems skan\u0117stams. Manguose gausu vitamino C ir beta karoteno, taip pat kalcio bei gele\u017eies. Kalcis padeda stiprinti kaulus. D\u017eiovintuose manguose esantis cukrus stimuliuoja smegen\u0173 veikl\u0105, o skaidulos gerina vir\u0161kinim\u0105. Did\u017ei\u0105j\u0105 d\u017eiovinto mango dal\u012f sudaro angliavandeniai, jame taip pat yra vitamin\u0173 A ir E.      <\/p>\n<h2>Ar \u017einojai, kad norint pagaminti 1 kilogram\u0105 d\u017eiovint\u0173 mang\u0173, reikia 10 kilogram\u0173 \u0161vie\u017ei\u0173 vaisi\u0173?<\/h2>\n<p>D\u017eiovintus mangus labai vertina tiek vaikai, tiek suaugusieji. Kas band\u0117, tas \u017eino! Paragauk ir garantuojame, kad greitai gr\u012f\u0161i papildymo!  <\/p>\n<h3>Kod\u0117l verta valgyti mangus?<\/h3>\n<p>Pirmiausia tod\u0117l, kad tai be galo skanu!<\/p>\n<p>Antra, mangas, kaip vienas populiariausi\u0173 tropini\u0173 vaisi\u0173, visame pasaulyje pelnytai vadinamas vaisi\u0173 karaliumi. Indijoje mangai prad\u0117ti auginti prie\u0161 4000 met\u0173. XVI a. per portugalus \u0161is skanus vaisius i\u0161 Piet\u0173 Indijos pasiek\u0117 Afrik\u0105, o i\u0161 ten nukeliavo \u012f Amerikos \u017eemyn\u0105.   <\/p>\n<p>Mang\u0173 vaisiai b\u016bna \u012fvairi\u0173 spalv\u0173, form\u0173 ir dyd\u017ei\u0173. Spalva daugiausia priklauso nuo nokumo lygio. Mangai gali b\u016bti raudoni, \u017eali, oran\u017einiai arba, pavyzd\u017eiui, geltoni.  <\/p>\n<p><img decoding=\"async\" class=\"wp-image-5047 size-thumbnail alignright\" src=\"https:\/\/toidupakk.ee\/wp-content\/uploads\/2022\/09\/Kuivatatud-mango-3-500x500.png\" alt=\"D\u017eiovintas mangas\" width=\"500\" height=\"500\" srcset=\"https:\/\/toidupakk.ee\/wp-content\/uploads\/2022\/09\/Kuivatatud-mango-3-500x500.png 500w, https:\/\/toidupakk.ee\/wp-content\/uploads\/2022\/09\/Kuivatatud-mango-3-400x400.png 400w, https:\/\/toidupakk.ee\/wp-content\/uploads\/2022\/09\/Kuivatatud-mango-3-100x100.png 100w, https:\/\/toidupakk.ee\/wp-content\/uploads\/2022\/09\/Kuivatatud-mango-3-800x800.png 800w, https:\/\/toidupakk.ee\/wp-content\/uploads\/2022\/09\/Kuivatatud-mango-3-300x300.png 300w, https:\/\/toidupakk.ee\/wp-content\/uploads\/2022\/09\/Kuivatatud-mango-3-1024x1024.png 1024w, https:\/\/toidupakk.ee\/wp-content\/uploads\/2022\/09\/Kuivatatud-mango-3-768x768.png 768w, https:\/\/toidupakk.ee\/wp-content\/uploads\/2022\/09\/Kuivatatud-mango-3.png 1080w\" sizes=\"(max-width: 500px) 100vw, 500px\" \/><\/p>\n<h3>Tai kod\u0117l visgi verta rinktis d\u017eiovint\u0105 mang\u0105? \u017dinoma, tod\u0117l, kad tai itin sveikas u\u017ekandis, kuriam niekas neatsispirs. Jis patiks net did\u017eiausiam smali\u017eiui.  <\/h3>\n<p>Lietuvoje sunku gauti ger\u0173 \u0161vie\u017ei\u0173 mang\u0173, ta\u010diau d\u017eiovint\u0173 mang\u0173 galima rasti visada.<br \/>\nD\u017eiovinto mango grie\u017ein\u0117liai yra sveika alternatyva saldainiams ir kitiems ma\u017eiau sveikiems skan\u0117stams.<\/p>\n<p><strong>Kasmet de\u0161imtys moter\u0173 Indijoje valgymo var\u017eybose su did\u017eiuliu apetitu kem\u0161a vien\u0105 vaisi\u0173. Kok\u012f? \u017dinoma, mang\u0105. \u0160is nauding\u0173 med\u017eiag\u0173 kupinas vaisius vertinamas visame pasaulyje.   <\/strong><\/p>\n<p>D\u017eiovintas mangas, turintis daug vitamin\u0173 ir mineral\u0173, praturtina m\u016bs\u0173 kasdien\u0119 mityb\u0105. Tai vertingas priedas ko\u0161\u0117ms, jogurtams, \u012fvairiems kepiniams bei puikus u\u017ekandis skubantiems.<\/p>\n<p><b>Maistin\u0117 vert\u0117<\/b><\/p>\n<table class=\"table table-responsive\">\n<thead>\n<tr>\n<th>VIDUTIN\u0116 MAISTIN\u0116 VERT\u0116<\/th>\n<th>100 G<\/th>\n<\/tr>\n<\/thead>\n<tbody>\n<tr>\n<td>Energija<\/td>\n<td>1547 kJ \/ 370 kcal<\/td>\n<\/tr>\n<tr>\n<td>Angliavandeniai<\/td>\n<td>41,4 g<\/td>\n<\/tr>\n<tr>\n<td>i\u0161 kuri\u0173 cukr\u0173<\/td>\n<td>34 g<\/td>\n<\/tr>\n<tr>\n<td>Baltymai<\/td>\n<td>1 g<\/td>\n<\/tr>\n<tr>\n<td>Riebalai<\/td>\n<td>0,1 g<\/td>\n<\/tr>\n<tr>\n<td>Druska<\/td>\n<td>0,083 g<\/td>\n<\/tr>\n<\/tbody>\n<\/table>\n<p>&nbsp;<\/p>\n<p>Daugiau sveik\u0173 u\u017ekand\u017ei\u0173 rasi <a href=\"\/?product_cat=snakk#section-3-79\">\u010cIA<\/a><br \/>\nPreki\u0173 \u017eygiams ie\u0161kok <a href=\"https:\/\/toidupakk.ee\/lt\/tootekategooria\/zygio-iranga\/#section-3-79\">\u010cIA<\/a><br \/>\nPasisemk \u012fkv\u0117pimo kitiems nuotykiams \u201eToidupakk\u201c <a href=\"https:\/\/www.instagram.com\/toidupakk\/\">Instagram<\/a> ir <a href=\"https:\/\/www.facebook.com\/Toidupakk\/\">Facebook<\/a> paskyrose.<\/p>\n","protected":false},"excerpt":{"rendered":"<p>Fantasti\u0161kas d\u017eiovinto mango skonis suteikia nereal\u0173 malonum\u0105 ir nieko nepalieka abejingo. <strong>Didel\u0117 pakuot\u0117 \u2013 0,5 kg! Be prid\u0117tinio cukraus! <\/strong><\/p>\n<ul>\n<li>Mang\u0173 gerb\u0117jai, \u0161tai ka\u017ekas jums \ud83d\udc49 <strong>d\u017eiovinti sald\u016bs mang\u0173 grie\u017ein\u0117liai<\/strong><\/li>\n<li>Po kar\u0161ta saule sunok\u0119s nat\u016bralus mangas yra idealus skan\u0117stas net did\u017eiausiam smali\u017eiui<\/li>\n<li>Sveikas skan\u0117stas, be prid\u0117tinio cukraus ir glitimo<\/li>\n<li>Idealiai tinka u\u017ekand\u017eiauti vien\u0105, taip pat puikiai dera su jogurtu, kepiniais ar ko\u0161e<\/li>\n<\/ul>\n<p><strong>Sudedamosios dalys:<\/strong> mangas (99,19 %), antioksidantas (citrin\u0173 r\u016bg\u0161tis \u2013 0,8 %), E223 (0,01 % antioksidantas ir konservantas).<br \/>\n<strong>Svoris: 500 g<\/strong><br \/>\n<strong>Geriausias iki:<\/strong> 6 m\u0117nesiai nuo pagaminimo datos<br \/>\n<strong>Kilm\u0117s \u0161alis:<\/strong> Vietnamas<br \/>\n<strong>Laikymas:<\/strong> v\u0117sioje ir sausoje vietoje, pageidautina \u0161aldytuve.<\/p>\n<p>\u2705 Turime sand\u0117lyje, greitas pristatymas per 1\u20133 darbo dienas<\/p>\n","protected":false},"featured_media":32743,"comment_status":"open","ping_status":"closed","template":"","meta":{"_acf_changed":false},"product_brand":[],"product_cat":[200,239,213,190],"product_tag":[],"class_list":{"0":"post-47666","1":"product","2":"type-product","3":"status-publish","4":"has-post-thumbnail","6":"product_cat-praktiskos-dovanu-idejos","7":"product_cat-priedai","8":"product_cat-uzkandziai","9":"product_cat-zygio-prekes","11":"first","12":"onbackorder","13":"sale","14":"taxable","15":"shipping-taxable","16":"purchasable","17":"product-type-simple"},"bundled_by":[],"bundle_stock_status":"onbackorder","bundle_stock_quantity":-7,"bundle_virtual":false,"bundle_layout":"","bundle_add_to_cart_form_location":"","bundle_editable_in_cart":false,"bundle_sold_individually_context":"","bundle_item_grouping":"","bundle_min_size":"","bundle_max_size":"","bundle_price":[],"bundled_items":[],"bundle_sell_ids":[],"acf":[],"yoast_head":"<!-- This site is optimized with the Yoast SEO plugin v27.3 - https:\/\/yoast.com\/product\/yoast-seo-wordpress\/ -->\n<title>D\u017eiovinti mangai, 500 g, be prid\u0117tinio cukraus<\/title>\n<meta name=\"description\" content=\"D\u017eiovintas mangas \u2013 skanus ir sveikas saldaini\u0173 bei kit\u0173 saldumyn\u0173 pakaitalas. Sveikas u\u017ekandis patiks visiems. Be konservant\u0173 ir prid\u0117tinio cukraus!\" \/>\n<meta name=\"robots\" content=\"index, follow, max-snippet:-1, max-image-preview:large, max-video-preview:-1\" \/>\n<link rel=\"canonical\" href=\"https:\/\/toidupakk.ee\/lt\/toode\/dziovinti-mangai-500-g-be-pridetinio-cukraus\/\" \/>\n<meta property=\"og:locale\" content=\"lt_LT\" \/>\n<meta property=\"og:type\" content=\"article\" \/>\n<meta property=\"og:title\" content=\"D\u017eiovinti mangai, 500 g, be prid\u0117tinio cukraus\" \/>\n<meta property=\"og:description\" content=\"D\u017eiovintas mangas \u2013 skanus ir sveikas saldaini\u0173 bei kit\u0173 saldumyn\u0173 pakaitalas. Sveikas u\u017ekandis patiks visiems. Be konservant\u0173 ir prid\u0117tinio cukraus!\" \/>\n<meta property=\"og:url\" content=\"https:\/\/toidupakk.ee\/lt\/toode\/dziovinti-mangai-500-g-be-pridetinio-cukraus\/\" \/>\n<meta property=\"og:site_name\" content=\"Toidupakk.ee - Tactical Foodpack toidupakid\" \/>\n<meta property=\"article:publisher\" content=\"https:\/\/www.facebook.com\/Toidupakk\" \/>\n<meta property=\"article:modified_time\" content=\"2026-04-20T08:31:44+00:00\" \/>\n<meta property=\"og:image\" content=\"https:\/\/toidupakk.ee\/wp-content\/uploads\/2022\/09\/Kuivatatud-mango.png\" \/>\n\t<meta property=\"og:image:width\" content=\"800\" \/>\n\t<meta property=\"og:image:height\" content=\"800\" \/>\n\t<meta property=\"og:image:type\" content=\"image\/png\" \/>\n<meta name=\"twitter:card\" content=\"summary_large_image\" \/>\n<meta name=\"twitter:label1\" content=\"Est. reading time\" \/>\n\t<meta name=\"twitter:data1\" content=\"2 minut\u0117s\" \/>\n<script type=\"application\/ld+json\" class=\"yoast-schema-graph\">{\"@context\":\"https:\\\/\\\/schema.org\",\"@graph\":[{\"@type\":\"WebPage\",\"@id\":\"https:\\\/\\\/toidupakk.ee\\\/lt\\\/toode\\\/dziovinti-mangai-500-g-be-pridetinio-cukraus\\\/\",\"url\":\"https:\\\/\\\/toidupakk.ee\\\/lt\\\/toode\\\/dziovinti-mangai-500-g-be-pridetinio-cukraus\\\/\",\"name\":\"D\u017eiovinti mangai, 500 g, be prid\u0117tinio cukraus\",\"isPartOf\":{\"@id\":\"https:\\\/\\\/toidupakk.ee\\\/lt\\\/#website\"},\"primaryImageOfPage\":{\"@id\":\"https:\\\/\\\/toidupakk.ee\\\/lt\\\/toode\\\/dziovinti-mangai-500-g-be-pridetinio-cukraus\\\/#primaryimage\"},\"image\":{\"@id\":\"https:\\\/\\\/toidupakk.ee\\\/lt\\\/toode\\\/dziovinti-mangai-500-g-be-pridetinio-cukraus\\\/#primaryimage\"},\"thumbnailUrl\":\"https:\\\/\\\/toidupakk.ee\\\/wp-content\\\/uploads\\\/2022\\\/09\\\/Kuivatatud-mango.png\",\"datePublished\":\"2022-09-29T15:06:11+00:00\",\"dateModified\":\"2026-04-20T08:31:44+00:00\",\"description\":\"D\u017eiovintas mangas \u2013 skanus ir sveikas saldaini\u0173 bei kit\u0173 saldumyn\u0173 pakaitalas. Sveikas u\u017ekandis patiks visiems. Be konservant\u0173 ir prid\u0117tinio cukraus!\",\"breadcrumb\":{\"@id\":\"https:\\\/\\\/toidupakk.ee\\\/lt\\\/toode\\\/dziovinti-mangai-500-g-be-pridetinio-cukraus\\\/#breadcrumb\"},\"inLanguage\":\"lt-LT\",\"potentialAction\":[{\"@type\":\"ReadAction\",\"target\":[\"https:\\\/\\\/toidupakk.ee\\\/lt\\\/toode\\\/dziovinti-mangai-500-g-be-pridetinio-cukraus\\\/\"]}]},{\"@type\":\"ImageObject\",\"inLanguage\":\"lt-LT\",\"@id\":\"https:\\\/\\\/toidupakk.ee\\\/lt\\\/toode\\\/dziovinti-mangai-500-g-be-pridetinio-cukraus\\\/#primaryimage\",\"url\":\"https:\\\/\\\/toidupakk.ee\\\/wp-content\\\/uploads\\\/2022\\\/09\\\/Kuivatatud-mango.png\",\"contentUrl\":\"https:\\\/\\\/toidupakk.ee\\\/wp-content\\\/uploads\\\/2022\\\/09\\\/Kuivatatud-mango.png\",\"width\":800,\"height\":800,\"caption\":\"kuivatatud mangolaastud ilma lisatud suhkruta\"},{\"@type\":\"BreadcrumbList\",\"@id\":\"https:\\\/\\\/toidupakk.ee\\\/lt\\\/toode\\\/dziovinti-mangai-500-g-be-pridetinio-cukraus\\\/#breadcrumb\",\"itemListElement\":[{\"@type\":\"ListItem\",\"position\":1,\"name\":\"Avaleht\",\"item\":\"https:\\\/\\\/toidupakk.ee\\\/lt\\\/\"},{\"@type\":\"ListItem\",\"position\":2,\"name\":\"El. parduotuv\u0117\",\"item\":\"https:\\\/\\\/toidupakk.ee\\\/lt\\\/el-parduotuve\\\/\"},{\"@type\":\"ListItem\",\"position\":3,\"name\":\"D\u017eiovinti mangai, 500 g, be prid\u0117tinio cukraus\"}]},{\"@type\":\"WebSite\",\"@id\":\"https:\\\/\\\/toidupakk.ee\\\/lt\\\/#website\",\"url\":\"https:\\\/\\\/toidupakk.ee\\\/lt\\\/\",\"name\":\"Toidupakk.ee - Tactical Foodpack toidupakid\",\"description\":\"Tactical Foodpack k\u00fclmkuivatatud toidupakid ja matkaeined\",\"publisher\":{\"@id\":\"https:\\\/\\\/toidupakk.ee\\\/lt\\\/#organization\"},\"potentialAction\":[{\"@type\":\"SearchAction\",\"target\":{\"@type\":\"EntryPoint\",\"urlTemplate\":\"https:\\\/\\\/toidupakk.ee\\\/lt\\\/?s={search_term_string}\"},\"query-input\":{\"@type\":\"PropertyValueSpecification\",\"valueRequired\":true,\"valueName\":\"search_term_string\"}}],\"inLanguage\":\"lt-LT\"},{\"@type\":\"Organization\",\"@id\":\"https:\\\/\\\/toidupakk.ee\\\/lt\\\/#organization\",\"name\":\"Tactical Foodpack matkaeined\",\"url\":\"https:\\\/\\\/toidupakk.ee\\\/lt\\\/\",\"logo\":{\"@type\":\"ImageObject\",\"inLanguage\":\"lt-LT\",\"@id\":\"https:\\\/\\\/toidupakk.ee\\\/lt\\\/#\\\/schema\\\/logo\\\/image\\\/\",\"url\":\"https:\\\/\\\/toidupakk.ee\\\/wp-content\\\/uploads\\\/2022\\\/01\\\/Toidupakk-matkapood-logo-transparent.png\",\"contentUrl\":\"https:\\\/\\\/toidupakk.ee\\\/wp-content\\\/uploads\\\/2022\\\/01\\\/Toidupakk-matkapood-logo-transparent.png\",\"width\":500,\"height\":500,\"caption\":\"Tactical Foodpack matkaeined\"},\"image\":{\"@id\":\"https:\\\/\\\/toidupakk.ee\\\/lt\\\/#\\\/schema\\\/logo\\\/image\\\/\"},\"sameAs\":[\"https:\\\/\\\/www.facebook.com\\\/Toidupakk\",\"https:\\\/\\\/www.instagram.com\\\/toidupakk\\\/\"]}]}<\/script>\n<!-- \/ Yoast SEO plugin. -->","yoast_head_json":{"title":"D\u017eiovinti mangai, 500 g, be prid\u0117tinio cukraus","description":"D\u017eiovintas mangas \u2013 skanus ir sveikas saldaini\u0173 bei kit\u0173 saldumyn\u0173 pakaitalas. Sveikas u\u017ekandis patiks visiems. Be konservant\u0173 ir prid\u0117tinio cukraus!","robots":{"index":"index","follow":"follow","max-snippet":"max-snippet:-1","max-image-preview":"max-image-preview:large","max-video-preview":"max-video-preview:-1"},"canonical":"https:\/\/toidupakk.ee\/lt\/toode\/dziovinti-mangai-500-g-be-pridetinio-cukraus\/","og_locale":"lt_LT","og_type":"article","og_title":"D\u017eiovinti mangai, 500 g, be prid\u0117tinio cukraus","og_description":"D\u017eiovintas mangas \u2013 skanus ir sveikas saldaini\u0173 bei kit\u0173 saldumyn\u0173 pakaitalas. Sveikas u\u017ekandis patiks visiems. Be konservant\u0173 ir prid\u0117tinio cukraus!","og_url":"https:\/\/toidupakk.ee\/lt\/toode\/dziovinti-mangai-500-g-be-pridetinio-cukraus\/","og_site_name":"Toidupakk.ee - Tactical Foodpack toidupakid","article_publisher":"https:\/\/www.facebook.com\/Toidupakk","article_modified_time":"2026-04-20T08:31:44+00:00","og_image":[{"width":800,"height":800,"url":"https:\/\/toidupakk.ee\/wp-content\/uploads\/2022\/09\/Kuivatatud-mango.png","type":"image\/png"}],"twitter_card":"summary_large_image","twitter_misc":{"Est. reading time":"2 minut\u0117s"},"schema":{"@context":"https:\/\/schema.org","@graph":[{"@type":"WebPage","@id":"https:\/\/toidupakk.ee\/lt\/toode\/dziovinti-mangai-500-g-be-pridetinio-cukraus\/","url":"https:\/\/toidupakk.ee\/lt\/toode\/dziovinti-mangai-500-g-be-pridetinio-cukraus\/","name":"D\u017eiovinti mangai, 500 g, be prid\u0117tinio cukraus","isPartOf":{"@id":"https:\/\/toidupakk.ee\/lt\/#website"},"primaryImageOfPage":{"@id":"https:\/\/toidupakk.ee\/lt\/toode\/dziovinti-mangai-500-g-be-pridetinio-cukraus\/#primaryimage"},"image":{"@id":"https:\/\/toidupakk.ee\/lt\/toode\/dziovinti-mangai-500-g-be-pridetinio-cukraus\/#primaryimage"},"thumbnailUrl":"https:\/\/toidupakk.ee\/wp-content\/uploads\/2022\/09\/Kuivatatud-mango.png","datePublished":"2022-09-29T15:06:11+00:00","dateModified":"2026-04-20T08:31:44+00:00","description":"D\u017eiovintas mangas \u2013 skanus ir sveikas saldaini\u0173 bei kit\u0173 saldumyn\u0173 pakaitalas. Sveikas u\u017ekandis patiks visiems. Be konservant\u0173 ir prid\u0117tinio cukraus!","breadcrumb":{"@id":"https:\/\/toidupakk.ee\/lt\/toode\/dziovinti-mangai-500-g-be-pridetinio-cukraus\/#breadcrumb"},"inLanguage":"lt-LT","potentialAction":[{"@type":"ReadAction","target":["https:\/\/toidupakk.ee\/lt\/toode\/dziovinti-mangai-500-g-be-pridetinio-cukraus\/"]}]},{"@type":"ImageObject","inLanguage":"lt-LT","@id":"https:\/\/toidupakk.ee\/lt\/toode\/dziovinti-mangai-500-g-be-pridetinio-cukraus\/#primaryimage","url":"https:\/\/toidupakk.ee\/wp-content\/uploads\/2022\/09\/Kuivatatud-mango.png","contentUrl":"https:\/\/toidupakk.ee\/wp-content\/uploads\/2022\/09\/Kuivatatud-mango.png","width":800,"height":800,"caption":"kuivatatud mangolaastud ilma lisatud suhkruta"},{"@type":"BreadcrumbList","@id":"https:\/\/toidupakk.ee\/lt\/toode\/dziovinti-mangai-500-g-be-pridetinio-cukraus\/#breadcrumb","itemListElement":[{"@type":"ListItem","position":1,"name":"Avaleht","item":"https:\/\/toidupakk.ee\/lt\/"},{"@type":"ListItem","position":2,"name":"El. parduotuv\u0117","item":"https:\/\/toidupakk.ee\/lt\/el-parduotuve\/"},{"@type":"ListItem","position":3,"name":"D\u017eiovinti mangai, 500 g, be prid\u0117tinio cukraus"}]},{"@type":"WebSite","@id":"https:\/\/toidupakk.ee\/lt\/#website","url":"https:\/\/toidupakk.ee\/lt\/","name":"Toidupakk.ee - Tactical Foodpack toidupakid","description":"Tactical Foodpack k\u00fclmkuivatatud toidupakid ja matkaeined","publisher":{"@id":"https:\/\/toidupakk.ee\/lt\/#organization"},"potentialAction":[{"@type":"SearchAction","target":{"@type":"EntryPoint","urlTemplate":"https:\/\/toidupakk.ee\/lt\/?s={search_term_string}"},"query-input":{"@type":"PropertyValueSpecification","valueRequired":true,"valueName":"search_term_string"}}],"inLanguage":"lt-LT"},{"@type":"Organization","@id":"https:\/\/toidupakk.ee\/lt\/#organization","name":"Tactical Foodpack matkaeined","url":"https:\/\/toidupakk.ee\/lt\/","logo":{"@type":"ImageObject","inLanguage":"lt-LT","@id":"https:\/\/toidupakk.ee\/lt\/#\/schema\/logo\/image\/","url":"https:\/\/toidupakk.ee\/wp-content\/uploads\/2022\/01\/Toidupakk-matkapood-logo-transparent.png","contentUrl":"https:\/\/toidupakk.ee\/wp-content\/uploads\/2022\/01\/Toidupakk-matkapood-logo-transparent.png","width":500,"height":500,"caption":"Tactical Foodpack matkaeined"},"image":{"@id":"https:\/\/toidupakk.ee\/lt\/#\/schema\/logo\/image\/"},"sameAs":["https:\/\/www.facebook.com\/Toidupakk","https:\/\/www.instagram.com\/toidupakk\/"]}]}},"jetpack_sharing_enabled":true,"_links":{"self":[{"href":"https:\/\/toidupakk.ee\/lt\/wp-json\/wp\/v2\/product\/47666","targetHints":{"allow":["GET"]}}],"collection":[{"href":"https:\/\/toidupakk.ee\/lt\/wp-json\/wp\/v2\/product"}],"about":[{"href":"https:\/\/toidupakk.ee\/lt\/wp-json\/wp\/v2\/types\/product"}],"replies":[{"embeddable":true,"href":"https:\/\/toidupakk.ee\/lt\/wp-json\/wp\/v2\/comments?post=47666"}],"wp:featuredmedia":[{"embeddable":true,"href":"https:\/\/toidupakk.ee\/lt\/wp-json\/wp\/v2\/media\/32743"}],"wp:attachment":[{"href":"https:\/\/toidupakk.ee\/lt\/wp-json\/wp\/v2\/media?parent=47666"}],"wp:term":[{"taxonomy":"product_brand","embeddable":true,"href":"https:\/\/toidupakk.ee\/lt\/wp-json\/wp\/v2\/product_brand?post=47666"},{"taxonomy":"product_cat","embeddable":true,"href":"https:\/\/toidupakk.ee\/lt\/wp-json\/wp\/v2\/product_cat?post=47666"},{"taxonomy":"product_tag","embeddable":true,"href":"https:\/\/toidupakk.ee\/lt\/wp-json\/wp\/v2\/product_tag?post=47666"}],"curies":[{"name":"wp","href":"https:\/\/api.w.org\/{rel}","templated":true}]}}