{"id":47662,"date":"2022-11-11T18:13:16","date_gmt":"2022-11-11T16:13:16","guid":{"rendered":"https:\/\/toidupakk.ee\/toode\/vandens-valymo-tabletes-medentech-aquatabs-50-vnt\/"},"modified":"2026-04-16T09:30:41","modified_gmt":"2026-04-16T06:30:41","slug":"vandens-valymo-tabletes-medentech-aquatabs-50-vnt","status":"publish","type":"product","link":"https:\/\/toidupakk.ee\/lt\/toode\/vandens-valymo-tabletes-medentech-aquatabs-50-vnt\/","title":{"rendered":"Vandens valymo tablet\u0117s MEDENTECH Aquatabs (50 vnt.)"},"content":{"rendered":"<h1><img fetchpriority=\"high\" decoding=\"async\" class=\"wp-image-4033 size-thumbnail alignright\" style=\"font-size: 16px; font-weight: 400;\" src=\"https:\/\/toidupakk.ee\/wp-content\/uploads\/2022\/11\/Veepuhastustabletid-Medentech-Aquatabs-1-1-500x500.png\" alt=\"Vandens valymo tablet\u0117s \u201eMedentech Aquatabs\u201c\" width=\"500\" height=\"500\" srcset=\"https:\/\/toidupakk.ee\/wp-content\/uploads\/2022\/11\/Veepuhastustabletid-Medentech-Aquatabs-1-1-500x500.png 500w, https:\/\/toidupakk.ee\/wp-content\/uploads\/2022\/11\/Veepuhastustabletid-Medentech-Aquatabs-1-1-400x400.png 400w, https:\/\/toidupakk.ee\/wp-content\/uploads\/2022\/11\/Veepuhastustabletid-Medentech-Aquatabs-1-1-100x100.png 100w, https:\/\/toidupakk.ee\/wp-content\/uploads\/2022\/11\/Veepuhastustabletid-Medentech-Aquatabs-1-1-800x800.png 800w, https:\/\/toidupakk.ee\/wp-content\/uploads\/2022\/11\/Veepuhastustabletid-Medentech-Aquatabs-1-1-300x300.png 300w, https:\/\/toidupakk.ee\/wp-content\/uploads\/2022\/11\/Veepuhastustabletid-Medentech-Aquatabs-1-1-1024x1024.png 1024w, https:\/\/toidupakk.ee\/wp-content\/uploads\/2022\/11\/Veepuhastustabletid-Medentech-Aquatabs-1-1-768x768.png 768w, https:\/\/toidupakk.ee\/wp-content\/uploads\/2022\/11\/Veepuhastustabletid-Medentech-Aquatabs-1-1.png 1080w\" sizes=\"(max-width: 500px) 100vw, 500px\" \/><\/h1>\n<h1>Vandens valymo tablet\u0117s yra b\u016btinos<\/h1>\n<p>\u017dygyje gamtoje tenka papildyti gertuv\u0119, o kur kitur tai padarysi, jei ne \u0161altinyje ar e\u017eere. Deja, d\u0117l aplinkos tar\u0161os rasti visi\u0161kai \u0161vari\u0173 vandens \u0161altini\u0173 darosi vis sunkiau, tod\u0117l semiant vanden\u012f visada lydi abejon\u0117, ar jis pakankamai \u0161varus gerti. Tas pats jausmas apima ir keliaujant po tolimas \u0161alis. Pavyzd\u017eiui, Pasaulio sveikatos organizacija (PSO) 80 % vis\u0173 su kelion\u0117mis susijusi\u0173 lig\u0173 priskiria u\u017eter\u0161tam geriamajam vandeniui. Nei \u017eygyje, nei kelion\u0117je tikrai nesinori gul\u0117ti lovoje d\u0117l vir\u0161kinimo sutrikim\u0173. Tod\u0117l profilaktikai rekomenduojama visada su savimi tur\u0117ti \u201eKatadyn Micropur Forte\u201c vandens valymo tabletes.     <\/p>\n<h2>Kaip veikia vandens valymo tablet\u0117s<\/h2>\n<p>Net jei upelis, up\u0117 ar e\u017eeras atrodo kri\u0161tolo skaidrumo, jame gali b\u016bti daugyb\u0117 pavojing\u0173 mikroorganizm\u0173, kurie patek\u0119 \u012f organizm\u0105 sukelia vir\u0161kinamojo trakto problem\u0173, toki\u0173 kaip viduriavimas, v\u0117mimas, o sunkiais atvejais \u2013 net mirtinas ligas. Tod\u0117l svarbu, kad visas i\u0161 neapdorot\u0173 \u0161altini\u0173 surinktas vanduo prie\u0161 geriant b\u016bt\u0173 sterilizuotas. <\/p>\n<p>Nors \u017eod\u017ei\u0173 \u201echemikalai\u201c, pavyzd\u017eiui, chloras, ir \u201egeriamasis vanduo\u201c derinys gali skamb\u0117ti keistai, tablet\u0117se yra saugus kiekis chemini\u0173 med\u017eiag\u0173, kurios i\u0161tirpsta vandenyje ir \u201esunaikina\u201c pavojingus mikroorganizmus, pavyzd\u017eiui, bakterijas ar virusus, tod\u0117l vanden\u012f gerti tampa saugu.<\/p>\n<h2>Vandens valymo tablet\u0117s u\u017etikrina \u0161var\u0173 geriam\u0105j\u012f vanden\u012f netik\u0117tose situacijose<\/h2>\n<p>Vandens valymo tablet\u0117s \u201eMedentech\u00ae Aquatabs\u201c efektyviai neutralizuoja bakterijas. Vandens valymo tabletes reik\u0117t\u0173 naudoti skaidriam vandeniui. Jei vanduo drumstas, pirmiausia j\u012f reik\u0117t\u0173 nufiltruoti, pavyzd\u017eiui, per tank\u0173 audin\u012f.  <\/p>\n<p>\u012esitikink, kad tablet\u0117 vandenyje visi\u0161kai i\u0161tirpo. Tam vandens talp\u0105 galima pamai\u0161yti arba papurtyti. Vanden\u012f galima gerti po 30 minu\u010di\u0173. Jokiu b\u016bdu negalima tablet\u0117s d\u0117ti \u012f burn\u0105 ar nuryti.   <\/p>\n<p><img decoding=\"async\" class=\"alignnone wp-image-4029 size-thumbnail\" src=\"https:\/\/toidupakk.ee\/wp-content\/uploads\/2022\/11\/Veepuhastustabletid-Medentech-Aquatabs-2-500x500.png\" alt=\"Vandens valymo table\u010di\u0173 nuotrauka\" width=\"500\" height=\"500\" srcset=\"https:\/\/toidupakk.ee\/wp-content\/uploads\/2022\/11\/Veepuhastustabletid-Medentech-Aquatabs-2-500x500.png 500w, https:\/\/toidupakk.ee\/wp-content\/uploads\/2022\/11\/Veepuhastustabletid-Medentech-Aquatabs-2-400x400.png 400w, https:\/\/toidupakk.ee\/wp-content\/uploads\/2022\/11\/Veepuhastustabletid-Medentech-Aquatabs-2-100x100.png 100w, https:\/\/toidupakk.ee\/wp-content\/uploads\/2022\/11\/Veepuhastustabletid-Medentech-Aquatabs-2-800x800.png 800w, https:\/\/toidupakk.ee\/wp-content\/uploads\/2022\/11\/Veepuhastustabletid-Medentech-Aquatabs-2-300x300.png 300w, https:\/\/toidupakk.ee\/wp-content\/uploads\/2022\/11\/Veepuhastustabletid-Medentech-Aquatabs-2-1024x1024.png 1024w, https:\/\/toidupakk.ee\/wp-content\/uploads\/2022\/11\/Veepuhastustabletid-Medentech-Aquatabs-2-768x768.png 768w, https:\/\/toidupakk.ee\/wp-content\/uploads\/2022\/11\/Veepuhastustabletid-Medentech-Aquatabs-2.png 1080w\" sizes=\"(max-width: 500px) 100vw, 500px\" \/><\/p>\n<p>Kiekvienoje tablet\u0117je yra 8,5 mg veikliosios med\u017eiagos natrio troklozeno.<br \/>\nVandens valymo tablet\u0117s \u201eMedentech Aquatabs\u201c padeda i\u0161vengti per vanden\u012f plintan\u010di\u0173 lig\u0173.<\/p>\n<p>Tablet\u0117s atitinka NATO standartus.<\/p>\n<p>Svoris: 25 g<\/p>\n<p>Pakuot\u0117je 50 table\u010di\u0173. 1 tablet\u0117 i\u0161valo 1 litr\u0105 vandens <\/p>\n<p>Su produkto saugos duomen\u0173 lapu galima susipa\u017einti <a href=\"https:\/\/plm.vanosimports.com\/media\/uploads\/product_files\/10050_637fb409e5a99b9d4a05a726f1eb627ee1e95c09.pdf\" target=\"_blank\" rel=\"noopener\">\u010dia<\/a>.<\/p>\n<p>&nbsp;<\/p>\n<p>Daugiau \u017eygio preki\u0173 rasi <a href=\"https:\/\/toidupakk.ee\/lt\/tootekategooria\/zygio-iranga\/#section-3-79\">\u010cIA<\/a><\/p>\n<p>Pasisemk \u012fkv\u0117pimo kitiems nuotykiams Toidupakk <a href=\"https:\/\/www.instagram.com\/toidupakk\/\">Instagram<\/a> ir <a href=\"https:\/\/www.facebook.com\/Toidupakk\/\">Facebook<\/a> paskyrose.<\/p>\n","protected":false},"excerpt":{"rendered":"<ul>\n<li>Vandens valymo tablet\u0117s \u201eMedentech\u00ae Aquatabs\u201c i\u0161valo vanden\u012f nuo pavojing\u0173 bakterij\u0173 ir virus\u0173.<\/li>\n<li>Paruo\u0161k vanden\u012f gerti per 30 minu\u010di\u0173.<\/li>\n<li>Kiekvienoje tablet\u0117je yra 8,5 mg veikliosios med\u017eiagos natrio troklozeno.<\/li>\n<li>Viena tablet\u0117 i\u0161valo 1 litr\u0105 vandens.<\/li>\n<li>Vienoje pakuot\u0117je yra 50 table\u010di\u0173. Tablet\u0117s supakuotos po 10 vienet\u0173 folijos lak\u0161tuose (lizdin\u0117se plok\u0161tel\u0117se). <\/li>\n<li>Tablet\u0117s atitinka NATO standartus.<\/li>\n<li>Tai padeda i\u0161vengti nepatogum\u0173, kylan\u010di\u0173 vartojant u\u017eter\u0161t\u0105 vanden\u012f.<\/li>\n<\/ul>\n<p>\u2705 Turime sand\u0117lyje, greitas pristatymas per 1\u20133 darbo dienas<\/p>\n","protected":false},"featured_media":4033,"comment_status":"open","ping_status":"closed","template":"","meta":{"_acf_changed":false},"product_brand":[],"product_cat":[196,200,211,189,190],"product_tag":[],"class_list":{"0":"post-47662","1":"product","2":"type-product","3":"status-publish","4":"has-post-thumbnail","6":"product_cat-maisto-gaminimas","7":"product_cat-praktiskos-dovanu-idejos","8":"product_cat-vandens-valymas","9":"product_cat-zygio-iranga","10":"product_cat-zygio-prekes","12":"first","13":"onbackorder","14":"sale","15":"taxable","16":"shipping-taxable","17":"purchasable","18":"product-type-simple"},"bundled_by":[],"bundle_stock_status":"onbackorder","bundle_stock_quantity":-15,"bundle_virtual":false,"bundle_layout":"","bundle_add_to_cart_form_location":"","bundle_editable_in_cart":false,"bundle_sold_individually_context":"","bundle_item_grouping":"","bundle_min_size":"","bundle_max_size":"","bundle_price":[],"bundled_items":[],"bundle_sell_ids":[],"acf":[],"yoast_head":"<!-- This site is optimized with the Yoast SEO plugin v27.3 - https:\/\/yoast.com\/product\/yoast-seo-wordpress\/ -->\n<title>Vandens valymo tablet\u0117s MEDENTECH Aquatabs (50 vnt.)<\/title>\n<meta name=\"description\" content=\"Vandens valymo tablet\u0117s \u201eMedentech Aquatabs\u201c paruo\u0161ia vanden\u012f gerti per 30 minu\u010di\u0173. Viena tablet\u0117 i\u0161valo vien\u0105 litr\u0105 vandens, pakuot\u0117je yra 50 table\u010di\u0173.\" \/>\n<meta name=\"robots\" content=\"index, follow, max-snippet:-1, max-image-preview:large, max-video-preview:-1\" \/>\n<link rel=\"canonical\" href=\"https:\/\/toidupakk.ee\/lt\/toode\/vandens-valymo-tabletes-medentech-aquatabs-50-vnt\/\" \/>\n<meta property=\"og:locale\" content=\"lt_LT\" \/>\n<meta property=\"og:type\" content=\"article\" \/>\n<meta property=\"og:title\" content=\"Vandens valymo tablet\u0117s MEDENTECH Aquatabs (50 vnt.)\" \/>\n<meta property=\"og:description\" content=\"Vandens valymo tablet\u0117s \u201eMedentech Aquatabs\u201c paruo\u0161ia vanden\u012f gerti per 30 minu\u010di\u0173. Viena tablet\u0117 i\u0161valo vien\u0105 litr\u0105 vandens, pakuot\u0117je yra 50 table\u010di\u0173.\" \/>\n<meta property=\"og:url\" content=\"https:\/\/toidupakk.ee\/lt\/toode\/vandens-valymo-tabletes-medentech-aquatabs-50-vnt\/\" \/>\n<meta property=\"og:site_name\" content=\"Toidupakk.ee - Tactical Foodpack toidupakid\" \/>\n<meta property=\"article:publisher\" content=\"https:\/\/www.facebook.com\/Toidupakk\" \/>\n<meta property=\"article:modified_time\" content=\"2026-04-16T06:30:41+00:00\" \/>\n<meta property=\"og:image\" content=\"https:\/\/toidupakk.ee\/wp-content\/uploads\/2022\/11\/Veepuhastustabletid-Medentech-Aquatabs-1-1.png\" \/>\n\t<meta property=\"og:image:width\" content=\"1080\" \/>\n\t<meta property=\"og:image:height\" content=\"1080\" \/>\n\t<meta property=\"og:image:type\" content=\"image\/png\" \/>\n<meta name=\"twitter:card\" content=\"summary_large_image\" \/>\n<meta name=\"twitter:label1\" content=\"Est. reading time\" \/>\n\t<meta name=\"twitter:data1\" content=\"2 minut\u0117s\" \/>\n<script type=\"application\/ld+json\" class=\"yoast-schema-graph\">{\"@context\":\"https:\\\/\\\/schema.org\",\"@graph\":[{\"@type\":\"WebPage\",\"@id\":\"https:\\\/\\\/toidupakk.ee\\\/lt\\\/toode\\\/vandens-valymo-tabletes-medentech-aquatabs-50-vnt\\\/\",\"url\":\"https:\\\/\\\/toidupakk.ee\\\/lt\\\/toode\\\/vandens-valymo-tabletes-medentech-aquatabs-50-vnt\\\/\",\"name\":\"Vandens valymo tablet\u0117s MEDENTECH Aquatabs (50 vnt.)\",\"isPartOf\":{\"@id\":\"https:\\\/\\\/toidupakk.ee\\\/lt\\\/#website\"},\"primaryImageOfPage\":{\"@id\":\"https:\\\/\\\/toidupakk.ee\\\/lt\\\/toode\\\/vandens-valymo-tabletes-medentech-aquatabs-50-vnt\\\/#primaryimage\"},\"image\":{\"@id\":\"https:\\\/\\\/toidupakk.ee\\\/lt\\\/toode\\\/vandens-valymo-tabletes-medentech-aquatabs-50-vnt\\\/#primaryimage\"},\"thumbnailUrl\":\"https:\\\/\\\/toidupakk.ee\\\/wp-content\\\/uploads\\\/2022\\\/11\\\/Veepuhastustabletid-Medentech-Aquatabs-1-1.png\",\"datePublished\":\"2022-11-11T16:13:16+00:00\",\"dateModified\":\"2026-04-16T06:30:41+00:00\",\"description\":\"Vandens valymo tablet\u0117s \u201eMedentech Aquatabs\u201c paruo\u0161ia vanden\u012f gerti per 30 minu\u010di\u0173. Viena tablet\u0117 i\u0161valo vien\u0105 litr\u0105 vandens, pakuot\u0117je yra 50 table\u010di\u0173.\",\"breadcrumb\":{\"@id\":\"https:\\\/\\\/toidupakk.ee\\\/lt\\\/toode\\\/vandens-valymo-tabletes-medentech-aquatabs-50-vnt\\\/#breadcrumb\"},\"inLanguage\":\"lt-LT\",\"potentialAction\":[{\"@type\":\"ReadAction\",\"target\":[\"https:\\\/\\\/toidupakk.ee\\\/lt\\\/toode\\\/vandens-valymo-tabletes-medentech-aquatabs-50-vnt\\\/\"]}]},{\"@type\":\"ImageObject\",\"inLanguage\":\"lt-LT\",\"@id\":\"https:\\\/\\\/toidupakk.ee\\\/lt\\\/toode\\\/vandens-valymo-tabletes-medentech-aquatabs-50-vnt\\\/#primaryimage\",\"url\":\"https:\\\/\\\/toidupakk.ee\\\/wp-content\\\/uploads\\\/2022\\\/11\\\/Veepuhastustabletid-Medentech-Aquatabs-1-1.png\",\"contentUrl\":\"https:\\\/\\\/toidupakk.ee\\\/wp-content\\\/uploads\\\/2022\\\/11\\\/Veepuhastustabletid-Medentech-Aquatabs-1-1.png\",\"width\":1080,\"height\":1080,\"caption\":\"Veepuhastustabletid Medentech Aquatabs\"},{\"@type\":\"BreadcrumbList\",\"@id\":\"https:\\\/\\\/toidupakk.ee\\\/lt\\\/toode\\\/vandens-valymo-tabletes-medentech-aquatabs-50-vnt\\\/#breadcrumb\",\"itemListElement\":[{\"@type\":\"ListItem\",\"position\":1,\"name\":\"Avaleht\",\"item\":\"https:\\\/\\\/toidupakk.ee\\\/lt\\\/\"},{\"@type\":\"ListItem\",\"position\":2,\"name\":\"El. parduotuv\u0117\",\"item\":\"https:\\\/\\\/toidupakk.ee\\\/lt\\\/el-parduotuve\\\/\"},{\"@type\":\"ListItem\",\"position\":3,\"name\":\"Vandens valymo tablet\u0117s MEDENTECH Aquatabs (50 vnt.)\"}]},{\"@type\":\"WebSite\",\"@id\":\"https:\\\/\\\/toidupakk.ee\\\/lt\\\/#website\",\"url\":\"https:\\\/\\\/toidupakk.ee\\\/lt\\\/\",\"name\":\"Toidupakk.ee - Tactical Foodpack toidupakid\",\"description\":\"Tactical Foodpack k\u00fclmkuivatatud toidupakid ja matkaeined\",\"publisher\":{\"@id\":\"https:\\\/\\\/toidupakk.ee\\\/lt\\\/#organization\"},\"potentialAction\":[{\"@type\":\"SearchAction\",\"target\":{\"@type\":\"EntryPoint\",\"urlTemplate\":\"https:\\\/\\\/toidupakk.ee\\\/lt\\\/?s={search_term_string}\"},\"query-input\":{\"@type\":\"PropertyValueSpecification\",\"valueRequired\":true,\"valueName\":\"search_term_string\"}}],\"inLanguage\":\"lt-LT\"},{\"@type\":\"Organization\",\"@id\":\"https:\\\/\\\/toidupakk.ee\\\/lt\\\/#organization\",\"name\":\"Tactical Foodpack matkaeined\",\"url\":\"https:\\\/\\\/toidupakk.ee\\\/lt\\\/\",\"logo\":{\"@type\":\"ImageObject\",\"inLanguage\":\"lt-LT\",\"@id\":\"https:\\\/\\\/toidupakk.ee\\\/lt\\\/#\\\/schema\\\/logo\\\/image\\\/\",\"url\":\"https:\\\/\\\/toidupakk.ee\\\/wp-content\\\/uploads\\\/2022\\\/01\\\/Toidupakk-matkapood-logo-transparent.png\",\"contentUrl\":\"https:\\\/\\\/toidupakk.ee\\\/wp-content\\\/uploads\\\/2022\\\/01\\\/Toidupakk-matkapood-logo-transparent.png\",\"width\":500,\"height\":500,\"caption\":\"Tactical Foodpack matkaeined\"},\"image\":{\"@id\":\"https:\\\/\\\/toidupakk.ee\\\/lt\\\/#\\\/schema\\\/logo\\\/image\\\/\"},\"sameAs\":[\"https:\\\/\\\/www.facebook.com\\\/Toidupakk\",\"https:\\\/\\\/www.instagram.com\\\/toidupakk\\\/\"]}]}<\/script>\n<!-- \/ Yoast SEO plugin. -->","yoast_head_json":{"title":"Vandens valymo tablet\u0117s MEDENTECH Aquatabs (50 vnt.)","description":"Vandens valymo tablet\u0117s \u201eMedentech Aquatabs\u201c paruo\u0161ia vanden\u012f gerti per 30 minu\u010di\u0173. Viena tablet\u0117 i\u0161valo vien\u0105 litr\u0105 vandens, pakuot\u0117je yra 50 table\u010di\u0173.","robots":{"index":"index","follow":"follow","max-snippet":"max-snippet:-1","max-image-preview":"max-image-preview:large","max-video-preview":"max-video-preview:-1"},"canonical":"https:\/\/toidupakk.ee\/lt\/toode\/vandens-valymo-tabletes-medentech-aquatabs-50-vnt\/","og_locale":"lt_LT","og_type":"article","og_title":"Vandens valymo tablet\u0117s MEDENTECH Aquatabs (50 vnt.)","og_description":"Vandens valymo tablet\u0117s \u201eMedentech Aquatabs\u201c paruo\u0161ia vanden\u012f gerti per 30 minu\u010di\u0173. Viena tablet\u0117 i\u0161valo vien\u0105 litr\u0105 vandens, pakuot\u0117je yra 50 table\u010di\u0173.","og_url":"https:\/\/toidupakk.ee\/lt\/toode\/vandens-valymo-tabletes-medentech-aquatabs-50-vnt\/","og_site_name":"Toidupakk.ee - Tactical Foodpack toidupakid","article_publisher":"https:\/\/www.facebook.com\/Toidupakk","article_modified_time":"2026-04-16T06:30:41+00:00","og_image":[{"width":1080,"height":1080,"url":"https:\/\/toidupakk.ee\/wp-content\/uploads\/2022\/11\/Veepuhastustabletid-Medentech-Aquatabs-1-1.png","type":"image\/png"}],"twitter_card":"summary_large_image","twitter_misc":{"Est. reading time":"2 minut\u0117s"},"schema":{"@context":"https:\/\/schema.org","@graph":[{"@type":"WebPage","@id":"https:\/\/toidupakk.ee\/lt\/toode\/vandens-valymo-tabletes-medentech-aquatabs-50-vnt\/","url":"https:\/\/toidupakk.ee\/lt\/toode\/vandens-valymo-tabletes-medentech-aquatabs-50-vnt\/","name":"Vandens valymo tablet\u0117s MEDENTECH Aquatabs (50 vnt.)","isPartOf":{"@id":"https:\/\/toidupakk.ee\/lt\/#website"},"primaryImageOfPage":{"@id":"https:\/\/toidupakk.ee\/lt\/toode\/vandens-valymo-tabletes-medentech-aquatabs-50-vnt\/#primaryimage"},"image":{"@id":"https:\/\/toidupakk.ee\/lt\/toode\/vandens-valymo-tabletes-medentech-aquatabs-50-vnt\/#primaryimage"},"thumbnailUrl":"https:\/\/toidupakk.ee\/wp-content\/uploads\/2022\/11\/Veepuhastustabletid-Medentech-Aquatabs-1-1.png","datePublished":"2022-11-11T16:13:16+00:00","dateModified":"2026-04-16T06:30:41+00:00","description":"Vandens valymo tablet\u0117s \u201eMedentech Aquatabs\u201c paruo\u0161ia vanden\u012f gerti per 30 minu\u010di\u0173. Viena tablet\u0117 i\u0161valo vien\u0105 litr\u0105 vandens, pakuot\u0117je yra 50 table\u010di\u0173.","breadcrumb":{"@id":"https:\/\/toidupakk.ee\/lt\/toode\/vandens-valymo-tabletes-medentech-aquatabs-50-vnt\/#breadcrumb"},"inLanguage":"lt-LT","potentialAction":[{"@type":"ReadAction","target":["https:\/\/toidupakk.ee\/lt\/toode\/vandens-valymo-tabletes-medentech-aquatabs-50-vnt\/"]}]},{"@type":"ImageObject","inLanguage":"lt-LT","@id":"https:\/\/toidupakk.ee\/lt\/toode\/vandens-valymo-tabletes-medentech-aquatabs-50-vnt\/#primaryimage","url":"https:\/\/toidupakk.ee\/wp-content\/uploads\/2022\/11\/Veepuhastustabletid-Medentech-Aquatabs-1-1.png","contentUrl":"https:\/\/toidupakk.ee\/wp-content\/uploads\/2022\/11\/Veepuhastustabletid-Medentech-Aquatabs-1-1.png","width":1080,"height":1080,"caption":"Veepuhastustabletid Medentech Aquatabs"},{"@type":"BreadcrumbList","@id":"https:\/\/toidupakk.ee\/lt\/toode\/vandens-valymo-tabletes-medentech-aquatabs-50-vnt\/#breadcrumb","itemListElement":[{"@type":"ListItem","position":1,"name":"Avaleht","item":"https:\/\/toidupakk.ee\/lt\/"},{"@type":"ListItem","position":2,"name":"El. parduotuv\u0117","item":"https:\/\/toidupakk.ee\/lt\/el-parduotuve\/"},{"@type":"ListItem","position":3,"name":"Vandens valymo tablet\u0117s MEDENTECH Aquatabs (50 vnt.)"}]},{"@type":"WebSite","@id":"https:\/\/toidupakk.ee\/lt\/#website","url":"https:\/\/toidupakk.ee\/lt\/","name":"Toidupakk.ee - Tactical Foodpack toidupakid","description":"Tactical Foodpack k\u00fclmkuivatatud toidupakid ja matkaeined","publisher":{"@id":"https:\/\/toidupakk.ee\/lt\/#organization"},"potentialAction":[{"@type":"SearchAction","target":{"@type":"EntryPoint","urlTemplate":"https:\/\/toidupakk.ee\/lt\/?s={search_term_string}"},"query-input":{"@type":"PropertyValueSpecification","valueRequired":true,"valueName":"search_term_string"}}],"inLanguage":"lt-LT"},{"@type":"Organization","@id":"https:\/\/toidupakk.ee\/lt\/#organization","name":"Tactical Foodpack matkaeined","url":"https:\/\/toidupakk.ee\/lt\/","logo":{"@type":"ImageObject","inLanguage":"lt-LT","@id":"https:\/\/toidupakk.ee\/lt\/#\/schema\/logo\/image\/","url":"https:\/\/toidupakk.ee\/wp-content\/uploads\/2022\/01\/Toidupakk-matkapood-logo-transparent.png","contentUrl":"https:\/\/toidupakk.ee\/wp-content\/uploads\/2022\/01\/Toidupakk-matkapood-logo-transparent.png","width":500,"height":500,"caption":"Tactical Foodpack matkaeined"},"image":{"@id":"https:\/\/toidupakk.ee\/lt\/#\/schema\/logo\/image\/"},"sameAs":["https:\/\/www.facebook.com\/Toidupakk","https:\/\/www.instagram.com\/toidupakk\/"]}]}},"jetpack_sharing_enabled":true,"_links":{"self":[{"href":"https:\/\/toidupakk.ee\/lt\/wp-json\/wp\/v2\/product\/47662","targetHints":{"allow":["GET"]}}],"collection":[{"href":"https:\/\/toidupakk.ee\/lt\/wp-json\/wp\/v2\/product"}],"about":[{"href":"https:\/\/toidupakk.ee\/lt\/wp-json\/wp\/v2\/types\/product"}],"replies":[{"embeddable":true,"href":"https:\/\/toidupakk.ee\/lt\/wp-json\/wp\/v2\/comments?post=47662"}],"wp:featuredmedia":[{"embeddable":true,"href":"https:\/\/toidupakk.ee\/lt\/wp-json\/wp\/v2\/media\/4033"}],"wp:attachment":[{"href":"https:\/\/toidupakk.ee\/lt\/wp-json\/wp\/v2\/media?parent=47662"}],"wp:term":[{"taxonomy":"product_brand","embeddable":true,"href":"https:\/\/toidupakk.ee\/lt\/wp-json\/wp\/v2\/product_brand?post=47662"},{"taxonomy":"product_cat","embeddable":true,"href":"https:\/\/toidupakk.ee\/lt\/wp-json\/wp\/v2\/product_cat?post=47662"},{"taxonomy":"product_tag","embeddable":true,"href":"https:\/\/toidupakk.ee\/lt\/wp-json\/wp\/v2\/product_tag?post=47662"}],"curies":[{"name":"wp","href":"https:\/\/api.w.org\/{rel}","templated":true}]}}