{"id":47661,"date":"2022-09-21T15:54:44","date_gmt":"2022-09-21T12:54:44","guid":{"rendered":"https:\/\/toidupakk.ee\/toode\/gouda-surio-uzkandziai-40-g\/"},"modified":"2026-04-14T23:30:26","modified_gmt":"2026-04-14T20:30:26","slug":"gouda-surio-uzkandziai-40-g","status":"publish","type":"product","link":"https:\/\/toidupakk.ee\/lt\/toode\/gouda-surio-uzkandziai-40-g\/","title":{"rendered":"Gouda s\u016brio u\u017ekand\u017eiai, 40 g"},"content":{"rendered":"<p>Tra\u0161ki Gouda s\u016brio u\u017ekand\u017ei\u0173 tekst\u016bra i\u0161gaunama naudojant \u0161altyje d\u017eiovint\u0173 produkt\u0173 technologij\u0105. S\u016brio u\u017ekand\u017eiai puikiai tinka u\u017ek\u0105sti tarp valgym\u0173, m\u0117gautis su draugais gamtoje ar tiesiog greitai pasistiprinti. Maistingas u\u017ekandis papildys tavo dienos kalcio ir baltym\u0173 poreik\u012f.  <\/p>\n<p><img fetchpriority=\"high\" decoding=\"async\" class=\"alignnone size-medium wp-image-3288\" src=\"https:\/\/toidupakk.ee\/wp-content\/uploads\/2022\/09\/Juustusnakid-Gouda-kulmkuivatatud-Tactical-Foodpack-2-300x300.png\" alt=\"Gouda s\u016brio u\u017ekand\u017ei\u0173 pakuot\u0117\" width=\"300\" height=\"300\" srcset=\"https:\/\/toidupakk.ee\/wp-content\/uploads\/2022\/09\/Juustusnakid-Gouda-kulmkuivatatud-Tactical-Foodpack-2-300x300.png 300w, https:\/\/toidupakk.ee\/wp-content\/uploads\/2022\/09\/Juustusnakid-Gouda-kulmkuivatatud-Tactical-Foodpack-2-400x400.png 400w, https:\/\/toidupakk.ee\/wp-content\/uploads\/2022\/09\/Juustusnakid-Gouda-kulmkuivatatud-Tactical-Foodpack-2-100x100.png 100w, https:\/\/toidupakk.ee\/wp-content\/uploads\/2022\/09\/Juustusnakid-Gouda-kulmkuivatatud-Tactical-Foodpack-2-800x800.png 800w, https:\/\/toidupakk.ee\/wp-content\/uploads\/2022\/09\/Juustusnakid-Gouda-kulmkuivatatud-Tactical-Foodpack-2-1024x1024.png 1024w, https:\/\/toidupakk.ee\/wp-content\/uploads\/2022\/09\/Juustusnakid-Gouda-kulmkuivatatud-Tactical-Foodpack-2-500x500.png 500w, https:\/\/toidupakk.ee\/wp-content\/uploads\/2022\/09\/Juustusnakid-Gouda-kulmkuivatatud-Tactical-Foodpack-2-768x768.png 768w, https:\/\/toidupakk.ee\/wp-content\/uploads\/2022\/09\/Juustusnakid-Gouda-kulmkuivatatud-Tactical-Foodpack-2.png 1080w\" sizes=\"(max-width: 300px) 100vw, 300px\" \/><\/p>\n<p>\u201eTactical Foodpack\u201c \u0161altyje d\u017eiovinti Gouda s\u016brio u\u017ekand\u017eiai numal\u0161ins tavo s\u016braus maisto alk\u012f ir bus skani alternatyva saldumynams \u2013 sodraus skonio, tra\u0161k\u016bs ir pagaminti i\u0161 100 % tikro s\u016brio! Skirti valgyti tiesiai i\u0161 pakuot\u0117s \u017eygyje mi\u0161ke ar tiesiog vakarojant prie lau\u017eo. <\/p>\n<p>Skanus u\u017ekandis, kurio nereikia laikyti \u0161aldytuve. Gouda s\u016brio u\u017ekand\u017eiai supakuoti \u012f pakartotinai u\u017edarom\u0105 pakuot\u0119. Dabar s\u016br\u012f gali patogiai pasiimti \u012f \u017eyg\u012f, stovyklavim\u0105, \u017evejyb\u0105, med\u017eiokl\u0119, kelion\u0119 automobiliu ar eidamas pas draugus.  <\/p>\n<p>Svarbu! Naudingas patarimas \u2013 s\u016brio u\u017ekand\u017eiai tikriausiai labai patiks ir tavo augintiniui. Tad gali \u012fsimesti j\u0173 \u012f ki\u0161en\u0119 eidamas pasivaik\u0161\u010dioti su \u0161unimi.  <\/p>\n","protected":false},"excerpt":{"rendered":"<ul>\n<li>Skanus u\u017ekandis m\u0117gautis ne namuose arba vai\u0161inti sve\u010dius namie.<\/li>\n<li>Nepamir\u0161tamai tra\u0161ku ir skanu. Mmm!<\/li>\n<li>Maistingas u\u017ekandis \u2013 puikus baltym\u0173 ir kalcio \u0161altinis.<\/li>\n<li>Pasiimk \u012f \u017eyg\u012f, stovyklavim\u0105, \u017evejyb\u0105, med\u017eiokl\u0119, kelion\u0119 automobiliu ar eidamas pas draugus.<\/li>\n<li>Pakartotinai u\u017edaroma pakuot\u0117<\/li>\n<li>Slaptas patarimas! S\u016brio u\u017ekand\u017eiai tikriausiai labai patiks ir tavo augintiniui <\/li>\n<\/ul>\n<p>&nbsp;<\/p>\n<p><strong>Sud\u0117tis:<\/strong> pasterizuotas pienas, druska, raugo kult\u016bros, mikrobiologinis \u0161liu\u017eo fermentas.<\/p>\n<p><strong>Geriausias iki: 4 metai<\/strong><\/p>\n<p>\u2705 Turime sand\u0117lyje, greitas pristatymas per 1\u20133 darbo dienas<\/p>\n","protected":false},"featured_media":3287,"comment_status":"open","ping_status":"closed","template":"","meta":{"_acf_changed":false},"product_brand":[],"product_cat":[239,213,189,190],"product_tag":[194,205],"class_list":{"0":"post-47661","1":"product","2":"type-product","3":"status-publish","4":"has-post-thumbnail","6":"product_cat-priedai","7":"product_cat-uzkandziai","8":"product_cat-zygio-iranga","9":"product_cat-zygio-prekes","10":"product_tag-no_ads","11":"product_tag-tactical-foodpack","13":"first","14":"instock","15":"taxable","16":"shipping-taxable","17":"purchasable","18":"product-type-simple"},"bundled_by":[],"bundle_stock_status":"instock","bundle_stock_quantity":20,"bundle_virtual":false,"bundle_layout":"","bundle_add_to_cart_form_location":"","bundle_editable_in_cart":false,"bundle_sold_individually_context":"","bundle_item_grouping":"","bundle_min_size":"","bundle_max_size":"","bundle_price":[],"bundled_items":[],"bundle_sell_ids":[],"acf":[],"yoast_head":"<!-- This site is optimized with the Yoast SEO plugin v27.3 - https:\/\/yoast.com\/product\/yoast-seo-wordpress\/ -->\n<title>Gouda s\u016brio u\u017ekand\u017eiai, 40 g - Toidupakk.ee - Tactical Foodpack toidupakid<\/title>\n<meta name=\"description\" content=\"Gouda s\u016brio u\u017ekand\u017eiai \u2013 tai maistingas u\u017ekandis. Puikus baltym\u0173 ir kalcio \u0161altinis. Pasiimk \u012f \u017eyg\u012f, stovyklavim\u0105, \u017evejyb\u0105, med\u017eiokl\u0119 ar kelion\u0119 automobiliu.\" \/>\n<meta name=\"robots\" content=\"index, follow, max-snippet:-1, max-image-preview:large, max-video-preview:-1\" \/>\n<link rel=\"canonical\" href=\"https:\/\/toidupakk.ee\/lt\/toode\/gouda-surio-uzkandziai-40-g\/\" \/>\n<meta property=\"og:locale\" content=\"lt_LT\" \/>\n<meta property=\"og:type\" content=\"article\" \/>\n<meta property=\"og:title\" content=\"Gouda s\u016brio u\u017ekand\u017eiai, 40 g - Toidupakk.ee - Tactical Foodpack toidupakid\" \/>\n<meta property=\"og:description\" content=\"Gouda s\u016brio u\u017ekand\u017eiai \u2013 tai maistingas u\u017ekandis. Puikus baltym\u0173 ir kalcio \u0161altinis. Pasiimk \u012f \u017eyg\u012f, stovyklavim\u0105, \u017evejyb\u0105, med\u017eiokl\u0119 ar kelion\u0119 automobiliu.\" \/>\n<meta property=\"og:url\" content=\"https:\/\/toidupakk.ee\/lt\/toode\/gouda-surio-uzkandziai-40-g\/\" \/>\n<meta property=\"og:site_name\" content=\"Toidupakk.ee - Tactical Foodpack toidupakid\" \/>\n<meta property=\"article:publisher\" content=\"https:\/\/www.facebook.com\/Toidupakk\" \/>\n<meta property=\"article:modified_time\" content=\"2026-04-14T20:30:26+00:00\" \/>\n<meta property=\"og:image\" content=\"https:\/\/toidupakk.ee\/wp-content\/uploads\/2022\/09\/Juustusnakid-Gouda-kulmkuivatatud-Tactical-Foodpack-1.png\" \/>\n\t<meta property=\"og:image:width\" content=\"1080\" \/>\n\t<meta property=\"og:image:height\" content=\"1080\" \/>\n\t<meta property=\"og:image:type\" content=\"image\/png\" \/>\n<meta name=\"twitter:card\" content=\"summary_large_image\" \/>\n<meta name=\"twitter:label1\" content=\"Est. reading time\" \/>\n\t<meta name=\"twitter:data1\" content=\"1 minut\u0117\" \/>\n<script type=\"application\/ld+json\" class=\"yoast-schema-graph\">{\"@context\":\"https:\\\/\\\/schema.org\",\"@graph\":[{\"@type\":\"WebPage\",\"@id\":\"https:\\\/\\\/toidupakk.ee\\\/lt\\\/toode\\\/gouda-surio-uzkandziai-40-g\\\/\",\"url\":\"https:\\\/\\\/toidupakk.ee\\\/lt\\\/toode\\\/gouda-surio-uzkandziai-40-g\\\/\",\"name\":\"Gouda s\u016brio u\u017ekand\u017eiai, 40 g - Toidupakk.ee - Tactical Foodpack toidupakid\",\"isPartOf\":{\"@id\":\"https:\\\/\\\/toidupakk.ee\\\/lt\\\/#website\"},\"primaryImageOfPage\":{\"@id\":\"https:\\\/\\\/toidupakk.ee\\\/lt\\\/toode\\\/gouda-surio-uzkandziai-40-g\\\/#primaryimage\"},\"image\":{\"@id\":\"https:\\\/\\\/toidupakk.ee\\\/lt\\\/toode\\\/gouda-surio-uzkandziai-40-g\\\/#primaryimage\"},\"thumbnailUrl\":\"https:\\\/\\\/toidupakk.ee\\\/wp-content\\\/uploads\\\/2022\\\/09\\\/Juustusnakid-Gouda-kulmkuivatatud-Tactical-Foodpack-1.png\",\"datePublished\":\"2022-09-21T12:54:44+00:00\",\"dateModified\":\"2026-04-14T20:30:26+00:00\",\"description\":\"Gouda s\u016brio u\u017ekand\u017eiai \u2013 tai maistingas u\u017ekandis. Puikus baltym\u0173 ir kalcio \u0161altinis. Pasiimk \u012f \u017eyg\u012f, stovyklavim\u0105, \u017evejyb\u0105, med\u017eiokl\u0119 ar kelion\u0119 automobiliu.\",\"breadcrumb\":{\"@id\":\"https:\\\/\\\/toidupakk.ee\\\/lt\\\/toode\\\/gouda-surio-uzkandziai-40-g\\\/#breadcrumb\"},\"inLanguage\":\"lt-LT\",\"potentialAction\":[{\"@type\":\"ReadAction\",\"target\":[\"https:\\\/\\\/toidupakk.ee\\\/lt\\\/toode\\\/gouda-surio-uzkandziai-40-g\\\/\"]}]},{\"@type\":\"ImageObject\",\"inLanguage\":\"lt-LT\",\"@id\":\"https:\\\/\\\/toidupakk.ee\\\/lt\\\/toode\\\/gouda-surio-uzkandziai-40-g\\\/#primaryimage\",\"url\":\"https:\\\/\\\/toidupakk.ee\\\/wp-content\\\/uploads\\\/2022\\\/09\\\/Juustusnakid-Gouda-kulmkuivatatud-Tactical-Foodpack-1.png\",\"contentUrl\":\"https:\\\/\\\/toidupakk.ee\\\/wp-content\\\/uploads\\\/2022\\\/09\\\/Juustusnakid-Gouda-kulmkuivatatud-Tactical-Foodpack-1.png\",\"width\":1080,\"height\":1080,\"caption\":\"Gouda juustusn\u00e4kid pild\"},{\"@type\":\"BreadcrumbList\",\"@id\":\"https:\\\/\\\/toidupakk.ee\\\/lt\\\/toode\\\/gouda-surio-uzkandziai-40-g\\\/#breadcrumb\",\"itemListElement\":[{\"@type\":\"ListItem\",\"position\":1,\"name\":\"Avaleht\",\"item\":\"https:\\\/\\\/toidupakk.ee\\\/lt\\\/\"},{\"@type\":\"ListItem\",\"position\":2,\"name\":\"El. parduotuv\u0117\",\"item\":\"https:\\\/\\\/toidupakk.ee\\\/lt\\\/el-parduotuve\\\/\"},{\"@type\":\"ListItem\",\"position\":3,\"name\":\"Gouda s\u016brio u\u017ekand\u017eiai, 40 g\"}]},{\"@type\":\"WebSite\",\"@id\":\"https:\\\/\\\/toidupakk.ee\\\/lt\\\/#website\",\"url\":\"https:\\\/\\\/toidupakk.ee\\\/lt\\\/\",\"name\":\"Toidupakk.ee - Tactical Foodpack toidupakid\",\"description\":\"Tactical Foodpack k\u00fclmkuivatatud toidupakid ja matkaeined\",\"publisher\":{\"@id\":\"https:\\\/\\\/toidupakk.ee\\\/lt\\\/#organization\"},\"potentialAction\":[{\"@type\":\"SearchAction\",\"target\":{\"@type\":\"EntryPoint\",\"urlTemplate\":\"https:\\\/\\\/toidupakk.ee\\\/lt\\\/?s={search_term_string}\"},\"query-input\":{\"@type\":\"PropertyValueSpecification\",\"valueRequired\":true,\"valueName\":\"search_term_string\"}}],\"inLanguage\":\"lt-LT\"},{\"@type\":\"Organization\",\"@id\":\"https:\\\/\\\/toidupakk.ee\\\/lt\\\/#organization\",\"name\":\"Tactical Foodpack matkaeined\",\"url\":\"https:\\\/\\\/toidupakk.ee\\\/lt\\\/\",\"logo\":{\"@type\":\"ImageObject\",\"inLanguage\":\"lt-LT\",\"@id\":\"https:\\\/\\\/toidupakk.ee\\\/lt\\\/#\\\/schema\\\/logo\\\/image\\\/\",\"url\":\"https:\\\/\\\/toidupakk.ee\\\/wp-content\\\/uploads\\\/2022\\\/01\\\/Toidupakk-matkapood-logo-transparent.png\",\"contentUrl\":\"https:\\\/\\\/toidupakk.ee\\\/wp-content\\\/uploads\\\/2022\\\/01\\\/Toidupakk-matkapood-logo-transparent.png\",\"width\":500,\"height\":500,\"caption\":\"Tactical Foodpack matkaeined\"},\"image\":{\"@id\":\"https:\\\/\\\/toidupakk.ee\\\/lt\\\/#\\\/schema\\\/logo\\\/image\\\/\"},\"sameAs\":[\"https:\\\/\\\/www.facebook.com\\\/Toidupakk\",\"https:\\\/\\\/www.instagram.com\\\/toidupakk\\\/\"]}]}<\/script>\n<!-- \/ Yoast SEO plugin. -->","yoast_head_json":{"title":"Gouda s\u016brio u\u017ekand\u017eiai, 40 g - Toidupakk.ee - Tactical Foodpack toidupakid","description":"Gouda s\u016brio u\u017ekand\u017eiai \u2013 tai maistingas u\u017ekandis. Puikus baltym\u0173 ir kalcio \u0161altinis. Pasiimk \u012f \u017eyg\u012f, stovyklavim\u0105, \u017evejyb\u0105, med\u017eiokl\u0119 ar kelion\u0119 automobiliu.","robots":{"index":"index","follow":"follow","max-snippet":"max-snippet:-1","max-image-preview":"max-image-preview:large","max-video-preview":"max-video-preview:-1"},"canonical":"https:\/\/toidupakk.ee\/lt\/toode\/gouda-surio-uzkandziai-40-g\/","og_locale":"lt_LT","og_type":"article","og_title":"Gouda s\u016brio u\u017ekand\u017eiai, 40 g - Toidupakk.ee - Tactical Foodpack toidupakid","og_description":"Gouda s\u016brio u\u017ekand\u017eiai \u2013 tai maistingas u\u017ekandis. Puikus baltym\u0173 ir kalcio \u0161altinis. Pasiimk \u012f \u017eyg\u012f, stovyklavim\u0105, \u017evejyb\u0105, med\u017eiokl\u0119 ar kelion\u0119 automobiliu.","og_url":"https:\/\/toidupakk.ee\/lt\/toode\/gouda-surio-uzkandziai-40-g\/","og_site_name":"Toidupakk.ee - Tactical Foodpack toidupakid","article_publisher":"https:\/\/www.facebook.com\/Toidupakk","article_modified_time":"2026-04-14T20:30:26+00:00","og_image":[{"width":1080,"height":1080,"url":"https:\/\/toidupakk.ee\/wp-content\/uploads\/2022\/09\/Juustusnakid-Gouda-kulmkuivatatud-Tactical-Foodpack-1.png","type":"image\/png"}],"twitter_card":"summary_large_image","twitter_misc":{"Est. reading time":"1 minut\u0117"},"schema":{"@context":"https:\/\/schema.org","@graph":[{"@type":"WebPage","@id":"https:\/\/toidupakk.ee\/lt\/toode\/gouda-surio-uzkandziai-40-g\/","url":"https:\/\/toidupakk.ee\/lt\/toode\/gouda-surio-uzkandziai-40-g\/","name":"Gouda s\u016brio u\u017ekand\u017eiai, 40 g - Toidupakk.ee - Tactical Foodpack toidupakid","isPartOf":{"@id":"https:\/\/toidupakk.ee\/lt\/#website"},"primaryImageOfPage":{"@id":"https:\/\/toidupakk.ee\/lt\/toode\/gouda-surio-uzkandziai-40-g\/#primaryimage"},"image":{"@id":"https:\/\/toidupakk.ee\/lt\/toode\/gouda-surio-uzkandziai-40-g\/#primaryimage"},"thumbnailUrl":"https:\/\/toidupakk.ee\/wp-content\/uploads\/2022\/09\/Juustusnakid-Gouda-kulmkuivatatud-Tactical-Foodpack-1.png","datePublished":"2022-09-21T12:54:44+00:00","dateModified":"2026-04-14T20:30:26+00:00","description":"Gouda s\u016brio u\u017ekand\u017eiai \u2013 tai maistingas u\u017ekandis. Puikus baltym\u0173 ir kalcio \u0161altinis. Pasiimk \u012f \u017eyg\u012f, stovyklavim\u0105, \u017evejyb\u0105, med\u017eiokl\u0119 ar kelion\u0119 automobiliu.","breadcrumb":{"@id":"https:\/\/toidupakk.ee\/lt\/toode\/gouda-surio-uzkandziai-40-g\/#breadcrumb"},"inLanguage":"lt-LT","potentialAction":[{"@type":"ReadAction","target":["https:\/\/toidupakk.ee\/lt\/toode\/gouda-surio-uzkandziai-40-g\/"]}]},{"@type":"ImageObject","inLanguage":"lt-LT","@id":"https:\/\/toidupakk.ee\/lt\/toode\/gouda-surio-uzkandziai-40-g\/#primaryimage","url":"https:\/\/toidupakk.ee\/wp-content\/uploads\/2022\/09\/Juustusnakid-Gouda-kulmkuivatatud-Tactical-Foodpack-1.png","contentUrl":"https:\/\/toidupakk.ee\/wp-content\/uploads\/2022\/09\/Juustusnakid-Gouda-kulmkuivatatud-Tactical-Foodpack-1.png","width":1080,"height":1080,"caption":"Gouda juustusn\u00e4kid pild"},{"@type":"BreadcrumbList","@id":"https:\/\/toidupakk.ee\/lt\/toode\/gouda-surio-uzkandziai-40-g\/#breadcrumb","itemListElement":[{"@type":"ListItem","position":1,"name":"Avaleht","item":"https:\/\/toidupakk.ee\/lt\/"},{"@type":"ListItem","position":2,"name":"El. parduotuv\u0117","item":"https:\/\/toidupakk.ee\/lt\/el-parduotuve\/"},{"@type":"ListItem","position":3,"name":"Gouda s\u016brio u\u017ekand\u017eiai, 40 g"}]},{"@type":"WebSite","@id":"https:\/\/toidupakk.ee\/lt\/#website","url":"https:\/\/toidupakk.ee\/lt\/","name":"Toidupakk.ee - Tactical Foodpack toidupakid","description":"Tactical Foodpack k\u00fclmkuivatatud toidupakid ja matkaeined","publisher":{"@id":"https:\/\/toidupakk.ee\/lt\/#organization"},"potentialAction":[{"@type":"SearchAction","target":{"@type":"EntryPoint","urlTemplate":"https:\/\/toidupakk.ee\/lt\/?s={search_term_string}"},"query-input":{"@type":"PropertyValueSpecification","valueRequired":true,"valueName":"search_term_string"}}],"inLanguage":"lt-LT"},{"@type":"Organization","@id":"https:\/\/toidupakk.ee\/lt\/#organization","name":"Tactical Foodpack matkaeined","url":"https:\/\/toidupakk.ee\/lt\/","logo":{"@type":"ImageObject","inLanguage":"lt-LT","@id":"https:\/\/toidupakk.ee\/lt\/#\/schema\/logo\/image\/","url":"https:\/\/toidupakk.ee\/wp-content\/uploads\/2022\/01\/Toidupakk-matkapood-logo-transparent.png","contentUrl":"https:\/\/toidupakk.ee\/wp-content\/uploads\/2022\/01\/Toidupakk-matkapood-logo-transparent.png","width":500,"height":500,"caption":"Tactical Foodpack matkaeined"},"image":{"@id":"https:\/\/toidupakk.ee\/lt\/#\/schema\/logo\/image\/"},"sameAs":["https:\/\/www.facebook.com\/Toidupakk","https:\/\/www.instagram.com\/toidupakk\/"]}]}},"jetpack_sharing_enabled":true,"_links":{"self":[{"href":"https:\/\/toidupakk.ee\/lt\/wp-json\/wp\/v2\/product\/47661","targetHints":{"allow":["GET"]}}],"collection":[{"href":"https:\/\/toidupakk.ee\/lt\/wp-json\/wp\/v2\/product"}],"about":[{"href":"https:\/\/toidupakk.ee\/lt\/wp-json\/wp\/v2\/types\/product"}],"replies":[{"embeddable":true,"href":"https:\/\/toidupakk.ee\/lt\/wp-json\/wp\/v2\/comments?post=47661"}],"wp:featuredmedia":[{"embeddable":true,"href":"https:\/\/toidupakk.ee\/lt\/wp-json\/wp\/v2\/media\/3287"}],"wp:attachment":[{"href":"https:\/\/toidupakk.ee\/lt\/wp-json\/wp\/v2\/media?parent=47661"}],"wp:term":[{"taxonomy":"product_brand","embeddable":true,"href":"https:\/\/toidupakk.ee\/lt\/wp-json\/wp\/v2\/product_brand?post=47661"},{"taxonomy":"product_cat","embeddable":true,"href":"https:\/\/toidupakk.ee\/lt\/wp-json\/wp\/v2\/product_cat?post=47661"},{"taxonomy":"product_tag","embeddable":true,"href":"https:\/\/toidupakk.ee\/lt\/wp-json\/wp\/v2\/product_tag?post=47661"}],"curies":[{"name":"wp","href":"https:\/\/api.w.org\/{rel}","templated":true}]}}