{"id":47654,"date":"2022-10-20T16:52:14","date_gmt":"2022-10-20T13:52:14","guid":{"rendered":"https:\/\/toidupakk.ee\/toode\/ranku-sildytuvas-thermopad\/"},"modified":"2026-04-14T10:31:24","modified_gmt":"2026-04-14T07:31:24","slug":"ranku-sildytuvas-thermopad","status":"publish","type":"product","link":"https:\/\/toidupakk.ee\/lt\/toode\/ranku-sildytuvas-thermopad\/","title":{"rendered":"Rank\u0173 \u0161ildytuvas \u201eThermopad\u201c"},"content":{"rendered":"<h1>Rank\u0173 \u0161ildytuvas padeda suma\u017einti \u0161al\u010dio poj\u016bt\u012f<\/h1>\n<p>Ar b\u016bdamas lauke \u017eiem\u0105 jautei, kad nepaisant pir\u0161tini\u0173 \u0161altis vis tiek \u0161iek tiek kanda? \u012esivaizduok, jei striuk\u0117s ki\u0161en\u0117je tokiems atvejams visada tur\u0117tum paruo\u0161t\u0105 rank\u0173 \u0161ildytuv\u0173 rinkin\u012f, kur\u012f bet kada gal\u0117tum i\u0161siimti ir \u012fsid\u0117ti \u012f pir\u0161tin\u0119! Arba tiesiog maloniai su\u0161ildyti striuk\u0117s ki\u0161en\u0119. Su oru reaguojantys \u201eThermopad\u201c rank\u0173 \u0161ildytuvai \u012fkaista iki 68 \u00b0C temperat\u016bros ir teikia \u0161ilum\u0105 vis\u0105 ilg\u0105 dien\u0105. Tik 62 g sveriantis rank\u0173 \u0161ildytuvas patogiai tilps striuk\u0117s ki\u0161en\u0117je ar krep\u0161yje, o tu net nepajusi, kad jis ten yra.    <\/p>\n<p><img fetchpriority=\"high\" decoding=\"async\" class=\"alignnone wp-image-3724 size-thumbnail\" src=\"https:\/\/toidupakk.ee\/wp-content\/uploads\/2022\/10\/Katesoojendaja-Thermopad-4-500x500.jpg\" alt=\"Rank\u0173 \u0161ildytuvas \u201eThermopad\u201c\" width=\"500\" height=\"500\" srcset=\"https:\/\/toidupakk.ee\/wp-content\/uploads\/2022\/10\/Katesoojendaja-Thermopad-4-500x500.jpg 500w, https:\/\/toidupakk.ee\/wp-content\/uploads\/2022\/10\/Katesoojendaja-Thermopad-4-400x400.jpg 400w, https:\/\/toidupakk.ee\/wp-content\/uploads\/2022\/10\/Katesoojendaja-Thermopad-4-100x100.jpg 100w, https:\/\/toidupakk.ee\/wp-content\/uploads\/2022\/10\/Katesoojendaja-Thermopad-4-800x800.jpg 800w, https:\/\/toidupakk.ee\/wp-content\/uploads\/2022\/10\/Katesoojendaja-Thermopad-4-300x300.jpg 300w, https:\/\/toidupakk.ee\/wp-content\/uploads\/2022\/10\/Katesoojendaja-Thermopad-4-1024x1024.jpg 1024w, https:\/\/toidupakk.ee\/wp-content\/uploads\/2022\/10\/Katesoojendaja-Thermopad-4-768x768.jpg 768w, https:\/\/toidupakk.ee\/wp-content\/uploads\/2022\/10\/Katesoojendaja-Thermopad-4.jpg 1080w\" sizes=\"(max-width: 500px) 100vw, 500px\" \/><\/p>\n<p>\u201eThermopad\u201c rank\u0173 \u0161ildytuvai yra naudinga priemon\u0117 \u017emon\u0117ms, kuriems reikia dirbti lauke v\u0117siu oru. Daugiau nebereik\u0117s dreb\u0117ti i\u0161 \u0161al\u010dio. \u201eThermopad\u201c gaminiai pasi\u017eymi tarptautine kokybe ir yra geriausiai parduodamas prek\u0117s \u017eenklas Estijoje.  <\/p>\n<h2><\/h2>\n<h2>Rank\u0173 \u0161ildytuvo naudojimas:<\/h2>\n<ul>\n<li>Rank\u0173 \u0161ildytuvai aktyvuojasi automati\u0161kai, kai atidarius pakuot\u0119 jie gauna s\u0105lyt\u012f su oru.<\/li>\n<li>Atidaryk pakuot\u0119 ir \u0161velniai j\u0105 papurtyk.<\/li>\n<li>\u012esid\u0117k rank\u0173 \u0161ildytuvus \u012f pir\u0161tin\u0119, ki\u0161en\u0119 arba tiesiog laikyk rankose.<\/li>\n<li>Rank\u0173 \u0161ildytuvai pasiekia darbin\u0119 iki 68 \u00b0C temperat\u016br\u0105 jau per kelias minutes.<\/li>\n<li>Po naudojimo atv\u0117susius \u0161ildytuvus galima i\u0161mesti \u012f buitini\u0173 atliek\u0173 konteiner\u012f.<\/li>\n<\/ul>\n<h2><\/h2>\n<h2>Rank\u0173 \u0161ildytuvo saugos instrukcija:<\/h2>\n<ul>\n<li>Neskirta medicininiam naudojimui.<\/li>\n<li>Nenaudok ant su\u017eeist\u0173, i\u0161tinusi\u0173, jautri\u0173 ar nu\u0161alusi\u0173 k\u016bno dali\u0173.<\/li>\n<li>Nerekomenduojama naudoti vaikams iki 6 met\u0173.<\/li>\n<li>Nenaudok miegodamas.<\/li>\n<li>Rank\u0173 \u0161ildytuvai yra vienkartiniai, jie n\u0117ra pakartotinai \u0161ildomi.<\/li>\n<li>Jei kar\u0161tis tampa nemalonus, nedelsdamas nustok naudoti gamin\u012f.<\/li>\n<li>Nebandyk \u0161ildytuvo perpjauti ir venk tiesioginio kontakto su \u0161ildytuvo viduje esan\u010diais milteliais.<\/li>\n<\/ul>\n<p>&nbsp;<\/p>\n<p><strong>Rank\u0173 \u0161ildytuvo sud\u0117tis:<\/strong><\/p>\n<p>Gele\u017eies milteliai, druska, aktyvuota anglis, vanduo ir vermikulitas.<\/p>\n<p><img decoding=\"async\" class=\"alignnone wp-image-3725 size-thumbnail\" src=\"https:\/\/toidupakk.ee\/wp-content\/uploads\/2022\/10\/Katesoojendaja-Thermopad-5-500x500.png\" alt=\"\" width=\"500\" height=\"500\" srcset=\"https:\/\/toidupakk.ee\/wp-content\/uploads\/2022\/10\/Katesoojendaja-Thermopad-5-500x500.png 500w, https:\/\/toidupakk.ee\/wp-content\/uploads\/2022\/10\/Katesoojendaja-Thermopad-5-400x400.png 400w, https:\/\/toidupakk.ee\/wp-content\/uploads\/2022\/10\/Katesoojendaja-Thermopad-5-100x100.png 100w, https:\/\/toidupakk.ee\/wp-content\/uploads\/2022\/10\/Katesoojendaja-Thermopad-5-800x800.png 800w, https:\/\/toidupakk.ee\/wp-content\/uploads\/2022\/10\/Katesoojendaja-Thermopad-5-300x300.png 300w, https:\/\/toidupakk.ee\/wp-content\/uploads\/2022\/10\/Katesoojendaja-Thermopad-5-1024x1024.png 1024w, https:\/\/toidupakk.ee\/wp-content\/uploads\/2022\/10\/Katesoojendaja-Thermopad-5-768x768.png 768w, https:\/\/toidupakk.ee\/wp-content\/uploads\/2022\/10\/Katesoojendaja-Thermopad-5.png 1080w\" sizes=\"(max-width: 500px) 100vw, 500px\" \/><\/p>\n<p>&nbsp;<\/p>\n<p>Daugiau \u017eygio preki\u0173 rasi <a href=\"https:\/\/toidupakk.ee\/lt\/tootekategooria\/zygio-iranga\/#section-3-79\">\u010cIA<\/a><\/p>\n<p>\u017dygi\u0173 maist\u0105, kur\u012f gali pasiimti kartu, per\u017ei\u016br\u0117k <a href=\"https:\/\/toidupakk.ee\/lt\/el-parduotuve\/\">\u010cIA<\/a><\/p>\n<p>Pasisemk \u012fkv\u0117pimo kitiems nuotykiams Toidupakk <a href=\"https:\/\/www.instagram.com\/toidupakk\/\">Instagram<\/a> ir <a href=\"https:\/\/www.facebook.com\/Toidupakk\/\">Facebook<\/a> paskyrose.<\/p>\n","protected":false},"excerpt":{"rendered":"<ul>\n<li>Rank\u0173 \u0161ildytuvas paver\u010dia buvim\u0105 lauke \u0161altu oru maloniu<\/li>\n<li>Idealiai tinka naudoti \u017eygiuose, slidin\u0117jant, \u017evejojant, med\u017eiokl\u0117je arba dirbant lauke \u017eiem\u0105<\/li>\n<li>Veikimo laikas iki 12 valand\u0173<\/li>\n<li>Poveikis prasideda atidarius pakuot\u0119 ir \u012fvykus s\u0105ly\u010diui su oru<\/li>\n<li>Rank\u0173 \u0161ildytuvo temperat\u016bra iki 68 \u00b0C<\/li>\n<li>Pakuot\u0117je yra 2 rank\u0173 \u0161ildytuvai (1 pora)<\/li>\n<li>Skirta naudoti v\u0117siu oru pir\u0161tini\u0173 viduje arba ki\u0161en\u0117je<\/li>\n<li>\u201eThermopad\u00ae\u201c prek\u0117s \u017eenklas i\u0161 Vokietijos \u2013 sertifikuota CE ir netoksi\u0161ka<\/li>\n<\/ul>\n<p>\u2705 Turime sand\u0117lyje, greitas pristatymas per 1\u20133 darbo dienas<\/p>\n","protected":false},"featured_media":3726,"comment_status":"open","ping_status":"closed","template":"","meta":{"_acf_changed":false},"product_brand":[],"product_cat":[229,228,199,189,190],"product_tag":[194],"class_list":{"0":"post-47654","1":"product","2":"type-product","3":"status-publish","4":"has-post-thumbnail","6":"product_cat-kuno-sildytuvai","7":"product_cat-sildymo-elementai","8":"product_cat-ziemos-prekes","9":"product_cat-zygio-iranga","10":"product_cat-zygio-prekes","11":"product_tag-no_ads","13":"first","14":"instock","15":"taxable","16":"shipping-taxable","17":"purchasable","18":"product-type-simple"},"bundled_by":[],"bundle_stock_status":"instock","bundle_stock_quantity":73,"bundle_virtual":false,"bundle_layout":"","bundle_add_to_cart_form_location":"","bundle_editable_in_cart":false,"bundle_sold_individually_context":"","bundle_item_grouping":"","bundle_min_size":"","bundle_max_size":"","bundle_price":[],"bundled_items":[],"bundle_sell_ids":[],"acf":[],"yoast_head":"<!-- This site is optimized with the Yoast SEO plugin v27.3 - https:\/\/yoast.com\/product\/yoast-seo-wordpress\/ -->\n<title>Rank\u0173 \u0161ildytuvas \u201eThermopad\u201c<\/title>\n<meta name=\"description\" content=\"Rank\u0173 \u0161ildytuvas paver\u010dia buvim\u0105 lauke \u0161altu oru maloniu. Naudok \u017eygiuose, slidin\u0117damas, \u017evejodamas, med\u017eiokl\u0117je arba dirbdamas lauke \u017eiem\u0105.\" \/>\n<meta name=\"robots\" content=\"index, follow, max-snippet:-1, max-image-preview:large, max-video-preview:-1\" \/>\n<link rel=\"canonical\" href=\"https:\/\/toidupakk.ee\/lt\/toode\/ranku-sildytuvas-thermopad\/\" \/>\n<meta property=\"og:locale\" content=\"lt_LT\" \/>\n<meta property=\"og:type\" content=\"article\" \/>\n<meta property=\"og:title\" content=\"Rank\u0173 \u0161ildytuvas \u201eThermopad\u201c\" \/>\n<meta property=\"og:description\" content=\"Rank\u0173 \u0161ildytuvas paver\u010dia buvim\u0105 lauke \u0161altu oru maloniu. Naudok \u017eygiuose, slidin\u0117damas, \u017evejodamas, med\u017eiokl\u0117je arba dirbdamas lauke \u017eiem\u0105.\" \/>\n<meta property=\"og:url\" content=\"https:\/\/toidupakk.ee\/lt\/toode\/ranku-sildytuvas-thermopad\/\" \/>\n<meta property=\"og:site_name\" content=\"Toidupakk.ee - Tactical Foodpack toidupakid\" \/>\n<meta property=\"article:publisher\" content=\"https:\/\/www.facebook.com\/Toidupakk\" \/>\n<meta property=\"article:modified_time\" content=\"2026-04-14T07:31:24+00:00\" \/>\n<meta property=\"og:image\" content=\"https:\/\/toidupakk.ee\/wp-content\/uploads\/2022\/10\/Katesoojendaja-Thermopad-6.png\" \/>\n\t<meta property=\"og:image:width\" content=\"1080\" \/>\n\t<meta property=\"og:image:height\" content=\"1080\" \/>\n\t<meta property=\"og:image:type\" content=\"image\/png\" \/>\n<meta name=\"twitter:card\" content=\"summary_large_image\" \/>\n<meta name=\"twitter:label1\" content=\"Est. reading time\" \/>\n\t<meta name=\"twitter:data1\" content=\"1 minut\u0117\" \/>\n<script type=\"application\/ld+json\" class=\"yoast-schema-graph\">{\"@context\":\"https:\\\/\\\/schema.org\",\"@graph\":[{\"@type\":\"WebPage\",\"@id\":\"https:\\\/\\\/toidupakk.ee\\\/lt\\\/toode\\\/ranku-sildytuvas-thermopad\\\/\",\"url\":\"https:\\\/\\\/toidupakk.ee\\\/lt\\\/toode\\\/ranku-sildytuvas-thermopad\\\/\",\"name\":\"Rank\u0173 \u0161ildytuvas \u201eThermopad\u201c\",\"isPartOf\":{\"@id\":\"https:\\\/\\\/toidupakk.ee\\\/lt\\\/#website\"},\"primaryImageOfPage\":{\"@id\":\"https:\\\/\\\/toidupakk.ee\\\/lt\\\/toode\\\/ranku-sildytuvas-thermopad\\\/#primaryimage\"},\"image\":{\"@id\":\"https:\\\/\\\/toidupakk.ee\\\/lt\\\/toode\\\/ranku-sildytuvas-thermopad\\\/#primaryimage\"},\"thumbnailUrl\":\"https:\\\/\\\/toidupakk.ee\\\/wp-content\\\/uploads\\\/2022\\\/10\\\/Katesoojendaja-Thermopad-6.png\",\"datePublished\":\"2022-10-20T13:52:14+00:00\",\"dateModified\":\"2026-04-14T07:31:24+00:00\",\"description\":\"Rank\u0173 \u0161ildytuvas paver\u010dia buvim\u0105 lauke \u0161altu oru maloniu. Naudok \u017eygiuose, slidin\u0117damas, \u017evejodamas, med\u017eiokl\u0117je arba dirbdamas lauke \u017eiem\u0105.\",\"breadcrumb\":{\"@id\":\"https:\\\/\\\/toidupakk.ee\\\/lt\\\/toode\\\/ranku-sildytuvas-thermopad\\\/#breadcrumb\"},\"inLanguage\":\"lt-LT\",\"potentialAction\":[{\"@type\":\"ReadAction\",\"target\":[\"https:\\\/\\\/toidupakk.ee\\\/lt\\\/toode\\\/ranku-sildytuvas-thermopad\\\/\"]}]},{\"@type\":\"ImageObject\",\"inLanguage\":\"lt-LT\",\"@id\":\"https:\\\/\\\/toidupakk.ee\\\/lt\\\/toode\\\/ranku-sildytuvas-thermopad\\\/#primaryimage\",\"url\":\"https:\\\/\\\/toidupakk.ee\\\/wp-content\\\/uploads\\\/2022\\\/10\\\/Katesoojendaja-Thermopad-6.png\",\"contentUrl\":\"https:\\\/\\\/toidupakk.ee\\\/wp-content\\\/uploads\\\/2022\\\/10\\\/Katesoojendaja-Thermopad-6.png\",\"width\":1080,\"height\":1080,\"caption\":\"K\u00e4tesoojendaja tootepilt\"},{\"@type\":\"BreadcrumbList\",\"@id\":\"https:\\\/\\\/toidupakk.ee\\\/lt\\\/toode\\\/ranku-sildytuvas-thermopad\\\/#breadcrumb\",\"itemListElement\":[{\"@type\":\"ListItem\",\"position\":1,\"name\":\"Avaleht\",\"item\":\"https:\\\/\\\/toidupakk.ee\\\/lt\\\/\"},{\"@type\":\"ListItem\",\"position\":2,\"name\":\"El. parduotuv\u0117\",\"item\":\"https:\\\/\\\/toidupakk.ee\\\/lt\\\/el-parduotuve\\\/\"},{\"@type\":\"ListItem\",\"position\":3,\"name\":\"Rank\u0173 \u0161ildytuvas \u201eThermopad\u201c\"}]},{\"@type\":\"WebSite\",\"@id\":\"https:\\\/\\\/toidupakk.ee\\\/lt\\\/#website\",\"url\":\"https:\\\/\\\/toidupakk.ee\\\/lt\\\/\",\"name\":\"Toidupakk.ee - Tactical Foodpack toidupakid\",\"description\":\"Tactical Foodpack k\u00fclmkuivatatud toidupakid ja matkaeined\",\"publisher\":{\"@id\":\"https:\\\/\\\/toidupakk.ee\\\/lt\\\/#organization\"},\"potentialAction\":[{\"@type\":\"SearchAction\",\"target\":{\"@type\":\"EntryPoint\",\"urlTemplate\":\"https:\\\/\\\/toidupakk.ee\\\/lt\\\/?s={search_term_string}\"},\"query-input\":{\"@type\":\"PropertyValueSpecification\",\"valueRequired\":true,\"valueName\":\"search_term_string\"}}],\"inLanguage\":\"lt-LT\"},{\"@type\":\"Organization\",\"@id\":\"https:\\\/\\\/toidupakk.ee\\\/lt\\\/#organization\",\"name\":\"Tactical Foodpack matkaeined\",\"url\":\"https:\\\/\\\/toidupakk.ee\\\/lt\\\/\",\"logo\":{\"@type\":\"ImageObject\",\"inLanguage\":\"lt-LT\",\"@id\":\"https:\\\/\\\/toidupakk.ee\\\/lt\\\/#\\\/schema\\\/logo\\\/image\\\/\",\"url\":\"https:\\\/\\\/toidupakk.ee\\\/wp-content\\\/uploads\\\/2022\\\/01\\\/Toidupakk-matkapood-logo-transparent.png\",\"contentUrl\":\"https:\\\/\\\/toidupakk.ee\\\/wp-content\\\/uploads\\\/2022\\\/01\\\/Toidupakk-matkapood-logo-transparent.png\",\"width\":500,\"height\":500,\"caption\":\"Tactical Foodpack matkaeined\"},\"image\":{\"@id\":\"https:\\\/\\\/toidupakk.ee\\\/lt\\\/#\\\/schema\\\/logo\\\/image\\\/\"},\"sameAs\":[\"https:\\\/\\\/www.facebook.com\\\/Toidupakk\",\"https:\\\/\\\/www.instagram.com\\\/toidupakk\\\/\"]}]}<\/script>\n<!-- \/ Yoast SEO plugin. -->","yoast_head_json":{"title":"Rank\u0173 \u0161ildytuvas \u201eThermopad\u201c","description":"Rank\u0173 \u0161ildytuvas paver\u010dia buvim\u0105 lauke \u0161altu oru maloniu. Naudok \u017eygiuose, slidin\u0117damas, \u017evejodamas, med\u017eiokl\u0117je arba dirbdamas lauke \u017eiem\u0105.","robots":{"index":"index","follow":"follow","max-snippet":"max-snippet:-1","max-image-preview":"max-image-preview:large","max-video-preview":"max-video-preview:-1"},"canonical":"https:\/\/toidupakk.ee\/lt\/toode\/ranku-sildytuvas-thermopad\/","og_locale":"lt_LT","og_type":"article","og_title":"Rank\u0173 \u0161ildytuvas \u201eThermopad\u201c","og_description":"Rank\u0173 \u0161ildytuvas paver\u010dia buvim\u0105 lauke \u0161altu oru maloniu. Naudok \u017eygiuose, slidin\u0117damas, \u017evejodamas, med\u017eiokl\u0117je arba dirbdamas lauke \u017eiem\u0105.","og_url":"https:\/\/toidupakk.ee\/lt\/toode\/ranku-sildytuvas-thermopad\/","og_site_name":"Toidupakk.ee - Tactical Foodpack toidupakid","article_publisher":"https:\/\/www.facebook.com\/Toidupakk","article_modified_time":"2026-04-14T07:31:24+00:00","og_image":[{"width":1080,"height":1080,"url":"https:\/\/toidupakk.ee\/wp-content\/uploads\/2022\/10\/Katesoojendaja-Thermopad-6.png","type":"image\/png"}],"twitter_card":"summary_large_image","twitter_misc":{"Est. reading time":"1 minut\u0117"},"schema":{"@context":"https:\/\/schema.org","@graph":[{"@type":"WebPage","@id":"https:\/\/toidupakk.ee\/lt\/toode\/ranku-sildytuvas-thermopad\/","url":"https:\/\/toidupakk.ee\/lt\/toode\/ranku-sildytuvas-thermopad\/","name":"Rank\u0173 \u0161ildytuvas \u201eThermopad\u201c","isPartOf":{"@id":"https:\/\/toidupakk.ee\/lt\/#website"},"primaryImageOfPage":{"@id":"https:\/\/toidupakk.ee\/lt\/toode\/ranku-sildytuvas-thermopad\/#primaryimage"},"image":{"@id":"https:\/\/toidupakk.ee\/lt\/toode\/ranku-sildytuvas-thermopad\/#primaryimage"},"thumbnailUrl":"https:\/\/toidupakk.ee\/wp-content\/uploads\/2022\/10\/Katesoojendaja-Thermopad-6.png","datePublished":"2022-10-20T13:52:14+00:00","dateModified":"2026-04-14T07:31:24+00:00","description":"Rank\u0173 \u0161ildytuvas paver\u010dia buvim\u0105 lauke \u0161altu oru maloniu. Naudok \u017eygiuose, slidin\u0117damas, \u017evejodamas, med\u017eiokl\u0117je arba dirbdamas lauke \u017eiem\u0105.","breadcrumb":{"@id":"https:\/\/toidupakk.ee\/lt\/toode\/ranku-sildytuvas-thermopad\/#breadcrumb"},"inLanguage":"lt-LT","potentialAction":[{"@type":"ReadAction","target":["https:\/\/toidupakk.ee\/lt\/toode\/ranku-sildytuvas-thermopad\/"]}]},{"@type":"ImageObject","inLanguage":"lt-LT","@id":"https:\/\/toidupakk.ee\/lt\/toode\/ranku-sildytuvas-thermopad\/#primaryimage","url":"https:\/\/toidupakk.ee\/wp-content\/uploads\/2022\/10\/Katesoojendaja-Thermopad-6.png","contentUrl":"https:\/\/toidupakk.ee\/wp-content\/uploads\/2022\/10\/Katesoojendaja-Thermopad-6.png","width":1080,"height":1080,"caption":"K\u00e4tesoojendaja tootepilt"},{"@type":"BreadcrumbList","@id":"https:\/\/toidupakk.ee\/lt\/toode\/ranku-sildytuvas-thermopad\/#breadcrumb","itemListElement":[{"@type":"ListItem","position":1,"name":"Avaleht","item":"https:\/\/toidupakk.ee\/lt\/"},{"@type":"ListItem","position":2,"name":"El. parduotuv\u0117","item":"https:\/\/toidupakk.ee\/lt\/el-parduotuve\/"},{"@type":"ListItem","position":3,"name":"Rank\u0173 \u0161ildytuvas \u201eThermopad\u201c"}]},{"@type":"WebSite","@id":"https:\/\/toidupakk.ee\/lt\/#website","url":"https:\/\/toidupakk.ee\/lt\/","name":"Toidupakk.ee - Tactical Foodpack toidupakid","description":"Tactical Foodpack k\u00fclmkuivatatud toidupakid ja matkaeined","publisher":{"@id":"https:\/\/toidupakk.ee\/lt\/#organization"},"potentialAction":[{"@type":"SearchAction","target":{"@type":"EntryPoint","urlTemplate":"https:\/\/toidupakk.ee\/lt\/?s={search_term_string}"},"query-input":{"@type":"PropertyValueSpecification","valueRequired":true,"valueName":"search_term_string"}}],"inLanguage":"lt-LT"},{"@type":"Organization","@id":"https:\/\/toidupakk.ee\/lt\/#organization","name":"Tactical Foodpack matkaeined","url":"https:\/\/toidupakk.ee\/lt\/","logo":{"@type":"ImageObject","inLanguage":"lt-LT","@id":"https:\/\/toidupakk.ee\/lt\/#\/schema\/logo\/image\/","url":"https:\/\/toidupakk.ee\/wp-content\/uploads\/2022\/01\/Toidupakk-matkapood-logo-transparent.png","contentUrl":"https:\/\/toidupakk.ee\/wp-content\/uploads\/2022\/01\/Toidupakk-matkapood-logo-transparent.png","width":500,"height":500,"caption":"Tactical Foodpack matkaeined"},"image":{"@id":"https:\/\/toidupakk.ee\/lt\/#\/schema\/logo\/image\/"},"sameAs":["https:\/\/www.facebook.com\/Toidupakk","https:\/\/www.instagram.com\/toidupakk\/"]}]}},"jetpack_sharing_enabled":true,"_links":{"self":[{"href":"https:\/\/toidupakk.ee\/lt\/wp-json\/wp\/v2\/product\/47654","targetHints":{"allow":["GET"]}}],"collection":[{"href":"https:\/\/toidupakk.ee\/lt\/wp-json\/wp\/v2\/product"}],"about":[{"href":"https:\/\/toidupakk.ee\/lt\/wp-json\/wp\/v2\/types\/product"}],"replies":[{"embeddable":true,"href":"https:\/\/toidupakk.ee\/lt\/wp-json\/wp\/v2\/comments?post=47654"}],"wp:featuredmedia":[{"embeddable":true,"href":"https:\/\/toidupakk.ee\/lt\/wp-json\/wp\/v2\/media\/3726"}],"wp:attachment":[{"href":"https:\/\/toidupakk.ee\/lt\/wp-json\/wp\/v2\/media?parent=47654"}],"wp:term":[{"taxonomy":"product_brand","embeddable":true,"href":"https:\/\/toidupakk.ee\/lt\/wp-json\/wp\/v2\/product_brand?post=47654"},{"taxonomy":"product_cat","embeddable":true,"href":"https:\/\/toidupakk.ee\/lt\/wp-json\/wp\/v2\/product_cat?post=47654"},{"taxonomy":"product_tag","embeddable":true,"href":"https:\/\/toidupakk.ee\/lt\/wp-json\/wp\/v2\/product_tag?post=47654"}],"curies":[{"name":"wp","href":"https:\/\/api.w.org\/{rel}","templated":true}]}}