{"id":47645,"date":"2022-09-12T16:34:13","date_gmt":"2022-09-12T13:34:13","guid":{"rendered":"https:\/\/toidupakk.ee\/toode\/saltyje-dziovinti-braskiu-traskuciai-35g\/"},"modified":"2026-04-21T12:00:16","modified_gmt":"2026-04-21T09:00:16","slug":"saltyje-dziovinti-braskiu-traskuciai-35g","status":"publish","type":"product","link":"https:\/\/toidupakk.ee\/lt\/toode\/saltyje-dziovinti-braskiu-traskuciai-35g\/","title":{"rendered":"\u0160altyje d\u017eiovinti bra\u0161ki\u0173 tra\u0161ku\u010diai 35g"},"content":{"rendered":"<p><strong>Sudedamosios dalys<\/strong><\/p>\n<p>\u0160altyje d\u017eiovinti bra\u0161ki\u0173 milteliai<\/p>\n<p>&nbsp;<\/p>\n<table class=\"table table-responsive\">\n<thead>\n<tr>\n<th>VIDUTIN\u0116 MAISTIN\u0116 VERT\u0116<\/th>\n<th>100G<\/th>\n<\/tr>\n<\/thead>\n<tbody>\n<tr>\n<td>Energija<\/td>\n<td>1351kJ\/323kcal<\/td>\n<\/tr>\n<tr>\n<td>Angliavandeniai<\/td>\n<td>67,6g<\/td>\n<\/tr>\n<tr>\n<td>i\u0161 kuri\u0173 cukr\u0173<\/td>\n<td>60,9g<\/td>\n<\/tr>\n<tr>\n<td>Baltymai<\/td>\n<td>3,1g<\/td>\n<\/tr>\n<tr>\n<td>Riebalai<\/td>\n<td>10,6g<\/td>\n<\/tr>\n<tr>\n<td>i\u0161 kuri\u0173 so\u010di\u0173j\u0173 riebal\u0173 r\u016bg\u0161\u010di\u0173<\/td>\n<td>0g<\/td>\n<\/tr>\n<\/tbody>\n<\/table>\n<p>&nbsp;<\/p>\n<p>Visus u\u017ekand\u017eius rasi <a href=\"\/?product_cat=snakk#section-3-79\">\u010cIA<\/a><\/p>\n<p>\u017dygi\u0173 reikmenis rasi <a href=\"https:\/\/toidupakk.ee\/lt\/tootekategooria\/zygio-iranga\/#section-3-79\">\u010cIA<\/a><\/p>\n<p>Pasisemk \u012fkv\u0117pimo kitiems nuotykiams Toidupakk <a href=\"https:\/\/www.instagram.com\/toidupakk\/\">Instagram<\/a> ir <a href=\"https:\/\/www.facebook.com\/Toidupakk\/\">Facebook<\/a> paskyrose.<\/p>\n","protected":false},"excerpt":{"rendered":"<p>\u0160altyje d\u017eiovintuose bra\u0161ki\u0173 tra\u0161ku\u010diuose n\u0117ra prid\u0117tinio cukraus, tod\u0117l tai puikus u\u017ekandis tiek dideliems, tiek ma\u017eiems. Jie pagaminti i\u0161 bra\u0161ki\u0173 milteli\u0173, tod\u0117l juose i\u0161lieka uogose esantys vitaminai ir mineralai. I\u0161saugotas bra\u0161k\u0117se esantis vitaminas C, B9, manganas ir kalis.  <\/p>\n<p>\u2705 Greitas pristatymas per 1\u20133 darbo dienas<\/p>\n","protected":false},"featured_media":22053,"comment_status":"open","ping_status":"closed","template":"","meta":{"_acf_changed":false},"product_brand":[],"product_cat":[271,281,213,189,190],"product_tag":[194],"class_list":{"0":"post-47645","1":"product","2":"type-product","3":"status-publish","4":"has-post-thumbnail","6":"product_cat-meki-maistas-zygiams","7":"product_cat-meki-saltyje-dziovinti-traskuciai","8":"product_cat-uzkandziai","9":"product_cat-zygio-iranga","10":"product_cat-zygio-prekes","11":"product_tag-no_ads","13":"first","14":"instock","15":"taxable","16":"shipping-taxable","17":"purchasable","18":"product-type-simple"},"bundled_by":[],"bundle_stock_status":"instock","bundle_stock_quantity":18,"bundle_virtual":false,"bundle_layout":"","bundle_add_to_cart_form_location":"","bundle_editable_in_cart":false,"bundle_sold_individually_context":"","bundle_item_grouping":"","bundle_min_size":"","bundle_max_size":"","bundle_price":[],"bundled_items":[],"bundle_sell_ids":[],"acf":[],"yoast_head":"<!-- This site is optimized with the Yoast SEO plugin v27.3 - https:\/\/yoast.com\/product\/yoast-seo-wordpress\/ -->\n<title>\u0160altyje d\u017eiovinti bra\u0161ki\u0173 tra\u0161ku\u010diai MEKI<\/title>\n<meta name=\"description\" content=\"\u0160altyje d\u017eiovintuose bra\u0161ki\u0173 tra\u0161ku\u010diuose n\u0117ra prid\u0117tinio cukraus, tod\u0117l tai puikus u\u017ekandis tiek dideliems, tiek ma\u017eiems.\" \/>\n<meta name=\"robots\" content=\"index, follow, max-snippet:-1, max-image-preview:large, max-video-preview:-1\" \/>\n<link rel=\"canonical\" href=\"https:\/\/toidupakk.ee\/lt\/toode\/saltyje-dziovinti-braskiu-traskuciai-35g\/\" \/>\n<meta property=\"og:locale\" content=\"lt_LT\" \/>\n<meta property=\"og:type\" content=\"article\" \/>\n<meta property=\"og:title\" content=\"\u0160altyje d\u017eiovinti bra\u0161ki\u0173 tra\u0161ku\u010diai MEKI\" \/>\n<meta property=\"og:description\" content=\"\u0160altyje d\u017eiovintuose bra\u0161ki\u0173 tra\u0161ku\u010diuose n\u0117ra prid\u0117tinio cukraus, tod\u0117l tai puikus u\u017ekandis tiek dideliems, tiek ma\u017eiems.\" \/>\n<meta property=\"og:url\" content=\"https:\/\/toidupakk.ee\/lt\/toode\/saltyje-dziovinti-braskiu-traskuciai-35g\/\" \/>\n<meta property=\"og:site_name\" content=\"Toidupakk.ee - Tactical Foodpack toidupakid\" \/>\n<meta property=\"article:publisher\" content=\"https:\/\/www.facebook.com\/Toidupakk\" \/>\n<meta property=\"article:modified_time\" content=\"2026-04-21T09:00:16+00:00\" \/>\n<meta property=\"og:image\" content=\"https:\/\/toidupakk.ee\/wp-content\/uploads\/2022\/09\/Kulmkuivatatud-maasikakropsud-MEKI.png\" \/>\n\t<meta property=\"og:image:width\" content=\"800\" \/>\n\t<meta property=\"og:image:height\" content=\"800\" \/>\n\t<meta property=\"og:image:type\" content=\"image\/png\" \/>\n<meta name=\"twitter:card\" content=\"summary_large_image\" \/>\n<script type=\"application\/ld+json\" class=\"yoast-schema-graph\">{\"@context\":\"https:\\\/\\\/schema.org\",\"@graph\":[{\"@type\":\"WebPage\",\"@id\":\"https:\\\/\\\/toidupakk.ee\\\/lt\\\/toode\\\/saltyje-dziovinti-braskiu-traskuciai-35g\\\/\",\"url\":\"https:\\\/\\\/toidupakk.ee\\\/lt\\\/toode\\\/saltyje-dziovinti-braskiu-traskuciai-35g\\\/\",\"name\":\"\u0160altyje d\u017eiovinti bra\u0161ki\u0173 tra\u0161ku\u010diai MEKI\",\"isPartOf\":{\"@id\":\"https:\\\/\\\/toidupakk.ee\\\/lt\\\/#website\"},\"primaryImageOfPage\":{\"@id\":\"https:\\\/\\\/toidupakk.ee\\\/lt\\\/toode\\\/saltyje-dziovinti-braskiu-traskuciai-35g\\\/#primaryimage\"},\"image\":{\"@id\":\"https:\\\/\\\/toidupakk.ee\\\/lt\\\/toode\\\/saltyje-dziovinti-braskiu-traskuciai-35g\\\/#primaryimage\"},\"thumbnailUrl\":\"https:\\\/\\\/toidupakk.ee\\\/wp-content\\\/uploads\\\/2022\\\/09\\\/Kulmkuivatatud-maasikakropsud-MEKI.png\",\"datePublished\":\"2022-09-12T13:34:13+00:00\",\"dateModified\":\"2026-04-21T09:00:16+00:00\",\"description\":\"\u0160altyje d\u017eiovintuose bra\u0161ki\u0173 tra\u0161ku\u010diuose n\u0117ra prid\u0117tinio cukraus, tod\u0117l tai puikus u\u017ekandis tiek dideliems, tiek ma\u017eiems.\",\"breadcrumb\":{\"@id\":\"https:\\\/\\\/toidupakk.ee\\\/lt\\\/toode\\\/saltyje-dziovinti-braskiu-traskuciai-35g\\\/#breadcrumb\"},\"inLanguage\":\"lt-LT\",\"potentialAction\":[{\"@type\":\"ReadAction\",\"target\":[\"https:\\\/\\\/toidupakk.ee\\\/lt\\\/toode\\\/saltyje-dziovinti-braskiu-traskuciai-35g\\\/\"]}]},{\"@type\":\"ImageObject\",\"inLanguage\":\"lt-LT\",\"@id\":\"https:\\\/\\\/toidupakk.ee\\\/lt\\\/toode\\\/saltyje-dziovinti-braskiu-traskuciai-35g\\\/#primaryimage\",\"url\":\"https:\\\/\\\/toidupakk.ee\\\/wp-content\\\/uploads\\\/2022\\\/09\\\/Kulmkuivatatud-maasikakropsud-MEKI.png\",\"contentUrl\":\"https:\\\/\\\/toidupakk.ee\\\/wp-content\\\/uploads\\\/2022\\\/09\\\/Kulmkuivatatud-maasikakropsud-MEKI.png\",\"width\":800,\"height\":800},{\"@type\":\"BreadcrumbList\",\"@id\":\"https:\\\/\\\/toidupakk.ee\\\/lt\\\/toode\\\/saltyje-dziovinti-braskiu-traskuciai-35g\\\/#breadcrumb\",\"itemListElement\":[{\"@type\":\"ListItem\",\"position\":1,\"name\":\"Avaleht\",\"item\":\"https:\\\/\\\/toidupakk.ee\\\/lt\\\/\"},{\"@type\":\"ListItem\",\"position\":2,\"name\":\"El. parduotuv\u0117\",\"item\":\"https:\\\/\\\/toidupakk.ee\\\/lt\\\/el-parduotuve\\\/\"},{\"@type\":\"ListItem\",\"position\":3,\"name\":\"\u0160altyje d\u017eiovinti bra\u0161ki\u0173 tra\u0161ku\u010diai 35g\"}]},{\"@type\":\"WebSite\",\"@id\":\"https:\\\/\\\/toidupakk.ee\\\/lt\\\/#website\",\"url\":\"https:\\\/\\\/toidupakk.ee\\\/lt\\\/\",\"name\":\"Toidupakk.ee - Tactical Foodpack toidupakid\",\"description\":\"Tactical Foodpack k\u00fclmkuivatatud toidupakid ja matkaeined\",\"publisher\":{\"@id\":\"https:\\\/\\\/toidupakk.ee\\\/lt\\\/#organization\"},\"potentialAction\":[{\"@type\":\"SearchAction\",\"target\":{\"@type\":\"EntryPoint\",\"urlTemplate\":\"https:\\\/\\\/toidupakk.ee\\\/lt\\\/?s={search_term_string}\"},\"query-input\":{\"@type\":\"PropertyValueSpecification\",\"valueRequired\":true,\"valueName\":\"search_term_string\"}}],\"inLanguage\":\"lt-LT\"},{\"@type\":\"Organization\",\"@id\":\"https:\\\/\\\/toidupakk.ee\\\/lt\\\/#organization\",\"name\":\"Tactical Foodpack matkaeined\",\"url\":\"https:\\\/\\\/toidupakk.ee\\\/lt\\\/\",\"logo\":{\"@type\":\"ImageObject\",\"inLanguage\":\"lt-LT\",\"@id\":\"https:\\\/\\\/toidupakk.ee\\\/lt\\\/#\\\/schema\\\/logo\\\/image\\\/\",\"url\":\"https:\\\/\\\/toidupakk.ee\\\/wp-content\\\/uploads\\\/2022\\\/01\\\/Toidupakk-matkapood-logo-transparent.png\",\"contentUrl\":\"https:\\\/\\\/toidupakk.ee\\\/wp-content\\\/uploads\\\/2022\\\/01\\\/Toidupakk-matkapood-logo-transparent.png\",\"width\":500,\"height\":500,\"caption\":\"Tactical Foodpack matkaeined\"},\"image\":{\"@id\":\"https:\\\/\\\/toidupakk.ee\\\/lt\\\/#\\\/schema\\\/logo\\\/image\\\/\"},\"sameAs\":[\"https:\\\/\\\/www.facebook.com\\\/Toidupakk\",\"https:\\\/\\\/www.instagram.com\\\/toidupakk\\\/\"]}]}<\/script>\n<!-- \/ Yoast SEO plugin. -->","yoast_head_json":{"title":"\u0160altyje d\u017eiovinti bra\u0161ki\u0173 tra\u0161ku\u010diai MEKI","description":"\u0160altyje d\u017eiovintuose bra\u0161ki\u0173 tra\u0161ku\u010diuose n\u0117ra prid\u0117tinio cukraus, tod\u0117l tai puikus u\u017ekandis tiek dideliems, tiek ma\u017eiems.","robots":{"index":"index","follow":"follow","max-snippet":"max-snippet:-1","max-image-preview":"max-image-preview:large","max-video-preview":"max-video-preview:-1"},"canonical":"https:\/\/toidupakk.ee\/lt\/toode\/saltyje-dziovinti-braskiu-traskuciai-35g\/","og_locale":"lt_LT","og_type":"article","og_title":"\u0160altyje d\u017eiovinti bra\u0161ki\u0173 tra\u0161ku\u010diai MEKI","og_description":"\u0160altyje d\u017eiovintuose bra\u0161ki\u0173 tra\u0161ku\u010diuose n\u0117ra prid\u0117tinio cukraus, tod\u0117l tai puikus u\u017ekandis tiek dideliems, tiek ma\u017eiems.","og_url":"https:\/\/toidupakk.ee\/lt\/toode\/saltyje-dziovinti-braskiu-traskuciai-35g\/","og_site_name":"Toidupakk.ee - Tactical Foodpack toidupakid","article_publisher":"https:\/\/www.facebook.com\/Toidupakk","article_modified_time":"2026-04-21T09:00:16+00:00","og_image":[{"width":800,"height":800,"url":"https:\/\/toidupakk.ee\/wp-content\/uploads\/2022\/09\/Kulmkuivatatud-maasikakropsud-MEKI.png","type":"image\/png"}],"twitter_card":"summary_large_image","schema":{"@context":"https:\/\/schema.org","@graph":[{"@type":"WebPage","@id":"https:\/\/toidupakk.ee\/lt\/toode\/saltyje-dziovinti-braskiu-traskuciai-35g\/","url":"https:\/\/toidupakk.ee\/lt\/toode\/saltyje-dziovinti-braskiu-traskuciai-35g\/","name":"\u0160altyje d\u017eiovinti bra\u0161ki\u0173 tra\u0161ku\u010diai MEKI","isPartOf":{"@id":"https:\/\/toidupakk.ee\/lt\/#website"},"primaryImageOfPage":{"@id":"https:\/\/toidupakk.ee\/lt\/toode\/saltyje-dziovinti-braskiu-traskuciai-35g\/#primaryimage"},"image":{"@id":"https:\/\/toidupakk.ee\/lt\/toode\/saltyje-dziovinti-braskiu-traskuciai-35g\/#primaryimage"},"thumbnailUrl":"https:\/\/toidupakk.ee\/wp-content\/uploads\/2022\/09\/Kulmkuivatatud-maasikakropsud-MEKI.png","datePublished":"2022-09-12T13:34:13+00:00","dateModified":"2026-04-21T09:00:16+00:00","description":"\u0160altyje d\u017eiovintuose bra\u0161ki\u0173 tra\u0161ku\u010diuose n\u0117ra prid\u0117tinio cukraus, tod\u0117l tai puikus u\u017ekandis tiek dideliems, tiek ma\u017eiems.","breadcrumb":{"@id":"https:\/\/toidupakk.ee\/lt\/toode\/saltyje-dziovinti-braskiu-traskuciai-35g\/#breadcrumb"},"inLanguage":"lt-LT","potentialAction":[{"@type":"ReadAction","target":["https:\/\/toidupakk.ee\/lt\/toode\/saltyje-dziovinti-braskiu-traskuciai-35g\/"]}]},{"@type":"ImageObject","inLanguage":"lt-LT","@id":"https:\/\/toidupakk.ee\/lt\/toode\/saltyje-dziovinti-braskiu-traskuciai-35g\/#primaryimage","url":"https:\/\/toidupakk.ee\/wp-content\/uploads\/2022\/09\/Kulmkuivatatud-maasikakropsud-MEKI.png","contentUrl":"https:\/\/toidupakk.ee\/wp-content\/uploads\/2022\/09\/Kulmkuivatatud-maasikakropsud-MEKI.png","width":800,"height":800},{"@type":"BreadcrumbList","@id":"https:\/\/toidupakk.ee\/lt\/toode\/saltyje-dziovinti-braskiu-traskuciai-35g\/#breadcrumb","itemListElement":[{"@type":"ListItem","position":1,"name":"Avaleht","item":"https:\/\/toidupakk.ee\/lt\/"},{"@type":"ListItem","position":2,"name":"El. parduotuv\u0117","item":"https:\/\/toidupakk.ee\/lt\/el-parduotuve\/"},{"@type":"ListItem","position":3,"name":"\u0160altyje d\u017eiovinti bra\u0161ki\u0173 tra\u0161ku\u010diai 35g"}]},{"@type":"WebSite","@id":"https:\/\/toidupakk.ee\/lt\/#website","url":"https:\/\/toidupakk.ee\/lt\/","name":"Toidupakk.ee - Tactical Foodpack toidupakid","description":"Tactical Foodpack k\u00fclmkuivatatud toidupakid ja matkaeined","publisher":{"@id":"https:\/\/toidupakk.ee\/lt\/#organization"},"potentialAction":[{"@type":"SearchAction","target":{"@type":"EntryPoint","urlTemplate":"https:\/\/toidupakk.ee\/lt\/?s={search_term_string}"},"query-input":{"@type":"PropertyValueSpecification","valueRequired":true,"valueName":"search_term_string"}}],"inLanguage":"lt-LT"},{"@type":"Organization","@id":"https:\/\/toidupakk.ee\/lt\/#organization","name":"Tactical Foodpack matkaeined","url":"https:\/\/toidupakk.ee\/lt\/","logo":{"@type":"ImageObject","inLanguage":"lt-LT","@id":"https:\/\/toidupakk.ee\/lt\/#\/schema\/logo\/image\/","url":"https:\/\/toidupakk.ee\/wp-content\/uploads\/2022\/01\/Toidupakk-matkapood-logo-transparent.png","contentUrl":"https:\/\/toidupakk.ee\/wp-content\/uploads\/2022\/01\/Toidupakk-matkapood-logo-transparent.png","width":500,"height":500,"caption":"Tactical Foodpack matkaeined"},"image":{"@id":"https:\/\/toidupakk.ee\/lt\/#\/schema\/logo\/image\/"},"sameAs":["https:\/\/www.facebook.com\/Toidupakk","https:\/\/www.instagram.com\/toidupakk\/"]}]}},"jetpack_sharing_enabled":true,"_links":{"self":[{"href":"https:\/\/toidupakk.ee\/lt\/wp-json\/wp\/v2\/product\/47645","targetHints":{"allow":["GET"]}}],"collection":[{"href":"https:\/\/toidupakk.ee\/lt\/wp-json\/wp\/v2\/product"}],"about":[{"href":"https:\/\/toidupakk.ee\/lt\/wp-json\/wp\/v2\/types\/product"}],"replies":[{"embeddable":true,"href":"https:\/\/toidupakk.ee\/lt\/wp-json\/wp\/v2\/comments?post=47645"}],"wp:featuredmedia":[{"embeddable":true,"href":"https:\/\/toidupakk.ee\/lt\/wp-json\/wp\/v2\/media\/22053"}],"wp:attachment":[{"href":"https:\/\/toidupakk.ee\/lt\/wp-json\/wp\/v2\/media?parent=47645"}],"wp:term":[{"taxonomy":"product_brand","embeddable":true,"href":"https:\/\/toidupakk.ee\/lt\/wp-json\/wp\/v2\/product_brand?post=47645"},{"taxonomy":"product_cat","embeddable":true,"href":"https:\/\/toidupakk.ee\/lt\/wp-json\/wp\/v2\/product_cat?post=47645"},{"taxonomy":"product_tag","embeddable":true,"href":"https:\/\/toidupakk.ee\/lt\/wp-json\/wp\/v2\/product_tag?post=47645"}],"curies":[{"name":"wp","href":"https:\/\/api.w.org\/{rel}","templated":true}]}}