{"id":47632,"date":"2022-08-10T14:14:06","date_gmt":"2022-08-10T11:14:06","guid":{"rendered":"https:\/\/toidupakk.ee\/toode\/camelpack-vandens-krepsys-hidrosistema\/"},"modified":"2026-04-29T18:00:04","modified_gmt":"2026-04-29T15:00:04","slug":"camelpack-vandens-krepsys-hidrosistema","status":"publish","type":"product","link":"https:\/\/toidupakk.ee\/lt\/toode\/camelpack-vandens-krepsys-hidrosistema\/","title":{"rendered":"&#8222;Camelpack&#8221; vandens krep\u0161ys (hidrosistema)"},"content":{"rendered":"<h1><img fetchpriority=\"high\" decoding=\"async\" class=\"alignright wp-image-2935 size-thumbnail\" src=\"https:\/\/toidupakk.ee\/wp-content\/uploads\/2022\/06\/Camelpack-joogikott-7-500x500.jpg\" alt=\"Camelpack\" width=\"500\" height=\"500\" aria-describedby=\"caption-attachment-2935\" srcset=\"https:\/\/toidupakk.ee\/wp-content\/uploads\/2022\/06\/Camelpack-joogikott-7-500x500.jpg 500w, https:\/\/toidupakk.ee\/wp-content\/uploads\/2022\/06\/Camelpack-joogikott-7-400x400.jpg 400w, https:\/\/toidupakk.ee\/wp-content\/uploads\/2022\/06\/Camelpack-joogikott-7-100x100.jpg 100w, https:\/\/toidupakk.ee\/wp-content\/uploads\/2022\/06\/Camelpack-joogikott-7-800x800.jpg 800w, https:\/\/toidupakk.ee\/wp-content\/uploads\/2022\/06\/Camelpack-joogikott-7-300x300.jpg 300w, https:\/\/toidupakk.ee\/wp-content\/uploads\/2022\/06\/Camelpack-joogikott-7-1024x1024.jpg 1024w, https:\/\/toidupakk.ee\/wp-content\/uploads\/2022\/06\/Camelpack-joogikott-7-768x768.jpg 768w, https:\/\/toidupakk.ee\/wp-content\/uploads\/2022\/06\/Camelpack-joogikott-7.jpg 1080w\" sizes=\"(max-width: 500px) 100vw, 500px\" \/><\/h1>\n<h1>&#8222;Camelpack&#8221; vandens krep\u0161ys \u2013 ne\u0161iok vanden\u012f i\u0161maniai<\/h1>\n<p>Kaip ir bet kuris kitas &#8222;Camelpack&#8221; vandens krep\u0161ys, &#8222;MIL-TEC Water Pack&#8221; turi pakankamai ilg\u0105 \u017earnel\u0119, leid\u017eian\u010di\u0105 lengvai pasiekti vanden\u012f, nesvarbu, ar judi, ar ne. Ta\u010diau \u0161is krep\u0161ys i\u0161siskiria tuo, kad yra \u012fd\u0117tas \u012f patvari\u0105 kuprin\u0119 su dir\u017eais. J\u012f gali ne\u0161ioti atskirai arba po \u017eygio kuprine. Ypa\u010d patogu u\u017esid\u0117ti b\u0117giojant \u2013 i\u0161 prad\u017ei\u0173 tai nedidelis papildomas svoris, o ilgo b\u0117gimo metu vanduo visada \u0161alia ir pasiekiamas. Daugiau joki\u0173 sustojim\u0173 atsukti kam\u0161t\u012f.    <\/p>\n<p>Viduje esantis vandens krep\u0161ys yra i\u0161imamas, tod\u0117l vis\u0105 komplekt\u0105 labai lengva i\u0161valyti. Be to, d\u0117l tvirt\u0173 dir\u017e\u0173 ant kuprin\u0117s galima lengvai pritvirtinti papildom\u0105 \u012frang\u0105.<br \/>\n Vandens krep\u0161ys yra ant nugaros, tod\u0117l gali pasijusti \u0161iek tiek kaip kupranugaris, nes \u201ecamelback\u201c i\u0161vertus rei\u0161kia kupranugario nugar\u0105 arba kupr\u0105, kurioje jis kaupia riebal\u0173 atsargas, kad i\u0161tvert\u0173 ilgus \u017eygius. <\/p>\n<div id=\"attachment_2935\" class=\"wp-caption alignnone\" style=\"width: 310px;\">\n<p id=\"caption-attachment-2935\" class=\"wp-caption-text\">kuprin\u0117 g\u0117rimui<\/p>\n<\/div>\n<h2>Inovatyvus po\u017ei\u016bris<\/h2>\n<p>&#8222;MIL-TEC Camelpack&#8221; vandens krep\u0161ys pagamintas naudojant antibakterin\u0119 technologij\u0105, kuri padeda sunaikinti iki 600 skirting\u0173 r\u016b\u0161i\u0173 bakterij\u0173. \u012e krep\u0161io vid\u0173 prid\u0117ta saugios antibakterin\u0117s med\u017eiagos, kuri i\u0161lieka net plaunant \u0161iltu vandeniu. Nepavojinga sveikatai.  <\/p>\n<h3>Geras daiktas turi daug vard\u0173<\/h3>\n<p>Verta pamin\u0117ti, kad tokie gaminiai liaudyje vadinami \u012fvairiai, ta\u010diau principas i\u0161lieka tas pats. Galite sutikti tokius pavadinimus kaip camelback, camelpack, camelbak, g\u0117rimo p\u016bsl\u0117, vandens krep\u0161ys, hidravimo sistema, vandens mai\u0161as. Visi jie yra teisingi ir tinka \u0161iam gaminiui.  <\/p>\n<div id=\"attachment_2933\" class=\"wp-caption alignnone\" style=\"width: 310px;\">\n<p id=\"caption-attachment-2933\" class=\"wp-caption-text\"><img decoding=\"async\" class=\"alignnone wp-image-2933 size-thumbnail\" src=\"https:\/\/toidupakk.ee\/wp-content\/uploads\/2022\/06\/Camelpack-joogikott-5-500x500.jpg\" alt=\"Camelpack\" width=\"500\" height=\"500\" aria-describedby=\"caption-attachment-2933\" srcset=\"https:\/\/toidupakk.ee\/wp-content\/uploads\/2022\/06\/Camelpack-joogikott-5-500x500.jpg 500w, https:\/\/toidupakk.ee\/wp-content\/uploads\/2022\/06\/Camelpack-joogikott-5-400x400.jpg 400w, https:\/\/toidupakk.ee\/wp-content\/uploads\/2022\/06\/Camelpack-joogikott-5-100x100.jpg 100w, https:\/\/toidupakk.ee\/wp-content\/uploads\/2022\/06\/Camelpack-joogikott-5-800x800.jpg 800w, https:\/\/toidupakk.ee\/wp-content\/uploads\/2022\/06\/Camelpack-joogikott-5-300x300.jpg 300w, https:\/\/toidupakk.ee\/wp-content\/uploads\/2022\/06\/Camelpack-joogikott-5-1024x1024.jpg 1024w, https:\/\/toidupakk.ee\/wp-content\/uploads\/2022\/06\/Camelpack-joogikott-5-768x768.jpg 768w, https:\/\/toidupakk.ee\/wp-content\/uploads\/2022\/06\/Camelpack-joogikott-5.jpg 1080w\" sizes=\"(max-width: 500px) 100vw, 500px\" \/><\/p>\n<\/div>\n<h3>&#8222;Camelpack&#8221; pildymas gamtoje<\/h3>\n<p>&#8222;Camelpack&#8221; viduje esantis vandens krep\u0161ys pasi\u017eymi tam tikru antibakteriniu poveikiu, ta\u010diau semiant vanden\u012f i\u0161 gamtinio \u0161altinio \u017eygio metu, galima susidurti su \u012fvairiais pirmuonimis ir stipresn\u0117mis bakterijomis. Norint b\u016bti tikriems d\u0117l vandens \u0161varos, rekomenduojame su savimi tur\u0117ti ir <a href=\"https:\/\/toidupakk.ee\/toode\/veepuhastustabletid-katadyn-micropur-forte\/\">vandens valymo table\u010di\u0173<\/a>. <\/p>\n<p>Daugiau \u017eygio preki\u0173 rasi <a href=\"https:\/\/toidupakk.ee\/lt\/tootekategooria\/zygio-iranga\/#section-3-79\">\u010cIA<\/a><\/p>\n<p>Daugiau turistinio maisto rasi <a href=\"\/?product_cat=snakk#section-3-79\">\u010cIA<\/a><\/p>\n<p>Pasisemk \u012fkv\u0117pimo kitiems nuotykiams Toidupakk <a href=\"https:\/\/www.instagram.com\/toidupakk\/\">Instagram<\/a> ir <a href=\"https:\/\/www.facebook.com\/Toidupakk\/\">Facebook<\/a> paskyrose.<\/p>\n","protected":false},"excerpt":{"rendered":"<p>Prakti\u0161kas &#8222;Camelback&#8221; vandens krep\u0161ys &#8222;Mil-Tec&#8221; kuprin\u0117je. Skirtas \u017eygiams, kelion\u0117ms, motokroso enduro var\u017eyboms, va\u017ein\u0117jimui motociklu ir kitur, kur ne\u0161iotis atskir\u0105 butel\u012f nepatogu ar ne\u012fmanoma. Krep\u0161ys turi 3 litr\u0173 talp\u0105, prakti\u0161kus reguliuojamus pe\u010di\u0173 dir\u017eus, kr\u016btin\u0117s dir\u017e\u0105 ir 2 rankenas ne\u0161imui.  <\/p>\n<ul>\n<li>Talpa: 3 L<\/li>\n<li>Kuprin\u0117 pagaminta i\u0161 100 % poliesterio<\/li>\n<li>Vandens krep\u0161io med\u017eiaga \u2013 100 % termoplastinis poliuretanas<\/li>\n<li>Reguliuojami pe\u010di\u0173 dir\u017eai ir kr\u016btin\u0117s dir\u017eas<\/li>\n<li>I\u0161imamas trij\u0173 litr\u0173 vandens krep\u0161ys<\/li>\n<li>\u017darnel\u0117 su vo\u017etuvu<\/li>\n<li>Didel\u0117 anga lengvam krep\u0161io pildymui ir valymui<\/li>\n<li>MOLLE tipo tvirtinimo dir\u017eeliai papildomai \u012frangai<\/li>\n<li>Tvirta ne\u0161imo rankena<\/li>\n<li>\u012e krep\u0161\u012f galima pilti iki 60 \u00b0C temperat\u016bros vanden\u012f<\/li>\n<\/ul>\n<p>\u2705 Turime sand\u0117lyje, greitas pristatymas per 1\u20133 darbo dienas<\/p>\n","protected":false},"featured_media":47633,"comment_status":"open","ping_status":"closed","template":"","meta":{"_acf_changed":false},"product_brand":[],"product_cat":[193,202,201,210,189,190],"product_tag":[],"class_list":{"0":"post-47632","1":"product","2":"type-product","3":"status-publish","4":"has-post-thumbnail","6":"product_cat-karine-ekipuote","7":"product_cat-krepsiai","8":"product_cat-kuprines","9":"product_cat-mil-tec","10":"product_cat-zygio-iranga","11":"product_cat-zygio-prekes","13":"first","14":"onbackorder","15":"taxable","16":"shipping-taxable","17":"purchasable","18":"product-type-simple"},"bundled_by":[],"bundle_stock_status":"onbackorder","bundle_stock_quantity":0,"bundle_virtual":false,"bundle_layout":"","bundle_add_to_cart_form_location":"","bundle_editable_in_cart":false,"bundle_sold_individually_context":"","bundle_item_grouping":"","bundle_min_size":"","bundle_max_size":"","bundle_price":[],"bundled_items":[],"bundle_sell_ids":[],"acf":[],"yoast_head":"<!-- This site is optimized with the Yoast SEO plugin v27.3 - https:\/\/yoast.com\/product\/yoast-seo-wordpress\/ -->\n<title>&quot;Camelpack&quot; vandens krep\u0161ys (hidrosistema) - Toidupakk.ee - Tactical Foodpack toidupakid<\/title>\n<meta name=\"description\" content=\"&quot;Camelback&quot; 3 litr\u0173 vandens krep\u0161ys, skirtas \u017eygiams, kelion\u0117ms, motokroso enduro var\u017eyboms, va\u017ein\u0117jimui motociklu ir kitur.\" \/>\n<meta name=\"robots\" content=\"index, follow, max-snippet:-1, max-image-preview:large, max-video-preview:-1\" \/>\n<link rel=\"canonical\" href=\"https:\/\/toidupakk.ee\/lt\/toode\/camelpack-vandens-krepsys-hidrosistema\/\" \/>\n<meta property=\"og:locale\" content=\"lt_LT\" \/>\n<meta property=\"og:type\" content=\"article\" \/>\n<meta property=\"og:title\" content=\"&quot;Camelpack&quot; vandens krep\u0161ys (hidrosistema) - Toidupakk.ee - Tactical Foodpack toidupakid\" \/>\n<meta property=\"og:description\" content=\"&quot;Camelback&quot; 3 litr\u0173 vandens krep\u0161ys, skirtas \u017eygiams, kelion\u0117ms, motokroso enduro var\u017eyboms, va\u017ein\u0117jimui motociklu ir kitur.\" \/>\n<meta property=\"og:url\" content=\"https:\/\/toidupakk.ee\/lt\/toode\/camelpack-vandens-krepsys-hidrosistema\/\" \/>\n<meta property=\"og:site_name\" content=\"Toidupakk.ee - Tactical Foodpack toidupakid\" \/>\n<meta property=\"article:publisher\" content=\"https:\/\/www.facebook.com\/Toidupakk\" \/>\n<meta property=\"article:modified_time\" content=\"2026-04-29T15:00:04+00:00\" \/>\n<meta property=\"og:image\" content=\"https:\/\/toidupakk.ee\/wp-content\/uploads\/2022\/06\/Camelpack-joogikott-1.png\" \/>\n\t<meta property=\"og:image:width\" content=\"1080\" \/>\n\t<meta property=\"og:image:height\" content=\"1080\" \/>\n\t<meta property=\"og:image:type\" content=\"image\/png\" \/>\n<meta name=\"twitter:card\" content=\"summary_large_image\" \/>\n<meta name=\"twitter:label1\" content=\"Est. reading time\" \/>\n\t<meta name=\"twitter:data1\" content=\"2 minut\u0117s\" \/>\n<script type=\"application\/ld+json\" class=\"yoast-schema-graph\">{\"@context\":\"https:\\\/\\\/schema.org\",\"@graph\":[{\"@type\":\"WebPage\",\"@id\":\"https:\\\/\\\/toidupakk.ee\\\/lt\\\/toode\\\/camelpack-vandens-krepsys-hidrosistema\\\/\",\"url\":\"https:\\\/\\\/toidupakk.ee\\\/lt\\\/toode\\\/camelpack-vandens-krepsys-hidrosistema\\\/\",\"name\":\"\\\"Camelpack\\\" vandens krep\u0161ys (hidrosistema) - Toidupakk.ee - Tactical Foodpack toidupakid\",\"isPartOf\":{\"@id\":\"https:\\\/\\\/toidupakk.ee\\\/lt\\\/#website\"},\"primaryImageOfPage\":{\"@id\":\"https:\\\/\\\/toidupakk.ee\\\/lt\\\/toode\\\/camelpack-vandens-krepsys-hidrosistema\\\/#primaryimage\"},\"image\":{\"@id\":\"https:\\\/\\\/toidupakk.ee\\\/lt\\\/toode\\\/camelpack-vandens-krepsys-hidrosistema\\\/#primaryimage\"},\"thumbnailUrl\":\"https:\\\/\\\/toidupakk.ee\\\/wp-content\\\/uploads\\\/2022\\\/06\\\/Camelpack-joogikott-1.png\",\"datePublished\":\"2022-08-10T11:14:06+00:00\",\"dateModified\":\"2026-04-29T15:00:04+00:00\",\"description\":\"\\\"Camelback\\\" 3 litr\u0173 vandens krep\u0161ys, skirtas \u017eygiams, kelion\u0117ms, motokroso enduro var\u017eyboms, va\u017ein\u0117jimui motociklu ir kitur.\",\"breadcrumb\":{\"@id\":\"https:\\\/\\\/toidupakk.ee\\\/lt\\\/toode\\\/camelpack-vandens-krepsys-hidrosistema\\\/#breadcrumb\"},\"inLanguage\":\"lt-LT\",\"potentialAction\":[{\"@type\":\"ReadAction\",\"target\":[\"https:\\\/\\\/toidupakk.ee\\\/lt\\\/toode\\\/camelpack-vandens-krepsys-hidrosistema\\\/\"]}]},{\"@type\":\"ImageObject\",\"inLanguage\":\"lt-LT\",\"@id\":\"https:\\\/\\\/toidupakk.ee\\\/lt\\\/toode\\\/camelpack-vandens-krepsys-hidrosistema\\\/#primaryimage\",\"url\":\"https:\\\/\\\/toidupakk.ee\\\/wp-content\\\/uploads\\\/2022\\\/06\\\/Camelpack-joogikott-1.png\",\"contentUrl\":\"https:\\\/\\\/toidupakk.ee\\\/wp-content\\\/uploads\\\/2022\\\/06\\\/Camelpack-joogikott-1.png\",\"width\":1080,\"height\":1080,\"caption\":\"kuprin\u0117 g\u0117rimui\"},{\"@type\":\"BreadcrumbList\",\"@id\":\"https:\\\/\\\/toidupakk.ee\\\/lt\\\/toode\\\/camelpack-vandens-krepsys-hidrosistema\\\/#breadcrumb\",\"itemListElement\":[{\"@type\":\"ListItem\",\"position\":1,\"name\":\"Avaleht\",\"item\":\"https:\\\/\\\/toidupakk.ee\\\/lt\\\/\"},{\"@type\":\"ListItem\",\"position\":2,\"name\":\"El. parduotuv\u0117\",\"item\":\"https:\\\/\\\/toidupakk.ee\\\/lt\\\/el-parduotuve\\\/\"},{\"@type\":\"ListItem\",\"position\":3,\"name\":\"&#8222;Camelpack&#8221; vandens krep\u0161ys (hidrosistema)\"}]},{\"@type\":\"WebSite\",\"@id\":\"https:\\\/\\\/toidupakk.ee\\\/lt\\\/#website\",\"url\":\"https:\\\/\\\/toidupakk.ee\\\/lt\\\/\",\"name\":\"Toidupakk.ee - Tactical Foodpack toidupakid\",\"description\":\"Tactical Foodpack k\u00fclmkuivatatud toidupakid ja matkaeined\",\"publisher\":{\"@id\":\"https:\\\/\\\/toidupakk.ee\\\/lt\\\/#organization\"},\"potentialAction\":[{\"@type\":\"SearchAction\",\"target\":{\"@type\":\"EntryPoint\",\"urlTemplate\":\"https:\\\/\\\/toidupakk.ee\\\/lt\\\/?s={search_term_string}\"},\"query-input\":{\"@type\":\"PropertyValueSpecification\",\"valueRequired\":true,\"valueName\":\"search_term_string\"}}],\"inLanguage\":\"lt-LT\"},{\"@type\":\"Organization\",\"@id\":\"https:\\\/\\\/toidupakk.ee\\\/lt\\\/#organization\",\"name\":\"Tactical Foodpack matkaeined\",\"url\":\"https:\\\/\\\/toidupakk.ee\\\/lt\\\/\",\"logo\":{\"@type\":\"ImageObject\",\"inLanguage\":\"lt-LT\",\"@id\":\"https:\\\/\\\/toidupakk.ee\\\/lt\\\/#\\\/schema\\\/logo\\\/image\\\/\",\"url\":\"https:\\\/\\\/toidupakk.ee\\\/wp-content\\\/uploads\\\/2022\\\/01\\\/Toidupakk-matkapood-logo-transparent.png\",\"contentUrl\":\"https:\\\/\\\/toidupakk.ee\\\/wp-content\\\/uploads\\\/2022\\\/01\\\/Toidupakk-matkapood-logo-transparent.png\",\"width\":500,\"height\":500,\"caption\":\"Tactical Foodpack matkaeined\"},\"image\":{\"@id\":\"https:\\\/\\\/toidupakk.ee\\\/lt\\\/#\\\/schema\\\/logo\\\/image\\\/\"},\"sameAs\":[\"https:\\\/\\\/www.facebook.com\\\/Toidupakk\",\"https:\\\/\\\/www.instagram.com\\\/toidupakk\\\/\"]}]}<\/script>\n<!-- \/ Yoast SEO plugin. -->","yoast_head_json":{"title":"\"Camelpack\" vandens krep\u0161ys (hidrosistema) - Toidupakk.ee - Tactical Foodpack toidupakid","description":"\"Camelback\" 3 litr\u0173 vandens krep\u0161ys, skirtas \u017eygiams, kelion\u0117ms, motokroso enduro var\u017eyboms, va\u017ein\u0117jimui motociklu ir kitur.","robots":{"index":"index","follow":"follow","max-snippet":"max-snippet:-1","max-image-preview":"max-image-preview:large","max-video-preview":"max-video-preview:-1"},"canonical":"https:\/\/toidupakk.ee\/lt\/toode\/camelpack-vandens-krepsys-hidrosistema\/","og_locale":"lt_LT","og_type":"article","og_title":"\"Camelpack\" vandens krep\u0161ys (hidrosistema) - Toidupakk.ee - Tactical Foodpack toidupakid","og_description":"\"Camelback\" 3 litr\u0173 vandens krep\u0161ys, skirtas \u017eygiams, kelion\u0117ms, motokroso enduro var\u017eyboms, va\u017ein\u0117jimui motociklu ir kitur.","og_url":"https:\/\/toidupakk.ee\/lt\/toode\/camelpack-vandens-krepsys-hidrosistema\/","og_site_name":"Toidupakk.ee - Tactical Foodpack toidupakid","article_publisher":"https:\/\/www.facebook.com\/Toidupakk","article_modified_time":"2026-04-29T15:00:04+00:00","og_image":[{"width":1080,"height":1080,"url":"https:\/\/toidupakk.ee\/wp-content\/uploads\/2022\/06\/Camelpack-joogikott-1.png","type":"image\/png"}],"twitter_card":"summary_large_image","twitter_misc":{"Est. reading time":"2 minut\u0117s"},"schema":{"@context":"https:\/\/schema.org","@graph":[{"@type":"WebPage","@id":"https:\/\/toidupakk.ee\/lt\/toode\/camelpack-vandens-krepsys-hidrosistema\/","url":"https:\/\/toidupakk.ee\/lt\/toode\/camelpack-vandens-krepsys-hidrosistema\/","name":"\"Camelpack\" vandens krep\u0161ys (hidrosistema) - Toidupakk.ee - Tactical Foodpack toidupakid","isPartOf":{"@id":"https:\/\/toidupakk.ee\/lt\/#website"},"primaryImageOfPage":{"@id":"https:\/\/toidupakk.ee\/lt\/toode\/camelpack-vandens-krepsys-hidrosistema\/#primaryimage"},"image":{"@id":"https:\/\/toidupakk.ee\/lt\/toode\/camelpack-vandens-krepsys-hidrosistema\/#primaryimage"},"thumbnailUrl":"https:\/\/toidupakk.ee\/wp-content\/uploads\/2022\/06\/Camelpack-joogikott-1.png","datePublished":"2022-08-10T11:14:06+00:00","dateModified":"2026-04-29T15:00:04+00:00","description":"\"Camelback\" 3 litr\u0173 vandens krep\u0161ys, skirtas \u017eygiams, kelion\u0117ms, motokroso enduro var\u017eyboms, va\u017ein\u0117jimui motociklu ir kitur.","breadcrumb":{"@id":"https:\/\/toidupakk.ee\/lt\/toode\/camelpack-vandens-krepsys-hidrosistema\/#breadcrumb"},"inLanguage":"lt-LT","potentialAction":[{"@type":"ReadAction","target":["https:\/\/toidupakk.ee\/lt\/toode\/camelpack-vandens-krepsys-hidrosistema\/"]}]},{"@type":"ImageObject","inLanguage":"lt-LT","@id":"https:\/\/toidupakk.ee\/lt\/toode\/camelpack-vandens-krepsys-hidrosistema\/#primaryimage","url":"https:\/\/toidupakk.ee\/wp-content\/uploads\/2022\/06\/Camelpack-joogikott-1.png","contentUrl":"https:\/\/toidupakk.ee\/wp-content\/uploads\/2022\/06\/Camelpack-joogikott-1.png","width":1080,"height":1080,"caption":"kuprin\u0117 g\u0117rimui"},{"@type":"BreadcrumbList","@id":"https:\/\/toidupakk.ee\/lt\/toode\/camelpack-vandens-krepsys-hidrosistema\/#breadcrumb","itemListElement":[{"@type":"ListItem","position":1,"name":"Avaleht","item":"https:\/\/toidupakk.ee\/lt\/"},{"@type":"ListItem","position":2,"name":"El. parduotuv\u0117","item":"https:\/\/toidupakk.ee\/lt\/el-parduotuve\/"},{"@type":"ListItem","position":3,"name":"&#8222;Camelpack&#8221; vandens krep\u0161ys (hidrosistema)"}]},{"@type":"WebSite","@id":"https:\/\/toidupakk.ee\/lt\/#website","url":"https:\/\/toidupakk.ee\/lt\/","name":"Toidupakk.ee - Tactical Foodpack toidupakid","description":"Tactical Foodpack k\u00fclmkuivatatud toidupakid ja matkaeined","publisher":{"@id":"https:\/\/toidupakk.ee\/lt\/#organization"},"potentialAction":[{"@type":"SearchAction","target":{"@type":"EntryPoint","urlTemplate":"https:\/\/toidupakk.ee\/lt\/?s={search_term_string}"},"query-input":{"@type":"PropertyValueSpecification","valueRequired":true,"valueName":"search_term_string"}}],"inLanguage":"lt-LT"},{"@type":"Organization","@id":"https:\/\/toidupakk.ee\/lt\/#organization","name":"Tactical Foodpack matkaeined","url":"https:\/\/toidupakk.ee\/lt\/","logo":{"@type":"ImageObject","inLanguage":"lt-LT","@id":"https:\/\/toidupakk.ee\/lt\/#\/schema\/logo\/image\/","url":"https:\/\/toidupakk.ee\/wp-content\/uploads\/2022\/01\/Toidupakk-matkapood-logo-transparent.png","contentUrl":"https:\/\/toidupakk.ee\/wp-content\/uploads\/2022\/01\/Toidupakk-matkapood-logo-transparent.png","width":500,"height":500,"caption":"Tactical Foodpack matkaeined"},"image":{"@id":"https:\/\/toidupakk.ee\/lt\/#\/schema\/logo\/image\/"},"sameAs":["https:\/\/www.facebook.com\/Toidupakk","https:\/\/www.instagram.com\/toidupakk\/"]}]}},"jetpack_sharing_enabled":true,"_links":{"self":[{"href":"https:\/\/toidupakk.ee\/lt\/wp-json\/wp\/v2\/product\/47632","targetHints":{"allow":["GET"]}}],"collection":[{"href":"https:\/\/toidupakk.ee\/lt\/wp-json\/wp\/v2\/product"}],"about":[{"href":"https:\/\/toidupakk.ee\/lt\/wp-json\/wp\/v2\/types\/product"}],"replies":[{"embeddable":true,"href":"https:\/\/toidupakk.ee\/lt\/wp-json\/wp\/v2\/comments?post=47632"}],"wp:featuredmedia":[{"embeddable":true,"href":"https:\/\/toidupakk.ee\/lt\/wp-json\/wp\/v2\/media\/47633"}],"wp:attachment":[{"href":"https:\/\/toidupakk.ee\/lt\/wp-json\/wp\/v2\/media?parent=47632"}],"wp:term":[{"taxonomy":"product_brand","embeddable":true,"href":"https:\/\/toidupakk.ee\/lt\/wp-json\/wp\/v2\/product_brand?post=47632"},{"taxonomy":"product_cat","embeddable":true,"href":"https:\/\/toidupakk.ee\/lt\/wp-json\/wp\/v2\/product_cat?post=47632"},{"taxonomy":"product_tag","embeddable":true,"href":"https:\/\/toidupakk.ee\/lt\/wp-json\/wp\/v2\/product_tag?post=47632"}],"curies":[{"name":"wp","href":"https:\/\/api.w.org\/{rel}","templated":true}]}}