{"id":47625,"date":"2022-08-09T12:27:45","date_gmt":"2022-08-09T09:27:45","guid":{"rendered":"https:\/\/toidupakk.ee\/toode\/pirmosios-pagalbos-rinkinys-zygiams\/"},"modified":"2026-04-15T02:31:12","modified_gmt":"2026-04-14T23:31:12","slug":"pirmosios-pagalbos-rinkinys-zygiams","status":"publish","type":"product","link":"https:\/\/toidupakk.ee\/lt\/toode\/pirmosios-pagalbos-rinkinys-zygiams\/","title":{"rendered":"Pirmosios pagalbos rinkinys \u017eygiams"},"content":{"rendered":"<h1>Pirmosios pagalbos rinkin\u012f tur\u0117k visada su savimi!<\/h1>\n<p>\u0160\u012f ma\u017e\u0105 ir lengv\u0105 pirmosios pagalbos rinkin\u012f privalai visada tur\u0117ti su savimi, nes nelaim\u0117 niekada ne\u012fsp\u0117ja. J\u012f gali ne\u0161iotis rankin\u0117je ar kuprin\u0117je, patogu laikyti automobilyje, biuro stal\u010diuje ar ant darbo stalo. Ta\u010diau jis ypa\u010d naudingas \u017eygio kuprin\u0117je, nes kitais atvejais galimybi\u0173 gauti pagalb\u0105 yra daugiau nei giliame mi\u0161ke. \u0160iame rinkinyje yra viskas, ko reikia nedidel\u0117ms traumoms sutvarkyti. B\u016bk visada pasiruo\u0161\u0119s ir laikyk \u0161\u012f patog\u0173 rinkin\u012f po ranka.    <\/p>\n<p>&nbsp;<\/p>\n<h2>Pirmosios pagalbos rinkinio d\u0117klas yra itin patvarus<\/h2>\n<p>\u201eMil-Tec\u201c mini pirmosios pagalbos rinkinio d\u0117klas pagamintas i\u0161 storos \u201eRip-Stop\u201c nailono med\u017eiagos, o vidin\u0117s sienel\u0117s padengtos vandeniui atspariu sluoksniu. Rinkinys u\u017esegamas dvipusiu u\u017etrauktuku. Atsegus u\u017etrauktuk\u0105, d\u0117klas visi\u0161kai atsidaro, tod\u0117l lengva pasiekti visus skyrius. Prie krep\u0161elio galima pritvirtinti dir\u017eel\u012f arba karabin\u0105. Skyri\u0173 ir vidini\u0173 ki\u0161eni\u0173 sistema leid\u017eia lengvai r\u016b\u0161iuoti priemones ir instrumentus.    <\/p>\n<h3><img fetchpriority=\"high\" decoding=\"async\" class=\"alignnone size-medium wp-image-2920\" src=\"https:\/\/toidupakk.ee\/wp-content\/uploads\/2022\/07\/Esmaabikomplekt-matkale-5-300x300.png\" alt=\"pirmosios pagalbos rinkinys\" width=\"300\" height=\"300\" srcset=\"https:\/\/toidupakk.ee\/wp-content\/uploads\/2022\/07\/Esmaabikomplekt-matkale-5-300x300.png 300w, https:\/\/toidupakk.ee\/wp-content\/uploads\/2022\/07\/Esmaabikomplekt-matkale-5-400x400.png 400w, https:\/\/toidupakk.ee\/wp-content\/uploads\/2022\/07\/Esmaabikomplekt-matkale-5-100x100.png 100w, https:\/\/toidupakk.ee\/wp-content\/uploads\/2022\/07\/Esmaabikomplekt-matkale-5-800x800.png 800w, https:\/\/toidupakk.ee\/wp-content\/uploads\/2022\/07\/Esmaabikomplekt-matkale-5-1024x1024.png 1024w, https:\/\/toidupakk.ee\/wp-content\/uploads\/2022\/07\/Esmaabikomplekt-matkale-5-500x500.png 500w, https:\/\/toidupakk.ee\/wp-content\/uploads\/2022\/07\/Esmaabikomplekt-matkale-5-768x768.png 768w, https:\/\/toidupakk.ee\/wp-content\/uploads\/2022\/07\/Esmaabikomplekt-matkale-5.png 1080w\" sizes=\"(max-width: 300px) 100vw, 300px\" \/><\/h3>\n<h3>K\u0105 dar verta pasiimti \u012f \u017eygio vaistin\u0117l\u0119?<\/h3>\n<p>Tikrai verta pasiimti ir kai kuri\u0173 vaist\u0173, pavyzd\u017eiui, nuskausminam\u0173j\u0173, angliuko table\u010di\u0173, vaist\u0173 nuo per\u0161alimo, antiseptik\u0105. Taip pat verta i\u0161 anksto pagalvoti apie \u017earnyno infekcijas ir pasiimti <a href=\"https:\/\/toidupakk.ee\/toode\/veepuhastustabletid-katadyn-micropur-forte\/\">vandens gryninimo table\u010di\u0173<\/a>, kad i\u0161 nat\u016bralaus \u0161altinio surinktas vanduo tapt\u0173 tinkamas gerti ir b\u016bt\u0173 sunaikinti visi lig\u0173 suk\u0117l\u0117jai. Tam puikiai tinka vandens gryninimo tablet\u0117s <a href=\"https:\/\/toidupakk.ee\/toode\/veepuhastustabletid-katadyn-micropur-forte\/\">Katadyn Micropur Forte<\/a>.  <\/p>\n<p>Taip pat \u012fvairiems tikslams verta pasiimti <a href=\"https:\/\/toidupakk.ee\/lt\/toode\/lauko-dusas\/\">Tactical Foodpack Outdoor Shower<\/a>, kuris d\u0117l sud\u0117tyje esan\u010dio pantenolio tinka ir pavir\u0161iniams \u012fbr\u0117\u017eimams bei \u017eaizdoms valyti. Jis draugi\u0161kas odai, neerzina ir yra be konservant\u0173, tad pravers bet kokiu atveju norint atsigaivinti. <\/p>\n<p>Ir kas dar svarbu \u2013 prie\u0161 i\u0161siruo\u0161iant \u012f \u017eyg\u012f b\u016btinai pasikartok visus pirmosios pagalbos b\u016bdus. Kaip u\u017ed\u0117ti \u012ftvar\u0105, kaip elgtis \u012fkandus gyvatei ir kitus svarbius veiksmus. Taip pat tur\u0117k i\u0161orin\u0119 baterij\u0105 ir visada \u012fkraut\u0105 telefon\u0105, nes, laimei, ry\u0161ys \u0161iais laikais pasiekia ir daugel\u012f mi\u0161k\u0173, tad prireikus gal\u0117si i\u0161sikviesti pagalb\u0105.  <\/p>\n<p>&nbsp;<\/p>\n<p>Daugiau \u017eygio preki\u0173 rasi <a href=\"https:\/\/toidupakk.ee\/lt\/tootekategooria\/zygio-iranga\/#section-3-79\">\u010cIA<\/a><\/p>\n<p>\u017dygio maist\u0105, kur\u012f gali pasiimti kartu, ap\u017ei\u016br\u0117k <a href=\"https:\/\/toidupakk.ee\/lt\/el-parduotuve\/\">\u010cIA<\/a><\/p>\n<p>Pasisemk \u012fkv\u0117pimo kitiems nuotykiams Toidupakk <a href=\"https:\/\/www.instagram.com\/toidupakk\/\">Instagram<\/a> ir <a href=\"https:\/\/www.facebook.com\/Toidupakk\/\">Facebook<\/a> paskyrose.<\/p>\n","protected":false},"excerpt":{"rendered":"<ul>\n<li>Judant gamtoje visada pasitaiko ma\u017eesni\u0173 ar didesni\u0173 \u012fbr\u0117\u017eim\u0173, suklupim\u0173 ar, pavyzd\u017eiui, nauj\u0173 \u017eygio bat\u0173 nutrint\u0173 p\u016bsli\u0173.<\/li>\n<li>Kiekvienoje tvarkingoje \u017eygio kuprin\u0117je tur\u0117t\u0173 b\u016bti ir pirmosios pagalbos rinkinys.<\/li>\n<li>\u201eMIL-TEC\u201c pirmosios pagalbos rinkinys yra itin kompakti\u0161kas ir tavo kuprin\u0117je prakti\u0161kai neu\u017eims vietos.<\/li>\n<li>Itin lengvas, sveria tik 120 g.<\/li>\n<li>Kompakti\u0161kas: 12 cm x 8,5 cm x 4,5 cm.<\/li>\n<\/ul>\n<p>&nbsp;<\/p>\n<p><strong>\u201eMIL-TEC\u201c kompakti\u0161kas pirmosios pagalbos rinkinys, kuriame yra pagrindin\u0117 \u012franga pirmajai pagalbai suteikti.<\/strong><\/p>\n<p>&nbsp;<\/p>\n<p>Rinkinyje yra:<\/p>\n<ul>\n<li>Marlinis tvarstis 7,5 cm x 4,5 m<\/li>\n<li>Pleistras rulyje 40 mm x 1 m (kerpamas)<\/li>\n<li>\u017daizd\u0173 pleistras 10 mm x 1 m (kerpamas)<\/li>\n<li>\u017daizd\u0173 tvarstis 50&#215;50 mm<\/li>\n<li>\u017dirkl\u0117s<\/li>\n<li>Vinilin\u0117s pir\u0161tin\u0117s<\/li>\n<li>Dr\u0117gnos servet\u0117l\u0117s 5 vnt.<\/li>\n<li>Saugos segtukai 6 vnt.<\/li>\n<li>U\u017esegamas mai\u0161elis 4 vnt.<\/li>\n<\/ul>\n<p>\u2705 Turime sand\u0117lyje, greitas pristatymas per 1\u20133 darbo dienas<\/p>\n","protected":false},"featured_media":2917,"comment_status":"open","ping_status":"closed","template":"","meta":{"_acf_changed":false},"product_brand":[],"product_cat":[193,210,192,254,189,190],"product_tag":[],"class_list":{"0":"post-47625","1":"product","2":"type-product","3":"status-publish","4":"has-post-thumbnail","6":"product_cat-karine-ekipuote","7":"product_cat-mil-tec","8":"product_cat-molle-deklai-ir-priedai","9":"product_cat-pirmosios-pagalbos-rinkiniai","10":"product_cat-zygio-iranga","11":"product_cat-zygio-prekes","13":"first","14":"instock","15":"taxable","16":"shipping-taxable","17":"purchasable","18":"product-type-simple"},"bundled_by":[],"bundle_stock_status":"instock","bundle_stock_quantity":2,"bundle_virtual":false,"bundle_layout":"","bundle_add_to_cart_form_location":"","bundle_editable_in_cart":false,"bundle_sold_individually_context":"","bundle_item_grouping":"","bundle_min_size":"","bundle_max_size":"","bundle_price":[],"bundled_items":[],"bundle_sell_ids":[],"acf":[],"yoast_head":"<!-- This site is optimized with the Yoast SEO plugin v27.3 - https:\/\/yoast.com\/product\/yoast-seo-wordpress\/ -->\n<title>Pirmosios pagalbos rinkinys \u017eygiams<\/title>\n<meta name=\"description\" content=\"Pirmosios pagalbos rinkinys \u017eygiams. Lengvas ir kompakti\u0161kas, ta\u010diau jame yra visa pagrindin\u0117 \u012franga pirmajai pagalbai suteikti. Puikiai tinka \u017eygio kuprinei, automobiliui ar net namams.\" \/>\n<meta name=\"robots\" content=\"index, follow, max-snippet:-1, max-image-preview:large, max-video-preview:-1\" \/>\n<link rel=\"canonical\" href=\"https:\/\/toidupakk.ee\/lt\/toode\/pirmosios-pagalbos-rinkinys-zygiams\/\" \/>\n<meta property=\"og:locale\" content=\"lt_LT\" \/>\n<meta property=\"og:type\" content=\"article\" \/>\n<meta property=\"og:title\" content=\"Pirmosios pagalbos rinkinys \u017eygiams\" \/>\n<meta property=\"og:description\" content=\"Pirmosios pagalbos rinkinys \u017eygiams. Lengvas ir kompakti\u0161kas, ta\u010diau jame yra visa pagrindin\u0117 \u012franga pirmajai pagalbai suteikti. Puikiai tinka \u017eygio kuprinei, automobiliui ar net namams.\" \/>\n<meta property=\"og:url\" content=\"https:\/\/toidupakk.ee\/lt\/toode\/pirmosios-pagalbos-rinkinys-zygiams\/\" \/>\n<meta property=\"og:site_name\" content=\"Toidupakk.ee - Tactical Foodpack toidupakid\" \/>\n<meta property=\"article:publisher\" content=\"https:\/\/www.facebook.com\/Toidupakk\" \/>\n<meta property=\"article:modified_time\" content=\"2026-04-14T23:31:12+00:00\" \/>\n<meta property=\"og:image\" content=\"https:\/\/toidupakk.ee\/wp-content\/uploads\/2022\/07\/Esmaabikomplekt-matkale-2.png\" \/>\n\t<meta property=\"og:image:width\" content=\"1080\" \/>\n\t<meta property=\"og:image:height\" content=\"1080\" \/>\n\t<meta property=\"og:image:type\" content=\"image\/png\" \/>\n<meta name=\"twitter:card\" content=\"summary_large_image\" \/>\n<meta name=\"twitter:label1\" content=\"Est. reading time\" \/>\n\t<meta name=\"twitter:data1\" content=\"2 minut\u0117s\" \/>\n<script type=\"application\/ld+json\" class=\"yoast-schema-graph\">{\"@context\":\"https:\\\/\\\/schema.org\",\"@graph\":[{\"@type\":\"WebPage\",\"@id\":\"https:\\\/\\\/toidupakk.ee\\\/lt\\\/toode\\\/pirmosios-pagalbos-rinkinys-zygiams\\\/\",\"url\":\"https:\\\/\\\/toidupakk.ee\\\/lt\\\/toode\\\/pirmosios-pagalbos-rinkinys-zygiams\\\/\",\"name\":\"Pirmosios pagalbos rinkinys \u017eygiams\",\"isPartOf\":{\"@id\":\"https:\\\/\\\/toidupakk.ee\\\/lt\\\/#website\"},\"primaryImageOfPage\":{\"@id\":\"https:\\\/\\\/toidupakk.ee\\\/lt\\\/toode\\\/pirmosios-pagalbos-rinkinys-zygiams\\\/#primaryimage\"},\"image\":{\"@id\":\"https:\\\/\\\/toidupakk.ee\\\/lt\\\/toode\\\/pirmosios-pagalbos-rinkinys-zygiams\\\/#primaryimage\"},\"thumbnailUrl\":\"https:\\\/\\\/toidupakk.ee\\\/wp-content\\\/uploads\\\/2022\\\/07\\\/Esmaabikomplekt-matkale-2.png\",\"datePublished\":\"2022-08-09T09:27:45+00:00\",\"dateModified\":\"2026-04-14T23:31:12+00:00\",\"description\":\"Pirmosios pagalbos rinkinys \u017eygiams. Lengvas ir kompakti\u0161kas, ta\u010diau jame yra visa pagrindin\u0117 \u012franga pirmajai pagalbai suteikti. Puikiai tinka \u017eygio kuprinei, automobiliui ar net namams.\",\"breadcrumb\":{\"@id\":\"https:\\\/\\\/toidupakk.ee\\\/lt\\\/toode\\\/pirmosios-pagalbos-rinkinys-zygiams\\\/#breadcrumb\"},\"inLanguage\":\"lt-LT\",\"potentialAction\":[{\"@type\":\"ReadAction\",\"target\":[\"https:\\\/\\\/toidupakk.ee\\\/lt\\\/toode\\\/pirmosios-pagalbos-rinkinys-zygiams\\\/\"]}]},{\"@type\":\"ImageObject\",\"inLanguage\":\"lt-LT\",\"@id\":\"https:\\\/\\\/toidupakk.ee\\\/lt\\\/toode\\\/pirmosios-pagalbos-rinkinys-zygiams\\\/#primaryimage\",\"url\":\"https:\\\/\\\/toidupakk.ee\\\/wp-content\\\/uploads\\\/2022\\\/07\\\/Esmaabikomplekt-matkale-2.png\",\"contentUrl\":\"https:\\\/\\\/toidupakk.ee\\\/wp-content\\\/uploads\\\/2022\\\/07\\\/Esmaabikomplekt-matkale-2.png\",\"width\":1080,\"height\":1080,\"caption\":\"esmaabikomplekt\"},{\"@type\":\"BreadcrumbList\",\"@id\":\"https:\\\/\\\/toidupakk.ee\\\/lt\\\/toode\\\/pirmosios-pagalbos-rinkinys-zygiams\\\/#breadcrumb\",\"itemListElement\":[{\"@type\":\"ListItem\",\"position\":1,\"name\":\"Avaleht\",\"item\":\"https:\\\/\\\/toidupakk.ee\\\/lt\\\/\"},{\"@type\":\"ListItem\",\"position\":2,\"name\":\"El. parduotuv\u0117\",\"item\":\"https:\\\/\\\/toidupakk.ee\\\/lt\\\/el-parduotuve\\\/\"},{\"@type\":\"ListItem\",\"position\":3,\"name\":\"Pirmosios pagalbos rinkinys \u017eygiams\"}]},{\"@type\":\"WebSite\",\"@id\":\"https:\\\/\\\/toidupakk.ee\\\/lt\\\/#website\",\"url\":\"https:\\\/\\\/toidupakk.ee\\\/lt\\\/\",\"name\":\"Toidupakk.ee - Tactical Foodpack toidupakid\",\"description\":\"Tactical Foodpack k\u00fclmkuivatatud toidupakid ja matkaeined\",\"publisher\":{\"@id\":\"https:\\\/\\\/toidupakk.ee\\\/lt\\\/#organization\"},\"potentialAction\":[{\"@type\":\"SearchAction\",\"target\":{\"@type\":\"EntryPoint\",\"urlTemplate\":\"https:\\\/\\\/toidupakk.ee\\\/lt\\\/?s={search_term_string}\"},\"query-input\":{\"@type\":\"PropertyValueSpecification\",\"valueRequired\":true,\"valueName\":\"search_term_string\"}}],\"inLanguage\":\"lt-LT\"},{\"@type\":\"Organization\",\"@id\":\"https:\\\/\\\/toidupakk.ee\\\/lt\\\/#organization\",\"name\":\"Tactical Foodpack matkaeined\",\"url\":\"https:\\\/\\\/toidupakk.ee\\\/lt\\\/\",\"logo\":{\"@type\":\"ImageObject\",\"inLanguage\":\"lt-LT\",\"@id\":\"https:\\\/\\\/toidupakk.ee\\\/lt\\\/#\\\/schema\\\/logo\\\/image\\\/\",\"url\":\"https:\\\/\\\/toidupakk.ee\\\/wp-content\\\/uploads\\\/2022\\\/01\\\/Toidupakk-matkapood-logo-transparent.png\",\"contentUrl\":\"https:\\\/\\\/toidupakk.ee\\\/wp-content\\\/uploads\\\/2022\\\/01\\\/Toidupakk-matkapood-logo-transparent.png\",\"width\":500,\"height\":500,\"caption\":\"Tactical Foodpack matkaeined\"},\"image\":{\"@id\":\"https:\\\/\\\/toidupakk.ee\\\/lt\\\/#\\\/schema\\\/logo\\\/image\\\/\"},\"sameAs\":[\"https:\\\/\\\/www.facebook.com\\\/Toidupakk\",\"https:\\\/\\\/www.instagram.com\\\/toidupakk\\\/\"]}]}<\/script>\n<!-- \/ Yoast SEO plugin. -->","yoast_head_json":{"title":"Pirmosios pagalbos rinkinys \u017eygiams","description":"Pirmosios pagalbos rinkinys \u017eygiams. Lengvas ir kompakti\u0161kas, ta\u010diau jame yra visa pagrindin\u0117 \u012franga pirmajai pagalbai suteikti. Puikiai tinka \u017eygio kuprinei, automobiliui ar net namams.","robots":{"index":"index","follow":"follow","max-snippet":"max-snippet:-1","max-image-preview":"max-image-preview:large","max-video-preview":"max-video-preview:-1"},"canonical":"https:\/\/toidupakk.ee\/lt\/toode\/pirmosios-pagalbos-rinkinys-zygiams\/","og_locale":"lt_LT","og_type":"article","og_title":"Pirmosios pagalbos rinkinys \u017eygiams","og_description":"Pirmosios pagalbos rinkinys \u017eygiams. Lengvas ir kompakti\u0161kas, ta\u010diau jame yra visa pagrindin\u0117 \u012franga pirmajai pagalbai suteikti. Puikiai tinka \u017eygio kuprinei, automobiliui ar net namams.","og_url":"https:\/\/toidupakk.ee\/lt\/toode\/pirmosios-pagalbos-rinkinys-zygiams\/","og_site_name":"Toidupakk.ee - Tactical Foodpack toidupakid","article_publisher":"https:\/\/www.facebook.com\/Toidupakk","article_modified_time":"2026-04-14T23:31:12+00:00","og_image":[{"width":1080,"height":1080,"url":"https:\/\/toidupakk.ee\/wp-content\/uploads\/2022\/07\/Esmaabikomplekt-matkale-2.png","type":"image\/png"}],"twitter_card":"summary_large_image","twitter_misc":{"Est. reading time":"2 minut\u0117s"},"schema":{"@context":"https:\/\/schema.org","@graph":[{"@type":"WebPage","@id":"https:\/\/toidupakk.ee\/lt\/toode\/pirmosios-pagalbos-rinkinys-zygiams\/","url":"https:\/\/toidupakk.ee\/lt\/toode\/pirmosios-pagalbos-rinkinys-zygiams\/","name":"Pirmosios pagalbos rinkinys \u017eygiams","isPartOf":{"@id":"https:\/\/toidupakk.ee\/lt\/#website"},"primaryImageOfPage":{"@id":"https:\/\/toidupakk.ee\/lt\/toode\/pirmosios-pagalbos-rinkinys-zygiams\/#primaryimage"},"image":{"@id":"https:\/\/toidupakk.ee\/lt\/toode\/pirmosios-pagalbos-rinkinys-zygiams\/#primaryimage"},"thumbnailUrl":"https:\/\/toidupakk.ee\/wp-content\/uploads\/2022\/07\/Esmaabikomplekt-matkale-2.png","datePublished":"2022-08-09T09:27:45+00:00","dateModified":"2026-04-14T23:31:12+00:00","description":"Pirmosios pagalbos rinkinys \u017eygiams. Lengvas ir kompakti\u0161kas, ta\u010diau jame yra visa pagrindin\u0117 \u012franga pirmajai pagalbai suteikti. Puikiai tinka \u017eygio kuprinei, automobiliui ar net namams.","breadcrumb":{"@id":"https:\/\/toidupakk.ee\/lt\/toode\/pirmosios-pagalbos-rinkinys-zygiams\/#breadcrumb"},"inLanguage":"lt-LT","potentialAction":[{"@type":"ReadAction","target":["https:\/\/toidupakk.ee\/lt\/toode\/pirmosios-pagalbos-rinkinys-zygiams\/"]}]},{"@type":"ImageObject","inLanguage":"lt-LT","@id":"https:\/\/toidupakk.ee\/lt\/toode\/pirmosios-pagalbos-rinkinys-zygiams\/#primaryimage","url":"https:\/\/toidupakk.ee\/wp-content\/uploads\/2022\/07\/Esmaabikomplekt-matkale-2.png","contentUrl":"https:\/\/toidupakk.ee\/wp-content\/uploads\/2022\/07\/Esmaabikomplekt-matkale-2.png","width":1080,"height":1080,"caption":"esmaabikomplekt"},{"@type":"BreadcrumbList","@id":"https:\/\/toidupakk.ee\/lt\/toode\/pirmosios-pagalbos-rinkinys-zygiams\/#breadcrumb","itemListElement":[{"@type":"ListItem","position":1,"name":"Avaleht","item":"https:\/\/toidupakk.ee\/lt\/"},{"@type":"ListItem","position":2,"name":"El. parduotuv\u0117","item":"https:\/\/toidupakk.ee\/lt\/el-parduotuve\/"},{"@type":"ListItem","position":3,"name":"Pirmosios pagalbos rinkinys \u017eygiams"}]},{"@type":"WebSite","@id":"https:\/\/toidupakk.ee\/lt\/#website","url":"https:\/\/toidupakk.ee\/lt\/","name":"Toidupakk.ee - Tactical Foodpack toidupakid","description":"Tactical Foodpack k\u00fclmkuivatatud toidupakid ja matkaeined","publisher":{"@id":"https:\/\/toidupakk.ee\/lt\/#organization"},"potentialAction":[{"@type":"SearchAction","target":{"@type":"EntryPoint","urlTemplate":"https:\/\/toidupakk.ee\/lt\/?s={search_term_string}"},"query-input":{"@type":"PropertyValueSpecification","valueRequired":true,"valueName":"search_term_string"}}],"inLanguage":"lt-LT"},{"@type":"Organization","@id":"https:\/\/toidupakk.ee\/lt\/#organization","name":"Tactical Foodpack matkaeined","url":"https:\/\/toidupakk.ee\/lt\/","logo":{"@type":"ImageObject","inLanguage":"lt-LT","@id":"https:\/\/toidupakk.ee\/lt\/#\/schema\/logo\/image\/","url":"https:\/\/toidupakk.ee\/wp-content\/uploads\/2022\/01\/Toidupakk-matkapood-logo-transparent.png","contentUrl":"https:\/\/toidupakk.ee\/wp-content\/uploads\/2022\/01\/Toidupakk-matkapood-logo-transparent.png","width":500,"height":500,"caption":"Tactical Foodpack matkaeined"},"image":{"@id":"https:\/\/toidupakk.ee\/lt\/#\/schema\/logo\/image\/"},"sameAs":["https:\/\/www.facebook.com\/Toidupakk","https:\/\/www.instagram.com\/toidupakk\/"]}]}},"jetpack_sharing_enabled":true,"_links":{"self":[{"href":"https:\/\/toidupakk.ee\/lt\/wp-json\/wp\/v2\/product\/47625","targetHints":{"allow":["GET"]}}],"collection":[{"href":"https:\/\/toidupakk.ee\/lt\/wp-json\/wp\/v2\/product"}],"about":[{"href":"https:\/\/toidupakk.ee\/lt\/wp-json\/wp\/v2\/types\/product"}],"replies":[{"embeddable":true,"href":"https:\/\/toidupakk.ee\/lt\/wp-json\/wp\/v2\/comments?post=47625"}],"wp:featuredmedia":[{"embeddable":true,"href":"https:\/\/toidupakk.ee\/lt\/wp-json\/wp\/v2\/media\/2917"}],"wp:attachment":[{"href":"https:\/\/toidupakk.ee\/lt\/wp-json\/wp\/v2\/media?parent=47625"}],"wp:term":[{"taxonomy":"product_brand","embeddable":true,"href":"https:\/\/toidupakk.ee\/lt\/wp-json\/wp\/v2\/product_brand?post=47625"},{"taxonomy":"product_cat","embeddable":true,"href":"https:\/\/toidupakk.ee\/lt\/wp-json\/wp\/v2\/product_cat?post=47625"},{"taxonomy":"product_tag","embeddable":true,"href":"https:\/\/toidupakk.ee\/lt\/wp-json\/wp\/v2\/product_tag?post=47625"}],"curies":[{"name":"wp","href":"https:\/\/api.w.org\/{rel}","templated":true}]}}