{"id":47620,"date":"2022-09-12T16:28:15","date_gmt":"2022-09-12T13:28:15","guid":{"rendered":"https:\/\/toidupakk.ee\/toode\/saltyje-dziovinti-melyniu-traskuciai\/"},"modified":"2026-04-21T12:01:27","modified_gmt":"2026-04-21T09:01:27","slug":"saltyje-dziovinti-melyniu-traskuciai","status":"publish","type":"product","link":"https:\/\/toidupakk.ee\/lt\/toode\/saltyje-dziovinti-melyniu-traskuciai\/","title":{"rendered":"\u0160altyje d\u017eiovinti m\u0117lyni\u0173 tra\u0161ku\u010diai"},"content":{"rendered":"<h2 data-start=\"0\" data-end=\"456\"><img fetchpriority=\"high\" decoding=\"async\" class=\"alignright wp-image-32742 size-thumbnail\" src=\"https:\/\/toidupakk.ee\/wp-content\/uploads\/2022\/09\/Kulmkuivatatud-mustikakropsud-1-500x500.png\" alt=\"m\u0117lyni\u0173 tra\u0161ku\u010diai\" width=\"500\" height=\"500\" srcset=\"https:\/\/toidupakk.ee\/wp-content\/uploads\/2022\/09\/Kulmkuivatatud-mustikakropsud-1-500x500.png 500w, https:\/\/toidupakk.ee\/wp-content\/uploads\/2022\/09\/Kulmkuivatatud-mustikakropsud-1-400x400.png 400w, https:\/\/toidupakk.ee\/wp-content\/uploads\/2022\/09\/Kulmkuivatatud-mustikakropsud-1-100x100.png 100w, https:\/\/toidupakk.ee\/wp-content\/uploads\/2022\/09\/Kulmkuivatatud-mustikakropsud-1-300x300.png 300w, https:\/\/toidupakk.ee\/wp-content\/uploads\/2022\/09\/Kulmkuivatatud-mustikakropsud-1-768x768.png 768w, https:\/\/toidupakk.ee\/wp-content\/uploads\/2022\/09\/Kulmkuivatatud-mustikakropsud-1.png 800w\" sizes=\"(max-width: 500px) 100vw, 500px\" \/><\/h2>\n<h2 data-start=\"0\" data-end=\"456\">\u0160altyje d\u017eiovinti m\u0117lyni\u0173 tra\u0161ku\u010diai \u2013 sveika alternatyva \u012fprastiems tra\u0161ku\u010diams<\/h2>\n<p data-start=\"0\" data-end=\"456\">\u0160altyje d\u017eiovinti m\u0117lyni\u0173 tra\u0161ku\u010diai pasi\u017eymi sodriu uog\u0173 skoniu, kuris d\u0117l unikalaus gamybos b\u016bdo i\u0161siskiria i\u0161 \u012fprast\u0173 tra\u0161ku\u010di\u0173. \u0160ie tra\u0161ku\u010diai pagaminti i\u0161 100 % \u0161altyje d\u017eiovint\u0173 m\u0117lyni\u0173. Liofilizacijos procesas i\u0161saugo nat\u016bral\u0173 uog\u0173 skon\u012f bei maistin\u0119 vert\u0119, u\u017etikrindamas, kad vitaminai ir mineralai i\u0161likt\u0173 nepakit\u0119.  <\/p>\n<p data-start=\"458\" data-end=\"926\">M\u0117lyn\u0117s \u017einomos kaip <strong>nat\u016bralus supermaistas<\/strong>, kuriame gausu antioksidant\u0173, \u012fskaitant antocianinus, padedan\u010dius stiprinti imunin\u0119 sistem\u0105 ir palaikyti neurologines funkcijas. Be to, m\u0117lyn\u0117se gausu vitamino C, vitamino K, skaidul\u0173 ir mangano. Vitaminas C stiprina imunitet\u0105, vitaminas K svarbus kraujo kre\u0161\u0117jimui, skaidulos gerina vir\u0161kinim\u0105, o manganas svarbus kaul\u0173 sveikatai ir med\u017eiag\u0173 apykaitai.  <\/p>\n<p data-start=\"928\" data-end=\"1257\">Tyrimai rodo, kad reguliarus m\u0117lyni\u0173 vartojimas gali pad\u0117ti pagerinti atmint\u012f ir kognityvines funkcijas, ma\u017einti kraujosp\u016bd\u012f bei \u0161irdies lig\u0173 rizik\u0105. Taip pat nustatyta, kad m\u0117lyn\u0117s gali pad\u0117ti palaikyti aki\u0173 sveikat\u0105, ma\u017eindamos aki\u0173 nuovarg\u012f ir gerindamos reg\u0117jim\u0105. <\/p>\n<p data-start=\"1259\" data-end=\"1411\">\u201eMeki\u201c m\u0117lyni\u0173 tra\u0161ku\u010diai yra skani ir sveika alternatyva tradiciniams u\u017ekand\u017eiams, kartu pasi\u017eyminti daugybe sveikatai nauding\u0173 savybi\u0173.<\/p>\n<p>Pagaminta i\u0161 \u0161altyje d\u017eiovint\u0173 m\u0117lyni\u0173 milteli\u0173.<\/p>\n<h3>D\u017eiovint\u0173 m\u0117lyni\u0173 tra\u0161ku\u010di\u0173 maistingumo informacija<\/h3>\n<table class=\"table table-responsive\">\n<thead>\n<tr>\n<th>VIDUTIN\u0116 MAISTIN\u0116 VERT\u0116<\/th>\n<th>100 G<\/th>\n<\/tr>\n<\/thead>\n<tbody>\n<tr>\n<td>Energija<\/td>\n<td>1410 kJ \/ 337 kcal<\/td>\n<\/tr>\n<tr>\n<td>Angliavandeniai<\/td>\n<td>67,1 g<\/td>\n<\/tr>\n<tr>\n<td>i\u0161 kuri\u0173 cukr\u0173<\/td>\n<td>57 g<\/td>\n<\/tr>\n<tr>\n<td>Baltymai<\/td>\n<td>23,9 g<\/td>\n<\/tr>\n<tr>\n<td>Riebalai<\/td>\n<td>1,7 g<\/td>\n<\/tr>\n<tr>\n<td>i\u0161 kuri\u0173 so\u010di\u0173j\u0173 riebal\u0173 r\u016bg\u0161\u010di\u0173<\/td>\n<td>0,1 g<\/td>\n<\/tr>\n<\/tbody>\n<\/table>\n<p>&nbsp;<\/p>\n<p>Per\u017ei\u016br\u0117k visus u\u017ekand\u017eius <a href=\"\/?product_cat=snakk#section-3-79\">\u010cIA<\/a><\/p>\n<p>Per\u017ei\u016br\u0117k turizmo prekes <a href=\"https:\/\/toidupakk.ee\/lt\/tootekategooria\/zygio-iranga\/#section-3-79\">\u010cIA<\/a><\/p>\n<p>Pasisemk \u012fkv\u0117pimo kitiems nuotykiams Toidupakk <a href=\"https:\/\/www.instagram.com\/toidupakk\/\">Instagram<\/a> ir <a href=\"https:\/\/www.facebook.com\/Toidupakk\/\">Facebook<\/a> paskyrose.<\/p>\n","protected":false},"excerpt":{"rendered":"<p><strong>\u0160altyje d\u017eiovinti m\u0117lyni\u0173 tra\u0161ku\u010diai \u2013 sveika alternatyva \u012fprastiems tra\u0161ku\u010diams. Pagaminti i\u0161 m\u0117lyni\u0173 milteli\u0173 ir be prid\u0117tinio cukraus, tod\u0117l tai puikus u\u017ekandis tiek dideliems, tiek ma\u017eiems. <\/strong><\/p>\n<ul>\n<li>M\u0117lyn\u0117se gausu antioksidant\u0173 ir vitamino E<\/li>\n<li>Liofilizacijos b\u016bdas i\u0161saugo visus vitaminus ir mineralus<\/li>\n<li>Patogioje, pakartotinai u\u017edaromoje pakuot\u0117je<\/li>\n<\/ul>\n<p>\u2705 Turime sand\u0117lyje, greitas pristatymas per 1\u20133 darbo dienas<\/p>\n","protected":false},"featured_media":32742,"comment_status":"open","ping_status":"closed","template":"","meta":{"_acf_changed":false},"product_brand":[],"product_cat":[271,281,213,189,190],"product_tag":[194],"class_list":{"0":"post-47620","1":"product","2":"type-product","3":"status-publish","4":"has-post-thumbnail","6":"product_cat-meki-maistas-zygiams","7":"product_cat-meki-saltyje-dziovinti-traskuciai","8":"product_cat-uzkandziai","9":"product_cat-zygio-iranga","10":"product_cat-zygio-prekes","11":"product_tag-no_ads","13":"first","14":"instock","15":"taxable","16":"shipping-taxable","17":"purchasable","18":"product-type-simple"},"bundled_by":[],"bundle_stock_status":"instock","bundle_stock_quantity":10,"bundle_virtual":false,"bundle_layout":"","bundle_add_to_cart_form_location":"","bundle_editable_in_cart":false,"bundle_sold_individually_context":"","bundle_item_grouping":"","bundle_min_size":"","bundle_max_size":"","bundle_price":[],"bundled_items":[],"bundle_sell_ids":[],"acf":[],"yoast_head":"<!-- This site is optimized with the Yoast SEO plugin v27.3 - https:\/\/yoast.com\/product\/yoast-seo-wordpress\/ -->\n<title>\u0160altyje d\u017eiovinti m\u0117lyni\u0173 tra\u0161ku\u010diai<\/title>\n<meta name=\"description\" content=\"\u0160altyje d\u017eiovinti m\u0117lyni\u0173 tra\u0161ku\u010diai \u2013 sveika alternatyva \u012fprastiems tra\u0161ku\u010diams, pagaminta i\u0161 100 % m\u0117lyni\u0173 ir be prid\u0117tinio cukraus.\" \/>\n<meta name=\"robots\" content=\"index, follow, max-snippet:-1, max-image-preview:large, max-video-preview:-1\" \/>\n<link rel=\"canonical\" href=\"https:\/\/toidupakk.ee\/lt\/toode\/saltyje-dziovinti-melyniu-traskuciai\/\" \/>\n<meta property=\"og:locale\" content=\"lt_LT\" \/>\n<meta property=\"og:type\" content=\"article\" \/>\n<meta property=\"og:title\" content=\"\u0160altyje d\u017eiovinti m\u0117lyni\u0173 tra\u0161ku\u010diai\" \/>\n<meta property=\"og:description\" content=\"\u0160altyje d\u017eiovinti m\u0117lyni\u0173 tra\u0161ku\u010diai \u2013 sveika alternatyva \u012fprastiems tra\u0161ku\u010diams, pagaminta i\u0161 100 % m\u0117lyni\u0173 ir be prid\u0117tinio cukraus.\" \/>\n<meta property=\"og:url\" content=\"https:\/\/toidupakk.ee\/lt\/toode\/saltyje-dziovinti-melyniu-traskuciai\/\" \/>\n<meta property=\"og:site_name\" content=\"Toidupakk.ee - Tactical Foodpack toidupakid\" \/>\n<meta property=\"article:publisher\" content=\"https:\/\/www.facebook.com\/Toidupakk\" \/>\n<meta property=\"article:modified_time\" content=\"2026-04-21T09:01:27+00:00\" \/>\n<meta property=\"og:image\" content=\"https:\/\/toidupakk.ee\/wp-content\/uploads\/2022\/09\/Kulmkuivatatud-mustikakropsud-1.png\" \/>\n\t<meta property=\"og:image:width\" content=\"800\" \/>\n\t<meta property=\"og:image:height\" content=\"800\" \/>\n\t<meta property=\"og:image:type\" content=\"image\/png\" \/>\n<meta name=\"twitter:card\" content=\"summary_large_image\" \/>\n<meta name=\"twitter:label1\" content=\"Est. reading time\" \/>\n\t<meta name=\"twitter:data1\" content=\"1 minut\u0117\" \/>\n<script type=\"application\/ld+json\" class=\"yoast-schema-graph\">{\"@context\":\"https:\\\/\\\/schema.org\",\"@graph\":[{\"@type\":\"WebPage\",\"@id\":\"https:\\\/\\\/toidupakk.ee\\\/lt\\\/toode\\\/saltyje-dziovinti-melyniu-traskuciai\\\/\",\"url\":\"https:\\\/\\\/toidupakk.ee\\\/lt\\\/toode\\\/saltyje-dziovinti-melyniu-traskuciai\\\/\",\"name\":\"\u0160altyje d\u017eiovinti m\u0117lyni\u0173 tra\u0161ku\u010diai\",\"isPartOf\":{\"@id\":\"https:\\\/\\\/toidupakk.ee\\\/lt\\\/#website\"},\"primaryImageOfPage\":{\"@id\":\"https:\\\/\\\/toidupakk.ee\\\/lt\\\/toode\\\/saltyje-dziovinti-melyniu-traskuciai\\\/#primaryimage\"},\"image\":{\"@id\":\"https:\\\/\\\/toidupakk.ee\\\/lt\\\/toode\\\/saltyje-dziovinti-melyniu-traskuciai\\\/#primaryimage\"},\"thumbnailUrl\":\"https:\\\/\\\/toidupakk.ee\\\/wp-content\\\/uploads\\\/2022\\\/09\\\/Kulmkuivatatud-mustikakropsud-1.png\",\"datePublished\":\"2022-09-12T13:28:15+00:00\",\"dateModified\":\"2026-04-21T09:01:27+00:00\",\"description\":\"\u0160altyje d\u017eiovinti m\u0117lyni\u0173 tra\u0161ku\u010diai \u2013 sveika alternatyva \u012fprastiems tra\u0161ku\u010diams, pagaminta i\u0161 100 % m\u0117lyni\u0173 ir be prid\u0117tinio cukraus.\",\"breadcrumb\":{\"@id\":\"https:\\\/\\\/toidupakk.ee\\\/lt\\\/toode\\\/saltyje-dziovinti-melyniu-traskuciai\\\/#breadcrumb\"},\"inLanguage\":\"lt-LT\",\"potentialAction\":[{\"@type\":\"ReadAction\",\"target\":[\"https:\\\/\\\/toidupakk.ee\\\/lt\\\/toode\\\/saltyje-dziovinti-melyniu-traskuciai\\\/\"]}]},{\"@type\":\"ImageObject\",\"inLanguage\":\"lt-LT\",\"@id\":\"https:\\\/\\\/toidupakk.ee\\\/lt\\\/toode\\\/saltyje-dziovinti-melyniu-traskuciai\\\/#primaryimage\",\"url\":\"https:\\\/\\\/toidupakk.ee\\\/wp-content\\\/uploads\\\/2022\\\/09\\\/Kulmkuivatatud-mustikakropsud-1.png\",\"contentUrl\":\"https:\\\/\\\/toidupakk.ee\\\/wp-content\\\/uploads\\\/2022\\\/09\\\/Kulmkuivatatud-mustikakropsud-1.png\",\"width\":800,\"height\":800,\"caption\":\"mustikakr\u00f5psud\"},{\"@type\":\"BreadcrumbList\",\"@id\":\"https:\\\/\\\/toidupakk.ee\\\/lt\\\/toode\\\/saltyje-dziovinti-melyniu-traskuciai\\\/#breadcrumb\",\"itemListElement\":[{\"@type\":\"ListItem\",\"position\":1,\"name\":\"Avaleht\",\"item\":\"https:\\\/\\\/toidupakk.ee\\\/lt\\\/\"},{\"@type\":\"ListItem\",\"position\":2,\"name\":\"El. parduotuv\u0117\",\"item\":\"https:\\\/\\\/toidupakk.ee\\\/lt\\\/el-parduotuve\\\/\"},{\"@type\":\"ListItem\",\"position\":3,\"name\":\"\u0160altyje d\u017eiovinti m\u0117lyni\u0173 tra\u0161ku\u010diai\"}]},{\"@type\":\"WebSite\",\"@id\":\"https:\\\/\\\/toidupakk.ee\\\/lt\\\/#website\",\"url\":\"https:\\\/\\\/toidupakk.ee\\\/lt\\\/\",\"name\":\"Toidupakk.ee - Tactical Foodpack toidupakid\",\"description\":\"Tactical Foodpack k\u00fclmkuivatatud toidupakid ja matkaeined\",\"publisher\":{\"@id\":\"https:\\\/\\\/toidupakk.ee\\\/lt\\\/#organization\"},\"potentialAction\":[{\"@type\":\"SearchAction\",\"target\":{\"@type\":\"EntryPoint\",\"urlTemplate\":\"https:\\\/\\\/toidupakk.ee\\\/lt\\\/?s={search_term_string}\"},\"query-input\":{\"@type\":\"PropertyValueSpecification\",\"valueRequired\":true,\"valueName\":\"search_term_string\"}}],\"inLanguage\":\"lt-LT\"},{\"@type\":\"Organization\",\"@id\":\"https:\\\/\\\/toidupakk.ee\\\/lt\\\/#organization\",\"name\":\"Tactical Foodpack matkaeined\",\"url\":\"https:\\\/\\\/toidupakk.ee\\\/lt\\\/\",\"logo\":{\"@type\":\"ImageObject\",\"inLanguage\":\"lt-LT\",\"@id\":\"https:\\\/\\\/toidupakk.ee\\\/lt\\\/#\\\/schema\\\/logo\\\/image\\\/\",\"url\":\"https:\\\/\\\/toidupakk.ee\\\/wp-content\\\/uploads\\\/2022\\\/01\\\/Toidupakk-matkapood-logo-transparent.png\",\"contentUrl\":\"https:\\\/\\\/toidupakk.ee\\\/wp-content\\\/uploads\\\/2022\\\/01\\\/Toidupakk-matkapood-logo-transparent.png\",\"width\":500,\"height\":500,\"caption\":\"Tactical Foodpack matkaeined\"},\"image\":{\"@id\":\"https:\\\/\\\/toidupakk.ee\\\/lt\\\/#\\\/schema\\\/logo\\\/image\\\/\"},\"sameAs\":[\"https:\\\/\\\/www.facebook.com\\\/Toidupakk\",\"https:\\\/\\\/www.instagram.com\\\/toidupakk\\\/\"]}]}<\/script>\n<!-- \/ Yoast SEO plugin. -->","yoast_head_json":{"title":"\u0160altyje d\u017eiovinti m\u0117lyni\u0173 tra\u0161ku\u010diai","description":"\u0160altyje d\u017eiovinti m\u0117lyni\u0173 tra\u0161ku\u010diai \u2013 sveika alternatyva \u012fprastiems tra\u0161ku\u010diams, pagaminta i\u0161 100 % m\u0117lyni\u0173 ir be prid\u0117tinio cukraus.","robots":{"index":"index","follow":"follow","max-snippet":"max-snippet:-1","max-image-preview":"max-image-preview:large","max-video-preview":"max-video-preview:-1"},"canonical":"https:\/\/toidupakk.ee\/lt\/toode\/saltyje-dziovinti-melyniu-traskuciai\/","og_locale":"lt_LT","og_type":"article","og_title":"\u0160altyje d\u017eiovinti m\u0117lyni\u0173 tra\u0161ku\u010diai","og_description":"\u0160altyje d\u017eiovinti m\u0117lyni\u0173 tra\u0161ku\u010diai \u2013 sveika alternatyva \u012fprastiems tra\u0161ku\u010diams, pagaminta i\u0161 100 % m\u0117lyni\u0173 ir be prid\u0117tinio cukraus.","og_url":"https:\/\/toidupakk.ee\/lt\/toode\/saltyje-dziovinti-melyniu-traskuciai\/","og_site_name":"Toidupakk.ee - Tactical Foodpack toidupakid","article_publisher":"https:\/\/www.facebook.com\/Toidupakk","article_modified_time":"2026-04-21T09:01:27+00:00","og_image":[{"width":800,"height":800,"url":"https:\/\/toidupakk.ee\/wp-content\/uploads\/2022\/09\/Kulmkuivatatud-mustikakropsud-1.png","type":"image\/png"}],"twitter_card":"summary_large_image","twitter_misc":{"Est. reading time":"1 minut\u0117"},"schema":{"@context":"https:\/\/schema.org","@graph":[{"@type":"WebPage","@id":"https:\/\/toidupakk.ee\/lt\/toode\/saltyje-dziovinti-melyniu-traskuciai\/","url":"https:\/\/toidupakk.ee\/lt\/toode\/saltyje-dziovinti-melyniu-traskuciai\/","name":"\u0160altyje d\u017eiovinti m\u0117lyni\u0173 tra\u0161ku\u010diai","isPartOf":{"@id":"https:\/\/toidupakk.ee\/lt\/#website"},"primaryImageOfPage":{"@id":"https:\/\/toidupakk.ee\/lt\/toode\/saltyje-dziovinti-melyniu-traskuciai\/#primaryimage"},"image":{"@id":"https:\/\/toidupakk.ee\/lt\/toode\/saltyje-dziovinti-melyniu-traskuciai\/#primaryimage"},"thumbnailUrl":"https:\/\/toidupakk.ee\/wp-content\/uploads\/2022\/09\/Kulmkuivatatud-mustikakropsud-1.png","datePublished":"2022-09-12T13:28:15+00:00","dateModified":"2026-04-21T09:01:27+00:00","description":"\u0160altyje d\u017eiovinti m\u0117lyni\u0173 tra\u0161ku\u010diai \u2013 sveika alternatyva \u012fprastiems tra\u0161ku\u010diams, pagaminta i\u0161 100 % m\u0117lyni\u0173 ir be prid\u0117tinio cukraus.","breadcrumb":{"@id":"https:\/\/toidupakk.ee\/lt\/toode\/saltyje-dziovinti-melyniu-traskuciai\/#breadcrumb"},"inLanguage":"lt-LT","potentialAction":[{"@type":"ReadAction","target":["https:\/\/toidupakk.ee\/lt\/toode\/saltyje-dziovinti-melyniu-traskuciai\/"]}]},{"@type":"ImageObject","inLanguage":"lt-LT","@id":"https:\/\/toidupakk.ee\/lt\/toode\/saltyje-dziovinti-melyniu-traskuciai\/#primaryimage","url":"https:\/\/toidupakk.ee\/wp-content\/uploads\/2022\/09\/Kulmkuivatatud-mustikakropsud-1.png","contentUrl":"https:\/\/toidupakk.ee\/wp-content\/uploads\/2022\/09\/Kulmkuivatatud-mustikakropsud-1.png","width":800,"height":800,"caption":"mustikakr\u00f5psud"},{"@type":"BreadcrumbList","@id":"https:\/\/toidupakk.ee\/lt\/toode\/saltyje-dziovinti-melyniu-traskuciai\/#breadcrumb","itemListElement":[{"@type":"ListItem","position":1,"name":"Avaleht","item":"https:\/\/toidupakk.ee\/lt\/"},{"@type":"ListItem","position":2,"name":"El. parduotuv\u0117","item":"https:\/\/toidupakk.ee\/lt\/el-parduotuve\/"},{"@type":"ListItem","position":3,"name":"\u0160altyje d\u017eiovinti m\u0117lyni\u0173 tra\u0161ku\u010diai"}]},{"@type":"WebSite","@id":"https:\/\/toidupakk.ee\/lt\/#website","url":"https:\/\/toidupakk.ee\/lt\/","name":"Toidupakk.ee - Tactical Foodpack toidupakid","description":"Tactical Foodpack k\u00fclmkuivatatud toidupakid ja matkaeined","publisher":{"@id":"https:\/\/toidupakk.ee\/lt\/#organization"},"potentialAction":[{"@type":"SearchAction","target":{"@type":"EntryPoint","urlTemplate":"https:\/\/toidupakk.ee\/lt\/?s={search_term_string}"},"query-input":{"@type":"PropertyValueSpecification","valueRequired":true,"valueName":"search_term_string"}}],"inLanguage":"lt-LT"},{"@type":"Organization","@id":"https:\/\/toidupakk.ee\/lt\/#organization","name":"Tactical Foodpack matkaeined","url":"https:\/\/toidupakk.ee\/lt\/","logo":{"@type":"ImageObject","inLanguage":"lt-LT","@id":"https:\/\/toidupakk.ee\/lt\/#\/schema\/logo\/image\/","url":"https:\/\/toidupakk.ee\/wp-content\/uploads\/2022\/01\/Toidupakk-matkapood-logo-transparent.png","contentUrl":"https:\/\/toidupakk.ee\/wp-content\/uploads\/2022\/01\/Toidupakk-matkapood-logo-transparent.png","width":500,"height":500,"caption":"Tactical Foodpack matkaeined"},"image":{"@id":"https:\/\/toidupakk.ee\/lt\/#\/schema\/logo\/image\/"},"sameAs":["https:\/\/www.facebook.com\/Toidupakk","https:\/\/www.instagram.com\/toidupakk\/"]}]}},"jetpack_sharing_enabled":true,"_links":{"self":[{"href":"https:\/\/toidupakk.ee\/lt\/wp-json\/wp\/v2\/product\/47620","targetHints":{"allow":["GET"]}}],"collection":[{"href":"https:\/\/toidupakk.ee\/lt\/wp-json\/wp\/v2\/product"}],"about":[{"href":"https:\/\/toidupakk.ee\/lt\/wp-json\/wp\/v2\/types\/product"}],"replies":[{"embeddable":true,"href":"https:\/\/toidupakk.ee\/lt\/wp-json\/wp\/v2\/comments?post=47620"}],"wp:featuredmedia":[{"embeddable":true,"href":"https:\/\/toidupakk.ee\/lt\/wp-json\/wp\/v2\/media\/32742"}],"wp:attachment":[{"href":"https:\/\/toidupakk.ee\/lt\/wp-json\/wp\/v2\/media?parent=47620"}],"wp:term":[{"taxonomy":"product_brand","embeddable":true,"href":"https:\/\/toidupakk.ee\/lt\/wp-json\/wp\/v2\/product_brand?post=47620"},{"taxonomy":"product_cat","embeddable":true,"href":"https:\/\/toidupakk.ee\/lt\/wp-json\/wp\/v2\/product_cat?post=47620"},{"taxonomy":"product_tag","embeddable":true,"href":"https:\/\/toidupakk.ee\/lt\/wp-json\/wp\/v2\/product_tag?post=47620"}],"curies":[{"name":"wp","href":"https:\/\/api.w.org\/{rel}","templated":true}]}}