{"id":47619,"date":"2022-07-25T17:10:53","date_gmt":"2022-07-25T14:10:53","guid":{"rendered":"https:\/\/toidupakk.ee\/toode\/nerudijancio-plieno-turistinis-puodelis-300-ml\/"},"modified":"2026-04-21T12:00:11","modified_gmt":"2026-04-21T09:00:11","slug":"nerudijancio-plieno-turistinis-puodelis-300-ml","status":"publish","type":"product","link":"https:\/\/toidupakk.ee\/lt\/toode\/nerudijancio-plieno-turistinis-puodelis-300-ml\/","title":{"rendered":"Ner\u016bdijan\u010dio plieno turistinis puodelis, 300 ml"},"content":{"rendered":"<h1>Turistinis puodelis kelionei<\/h1>\n<p>Itin prakti\u0161kas \u201eMil-Tec\u201c ner\u016bdijan\u010dio plieno turistinis puodelis yra idealus palydovas \u017eygiuose, piknikuose ir virtuv\u0117s spintel\u0117je. J\u012f patogu naudoti ir galima lengvai pritvirtinti prie kuprin\u0117s. <\/p>\n<p>Ner\u016bdijan\u010dio plieno puodelis puikiai tinka naudoti lauko s\u0105lygomis, nes pasitelkus \u0161iek tiek improvizacijos jis gali atlikti kelias funkcijas \u2013 tai gali b\u016bti puodelis (akivaizdu), bet taip pat ir samtis vandeniui semti, duben\u0117lis sriubai ar dribsniams ir t. t. Tikrai sugalvosi de\u0161imtis \u0161io paprastos i\u0161vaizdos, bet itin naudingo ner\u016bdijan\u010dio plieno puodelio panaudojimo b\u016bd\u0173, net iki mentel\u0117s pakaitalo. Be to, jis atrodo itin stilingai!  <\/p>\n<h1><img fetchpriority=\"high\" decoding=\"async\" class=\"alignright wp-image-2836 size-thumbnail\" src=\"https:\/\/toidupakk.ee\/wp-content\/uploads\/2022\/07\/Matkakruus-3-500x500.png\" alt=\"Mil-Tec turistinis puodelis\" width=\"500\" height=\"500\" srcset=\"https:\/\/toidupakk.ee\/wp-content\/uploads\/2022\/07\/Matkakruus-3-500x500.png 500w, https:\/\/toidupakk.ee\/wp-content\/uploads\/2022\/07\/Matkakruus-3-400x400.png 400w, https:\/\/toidupakk.ee\/wp-content\/uploads\/2022\/07\/Matkakruus-3-100x100.png 100w, https:\/\/toidupakk.ee\/wp-content\/uploads\/2022\/07\/Matkakruus-3-800x800.png 800w, https:\/\/toidupakk.ee\/wp-content\/uploads\/2022\/07\/Matkakruus-3-300x300.png 300w, https:\/\/toidupakk.ee\/wp-content\/uploads\/2022\/07\/Matkakruus-3-1024x1024.png 1024w, https:\/\/toidupakk.ee\/wp-content\/uploads\/2022\/07\/Matkakruus-3-768x768.png 768w, https:\/\/toidupakk.ee\/wp-content\/uploads\/2022\/07\/Matkakruus-3.png 1080w\" sizes=\"(max-width: 500px) 100vw, 500px\" \/><\/h1>\n<h2>Patvarumas<\/h2>\n<p>Turistini\u0173 puodeli\u0173 ir stiklini\u0173 b\u016bna \u012fvairi\u0173, ta\u010diau svarbiausia yra b\u016btent \u017eygio \u012frangos patvarumas. Tad \u0161is netik\u0117tai lengvas ner\u016bdijan\u010dio plieno turistinis puodelis yra kartu ir funkcionalus, ir patvarus. <\/p>\n<p>&nbsp;<\/p>\n<h3>Valymas<\/h3>\n<p>\u010cia nereikia joki\u0173 dideli\u0173 moksl\u0173. Senoji tiesa yra ta, kad prie\u0161 pirm\u0105j\u012f naudojim\u0105 kiekvien\u0105 ind\u0105 reikia i\u0161plauti. Tikriausiai tai darysi nam\u0173 s\u0105lygomis, tad gali naudoti m\u0117gstam\u0105 ind\u0173 plovikl\u012f arba tiesiog \u012fd\u0117ti j\u012f \u012f indaplov\u0119. B\u016bdamas \u017eygyje, tiesiog praskalauk puodel\u012f kokiame nors vandens telkinyje arba u\u017epilk vandens i\u0161 gertuv\u0117s. Jei reikia, pakanka tiesiog nu\u0161luostyti servet\u0117le ar rank\u0161luos\u010diu.    <\/p>\n<p>&nbsp;<\/p>\n<h3>K\u0105 gerti i\u0161 turistinio puodelio?<\/h3>\n<p>Pirmoji rekomendacija \u017eygiui, \u017einoma, yra vanduo, bet i\u0161 tikr\u0173j\u0173 atsakymas \u2013 bet k\u0105! Kadangi \u201eToidupakk\u201c n\u0117ra vien tik \u017eygio reikmen\u0173 ar \u017eygio maisto parduotuv\u0117, g\u0117rim\u0173 pasirinkimas taip pat yra. Kod\u0117l gi nepasim\u0117gavus sveikais \u201eTactical Foodpack\u201c <a href=\"https:\/\/toidupakk.ee\/tactical-foodpack\/marjasmuuti-core-shake-berry-blast\/\">uog\u0173,<\/a> <a href=\"https:\/\/toidupakk.ee\/tactical-foodpack\/banaani-smuuti-tropical-mix\/\">banan\u0173<\/a> ir <a href=\"https:\/\/toidupakk.ee\/tactical-foodpack\/roheline-smuuti-core-shake-fresh-green\/\">\u017ealiaisiais<\/a> kokteiliais i\u0161 \u0161io puikaus \u201eMil-Tec\u201c turistinio puodelio?! O jei kalb\u0117tume apie maist\u0105, nors \u017eygio maistas jau yra pakuot\u0117se, i\u0161 kuri\u0173 galima valgyti i\u0161kart, \u012f puodel\u012f galima \u012fsid\u0117ti ir ma\u017eesnes porcijas. Pakuot\u0117s yra lengvai pakartotinai u\u017edaromos. I\u0161 puodelio ma\u017eesn\u0117mis porcijomis taip pat galima valgyti <a href=\"\/?product_cat=hommikusook#section-3-79\">ko\u0161\u0119, dribsnius<\/a> ir <a href=\"\/?product_cat=supp#section-3-79\">sriub\u0105<\/a>. Tiesiog u\u017epilk kar\u0161tu vandeniu ir skani, vidutinio dyd\u017eio porcija jau paruo\u0161ta. Galima rinktis tiek <a href=\"https:\/\/toidupakk.ee\/lt\/el-parduotuve\/\">Tactical Foodpack<\/a>, tiek <a href=\"https:\/\/toidupakk.ee\/lt\/tootekategooria\/meki-maistas-zygiams\/\">Meki<\/a> \u0161altyje d\u017eiovint\u0105 \u017eygio maist\u0105 kiekvienam valgymui.       <\/p>\n<p>Kad valgyti b\u016bt\u0173 patogiau, b\u016btinai pasiimk ir daugiafunkc\u012f <a href=\"https:\/\/toidupakk.ee\/tactical-foodpack\/matkalusikas-wildo-spork-3in1\/\">\u0161auk\u0161t\u0105-\u0161akut\u0119<\/a>, o \u0161variam vandeniui u\u017etikrinti, jei planuoji gerti i\u0161 \u0161altinio, \u2013 <a href=\"https:\/\/toidupakk.ee\/tactical-foodpack\/veepuhastustabletid-katadyn-micropur-forte\/\">vandens valymo tabletes<\/a>!<\/p>\n<p>&nbsp;<\/p>\n<p>&nbsp;<\/p>\n<p>&nbsp;<\/p>\n<p>Daugiau \u017eygio preki\u0173 rasi <a href=\"https:\/\/toidupakk.ee\/lt\/tootekategooria\/zygio-iranga\/#section-3-79\">\u010cIA<\/a><\/p>\n<p>Vis\u0105 \u017eygio maist\u0105 per\u017ei\u016br\u0117k <a href=\"https:\/\/toidupakk.ee\/lt\/el-parduotuve\/\">\u010cIA<\/a><\/p>\n<p>Kaip paruo\u0161ti maist\u0105, \u017ei\u016br\u0117k <a href=\"https:\/\/toidupakk.ee\/kuidas-kasutada\/\">\u010cIA<\/a><\/p>\n<p>Pasisemk \u012fkv\u0117pimo kitiems nuotykiams Toidupakk <a href=\"https:\/\/www.instagram.com\/toidupakk\/\">Instagram<\/a> ir <a href=\"https:\/\/www.facebook.com\/Toidupakk\/\">Facebook<\/a> paskyrose.<\/p>\n","protected":false},"excerpt":{"rendered":"<ul>\n<li>Lengvas, bet patvarus ner\u016bdijan\u010dio plieno turistinis puodelis<\/li>\n<li>Nepakei\u010diamas pagalbininkas gaminant maist\u0105 lauko s\u0105lygomis<\/li>\n<li>Naudok maistui ruo\u0161ti, kaip valgymo ind\u0105, vandeniui virinti arba tiesiog kaip puodel\u012f arbatai ar kavai.<\/li>\n<li>Talpa: 300 ml<\/li>\n<li>Auk\u0161tis: 8,5 cm<\/li>\n<li>Skersmuo: 9 cm<\/li>\n<li>Med\u017eiaga: ner\u016bdijantis plienas<\/li>\n<\/ul>\n<p>\u2705 Turime sand\u0117lyje, greitas pristatymas per 1\u20133 darbo dienas<\/p>\n","protected":false},"featured_media":2837,"comment_status":"open","ping_status":"closed","template":"","meta":{"_acf_changed":false},"product_brand":[],"product_cat":[193,196,210,197,203,189,190],"product_tag":[],"class_list":{"0":"post-47619","1":"product","2":"type-product","3":"status-publish","4":"has-post-thumbnail","6":"product_cat-karine-ekipuote","7":"product_cat-maisto-gaminimas","8":"product_cat-mil-tec","9":"product_cat-stalo-irankiai","10":"product_cat-termosai-ir-gertuves","11":"product_cat-zygio-iranga","12":"product_cat-zygio-prekes","14":"first","15":"instock","16":"taxable","17":"shipping-taxable","18":"purchasable","19":"product-type-simple"},"bundled_by":[],"bundle_stock_status":"instock","bundle_stock_quantity":4,"bundle_virtual":false,"bundle_layout":"","bundle_add_to_cart_form_location":"","bundle_editable_in_cart":false,"bundle_sold_individually_context":"","bundle_item_grouping":"","bundle_min_size":"","bundle_max_size":"","bundle_price":[],"bundled_items":[],"bundle_sell_ids":[],"acf":[],"yoast_head":"<!-- This site is optimized with the Yoast SEO plugin v27.3 - https:\/\/yoast.com\/product\/yoast-seo-wordpress\/ -->\n<title>Ner\u016bdijan\u010dio plieno turistinis puodelis, 300 ml<\/title>\n<meta name=\"description\" content=\"Ner\u016bdijan\u010dio plieno MIL-TEC\u00ae turistinis puodelis leid\u017eia m\u0117gautis m\u0117gstamais kar\u0161tais ar \u0161altais g\u0117rimais gryname ore nebijant, kad jis sudu\u0161. Lengvas ir patogus ne\u0161iotis.\" \/>\n<meta name=\"robots\" content=\"index, follow, max-snippet:-1, max-image-preview:large, max-video-preview:-1\" \/>\n<link rel=\"canonical\" href=\"https:\/\/toidupakk.ee\/lt\/toode\/nerudijancio-plieno-turistinis-puodelis-300-ml\/\" \/>\n<meta property=\"og:locale\" content=\"lt_LT\" \/>\n<meta property=\"og:type\" content=\"article\" \/>\n<meta property=\"og:title\" content=\"Ner\u016bdijan\u010dio plieno turistinis puodelis, 300 ml\" \/>\n<meta property=\"og:description\" content=\"Ner\u016bdijan\u010dio plieno MIL-TEC\u00ae turistinis puodelis leid\u017eia m\u0117gautis m\u0117gstamais kar\u0161tais ar \u0161altais g\u0117rimais gryname ore nebijant, kad jis sudu\u0161. Lengvas ir patogus ne\u0161iotis.\" \/>\n<meta property=\"og:url\" content=\"https:\/\/toidupakk.ee\/lt\/toode\/nerudijancio-plieno-turistinis-puodelis-300-ml\/\" \/>\n<meta property=\"og:site_name\" content=\"Toidupakk.ee - Tactical Foodpack toidupakid\" \/>\n<meta property=\"article:publisher\" content=\"https:\/\/www.facebook.com\/Toidupakk\" \/>\n<meta property=\"article:modified_time\" content=\"2026-04-21T09:00:11+00:00\" \/>\n<meta property=\"og:image\" content=\"https:\/\/toidupakk.ee\/wp-content\/uploads\/2022\/07\/Matkakruus-4.png\" \/>\n\t<meta property=\"og:image:width\" content=\"1080\" \/>\n\t<meta property=\"og:image:height\" content=\"1080\" \/>\n\t<meta property=\"og:image:type\" content=\"image\/png\" \/>\n<meta name=\"twitter:card\" content=\"summary_large_image\" \/>\n<meta name=\"twitter:label1\" content=\"Est. reading time\" \/>\n\t<meta name=\"twitter:data1\" content=\"2 minut\u0117s\" \/>\n<script type=\"application\/ld+json\" class=\"yoast-schema-graph\">{\"@context\":\"https:\\\/\\\/schema.org\",\"@graph\":[{\"@type\":\"WebPage\",\"@id\":\"https:\\\/\\\/toidupakk.ee\\\/lt\\\/toode\\\/nerudijancio-plieno-turistinis-puodelis-300-ml\\\/\",\"url\":\"https:\\\/\\\/toidupakk.ee\\\/lt\\\/toode\\\/nerudijancio-plieno-turistinis-puodelis-300-ml\\\/\",\"name\":\"Ner\u016bdijan\u010dio plieno turistinis puodelis, 300 ml\",\"isPartOf\":{\"@id\":\"https:\\\/\\\/toidupakk.ee\\\/lt\\\/#website\"},\"primaryImageOfPage\":{\"@id\":\"https:\\\/\\\/toidupakk.ee\\\/lt\\\/toode\\\/nerudijancio-plieno-turistinis-puodelis-300-ml\\\/#primaryimage\"},\"image\":{\"@id\":\"https:\\\/\\\/toidupakk.ee\\\/lt\\\/toode\\\/nerudijancio-plieno-turistinis-puodelis-300-ml\\\/#primaryimage\"},\"thumbnailUrl\":\"https:\\\/\\\/toidupakk.ee\\\/wp-content\\\/uploads\\\/2022\\\/07\\\/Matkakruus-4.png\",\"datePublished\":\"2022-07-25T14:10:53+00:00\",\"dateModified\":\"2026-04-21T09:00:11+00:00\",\"description\":\"Ner\u016bdijan\u010dio plieno MIL-TEC\u00ae turistinis puodelis leid\u017eia m\u0117gautis m\u0117gstamais kar\u0161tais ar \u0161altais g\u0117rimais gryname ore nebijant, kad jis sudu\u0161. Lengvas ir patogus ne\u0161iotis.\",\"breadcrumb\":{\"@id\":\"https:\\\/\\\/toidupakk.ee\\\/lt\\\/toode\\\/nerudijancio-plieno-turistinis-puodelis-300-ml\\\/#breadcrumb\"},\"inLanguage\":\"lt-LT\",\"potentialAction\":[{\"@type\":\"ReadAction\",\"target\":[\"https:\\\/\\\/toidupakk.ee\\\/lt\\\/toode\\\/nerudijancio-plieno-turistinis-puodelis-300-ml\\\/\"]}]},{\"@type\":\"ImageObject\",\"inLanguage\":\"lt-LT\",\"@id\":\"https:\\\/\\\/toidupakk.ee\\\/lt\\\/toode\\\/nerudijancio-plieno-turistinis-puodelis-300-ml\\\/#primaryimage\",\"url\":\"https:\\\/\\\/toidupakk.ee\\\/wp-content\\\/uploads\\\/2022\\\/07\\\/Matkakruus-4.png\",\"contentUrl\":\"https:\\\/\\\/toidupakk.ee\\\/wp-content\\\/uploads\\\/2022\\\/07\\\/Matkakruus-4.png\",\"width\":1080,\"height\":1080,\"caption\":\"Matkakruus tootepilt\"},{\"@type\":\"BreadcrumbList\",\"@id\":\"https:\\\/\\\/toidupakk.ee\\\/lt\\\/toode\\\/nerudijancio-plieno-turistinis-puodelis-300-ml\\\/#breadcrumb\",\"itemListElement\":[{\"@type\":\"ListItem\",\"position\":1,\"name\":\"Avaleht\",\"item\":\"https:\\\/\\\/toidupakk.ee\\\/lt\\\/\"},{\"@type\":\"ListItem\",\"position\":2,\"name\":\"El. parduotuv\u0117\",\"item\":\"https:\\\/\\\/toidupakk.ee\\\/lt\\\/el-parduotuve\\\/\"},{\"@type\":\"ListItem\",\"position\":3,\"name\":\"Ner\u016bdijan\u010dio plieno turistinis puodelis, 300 ml\"}]},{\"@type\":\"WebSite\",\"@id\":\"https:\\\/\\\/toidupakk.ee\\\/lt\\\/#website\",\"url\":\"https:\\\/\\\/toidupakk.ee\\\/lt\\\/\",\"name\":\"Toidupakk.ee - Tactical Foodpack toidupakid\",\"description\":\"Tactical Foodpack k\u00fclmkuivatatud toidupakid ja matkaeined\",\"publisher\":{\"@id\":\"https:\\\/\\\/toidupakk.ee\\\/lt\\\/#organization\"},\"potentialAction\":[{\"@type\":\"SearchAction\",\"target\":{\"@type\":\"EntryPoint\",\"urlTemplate\":\"https:\\\/\\\/toidupakk.ee\\\/lt\\\/?s={search_term_string}\"},\"query-input\":{\"@type\":\"PropertyValueSpecification\",\"valueRequired\":true,\"valueName\":\"search_term_string\"}}],\"inLanguage\":\"lt-LT\"},{\"@type\":\"Organization\",\"@id\":\"https:\\\/\\\/toidupakk.ee\\\/lt\\\/#organization\",\"name\":\"Tactical Foodpack matkaeined\",\"url\":\"https:\\\/\\\/toidupakk.ee\\\/lt\\\/\",\"logo\":{\"@type\":\"ImageObject\",\"inLanguage\":\"lt-LT\",\"@id\":\"https:\\\/\\\/toidupakk.ee\\\/lt\\\/#\\\/schema\\\/logo\\\/image\\\/\",\"url\":\"https:\\\/\\\/toidupakk.ee\\\/wp-content\\\/uploads\\\/2022\\\/01\\\/Toidupakk-matkapood-logo-transparent.png\",\"contentUrl\":\"https:\\\/\\\/toidupakk.ee\\\/wp-content\\\/uploads\\\/2022\\\/01\\\/Toidupakk-matkapood-logo-transparent.png\",\"width\":500,\"height\":500,\"caption\":\"Tactical Foodpack matkaeined\"},\"image\":{\"@id\":\"https:\\\/\\\/toidupakk.ee\\\/lt\\\/#\\\/schema\\\/logo\\\/image\\\/\"},\"sameAs\":[\"https:\\\/\\\/www.facebook.com\\\/Toidupakk\",\"https:\\\/\\\/www.instagram.com\\\/toidupakk\\\/\"]}]}<\/script>\n<!-- \/ Yoast SEO plugin. -->","yoast_head_json":{"title":"Ner\u016bdijan\u010dio plieno turistinis puodelis, 300 ml","description":"Ner\u016bdijan\u010dio plieno MIL-TEC\u00ae turistinis puodelis leid\u017eia m\u0117gautis m\u0117gstamais kar\u0161tais ar \u0161altais g\u0117rimais gryname ore nebijant, kad jis sudu\u0161. Lengvas ir patogus ne\u0161iotis.","robots":{"index":"index","follow":"follow","max-snippet":"max-snippet:-1","max-image-preview":"max-image-preview:large","max-video-preview":"max-video-preview:-1"},"canonical":"https:\/\/toidupakk.ee\/lt\/toode\/nerudijancio-plieno-turistinis-puodelis-300-ml\/","og_locale":"lt_LT","og_type":"article","og_title":"Ner\u016bdijan\u010dio plieno turistinis puodelis, 300 ml","og_description":"Ner\u016bdijan\u010dio plieno MIL-TEC\u00ae turistinis puodelis leid\u017eia m\u0117gautis m\u0117gstamais kar\u0161tais ar \u0161altais g\u0117rimais gryname ore nebijant, kad jis sudu\u0161. Lengvas ir patogus ne\u0161iotis.","og_url":"https:\/\/toidupakk.ee\/lt\/toode\/nerudijancio-plieno-turistinis-puodelis-300-ml\/","og_site_name":"Toidupakk.ee - Tactical Foodpack toidupakid","article_publisher":"https:\/\/www.facebook.com\/Toidupakk","article_modified_time":"2026-04-21T09:00:11+00:00","og_image":[{"width":1080,"height":1080,"url":"https:\/\/toidupakk.ee\/wp-content\/uploads\/2022\/07\/Matkakruus-4.png","type":"image\/png"}],"twitter_card":"summary_large_image","twitter_misc":{"Est. reading time":"2 minut\u0117s"},"schema":{"@context":"https:\/\/schema.org","@graph":[{"@type":"WebPage","@id":"https:\/\/toidupakk.ee\/lt\/toode\/nerudijancio-plieno-turistinis-puodelis-300-ml\/","url":"https:\/\/toidupakk.ee\/lt\/toode\/nerudijancio-plieno-turistinis-puodelis-300-ml\/","name":"Ner\u016bdijan\u010dio plieno turistinis puodelis, 300 ml","isPartOf":{"@id":"https:\/\/toidupakk.ee\/lt\/#website"},"primaryImageOfPage":{"@id":"https:\/\/toidupakk.ee\/lt\/toode\/nerudijancio-plieno-turistinis-puodelis-300-ml\/#primaryimage"},"image":{"@id":"https:\/\/toidupakk.ee\/lt\/toode\/nerudijancio-plieno-turistinis-puodelis-300-ml\/#primaryimage"},"thumbnailUrl":"https:\/\/toidupakk.ee\/wp-content\/uploads\/2022\/07\/Matkakruus-4.png","datePublished":"2022-07-25T14:10:53+00:00","dateModified":"2026-04-21T09:00:11+00:00","description":"Ner\u016bdijan\u010dio plieno MIL-TEC\u00ae turistinis puodelis leid\u017eia m\u0117gautis m\u0117gstamais kar\u0161tais ar \u0161altais g\u0117rimais gryname ore nebijant, kad jis sudu\u0161. Lengvas ir patogus ne\u0161iotis.","breadcrumb":{"@id":"https:\/\/toidupakk.ee\/lt\/toode\/nerudijancio-plieno-turistinis-puodelis-300-ml\/#breadcrumb"},"inLanguage":"lt-LT","potentialAction":[{"@type":"ReadAction","target":["https:\/\/toidupakk.ee\/lt\/toode\/nerudijancio-plieno-turistinis-puodelis-300-ml\/"]}]},{"@type":"ImageObject","inLanguage":"lt-LT","@id":"https:\/\/toidupakk.ee\/lt\/toode\/nerudijancio-plieno-turistinis-puodelis-300-ml\/#primaryimage","url":"https:\/\/toidupakk.ee\/wp-content\/uploads\/2022\/07\/Matkakruus-4.png","contentUrl":"https:\/\/toidupakk.ee\/wp-content\/uploads\/2022\/07\/Matkakruus-4.png","width":1080,"height":1080,"caption":"Matkakruus tootepilt"},{"@type":"BreadcrumbList","@id":"https:\/\/toidupakk.ee\/lt\/toode\/nerudijancio-plieno-turistinis-puodelis-300-ml\/#breadcrumb","itemListElement":[{"@type":"ListItem","position":1,"name":"Avaleht","item":"https:\/\/toidupakk.ee\/lt\/"},{"@type":"ListItem","position":2,"name":"El. parduotuv\u0117","item":"https:\/\/toidupakk.ee\/lt\/el-parduotuve\/"},{"@type":"ListItem","position":3,"name":"Ner\u016bdijan\u010dio plieno turistinis puodelis, 300 ml"}]},{"@type":"WebSite","@id":"https:\/\/toidupakk.ee\/lt\/#website","url":"https:\/\/toidupakk.ee\/lt\/","name":"Toidupakk.ee - Tactical Foodpack toidupakid","description":"Tactical Foodpack k\u00fclmkuivatatud toidupakid ja matkaeined","publisher":{"@id":"https:\/\/toidupakk.ee\/lt\/#organization"},"potentialAction":[{"@type":"SearchAction","target":{"@type":"EntryPoint","urlTemplate":"https:\/\/toidupakk.ee\/lt\/?s={search_term_string}"},"query-input":{"@type":"PropertyValueSpecification","valueRequired":true,"valueName":"search_term_string"}}],"inLanguage":"lt-LT"},{"@type":"Organization","@id":"https:\/\/toidupakk.ee\/lt\/#organization","name":"Tactical Foodpack matkaeined","url":"https:\/\/toidupakk.ee\/lt\/","logo":{"@type":"ImageObject","inLanguage":"lt-LT","@id":"https:\/\/toidupakk.ee\/lt\/#\/schema\/logo\/image\/","url":"https:\/\/toidupakk.ee\/wp-content\/uploads\/2022\/01\/Toidupakk-matkapood-logo-transparent.png","contentUrl":"https:\/\/toidupakk.ee\/wp-content\/uploads\/2022\/01\/Toidupakk-matkapood-logo-transparent.png","width":500,"height":500,"caption":"Tactical Foodpack matkaeined"},"image":{"@id":"https:\/\/toidupakk.ee\/lt\/#\/schema\/logo\/image\/"},"sameAs":["https:\/\/www.facebook.com\/Toidupakk","https:\/\/www.instagram.com\/toidupakk\/"]}]}},"jetpack_sharing_enabled":true,"_links":{"self":[{"href":"https:\/\/toidupakk.ee\/lt\/wp-json\/wp\/v2\/product\/47619","targetHints":{"allow":["GET"]}}],"collection":[{"href":"https:\/\/toidupakk.ee\/lt\/wp-json\/wp\/v2\/product"}],"about":[{"href":"https:\/\/toidupakk.ee\/lt\/wp-json\/wp\/v2\/types\/product"}],"replies":[{"embeddable":true,"href":"https:\/\/toidupakk.ee\/lt\/wp-json\/wp\/v2\/comments?post=47619"}],"wp:featuredmedia":[{"embeddable":true,"href":"https:\/\/toidupakk.ee\/lt\/wp-json\/wp\/v2\/media\/2837"}],"wp:attachment":[{"href":"https:\/\/toidupakk.ee\/lt\/wp-json\/wp\/v2\/media?parent=47619"}],"wp:term":[{"taxonomy":"product_brand","embeddable":true,"href":"https:\/\/toidupakk.ee\/lt\/wp-json\/wp\/v2\/product_brand?post=47619"},{"taxonomy":"product_cat","embeddable":true,"href":"https:\/\/toidupakk.ee\/lt\/wp-json\/wp\/v2\/product_cat?post=47619"},{"taxonomy":"product_tag","embeddable":true,"href":"https:\/\/toidupakk.ee\/lt\/wp-json\/wp\/v2\/product_tag?post=47619"}],"curies":[{"name":"wp","href":"https:\/\/api.w.org\/{rel}","templated":true}]}}