{"id":47612,"date":"2022-08-22T14:15:47","date_gmt":"2022-08-22T11:15:47","guid":{"rendered":"https:\/\/toidupakk.ee\/toode\/turistinis-dusas-20-l\/"},"modified":"2026-04-04T01:00:53","modified_gmt":"2026-04-03T22:00:53","slug":"turistinis-dusas-20-l","status":"publish","type":"product","link":"https:\/\/toidupakk.ee\/lt\/toode\/turistinis-dusas-20-l\/","title":{"rendered":"Turistinis du\u0161as, 20 l"},"content":{"rendered":"<h1>Turistinis du\u0161as su \u0161iltu vandeniu<\/h1>\n<p>Kartais praustis lauke yra b\u016btinyb\u0117, o kartais \u2013 tiesiog malonumas. Turistinis du\u0161as \u2013 puikus b\u016bdas palaikyti \u0161var\u0105 stovyklaujant, \u017eygiuojant ar leid\u017eiant laik\u0105 papl\u016bdimyje. J\u012f labai lengva paruo\u0161ti ir galima naudoti \u012fvairiais b\u016bdais. Vieni naudoja du\u0161\u0105 po maudyni\u0173 j\u016broje ar up\u0117je, kiti \u2013 purvui nuplauti po darb\u0173 sode ar kit\u0173 \u016bkio darb\u0173. Taip pat patogu j\u012f laikyti prie lauko ar terasos dur\u0173 \u0161uns letenoms nuplauti \u2013 galimyb\u0117s neribotos.<br \/>\nGeriausia tai, kad \u0161iam du\u0161ui neb\u016btinas geriamas vanduo, tad \u0161var\u0173 vanden\u012f \u017eygyje gali sutaupyti g\u0117rimui ir maisto gaminimui. Papildomas lauko du\u0161o privalumas \u2013 prausdamasis gali m\u0117gautis saule.     <\/p>\n<p><img fetchpriority=\"high\" decoding=\"async\" class=\"alignnone size-medium wp-image-3011\" src=\"https:\/\/toidupakk.ee\/wp-content\/uploads\/2022\/07\/Matkaduss-kaasaskantav-6-300x300.jpg\" alt=\"Turistinis du\u0161as \u017eygiams\" width=\"300\" height=\"300\" srcset=\"https:\/\/toidupakk.ee\/wp-content\/uploads\/2022\/07\/Matkaduss-kaasaskantav-6-300x300.jpg 300w, https:\/\/toidupakk.ee\/wp-content\/uploads\/2022\/07\/Matkaduss-kaasaskantav-6-400x400.jpg 400w, https:\/\/toidupakk.ee\/wp-content\/uploads\/2022\/07\/Matkaduss-kaasaskantav-6-100x100.jpg 100w, https:\/\/toidupakk.ee\/wp-content\/uploads\/2022\/07\/Matkaduss-kaasaskantav-6-800x800.jpg 800w, https:\/\/toidupakk.ee\/wp-content\/uploads\/2022\/07\/Matkaduss-kaasaskantav-6-1024x1024.jpg 1024w, https:\/\/toidupakk.ee\/wp-content\/uploads\/2022\/07\/Matkaduss-kaasaskantav-6-500x500.jpg 500w, https:\/\/toidupakk.ee\/wp-content\/uploads\/2022\/07\/Matkaduss-kaasaskantav-6-768x768.jpg 768w, https:\/\/toidupakk.ee\/wp-content\/uploads\/2022\/07\/Matkaduss-kaasaskantav-6.jpg 1080w\" sizes=\"(max-width: 300px) 100vw, 300px\" \/><\/p>\n<h2>Saul\u0117je \u012fkaistantis turistinis du\u0161as<\/h2>\n<p>Turistinis du\u0161as idealiai tinka kelion\u0117ms, \u017eygiams ir ekspedicijoms. Naudotis juo itin paprasta \u2013 tiesiog pripildyk krep\u0161\u012f vandens, pakabink reikiamame auk\u0161tyje ir palik saul\u0117kaitoje \u2013 likus\u012f darb\u0105 u\u017e tave atliks gamta. Svarbu tai, kad kar\u0161to vandens nereik\u0117s ilgai laukti, nes juodos PVC sienel\u0117s puikiai pritraukia saul\u0117s spindulius ir pagreitina \u0161ildymo proces\u0105. Su 20 l vandens nusiprausti gali du asmenys i\u0161 eil\u0117s arba vienas asmuo du kartus. Patogumui ir funkcionalumui u\u017etikrinti du\u0161as turi \u010diaup\u0105, kuriuo reguliuojamas vandens kiekis ir srov\u0117s stiprumas, bei du\u0161o \u017earn\u0105 su antgaliu.<br \/>\nVisi lauko du\u0161o elementai pagaminti i\u0161 netoksi\u0161ko ir patvaraus polipropileno.    <\/p>\n<p><img decoding=\"async\" class=\"alignnone size-medium wp-image-3010\" src=\"https:\/\/toidupakk.ee\/wp-content\/uploads\/2022\/07\/Matkaduss-kaasaskantav-5-300x300.jpg\" alt=\"Turistinis du\u0161as \u017eygiams\" width=\"300\" height=\"300\" srcset=\"https:\/\/toidupakk.ee\/wp-content\/uploads\/2022\/07\/Matkaduss-kaasaskantav-5-300x300.jpg 300w, https:\/\/toidupakk.ee\/wp-content\/uploads\/2022\/07\/Matkaduss-kaasaskantav-5-400x400.jpg 400w, https:\/\/toidupakk.ee\/wp-content\/uploads\/2022\/07\/Matkaduss-kaasaskantav-5-100x100.jpg 100w, https:\/\/toidupakk.ee\/wp-content\/uploads\/2022\/07\/Matkaduss-kaasaskantav-5-800x800.jpg 800w, https:\/\/toidupakk.ee\/wp-content\/uploads\/2022\/07\/Matkaduss-kaasaskantav-5-1024x1024.jpg 1024w, https:\/\/toidupakk.ee\/wp-content\/uploads\/2022\/07\/Matkaduss-kaasaskantav-5-500x500.jpg 500w, https:\/\/toidupakk.ee\/wp-content\/uploads\/2022\/07\/Matkaduss-kaasaskantav-5-768x768.jpg 768w, https:\/\/toidupakk.ee\/wp-content\/uploads\/2022\/07\/Matkaduss-kaasaskantav-5.jpg 1080w\" sizes=\"(max-width: 300px) 100vw, 300px\" \/><\/p>\n<h3>Vandens du\u0161as ar sausas du\u0161as?<\/h3>\n<p>\u0160tai kur klausimas. \u201eToidupakk\u201c asortimente yra du variantai, pad\u0117siantys \u017eygyje jaustis \u0161variai ir gaiviai. Pirmasis, \u017einoma, yra \u0161is lauko du\u0161as, apie kur\u012f dabar skaitai. Jis suteikia nam\u0173 komfort\u0105 ir tekan\u010dio vandens malonum\u0105 gamtoje. Kita galimyb\u0117 \u2013 inovatyvus \u201eTactical Foodpack\u201c sprendimas <a href=\"https:\/\/toidupakk.ee\/lt\/toode\/lauko-dusas\/\">Outdoor Shower<\/a>. Tai novatori\u0161kas prausimosi b\u016bdas lauko s\u0105lygomis, idealiai tinkantis, kai neturi vandens. Jis draugi\u0161kas odai, neerzina ir yra be konservant\u0173. Sud\u0117tyje esantis pantenolis leid\u017eia j\u012f naudoti net pavir\u0161iniams \u012fbr\u0117\u017eimams ar \u017eaizdoms valyti.      <\/p>\n<p>Taigi, pasirinkimas priklauso nuo tavo poreiki\u0173, o geriausia \u2013 \u0161iuos produktus derinti ir ilgam \u017eygiui pasiimti abu.<\/p>\n<p>&nbsp;<\/p>\n<p>Daugiau \u017eygio preki\u0173 rasi <a href=\"https:\/\/toidupakk.ee\/lt\/tootekategooria\/zygio-iranga\/#section-3-79\">\u010cIA<\/a><\/p>\n<p>\u017dygio maist\u0105, kur\u012f verta pasiimti kartu, rasi <a href=\"https:\/\/toidupakk.ee\/lt\/el-parduotuve\/\">\u010cIA<\/a><\/p>\n<p>Pasisemk \u012fkv\u0117pimo kitiems nuotykiams Toidupakk <a href=\"https:\/\/www.instagram.com\/toidupakk\/\">Instagram<\/a> ir <a href=\"https:\/\/www.facebook.com\/Toidupakk\/\">Facebook<\/a> paskyrose.<\/p>\n","protected":false},"excerpt":{"rendered":"<p><strong>Nori jaustis \u0161variai ir gaiviai net kelias dienas trunkan\u010diame \u017eygyje? Turistinis du\u0161as leid\u017eia nusiprausti po \u0161iltu tekan\u010diu vandeniu \u2013 visai kaip namuose. <\/strong><\/p>\n<ul>\n<li>Kokybi\u0161ka ir ilgaam\u017e\u0117 med\u017eiaga: 100 % PVC<\/li>\n<li>\u010ciaupas ir \u017earna su antgaliu: 100 % polipropilenas<\/li>\n<li>Talpa: 20 l<\/li>\n<li>\u012ekaista saul\u0117je vidutini\u0161kai per 2 val.<\/li>\n<li>Rankena ir virv\u0117 pakabinimui<\/li>\n<li>Sulankstytas labai kompakti\u0161kas, u\u017eima ma\u017eai vietos<\/li>\n<li>Paprasta naudoti<\/li>\n<\/ul>\n<p>\u2705 Greitas pristatymas per 1\u20133 d. d.<br \/>\n\u2705 NEMOKAMAS gr\u0105\u017einimas ir keitimas<\/p>\n","protected":false},"featured_media":3006,"comment_status":"open","ping_status":"closed","template":"","meta":{"_acf_changed":false},"product_brand":[],"product_cat":[217,189,190],"product_tag":[],"class_list":{"0":"post-47612","1":"product","2":"type-product","3":"status-publish","4":"has-post-thumbnail","6":"product_cat-nakvyne-gamtoje","7":"product_cat-zygio-iranga","8":"product_cat-zygio-prekes","10":"first","11":"instock","12":"taxable","13":"shipping-taxable","14":"purchasable","15":"product-type-simple"},"bundled_by":[],"bundle_stock_status":"instock","bundle_stock_quantity":5,"bundle_virtual":false,"bundle_layout":"","bundle_add_to_cart_form_location":"","bundle_editable_in_cart":false,"bundle_sold_individually_context":"","bundle_item_grouping":"","bundle_min_size":"","bundle_max_size":"","bundle_price":[],"bundled_items":[],"bundle_sell_ids":[],"acf":[],"yoast_head":"<!-- This site is optimized with the Yoast SEO plugin v27.1.1 - https:\/\/yoast.com\/product\/yoast-seo-wordpress\/ -->\n<title>Turistinis du\u0161as, 20 l - Toidupakk.ee - Tactical Foodpack toidupakid<\/title>\n<meta name=\"description\" content=\"Turistinis du\u0161as \u2013 idealus sprendimas norint atsigaivinti po \u0161iltu tekan\u010diu vandeniu \u017eygio metu. \u0160is ne\u0161iojamas du\u0161as vanden\u012f pa\u0161ildo naudodamas saul\u0117s energij\u0105.\" \/>\n<meta name=\"robots\" content=\"index, follow, max-snippet:-1, max-image-preview:large, max-video-preview:-1\" \/>\n<link rel=\"canonical\" href=\"https:\/\/toidupakk.ee\/lt\/toode\/turistinis-dusas-20-l\/\" \/>\n<meta property=\"og:locale\" content=\"lt_LT\" \/>\n<meta property=\"og:type\" content=\"article\" \/>\n<meta property=\"og:title\" content=\"Turistinis du\u0161as, 20 l - Toidupakk.ee - Tactical Foodpack toidupakid\" \/>\n<meta property=\"og:description\" content=\"Turistinis du\u0161as \u2013 idealus sprendimas norint atsigaivinti po \u0161iltu tekan\u010diu vandeniu \u017eygio metu. \u0160is ne\u0161iojamas du\u0161as vanden\u012f pa\u0161ildo naudodamas saul\u0117s energij\u0105.\" \/>\n<meta property=\"og:url\" content=\"https:\/\/toidupakk.ee\/lt\/toode\/turistinis-dusas-20-l\/\" \/>\n<meta property=\"og:site_name\" content=\"Toidupakk.ee - Tactical Foodpack toidupakid\" \/>\n<meta property=\"article:publisher\" content=\"https:\/\/www.facebook.com\/Toidupakk\" \/>\n<meta property=\"article:modified_time\" content=\"2026-04-03T22:00:53+00:00\" \/>\n<meta property=\"og:image\" content=\"https:\/\/toidupakk.ee\/wp-content\/uploads\/2022\/07\/Matkaduss-kaasaskantav-1.png\" \/>\n\t<meta property=\"og:image:width\" content=\"1080\" \/>\n\t<meta property=\"og:image:height\" content=\"1080\" \/>\n\t<meta property=\"og:image:type\" content=\"image\/png\" \/>\n<meta name=\"twitter:card\" content=\"summary_large_image\" \/>\n<meta name=\"twitter:label1\" content=\"Est. reading time\" \/>\n\t<meta name=\"twitter:data1\" content=\"2 minut\u0117s\" \/>\n<script type=\"application\/ld+json\" class=\"yoast-schema-graph\">{\"@context\":\"https:\/\/schema.org\",\"@graph\":[{\"@type\":\"WebPage\",\"@id\":\"https:\/\/toidupakk.ee\/lt\/toode\/turistinis-dusas-20-l\/\",\"url\":\"https:\/\/toidupakk.ee\/lt\/toode\/turistinis-dusas-20-l\/\",\"name\":\"Turistinis du\u0161as, 20 l - Toidupakk.ee - Tactical Foodpack toidupakid\",\"isPartOf\":{\"@id\":\"https:\/\/toidupakk.ee\/lt\/#website\"},\"primaryImageOfPage\":{\"@id\":\"https:\/\/toidupakk.ee\/lt\/toode\/turistinis-dusas-20-l\/#primaryimage\"},\"image\":{\"@id\":\"https:\/\/toidupakk.ee\/lt\/toode\/turistinis-dusas-20-l\/#primaryimage\"},\"thumbnailUrl\":\"https:\/\/toidupakk.ee\/wp-content\/uploads\/2022\/07\/Matkaduss-kaasaskantav-1.png\",\"datePublished\":\"2022-08-22T11:15:47+00:00\",\"dateModified\":\"2026-04-03T22:00:53+00:00\",\"description\":\"Turistinis du\u0161as \u2013 idealus sprendimas norint atsigaivinti po \u0161iltu tekan\u010diu vandeniu \u017eygio metu. \u0160is ne\u0161iojamas du\u0161as vanden\u012f pa\u0161ildo naudodamas saul\u0117s energij\u0105.\",\"breadcrumb\":{\"@id\":\"https:\/\/toidupakk.ee\/lt\/toode\/turistinis-dusas-20-l\/#breadcrumb\"},\"inLanguage\":\"lt-LT\",\"potentialAction\":[{\"@type\":\"ReadAction\",\"target\":[\"https:\/\/toidupakk.ee\/lt\/toode\/turistinis-dusas-20-l\/\"]}]},{\"@type\":\"ImageObject\",\"inLanguage\":\"lt-LT\",\"@id\":\"https:\/\/toidupakk.ee\/lt\/toode\/turistinis-dusas-20-l\/#primaryimage\",\"url\":\"https:\/\/toidupakk.ee\/wp-content\/uploads\/2022\/07\/Matkaduss-kaasaskantav-1.png\",\"contentUrl\":\"https:\/\/toidupakk.ee\/wp-content\/uploads\/2022\/07\/Matkaduss-kaasaskantav-1.png\",\"width\":1080,\"height\":1080,\"caption\":\"Matkadu\u0161\u0161 matkale\"},{\"@type\":\"BreadcrumbList\",\"@id\":\"https:\/\/toidupakk.ee\/lt\/toode\/turistinis-dusas-20-l\/#breadcrumb\",\"itemListElement\":[{\"@type\":\"ListItem\",\"position\":1,\"name\":\"Avaleht\",\"item\":\"https:\/\/toidupakk.ee\/lt\/\"},{\"@type\":\"ListItem\",\"position\":2,\"name\":\"El. parduotuv\u0117\",\"item\":\"https:\/\/toidupakk.ee\/lt\/el-parduotuve\/\"},{\"@type\":\"ListItem\",\"position\":3,\"name\":\"Turistinis du\u0161as, 20 l\"}]},{\"@type\":\"WebSite\",\"@id\":\"https:\/\/toidupakk.ee\/lt\/#website\",\"url\":\"https:\/\/toidupakk.ee\/lt\/\",\"name\":\"Toidupakk.ee - Tactical Foodpack toidupakid\",\"description\":\"Tactical Foodpack k\u00fclmkuivatatud toidupakid ja matkaeined\",\"publisher\":{\"@id\":\"https:\/\/toidupakk.ee\/lt\/#organization\"},\"potentialAction\":[{\"@type\":\"SearchAction\",\"target\":{\"@type\":\"EntryPoint\",\"urlTemplate\":\"https:\/\/toidupakk.ee\/lt\/?s={search_term_string}\"},\"query-input\":{\"@type\":\"PropertyValueSpecification\",\"valueRequired\":true,\"valueName\":\"search_term_string\"}}],\"inLanguage\":\"lt-LT\"},{\"@type\":\"Organization\",\"@id\":\"https:\/\/toidupakk.ee\/lt\/#organization\",\"name\":\"Tactical Foodpack matkaeined\",\"url\":\"https:\/\/toidupakk.ee\/lt\/\",\"logo\":{\"@type\":\"ImageObject\",\"inLanguage\":\"lt-LT\",\"@id\":\"https:\/\/toidupakk.ee\/lt\/#\/schema\/logo\/image\/\",\"url\":\"https:\/\/toidupakk.ee\/wp-content\/uploads\/2022\/01\/Toidupakk-matkapood-logo-transparent.png\",\"contentUrl\":\"https:\/\/toidupakk.ee\/wp-content\/uploads\/2022\/01\/Toidupakk-matkapood-logo-transparent.png\",\"width\":500,\"height\":500,\"caption\":\"Tactical Foodpack matkaeined\"},\"image\":{\"@id\":\"https:\/\/toidupakk.ee\/lt\/#\/schema\/logo\/image\/\"},\"sameAs\":[\"https:\/\/www.facebook.com\/Toidupakk\",\"https:\/\/www.instagram.com\/toidupakk\/\"]}]}<\/script>\n<!-- \/ Yoast SEO plugin. -->","yoast_head_json":{"title":"Turistinis du\u0161as, 20 l - Toidupakk.ee - Tactical Foodpack toidupakid","description":"Turistinis du\u0161as \u2013 idealus sprendimas norint atsigaivinti po \u0161iltu tekan\u010diu vandeniu \u017eygio metu. \u0160is ne\u0161iojamas du\u0161as vanden\u012f pa\u0161ildo naudodamas saul\u0117s energij\u0105.","robots":{"index":"index","follow":"follow","max-snippet":"max-snippet:-1","max-image-preview":"max-image-preview:large","max-video-preview":"max-video-preview:-1"},"canonical":"https:\/\/toidupakk.ee\/lt\/toode\/turistinis-dusas-20-l\/","og_locale":"lt_LT","og_type":"article","og_title":"Turistinis du\u0161as, 20 l - Toidupakk.ee - Tactical Foodpack toidupakid","og_description":"Turistinis du\u0161as \u2013 idealus sprendimas norint atsigaivinti po \u0161iltu tekan\u010diu vandeniu \u017eygio metu. \u0160is ne\u0161iojamas du\u0161as vanden\u012f pa\u0161ildo naudodamas saul\u0117s energij\u0105.","og_url":"https:\/\/toidupakk.ee\/lt\/toode\/turistinis-dusas-20-l\/","og_site_name":"Toidupakk.ee - Tactical Foodpack toidupakid","article_publisher":"https:\/\/www.facebook.com\/Toidupakk","article_modified_time":"2026-04-03T22:00:53+00:00","og_image":[{"width":1080,"height":1080,"url":"https:\/\/toidupakk.ee\/wp-content\/uploads\/2022\/07\/Matkaduss-kaasaskantav-1.png","type":"image\/png"}],"twitter_card":"summary_large_image","twitter_misc":{"Est. reading time":"2 minut\u0117s"},"schema":{"@context":"https:\/\/schema.org","@graph":[{"@type":"WebPage","@id":"https:\/\/toidupakk.ee\/lt\/toode\/turistinis-dusas-20-l\/","url":"https:\/\/toidupakk.ee\/lt\/toode\/turistinis-dusas-20-l\/","name":"Turistinis du\u0161as, 20 l - Toidupakk.ee - Tactical Foodpack toidupakid","isPartOf":{"@id":"https:\/\/toidupakk.ee\/lt\/#website"},"primaryImageOfPage":{"@id":"https:\/\/toidupakk.ee\/lt\/toode\/turistinis-dusas-20-l\/#primaryimage"},"image":{"@id":"https:\/\/toidupakk.ee\/lt\/toode\/turistinis-dusas-20-l\/#primaryimage"},"thumbnailUrl":"https:\/\/toidupakk.ee\/wp-content\/uploads\/2022\/07\/Matkaduss-kaasaskantav-1.png","datePublished":"2022-08-22T11:15:47+00:00","dateModified":"2026-04-03T22:00:53+00:00","description":"Turistinis du\u0161as \u2013 idealus sprendimas norint atsigaivinti po \u0161iltu tekan\u010diu vandeniu \u017eygio metu. \u0160is ne\u0161iojamas du\u0161as vanden\u012f pa\u0161ildo naudodamas saul\u0117s energij\u0105.","breadcrumb":{"@id":"https:\/\/toidupakk.ee\/lt\/toode\/turistinis-dusas-20-l\/#breadcrumb"},"inLanguage":"lt-LT","potentialAction":[{"@type":"ReadAction","target":["https:\/\/toidupakk.ee\/lt\/toode\/turistinis-dusas-20-l\/"]}]},{"@type":"ImageObject","inLanguage":"lt-LT","@id":"https:\/\/toidupakk.ee\/lt\/toode\/turistinis-dusas-20-l\/#primaryimage","url":"https:\/\/toidupakk.ee\/wp-content\/uploads\/2022\/07\/Matkaduss-kaasaskantav-1.png","contentUrl":"https:\/\/toidupakk.ee\/wp-content\/uploads\/2022\/07\/Matkaduss-kaasaskantav-1.png","width":1080,"height":1080,"caption":"Matkadu\u0161\u0161 matkale"},{"@type":"BreadcrumbList","@id":"https:\/\/toidupakk.ee\/lt\/toode\/turistinis-dusas-20-l\/#breadcrumb","itemListElement":[{"@type":"ListItem","position":1,"name":"Avaleht","item":"https:\/\/toidupakk.ee\/lt\/"},{"@type":"ListItem","position":2,"name":"El. parduotuv\u0117","item":"https:\/\/toidupakk.ee\/lt\/el-parduotuve\/"},{"@type":"ListItem","position":3,"name":"Turistinis du\u0161as, 20 l"}]},{"@type":"WebSite","@id":"https:\/\/toidupakk.ee\/lt\/#website","url":"https:\/\/toidupakk.ee\/lt\/","name":"Toidupakk.ee - Tactical Foodpack toidupakid","description":"Tactical Foodpack k\u00fclmkuivatatud toidupakid ja matkaeined","publisher":{"@id":"https:\/\/toidupakk.ee\/lt\/#organization"},"potentialAction":[{"@type":"SearchAction","target":{"@type":"EntryPoint","urlTemplate":"https:\/\/toidupakk.ee\/lt\/?s={search_term_string}"},"query-input":{"@type":"PropertyValueSpecification","valueRequired":true,"valueName":"search_term_string"}}],"inLanguage":"lt-LT"},{"@type":"Organization","@id":"https:\/\/toidupakk.ee\/lt\/#organization","name":"Tactical Foodpack matkaeined","url":"https:\/\/toidupakk.ee\/lt\/","logo":{"@type":"ImageObject","inLanguage":"lt-LT","@id":"https:\/\/toidupakk.ee\/lt\/#\/schema\/logo\/image\/","url":"https:\/\/toidupakk.ee\/wp-content\/uploads\/2022\/01\/Toidupakk-matkapood-logo-transparent.png","contentUrl":"https:\/\/toidupakk.ee\/wp-content\/uploads\/2022\/01\/Toidupakk-matkapood-logo-transparent.png","width":500,"height":500,"caption":"Tactical Foodpack matkaeined"},"image":{"@id":"https:\/\/toidupakk.ee\/lt\/#\/schema\/logo\/image\/"},"sameAs":["https:\/\/www.facebook.com\/Toidupakk","https:\/\/www.instagram.com\/toidupakk\/"]}]}},"jetpack_sharing_enabled":true,"_links":{"self":[{"href":"https:\/\/toidupakk.ee\/lt\/wp-json\/wp\/v2\/product\/47612","targetHints":{"allow":["GET"]}}],"collection":[{"href":"https:\/\/toidupakk.ee\/lt\/wp-json\/wp\/v2\/product"}],"about":[{"href":"https:\/\/toidupakk.ee\/lt\/wp-json\/wp\/v2\/types\/product"}],"replies":[{"embeddable":true,"href":"https:\/\/toidupakk.ee\/lt\/wp-json\/wp\/v2\/comments?post=47612"}],"wp:featuredmedia":[{"embeddable":true,"href":"https:\/\/toidupakk.ee\/lt\/wp-json\/wp\/v2\/media\/3006"}],"wp:attachment":[{"href":"https:\/\/toidupakk.ee\/lt\/wp-json\/wp\/v2\/media?parent=47612"}],"wp:term":[{"taxonomy":"product_brand","embeddable":true,"href":"https:\/\/toidupakk.ee\/lt\/wp-json\/wp\/v2\/product_brand?post=47612"},{"taxonomy":"product_cat","embeddable":true,"href":"https:\/\/toidupakk.ee\/lt\/wp-json\/wp\/v2\/product_cat?post=47612"},{"taxonomy":"product_tag","embeddable":true,"href":"https:\/\/toidupakk.ee\/lt\/wp-json\/wp\/v2\/product_tag?post=47612"}],"curies":[{"name":"wp","href":"https:\/\/api.w.org\/{rel}","templated":true}]}}