{"id":47607,"date":"2022-07-19T15:50:09","date_gmt":"2022-07-19T12:50:09","guid":{"rendered":"https:\/\/toidupakk.ee\/toode\/termosas-mil-tec-1-l\/"},"modified":"2026-04-16T13:30:37","modified_gmt":"2026-04-16T10:30:37","slug":"termosas-mil-tec-1-l","status":"publish","type":"product","link":"https:\/\/toidupakk.ee\/lt\/toode\/termosas-mil-tec-1-l\/","title":{"rendered":"Termosas MIL-TEC 1 l"},"content":{"rendered":"<h1>Termosas, kuris taip lengvai nesudu\u0161<\/h1>\n<p>\u201eMil-Tec\u201c termosas sukurtas atlaikyti ekstremalias s\u0105lygas. \u0160is nesudu\u017etantis lygaus pavir\u0161iaus termosas \u2013 geriausias palydovas aktyviam \u017emogui ten, kur termosas gali nukristi. Daugelio termos\u0173 vidus yra stiklinis, tod\u0117l jie gali nebei\u0161laikyti \u0161ilumos net po nedidelio kritimo. Su \u201eMil-Tec\u201c plieniniu termosu tokios problemos nebus, tad gali j\u012f dr\u0105siai statyti net ir grubiau.   <\/p>\n<h2>MIL-TEC vakuuminis termosas<\/h2>\n<p>Kas i\u0161vis yra vakuuminis termosas? Vakuuminio termoso technologija pagr\u012fsta tuo, kad jo viduje yra dvi talpos viena kitoje. Tarp \u0161i\u0173 talp\u0173 yra vakuumas, kuris iki minimumo suma\u017eina \u0161ilumos energijos mainus. D\u0117l to skystis termose i\u0161laiko savo temperat\u016br\u0105 ilgiau nei kituose. Be to, \u0161i technologija pa\u0161alina did\u017ei\u0105j\u0105 dal\u012f kondensato, kuris susidaryt\u0173 ant i\u0161orinio pavir\u0161iaus laikant \u0161alt\u0105 skyst\u012f.    <\/p>\n<p><img fetchpriority=\"high\" decoding=\"async\" class=\"size-medium wp-image-2790 alignright\" src=\"https:\/\/toidupakk.ee\/wp-content\/uploads\/2022\/06\/termos-MIL-TEC-1l-1-300x300.png\" alt=\"aliuminis termosas\" width=\"300\" height=\"300\" srcset=\"https:\/\/toidupakk.ee\/wp-content\/uploads\/2022\/06\/termos-MIL-TEC-1l-1-300x300.png 300w, https:\/\/toidupakk.ee\/wp-content\/uploads\/2022\/06\/termos-MIL-TEC-1l-1-400x400.png 400w, https:\/\/toidupakk.ee\/wp-content\/uploads\/2022\/06\/termos-MIL-TEC-1l-1-100x100.png 100w, https:\/\/toidupakk.ee\/wp-content\/uploads\/2022\/06\/termos-MIL-TEC-1l-1-800x800.png 800w, https:\/\/toidupakk.ee\/wp-content\/uploads\/2022\/06\/termos-MIL-TEC-1l-1-1024x1024.png 1024w, https:\/\/toidupakk.ee\/wp-content\/uploads\/2022\/06\/termos-MIL-TEC-1l-1-500x500.png 500w, https:\/\/toidupakk.ee\/wp-content\/uploads\/2022\/06\/termos-MIL-TEC-1l-1-768x768.png 768w, https:\/\/toidupakk.ee\/wp-content\/uploads\/2022\/06\/termos-MIL-TEC-1l-1.png 1080w\" sizes=\"(max-width: 300px) 100vw, 300px\" \/><\/p>\n<h2>Patogus ir prakti\u0161kas termosas<\/h2>\n<p>\u201eMil-Tec\u201c termos\u0105 patogu naudoti net viena ranka. Jis turi greit\u0105 ir prakti\u0161k\u0105 pylimo bei stabdymo sistem\u0105. Plati anga palengvina valym\u0105. Termoso dangtelis yra tinkamo dyd\u017eio, i\u0161 jo patogu gerti. U\u017edarytas dangtelis sukuria vakuum\u0105 \u2013 taip i\u0161vengsi bet kokio pratek\u0117jimo ir u\u017etikrinsi, kad g\u0117rimas i\u0161likt\u0173 kar\u0161tas arba \u0161altas, nes aplinkoje be oro skystis negali atv\u0117sti ar su\u0161ilti. Jis puikiai i\u0161laiko kar\u0161tus g\u0117rimus kar\u0161tus, o \u0161altus \u2013 \u0161altus. Pasiimk sriubos, kavos, arbatos, g\u0117rimo su ledu \u2013 bet ko! Tai idealus butelis \u012f automobil\u012f, darbo krep\u0161\u012f ar \u017eyg\u012f.       <\/p>\n<p>&nbsp;<\/p>\n<p>Daugiau \u017eygio preki\u0173 rasi <a href=\"https:\/\/toidupakk.ee\/lt\/tootekategooria\/zygio-iranga\/#section-3-79\">\u010cIA<\/a><\/p>\n<p>Daugiau \u017eygio maisto rasi <a href=\"\/?product_cat=snakk#section-3-79\">\u010cIA<\/a><\/p>\n<p>Pasisemk \u012fkv\u0117pimo kitiems nuotykiams Toidupakk <a href=\"https:\/\/www.instagram.com\/toidupakk\/\">Instagram<\/a> ir <a href=\"https:\/\/www.facebook.com\/Toidupakk\/\">Facebook<\/a> paskyrose.<\/p>\n","protected":false},"excerpt":{"rendered":"<ul>\n<li>M\u0117gaukis \u0161iltu g\u0117rimu net pra\u0117jus kelioms valandoms po i\u0161\u0117jimo i\u0161 nam\u0173.<\/li>\n<li>Kar\u0161t\u0105 vasaros dien\u0105 jis ilgai i\u0161laikys \u0161alt\u0105 g\u0117rim\u0105 v\u0117s\u0173.<\/li>\n<li>MIL-TEC vakuuminis termosas d\u0117l vakuumo technologijos ilgiau i\u0161laiko pageidaujam\u0105 skys\u010dio temperat\u016br\u0105.<\/li>\n<li>Patvarus termosas i\u0161 kokybi\u0161ko ner\u016bdijan\u010dio plieno.<\/li>\n<li>Talpa: 1 litras<\/li>\n<li>Svoris: 480 g<\/li>\n<li>Auk\u0161tis: 32 cm<\/li>\n<li>Skersmuo: 8 cm<\/li>\n<\/ul>\n<p>\u2705 Turime sand\u0117lyje, greitas pristatymas per 1\u20133 darbo dienas<\/p>\n","protected":false},"featured_media":2792,"comment_status":"open","ping_status":"closed","template":"","meta":{"_acf_changed":false},"product_brand":[],"product_cat":[193,210,200,203,199,189,190],"product_tag":[],"class_list":{"0":"post-47607","1":"product","2":"type-product","3":"status-publish","4":"has-post-thumbnail","6":"product_cat-karine-ekipuote","7":"product_cat-mil-tec","8":"product_cat-praktiskos-dovanu-idejos","9":"product_cat-termosai-ir-gertuves","10":"product_cat-ziemos-prekes","11":"product_cat-zygio-iranga","12":"product_cat-zygio-prekes","14":"first","15":"instock","16":"taxable","17":"shipping-taxable","18":"purchasable","19":"product-type-simple"},"bundled_by":[],"bundle_stock_status":"instock","bundle_stock_quantity":2,"bundle_virtual":false,"bundle_layout":"","bundle_add_to_cart_form_location":"","bundle_editable_in_cart":false,"bundle_sold_individually_context":"","bundle_item_grouping":"","bundle_min_size":"","bundle_max_size":"","bundle_price":[],"bundled_items":[],"bundle_sell_ids":[],"acf":[],"yoast_head":"<!-- This site is optimized with the Yoast SEO plugin v27.3 - https:\/\/yoast.com\/product\/yoast-seo-wordpress\/ -->\n<title>Termosas MIL-TEC 1 l<\/title>\n<meta name=\"description\" content=\"Termosas i\u0161 kokybi\u0161ko ner\u016bdijan\u010dio plieno. MIL-TEC\u00ae patvarus vakuuminis termosas kar\u0161tiems ir \u0161altiems g\u0117rimams. Karin\u0117s \u017ealios spalvos.\" \/>\n<meta name=\"robots\" content=\"index, follow, max-snippet:-1, max-image-preview:large, max-video-preview:-1\" \/>\n<link rel=\"canonical\" href=\"https:\/\/toidupakk.ee\/lt\/toode\/termosas-mil-tec-1-l\/\" \/>\n<meta property=\"og:locale\" content=\"lt_LT\" \/>\n<meta property=\"og:type\" content=\"article\" \/>\n<meta property=\"og:title\" content=\"Termosas MIL-TEC 1 l\" \/>\n<meta property=\"og:description\" content=\"Termosas i\u0161 kokybi\u0161ko ner\u016bdijan\u010dio plieno. MIL-TEC\u00ae patvarus vakuuminis termosas kar\u0161tiems ir \u0161altiems g\u0117rimams. Karin\u0117s \u017ealios spalvos.\" \/>\n<meta property=\"og:url\" content=\"https:\/\/toidupakk.ee\/lt\/toode\/termosas-mil-tec-1-l\/\" \/>\n<meta property=\"og:site_name\" content=\"Toidupakk.ee - Tactical Foodpack toidupakid\" \/>\n<meta property=\"article:publisher\" content=\"https:\/\/www.facebook.com\/Toidupakk\" \/>\n<meta property=\"article:modified_time\" content=\"2026-04-16T10:30:37+00:00\" \/>\n<meta property=\"og:image\" content=\"https:\/\/toidupakk.ee\/wp-content\/uploads\/2022\/06\/termos-MIL-TEC-1l-3.png\" \/>\n\t<meta property=\"og:image:width\" content=\"1080\" \/>\n\t<meta property=\"og:image:height\" content=\"1080\" \/>\n\t<meta property=\"og:image:type\" content=\"image\/png\" \/>\n<meta name=\"twitter:card\" content=\"summary_large_image\" \/>\n<meta name=\"twitter:label1\" content=\"Est. reading time\" \/>\n\t<meta name=\"twitter:data1\" content=\"1 minut\u0117\" \/>\n<script type=\"application\/ld+json\" class=\"yoast-schema-graph\">{\"@context\":\"https:\\\/\\\/schema.org\",\"@graph\":[{\"@type\":\"WebPage\",\"@id\":\"https:\\\/\\\/toidupakk.ee\\\/lt\\\/toode\\\/termosas-mil-tec-1-l\\\/\",\"url\":\"https:\\\/\\\/toidupakk.ee\\\/lt\\\/toode\\\/termosas-mil-tec-1-l\\\/\",\"name\":\"Termosas MIL-TEC 1 l\",\"isPartOf\":{\"@id\":\"https:\\\/\\\/toidupakk.ee\\\/lt\\\/#website\"},\"primaryImageOfPage\":{\"@id\":\"https:\\\/\\\/toidupakk.ee\\\/lt\\\/toode\\\/termosas-mil-tec-1-l\\\/#primaryimage\"},\"image\":{\"@id\":\"https:\\\/\\\/toidupakk.ee\\\/lt\\\/toode\\\/termosas-mil-tec-1-l\\\/#primaryimage\"},\"thumbnailUrl\":\"https:\\\/\\\/toidupakk.ee\\\/wp-content\\\/uploads\\\/2022\\\/06\\\/termos-MIL-TEC-1l-3.png\",\"datePublished\":\"2022-07-19T12:50:09+00:00\",\"dateModified\":\"2026-04-16T10:30:37+00:00\",\"description\":\"Termosas i\u0161 kokybi\u0161ko ner\u016bdijan\u010dio plieno. MIL-TEC\u00ae patvarus vakuuminis termosas kar\u0161tiems ir \u0161altiems g\u0117rimams. Karin\u0117s \u017ealios spalvos.\",\"breadcrumb\":{\"@id\":\"https:\\\/\\\/toidupakk.ee\\\/lt\\\/toode\\\/termosas-mil-tec-1-l\\\/#breadcrumb\"},\"inLanguage\":\"lt-LT\",\"potentialAction\":[{\"@type\":\"ReadAction\",\"target\":[\"https:\\\/\\\/toidupakk.ee\\\/lt\\\/toode\\\/termosas-mil-tec-1-l\\\/\"]}]},{\"@type\":\"ImageObject\",\"inLanguage\":\"lt-LT\",\"@id\":\"https:\\\/\\\/toidupakk.ee\\\/lt\\\/toode\\\/termosas-mil-tec-1-l\\\/#primaryimage\",\"url\":\"https:\\\/\\\/toidupakk.ee\\\/wp-content\\\/uploads\\\/2022\\\/06\\\/termos-MIL-TEC-1l-3.png\",\"contentUrl\":\"https:\\\/\\\/toidupakk.ee\\\/wp-content\\\/uploads\\\/2022\\\/06\\\/termos-MIL-TEC-1l-3.png\",\"width\":1080,\"height\":1080,\"caption\":\"termose komplekt\"},{\"@type\":\"BreadcrumbList\",\"@id\":\"https:\\\/\\\/toidupakk.ee\\\/lt\\\/toode\\\/termosas-mil-tec-1-l\\\/#breadcrumb\",\"itemListElement\":[{\"@type\":\"ListItem\",\"position\":1,\"name\":\"Avaleht\",\"item\":\"https:\\\/\\\/toidupakk.ee\\\/lt\\\/\"},{\"@type\":\"ListItem\",\"position\":2,\"name\":\"El. parduotuv\u0117\",\"item\":\"https:\\\/\\\/toidupakk.ee\\\/lt\\\/el-parduotuve\\\/\"},{\"@type\":\"ListItem\",\"position\":3,\"name\":\"Termosas MIL-TEC 1 l\"}]},{\"@type\":\"WebSite\",\"@id\":\"https:\\\/\\\/toidupakk.ee\\\/lt\\\/#website\",\"url\":\"https:\\\/\\\/toidupakk.ee\\\/lt\\\/\",\"name\":\"Toidupakk.ee - Tactical Foodpack toidupakid\",\"description\":\"Tactical Foodpack k\u00fclmkuivatatud toidupakid ja matkaeined\",\"publisher\":{\"@id\":\"https:\\\/\\\/toidupakk.ee\\\/lt\\\/#organization\"},\"potentialAction\":[{\"@type\":\"SearchAction\",\"target\":{\"@type\":\"EntryPoint\",\"urlTemplate\":\"https:\\\/\\\/toidupakk.ee\\\/lt\\\/?s={search_term_string}\"},\"query-input\":{\"@type\":\"PropertyValueSpecification\",\"valueRequired\":true,\"valueName\":\"search_term_string\"}}],\"inLanguage\":\"lt-LT\"},{\"@type\":\"Organization\",\"@id\":\"https:\\\/\\\/toidupakk.ee\\\/lt\\\/#organization\",\"name\":\"Tactical Foodpack matkaeined\",\"url\":\"https:\\\/\\\/toidupakk.ee\\\/lt\\\/\",\"logo\":{\"@type\":\"ImageObject\",\"inLanguage\":\"lt-LT\",\"@id\":\"https:\\\/\\\/toidupakk.ee\\\/lt\\\/#\\\/schema\\\/logo\\\/image\\\/\",\"url\":\"https:\\\/\\\/toidupakk.ee\\\/wp-content\\\/uploads\\\/2022\\\/01\\\/Toidupakk-matkapood-logo-transparent.png\",\"contentUrl\":\"https:\\\/\\\/toidupakk.ee\\\/wp-content\\\/uploads\\\/2022\\\/01\\\/Toidupakk-matkapood-logo-transparent.png\",\"width\":500,\"height\":500,\"caption\":\"Tactical Foodpack matkaeined\"},\"image\":{\"@id\":\"https:\\\/\\\/toidupakk.ee\\\/lt\\\/#\\\/schema\\\/logo\\\/image\\\/\"},\"sameAs\":[\"https:\\\/\\\/www.facebook.com\\\/Toidupakk\",\"https:\\\/\\\/www.instagram.com\\\/toidupakk\\\/\"]}]}<\/script>\n<!-- \/ Yoast SEO plugin. -->","yoast_head_json":{"title":"Termosas MIL-TEC 1 l","description":"Termosas i\u0161 kokybi\u0161ko ner\u016bdijan\u010dio plieno. MIL-TEC\u00ae patvarus vakuuminis termosas kar\u0161tiems ir \u0161altiems g\u0117rimams. Karin\u0117s \u017ealios spalvos.","robots":{"index":"index","follow":"follow","max-snippet":"max-snippet:-1","max-image-preview":"max-image-preview:large","max-video-preview":"max-video-preview:-1"},"canonical":"https:\/\/toidupakk.ee\/lt\/toode\/termosas-mil-tec-1-l\/","og_locale":"lt_LT","og_type":"article","og_title":"Termosas MIL-TEC 1 l","og_description":"Termosas i\u0161 kokybi\u0161ko ner\u016bdijan\u010dio plieno. MIL-TEC\u00ae patvarus vakuuminis termosas kar\u0161tiems ir \u0161altiems g\u0117rimams. Karin\u0117s \u017ealios spalvos.","og_url":"https:\/\/toidupakk.ee\/lt\/toode\/termosas-mil-tec-1-l\/","og_site_name":"Toidupakk.ee - Tactical Foodpack toidupakid","article_publisher":"https:\/\/www.facebook.com\/Toidupakk","article_modified_time":"2026-04-16T10:30:37+00:00","og_image":[{"width":1080,"height":1080,"url":"https:\/\/toidupakk.ee\/wp-content\/uploads\/2022\/06\/termos-MIL-TEC-1l-3.png","type":"image\/png"}],"twitter_card":"summary_large_image","twitter_misc":{"Est. reading time":"1 minut\u0117"},"schema":{"@context":"https:\/\/schema.org","@graph":[{"@type":"WebPage","@id":"https:\/\/toidupakk.ee\/lt\/toode\/termosas-mil-tec-1-l\/","url":"https:\/\/toidupakk.ee\/lt\/toode\/termosas-mil-tec-1-l\/","name":"Termosas MIL-TEC 1 l","isPartOf":{"@id":"https:\/\/toidupakk.ee\/lt\/#website"},"primaryImageOfPage":{"@id":"https:\/\/toidupakk.ee\/lt\/toode\/termosas-mil-tec-1-l\/#primaryimage"},"image":{"@id":"https:\/\/toidupakk.ee\/lt\/toode\/termosas-mil-tec-1-l\/#primaryimage"},"thumbnailUrl":"https:\/\/toidupakk.ee\/wp-content\/uploads\/2022\/06\/termos-MIL-TEC-1l-3.png","datePublished":"2022-07-19T12:50:09+00:00","dateModified":"2026-04-16T10:30:37+00:00","description":"Termosas i\u0161 kokybi\u0161ko ner\u016bdijan\u010dio plieno. MIL-TEC\u00ae patvarus vakuuminis termosas kar\u0161tiems ir \u0161altiems g\u0117rimams. Karin\u0117s \u017ealios spalvos.","breadcrumb":{"@id":"https:\/\/toidupakk.ee\/lt\/toode\/termosas-mil-tec-1-l\/#breadcrumb"},"inLanguage":"lt-LT","potentialAction":[{"@type":"ReadAction","target":["https:\/\/toidupakk.ee\/lt\/toode\/termosas-mil-tec-1-l\/"]}]},{"@type":"ImageObject","inLanguage":"lt-LT","@id":"https:\/\/toidupakk.ee\/lt\/toode\/termosas-mil-tec-1-l\/#primaryimage","url":"https:\/\/toidupakk.ee\/wp-content\/uploads\/2022\/06\/termos-MIL-TEC-1l-3.png","contentUrl":"https:\/\/toidupakk.ee\/wp-content\/uploads\/2022\/06\/termos-MIL-TEC-1l-3.png","width":1080,"height":1080,"caption":"termose komplekt"},{"@type":"BreadcrumbList","@id":"https:\/\/toidupakk.ee\/lt\/toode\/termosas-mil-tec-1-l\/#breadcrumb","itemListElement":[{"@type":"ListItem","position":1,"name":"Avaleht","item":"https:\/\/toidupakk.ee\/lt\/"},{"@type":"ListItem","position":2,"name":"El. parduotuv\u0117","item":"https:\/\/toidupakk.ee\/lt\/el-parduotuve\/"},{"@type":"ListItem","position":3,"name":"Termosas MIL-TEC 1 l"}]},{"@type":"WebSite","@id":"https:\/\/toidupakk.ee\/lt\/#website","url":"https:\/\/toidupakk.ee\/lt\/","name":"Toidupakk.ee - Tactical Foodpack toidupakid","description":"Tactical Foodpack k\u00fclmkuivatatud toidupakid ja matkaeined","publisher":{"@id":"https:\/\/toidupakk.ee\/lt\/#organization"},"potentialAction":[{"@type":"SearchAction","target":{"@type":"EntryPoint","urlTemplate":"https:\/\/toidupakk.ee\/lt\/?s={search_term_string}"},"query-input":{"@type":"PropertyValueSpecification","valueRequired":true,"valueName":"search_term_string"}}],"inLanguage":"lt-LT"},{"@type":"Organization","@id":"https:\/\/toidupakk.ee\/lt\/#organization","name":"Tactical Foodpack matkaeined","url":"https:\/\/toidupakk.ee\/lt\/","logo":{"@type":"ImageObject","inLanguage":"lt-LT","@id":"https:\/\/toidupakk.ee\/lt\/#\/schema\/logo\/image\/","url":"https:\/\/toidupakk.ee\/wp-content\/uploads\/2022\/01\/Toidupakk-matkapood-logo-transparent.png","contentUrl":"https:\/\/toidupakk.ee\/wp-content\/uploads\/2022\/01\/Toidupakk-matkapood-logo-transparent.png","width":500,"height":500,"caption":"Tactical Foodpack matkaeined"},"image":{"@id":"https:\/\/toidupakk.ee\/lt\/#\/schema\/logo\/image\/"},"sameAs":["https:\/\/www.facebook.com\/Toidupakk","https:\/\/www.instagram.com\/toidupakk\/"]}]}},"jetpack_sharing_enabled":true,"_links":{"self":[{"href":"https:\/\/toidupakk.ee\/lt\/wp-json\/wp\/v2\/product\/47607","targetHints":{"allow":["GET"]}}],"collection":[{"href":"https:\/\/toidupakk.ee\/lt\/wp-json\/wp\/v2\/product"}],"about":[{"href":"https:\/\/toidupakk.ee\/lt\/wp-json\/wp\/v2\/types\/product"}],"replies":[{"embeddable":true,"href":"https:\/\/toidupakk.ee\/lt\/wp-json\/wp\/v2\/comments?post=47607"}],"wp:featuredmedia":[{"embeddable":true,"href":"https:\/\/toidupakk.ee\/lt\/wp-json\/wp\/v2\/media\/2792"}],"wp:attachment":[{"href":"https:\/\/toidupakk.ee\/lt\/wp-json\/wp\/v2\/media?parent=47607"}],"wp:term":[{"taxonomy":"product_brand","embeddable":true,"href":"https:\/\/toidupakk.ee\/lt\/wp-json\/wp\/v2\/product_brand?post=47607"},{"taxonomy":"product_cat","embeddable":true,"href":"https:\/\/toidupakk.ee\/lt\/wp-json\/wp\/v2\/product_cat?post=47607"},{"taxonomy":"product_tag","embeddable":true,"href":"https:\/\/toidupakk.ee\/lt\/wp-json\/wp\/v2\/product_tag?post=47607"}],"curies":[{"name":"wp","href":"https:\/\/api.w.org\/{rel}","templated":true}]}}