{"id":47582,"date":"2022-07-12T16:50:57","date_gmt":"2022-07-12T13:50:57","guid":{"rendered":"https:\/\/toidupakk.ee\/toode\/gertuve-mil-tec\/"},"modified":"2026-04-29T16:32:04","modified_gmt":"2026-04-29T13:32:04","slug":"gertuve-mil-tec","status":"publish","type":"product","link":"https:\/\/toidupakk.ee\/lt\/toode\/gertuve-mil-tec\/","title":{"rendered":"Gertuv\u0117 MIL-TEC"},"content":{"rendered":"<h1>\u012e \u017eyg\u012f su gertuve?<\/h1>\n<p>Taip, kod\u0117l gi ne! Vakarai prie lau\u017eo ilgi ir v\u0117s\u016bs.  <strong>BET!<\/strong> B\u016bk labai atsargus ir nepadaugink! Pirma, tai bet kuriuo atveju kenkia sveikatai, antra \u2013 \u017eygyje tavo k\u016bnas pavargsta kitaip, o dehidratacija pasirei\u0161kia grei\u010diau. Tod\u0117l stipri\u0173j\u0173 (ar silpnesni\u0173) g\u0117rim\u0173 vartojimas \u017eygyje netur\u0117t\u0173 b\u016bti toks pat, kaip \u012fprastomis s\u0105lygomis. Ma\u017ea gertuv\u0117 pad\u0117s kontroliuoti kiek\u012f.   <\/p>\n<p><img fetchpriority=\"high\" decoding=\"async\" class=\"size-medium wp-image-2619 alignright\" src=\"https:\/\/toidupakk.ee\/wp-content\/uploads\/2022\/07\/Plasku-140ml-5-300x300.jpg\" alt=\"ner\u016bdijan\u010dio plieno gertuv\u0117\" width=\"300\" height=\"300\" srcset=\"https:\/\/toidupakk.ee\/wp-content\/uploads\/2022\/07\/Plasku-140ml-5-300x300.jpg 300w, https:\/\/toidupakk.ee\/wp-content\/uploads\/2022\/07\/Plasku-140ml-5-400x400.jpg 400w, https:\/\/toidupakk.ee\/wp-content\/uploads\/2022\/07\/Plasku-140ml-5-100x100.jpg 100w, https:\/\/toidupakk.ee\/wp-content\/uploads\/2022\/07\/Plasku-140ml-5-800x800.jpg 800w, https:\/\/toidupakk.ee\/wp-content\/uploads\/2022\/07\/Plasku-140ml-5-1024x1024.jpg 1024w, https:\/\/toidupakk.ee\/wp-content\/uploads\/2022\/07\/Plasku-140ml-5-500x500.jpg 500w, https:\/\/toidupakk.ee\/wp-content\/uploads\/2022\/07\/Plasku-140ml-5-768x768.jpg 768w, https:\/\/toidupakk.ee\/wp-content\/uploads\/2022\/07\/Plasku-140ml-5.jpg 1080w\" sizes=\"(max-width: 300px) 100vw, 300px\" \/><\/p>\n<h2>Kaip i\u0161sirinkti sau tinkam\u0105 gertuv\u0119?<\/h2>\n<p>Kaip ir visada \u017eygyje, svarbus daikt\u0173 dydis ir svoris. MIL-TEC\u00ae gertuv\u0117 tam puikiai tinka, nes sveria tik 100\u2013200 g, tad net ir pilna ji nebus sunki. Be to, tai itin patvarus gaminys, pagamintas i\u0161 ner\u016bdijan\u010dio plieno.  <\/p>\n<p>&nbsp;<\/p>\n<h2>Gertuv\u0117s savyb\u0117s<\/h2>\n<p>I\u0161vykai rinkis gertuv\u0119 su pritvirtintu kam\u0161teliu, kad v\u0117liau netekt\u0173 jo ie\u0161koti mi\u0161ko paklot\u0117je. Taip pat pasirink tinkam\u0105 dyd\u012f, kad \u0161ildan\u010dio g\u0117rimo tur\u0117tum b\u016btent tiek, kiek reikia. <\/p>\n<h3><\/h3>\n<h3>Valymas<\/h3>\n<p>Po kiekvieno naudojimo gertuv\u0119 i\u0161skalauk kar\u0161tu vandeniu, nusausink ir laikyk atidaryt\u0105. Prie\u0161 pirm\u0105j\u012f naudojim\u0105 taip pat rekomenduojame kar\u0161tu vandeniu i\u0161plauti vid\u0173, kam\u0161tel\u012f ir srieg\u012f. <\/p>\n<p>Norint kruop\u0161\u010diai i\u0161valyti gertuv\u0119 ar bet kur\u012f kit\u0105 butel\u012f, yra ir daugiau veiksming\u0173 b\u016bd\u0173. \u012e kar\u0161t\u0105 vanden\u012f gali \u012fberti ry\u017ei\u0173, druskos arba \u012fpilti acto. Tai pad\u0117s dar geriau i\u0161skalauti ind\u0105.  <\/p>\n<p><strong>PATARIMAS!<\/strong> Kartais pilant g\u0117rim\u0105 tiesiai \u012f gertuv\u0119 dalis jo i\u0161sipila. Jei po ranka neturi piltuv\u0117lio, susuk folij\u0105 ar kepimo popieri\u0173 \u012f t\u016btel\u0119 \u2013 \u0161tai tau ir vienkartinis piltuv\u0117lis!<\/p>\n<p>M\u016bs\u0173 asortimente rasi tiek klasikinio poliruoto ner\u016bdijan\u010dio plieno variant\u0173, tiek \u017eygeivi\u0173 vertinam\u0105 karinio \u017ealumo dizain\u0105. Gali rinktis i\u0161 trij\u0173 dyd\u017ei\u0173: 110 ml, 140 ml ir 220 ml. <\/p>\n<p>Daugiau \u017eygio preki\u0173 rasi <a href=\"https:\/\/toidupakk.ee\/lt\/tootekategooria\/zygio-iranga\/#section-3-79\">\u010cIA<\/a><\/p>\n<p>Pasisemk \u012fkv\u0117pimo kitiems nuotykiams Toidupakk <a href=\"https:\/\/www.instagram.com\/toidupakk\/\">Instagram<\/a> ir <a href=\"https:\/\/www.facebook.com\/Toidupakk\/\">Facebook<\/a> paskyrose.<\/p>\n","protected":false},"excerpt":{"rendered":"<ul>\n<li>Klasikin\u0117s formos ir konstrukcijos gertuv\u0117.<\/li>\n<li>Idealus palydovas kelion\u0117je, med\u017eiokl\u0117je, \u017evejyboje, stovyklaujant ar \u017eygyje po pelkes.<\/li>\n<li>Ner\u016bdijan\u010dio plieno, ta\u010diau lengva.<\/li>\n<li>Patogiai telpa kr\u016btin\u0117s ar galin\u0117je ki\u0161en\u0117je.<\/li>\n<li>Tai puiki ir \u012fsimintina dovana \u2013 ant gertuv\u0117s galima i\u0161graviruoti vard\u0105, link\u0117jim\u0105, dat\u0105 ar prog\u0105.<\/li>\n<li>Med\u017eiaga: ner\u016bdijantis plienas<\/li>\n<\/ul>\n<p>\u2705 Turime sand\u0117lyje, pristatymas per 1\u20133 d. d.<\/p>\n","protected":false},"featured_media":2615,"comment_status":"open","ping_status":"closed","template":"","meta":{"_acf_changed":false},"product_brand":[],"product_cat":[193,196,210,197,203,189,190],"product_tag":[],"class_list":{"0":"post-47582","1":"product","2":"type-product","3":"status-publish","4":"has-post-thumbnail","6":"product_cat-karine-ekipuote","7":"product_cat-maisto-gaminimas","8":"product_cat-mil-tec","9":"product_cat-stalo-irankiai","10":"product_cat-termosai-ir-gertuves","11":"product_cat-zygio-iranga","12":"product_cat-zygio-prekes","14":"first","15":"instock","16":"taxable","17":"shipping-taxable","18":"purchasable","19":"product-type-variable","20":"has-default-attributes"},"bundled_by":[],"bundle_stock_status":"instock","bundle_stock_quantity":null,"bundle_virtual":false,"bundle_layout":"","bundle_add_to_cart_form_location":"","bundle_editable_in_cart":false,"bundle_sold_individually_context":"","bundle_item_grouping":"","bundle_min_size":"","bundle_max_size":"","bundle_price":[],"bundled_items":[],"bundle_sell_ids":[],"acf":[],"yoast_head":"<!-- This site is optimized with the Yoast SEO plugin v27.3 - https:\/\/yoast.com\/product\/yoast-seo-wordpress\/ -->\n<title>Gertuv\u0117 MIL-TEC<\/title>\n<meta name=\"description\" content=\"Ner\u016bdijan\u010dio plieno gertuv\u0117 \u2013 idealus palydovas \u017evejyboje, \u017eygyje ar i\u0161vykoje su draugais. Tai taip pat puiki ir stilinga dovanos id\u0117ja.\" \/>\n<meta name=\"robots\" content=\"index, follow, max-snippet:-1, max-image-preview:large, max-video-preview:-1\" \/>\n<link rel=\"canonical\" href=\"https:\/\/toidupakk.ee\/lt\/toode\/gertuve-mil-tec\/\" \/>\n<meta property=\"og:locale\" content=\"lt_LT\" \/>\n<meta property=\"og:type\" content=\"article\" \/>\n<meta property=\"og:title\" content=\"Gertuv\u0117 MIL-TEC\" \/>\n<meta property=\"og:description\" content=\"Ner\u016bdijan\u010dio plieno gertuv\u0117 \u2013 idealus palydovas \u017evejyboje, \u017eygyje ar i\u0161vykoje su draugais. Tai taip pat puiki ir stilinga dovanos id\u0117ja.\" \/>\n<meta property=\"og:url\" content=\"https:\/\/toidupakk.ee\/lt\/toode\/gertuve-mil-tec\/\" \/>\n<meta property=\"og:site_name\" content=\"Toidupakk.ee - Tactical Foodpack toidupakid\" \/>\n<meta property=\"article:publisher\" content=\"https:\/\/www.facebook.com\/Toidupakk\" \/>\n<meta property=\"article:modified_time\" content=\"2026-04-29T13:32:04+00:00\" \/>\n<meta property=\"og:image\" content=\"https:\/\/toidupakk.ee\/wp-content\/uploads\/2022\/07\/Plasku-140ml-1.png\" \/>\n\t<meta property=\"og:image:width\" content=\"1080\" \/>\n\t<meta property=\"og:image:height\" content=\"1080\" \/>\n\t<meta property=\"og:image:type\" content=\"image\/png\" \/>\n<meta name=\"twitter:card\" content=\"summary_large_image\" \/>\n<meta name=\"twitter:label1\" content=\"Est. reading time\" \/>\n\t<meta name=\"twitter:data1\" content=\"1 minut\u0117\" \/>\n<script type=\"application\/ld+json\" class=\"yoast-schema-graph\">{\"@context\":\"https:\\\/\\\/schema.org\",\"@graph\":[{\"@type\":\"WebPage\",\"@id\":\"https:\\\/\\\/toidupakk.ee\\\/lt\\\/toode\\\/gertuve-mil-tec\\\/\",\"url\":\"https:\\\/\\\/toidupakk.ee\\\/lt\\\/toode\\\/gertuve-mil-tec\\\/\",\"name\":\"Gertuv\u0117 MIL-TEC\",\"isPartOf\":{\"@id\":\"https:\\\/\\\/toidupakk.ee\\\/lt\\\/#website\"},\"primaryImageOfPage\":{\"@id\":\"https:\\\/\\\/toidupakk.ee\\\/lt\\\/toode\\\/gertuve-mil-tec\\\/#primaryimage\"},\"image\":{\"@id\":\"https:\\\/\\\/toidupakk.ee\\\/lt\\\/toode\\\/gertuve-mil-tec\\\/#primaryimage\"},\"thumbnailUrl\":\"https:\\\/\\\/toidupakk.ee\\\/wp-content\\\/uploads\\\/2022\\\/07\\\/Plasku-140ml-1.png\",\"datePublished\":\"2022-07-12T13:50:57+00:00\",\"dateModified\":\"2026-04-29T13:32:04+00:00\",\"description\":\"Ner\u016bdijan\u010dio plieno gertuv\u0117 \u2013 idealus palydovas \u017evejyboje, \u017eygyje ar i\u0161vykoje su draugais. Tai taip pat puiki ir stilinga dovanos id\u0117ja.\",\"breadcrumb\":{\"@id\":\"https:\\\/\\\/toidupakk.ee\\\/lt\\\/toode\\\/gertuve-mil-tec\\\/#breadcrumb\"},\"inLanguage\":\"lt-LT\",\"potentialAction\":[{\"@type\":\"ReadAction\",\"target\":[\"https:\\\/\\\/toidupakk.ee\\\/lt\\\/toode\\\/gertuve-mil-tec\\\/\"]}]},{\"@type\":\"ImageObject\",\"inLanguage\":\"lt-LT\",\"@id\":\"https:\\\/\\\/toidupakk.ee\\\/lt\\\/toode\\\/gertuve-mil-tec\\\/#primaryimage\",\"url\":\"https:\\\/\\\/toidupakk.ee\\\/wp-content\\\/uploads\\\/2022\\\/07\\\/Plasku-140ml-1.png\",\"contentUrl\":\"https:\\\/\\\/toidupakk.ee\\\/wp-content\\\/uploads\\\/2022\\\/07\\\/Plasku-140ml-1.png\",\"width\":1080,\"height\":1080,\"caption\":\"pl\u00e4sku roostevabast terasest\"},{\"@type\":\"BreadcrumbList\",\"@id\":\"https:\\\/\\\/toidupakk.ee\\\/lt\\\/toode\\\/gertuve-mil-tec\\\/#breadcrumb\",\"itemListElement\":[{\"@type\":\"ListItem\",\"position\":1,\"name\":\"Avaleht\",\"item\":\"https:\\\/\\\/toidupakk.ee\\\/lt\\\/\"},{\"@type\":\"ListItem\",\"position\":2,\"name\":\"El. parduotuv\u0117\",\"item\":\"https:\\\/\\\/toidupakk.ee\\\/lt\\\/el-parduotuve\\\/\"},{\"@type\":\"ListItem\",\"position\":3,\"name\":\"Gertuv\u0117 MIL-TEC\"}]},{\"@type\":\"WebSite\",\"@id\":\"https:\\\/\\\/toidupakk.ee\\\/lt\\\/#website\",\"url\":\"https:\\\/\\\/toidupakk.ee\\\/lt\\\/\",\"name\":\"Toidupakk.ee - Tactical Foodpack toidupakid\",\"description\":\"Tactical Foodpack k\u00fclmkuivatatud toidupakid ja matkaeined\",\"publisher\":{\"@id\":\"https:\\\/\\\/toidupakk.ee\\\/lt\\\/#organization\"},\"potentialAction\":[{\"@type\":\"SearchAction\",\"target\":{\"@type\":\"EntryPoint\",\"urlTemplate\":\"https:\\\/\\\/toidupakk.ee\\\/lt\\\/?s={search_term_string}\"},\"query-input\":{\"@type\":\"PropertyValueSpecification\",\"valueRequired\":true,\"valueName\":\"search_term_string\"}}],\"inLanguage\":\"lt-LT\"},{\"@type\":\"Organization\",\"@id\":\"https:\\\/\\\/toidupakk.ee\\\/lt\\\/#organization\",\"name\":\"Tactical Foodpack matkaeined\",\"url\":\"https:\\\/\\\/toidupakk.ee\\\/lt\\\/\",\"logo\":{\"@type\":\"ImageObject\",\"inLanguage\":\"lt-LT\",\"@id\":\"https:\\\/\\\/toidupakk.ee\\\/lt\\\/#\\\/schema\\\/logo\\\/image\\\/\",\"url\":\"https:\\\/\\\/toidupakk.ee\\\/wp-content\\\/uploads\\\/2022\\\/01\\\/Toidupakk-matkapood-logo-transparent.png\",\"contentUrl\":\"https:\\\/\\\/toidupakk.ee\\\/wp-content\\\/uploads\\\/2022\\\/01\\\/Toidupakk-matkapood-logo-transparent.png\",\"width\":500,\"height\":500,\"caption\":\"Tactical Foodpack matkaeined\"},\"image\":{\"@id\":\"https:\\\/\\\/toidupakk.ee\\\/lt\\\/#\\\/schema\\\/logo\\\/image\\\/\"},\"sameAs\":[\"https:\\\/\\\/www.facebook.com\\\/Toidupakk\",\"https:\\\/\\\/www.instagram.com\\\/toidupakk\\\/\"]}]}<\/script>\n<!-- \/ Yoast SEO plugin. -->","yoast_head_json":{"title":"Gertuv\u0117 MIL-TEC","description":"Ner\u016bdijan\u010dio plieno gertuv\u0117 \u2013 idealus palydovas \u017evejyboje, \u017eygyje ar i\u0161vykoje su draugais. Tai taip pat puiki ir stilinga dovanos id\u0117ja.","robots":{"index":"index","follow":"follow","max-snippet":"max-snippet:-1","max-image-preview":"max-image-preview:large","max-video-preview":"max-video-preview:-1"},"canonical":"https:\/\/toidupakk.ee\/lt\/toode\/gertuve-mil-tec\/","og_locale":"lt_LT","og_type":"article","og_title":"Gertuv\u0117 MIL-TEC","og_description":"Ner\u016bdijan\u010dio plieno gertuv\u0117 \u2013 idealus palydovas \u017evejyboje, \u017eygyje ar i\u0161vykoje su draugais. Tai taip pat puiki ir stilinga dovanos id\u0117ja.","og_url":"https:\/\/toidupakk.ee\/lt\/toode\/gertuve-mil-tec\/","og_site_name":"Toidupakk.ee - Tactical Foodpack toidupakid","article_publisher":"https:\/\/www.facebook.com\/Toidupakk","article_modified_time":"2026-04-29T13:32:04+00:00","og_image":[{"width":1080,"height":1080,"url":"https:\/\/toidupakk.ee\/wp-content\/uploads\/2022\/07\/Plasku-140ml-1.png","type":"image\/png"}],"twitter_card":"summary_large_image","twitter_misc":{"Est. reading time":"1 minut\u0117"},"schema":{"@context":"https:\/\/schema.org","@graph":[{"@type":"WebPage","@id":"https:\/\/toidupakk.ee\/lt\/toode\/gertuve-mil-tec\/","url":"https:\/\/toidupakk.ee\/lt\/toode\/gertuve-mil-tec\/","name":"Gertuv\u0117 MIL-TEC","isPartOf":{"@id":"https:\/\/toidupakk.ee\/lt\/#website"},"primaryImageOfPage":{"@id":"https:\/\/toidupakk.ee\/lt\/toode\/gertuve-mil-tec\/#primaryimage"},"image":{"@id":"https:\/\/toidupakk.ee\/lt\/toode\/gertuve-mil-tec\/#primaryimage"},"thumbnailUrl":"https:\/\/toidupakk.ee\/wp-content\/uploads\/2022\/07\/Plasku-140ml-1.png","datePublished":"2022-07-12T13:50:57+00:00","dateModified":"2026-04-29T13:32:04+00:00","description":"Ner\u016bdijan\u010dio plieno gertuv\u0117 \u2013 idealus palydovas \u017evejyboje, \u017eygyje ar i\u0161vykoje su draugais. Tai taip pat puiki ir stilinga dovanos id\u0117ja.","breadcrumb":{"@id":"https:\/\/toidupakk.ee\/lt\/toode\/gertuve-mil-tec\/#breadcrumb"},"inLanguage":"lt-LT","potentialAction":[{"@type":"ReadAction","target":["https:\/\/toidupakk.ee\/lt\/toode\/gertuve-mil-tec\/"]}]},{"@type":"ImageObject","inLanguage":"lt-LT","@id":"https:\/\/toidupakk.ee\/lt\/toode\/gertuve-mil-tec\/#primaryimage","url":"https:\/\/toidupakk.ee\/wp-content\/uploads\/2022\/07\/Plasku-140ml-1.png","contentUrl":"https:\/\/toidupakk.ee\/wp-content\/uploads\/2022\/07\/Plasku-140ml-1.png","width":1080,"height":1080,"caption":"pl\u00e4sku roostevabast terasest"},{"@type":"BreadcrumbList","@id":"https:\/\/toidupakk.ee\/lt\/toode\/gertuve-mil-tec\/#breadcrumb","itemListElement":[{"@type":"ListItem","position":1,"name":"Avaleht","item":"https:\/\/toidupakk.ee\/lt\/"},{"@type":"ListItem","position":2,"name":"El. parduotuv\u0117","item":"https:\/\/toidupakk.ee\/lt\/el-parduotuve\/"},{"@type":"ListItem","position":3,"name":"Gertuv\u0117 MIL-TEC"}]},{"@type":"WebSite","@id":"https:\/\/toidupakk.ee\/lt\/#website","url":"https:\/\/toidupakk.ee\/lt\/","name":"Toidupakk.ee - Tactical Foodpack toidupakid","description":"Tactical Foodpack k\u00fclmkuivatatud toidupakid ja matkaeined","publisher":{"@id":"https:\/\/toidupakk.ee\/lt\/#organization"},"potentialAction":[{"@type":"SearchAction","target":{"@type":"EntryPoint","urlTemplate":"https:\/\/toidupakk.ee\/lt\/?s={search_term_string}"},"query-input":{"@type":"PropertyValueSpecification","valueRequired":true,"valueName":"search_term_string"}}],"inLanguage":"lt-LT"},{"@type":"Organization","@id":"https:\/\/toidupakk.ee\/lt\/#organization","name":"Tactical Foodpack matkaeined","url":"https:\/\/toidupakk.ee\/lt\/","logo":{"@type":"ImageObject","inLanguage":"lt-LT","@id":"https:\/\/toidupakk.ee\/lt\/#\/schema\/logo\/image\/","url":"https:\/\/toidupakk.ee\/wp-content\/uploads\/2022\/01\/Toidupakk-matkapood-logo-transparent.png","contentUrl":"https:\/\/toidupakk.ee\/wp-content\/uploads\/2022\/01\/Toidupakk-matkapood-logo-transparent.png","width":500,"height":500,"caption":"Tactical Foodpack matkaeined"},"image":{"@id":"https:\/\/toidupakk.ee\/lt\/#\/schema\/logo\/image\/"},"sameAs":["https:\/\/www.facebook.com\/Toidupakk","https:\/\/www.instagram.com\/toidupakk\/"]}]}},"jetpack_sharing_enabled":true,"_links":{"self":[{"href":"https:\/\/toidupakk.ee\/lt\/wp-json\/wp\/v2\/product\/47582","targetHints":{"allow":["GET"]}}],"collection":[{"href":"https:\/\/toidupakk.ee\/lt\/wp-json\/wp\/v2\/product"}],"about":[{"href":"https:\/\/toidupakk.ee\/lt\/wp-json\/wp\/v2\/types\/product"}],"replies":[{"embeddable":true,"href":"https:\/\/toidupakk.ee\/lt\/wp-json\/wp\/v2\/comments?post=47582"}],"wp:featuredmedia":[{"embeddable":true,"href":"https:\/\/toidupakk.ee\/lt\/wp-json\/wp\/v2\/media\/2615"}],"wp:attachment":[{"href":"https:\/\/toidupakk.ee\/lt\/wp-json\/wp\/v2\/media?parent=47582"}],"wp:term":[{"taxonomy":"product_brand","embeddable":true,"href":"https:\/\/toidupakk.ee\/lt\/wp-json\/wp\/v2\/product_brand?post=47582"},{"taxonomy":"product_cat","embeddable":true,"href":"https:\/\/toidupakk.ee\/lt\/wp-json\/wp\/v2\/product_cat?post=47582"},{"taxonomy":"product_tag","embeddable":true,"href":"https:\/\/toidupakk.ee\/lt\/wp-json\/wp\/v2\/product_tag?post=47582"}],"curies":[{"name":"wp","href":"https:\/\/api.w.org\/{rel}","templated":true}]}}