{"id":47567,"date":"2022-06-01T11:15:49","date_gmt":"2022-06-01T08:15:49","guid":{"rendered":"https:\/\/toidupakk.ee\/toode\/turistine-virykle-mil-tec-spider\/"},"modified":"2026-04-21T12:00:33","modified_gmt":"2026-04-21T09:00:33","slug":"turistine-virykle-mil-tec-spider","status":"publish","type":"product","link":"https:\/\/toidupakk.ee\/lt\/toode\/turistine-virykle-mil-tec-spider\/","title":{"rendered":"Turistin\u0117 virykl\u0117 \u201eMil-Tec Spider\u201c"},"content":{"rendered":"<h1>Turistin\u0117 virykl\u0117, paliekanti vietos krep\u0161yje<\/h1>\n<p>&nbsp;<\/p>\n<p>\u201eMil-Tec\u201c turistin\u0117 virykl\u0117 yra kompakti\u0161ka. \u012e \u017eyg\u012f ji keliauja kartu su <a href=\"https:\/\/toidupakk.ee\/tactical-foodpack\/gaasiballoon-matkale-300g-keermega\/\">duj\u0173 balionu<\/a>, kuris sveria vos 300 g. Pats degiklis prideda 180 g, tad su ma\u017eiau nei puse kilogramo kuprin\u0117je u\u017esitikrinsi sau \u0161ilt\u0105 valg\u012f. U\u017esivirk vandens <a href=\"\/?product_cat=pearoog#section-3-79\">\u201eTactical Foodpack\u201c<\/a> ar <a href=\"https:\/\/toidupakk.ee\/lt\/tootekategooria\/meki-maistas-zygiams\/\">\u201eMeki\u201c \u017eygio maistui<\/a> paruo\u0161ti arba i\u0161sivirk bulvi\u0173 \u2013 pasirinkimas tavo. Svarbiausia, kad \u017eygio \u012frang\u0105 sudaryt\u0173 kokybi\u0161ka virykl\u0117 ir sriegis duj\u0173 balionas, kurie idealiai dera tarpusavyje.    <\/p>\n<p>Be to, \u012f i\u0161vyk\u0105 verta pasiimti ir <a href=\"https:\/\/toidupakk.ee\/tactical-foodpack\/kokkupandav-matkalaud\/\">turistin\u012f stal\u0105<\/a>, <a href=\"https:\/\/toidupakk.ee\/tactical-foodpack\/matkanoude-komplekt\/\">ind\u0173 rinkin\u012f<\/a> arba, jei tr\u016bksta vietos, <a href=\"https:\/\/toidupakk.ee\/tactical-foodpack\/matkalusikas-wildo-spork-3in1\/\">\u0161auk\u0161t\u0105-\u0161akut\u0119<\/a>, kuria patogu valgyti.<\/p>\n<p>&nbsp;<\/p>\n<p>\u017di\u016br\u0117k, kaip paruo\u0161ti \u017eygio maist\u0105 <a href=\"https:\/\/toidupakk.ee\/kuidas-kasutada\/\">\u010cIA<\/a><\/p>\n<p>&nbsp;<\/p>\n<p>Per\u017ei\u016br\u0117k visas \u017eygio prekes <a href=\"https:\/\/toidupakk.ee\/lt\/tootekategooria\/zygio-iranga\/#section-3-79\">\u010cIA<\/a><\/p>\n<p>Pasisemk \u012fkv\u0117pimo kitiems nuotykiams \u201eToidupakk\u201c <a href=\"https:\/\/www.instagram.com\/toidupakk\/\">Instagram<\/a> ir <a href=\"https:\/\/www.facebook.com\/Toidupakk\/\">Facebook<\/a> paskyrose.<\/p>\n<p>&nbsp;<\/p>\n","protected":false},"excerpt":{"rendered":"<p>Kad \u017eygyje gal\u0117tum m\u0117gautis \u0161iltu maistu, nesvarbu, ar tai b\u016bt\u0173 pa\u010dio pagamintas patiekalas, ar skanus \u0161altyje d\u017eiovintas maistas i\u0161 pakuot\u0117s, j\u012f reikia ka\u017ekaip pa\u0161ildyti. \u0160iltas maistas suteikia energijos ir j\u0117g\u0173 jud\u0117ti toliau. Tam \u012f \u017eyg\u012f gali pasiimti ma\u017e\u0105 <a href=\"https:\/\/toidupakk.ee\/tactical-foodpack\/gaasiballoon-matkale-300g-keermega\/\">duj\u0173 balion\u0105<\/a> ir su juo lengvai suderinam\u0105 duj\u0173 degikl\u012f \/ turistin\u0119 virykl\u0119.  <\/p>\n<ul>\n<li>Vo\u017etuvas: aliuminio lydinys<\/li>\n<li>Degiklis: ner\u016bdijantis plienas<\/li>\n<li>Tvirtinimas: plienas<\/li>\n<li>Svoris: 180 g<\/li>\n<li>Galia: 1800 W<\/li>\n<li>Matmenys sulanks\u010dius: apie 10,5 cm x 8 cm <\/li>\n<\/ul>\n<p>\u2705 Turime sand\u0117lyje, greitas pristatymas per 1\u20133 darbo dienas<\/p>\n","protected":false},"featured_media":2035,"comment_status":"open","ping_status":"closed","template":"","meta":{"_acf_changed":false},"product_brand":[],"product_cat":[193,196,210,189,190,209],"product_tag":[],"class_list":{"0":"post-47567","1":"product","2":"type-product","3":"status-publish","4":"has-post-thumbnail","6":"product_cat-karine-ekipuote","7":"product_cat-maisto-gaminimas","8":"product_cat-mil-tec","9":"product_cat-zygio-iranga","10":"product_cat-zygio-prekes","11":"product_cat-zygio-virykles","13":"first","14":"onbackorder","15":"sale","16":"taxable","17":"shipping-taxable","18":"purchasable","19":"product-type-simple"},"bundled_by":[],"bundle_stock_status":"onbackorder","bundle_stock_quantity":-1,"bundle_virtual":false,"bundle_layout":"","bundle_add_to_cart_form_location":"","bundle_editable_in_cart":false,"bundle_sold_individually_context":"","bundle_item_grouping":"","bundle_min_size":"","bundle_max_size":"","bundle_price":[],"bundled_items":[],"bundle_sell_ids":[],"acf":[],"yoast_head":"<!-- This site is optimized with the Yoast SEO plugin v27.3 - https:\/\/yoast.com\/product\/yoast-seo-wordpress\/ -->\n<title>Turistin\u0117 virykl\u0117 \u201eMil-Tec Spider\u201c<\/title>\n<meta name=\"description\" content=\"Turistin\u0117 virykl\u0117 \u201eMIL-TEC Spider\u201c yra nepakei\u010diama palydov\u0117 lauko s\u0105lygomis. Kompakti\u0161ka virykl\u0117 leid\u017eia patogiai pasigaminti \u0161ilt\u0105 maist\u0105 bet kurioje vietoje.\" \/>\n<meta name=\"robots\" content=\"index, follow, max-snippet:-1, max-image-preview:large, max-video-preview:-1\" \/>\n<link rel=\"canonical\" href=\"https:\/\/toidupakk.ee\/lt\/toode\/turistine-virykle-mil-tec-spider\/\" \/>\n<meta property=\"og:locale\" content=\"lt_LT\" \/>\n<meta property=\"og:type\" content=\"article\" \/>\n<meta property=\"og:title\" content=\"Turistin\u0117 virykl\u0117 \u201eMil-Tec Spider\u201c\" \/>\n<meta property=\"og:description\" content=\"Turistin\u0117 virykl\u0117 \u201eMIL-TEC Spider\u201c yra nepakei\u010diama palydov\u0117 lauko s\u0105lygomis. Kompakti\u0161ka virykl\u0117 leid\u017eia patogiai pasigaminti \u0161ilt\u0105 maist\u0105 bet kurioje vietoje.\" \/>\n<meta property=\"og:url\" content=\"https:\/\/toidupakk.ee\/lt\/toode\/turistine-virykle-mil-tec-spider\/\" \/>\n<meta property=\"og:site_name\" content=\"Toidupakk.ee - Tactical Foodpack toidupakid\" \/>\n<meta property=\"article:publisher\" content=\"https:\/\/www.facebook.com\/Toidupakk\" \/>\n<meta property=\"article:modified_time\" content=\"2026-04-21T09:00:33+00:00\" \/>\n<meta property=\"og:image\" content=\"https:\/\/toidupakk.ee\/wp-content\/uploads\/2022\/06\/Matkapliit-Mil-Tec-Spider-3.png\" \/>\n\t<meta property=\"og:image:width\" content=\"1080\" \/>\n\t<meta property=\"og:image:height\" content=\"1080\" \/>\n\t<meta property=\"og:image:type\" content=\"image\/png\" \/>\n<meta name=\"twitter:card\" content=\"summary_large_image\" \/>\n<meta name=\"twitter:label1\" content=\"Est. reading time\" \/>\n\t<meta name=\"twitter:data1\" content=\"1 minut\u0117\" \/>\n<script type=\"application\/ld+json\" class=\"yoast-schema-graph\">{\"@context\":\"https:\\\/\\\/schema.org\",\"@graph\":[{\"@type\":\"WebPage\",\"@id\":\"https:\\\/\\\/toidupakk.ee\\\/lt\\\/toode\\\/turistine-virykle-mil-tec-spider\\\/\",\"url\":\"https:\\\/\\\/toidupakk.ee\\\/lt\\\/toode\\\/turistine-virykle-mil-tec-spider\\\/\",\"name\":\"Turistin\u0117 virykl\u0117 \u201eMil-Tec Spider\u201c\",\"isPartOf\":{\"@id\":\"https:\\\/\\\/toidupakk.ee\\\/lt\\\/#website\"},\"primaryImageOfPage\":{\"@id\":\"https:\\\/\\\/toidupakk.ee\\\/lt\\\/toode\\\/turistine-virykle-mil-tec-spider\\\/#primaryimage\"},\"image\":{\"@id\":\"https:\\\/\\\/toidupakk.ee\\\/lt\\\/toode\\\/turistine-virykle-mil-tec-spider\\\/#primaryimage\"},\"thumbnailUrl\":\"https:\\\/\\\/toidupakk.ee\\\/wp-content\\\/uploads\\\/2022\\\/06\\\/Matkapliit-Mil-Tec-Spider-3.png\",\"datePublished\":\"2022-06-01T08:15:49+00:00\",\"dateModified\":\"2026-04-21T09:00:33+00:00\",\"description\":\"Turistin\u0117 virykl\u0117 \u201eMIL-TEC Spider\u201c yra nepakei\u010diama palydov\u0117 lauko s\u0105lygomis. Kompakti\u0161ka virykl\u0117 leid\u017eia patogiai pasigaminti \u0161ilt\u0105 maist\u0105 bet kurioje vietoje.\",\"breadcrumb\":{\"@id\":\"https:\\\/\\\/toidupakk.ee\\\/lt\\\/toode\\\/turistine-virykle-mil-tec-spider\\\/#breadcrumb\"},\"inLanguage\":\"lt-LT\",\"potentialAction\":[{\"@type\":\"ReadAction\",\"target\":[\"https:\\\/\\\/toidupakk.ee\\\/lt\\\/toode\\\/turistine-virykle-mil-tec-spider\\\/\"]}]},{\"@type\":\"ImageObject\",\"inLanguage\":\"lt-LT\",\"@id\":\"https:\\\/\\\/toidupakk.ee\\\/lt\\\/toode\\\/turistine-virykle-mil-tec-spider\\\/#primaryimage\",\"url\":\"https:\\\/\\\/toidupakk.ee\\\/wp-content\\\/uploads\\\/2022\\\/06\\\/Matkapliit-Mil-Tec-Spider-3.png\",\"contentUrl\":\"https:\\\/\\\/toidupakk.ee\\\/wp-content\\\/uploads\\\/2022\\\/06\\\/Matkapliit-Mil-Tec-Spider-3.png\",\"width\":1080,\"height\":1080,\"caption\":\"Matkapliit tootepilt\"},{\"@type\":\"BreadcrumbList\",\"@id\":\"https:\\\/\\\/toidupakk.ee\\\/lt\\\/toode\\\/turistine-virykle-mil-tec-spider\\\/#breadcrumb\",\"itemListElement\":[{\"@type\":\"ListItem\",\"position\":1,\"name\":\"Avaleht\",\"item\":\"https:\\\/\\\/toidupakk.ee\\\/lt\\\/\"},{\"@type\":\"ListItem\",\"position\":2,\"name\":\"El. parduotuv\u0117\",\"item\":\"https:\\\/\\\/toidupakk.ee\\\/lt\\\/el-parduotuve\\\/\"},{\"@type\":\"ListItem\",\"position\":3,\"name\":\"Turistin\u0117 virykl\u0117 \u201eMil-Tec Spider\u201c\"}]},{\"@type\":\"WebSite\",\"@id\":\"https:\\\/\\\/toidupakk.ee\\\/lt\\\/#website\",\"url\":\"https:\\\/\\\/toidupakk.ee\\\/lt\\\/\",\"name\":\"Toidupakk.ee - Tactical Foodpack toidupakid\",\"description\":\"Tactical Foodpack k\u00fclmkuivatatud toidupakid ja matkaeined\",\"publisher\":{\"@id\":\"https:\\\/\\\/toidupakk.ee\\\/lt\\\/#organization\"},\"potentialAction\":[{\"@type\":\"SearchAction\",\"target\":{\"@type\":\"EntryPoint\",\"urlTemplate\":\"https:\\\/\\\/toidupakk.ee\\\/lt\\\/?s={search_term_string}\"},\"query-input\":{\"@type\":\"PropertyValueSpecification\",\"valueRequired\":true,\"valueName\":\"search_term_string\"}}],\"inLanguage\":\"lt-LT\"},{\"@type\":\"Organization\",\"@id\":\"https:\\\/\\\/toidupakk.ee\\\/lt\\\/#organization\",\"name\":\"Tactical Foodpack matkaeined\",\"url\":\"https:\\\/\\\/toidupakk.ee\\\/lt\\\/\",\"logo\":{\"@type\":\"ImageObject\",\"inLanguage\":\"lt-LT\",\"@id\":\"https:\\\/\\\/toidupakk.ee\\\/lt\\\/#\\\/schema\\\/logo\\\/image\\\/\",\"url\":\"https:\\\/\\\/toidupakk.ee\\\/wp-content\\\/uploads\\\/2022\\\/01\\\/Toidupakk-matkapood-logo-transparent.png\",\"contentUrl\":\"https:\\\/\\\/toidupakk.ee\\\/wp-content\\\/uploads\\\/2022\\\/01\\\/Toidupakk-matkapood-logo-transparent.png\",\"width\":500,\"height\":500,\"caption\":\"Tactical Foodpack matkaeined\"},\"image\":{\"@id\":\"https:\\\/\\\/toidupakk.ee\\\/lt\\\/#\\\/schema\\\/logo\\\/image\\\/\"},\"sameAs\":[\"https:\\\/\\\/www.facebook.com\\\/Toidupakk\",\"https:\\\/\\\/www.instagram.com\\\/toidupakk\\\/\"]}]}<\/script>\n<!-- \/ Yoast SEO plugin. -->","yoast_head_json":{"title":"Turistin\u0117 virykl\u0117 \u201eMil-Tec Spider\u201c","description":"Turistin\u0117 virykl\u0117 \u201eMIL-TEC Spider\u201c yra nepakei\u010diama palydov\u0117 lauko s\u0105lygomis. Kompakti\u0161ka virykl\u0117 leid\u017eia patogiai pasigaminti \u0161ilt\u0105 maist\u0105 bet kurioje vietoje.","robots":{"index":"index","follow":"follow","max-snippet":"max-snippet:-1","max-image-preview":"max-image-preview:large","max-video-preview":"max-video-preview:-1"},"canonical":"https:\/\/toidupakk.ee\/lt\/toode\/turistine-virykle-mil-tec-spider\/","og_locale":"lt_LT","og_type":"article","og_title":"Turistin\u0117 virykl\u0117 \u201eMil-Tec Spider\u201c","og_description":"Turistin\u0117 virykl\u0117 \u201eMIL-TEC Spider\u201c yra nepakei\u010diama palydov\u0117 lauko s\u0105lygomis. Kompakti\u0161ka virykl\u0117 leid\u017eia patogiai pasigaminti \u0161ilt\u0105 maist\u0105 bet kurioje vietoje.","og_url":"https:\/\/toidupakk.ee\/lt\/toode\/turistine-virykle-mil-tec-spider\/","og_site_name":"Toidupakk.ee - Tactical Foodpack toidupakid","article_publisher":"https:\/\/www.facebook.com\/Toidupakk","article_modified_time":"2026-04-21T09:00:33+00:00","og_image":[{"width":1080,"height":1080,"url":"https:\/\/toidupakk.ee\/wp-content\/uploads\/2022\/06\/Matkapliit-Mil-Tec-Spider-3.png","type":"image\/png"}],"twitter_card":"summary_large_image","twitter_misc":{"Est. reading time":"1 minut\u0117"},"schema":{"@context":"https:\/\/schema.org","@graph":[{"@type":"WebPage","@id":"https:\/\/toidupakk.ee\/lt\/toode\/turistine-virykle-mil-tec-spider\/","url":"https:\/\/toidupakk.ee\/lt\/toode\/turistine-virykle-mil-tec-spider\/","name":"Turistin\u0117 virykl\u0117 \u201eMil-Tec Spider\u201c","isPartOf":{"@id":"https:\/\/toidupakk.ee\/lt\/#website"},"primaryImageOfPage":{"@id":"https:\/\/toidupakk.ee\/lt\/toode\/turistine-virykle-mil-tec-spider\/#primaryimage"},"image":{"@id":"https:\/\/toidupakk.ee\/lt\/toode\/turistine-virykle-mil-tec-spider\/#primaryimage"},"thumbnailUrl":"https:\/\/toidupakk.ee\/wp-content\/uploads\/2022\/06\/Matkapliit-Mil-Tec-Spider-3.png","datePublished":"2022-06-01T08:15:49+00:00","dateModified":"2026-04-21T09:00:33+00:00","description":"Turistin\u0117 virykl\u0117 \u201eMIL-TEC Spider\u201c yra nepakei\u010diama palydov\u0117 lauko s\u0105lygomis. Kompakti\u0161ka virykl\u0117 leid\u017eia patogiai pasigaminti \u0161ilt\u0105 maist\u0105 bet kurioje vietoje.","breadcrumb":{"@id":"https:\/\/toidupakk.ee\/lt\/toode\/turistine-virykle-mil-tec-spider\/#breadcrumb"},"inLanguage":"lt-LT","potentialAction":[{"@type":"ReadAction","target":["https:\/\/toidupakk.ee\/lt\/toode\/turistine-virykle-mil-tec-spider\/"]}]},{"@type":"ImageObject","inLanguage":"lt-LT","@id":"https:\/\/toidupakk.ee\/lt\/toode\/turistine-virykle-mil-tec-spider\/#primaryimage","url":"https:\/\/toidupakk.ee\/wp-content\/uploads\/2022\/06\/Matkapliit-Mil-Tec-Spider-3.png","contentUrl":"https:\/\/toidupakk.ee\/wp-content\/uploads\/2022\/06\/Matkapliit-Mil-Tec-Spider-3.png","width":1080,"height":1080,"caption":"Matkapliit tootepilt"},{"@type":"BreadcrumbList","@id":"https:\/\/toidupakk.ee\/lt\/toode\/turistine-virykle-mil-tec-spider\/#breadcrumb","itemListElement":[{"@type":"ListItem","position":1,"name":"Avaleht","item":"https:\/\/toidupakk.ee\/lt\/"},{"@type":"ListItem","position":2,"name":"El. parduotuv\u0117","item":"https:\/\/toidupakk.ee\/lt\/el-parduotuve\/"},{"@type":"ListItem","position":3,"name":"Turistin\u0117 virykl\u0117 \u201eMil-Tec Spider\u201c"}]},{"@type":"WebSite","@id":"https:\/\/toidupakk.ee\/lt\/#website","url":"https:\/\/toidupakk.ee\/lt\/","name":"Toidupakk.ee - Tactical Foodpack toidupakid","description":"Tactical Foodpack k\u00fclmkuivatatud toidupakid ja matkaeined","publisher":{"@id":"https:\/\/toidupakk.ee\/lt\/#organization"},"potentialAction":[{"@type":"SearchAction","target":{"@type":"EntryPoint","urlTemplate":"https:\/\/toidupakk.ee\/lt\/?s={search_term_string}"},"query-input":{"@type":"PropertyValueSpecification","valueRequired":true,"valueName":"search_term_string"}}],"inLanguage":"lt-LT"},{"@type":"Organization","@id":"https:\/\/toidupakk.ee\/lt\/#organization","name":"Tactical Foodpack matkaeined","url":"https:\/\/toidupakk.ee\/lt\/","logo":{"@type":"ImageObject","inLanguage":"lt-LT","@id":"https:\/\/toidupakk.ee\/lt\/#\/schema\/logo\/image\/","url":"https:\/\/toidupakk.ee\/wp-content\/uploads\/2022\/01\/Toidupakk-matkapood-logo-transparent.png","contentUrl":"https:\/\/toidupakk.ee\/wp-content\/uploads\/2022\/01\/Toidupakk-matkapood-logo-transparent.png","width":500,"height":500,"caption":"Tactical Foodpack matkaeined"},"image":{"@id":"https:\/\/toidupakk.ee\/lt\/#\/schema\/logo\/image\/"},"sameAs":["https:\/\/www.facebook.com\/Toidupakk","https:\/\/www.instagram.com\/toidupakk\/"]}]}},"jetpack_sharing_enabled":true,"_links":{"self":[{"href":"https:\/\/toidupakk.ee\/lt\/wp-json\/wp\/v2\/product\/47567","targetHints":{"allow":["GET"]}}],"collection":[{"href":"https:\/\/toidupakk.ee\/lt\/wp-json\/wp\/v2\/product"}],"about":[{"href":"https:\/\/toidupakk.ee\/lt\/wp-json\/wp\/v2\/types\/product"}],"replies":[{"embeddable":true,"href":"https:\/\/toidupakk.ee\/lt\/wp-json\/wp\/v2\/comments?post=47567"}],"wp:featuredmedia":[{"embeddable":true,"href":"https:\/\/toidupakk.ee\/lt\/wp-json\/wp\/v2\/media\/2035"}],"wp:attachment":[{"href":"https:\/\/toidupakk.ee\/lt\/wp-json\/wp\/v2\/media?parent=47567"}],"wp:term":[{"taxonomy":"product_brand","embeddable":true,"href":"https:\/\/toidupakk.ee\/lt\/wp-json\/wp\/v2\/product_brand?post=47567"},{"taxonomy":"product_cat","embeddable":true,"href":"https:\/\/toidupakk.ee\/lt\/wp-json\/wp\/v2\/product_cat?post=47567"},{"taxonomy":"product_tag","embeddable":true,"href":"https:\/\/toidupakk.ee\/lt\/wp-json\/wp\/v2\/product_tag?post=47567"}],"curies":[{"name":"wp","href":"https:\/\/api.w.org\/{rel}","templated":true}]}}