{"id":47566,"date":"2022-06-29T12:52:16","date_gmt":"2022-06-29T09:52:16","guid":{"rendered":"https:\/\/toidupakk.ee\/toode\/vandens-valymo-tabletes-katadyn-micropur-classic\/"},"modified":"2026-04-04T01:00:36","modified_gmt":"2026-04-03T22:00:36","slug":"vandens-valymo-tabletes-katadyn-micropur-classic","status":"publish","type":"product","link":"https:\/\/toidupakk.ee\/lt\/toode\/vandens-valymo-tabletes-katadyn-micropur-classic\/","title":{"rendered":"Vandens valymo tablet\u0117s \u201eKatadyn Micropur Classic\u201c"},"content":{"rendered":"<h1><img fetchpriority=\"high\" decoding=\"async\" class=\"alignright wp-image-2478 size-thumbnail\" src=\"https:\/\/toidupakk.ee\/wp-content\/uploads\/2022\/06\/Veepuhastustabletid-Micropur-Classic-3-500x500.png\" alt=\"Vandens valymo tablet\u0117s \u201eMicropur Classic\u201c\" width=\"500\" height=\"500\" srcset=\"https:\/\/toidupakk.ee\/wp-content\/uploads\/2022\/06\/Veepuhastustabletid-Micropur-Classic-3-500x500.png 500w, https:\/\/toidupakk.ee\/wp-content\/uploads\/2022\/06\/Veepuhastustabletid-Micropur-Classic-3-400x400.png 400w, https:\/\/toidupakk.ee\/wp-content\/uploads\/2022\/06\/Veepuhastustabletid-Micropur-Classic-3-100x100.png 100w, https:\/\/toidupakk.ee\/wp-content\/uploads\/2022\/06\/Veepuhastustabletid-Micropur-Classic-3-800x800.png 800w, https:\/\/toidupakk.ee\/wp-content\/uploads\/2022\/06\/Veepuhastustabletid-Micropur-Classic-3-300x300.png 300w, https:\/\/toidupakk.ee\/wp-content\/uploads\/2022\/06\/Veepuhastustabletid-Micropur-Classic-3-1024x1024.png 1024w, https:\/\/toidupakk.ee\/wp-content\/uploads\/2022\/06\/Veepuhastustabletid-Micropur-Classic-3-768x768.png 768w, https:\/\/toidupakk.ee\/wp-content\/uploads\/2022\/06\/Veepuhastustabletid-Micropur-Classic-3.png 1080w\" sizes=\"(max-width: 500px) 100vw, 500px\" \/><\/h1>\n<h1>Vandens valymo tablet\u0117s yra b\u016btinos<\/h1>\n<p>Keliaujant po tolimas \u0161alis vis neapleid\u017eia jausmas, ar vandentiekio vanduo yra pakankamai \u0161varus gerti. Pavyzd\u017eiui, Pasaulio sveikatos organizacija (PSO) 80 % vis\u0173 su kelion\u0117mis susijusi\u0173 lig\u0173 priskiria u\u017eter\u0161tam geriamajam vandeniui. Kelion\u0117je tikrai nesinori gul\u0117ti lovoje d\u0117l vir\u0161kinimo sutrikim\u0173. Tad profilaktikai rekomenduojama visada su savimi tur\u0117ti <strong>\u201eKatadyn Micropur Classic\u201c vandens valymo tabletes<\/strong>.   <\/p>\n<p>&nbsp;<\/p>\n<h2>Kaip veikia \u201eMicropur Classic\u201c<\/h2>\n<p>Vandens valymo tablet\u0117s pa\u0161alina kenksmingus su geriamuoju vandeniu susijusius pavojus, pavyzd\u017eiui, virusus ir bakterijas, \u012fskaitant da\u017enus \u017earnyno suk\u0117l\u0117jus, tokius kaip E. coli, salmonel\u0117s ir cholera. Ta\u010diau svarbu pa\u017eym\u0117ti, kad tablet\u0117s su sidabro jonais nepa\u0161alina chemini\u0173 ter\u0161al\u0173, nuos\u0117d\u0173 ar tam tikr\u0173 pirmuoni\u0173. Vandeniui i\u0161 gamtini\u0173 \u0161altini\u0173 valyti rekomenduojame naudoti <a href=\"https:\/\/toidupakk.ee\/tactical-foodpack\/veepuhastustabletid-katadyn-micropur-forte\/\">vandens valymo tabletes \u201eKatadyn Micropur Forte\u201c<\/a>, kuri\u0173 sud\u0117tyje be sidabro jon\u0173 yra ir saugus kiekis chloro.  <\/p>\n<p>&nbsp;<\/p>\n<h2>Vandens valymo tablet\u0117s naudojimas<\/h2>\n<p>\u201eKatadyn Micropur Classic\u201c vandens valymo tablet\u0117s yra greita ir veiksminga putojanti priemon\u0117 \u0161variam geriamajam vandeniui paruo\u0161ti. Viena tablet\u0117 skirta vienam litrui vandens. Naudojant sidabro jonus, vanduo i\u0161lieka tinkamas vartoti iki 6 m\u0117nesi\u0173. Skirta vandentiekio vandeniui valyti.   <\/p>\n<p>&nbsp;<\/p>\n<ul>\n<li>\u012emesk 1 putojan\u010di\u0105 vandens valymo tablet\u0119 vienam litrui vandens. Palik veikti 2 valandas. <\/li>\n<\/ul>\n<p>&nbsp;<\/p>\n<h3>Atsargumo priemon\u0117s<\/h3>\n<ul>\n<li>Nenaudoti kartu su kitais produktais.<\/li>\n<li>Sukelia smark\u0173 aki\u0173 dirginim\u0105. Patekus \u012f akis, kelias minutes atsargiai plauti vandeniu. I\u0161imti kontaktinius l\u0119\u0161ius, jeigu jie yra ir jeigu lengvai galima tai padaryti. Toliau plauti akis. Jei aki\u0173 dirginimas nepraeina, kreiptis \u012f gydytoj\u0105.    <\/li>\n<li>Jei reikalinga gydytojo konsultacija, su savimi tur\u0117k produkto talpykl\u0105 ar jo etiket\u0119.<\/li>\n<li>Laikyti vaikams nepasiekiamoje vietoje.<\/li>\n<li>Laikyti sausoje vietoje, apsaugotoje nuo \u0161viesos, originalioje pakuot\u0117je.<\/li>\n<li>Toksi\u0161ka vandens organizmams, sukelia ilgalaikius pakitimus.<\/li>\n<li>Vengti patekimo \u012f aplink\u0105.<\/li>\n<li>Turin\u012f \/ talpykl\u0105 i\u0161mesti pagal vietines taisykles.<\/li>\n<\/ul>\n<p><a href=\"https:\/\/toidupakk.ee\/wp-content\/uploads\/2022\/06\/SDS-Micropur-Classic-tablets-MC-1T_en.pdf\">Katadyn Micropur Classic information sheet_en<\/a><\/p>\n<p>Daugiau \u017eygio preki\u0173 rasi <a href=\"https:\/\/toidupakk.ee\/lt\/tootekategooria\/zygio-iranga\/#section-3-79\">\u010cIA<\/a><\/p>\n<p>Pasisemk \u012fkv\u0117pimo kitiems nuotykiams \u201eToidupakk\u201c <a href=\"https:\/\/www.instagram.com\/toidupakk\/\">Instagram<\/a> ir <a href=\"https:\/\/www.facebook.com\/Toidupakk\/\">Facebook<\/a> paskyrose.<\/p>\n","protected":false},"excerpt":{"rendered":"<p>Nepakei\u010diama priemon\u0117 norint \u012fsitikinti vandentiekio vandens \u0161vara. Vandens valymo tablet\u0117s su sidabro jonais i\u0161valo u\u017eter\u0161t\u0105 vanden\u012f nuo bakterij\u0173 ir virus\u0173. <\/p>\n<ul>\n<li>Veikimo laikas vandenyje: 2 h<\/li>\n<li>Dozavimas: 1 tablet\u0117 litrui<\/li>\n<li>Galiojimo laikas neatidarius: 5 metai<\/li>\n<li>Technologija: sidabro jonai<\/li>\n<li>Be chloro<\/li>\n<li><strong>Kiekis: 1 d\u0117\u017eut\u0117 (100 table\u010di\u0173)<\/strong><\/li>\n<\/ul>\n<p>\u2705 Turime sand\u0117lyje, greitas pristatymas per 1\u20133 darbo dienas<\/p>\n","protected":false},"featured_media":2476,"comment_status":"open","ping_status":"closed","template":"","meta":{"_acf_changed":false},"product_brand":[],"product_cat":[196,211,189,190],"product_tag":[],"class_list":{"0":"post-47566","1":"product","2":"type-product","3":"status-publish","4":"has-post-thumbnail","6":"product_cat-maisto-gaminimas","7":"product_cat-vandens-valymas","8":"product_cat-zygio-iranga","9":"product_cat-zygio-prekes","11":"first","12":"outofstock","13":"sale","14":"taxable","15":"shipping-taxable","16":"purchasable","17":"product-type-simple"},"bundled_by":[],"bundle_stock_status":"outofstock","bundle_stock_quantity":0,"bundle_virtual":false,"bundle_layout":"","bundle_add_to_cart_form_location":"","bundle_editable_in_cart":false,"bundle_sold_individually_context":"","bundle_item_grouping":"","bundle_min_size":"","bundle_max_size":"","bundle_price":[],"bundled_items":[],"bundle_sell_ids":[],"acf":[],"yoast_head":"<!-- This site is optimized with the Yoast SEO plugin v27.1.1 - https:\/\/yoast.com\/product\/yoast-seo-wordpress\/ -->\n<title>Vandens valymo tablet\u0117s \u201eKatadyn Micropur Classic\u201c - Toidupakk.ee - Tactical Foodpack toidupakid<\/title>\n<meta name=\"description\" content=\"Vandens valymo tablet\u0117s su sidabro jonais i\u0161valo u\u017eter\u0161t\u0105 vanden\u012f nuo bakterij\u0173 ir virus\u0173. Tinka kelion\u0117ms, kai kyla abejoni\u0173 d\u0117l vandentiekio vandens \u0161varos.\" \/>\n<meta name=\"robots\" content=\"index, follow, max-snippet:-1, max-image-preview:large, max-video-preview:-1\" \/>\n<link rel=\"canonical\" href=\"https:\/\/toidupakk.ee\/lt\/toode\/vandens-valymo-tabletes-katadyn-micropur-classic\/\" \/>\n<meta property=\"og:locale\" content=\"lt_LT\" \/>\n<meta property=\"og:type\" content=\"article\" \/>\n<meta property=\"og:title\" content=\"Vandens valymo tablet\u0117s \u201eKatadyn Micropur Classic\u201c - Toidupakk.ee - Tactical Foodpack toidupakid\" \/>\n<meta property=\"og:description\" content=\"Vandens valymo tablet\u0117s su sidabro jonais i\u0161valo u\u017eter\u0161t\u0105 vanden\u012f nuo bakterij\u0173 ir virus\u0173. Tinka kelion\u0117ms, kai kyla abejoni\u0173 d\u0117l vandentiekio vandens \u0161varos.\" \/>\n<meta property=\"og:url\" content=\"https:\/\/toidupakk.ee\/lt\/toode\/vandens-valymo-tabletes-katadyn-micropur-classic\/\" \/>\n<meta property=\"og:site_name\" content=\"Toidupakk.ee - Tactical Foodpack toidupakid\" \/>\n<meta property=\"article:publisher\" content=\"https:\/\/www.facebook.com\/Toidupakk\" \/>\n<meta property=\"article:modified_time\" content=\"2026-04-03T22:00:36+00:00\" \/>\n<meta property=\"og:image\" content=\"https:\/\/toidupakk.ee\/wp-content\/uploads\/2022\/06\/Veepuhastustabletid-Micropur-Classic-1.png\" \/>\n\t<meta property=\"og:image:width\" content=\"1080\" \/>\n\t<meta property=\"og:image:height\" content=\"1080\" \/>\n\t<meta property=\"og:image:type\" content=\"image\/png\" \/>\n<meta name=\"twitter:card\" content=\"summary_large_image\" \/>\n<meta name=\"twitter:label1\" content=\"Est. reading time\" \/>\n\t<meta name=\"twitter:data1\" content=\"2 minut\u0117s\" \/>\n<script type=\"application\/ld+json\" class=\"yoast-schema-graph\">{\"@context\":\"https:\/\/schema.org\",\"@graph\":[{\"@type\":\"WebPage\",\"@id\":\"https:\/\/toidupakk.ee\/lt\/toode\/vandens-valymo-tabletes-katadyn-micropur-classic\/\",\"url\":\"https:\/\/toidupakk.ee\/lt\/toode\/vandens-valymo-tabletes-katadyn-micropur-classic\/\",\"name\":\"Vandens valymo tablet\u0117s \u201eKatadyn Micropur Classic\u201c - Toidupakk.ee - Tactical Foodpack toidupakid\",\"isPartOf\":{\"@id\":\"https:\/\/toidupakk.ee\/lt\/#website\"},\"primaryImageOfPage\":{\"@id\":\"https:\/\/toidupakk.ee\/lt\/toode\/vandens-valymo-tabletes-katadyn-micropur-classic\/#primaryimage\"},\"image\":{\"@id\":\"https:\/\/toidupakk.ee\/lt\/toode\/vandens-valymo-tabletes-katadyn-micropur-classic\/#primaryimage\"},\"thumbnailUrl\":\"https:\/\/toidupakk.ee\/wp-content\/uploads\/2022\/06\/Veepuhastustabletid-Micropur-Classic-1.png\",\"datePublished\":\"2022-06-29T09:52:16+00:00\",\"dateModified\":\"2026-04-03T22:00:36+00:00\",\"description\":\"Vandens valymo tablet\u0117s su sidabro jonais i\u0161valo u\u017eter\u0161t\u0105 vanden\u012f nuo bakterij\u0173 ir virus\u0173. Tinka kelion\u0117ms, kai kyla abejoni\u0173 d\u0117l vandentiekio vandens \u0161varos.\",\"breadcrumb\":{\"@id\":\"https:\/\/toidupakk.ee\/lt\/toode\/vandens-valymo-tabletes-katadyn-micropur-classic\/#breadcrumb\"},\"inLanguage\":\"lt-LT\",\"potentialAction\":[{\"@type\":\"ReadAction\",\"target\":[\"https:\/\/toidupakk.ee\/lt\/toode\/vandens-valymo-tabletes-katadyn-micropur-classic\/\"]}]},{\"@type\":\"ImageObject\",\"inLanguage\":\"lt-LT\",\"@id\":\"https:\/\/toidupakk.ee\/lt\/toode\/vandens-valymo-tabletes-katadyn-micropur-classic\/#primaryimage\",\"url\":\"https:\/\/toidupakk.ee\/wp-content\/uploads\/2022\/06\/Veepuhastustabletid-Micropur-Classic-1.png\",\"contentUrl\":\"https:\/\/toidupakk.ee\/wp-content\/uploads\/2022\/06\/Veepuhastustabletid-Micropur-Classic-1.png\",\"width\":1080,\"height\":1080,\"caption\":\"Veepuhastustabletid micropur classic\"},{\"@type\":\"BreadcrumbList\",\"@id\":\"https:\/\/toidupakk.ee\/lt\/toode\/vandens-valymo-tabletes-katadyn-micropur-classic\/#breadcrumb\",\"itemListElement\":[{\"@type\":\"ListItem\",\"position\":1,\"name\":\"Avaleht\",\"item\":\"https:\/\/toidupakk.ee\/lt\/\"},{\"@type\":\"ListItem\",\"position\":2,\"name\":\"El. parduotuv\u0117\",\"item\":\"https:\/\/toidupakk.ee\/lt\/el-parduotuve\/\"},{\"@type\":\"ListItem\",\"position\":3,\"name\":\"Vandens valymo tablet\u0117s \u201eKatadyn Micropur Classic\u201c\"}]},{\"@type\":\"WebSite\",\"@id\":\"https:\/\/toidupakk.ee\/lt\/#website\",\"url\":\"https:\/\/toidupakk.ee\/lt\/\",\"name\":\"Toidupakk.ee - Tactical Foodpack toidupakid\",\"description\":\"Tactical Foodpack k\u00fclmkuivatatud toidupakid ja matkaeined\",\"publisher\":{\"@id\":\"https:\/\/toidupakk.ee\/lt\/#organization\"},\"potentialAction\":[{\"@type\":\"SearchAction\",\"target\":{\"@type\":\"EntryPoint\",\"urlTemplate\":\"https:\/\/toidupakk.ee\/lt\/?s={search_term_string}\"},\"query-input\":{\"@type\":\"PropertyValueSpecification\",\"valueRequired\":true,\"valueName\":\"search_term_string\"}}],\"inLanguage\":\"lt-LT\"},{\"@type\":\"Organization\",\"@id\":\"https:\/\/toidupakk.ee\/lt\/#organization\",\"name\":\"Tactical Foodpack matkaeined\",\"url\":\"https:\/\/toidupakk.ee\/lt\/\",\"logo\":{\"@type\":\"ImageObject\",\"inLanguage\":\"lt-LT\",\"@id\":\"https:\/\/toidupakk.ee\/lt\/#\/schema\/logo\/image\/\",\"url\":\"https:\/\/toidupakk.ee\/wp-content\/uploads\/2022\/01\/Toidupakk-matkapood-logo-transparent.png\",\"contentUrl\":\"https:\/\/toidupakk.ee\/wp-content\/uploads\/2022\/01\/Toidupakk-matkapood-logo-transparent.png\",\"width\":500,\"height\":500,\"caption\":\"Tactical Foodpack matkaeined\"},\"image\":{\"@id\":\"https:\/\/toidupakk.ee\/lt\/#\/schema\/logo\/image\/\"},\"sameAs\":[\"https:\/\/www.facebook.com\/Toidupakk\",\"https:\/\/www.instagram.com\/toidupakk\/\"]}]}<\/script>\n<!-- \/ Yoast SEO plugin. -->","yoast_head_json":{"title":"Vandens valymo tablet\u0117s \u201eKatadyn Micropur Classic\u201c - Toidupakk.ee - Tactical Foodpack toidupakid","description":"Vandens valymo tablet\u0117s su sidabro jonais i\u0161valo u\u017eter\u0161t\u0105 vanden\u012f nuo bakterij\u0173 ir virus\u0173. Tinka kelion\u0117ms, kai kyla abejoni\u0173 d\u0117l vandentiekio vandens \u0161varos.","robots":{"index":"index","follow":"follow","max-snippet":"max-snippet:-1","max-image-preview":"max-image-preview:large","max-video-preview":"max-video-preview:-1"},"canonical":"https:\/\/toidupakk.ee\/lt\/toode\/vandens-valymo-tabletes-katadyn-micropur-classic\/","og_locale":"lt_LT","og_type":"article","og_title":"Vandens valymo tablet\u0117s \u201eKatadyn Micropur Classic\u201c - Toidupakk.ee - Tactical Foodpack toidupakid","og_description":"Vandens valymo tablet\u0117s su sidabro jonais i\u0161valo u\u017eter\u0161t\u0105 vanden\u012f nuo bakterij\u0173 ir virus\u0173. Tinka kelion\u0117ms, kai kyla abejoni\u0173 d\u0117l vandentiekio vandens \u0161varos.","og_url":"https:\/\/toidupakk.ee\/lt\/toode\/vandens-valymo-tabletes-katadyn-micropur-classic\/","og_site_name":"Toidupakk.ee - Tactical Foodpack toidupakid","article_publisher":"https:\/\/www.facebook.com\/Toidupakk","article_modified_time":"2026-04-03T22:00:36+00:00","og_image":[{"width":1080,"height":1080,"url":"https:\/\/toidupakk.ee\/wp-content\/uploads\/2022\/06\/Veepuhastustabletid-Micropur-Classic-1.png","type":"image\/png"}],"twitter_card":"summary_large_image","twitter_misc":{"Est. reading time":"2 minut\u0117s"},"schema":{"@context":"https:\/\/schema.org","@graph":[{"@type":"WebPage","@id":"https:\/\/toidupakk.ee\/lt\/toode\/vandens-valymo-tabletes-katadyn-micropur-classic\/","url":"https:\/\/toidupakk.ee\/lt\/toode\/vandens-valymo-tabletes-katadyn-micropur-classic\/","name":"Vandens valymo tablet\u0117s \u201eKatadyn Micropur Classic\u201c - Toidupakk.ee - Tactical Foodpack toidupakid","isPartOf":{"@id":"https:\/\/toidupakk.ee\/lt\/#website"},"primaryImageOfPage":{"@id":"https:\/\/toidupakk.ee\/lt\/toode\/vandens-valymo-tabletes-katadyn-micropur-classic\/#primaryimage"},"image":{"@id":"https:\/\/toidupakk.ee\/lt\/toode\/vandens-valymo-tabletes-katadyn-micropur-classic\/#primaryimage"},"thumbnailUrl":"https:\/\/toidupakk.ee\/wp-content\/uploads\/2022\/06\/Veepuhastustabletid-Micropur-Classic-1.png","datePublished":"2022-06-29T09:52:16+00:00","dateModified":"2026-04-03T22:00:36+00:00","description":"Vandens valymo tablet\u0117s su sidabro jonais i\u0161valo u\u017eter\u0161t\u0105 vanden\u012f nuo bakterij\u0173 ir virus\u0173. Tinka kelion\u0117ms, kai kyla abejoni\u0173 d\u0117l vandentiekio vandens \u0161varos.","breadcrumb":{"@id":"https:\/\/toidupakk.ee\/lt\/toode\/vandens-valymo-tabletes-katadyn-micropur-classic\/#breadcrumb"},"inLanguage":"lt-LT","potentialAction":[{"@type":"ReadAction","target":["https:\/\/toidupakk.ee\/lt\/toode\/vandens-valymo-tabletes-katadyn-micropur-classic\/"]}]},{"@type":"ImageObject","inLanguage":"lt-LT","@id":"https:\/\/toidupakk.ee\/lt\/toode\/vandens-valymo-tabletes-katadyn-micropur-classic\/#primaryimage","url":"https:\/\/toidupakk.ee\/wp-content\/uploads\/2022\/06\/Veepuhastustabletid-Micropur-Classic-1.png","contentUrl":"https:\/\/toidupakk.ee\/wp-content\/uploads\/2022\/06\/Veepuhastustabletid-Micropur-Classic-1.png","width":1080,"height":1080,"caption":"Veepuhastustabletid micropur classic"},{"@type":"BreadcrumbList","@id":"https:\/\/toidupakk.ee\/lt\/toode\/vandens-valymo-tabletes-katadyn-micropur-classic\/#breadcrumb","itemListElement":[{"@type":"ListItem","position":1,"name":"Avaleht","item":"https:\/\/toidupakk.ee\/lt\/"},{"@type":"ListItem","position":2,"name":"El. parduotuv\u0117","item":"https:\/\/toidupakk.ee\/lt\/el-parduotuve\/"},{"@type":"ListItem","position":3,"name":"Vandens valymo tablet\u0117s \u201eKatadyn Micropur Classic\u201c"}]},{"@type":"WebSite","@id":"https:\/\/toidupakk.ee\/lt\/#website","url":"https:\/\/toidupakk.ee\/lt\/","name":"Toidupakk.ee - Tactical Foodpack toidupakid","description":"Tactical Foodpack k\u00fclmkuivatatud toidupakid ja matkaeined","publisher":{"@id":"https:\/\/toidupakk.ee\/lt\/#organization"},"potentialAction":[{"@type":"SearchAction","target":{"@type":"EntryPoint","urlTemplate":"https:\/\/toidupakk.ee\/lt\/?s={search_term_string}"},"query-input":{"@type":"PropertyValueSpecification","valueRequired":true,"valueName":"search_term_string"}}],"inLanguage":"lt-LT"},{"@type":"Organization","@id":"https:\/\/toidupakk.ee\/lt\/#organization","name":"Tactical Foodpack matkaeined","url":"https:\/\/toidupakk.ee\/lt\/","logo":{"@type":"ImageObject","inLanguage":"lt-LT","@id":"https:\/\/toidupakk.ee\/lt\/#\/schema\/logo\/image\/","url":"https:\/\/toidupakk.ee\/wp-content\/uploads\/2022\/01\/Toidupakk-matkapood-logo-transparent.png","contentUrl":"https:\/\/toidupakk.ee\/wp-content\/uploads\/2022\/01\/Toidupakk-matkapood-logo-transparent.png","width":500,"height":500,"caption":"Tactical Foodpack matkaeined"},"image":{"@id":"https:\/\/toidupakk.ee\/lt\/#\/schema\/logo\/image\/"},"sameAs":["https:\/\/www.facebook.com\/Toidupakk","https:\/\/www.instagram.com\/toidupakk\/"]}]}},"jetpack_sharing_enabled":true,"_links":{"self":[{"href":"https:\/\/toidupakk.ee\/lt\/wp-json\/wp\/v2\/product\/47566","targetHints":{"allow":["GET"]}}],"collection":[{"href":"https:\/\/toidupakk.ee\/lt\/wp-json\/wp\/v2\/product"}],"about":[{"href":"https:\/\/toidupakk.ee\/lt\/wp-json\/wp\/v2\/types\/product"}],"replies":[{"embeddable":true,"href":"https:\/\/toidupakk.ee\/lt\/wp-json\/wp\/v2\/comments?post=47566"}],"wp:featuredmedia":[{"embeddable":true,"href":"https:\/\/toidupakk.ee\/lt\/wp-json\/wp\/v2\/media\/2476"}],"wp:attachment":[{"href":"https:\/\/toidupakk.ee\/lt\/wp-json\/wp\/v2\/media?parent=47566"}],"wp:term":[{"taxonomy":"product_brand","embeddable":true,"href":"https:\/\/toidupakk.ee\/lt\/wp-json\/wp\/v2\/product_brand?post=47566"},{"taxonomy":"product_cat","embeddable":true,"href":"https:\/\/toidupakk.ee\/lt\/wp-json\/wp\/v2\/product_cat?post=47566"},{"taxonomy":"product_tag","embeddable":true,"href":"https:\/\/toidupakk.ee\/lt\/wp-json\/wp\/v2\/product_tag?post=47566"}],"curies":[{"name":"wp","href":"https:\/\/api.w.org\/{rel}","templated":true}]}}