{"id":47530,"date":"2022-05-20T15:45:28","date_gmt":"2022-05-20T12:45:28","guid":{"rendered":"https:\/\/toidupakk.ee\/toode\/sviesos-lazdele-15-x-15-cm\/"},"modified":"2026-04-29T18:01:56","modified_gmt":"2026-04-29T15:01:56","slug":"sviesos-lazdele-15-x-15-cm","status":"publish","type":"product","link":"https:\/\/toidupakk.ee\/lt\/toode\/sviesos-lazdele-15-x-15-cm\/","title":{"rendered":"\u0160viesos lazdel\u0117 1,5 x 15 cm"},"content":{"rendered":"<h1>\u0160viesos lazdel\u0117 veikia be elektros ir baterij\u0173<\/h1>\n<p>\u0160viesos lazdel\u0117s yra \u0161viesos \u0161altiniai, veikiantys be elektros energijos. Ry\u0161kumas aktyvuojamas lazdel\u0119 trak\u0161tel\u0117jus. \u0160viesos lazdel\u0117s panaudojimo galimyb\u0117s beveik neribotos. Ji veikia net po vandeniu. Ji labai ma\u017ea ir lengva, tod\u0117l telpa \u012f bet kok\u012f krep\u0161\u012f. J\u0105 patogu naudoti palapin\u0117je, urvuose ar netik\u0117tai dingus elektrai, kai po ranka n\u0117ra \u017eibintuv\u0117lio ar pan. Jas tikrai verta tur\u0117ti automobilyje, valtyje ar kitoje pana\u0161ioje vietoje \u0161alia sav\u0119s nenumatytiems atvejams. Pavyzd\u017eiui, jei pastate nutinka duj\u0173 nuot\u0117kis, naudoti bet kok\u012f elektros prietais\u0105 n\u0117ra gera mintis, o \u0161viesos lazdelei nereikia net baterij\u0173, tod\u0117l tokioje situacijoje tai saugiausias variantas. \u0160viesos lazdel\u0117 taip pat yra atspari vandeniui, tod\u0117l su ja galima tyrin\u0117ti tamsias vietas po vandeniu ar atlikti darbus.        <\/p>\n<p><img fetchpriority=\"high\" decoding=\"async\" class=\"size-medium wp-image-2008 alignright\" src=\"https:\/\/toidupakk.ee\/wp-content\/uploads\/2022\/05\/valguspulk-1x150-1-300x300.png\" alt=\"\u0160viesos lazdel\u0117\" width=\"300\" height=\"300\" srcset=\"https:\/\/toidupakk.ee\/wp-content\/uploads\/2022\/05\/valguspulk-1x150-1-300x300.png 300w, https:\/\/toidupakk.ee\/wp-content\/uploads\/2022\/05\/valguspulk-1x150-1-400x400.png 400w, https:\/\/toidupakk.ee\/wp-content\/uploads\/2022\/05\/valguspulk-1x150-1-100x100.png 100w, https:\/\/toidupakk.ee\/wp-content\/uploads\/2022\/05\/valguspulk-1x150-1-800x800.png 800w, https:\/\/toidupakk.ee\/wp-content\/uploads\/2022\/05\/valguspulk-1x150-1-1024x1024.png 1024w, https:\/\/toidupakk.ee\/wp-content\/uploads\/2022\/05\/valguspulk-1x150-1-500x500.png 500w, https:\/\/toidupakk.ee\/wp-content\/uploads\/2022\/05\/valguspulk-1x150-1-768x768.png 768w, https:\/\/toidupakk.ee\/wp-content\/uploads\/2022\/05\/valguspulk-1x150-1.png 1080w\" sizes=\"(max-width: 300px) 100vw, 300px\" \/><\/p>\n<h2>\u0160viesos lazdel\u0117 ir jos naudojimas<\/h2>\n<p>\u0160viesos lazdel\u0117s naudojamos net sraigtasparni\u0173 t\u016bpimui nukreipti. Taip pat kaip signalin\u0117s \u0161viesos, jei pasiklydai mi\u0161ke, sugedo automobilis kelkra\u0161tyje ar patekai \u012f kit\u0105 sud\u0117ting\u0105 situacij\u0105 tamsoje. <\/p>\n<p>Nor\u0117damas naudoti, atlik \u0161iuos veiksmus:<\/p>\n<ul>\n<li>I\u0161imk \u0161viesos lazdel\u0119 i\u0161 pakuot\u0117s<\/li>\n<li>Lengvai papurtyk<\/li>\n<li>\u0160velniai sulenk j\u0105 per vidur\u012f, kol viduje esanti kapsul\u0117 sutr\u016bks ir lazdel\u0117 prad\u0117s \u0161viesti<\/li>\n<\/ul>\n<p>O gal domiesi \u017eygio maistu? \u017di\u016br\u0117k <a href=\"\/?product_cat=snakk#section-3-79\">\u010cIA<\/a><\/p>\n<p>Pasisemk \u012fkv\u0117pimo kitiems nuotykiams Toidupakk <a href=\"https:\/\/www.instagram.com\/toidupakk\/\">Instagram<\/a> ir <a href=\"https:\/\/www.facebook.com\/Toidupakk\/\">Facebook<\/a> paskyrose.<\/p>\n","protected":false},"excerpt":{"rendered":"<p><strong>\u0160viesos lazdel\u0117s yra \u0161viesos \u0161altiniai, veikiantys be elektros energijos. \u0160viesos lazdel\u0117 aktyvuojama j\u0105 paspaudus \/ sulenkus. \u0160viesos lazdel\u0119 gali patogiai naudoti bet kur, net ir po vandeniu. Naudojama stovyklaujant, \u017evejojant, valtyje, j\u016broje ir net vasaros festivaliuose.   <\/strong><\/p>\n<ul>\n<li>Matmenys: 15 x 150 mm<\/li>\n<li>\u0160vietimo trukm\u0117: 8\u201312 valand\u0173<\/li>\n<li>Pakuot\u0117je 1 \u0161viesos lazdel\u0117<\/li>\n<li>Atspari vandeniui<\/li>\n<\/ul>\n<p>\u2705 Turime sand\u0117lyje, greitas pristatymas per 1\u20133 darbo dienas<\/p>\n","protected":false},"featured_media":53539,"comment_status":"open","ping_status":"closed","template":"","meta":{"_acf_changed":false},"product_brand":[],"product_cat":[193,210,208,280,189,190],"product_tag":[194],"class_list":{"0":"post-47530","1":"product","2":"type-product","3":"status-publish","4":"has-post-thumbnail","6":"product_cat-karine-ekipuote","7":"product_cat-mil-tec","8":"product_cat-sviesa","9":"product_cat-sviesos-lazdeles","10":"product_cat-zygio-iranga","11":"product_cat-zygio-prekes","12":"product_tag-no_ads","14":"first","15":"instock","16":"sale","17":"taxable","18":"shipping-taxable","19":"purchasable","20":"product-type-variable","21":"has-default-attributes"},"bundled_by":[],"bundle_stock_status":"instock","bundle_stock_quantity":null,"bundle_virtual":false,"bundle_layout":"","bundle_add_to_cart_form_location":"","bundle_editable_in_cart":false,"bundle_sold_individually_context":"","bundle_item_grouping":"","bundle_min_size":"","bundle_max_size":"","bundle_price":[],"bundled_items":[],"bundle_sell_ids":[],"acf":[],"yoast_head":"<!-- This site is optimized with the Yoast SEO plugin v27.3 - https:\/\/yoast.com\/product\/yoast-seo-wordpress\/ -->\n<title>\u0160viesos lazdel\u0117 1,5 x 15 cm<\/title>\n<meta name=\"description\" content=\"\u0160viesos lazdel\u0117 \u2013 tai \u0161viesos \u0161altinis, veikiantis be elektros energijos. \u0160viesos lazdel\u0117 \u0161vie\u010dia 10\u201312 val. ir tinka naudoti net po vandeniu.\" \/>\n<meta name=\"robots\" content=\"index, follow, max-snippet:-1, max-image-preview:large, max-video-preview:-1\" \/>\n<link rel=\"canonical\" href=\"https:\/\/toidupakk.ee\/lt\/toode\/sviesos-lazdele-15-x-15-cm\/\" \/>\n<meta property=\"og:locale\" content=\"lt_LT\" \/>\n<meta property=\"og:type\" content=\"article\" \/>\n<meta property=\"og:title\" content=\"\u0160viesos lazdel\u0117 1,5 x 15 cm\" \/>\n<meta property=\"og:description\" content=\"\u0160viesos lazdel\u0117 \u2013 tai \u0161viesos \u0161altinis, veikiantis be elektros energijos. \u0160viesos lazdel\u0117 \u0161vie\u010dia 10\u201312 val. ir tinka naudoti net po vandeniu.\" \/>\n<meta property=\"og:url\" content=\"https:\/\/toidupakk.ee\/lt\/toode\/sviesos-lazdele-15-x-15-cm\/\" \/>\n<meta property=\"og:site_name\" content=\"Toidupakk.ee - Tactical Foodpack toidupakid\" \/>\n<meta property=\"article:publisher\" content=\"https:\/\/www.facebook.com\/Toidupakk\" \/>\n<meta property=\"article:modified_time\" content=\"2026-04-29T15:01:56+00:00\" \/>\n<meta property=\"og:image\" content=\"https:\/\/toidupakk.ee\/wp-content\/uploads\/2022\/05\/Valguspulk-MIL-TEC\u00ae-3.jpg\" \/>\n\t<meta property=\"og:image:width\" content=\"1080\" \/>\n\t<meta property=\"og:image:height\" content=\"1080\" \/>\n\t<meta property=\"og:image:type\" content=\"image\/jpeg\" \/>\n<meta name=\"twitter:card\" content=\"summary_large_image\" \/>\n<meta name=\"twitter:label1\" content=\"Est. reading time\" \/>\n\t<meta name=\"twitter:data1\" content=\"1 minut\u0117\" \/>\n<script type=\"application\/ld+json\" class=\"yoast-schema-graph\">{\"@context\":\"https:\\\/\\\/schema.org\",\"@graph\":[{\"@type\":\"WebPage\",\"@id\":\"https:\\\/\\\/toidupakk.ee\\\/lt\\\/toode\\\/sviesos-lazdele-15-x-15-cm\\\/\",\"url\":\"https:\\\/\\\/toidupakk.ee\\\/lt\\\/toode\\\/sviesos-lazdele-15-x-15-cm\\\/\",\"name\":\"\u0160viesos lazdel\u0117 1,5 x 15 cm\",\"isPartOf\":{\"@id\":\"https:\\\/\\\/toidupakk.ee\\\/lt\\\/#website\"},\"primaryImageOfPage\":{\"@id\":\"https:\\\/\\\/toidupakk.ee\\\/lt\\\/toode\\\/sviesos-lazdele-15-x-15-cm\\\/#primaryimage\"},\"image\":{\"@id\":\"https:\\\/\\\/toidupakk.ee\\\/lt\\\/toode\\\/sviesos-lazdele-15-x-15-cm\\\/#primaryimage\"},\"thumbnailUrl\":\"https:\\\/\\\/toidupakk.ee\\\/wp-content\\\/uploads\\\/2022\\\/05\\\/Valguspulk-MIL-TEC\u00ae-3.jpg\",\"datePublished\":\"2022-05-20T12:45:28+00:00\",\"dateModified\":\"2026-04-29T15:01:56+00:00\",\"description\":\"\u0160viesos lazdel\u0117 \u2013 tai \u0161viesos \u0161altinis, veikiantis be elektros energijos. \u0160viesos lazdel\u0117 \u0161vie\u010dia 10\u201312 val. ir tinka naudoti net po vandeniu.\",\"breadcrumb\":{\"@id\":\"https:\\\/\\\/toidupakk.ee\\\/lt\\\/toode\\\/sviesos-lazdele-15-x-15-cm\\\/#breadcrumb\"},\"inLanguage\":\"lt-LT\",\"potentialAction\":[{\"@type\":\"ReadAction\",\"target\":[\"https:\\\/\\\/toidupakk.ee\\\/lt\\\/toode\\\/sviesos-lazdele-15-x-15-cm\\\/\"]}]},{\"@type\":\"ImageObject\",\"inLanguage\":\"lt-LT\",\"@id\":\"https:\\\/\\\/toidupakk.ee\\\/lt\\\/toode\\\/sviesos-lazdele-15-x-15-cm\\\/#primaryimage\",\"url\":\"https:\\\/\\\/toidupakk.ee\\\/wp-content\\\/uploads\\\/2022\\\/05\\\/Valguspulk-MIL-TEC\u00ae-3.jpg\",\"contentUrl\":\"https:\\\/\\\/toidupakk.ee\\\/wp-content\\\/uploads\\\/2022\\\/05\\\/Valguspulk-MIL-TEC\u00ae-3.jpg\",\"width\":1080,\"height\":1080,\"caption\":\"valguspulkade komplekt 10 tk pakis\"},{\"@type\":\"BreadcrumbList\",\"@id\":\"https:\\\/\\\/toidupakk.ee\\\/lt\\\/toode\\\/sviesos-lazdele-15-x-15-cm\\\/#breadcrumb\",\"itemListElement\":[{\"@type\":\"ListItem\",\"position\":1,\"name\":\"Avaleht\",\"item\":\"https:\\\/\\\/toidupakk.ee\\\/lt\\\/\"},{\"@type\":\"ListItem\",\"position\":2,\"name\":\"El. parduotuv\u0117\",\"item\":\"https:\\\/\\\/toidupakk.ee\\\/lt\\\/el-parduotuve\\\/\"},{\"@type\":\"ListItem\",\"position\":3,\"name\":\"\u0160viesos lazdel\u0117 1,5 x 15 cm\"}]},{\"@type\":\"WebSite\",\"@id\":\"https:\\\/\\\/toidupakk.ee\\\/lt\\\/#website\",\"url\":\"https:\\\/\\\/toidupakk.ee\\\/lt\\\/\",\"name\":\"Toidupakk.ee - Tactical Foodpack toidupakid\",\"description\":\"Tactical Foodpack k\u00fclmkuivatatud toidupakid ja matkaeined\",\"publisher\":{\"@id\":\"https:\\\/\\\/toidupakk.ee\\\/lt\\\/#organization\"},\"potentialAction\":[{\"@type\":\"SearchAction\",\"target\":{\"@type\":\"EntryPoint\",\"urlTemplate\":\"https:\\\/\\\/toidupakk.ee\\\/lt\\\/?s={search_term_string}\"},\"query-input\":{\"@type\":\"PropertyValueSpecification\",\"valueRequired\":true,\"valueName\":\"search_term_string\"}}],\"inLanguage\":\"lt-LT\"},{\"@type\":\"Organization\",\"@id\":\"https:\\\/\\\/toidupakk.ee\\\/lt\\\/#organization\",\"name\":\"Tactical Foodpack matkaeined\",\"url\":\"https:\\\/\\\/toidupakk.ee\\\/lt\\\/\",\"logo\":{\"@type\":\"ImageObject\",\"inLanguage\":\"lt-LT\",\"@id\":\"https:\\\/\\\/toidupakk.ee\\\/lt\\\/#\\\/schema\\\/logo\\\/image\\\/\",\"url\":\"https:\\\/\\\/toidupakk.ee\\\/wp-content\\\/uploads\\\/2022\\\/01\\\/Toidupakk-matkapood-logo-transparent.png\",\"contentUrl\":\"https:\\\/\\\/toidupakk.ee\\\/wp-content\\\/uploads\\\/2022\\\/01\\\/Toidupakk-matkapood-logo-transparent.png\",\"width\":500,\"height\":500,\"caption\":\"Tactical Foodpack matkaeined\"},\"image\":{\"@id\":\"https:\\\/\\\/toidupakk.ee\\\/lt\\\/#\\\/schema\\\/logo\\\/image\\\/\"},\"sameAs\":[\"https:\\\/\\\/www.facebook.com\\\/Toidupakk\",\"https:\\\/\\\/www.instagram.com\\\/toidupakk\\\/\"]}]}<\/script>\n<!-- \/ Yoast SEO plugin. -->","yoast_head_json":{"title":"\u0160viesos lazdel\u0117 1,5 x 15 cm","description":"\u0160viesos lazdel\u0117 \u2013 tai \u0161viesos \u0161altinis, veikiantis be elektros energijos. \u0160viesos lazdel\u0117 \u0161vie\u010dia 10\u201312 val. ir tinka naudoti net po vandeniu.","robots":{"index":"index","follow":"follow","max-snippet":"max-snippet:-1","max-image-preview":"max-image-preview:large","max-video-preview":"max-video-preview:-1"},"canonical":"https:\/\/toidupakk.ee\/lt\/toode\/sviesos-lazdele-15-x-15-cm\/","og_locale":"lt_LT","og_type":"article","og_title":"\u0160viesos lazdel\u0117 1,5 x 15 cm","og_description":"\u0160viesos lazdel\u0117 \u2013 tai \u0161viesos \u0161altinis, veikiantis be elektros energijos. \u0160viesos lazdel\u0117 \u0161vie\u010dia 10\u201312 val. ir tinka naudoti net po vandeniu.","og_url":"https:\/\/toidupakk.ee\/lt\/toode\/sviesos-lazdele-15-x-15-cm\/","og_site_name":"Toidupakk.ee - Tactical Foodpack toidupakid","article_publisher":"https:\/\/www.facebook.com\/Toidupakk","article_modified_time":"2026-04-29T15:01:56+00:00","og_image":[{"width":1080,"height":1080,"url":"https:\/\/toidupakk.ee\/wp-content\/uploads\/2022\/05\/Valguspulk-MIL-TEC\u00ae-3.jpg","type":"image\/jpeg"}],"twitter_card":"summary_large_image","twitter_misc":{"Est. reading time":"1 minut\u0117"},"schema":{"@context":"https:\/\/schema.org","@graph":[{"@type":"WebPage","@id":"https:\/\/toidupakk.ee\/lt\/toode\/sviesos-lazdele-15-x-15-cm\/","url":"https:\/\/toidupakk.ee\/lt\/toode\/sviesos-lazdele-15-x-15-cm\/","name":"\u0160viesos lazdel\u0117 1,5 x 15 cm","isPartOf":{"@id":"https:\/\/toidupakk.ee\/lt\/#website"},"primaryImageOfPage":{"@id":"https:\/\/toidupakk.ee\/lt\/toode\/sviesos-lazdele-15-x-15-cm\/#primaryimage"},"image":{"@id":"https:\/\/toidupakk.ee\/lt\/toode\/sviesos-lazdele-15-x-15-cm\/#primaryimage"},"thumbnailUrl":"https:\/\/toidupakk.ee\/wp-content\/uploads\/2022\/05\/Valguspulk-MIL-TEC\u00ae-3.jpg","datePublished":"2022-05-20T12:45:28+00:00","dateModified":"2026-04-29T15:01:56+00:00","description":"\u0160viesos lazdel\u0117 \u2013 tai \u0161viesos \u0161altinis, veikiantis be elektros energijos. \u0160viesos lazdel\u0117 \u0161vie\u010dia 10\u201312 val. ir tinka naudoti net po vandeniu.","breadcrumb":{"@id":"https:\/\/toidupakk.ee\/lt\/toode\/sviesos-lazdele-15-x-15-cm\/#breadcrumb"},"inLanguage":"lt-LT","potentialAction":[{"@type":"ReadAction","target":["https:\/\/toidupakk.ee\/lt\/toode\/sviesos-lazdele-15-x-15-cm\/"]}]},{"@type":"ImageObject","inLanguage":"lt-LT","@id":"https:\/\/toidupakk.ee\/lt\/toode\/sviesos-lazdele-15-x-15-cm\/#primaryimage","url":"https:\/\/toidupakk.ee\/wp-content\/uploads\/2022\/05\/Valguspulk-MIL-TEC\u00ae-3.jpg","contentUrl":"https:\/\/toidupakk.ee\/wp-content\/uploads\/2022\/05\/Valguspulk-MIL-TEC\u00ae-3.jpg","width":1080,"height":1080,"caption":"valguspulkade komplekt 10 tk pakis"},{"@type":"BreadcrumbList","@id":"https:\/\/toidupakk.ee\/lt\/toode\/sviesos-lazdele-15-x-15-cm\/#breadcrumb","itemListElement":[{"@type":"ListItem","position":1,"name":"Avaleht","item":"https:\/\/toidupakk.ee\/lt\/"},{"@type":"ListItem","position":2,"name":"El. parduotuv\u0117","item":"https:\/\/toidupakk.ee\/lt\/el-parduotuve\/"},{"@type":"ListItem","position":3,"name":"\u0160viesos lazdel\u0117 1,5 x 15 cm"}]},{"@type":"WebSite","@id":"https:\/\/toidupakk.ee\/lt\/#website","url":"https:\/\/toidupakk.ee\/lt\/","name":"Toidupakk.ee - Tactical Foodpack toidupakid","description":"Tactical Foodpack k\u00fclmkuivatatud toidupakid ja matkaeined","publisher":{"@id":"https:\/\/toidupakk.ee\/lt\/#organization"},"potentialAction":[{"@type":"SearchAction","target":{"@type":"EntryPoint","urlTemplate":"https:\/\/toidupakk.ee\/lt\/?s={search_term_string}"},"query-input":{"@type":"PropertyValueSpecification","valueRequired":true,"valueName":"search_term_string"}}],"inLanguage":"lt-LT"},{"@type":"Organization","@id":"https:\/\/toidupakk.ee\/lt\/#organization","name":"Tactical Foodpack matkaeined","url":"https:\/\/toidupakk.ee\/lt\/","logo":{"@type":"ImageObject","inLanguage":"lt-LT","@id":"https:\/\/toidupakk.ee\/lt\/#\/schema\/logo\/image\/","url":"https:\/\/toidupakk.ee\/wp-content\/uploads\/2022\/01\/Toidupakk-matkapood-logo-transparent.png","contentUrl":"https:\/\/toidupakk.ee\/wp-content\/uploads\/2022\/01\/Toidupakk-matkapood-logo-transparent.png","width":500,"height":500,"caption":"Tactical Foodpack matkaeined"},"image":{"@id":"https:\/\/toidupakk.ee\/lt\/#\/schema\/logo\/image\/"},"sameAs":["https:\/\/www.facebook.com\/Toidupakk","https:\/\/www.instagram.com\/toidupakk\/"]}]}},"jetpack_sharing_enabled":true,"_links":{"self":[{"href":"https:\/\/toidupakk.ee\/lt\/wp-json\/wp\/v2\/product\/47530","targetHints":{"allow":["GET"]}}],"collection":[{"href":"https:\/\/toidupakk.ee\/lt\/wp-json\/wp\/v2\/product"}],"about":[{"href":"https:\/\/toidupakk.ee\/lt\/wp-json\/wp\/v2\/types\/product"}],"replies":[{"embeddable":true,"href":"https:\/\/toidupakk.ee\/lt\/wp-json\/wp\/v2\/comments?post=47530"}],"wp:featuredmedia":[{"embeddable":true,"href":"https:\/\/toidupakk.ee\/lt\/wp-json\/wp\/v2\/media\/53539"}],"wp:attachment":[{"href":"https:\/\/toidupakk.ee\/lt\/wp-json\/wp\/v2\/media?parent=47530"}],"wp:term":[{"taxonomy":"product_brand","embeddable":true,"href":"https:\/\/toidupakk.ee\/lt\/wp-json\/wp\/v2\/product_brand?post=47530"},{"taxonomy":"product_cat","embeddable":true,"href":"https:\/\/toidupakk.ee\/lt\/wp-json\/wp\/v2\/product_cat?post=47530"},{"taxonomy":"product_tag","embeddable":true,"href":"https:\/\/toidupakk.ee\/lt\/wp-json\/wp\/v2\/product_tag?post=47530"}],"curies":[{"name":"wp","href":"https:\/\/api.w.org\/{rel}","templated":true}]}}