{"id":47529,"date":"2022-06-14T14:46:06","date_gmt":"2022-06-14T11:46:06","guid":{"rendered":"https:\/\/toidupakk.ee\/toode\/zygiu-ir-7-dienu-kriziu-maisto-rinkinys-su-mesa\/"},"modified":"2026-04-16T02:30:51","modified_gmt":"2026-04-15T23:30:51","slug":"zygiu-ir-7-dienu-kriziu-maisto-rinkinys-su-mesa","status":"publish","type":"product","link":"https:\/\/toidupakk.ee\/lt\/toode\/zygiu-ir-7-dienu-kriziu-maisto-rinkinys-su-mesa\/","title":{"rendered":"\u017dygi\u0173 ir 7 dien\u0173 krizi\u0173 maisto rinkinys (su m\u0117sa)"},"content":{"rendered":"<h1><img fetchpriority=\"high\" decoding=\"async\" class=\"alignright wp-image-2239 size-thumbnail\" src=\"https:\/\/toidupakk.ee\/wp-content\/uploads\/2022\/06\/Meki-komplekt-lihaga-2-500x500.png\" alt=\"\" width=\"500\" height=\"500\" srcset=\"https:\/\/toidupakk.ee\/wp-content\/uploads\/2022\/06\/Meki-komplekt-lihaga-2-500x500.png 500w, https:\/\/toidupakk.ee\/wp-content\/uploads\/2022\/06\/Meki-komplekt-lihaga-2-400x400.png 400w, https:\/\/toidupakk.ee\/wp-content\/uploads\/2022\/06\/Meki-komplekt-lihaga-2-100x100.png 100w, https:\/\/toidupakk.ee\/wp-content\/uploads\/2022\/06\/Meki-komplekt-lihaga-2-800x800.png 800w, https:\/\/toidupakk.ee\/wp-content\/uploads\/2022\/06\/Meki-komplekt-lihaga-2-300x300.png 300w, https:\/\/toidupakk.ee\/wp-content\/uploads\/2022\/06\/Meki-komplekt-lihaga-2-1024x1024.png 1024w, https:\/\/toidupakk.ee\/wp-content\/uploads\/2022\/06\/Meki-komplekt-lihaga-2-768x768.png 768w, https:\/\/toidupakk.ee\/wp-content\/uploads\/2022\/06\/Meki-komplekt-lihaga-2.png 1080w\" sizes=\"(max-width: 500px) 100vw, 500px\" \/><\/h1>\n<h1>\u201eMeki\u201c \u017eygi\u0173 ir 7 dien\u0173 (krizi\u0173) maisto atsarg\u0173 rinkinys suteikia saugumo<\/h1>\n<p>Kai i\u0161siruo\u0161i \u012f \u017eyg\u012f u\u017e miesto, \u017evejyb\u0105, med\u017eiokl\u0119 arba jei audros nuverstas medis u\u017etveria keli\u0105 ir negali i\u0161eiti i\u0161 nam\u0173 kelias dienas, turi b\u016bti pasiruo\u0161\u0119s. \u017dygi\u0173 ir 7 dien\u0173 maisto atsarg\u0173 rinkinys leid\u017eia jaustis ramiai, nes maistu pasir\u016bpinta bent visai savaitei. Be to, rinkinyje rasi reikiamus priedus maistui gaminti.  <\/p>\n<p>Taigi, jei laikysi krizi\u0173 atsarg\u0173 rinkin\u012f sand\u0117liuke ar po lova, saugumas ekstremalioms situacijoms garantuotas. Jei pasiimsi rinkin\u012f \u012f \u017eyg\u012f ar i\u0161vyk\u0105, taip pat gali b\u016bti ramus \u2013 valgymo pertraukos neu\u017eims daug laiko, maistas paruo\u0161iamas tik su vandeniu, o vandeniui pa\u0161ildyti reikalingi daiktai yra rinkinyje. Taip pat abiem atvejais nereikia jaudintis d\u0117l maisto gedimo, nes visi \u201eMeki\u201c ir \u201eTactical Foodpack\u201c patiekalai pagaminti \u0161altyje d\u017eiovinant (lyofilizacijos b\u016bdu).  <\/p>\n<p>&nbsp;<\/p>\n<h2>21 porcija ir reikiami priedai maisto atsarg\u0173 rinkinyje<\/h2>\n<p>Rinkinyje rasi \u017eygiams puikiai tinkant\u012f ner\u016bdijan\u010dio plieno 500 ml puodel\u012f vandeniui \u0161ildyti ir naudoti kaip valgymo ind\u0105. Taip pat nepakei\u010diam\u0105 ne\u0161iojam\u0105j\u012f \u0161ildytuv\u0105 maistui ir vandeniui \u0161ildyti, \u0161ildytuvui tinkan\u010dias degi\u0105sias tabletes (10 vnt.) bei degtukus u\u017edegimui. <\/p>\n<p>21 gardus patiekalas (14 skani\u0173 pagrindini\u0173 patiekal\u0173, 5 pusry\u010diai ir 2 sriubos)<\/p>\n<p><a href=\"https:\/\/toidupakk.ee\/tactical-foodpack\/kaerahelbepuder-ountega-110g\/\">Avi\u017ein\u0117 ko\u0161\u0117 su obuoliais 110 g<\/a> \u2013 3 vnt.<\/p>\n<p><a href=\"https:\/\/toidupakk.ee\/tactical-foodpack\/hommikusook-munaga-100g\/\">Pusry\u010diai su kiau\u0161iniu 100 g<\/a> \u2013 2 vnt.<\/p>\n<p><a href=\"https:\/\/toidupakk.ee\/tactical-foodpack\/kanawok-aedviljadega-100g\/\">Vi\u0161tienos \u201eWok\u201c su dar\u017eov\u0117mis 100 g<\/a> \u2013 2 vnt.<\/p>\n<p><a href=\"https:\/\/toidupakk.ee\/tactical-foodpack\/pasta-bolognese-110g\/\">Makaronai \u201eBolognese\u201c 110 g<\/a> \u2013 3 vnt.<\/p>\n<p>Plovas su kiauliena 110 g \u2013 3 vnt.<\/p>\n<p><a href=\"https:\/\/toidupakk.ee\/tactical-foodpack\/veiselihahautis-90g\/\">Jautienos tro\u0161kinys 90 g<\/a> \u2013 2 vnt.<\/p>\n<p><a href=\"https:\/\/toidupakk.ee\/tactical-foodpack\/tatar-kalkuniga-110g\/\">Grikiai su kalakutiena 110 g<\/a> \u2013 2 vnt.<\/p>\n<p><a href=\"https:\/\/toidupakk.ee\/tactical-foodpack\/kartulipuder-peekoni-ja-juustuga-100g\/\">Bulvi\u0173 ko\u0161\u0117 su \u0161onine ir s\u016briu 100 g<\/a> \u2013 2 vnt.<\/p>\n<p><a href=\"https:\/\/toidupakk.ee\/tactical-foodpack\/seljanka-90g\/\">Solianka 90 g<\/a> \u2013 2 vnt.<\/p>\n<p>Priedai: degtukai 1 rinkinys, degiosios tablet\u0117s 2 rinkiniai po 10 vnt., ner\u016bdijan\u010dio plieno puodelis 500 ml, ne\u0161iojamasis maisto \u0161ildytuvas<\/p>\n<p>&nbsp;<\/p>\n<h3>Skonio potyris net ir netik\u0117tose situacijose<\/h3>\n<p>Ryt\u0105 prad\u0117k ko\u0161e. Gardi avi\u017ein\u0117 ko\u0161\u0117 su obuoliais ir sot\u016bs pusry\u010diai su kiau\u0161iniu suteiks reikiamos energijos, ger\u0105 nuotaik\u0105 ir j\u0117g\u0173 jud\u0117ti kit\u0173 nuotyki\u0173 link. <\/p>\n<p>Pietus ar vakarien\u0119 gali paversti net keli\u0173 patiekal\u0173 vai\u0161\u0117mis, prad\u0117damas nuo namin\u0117s soliankos ir t\u0119sdamas gard\u017eiais pagrindiniais patiekalais. Pasirinkimas didelis ir \u012fvairiapusis \u2013 \u010dia rasi tiek pasaulio skonius, tiek namin\u0119 bulvi\u0173 ko\u0161\u0119, tik pasirink, nuo kurio patiekalo prad\u0117si. <\/p>\n<p>&nbsp;<\/p>\n<h4>Naudojimas:<\/h4>\n<p>Papras\u010diausias b\u016bdas<\/p>\n<ul>\n<li>\u012fpilk \u012f maisto pakuot\u0119 reikiam\u0105 kiek\u012f \u0161ilto vandens<\/li>\n<li>gerai i\u0161mai\u0161yk<\/li>\n<li>v\u0117l u\u017edaryk pakuot\u0119<\/li>\n<li>palauk 10 minu\u010di\u0173<\/li>\n<li>m\u0117gaukis<\/li>\n<\/ul>\n<p>Jei kar\u0161to vandens po ranka neturi, \u012fpilk \u0161alto vandens \u012f puodel\u012f ir pad\u0117k ant ugnies, kuri\u0105 patogiai u\u017edegsi su pridedamu \u0161ildytuvu, degiosiomis tablet\u0117mis ir degtukais. Taip greitai ir skaniai pavalgysi patogiai ir vos per 10 minu\u010di\u0173. <\/p>\n<p>&nbsp;<\/p>\n<p>B\u016bk \u012f\u017evalgus ir pasiruo\u0161k visoms \u012fmanomoms ir ne\u012fmanomoms situacijoms su \u201eToidupakk\u201c maisto atsarg\u0173 rinkiniais!<\/p>\n<p>&nbsp;<\/p>\n<p>Taip pat per\u017ei\u016br\u0117k \u012fvairi\u0105 reikiam\u0105 \u017eygi\u0173 \u012frang\u0105 ir indus <a href=\"https:\/\/toidupakk.ee\/lt\/tootekategooria\/zygio-iranga\/#section-3-79\">\u010cIA<\/a><\/p>\n<p>Per\u017ei\u016br\u0117k daugiau \u017eygi\u0173 maisto <a href=\"\/?product_cat=snakk#section-3-79\">\u010cIA<\/a><\/p>\n<p>Pasisemk \u012fkv\u0117pimo kitiems nuotykiams Toidupakk <a href=\"https:\/\/www.instagram.com\/toidupakk\/\">Instagram<\/a> ir <a href=\"https:\/\/www.facebook.com\/Toidupakk\/\">Facebook<\/a> paskyrose.<\/p>\n","protected":false},"excerpt":{"rendered":"<ul>\n<li>7 dien\u0173 maisto atsarg\u0173 rinkinys su reikiamais priedais maistui gaminti.<\/li>\n<li>Vienam asmeniui visai savaitei \/ 7 asmenims visai dienai.<\/li>\n<li>Nori d\u0117l saugumo tur\u0117ti maisto atsarg\u0173, kurios suteikt\u0173 ramyb\u0119 tau ir tavo \u0161eimai?<\/li>\n<li>Laikyk gara\u017ee, r\u016bsyje, vasarnamyje, valtyje ar net po lova.<\/li>\n<li>Rinkinyje yra 21 \u0161ilto maisto porcija.<\/li>\n<li>Tik \u012fpilk vandens.<\/li>\n<li>Be to, rinkinyje rasi ner\u016bdijan\u010dio plieno 500 ml puodel\u012f vandeniui \u0161ildyti arba naudoti kaip valgymo ind\u0105; ne\u0161iojam\u0105j\u012f \u0161ildytuv\u0105 maistui ir vandeniui \u0161ildyti; \u0161ildytuvui tinkan\u010dias degi\u0105sias tabletes (10 vnt.) bei degtukus u\u017edegimui.<\/li>\n<li>Maistas pagamintas naudojant naminius ingredientus.<\/li>\n<li>Produktuose n\u0117ra konservant\u0173, nes jie d\u017eiovinti \u0161altyje.<\/li>\n<\/ul>\n<p>Grynasis svoris: 2,17 kg<\/p>\n<p>Galiojimo laikas: neatidarytas kibiras 8 metai, atidarius \u2013 2 metai.<\/p>\n<p>Dienos kaloringumas vidutini\u0161kai 1600 kcal \/ Bendras kaloringumas 11 352 kcal<\/p>\n<p>\u2705 Turime sand\u0117lyje, greitas pristatymas per 1\u20133 d. d.<br \/>\n\u2705 Pirk dabar, mok\u0117k v\u0117liau (pal\u016bkanos 0 %)<\/p>\n","protected":false},"featured_media":54247,"comment_status":"open","ping_status":"closed","template":"","meta":{"_acf_changed":false},"product_brand":[],"product_cat":[271,279,235,246,200,230,189,231,190],"product_tag":[],"class_list":{"0":"post-47529","1":"product","2":"type-product","3":"status-publish","4":"has-post-thumbnail","6":"product_cat-meki-maistas-zygiams","7":"product_cat-meki-savaites-maisto-atsargu-rinkiniai","8":"product_cat-dideli-maisto-atsargu-rinkiniai","9":"product_cat-maisto-atsargu-rinkiniai","10":"product_cat-praktiskos-dovanu-idejos","11":"product_cat-savaites-maisto-atsargu-rinkiniai","12":"product_cat-zygio-iranga","13":"product_cat-zygio-maistas","14":"product_cat-zygio-prekes","16":"first","17":"onbackorder","18":"sale","19":"featured","20":"taxable","21":"shipping-taxable","22":"purchasable","23":"product-type-simple"},"bundled_by":[],"bundle_stock_status":"onbackorder","bundle_stock_quantity":-9,"bundle_virtual":false,"bundle_layout":"","bundle_add_to_cart_form_location":"","bundle_editable_in_cart":false,"bundle_sold_individually_context":"","bundle_item_grouping":"","bundle_min_size":"","bundle_max_size":"","bundle_price":[],"bundled_items":[],"bundle_sell_ids":[],"acf":[],"yoast_head":"<!-- This site is optimized with the Yoast SEO plugin v27.3 - https:\/\/yoast.com\/product\/yoast-seo-wordpress\/ -->\n<title>\u017dygi\u0173 ir 7 dien\u0173 krizi\u0173 maisto rinkinys (su m\u0117sa) - Toidupakk.ee - Tactical Foodpack toidupakid<\/title>\n<meta name=\"description\" content=\"Nori namuose tur\u0117ti maisto atsarg\u0173, kurios suteikt\u0173 saugumo jausm\u0105 tau ir tavo \u0161eimai? Savait\u0117s maisto atsarg\u0173 rinkinys su reikiamais priedais. Tik \u012fpilk vandens.\" \/>\n<meta name=\"robots\" content=\"index, follow, max-snippet:-1, max-image-preview:large, max-video-preview:-1\" \/>\n<link rel=\"canonical\" href=\"https:\/\/toidupakk.ee\/lt\/toode\/zygiu-ir-7-dienu-kriziu-maisto-rinkinys-su-mesa\/\" \/>\n<meta property=\"og:locale\" content=\"lt_LT\" \/>\n<meta property=\"og:type\" content=\"article\" \/>\n<meta property=\"og:title\" content=\"\u017dygi\u0173 ir 7 dien\u0173 krizi\u0173 maisto rinkinys (su m\u0117sa) - Toidupakk.ee - Tactical Foodpack toidupakid\" \/>\n<meta property=\"og:description\" content=\"Nori namuose tur\u0117ti maisto atsarg\u0173, kurios suteikt\u0173 saugumo jausm\u0105 tau ir tavo \u0161eimai? Savait\u0117s maisto atsarg\u0173 rinkinys su reikiamais priedais. Tik \u012fpilk vandens.\" \/>\n<meta property=\"og:url\" content=\"https:\/\/toidupakk.ee\/lt\/toode\/zygiu-ir-7-dienu-kriziu-maisto-rinkinys-su-mesa\/\" \/>\n<meta property=\"og:site_name\" content=\"Toidupakk.ee - Tactical Foodpack toidupakid\" \/>\n<meta property=\"article:publisher\" content=\"https:\/\/www.facebook.com\/Toidupakk\" \/>\n<meta property=\"article:modified_time\" content=\"2026-04-15T23:30:51+00:00\" \/>\n<meta property=\"og:image\" content=\"https:\/\/toidupakk.ee\/wp-content\/uploads\/2022\/06\/meki-2.png\" \/>\n\t<meta property=\"og:image:width\" content=\"1080\" \/>\n\t<meta property=\"og:image:height\" content=\"1080\" \/>\n\t<meta property=\"og:image:type\" content=\"image\/png\" \/>\n<meta name=\"twitter:card\" content=\"summary_large_image\" \/>\n<meta name=\"twitter:label1\" content=\"Est. reading time\" \/>\n\t<meta name=\"twitter:data1\" content=\"2 minut\u0117s\" \/>\n<script type=\"application\/ld+json\" class=\"yoast-schema-graph\">{\"@context\":\"https:\\\/\\\/schema.org\",\"@graph\":[{\"@type\":\"WebPage\",\"@id\":\"https:\\\/\\\/toidupakk.ee\\\/lt\\\/toode\\\/zygiu-ir-7-dienu-kriziu-maisto-rinkinys-su-mesa\\\/\",\"url\":\"https:\\\/\\\/toidupakk.ee\\\/lt\\\/toode\\\/zygiu-ir-7-dienu-kriziu-maisto-rinkinys-su-mesa\\\/\",\"name\":\"\u017dygi\u0173 ir 7 dien\u0173 krizi\u0173 maisto rinkinys (su m\u0117sa) - Toidupakk.ee - Tactical Foodpack toidupakid\",\"isPartOf\":{\"@id\":\"https:\\\/\\\/toidupakk.ee\\\/lt\\\/#website\"},\"primaryImageOfPage\":{\"@id\":\"https:\\\/\\\/toidupakk.ee\\\/lt\\\/toode\\\/zygiu-ir-7-dienu-kriziu-maisto-rinkinys-su-mesa\\\/#primaryimage\"},\"image\":{\"@id\":\"https:\\\/\\\/toidupakk.ee\\\/lt\\\/toode\\\/zygiu-ir-7-dienu-kriziu-maisto-rinkinys-su-mesa\\\/#primaryimage\"},\"thumbnailUrl\":\"https:\\\/\\\/toidupakk.ee\\\/wp-content\\\/uploads\\\/2022\\\/06\\\/meki-2.png\",\"datePublished\":\"2022-06-14T11:46:06+00:00\",\"dateModified\":\"2026-04-15T23:30:51+00:00\",\"description\":\"Nori namuose tur\u0117ti maisto atsarg\u0173, kurios suteikt\u0173 saugumo jausm\u0105 tau ir tavo \u0161eimai? Savait\u0117s maisto atsarg\u0173 rinkinys su reikiamais priedais. Tik \u012fpilk vandens.\",\"breadcrumb\":{\"@id\":\"https:\\\/\\\/toidupakk.ee\\\/lt\\\/toode\\\/zygiu-ir-7-dienu-kriziu-maisto-rinkinys-su-mesa\\\/#breadcrumb\"},\"inLanguage\":\"lt-LT\",\"potentialAction\":[{\"@type\":\"ReadAction\",\"target\":[\"https:\\\/\\\/toidupakk.ee\\\/lt\\\/toode\\\/zygiu-ir-7-dienu-kriziu-maisto-rinkinys-su-mesa\\\/\"]}]},{\"@type\":\"ImageObject\",\"inLanguage\":\"lt-LT\",\"@id\":\"https:\\\/\\\/toidupakk.ee\\\/lt\\\/toode\\\/zygiu-ir-7-dienu-kriziu-maisto-rinkinys-su-mesa\\\/#primaryimage\",\"url\":\"https:\\\/\\\/toidupakk.ee\\\/wp-content\\\/uploads\\\/2022\\\/06\\\/meki-2.png\",\"contentUrl\":\"https:\\\/\\\/toidupakk.ee\\\/wp-content\\\/uploads\\\/2022\\\/06\\\/meki-2.png\",\"width\":1080,\"height\":1080},{\"@type\":\"BreadcrumbList\",\"@id\":\"https:\\\/\\\/toidupakk.ee\\\/lt\\\/toode\\\/zygiu-ir-7-dienu-kriziu-maisto-rinkinys-su-mesa\\\/#breadcrumb\",\"itemListElement\":[{\"@type\":\"ListItem\",\"position\":1,\"name\":\"Avaleht\",\"item\":\"https:\\\/\\\/toidupakk.ee\\\/lt\\\/\"},{\"@type\":\"ListItem\",\"position\":2,\"name\":\"El. parduotuv\u0117\",\"item\":\"https:\\\/\\\/toidupakk.ee\\\/lt\\\/el-parduotuve\\\/\"},{\"@type\":\"ListItem\",\"position\":3,\"name\":\"\u017dygi\u0173 ir 7 dien\u0173 krizi\u0173 maisto rinkinys (su m\u0117sa)\"}]},{\"@type\":\"WebSite\",\"@id\":\"https:\\\/\\\/toidupakk.ee\\\/lt\\\/#website\",\"url\":\"https:\\\/\\\/toidupakk.ee\\\/lt\\\/\",\"name\":\"Toidupakk.ee - Tactical Foodpack toidupakid\",\"description\":\"Tactical Foodpack k\u00fclmkuivatatud toidupakid ja matkaeined\",\"publisher\":{\"@id\":\"https:\\\/\\\/toidupakk.ee\\\/lt\\\/#organization\"},\"potentialAction\":[{\"@type\":\"SearchAction\",\"target\":{\"@type\":\"EntryPoint\",\"urlTemplate\":\"https:\\\/\\\/toidupakk.ee\\\/lt\\\/?s={search_term_string}\"},\"query-input\":{\"@type\":\"PropertyValueSpecification\",\"valueRequired\":true,\"valueName\":\"search_term_string\"}}],\"inLanguage\":\"lt-LT\"},{\"@type\":\"Organization\",\"@id\":\"https:\\\/\\\/toidupakk.ee\\\/lt\\\/#organization\",\"name\":\"Tactical Foodpack matkaeined\",\"url\":\"https:\\\/\\\/toidupakk.ee\\\/lt\\\/\",\"logo\":{\"@type\":\"ImageObject\",\"inLanguage\":\"lt-LT\",\"@id\":\"https:\\\/\\\/toidupakk.ee\\\/lt\\\/#\\\/schema\\\/logo\\\/image\\\/\",\"url\":\"https:\\\/\\\/toidupakk.ee\\\/wp-content\\\/uploads\\\/2022\\\/01\\\/Toidupakk-matkapood-logo-transparent.png\",\"contentUrl\":\"https:\\\/\\\/toidupakk.ee\\\/wp-content\\\/uploads\\\/2022\\\/01\\\/Toidupakk-matkapood-logo-transparent.png\",\"width\":500,\"height\":500,\"caption\":\"Tactical Foodpack matkaeined\"},\"image\":{\"@id\":\"https:\\\/\\\/toidupakk.ee\\\/lt\\\/#\\\/schema\\\/logo\\\/image\\\/\"},\"sameAs\":[\"https:\\\/\\\/www.facebook.com\\\/Toidupakk\",\"https:\\\/\\\/www.instagram.com\\\/toidupakk\\\/\"]}]}<\/script>\n<!-- \/ Yoast SEO plugin. -->","yoast_head_json":{"title":"\u017dygi\u0173 ir 7 dien\u0173 krizi\u0173 maisto rinkinys (su m\u0117sa) - Toidupakk.ee - Tactical Foodpack toidupakid","description":"Nori namuose tur\u0117ti maisto atsarg\u0173, kurios suteikt\u0173 saugumo jausm\u0105 tau ir tavo \u0161eimai? Savait\u0117s maisto atsarg\u0173 rinkinys su reikiamais priedais. Tik \u012fpilk vandens.","robots":{"index":"index","follow":"follow","max-snippet":"max-snippet:-1","max-image-preview":"max-image-preview:large","max-video-preview":"max-video-preview:-1"},"canonical":"https:\/\/toidupakk.ee\/lt\/toode\/zygiu-ir-7-dienu-kriziu-maisto-rinkinys-su-mesa\/","og_locale":"lt_LT","og_type":"article","og_title":"\u017dygi\u0173 ir 7 dien\u0173 krizi\u0173 maisto rinkinys (su m\u0117sa) - Toidupakk.ee - Tactical Foodpack toidupakid","og_description":"Nori namuose tur\u0117ti maisto atsarg\u0173, kurios suteikt\u0173 saugumo jausm\u0105 tau ir tavo \u0161eimai? Savait\u0117s maisto atsarg\u0173 rinkinys su reikiamais priedais. Tik \u012fpilk vandens.","og_url":"https:\/\/toidupakk.ee\/lt\/toode\/zygiu-ir-7-dienu-kriziu-maisto-rinkinys-su-mesa\/","og_site_name":"Toidupakk.ee - Tactical Foodpack toidupakid","article_publisher":"https:\/\/www.facebook.com\/Toidupakk","article_modified_time":"2026-04-15T23:30:51+00:00","og_image":[{"width":1080,"height":1080,"url":"https:\/\/toidupakk.ee\/wp-content\/uploads\/2022\/06\/meki-2.png","type":"image\/png"}],"twitter_card":"summary_large_image","twitter_misc":{"Est. reading time":"2 minut\u0117s"},"schema":{"@context":"https:\/\/schema.org","@graph":[{"@type":"WebPage","@id":"https:\/\/toidupakk.ee\/lt\/toode\/zygiu-ir-7-dienu-kriziu-maisto-rinkinys-su-mesa\/","url":"https:\/\/toidupakk.ee\/lt\/toode\/zygiu-ir-7-dienu-kriziu-maisto-rinkinys-su-mesa\/","name":"\u017dygi\u0173 ir 7 dien\u0173 krizi\u0173 maisto rinkinys (su m\u0117sa) - Toidupakk.ee - Tactical Foodpack toidupakid","isPartOf":{"@id":"https:\/\/toidupakk.ee\/lt\/#website"},"primaryImageOfPage":{"@id":"https:\/\/toidupakk.ee\/lt\/toode\/zygiu-ir-7-dienu-kriziu-maisto-rinkinys-su-mesa\/#primaryimage"},"image":{"@id":"https:\/\/toidupakk.ee\/lt\/toode\/zygiu-ir-7-dienu-kriziu-maisto-rinkinys-su-mesa\/#primaryimage"},"thumbnailUrl":"https:\/\/toidupakk.ee\/wp-content\/uploads\/2022\/06\/meki-2.png","datePublished":"2022-06-14T11:46:06+00:00","dateModified":"2026-04-15T23:30:51+00:00","description":"Nori namuose tur\u0117ti maisto atsarg\u0173, kurios suteikt\u0173 saugumo jausm\u0105 tau ir tavo \u0161eimai? Savait\u0117s maisto atsarg\u0173 rinkinys su reikiamais priedais. Tik \u012fpilk vandens.","breadcrumb":{"@id":"https:\/\/toidupakk.ee\/lt\/toode\/zygiu-ir-7-dienu-kriziu-maisto-rinkinys-su-mesa\/#breadcrumb"},"inLanguage":"lt-LT","potentialAction":[{"@type":"ReadAction","target":["https:\/\/toidupakk.ee\/lt\/toode\/zygiu-ir-7-dienu-kriziu-maisto-rinkinys-su-mesa\/"]}]},{"@type":"ImageObject","inLanguage":"lt-LT","@id":"https:\/\/toidupakk.ee\/lt\/toode\/zygiu-ir-7-dienu-kriziu-maisto-rinkinys-su-mesa\/#primaryimage","url":"https:\/\/toidupakk.ee\/wp-content\/uploads\/2022\/06\/meki-2.png","contentUrl":"https:\/\/toidupakk.ee\/wp-content\/uploads\/2022\/06\/meki-2.png","width":1080,"height":1080},{"@type":"BreadcrumbList","@id":"https:\/\/toidupakk.ee\/lt\/toode\/zygiu-ir-7-dienu-kriziu-maisto-rinkinys-su-mesa\/#breadcrumb","itemListElement":[{"@type":"ListItem","position":1,"name":"Avaleht","item":"https:\/\/toidupakk.ee\/lt\/"},{"@type":"ListItem","position":2,"name":"El. parduotuv\u0117","item":"https:\/\/toidupakk.ee\/lt\/el-parduotuve\/"},{"@type":"ListItem","position":3,"name":"\u017dygi\u0173 ir 7 dien\u0173 krizi\u0173 maisto rinkinys (su m\u0117sa)"}]},{"@type":"WebSite","@id":"https:\/\/toidupakk.ee\/lt\/#website","url":"https:\/\/toidupakk.ee\/lt\/","name":"Toidupakk.ee - Tactical Foodpack toidupakid","description":"Tactical Foodpack k\u00fclmkuivatatud toidupakid ja matkaeined","publisher":{"@id":"https:\/\/toidupakk.ee\/lt\/#organization"},"potentialAction":[{"@type":"SearchAction","target":{"@type":"EntryPoint","urlTemplate":"https:\/\/toidupakk.ee\/lt\/?s={search_term_string}"},"query-input":{"@type":"PropertyValueSpecification","valueRequired":true,"valueName":"search_term_string"}}],"inLanguage":"lt-LT"},{"@type":"Organization","@id":"https:\/\/toidupakk.ee\/lt\/#organization","name":"Tactical Foodpack matkaeined","url":"https:\/\/toidupakk.ee\/lt\/","logo":{"@type":"ImageObject","inLanguage":"lt-LT","@id":"https:\/\/toidupakk.ee\/lt\/#\/schema\/logo\/image\/","url":"https:\/\/toidupakk.ee\/wp-content\/uploads\/2022\/01\/Toidupakk-matkapood-logo-transparent.png","contentUrl":"https:\/\/toidupakk.ee\/wp-content\/uploads\/2022\/01\/Toidupakk-matkapood-logo-transparent.png","width":500,"height":500,"caption":"Tactical Foodpack matkaeined"},"image":{"@id":"https:\/\/toidupakk.ee\/lt\/#\/schema\/logo\/image\/"},"sameAs":["https:\/\/www.facebook.com\/Toidupakk","https:\/\/www.instagram.com\/toidupakk\/"]}]}},"jetpack_sharing_enabled":true,"_links":{"self":[{"href":"https:\/\/toidupakk.ee\/lt\/wp-json\/wp\/v2\/product\/47529","targetHints":{"allow":["GET"]}}],"collection":[{"href":"https:\/\/toidupakk.ee\/lt\/wp-json\/wp\/v2\/product"}],"about":[{"href":"https:\/\/toidupakk.ee\/lt\/wp-json\/wp\/v2\/types\/product"}],"replies":[{"embeddable":true,"href":"https:\/\/toidupakk.ee\/lt\/wp-json\/wp\/v2\/comments?post=47529"}],"wp:featuredmedia":[{"embeddable":true,"href":"https:\/\/toidupakk.ee\/lt\/wp-json\/wp\/v2\/media\/54247"}],"wp:attachment":[{"href":"https:\/\/toidupakk.ee\/lt\/wp-json\/wp\/v2\/media?parent=47529"}],"wp:term":[{"taxonomy":"product_brand","embeddable":true,"href":"https:\/\/toidupakk.ee\/lt\/wp-json\/wp\/v2\/product_brand?post=47529"},{"taxonomy":"product_cat","embeddable":true,"href":"https:\/\/toidupakk.ee\/lt\/wp-json\/wp\/v2\/product_cat?post=47529"},{"taxonomy":"product_tag","embeddable":true,"href":"https:\/\/toidupakk.ee\/lt\/wp-json\/wp\/v2\/product_tag?post=47529"}],"curies":[{"name":"wp","href":"https:\/\/api.w.org\/{rel}","templated":true}]}}