{"id":47525,"date":"2022-05-19T15:59:30","date_gmt":"2022-05-19T12:59:30","guid":{"rendered":"https:\/\/toidupakk.ee\/toode\/turistiniu-indu-rinkinys\/"},"modified":"2026-04-29T16:30:14","modified_gmt":"2026-04-29T13:30:14","slug":"turistiniu-indu-rinkinys","status":"publish","type":"product","link":"https:\/\/toidupakk.ee\/lt\/toode\/turistiniu-indu-rinkinys\/","title":{"rendered":"Turistini\u0173 ind\u0173 rinkinys"},"content":{"rendered":"<p>Turistini\u0173 ind\u0173 rinkinys \u017eygyje yra nepakei\u010diamas<\/p>\n<p>\u017dygyje ar tiesiog i\u0161kyloje su \u0161eima piet\u0173 pertrauka lauke visada maloni. \u017dygyje ar piknike skonio potyriais pasir\u016bpins <a href=\"https:\/\/toidupakk.ee\/\">\u201eTactical Foodpack\u201c<\/a> ir <a href=\"https:\/\/toidupakk.ee\/lt\/tootekategooria\/meki-maistas-zygiams\/\">\u201eMeki\u201c turistinis maistas<\/a>, <a href=\"\/?product_cat=weekpack#section-3-79\">savaitiniai \u201eTactical Foodpack\u201c maisto rinkiniai<\/a>, \u0161e\u0161i\u0173 porcij\u0173 pakuot\u0117s, skan\u016bs <a href=\"\/?product_cat=hommikusook#section-3-79\">pusry\u010diai<\/a> bei <a href=\"\/?product_cat=snakk#section-3-79\">u\u017ekand\u017eiai<\/a>. Maistui pa\u0161ildyti puikus sprendimas \u2013 <a href=\"https:\/\/toidupakk.ee\/tactical-foodpack\/toidu-kuumutuskott-kutteelemendiga\/\">maisto \u0161ildymo mai\u0161elis<\/a>. Kad nereikt\u0173 valgyti tiesiog ant \u017eem\u0117s, verta pasiimti lengv\u0105 ir <a href=\"https:\/\/toidupakk.ee\/tactical-foodpack\/kokkupandav-matkalaud\/\">kompakti\u0161k\u0105 turistin\u012f stal\u0105<\/a>.   <\/p>\n<p>Turistini\u0173 ind\u0173 rinkin\u012f \u201eWildo Pathfinder\u201c sudaro indai, kuri\u0173 tau prireiks patogiam valgymui lauke. Kiekviename rinkinyje yra gili l\u0117k\u0161t\u0117, sulankstomas puodelis \u201eFold-a-Cup\u00ae\u201c ir hibridinis \u012frankis \u201etrys viename\u201c (peilis, \u0161akut\u0117 ir \u0161auk\u0161tas). <\/p>\n<p>\u0160vedi\u0161ka kokyb\u0117<br \/>\n\u201eWildo\u201c gamina kokybi\u0161kus, funkcionalius ir ilgaam\u017eius gaminius. Juose dera \u0161vedi\u0161kas dizainas ir meistri\u0161kumas, tod\u0117l \u0161ie gaminiai lenkia kitus pana\u0161ius produktus. Jie lengvi, patvar\u016bs ir kompakti\u0161ki.<br \/>\nGaminiai \u0160vedijos gamtoje bandomi ir tobulinami jau daugiau nei 35 metus, tod\u0117l j\u0173 kokybe n\u0117ra jokio pagrindo abejoti.  <\/p>\n<p>I\u0161sirink patinkant\u012f maist\u0105, pasiimk turistini\u0173 ind\u0173 rinkin\u012f, stal\u0105 ir keliauk \u012f \u017eyg\u012f!<\/p>\n<p>Daugiau \u017eygio preki\u0173 rasi <a href=\"https:\/\/toidupakk.ee\/lt\/tootekategooria\/zygio-iranga\/\">\u010cIA<\/a><\/p>\n<p>Pasisemk \u012fkv\u0117pimo kitiems nuotykiams Toidupakk <a href=\"https:\/\/www.instagram.com\/toidupakk\/\">Instagram<\/a> ir <a href=\"https:\/\/www.facebook.com\/Toidupakk\/\">Facebook<\/a> paskyrose.<\/p>\n","protected":false},"excerpt":{"rendered":"<p>Turistini\u0173 ind\u0173 rinkin\u012f \u201eWildo Pathfinder\u201c sudaro kruop\u0161\u010diai atrinkti, funkcional\u016bs ir lengvai pri\u017ei\u016brimi indai valgymui lauke.<br \/>\nVisi rinkiniai supakuoti \u012f tinklinius mai\u0161elius su karabinu, kad b\u016bt\u0173 patogiau laikyti ir transportuoti.<\/p>\n<p>\u2022 gili l\u0117k\u0161t\u0117<br \/>\n\u2022 sulankstomas puodelis<br \/>\n\u2022 hibridinis \u012frankis \u2013 peilis, \u0161akut\u0117 ir \u0161auk\u0161tas viename<br \/>\n\u2022 be BPA<br \/>\n\u2022 svoris: 130 g<br \/>\n\u2022 med\u017eiaga: PP, TPE<\/p>\n","protected":false},"featured_media":1993,"comment_status":"open","ping_status":"closed","template":"","meta":{"_acf_changed":false},"product_brand":[],"product_cat":[196,197,189,190],"product_tag":[],"class_list":{"0":"post-47525","1":"product","2":"type-product","3":"status-publish","4":"has-post-thumbnail","6":"product_cat-maisto-gaminimas","7":"product_cat-stalo-irankiai","8":"product_cat-zygio-iranga","9":"product_cat-zygio-prekes","11":"first","12":"instock","13":"taxable","14":"shipping-taxable","15":"product-type-simple"},"bundled_by":[],"bundle_stock_status":"instock","bundle_stock_quantity":null,"bundle_virtual":false,"bundle_layout":"","bundle_add_to_cart_form_location":"","bundle_editable_in_cart":false,"bundle_sold_individually_context":"","bundle_item_grouping":"","bundle_min_size":"","bundle_max_size":"","bundle_price":[],"bundled_items":[],"bundle_sell_ids":[],"acf":[],"yoast_head":"<!-- This site is optimized with the Yoast SEO plugin v27.3 - https:\/\/yoast.com\/product\/yoast-seo-wordpress\/ -->\n<title>Turistini\u0173 ind\u0173 rinkinys - Toidupakk.ee - Tactical Foodpack toidupakid<\/title>\n<meta name=\"description\" content=\"Turistini\u0173 ind\u0173 rinkin\u012f \u201eWildo Pathfinder\u201c sudaro indai, kuri\u0173 tau prireiks patogiam valgymui lauke. Kiekviename rinkinyje yra gili l\u0117k\u0161t\u0117, sulankstomas puodelis \u201eFold-a-Cup\u00ae\u201c ir hibridinis \u012frankis \u201etrys viename\u201c (peilis, \u0161akut\u0117 ir \u0161auk\u0161tas).\" \/>\n<meta name=\"robots\" content=\"index, follow, max-snippet:-1, max-image-preview:large, max-video-preview:-1\" \/>\n<link rel=\"canonical\" href=\"https:\/\/toidupakk.ee\/lt\/toode\/turistiniu-indu-rinkinys\/\" \/>\n<meta property=\"og:locale\" content=\"lt_LT\" \/>\n<meta property=\"og:type\" content=\"article\" \/>\n<meta property=\"og:title\" content=\"Turistini\u0173 ind\u0173 rinkinys - Toidupakk.ee - Tactical Foodpack toidupakid\" \/>\n<meta property=\"og:description\" content=\"Turistini\u0173 ind\u0173 rinkin\u012f \u201eWildo Pathfinder\u201c sudaro indai, kuri\u0173 tau prireiks patogiam valgymui lauke. Kiekviename rinkinyje yra gili l\u0117k\u0161t\u0117, sulankstomas puodelis \u201eFold-a-Cup\u00ae\u201c ir hibridinis \u012frankis \u201etrys viename\u201c (peilis, \u0161akut\u0117 ir \u0161auk\u0161tas).\" \/>\n<meta property=\"og:url\" content=\"https:\/\/toidupakk.ee\/lt\/toode\/turistiniu-indu-rinkinys\/\" \/>\n<meta property=\"og:site_name\" content=\"Toidupakk.ee - Tactical Foodpack toidupakid\" \/>\n<meta property=\"article:publisher\" content=\"https:\/\/www.facebook.com\/Toidupakk\" \/>\n<meta property=\"article:modified_time\" content=\"2026-04-29T13:30:14+00:00\" \/>\n<meta property=\"og:image\" content=\"https:\/\/toidupakk.ee\/wp-content\/uploads\/2022\/05\/Toidunoude-komplekt-matkale-4.png\" \/>\n\t<meta property=\"og:image:width\" content=\"1080\" \/>\n\t<meta property=\"og:image:height\" content=\"1080\" \/>\n\t<meta property=\"og:image:type\" content=\"image\/png\" \/>\n<meta name=\"twitter:card\" content=\"summary_large_image\" \/>\n<meta name=\"twitter:label1\" content=\"Est. reading time\" \/>\n\t<meta name=\"twitter:data1\" content=\"1 minut\u0117\" \/>\n<script type=\"application\/ld+json\" class=\"yoast-schema-graph\">{\"@context\":\"https:\\\/\\\/schema.org\",\"@graph\":[{\"@type\":\"WebPage\",\"@id\":\"https:\\\/\\\/toidupakk.ee\\\/lt\\\/toode\\\/turistiniu-indu-rinkinys\\\/\",\"url\":\"https:\\\/\\\/toidupakk.ee\\\/lt\\\/toode\\\/turistiniu-indu-rinkinys\\\/\",\"name\":\"Turistini\u0173 ind\u0173 rinkinys - Toidupakk.ee - Tactical Foodpack toidupakid\",\"isPartOf\":{\"@id\":\"https:\\\/\\\/toidupakk.ee\\\/lt\\\/#website\"},\"primaryImageOfPage\":{\"@id\":\"https:\\\/\\\/toidupakk.ee\\\/lt\\\/toode\\\/turistiniu-indu-rinkinys\\\/#primaryimage\"},\"image\":{\"@id\":\"https:\\\/\\\/toidupakk.ee\\\/lt\\\/toode\\\/turistiniu-indu-rinkinys\\\/#primaryimage\"},\"thumbnailUrl\":\"https:\\\/\\\/toidupakk.ee\\\/wp-content\\\/uploads\\\/2022\\\/05\\\/Toidunoude-komplekt-matkale-4.png\",\"datePublished\":\"2022-05-19T12:59:30+00:00\",\"dateModified\":\"2026-04-29T13:30:14+00:00\",\"description\":\"Turistini\u0173 ind\u0173 rinkin\u012f \u201eWildo Pathfinder\u201c sudaro indai, kuri\u0173 tau prireiks patogiam valgymui lauke. Kiekviename rinkinyje yra gili l\u0117k\u0161t\u0117, sulankstomas puodelis \u201eFold-a-Cup\u00ae\u201c ir hibridinis \u012frankis \u201etrys viename\u201c (peilis, \u0161akut\u0117 ir \u0161auk\u0161tas).\",\"breadcrumb\":{\"@id\":\"https:\\\/\\\/toidupakk.ee\\\/lt\\\/toode\\\/turistiniu-indu-rinkinys\\\/#breadcrumb\"},\"inLanguage\":\"lt-LT\",\"potentialAction\":[{\"@type\":\"ReadAction\",\"target\":[\"https:\\\/\\\/toidupakk.ee\\\/lt\\\/toode\\\/turistiniu-indu-rinkinys\\\/\"]}]},{\"@type\":\"ImageObject\",\"inLanguage\":\"lt-LT\",\"@id\":\"https:\\\/\\\/toidupakk.ee\\\/lt\\\/toode\\\/turistiniu-indu-rinkinys\\\/#primaryimage\",\"url\":\"https:\\\/\\\/toidupakk.ee\\\/wp-content\\\/uploads\\\/2022\\\/05\\\/Toidunoude-komplekt-matkale-4.png\",\"contentUrl\":\"https:\\\/\\\/toidupakk.ee\\\/wp-content\\\/uploads\\\/2022\\\/05\\\/Toidunoude-komplekt-matkale-4.png\",\"width\":1080,\"height\":1080,\"caption\":\"Plastikust toidun\u00f5ud\"},{\"@type\":\"BreadcrumbList\",\"@id\":\"https:\\\/\\\/toidupakk.ee\\\/lt\\\/toode\\\/turistiniu-indu-rinkinys\\\/#breadcrumb\",\"itemListElement\":[{\"@type\":\"ListItem\",\"position\":1,\"name\":\"Avaleht\",\"item\":\"https:\\\/\\\/toidupakk.ee\\\/lt\\\/\"},{\"@type\":\"ListItem\",\"position\":2,\"name\":\"El. parduotuv\u0117\",\"item\":\"https:\\\/\\\/toidupakk.ee\\\/lt\\\/el-parduotuve\\\/\"},{\"@type\":\"ListItem\",\"position\":3,\"name\":\"Turistini\u0173 ind\u0173 rinkinys\"}]},{\"@type\":\"WebSite\",\"@id\":\"https:\\\/\\\/toidupakk.ee\\\/lt\\\/#website\",\"url\":\"https:\\\/\\\/toidupakk.ee\\\/lt\\\/\",\"name\":\"Toidupakk.ee - Tactical Foodpack toidupakid\",\"description\":\"Tactical Foodpack k\u00fclmkuivatatud toidupakid ja matkaeined\",\"publisher\":{\"@id\":\"https:\\\/\\\/toidupakk.ee\\\/lt\\\/#organization\"},\"potentialAction\":[{\"@type\":\"SearchAction\",\"target\":{\"@type\":\"EntryPoint\",\"urlTemplate\":\"https:\\\/\\\/toidupakk.ee\\\/lt\\\/?s={search_term_string}\"},\"query-input\":{\"@type\":\"PropertyValueSpecification\",\"valueRequired\":true,\"valueName\":\"search_term_string\"}}],\"inLanguage\":\"lt-LT\"},{\"@type\":\"Organization\",\"@id\":\"https:\\\/\\\/toidupakk.ee\\\/lt\\\/#organization\",\"name\":\"Tactical Foodpack matkaeined\",\"url\":\"https:\\\/\\\/toidupakk.ee\\\/lt\\\/\",\"logo\":{\"@type\":\"ImageObject\",\"inLanguage\":\"lt-LT\",\"@id\":\"https:\\\/\\\/toidupakk.ee\\\/lt\\\/#\\\/schema\\\/logo\\\/image\\\/\",\"url\":\"https:\\\/\\\/toidupakk.ee\\\/wp-content\\\/uploads\\\/2022\\\/01\\\/Toidupakk-matkapood-logo-transparent.png\",\"contentUrl\":\"https:\\\/\\\/toidupakk.ee\\\/wp-content\\\/uploads\\\/2022\\\/01\\\/Toidupakk-matkapood-logo-transparent.png\",\"width\":500,\"height\":500,\"caption\":\"Tactical Foodpack matkaeined\"},\"image\":{\"@id\":\"https:\\\/\\\/toidupakk.ee\\\/lt\\\/#\\\/schema\\\/logo\\\/image\\\/\"},\"sameAs\":[\"https:\\\/\\\/www.facebook.com\\\/Toidupakk\",\"https:\\\/\\\/www.instagram.com\\\/toidupakk\\\/\"]}]}<\/script>\n<!-- \/ Yoast SEO plugin. -->","yoast_head_json":{"title":"Turistini\u0173 ind\u0173 rinkinys - Toidupakk.ee - Tactical Foodpack toidupakid","description":"Turistini\u0173 ind\u0173 rinkin\u012f \u201eWildo Pathfinder\u201c sudaro indai, kuri\u0173 tau prireiks patogiam valgymui lauke. Kiekviename rinkinyje yra gili l\u0117k\u0161t\u0117, sulankstomas puodelis \u201eFold-a-Cup\u00ae\u201c ir hibridinis \u012frankis \u201etrys viename\u201c (peilis, \u0161akut\u0117 ir \u0161auk\u0161tas).","robots":{"index":"index","follow":"follow","max-snippet":"max-snippet:-1","max-image-preview":"max-image-preview:large","max-video-preview":"max-video-preview:-1"},"canonical":"https:\/\/toidupakk.ee\/lt\/toode\/turistiniu-indu-rinkinys\/","og_locale":"lt_LT","og_type":"article","og_title":"Turistini\u0173 ind\u0173 rinkinys - Toidupakk.ee - Tactical Foodpack toidupakid","og_description":"Turistini\u0173 ind\u0173 rinkin\u012f \u201eWildo Pathfinder\u201c sudaro indai, kuri\u0173 tau prireiks patogiam valgymui lauke. Kiekviename rinkinyje yra gili l\u0117k\u0161t\u0117, sulankstomas puodelis \u201eFold-a-Cup\u00ae\u201c ir hibridinis \u012frankis \u201etrys viename\u201c (peilis, \u0161akut\u0117 ir \u0161auk\u0161tas).","og_url":"https:\/\/toidupakk.ee\/lt\/toode\/turistiniu-indu-rinkinys\/","og_site_name":"Toidupakk.ee - Tactical Foodpack toidupakid","article_publisher":"https:\/\/www.facebook.com\/Toidupakk","article_modified_time":"2026-04-29T13:30:14+00:00","og_image":[{"width":1080,"height":1080,"url":"https:\/\/toidupakk.ee\/wp-content\/uploads\/2022\/05\/Toidunoude-komplekt-matkale-4.png","type":"image\/png"}],"twitter_card":"summary_large_image","twitter_misc":{"Est. reading time":"1 minut\u0117"},"schema":{"@context":"https:\/\/schema.org","@graph":[{"@type":"WebPage","@id":"https:\/\/toidupakk.ee\/lt\/toode\/turistiniu-indu-rinkinys\/","url":"https:\/\/toidupakk.ee\/lt\/toode\/turistiniu-indu-rinkinys\/","name":"Turistini\u0173 ind\u0173 rinkinys - Toidupakk.ee - Tactical Foodpack toidupakid","isPartOf":{"@id":"https:\/\/toidupakk.ee\/lt\/#website"},"primaryImageOfPage":{"@id":"https:\/\/toidupakk.ee\/lt\/toode\/turistiniu-indu-rinkinys\/#primaryimage"},"image":{"@id":"https:\/\/toidupakk.ee\/lt\/toode\/turistiniu-indu-rinkinys\/#primaryimage"},"thumbnailUrl":"https:\/\/toidupakk.ee\/wp-content\/uploads\/2022\/05\/Toidunoude-komplekt-matkale-4.png","datePublished":"2022-05-19T12:59:30+00:00","dateModified":"2026-04-29T13:30:14+00:00","description":"Turistini\u0173 ind\u0173 rinkin\u012f \u201eWildo Pathfinder\u201c sudaro indai, kuri\u0173 tau prireiks patogiam valgymui lauke. Kiekviename rinkinyje yra gili l\u0117k\u0161t\u0117, sulankstomas puodelis \u201eFold-a-Cup\u00ae\u201c ir hibridinis \u012frankis \u201etrys viename\u201c (peilis, \u0161akut\u0117 ir \u0161auk\u0161tas).","breadcrumb":{"@id":"https:\/\/toidupakk.ee\/lt\/toode\/turistiniu-indu-rinkinys\/#breadcrumb"},"inLanguage":"lt-LT","potentialAction":[{"@type":"ReadAction","target":["https:\/\/toidupakk.ee\/lt\/toode\/turistiniu-indu-rinkinys\/"]}]},{"@type":"ImageObject","inLanguage":"lt-LT","@id":"https:\/\/toidupakk.ee\/lt\/toode\/turistiniu-indu-rinkinys\/#primaryimage","url":"https:\/\/toidupakk.ee\/wp-content\/uploads\/2022\/05\/Toidunoude-komplekt-matkale-4.png","contentUrl":"https:\/\/toidupakk.ee\/wp-content\/uploads\/2022\/05\/Toidunoude-komplekt-matkale-4.png","width":1080,"height":1080,"caption":"Plastikust toidun\u00f5ud"},{"@type":"BreadcrumbList","@id":"https:\/\/toidupakk.ee\/lt\/toode\/turistiniu-indu-rinkinys\/#breadcrumb","itemListElement":[{"@type":"ListItem","position":1,"name":"Avaleht","item":"https:\/\/toidupakk.ee\/lt\/"},{"@type":"ListItem","position":2,"name":"El. parduotuv\u0117","item":"https:\/\/toidupakk.ee\/lt\/el-parduotuve\/"},{"@type":"ListItem","position":3,"name":"Turistini\u0173 ind\u0173 rinkinys"}]},{"@type":"WebSite","@id":"https:\/\/toidupakk.ee\/lt\/#website","url":"https:\/\/toidupakk.ee\/lt\/","name":"Toidupakk.ee - Tactical Foodpack toidupakid","description":"Tactical Foodpack k\u00fclmkuivatatud toidupakid ja matkaeined","publisher":{"@id":"https:\/\/toidupakk.ee\/lt\/#organization"},"potentialAction":[{"@type":"SearchAction","target":{"@type":"EntryPoint","urlTemplate":"https:\/\/toidupakk.ee\/lt\/?s={search_term_string}"},"query-input":{"@type":"PropertyValueSpecification","valueRequired":true,"valueName":"search_term_string"}}],"inLanguage":"lt-LT"},{"@type":"Organization","@id":"https:\/\/toidupakk.ee\/lt\/#organization","name":"Tactical Foodpack matkaeined","url":"https:\/\/toidupakk.ee\/lt\/","logo":{"@type":"ImageObject","inLanguage":"lt-LT","@id":"https:\/\/toidupakk.ee\/lt\/#\/schema\/logo\/image\/","url":"https:\/\/toidupakk.ee\/wp-content\/uploads\/2022\/01\/Toidupakk-matkapood-logo-transparent.png","contentUrl":"https:\/\/toidupakk.ee\/wp-content\/uploads\/2022\/01\/Toidupakk-matkapood-logo-transparent.png","width":500,"height":500,"caption":"Tactical Foodpack matkaeined"},"image":{"@id":"https:\/\/toidupakk.ee\/lt\/#\/schema\/logo\/image\/"},"sameAs":["https:\/\/www.facebook.com\/Toidupakk","https:\/\/www.instagram.com\/toidupakk\/"]}]}},"jetpack_sharing_enabled":true,"_links":{"self":[{"href":"https:\/\/toidupakk.ee\/lt\/wp-json\/wp\/v2\/product\/47525","targetHints":{"allow":["GET"]}}],"collection":[{"href":"https:\/\/toidupakk.ee\/lt\/wp-json\/wp\/v2\/product"}],"about":[{"href":"https:\/\/toidupakk.ee\/lt\/wp-json\/wp\/v2\/types\/product"}],"replies":[{"embeddable":true,"href":"https:\/\/toidupakk.ee\/lt\/wp-json\/wp\/v2\/comments?post=47525"}],"wp:featuredmedia":[{"embeddable":true,"href":"https:\/\/toidupakk.ee\/lt\/wp-json\/wp\/v2\/media\/1993"}],"wp:attachment":[{"href":"https:\/\/toidupakk.ee\/lt\/wp-json\/wp\/v2\/media?parent=47525"}],"wp:term":[{"taxonomy":"product_brand","embeddable":true,"href":"https:\/\/toidupakk.ee\/lt\/wp-json\/wp\/v2\/product_brand?post=47525"},{"taxonomy":"product_cat","embeddable":true,"href":"https:\/\/toidupakk.ee\/lt\/wp-json\/wp\/v2\/product_cat?post=47525"},{"taxonomy":"product_tag","embeddable":true,"href":"https:\/\/toidupakk.ee\/lt\/wp-json\/wp\/v2\/product_tag?post=47525"}],"curies":[{"name":"wp","href":"https:\/\/api.w.org\/{rel}","templated":true}]}}